{"id":72106,"date":"2025-06-09T15:57:04","date_gmt":"2025-06-09T14:57:04","guid":{"rendered":"https:\/\/www.achilles.com\/?page_id=72106"},"modified":"2025-06-10T13:01:08","modified_gmt":"2025-06-10T12:01:08","slug":"achilles-comply360","status":"publish","type":"page","link":"https:\/\/www.achilles.com\/fr\/achilles-comply360\/","title":{"rendered":"Achilles Comply360"},"content":{"rendered":"            <div class=\"content_section\">\r\n            <div class=\"container\">\r\n                <div class=\"content_wrap\">\r\n                    <div class=\"content_info ogo3\">\r\n                                                <h2 class=\"title_page\">Un reporting durable plus intelligent \u00e0 grande \u00e9chelle<\/h2>\r\n                                                <div class=\"typical_text\">\r\n                            <p>Avec Achilles Comply360, vous pouvez g\u00e9rer en toute confiance les rapports non financiers de votre organisation en les automatisant, en les structurant et en les contr\u00f4lant.<\/p>\n                        <\/div>\r\n                                                <div class=\"content_buttons\">\r\n                                                        <a class=\"btn btn_big\" href=\"www.achilles.com\/buyer-call-back\/\">R\u00e9servez votre d\u00e9mo<\/a>\r\n                                                        <a class=\"btn btn_big btn_white\" href=\"www.achilles.com\">T\u00e9l\u00e9chargez l&#8217;aper\u00e7u du produit<\/a>\r\n                                                    <\/div>\r\n                                            <\/div>\r\n                                        <div class=\"content_media align_edge\">\r\n                        <img decoding=\"async\" src=\"https:\/\/www.achilles.com\/app\/uploads\/2025\/06\/Comply360-platform.png\" alt=\"\">\r\n                    <\/div>\r\n                                    <\/div>\r\n            <\/div>\r\n        <\/div>\r\n    \n\n            <div class=\"content_section\">\r\n            <div class=\"container\">\r\n                <div class=\"content_wrap\">\r\n                    <div class=\"content_info ogo2\">\r\n                                                <p class=\"title_category\">COMMENT \u00c7A FONCTIONNE<\/p>\r\n                                                <h2 class=\"title_section\">Le reporting durable simplifi\u00e9<\/h2>\r\n                                                <div class=\"typical_text\">\r\n                            <p>Comply360 apporte clart\u00e9 et ma\u00eetrise au reporting extra-financier. Con\u00e7u pour les entreprises, il centralise les donn\u00e9es ESG et carbone, automatise les d\u00e9clarations gr\u00e2ce \u00e0 l\u2019intelligence artificielle et prend en charge le reporting selon les principaux cadres tels que la CSRD, les normes IFRS et le GRI. Que vous d\u00e9butiez dans la structuration de vos rapports ESG ou que vous \u00e9voluiez dans un environnement r\u00e9glementaire complexe, Comply360 rend la conformit\u00e9 plus simple, plus rapide et plus coh\u00e9rente.<\/p>\n                        <\/div>\r\n                                                <a class=\"btn btn_big\" href=\"#howitworks\">En savoir plus<\/a>\r\n                                            <\/div>\r\n\t\t\t\t\t\t\t\t\t\t\r\n                                        <div class=\"content_media\">\r\n                        <img decoding=\"async\" src=\"https:\/\/www.achilles.com\/app\/uploads\/2025\/06\/Sustainability-reporting3.png\" width=\"500\" alt=\"\">\r\n                    <\/div>\r\n                                    <\/div>\r\n            <\/div>\r\n        <\/div>\r\n    \n\n    <div class=\"content_section bg_grey\" id=\"howitworks\">\r\n        <div class=\"container\">\r\n                        <div class=\"description_section\">\r\n                                <h2 class=\"title_section\">Automatisez jusqu&#8217;\u00e0 94 % des divulgations ESG de votre entreprise gr\u00e2ce aux int\u00e9grations, aux t\u00e9l\u00e9chargements de fichiers et \u00e0 l&#8217;extraction de donn\u00e9es activ\u00e9e par l&#8217;IA.<\/h2>\r\n                            <\/div>\r\n                        <div class=\"features_wrap features_four\">\r\n                                <div class=\"feature_item\">\r\n                                        <div class=\"feature_item_icon\">\r\n                        <img decoding=\"async\" src=\"https:\/\/www.achilles.com\/app\/uploads\/2025\/03\/geopolitical-icon-1.png\" alt=\"an icon of a shield with a check mark on it\">\r\n                    <\/div>\r\n                                        <h3 class=\"feature_item_name\">Automatisation des rapports pilot\u00e9e par l&#8217;IA<\/h3>\r\n                                        <div class=\"typical_text\">\r\n                        <ul>\n<li>Moins d&#8217;erreurs<\/li>\n<li>Cycles d&#8217;\u00e9tablissement de rapports plus rapides<\/li>\n<li>Pr\u00e9paration \u00e0 l&#8217;audit int\u00e9gr\u00e9e<\/li>\n<\/ul>\n                    <\/div>\r\n                                        <a class=\"btn\" aria-label=\"Automatisation des rapports pilot\u00e9e par l'IA - En savoir plus\" href=\"#learnmore\">En savoir plus<\/a>\r\n                                    <\/div>\r\n                                <div class=\"feature_item\">\r\n                                        <div class=\"feature_item_icon\">\r\n                        <img decoding=\"async\" src=\"https:\/\/www.achilles.com\/app\/uploads\/2025\/02\/integration-icon.png\" alt=\"cloud above a computer screen, green icon\">\r\n                    <\/div>\r\n                                        <h3 class=\"feature_item_name\">Gestion rationalis\u00e9e des flux de travail<\/h3>\r\n                                        <div class=\"typical_text\">\r\n                        <ul>\n<li>Tableaux de bord personnalis\u00e9s<\/li>\n<li>Outils de collaboration int\u00e9gr\u00e9s<\/li>\n<li>Retour d&#8217;information en temps r\u00e9el et suivi des progr\u00e8s<\/li>\n<\/ul>\n                    <\/div>\r\n                                        <a class=\"btn\" aria-label=\"Gestion rationalis\u00e9e des flux de travail - En savoir plus\" href=\"#learnmore\">En savoir plus<\/a>\r\n                                    <\/div>\r\n                                <div class=\"feature_item\">\r\n                                        <div class=\"feature_item_icon\">\r\n                        <img decoding=\"async\" src=\"https:\/\/www.achilles.com\/app\/uploads\/2025\/02\/Carbon-Green-scales-weigh-icon.png\" alt=\"icon green. scales balancing CO2 and a lead\">\r\n                    <\/div>\r\n                                        <h3 class=\"feature_item_name\">Comptabilit\u00e9 carbone fiable<\/h3>\r\n                                        <div class=\"typical_text\">\r\n                        <ul>\n<li>Estimateur int\u00e9gr\u00e9 utilisant les facteurs de l&#8217;AIE et de Defra<\/li>\n<li>Utilise des donn\u00e9es op\u00e9rationnelles r\u00e9elles pour plus de pr\u00e9cision<\/li>\n<li>Prise en charge des rapports sur les champs d&#8217;application 1, 2 et 3&nbsp;<\/li>\n<\/ul>\n                    <\/div>\r\n                                        <a class=\"btn\" aria-label=\"Comptabilit\u00e9 carbone fiable - En savoir plus\" href=\"#learnmore\">En savoir plus<\/a>\r\n                                    <\/div>\r\n                                <div class=\"feature_item\">\r\n                                        <div class=\"feature_item_icon\">\r\n                        <img decoding=\"async\" src=\"https:\/\/www.achilles.com\/app\/uploads\/2025\/02\/Search-Systems-online-information-icon.png\" alt=\"Information icon\">\r\n                    <\/div>\r\n                                        <h3 class=\"feature_item_name\">Des r\u00e9sultats flexibles et align\u00e9s sur le cadre<\/h3>\r\n                                        <div class=\"typical_text\">\r\n                        <ul>\n<li>CSRD (double alignement sur la mat\u00e9rialit\u00e9)<\/li>\n<li>IFRS \/ GRI<\/li>\n<li>Divulgations sectorielles ou volontaires<\/li>\n<\/ul>\n                    <\/div>\r\n                                        <a class=\"btn\" aria-label=\"Des r\u00e9sultats flexibles et align\u00e9s sur le cadre - En savoir plus\" href=\"#learnmore\">En savoir plus<\/a>\r\n                                    <\/div>\r\n                            <\/div>\r\n                    <\/div>\r\n    <\/div>\r\n\n\n            <div class=\"content_section\">\r\n            <div class=\"container\">\r\n                <div class=\"content_wrap\">\r\n                    <div class=\"content_info ogo2\">\r\n                                                <h2 class=\"title_section\">Automatisation des rapports pilot\u00e9e par l&#8217;IA<\/h2>\r\n                                                <div class=\"typical_text\">\r\n                            <p>Utilisez les documents commerciaux existants tels que les politiques, les rapports et les d\u00e9clarations pour remplir automatiquement les informations num\u00e9riques, semi-narratives et narratives avec une<strong> pr\u00e9cision allant jusqu&#8217;\u00e0 94 %.<\/strong> Comply360 utilise une IA sp\u00e9cialis\u00e9e pour extraire les donn\u00e9es pertinentes et les aligner sur vos obligations de d\u00e9claration, ce qui permet de gagner du temps et de garantir la coh\u00e9rence.<\/p>\n                        <\/div>\r\n                                            <\/div>\r\n\t\t\t\t\t\t\t\t\t\t\r\n                                        <div class=\"content_media\">\r\n                        <img decoding=\"async\" src=\"https:\/\/www.achilles.com\/app\/uploads\/2025\/05\/dereeeeeeeeeeeeee-2.png\" width=\"500\" alt=\"\">\r\n                    <\/div>\r\n                                    <\/div>\r\n            <\/div>\r\n        <\/div>\r\n    \n\n            <div class=\"content_section\">\r\n            <div class=\"container\">\r\n                <div class=\"content_wrap right\">\r\n                    <div class=\"content_info ogo2\">\r\n                                                <h2 class=\"title_section\">Gestion optimis\u00e9e des flux de travail<\/h2>\r\n                                                <div class=\"typical_text\">\r\n                            <p>Transformez le reporting ESG en un processus structur\u00e9 et collaboratif, quelle que soit la taille de votre \u00e9quipe ou son niveau de maturit\u00e9 en mati\u00e8re de reporting. Attribuez les t\u00e2ches au niveau le plus adapt\u00e9 \u00e0 votre organisation : norme th\u00e9matique, sous-section ou point de donn\u00e9es individuel. Des tableaux de bord int\u00e9gr\u00e9s, des outils de collaboration et des boucles de r\u00e9troaction assurent l\u2019alignement et la responsabilit\u00e9 de chacun, du d\u00e9but \u00e0 la fin.<\/p>\n                        <\/div>\r\n                                            <\/div>\r\n\t\t\t\t\t\t\t\t\t\t\r\n                                        <div class=\"content_media\">\r\n                        <img decoding=\"async\" src=\"https:\/\/www.achilles.com\/app\/uploads\/2025\/05\/dereeeeeeeeeeeeee-1.png\" width=\"500\" alt=\"\">\r\n                    <\/div>\r\n                                    <\/div>\r\n            <\/div>\r\n        <\/div>\r\n    \n\n            <div class=\"content_section\">\r\n            <div class=\"container\">\r\n                <div class=\"content_wrap\">\r\n                    <div class=\"content_info ogo2\">\r\n                                                <h2 class=\"title_section\">Int\u00e9gration fluide des donn\u00e9es<\/h2>\r\n                                                <div class=\"typical_text\">\r\n                            <p>Tirez des donn\u00e9es de syst\u00e8mes ERP, de plates-formes tierces ou de r\u00e9f\u00e9rentiels internes. Combinez cela avec des entr\u00e9es manuelles, des t\u00e9l\u00e9chargements de fichiers ou des solutions Achilles existantes pour couvrir 100 % de vos besoins en mati\u00e8re de rapports.<\/p>\n                        <\/div>\r\n                                            <\/div>\r\n\t\t\t\t\t\t\t\t\t\t\r\n                                        <div class=\"content_media\">\r\n                        <img decoding=\"async\" src=\"https:\/\/www.achilles.com\/app\/uploads\/2025\/05\/dereeeeeeeeeeeeee.png\" width=\"500\" alt=\"\">\r\n                    <\/div>\r\n                                    <\/div>\r\n            <\/div>\r\n        <\/div>\r\n    \n\n            <div class=\"content_section\">\r\n            <div class=\"container\">\r\n                <div class=\"content_wrap right\">\r\n                    <div class=\"content_info ogo2\">\r\n                                                <h2 class=\"title_section\">Comptabilit\u00e9 carbone fiable<\/h2>\r\n                                                <div class=\"typical_text\">\r\n                            <p>Calculez les \u00e9missions \u00e0 l&#8217;aide de donn\u00e9es op\u00e9rationnelles r\u00e9elles, sans hypoth\u00e8ses. L&#8217;estimateur de carbone int\u00e9gr\u00e9 de Comply360 est aliment\u00e9 par les facteurs d&#8217;\u00e9mission de GES de l&#8217;AIE et de Defra pour garantir des informations cr\u00e9dibles et v\u00e9rifiables sur le carbone. \u00c9galement disponible : bundle avec <a href=\"https:\/\/www.achilles.com\/fr\/achilles-carbon-accounting\/\">Achilles Carbon Accounting<\/a> pour une couverture compl\u00e8te des champs d&#8217;application 1, 2 et 3.<\/p>\n                        <\/div>\r\n                                            <\/div>\r\n\t\t\t\t\t\t\t\t\t\t\r\n                                        <div class=\"content_media\">\r\n                        <img decoding=\"async\" src=\"https:\/\/www.achilles.com\/app\/uploads\/2025\/05\/Untitled-design-19.png\" width=\"500\" alt=\"\">\r\n                    <\/div>\r\n                                    <\/div>\r\n            <\/div>\r\n        <\/div>\r\n    \n\n            <div class=\"content_section\">\r\n            <div class=\"container\">\r\n                <div class=\"content_wrap\">\r\n                    <div class=\"content_info ogo2\">\r\n                                                <h2 class=\"title_section\">R\u00e9sultats flexibles, align\u00e9s sur les cadres de r\u00e9f\u00e9rence<\/h2>\r\n                                                <div class=\"typical_text\">\r\n                            <p>Qu&#8217;il s&#8217;agisse de rapports CSRD, IFRS, GRI ou de r\u00e9f\u00e9rences ESG internes, Comply360 vous permet de cr\u00e9er des rapports align\u00e9s sur votre double \u00e9valuation de mat\u00e9rialit\u00e9 et de les exporter dans des formats pr\u00eats pour un audit, une assurance et une soumission par une tierce partie.<\/p>\n                        <\/div>\r\n                                            <\/div>\r\n\t\t\t\t\t\t\t\t\t\t\r\n                                        <div class=\"content_media\">\r\n                        <img decoding=\"async\" src=\"https:\/\/www.achilles.com\/app\/uploads\/2025\/05\/Untitled-design-18.png\" width=\"500\" alt=\"\">\r\n                    <\/div>\r\n                                    <\/div>\r\n            <\/div>\r\n        <\/div>\r\n    \n\n            <div class=\"hero_section\">\r\n           <div class=\"hero_media\">\r\n                                <img decoding=\"async\" src=\"https:\/\/www.achilles.com\/app\/uploads\/2025\/04\/AI-Infocontrol.png\" alt=\"\">\r\n                            <\/div>\r\n            <div class=\"container\">\r\n                <div class=\"hero_wrapper\">\r\n                    <div class=\"hero_info\">\r\n                                                <h2 class=\"title_section\">En savoir plus sur Achilles AI<\/h2>\r\n                                                <h5 class=\"title_small\">Comment Achilles utilise l\u2019IA pour transformer la gestion des risques fournisseurs<\/h5>\r\n                                                <div class=\"typical_text middle_text\">\r\n                            <p>Les organisations sont confront\u00e9es \u00e0 une pression croissante pour obtenir une meilleure visibilit\u00e9 de leurs cha\u00eenes d&#8217;approvisionnement, sans pour autant augmenter la charge de travail administratif. Achilles soutient ce changement en appliquant l&#8217;intelligence artificielle (IA) pour simplifier la collecte de donn\u00e9es et l&#8217;engagement des fournisseurs.<\/p>\r\n                        <\/div>\r\n                                                <div class=\"content_buttons\">\r\n                                                        <a class=\"btn btn_big\" aria-label=\" - En savoir plus\" href=\"\/fr\/informations-sectorielles\/comment-achilles-utilise-lintelligence-artificielle-pour-transformer-la-gestion-des-risques-fournisseurs\/\">En savoir plus<\/a>\r\n                                                    <\/div>\r\n                                            <\/div>\r\n                <\/div>\r\n            <\/div>\r\n        <\/div>\r\n    \n\n    <div class=\"content_section\">\r\n        <div class=\"container\">\r\n                        <div class=\"posts_panel\">\r\n                <div class=\"description_section\">\r\n                                        <p class=\"title_category\">Nouvelles<\/p>\r\n                     \r\n                    <h2 class=\"title_section\">S\u00e9lectionn\u00e9 pour vous<\/h2>\r\n                                    <\/div>\r\n                            <\/div>\r\n                                    <div class=\"posts_wrap\">\r\n                                <div class=\"post_item\">\r\n                    <div class=\"post_item_top\">\r\n                                                <a class=\"post_item_img\" href=\"https:\/\/www.achilles.com\/fr\/lenquete-mondiale-dachilles-revele-dimportantes-lacunes-de-visibilite-dans-les-chaines-dapprovisionnement\/\">\r\n                            <img decoding=\"async\" src=\"https:\/\/www.achilles.com\/app\/uploads\/2026\/03\/Web-page-top-banner-thumbnail-of-Achilles-Global-Supplier-Risk-and-Sustainability-Survey-2026.jpg\" alt=\"L&#8217;enqu\u00eate mondiale d&#8217;Achilles r\u00e9v\u00e8le d&#8217;importantes lacunes de visibilit\u00e9 dans les cha\u00eenes d&#8217;approvisionnement\">\r\n                        <\/a>\r\n                                                <ul class=\"post_item_categories\">\r\n                                                        <li>Communiqu\u00e9s de presse<\/li>\r\n                                                        <li>Informations sectorielles<\/li>\r\n                                                    <\/ul>\r\n                    <\/div>\r\n                    <a class=\"post_item_name\" href=\"https:\/\/www.achilles.com\/fr\/lenquete-mondiale-dachilles-revele-dimportantes-lacunes-de-visibilite-dans-les-chaines-dapprovisionnement\/\">L&#8217;enqu\u00eate mondiale d&#8217;Achilles r\u00e9v\u00e8le d&#8217;importantes lacunes de visibilit\u00e9 dans les cha\u00eenes d&#8217;approvisionnement<\/a>\r\n                <\/div>\r\n                                <div class=\"post_item\">\r\n                    <div class=\"post_item_top\">\r\n                                                <a class=\"post_item_img\" href=\"https:\/\/www.achilles.com\/fr\/le-rapport-annuel-sur-le-risque-et-la-durabilite-dachilles-2026\/\">\r\n                            <img decoding=\"async\" src=\"https:\/\/www.achilles.com\/app\/uploads\/2026\/03\/Web-page-top-banner-thumbnail-of-Achilles-Global-Supplier-Risk-and-Sustainability-Survey-2026.jpg\" alt=\"Le Rapport Annuel sur le Risque et la Durabilit\u00e9 d&#8217;Achilles 2026\">\r\n                        <\/a>\r\n                                                <ul class=\"post_item_categories\">\r\n                                                        <li>Guides<\/li>\r\n                                                        <li>Informations sectorielles<\/li>\r\n                                                    <\/ul>\r\n                    <\/div>\r\n                    <a class=\"post_item_name\" href=\"https:\/\/www.achilles.com\/fr\/le-rapport-annuel-sur-le-risque-et-la-durabilite-dachilles-2026\/\">Le Rapport Annuel sur le Risque et la Durabilit\u00e9 d&#8217;Achilles 2026<\/a>\r\n                <\/div>\r\n                                <div class=\"post_item\">\r\n                    <div class=\"post_item_top\">\r\n                                                <a class=\"post_item_img\" href=\"https:\/\/www.achilles.com\/fr\/informations-sectorielles\/finance-durable-chaine-approvisionnement\/\">\r\n                            <img decoding=\"async\" src=\"https:\/\/www.achilles.com\/app\/uploads\/2026\/03\/ESG-finance-1.jpg\" alt=\"La finance durable \u00e0 la loupe : pourquoi la cha\u00eene d\u2019approvisionnement gagne en importance dans l&#8217;ESG\">\r\n                        <\/a>\r\n                                                <ul class=\"post_item_categories\">\r\n                                                        <li>Articles<\/li>\r\n                                                        <li>Informations sectorielles<\/li>\r\n                                                    <\/ul>\r\n                    <\/div>\r\n                    <a class=\"post_item_name\" href=\"https:\/\/www.achilles.com\/fr\/informations-sectorielles\/finance-durable-chaine-approvisionnement\/\">La finance durable \u00e0 la loupe : pourquoi la cha\u00eene d\u2019approvisionnement gagne en importance dans l&#8217;ESG<\/a>\r\n                <\/div>\r\n                            <\/div>\r\n                    <\/div>\r\n    <\/div>\r\n\n\n    <div class=\"request_section\" id=\"learnmore\">\r\n        <div class=\"contact_bg\">\r\n                        <img decoding=\"async\" src=\"https:\/\/www.achilles.com\/app\/uploads\/2024\/02\/AdobeStock_566680234-scaled.jpeg\" alt=\"Carbon emissions\">\r\n                    <\/div>\r\n        <div class=\"container\">\r\n            <div class=\"request_inner\">\r\n                                <div class=\"request_wrapper\">\r\n                <h2 class=\"title_section\">Vous \u00eates pr\u00eat \u00e0 simplifier l&#8217;\u00e9tablissement des rapports sur le d\u00e9veloppement durable ?<\/h2>\r\n                <\/div>\r\n                                <div class=\"request_box\">\r\n                    <script charset=\"utf-8\" type=\"text\/javascript\" src=\"\/\/js.hsforms.net\/forms\/embed\/v2.js\"><\/script>\r\n<script>\r\n  hbspt.forms.create({\r\n    portalId: \"5387762\",\r\n    formId: \"1e0839c4-29f8-48a7-a35a-0c09c54a2433\",\r\n    region: \"na1\"\r\n  });\r\n<\/script>                <\/div>\r\n            <\/div>\r\n        <\/div>\r\n    <\/div>\r\n\r\n","protected":false},"excerpt":{"rendered":"","protected":false},"author":24,"featured_media":0,"parent":0,"menu_order":0,"comment_status":"closed","ping_status":"closed","template":"","meta":{"_acf_changed":true,"content-type":"","footnotes":""},"class_list":["post-72106","page","type-page","status-publish","hentry"],"acf":[],"_links":{"self":[{"href":"https:\/\/www.achilles.com\/fr\/wp-json\/wp\/v2\/pages\/72106","targetHints":{"allow":["GET"]}}],"collection":[{"href":"https:\/\/www.achilles.com\/fr\/wp-json\/wp\/v2\/pages"}],"about":[{"href":"https:\/\/www.achilles.com\/fr\/wp-json\/wp\/v2\/types\/page"}],"author":[{"embeddable":true,"href":"https:\/\/www.achilles.com\/fr\/wp-json\/wp\/v2\/users\/24"}],"replies":[{"embeddable":true,"href":"https:\/\/www.achilles.com\/fr\/wp-json\/wp\/v2\/comments?post=72106"}],"version-history":[{"count":0,"href":"https:\/\/www.achilles.com\/fr\/wp-json\/wp\/v2\/pages\/72106\/revisions"}],"wp:attachment":[{"href":"https:\/\/www.achilles.com\/fr\/wp-json\/wp\/v2\/media?parent=72106"}],"curies":[{"name":"wp","href":"https:\/\/api.w.org\/{rel}","templated":true}]}}