{"id":67627,"date":"2025-03-31T08:34:36","date_gmt":"2025-03-31T07:34:36","guid":{"rendered":"https:\/\/www.achilles.com\/?page_id=67627"},"modified":"2025-04-09T11:14:42","modified_gmt":"2025-04-09T10:14:42","slug":"programme-de-developpement-esg-pour-les-fournisseurs","status":"publish","type":"page","link":"https:\/\/www.achilles.com\/fr\/programme-de-developpement-esg-pour-les-fournisseurs\/","title":{"rendered":"Programme de d\u00e9veloppement ESG pour les fournisseurs"},"content":{"rendered":"    <div class=\"top_section\">\n        <div class=\"container\">\n            <div class=\"top_info half\">\n                                    <h1 class=\"top_title\">Programme de d\u00e9veloppement ESG pour les fournisseurs<br \/>\r\n<\/h1>\n                                    <div class=\"top_text\">\n                        <p>\u00c9levez les standards ESG de votre entreprise pour vous d\u00e9marquer de la concurrence et r\u00e9pondre aux attentes du march\u00e9.<\/p>\n                    <\/div>\n                                    <div class=\"top_buttons\">\n                                                    <a class=\"btn btn_big\" href=\"#solicitallamada\">Demander un appel<\/a>\n                                            <\/div>\n                            <\/div>\n        <\/div>\n        <div class=\"top_media\">\n\t\t\t            <img decoding=\"async\" src=\"https:\/\/www.achilles.com\/app\/uploads\/2024\/05\/AdobeStock_477138341-scaled.jpeg\" alt=\"\">\n                    <\/div>\n    <\/div>\n\n\n            <div class=\"content_section\">\r\n            <div class=\"container\">\r\n                <div class=\"content_wrap\">\r\n                    <div class=\"content_info ogo2\">\r\n                                                <p class=\"title_category\">Am\u00e9liorez vos standards ESG<\/p>\r\n                                                <h2 class=\"title_section\">Votre opportunit\u00e9 de vous diff\u00e9rencier en tant que fournisseur<\/h2>\r\n                                                <div class=\"typical_text\">\r\n                            <p>De plus en plus d&#8217;entreprises exigent de leurs fournisseurs qu\u2019ils d\u00e9montrent un r\u00e9el engagement en mati\u00e8re de durabilit\u00e9. Am\u00e9liorer vos performances ESG vous permet de vous distinguer de la concurrence, de gagner en visibilit\u00e9 sur des plateformes comme Achilles, et d\u2019augmenter vos chances d\u2019\u00eatre s\u00e9lectionn\u00e9 par de grandes organisations qui placent la durabilit\u00e9 au c\u0153ur de leurs d\u00e9cisions d\u2019achat. En participant au programme de d\u00e9veloppement ESG, vous am\u00e9liorez non seulement votre score, mais vous d\u00e9montrez aussi votre engagement envers une gestion responsable \u2014 ce qui peut vous ouvrir de nouvelles portes et renforcer vos relations commerciales \u00e0 long terme.<\/p>\n                        <\/div>\r\n                                            <\/div>\r\n\t\t\t\t\t\t\t\t\t\t\r\n                                        <div class=\"content_media\">\r\n                        <img decoding=\"async\" src=\"https:\/\/www.achilles.com\/app\/uploads\/2023\/06\/ESG-must-sit-at-the-heart-of-the-supply-chain-scaled-1-1.jpg\" alt=\"ESG training-green leaves\">\r\n                    <\/div>\r\n                                    <\/div>\r\n            <\/div>\r\n        <\/div>\r\n    \n\n\n<ul class=\"wp-block-list\">\n<li><\/li>\n<\/ul>\n\n\n    <div class=\"content_section\">\r\n        <div class=\"container\">\r\n            <div class=\"services_wrap\">\r\n                                <div class=\"services_left\">\r\n                                        <p class=\"title_category\">Comment cela fonctionne<\/p>\r\n                                        <h2 class=\"title_section\">Flexible. Accessible. Transparent.<\/h2>\r\n                                        <div class=\"typical_text\">\r\n                        <p><img loading=\"lazy\" decoding=\"async\" class=\"alignnone size-full wp-image-67070\" src=\"https:\/\/uat.achilles.com\/app\/uploads\/2025\/03\/EN.png\" alt=\"\" width=\"1280\" height=\"720\" \/><\/p>\n                    <\/div>\r\n                                    <\/div>\r\n                                <div class=\"services_right\">\r\n                    <div class=\"services_list\">\r\n                                                <div class=\"service_box\">\r\n                                                        <p class=\"service_box_name\">\r\n                                <span class=\"service_box_check icon-Success\"><\/span>\r\n                                R\u00e9union initiale avec l\u2019auditeur                            <\/p>\r\n                                                        <div class=\"typical_text\">\r\n                                <p>Un auditeur Achilles validera vos r\u00e9ponses au questionnaire ESG. Vous devrez fournir des preuves pour chaque d\u00e9claration.<\/p>\r\n                            <\/div>\r\n                                                    <\/div>\r\n                                                <div class=\"service_box\">\r\n                                                        <p class=\"service_box_name\">\r\n                                <span class=\"service_box_check icon-Success\"><\/span>\r\n                                Plan d&#8217;am\u00e9lioration personnalis\u00e9                            <\/p>\r\n                                                        <div class=\"typical_text\">\r\n                                <p>Une fois le rapport obtenu, vous recevrez un plan ax\u00e9 sur les points n\u00e9cessitant des actions correctives.<\/p>\r\n                            <\/div>\r\n                                                    <\/div>\r\n                                                <div class=\"service_box\">\r\n                                                        <p class=\"service_box_name\">\r\n                                <span class=\"service_box_check icon-Success\"><\/span>\r\n                                Suivi continu                            <\/p>\r\n                                                        <div class=\"typical_text\">\r\n                                <p>Gr\u00e2ce au Module de Suivi des Non-Conformit\u00e9s sur la plateforme Achilles, vous pourrez t\u00e9l\u00e9charger de nouvelles preuves et suivre clairement vos progr\u00e8s.<\/p>\r\n                            <\/div>\r\n                                                    <\/div>\r\n                                                <div class=\"service_box\">\r\n                                                        <p class=\"service_box_name\">\r\n                                <span class=\"service_box_check icon-Success\"><\/span>\r\n                                V\u00e9rification finale                            <\/p>\r\n                                                        <div class=\"typical_text\">\r\n                                <p>L\u2019auditeur examinera les preuves, validera les progr\u00e8s r\u00e9alis\u00e9s et cl\u00f4turera les actions du plan d\u2019am\u00e9lioration.<\/p>\r\n                            <\/div>\r\n                                                    <\/div>\r\n                                            <\/div>\r\n                <\/div>\r\n                            <\/div>\r\n        <\/div>\r\n    <\/div>\r\n\n\n    <div class=\"content_section\">\r\n        <div class=\"container\">\r\n                        <div class=\"description_section big center\">\r\n                                <h2 class=\"title_section\">Ce que disent les clients d\u2019Achilles du programme<\/h2>\r\n                            <\/div>\r\n                                    <div class=\"features_wrap\">\r\n                                <div class=\"feature_item center\">\r\n                                        <div class=\"feature_item_icon\">\r\n                        <img decoding=\"async\" src=\"https:\/\/www.achilles.com\/app\/uploads\/2025\/03\/logo-caixabank.png\" alt=\"CaixaBank\">\r\n                    <\/div>\r\n                                        <h3 class=\"feature_item_name\">Irene Tej\u00f3n, Transformation et Contr\u00f4le de Gestion, CaixaBank<\/h3>\r\n                                        <div class=\"typical_text middle_text\">\r\n                        <p>\u201cGr\u00e2ce \u00e0 ce programme de d\u00e9veloppement, les entreprises sont mieux pr\u00e9par\u00e9es \u00e0 atteindre nos objectifs de durabilit\u00e9, tout en renfor\u00e7ant leur position sur le march\u00e9 aupr\u00e8s de leurs autres clients.\u201d<\/p>\r\n                    <\/div>\r\n                                        <a class=\"btn btn_big\" aria-label=\"Irene Tej\u00f3n, Transformation et Contr\u00f4le de Gestion, CaixaBank - Lire le cas de succ\u00e8s\" href=\"https:\/\/www.achilles.com\/es\/informacion-sectorial\/caixabank-asegura-las-credenciales-esg-de-sus-proveedores-con-achilles\/\">Lire le cas de succ\u00e8s<\/a>\r\n                                    <\/div>\r\n                                <div class=\"feature_item center\">\r\n                                        <div class=\"feature_item_icon\">\r\n                        <img decoding=\"async\" src=\"https:\/\/www.achilles.com\/app\/uploads\/2023\/07\/ERG_logo_2020.png\" alt=\"ERG logo\">\r\n                    <\/div>\r\n                                        <h3 class=\"feature_item_name\">Anna Campi, Head of Procurement, ERG<\/h3>\r\n                                        <div class=\"typical_text middle_text\">\r\n                        <p>\u201cLes progr\u00e8s constants de nos fournisseurs ann\u00e9e apr\u00e8s ann\u00e9e refl\u00e8tent la croissance solide des entreprises accompagn\u00e9es par Achilles. L\u2019une d\u2019entre elles a augment\u00e9 son score de plus de 100 %, d\u00e9montrant ainsi sa compr\u00e9hension de l\u2019importance de son activit\u00e9 et amor\u00e7ant un cercle vertueux.\u201d<\/p>\r\n                    <\/div>\r\n                                        <a class=\"btn btn_big\" aria-label=\"Anna Campi, Head of Procurement, ERG - Lire le cas de succ\u00e8s\" href=\"https:\/\/www.achilles.com\/es\/informacion-sectorial\/mejora-de-la-sostenibilidad-de-los-proveedores-de-erg-gracias-a-achilles\/\">Lire le cas de succ\u00e8s<\/a>\r\n                                    <\/div>\r\n                                <div class=\"feature_item center\">\r\n                                        <div class=\"feature_item_icon\">\r\n                        <img decoding=\"async\" src=\"https:\/\/www.achilles.com\/app\/uploads\/2025\/03\/Lightsource-bp-ok.png\" alt=\"Lightsource bp logo\">\r\n                    <\/div>\r\n                                        <h3 class=\"feature_item_name\">Mar Bernal, Responsable mondiale de la durabilit\u00e9 de la cha\u00eene d\u2019approvisionnement, Lightsource bp<\/h3>\r\n                                        <div class=\"typical_text middle_text\">\r\n                        <p>\u201cL\u2019un de vos points forts, au-del\u00e0 de la qualit\u00e9 humaine de l\u2019\u00e9quipe, est que le processus est global : de la planification \u00e0 la cl\u00f4ture et au suivi des non-conformit\u00e9s.\u201d<\/p>\r\n                    <\/div>\r\n                                        <a class=\"btn btn_big\" aria-label=\"Mar Bernal, Responsable mondiale de la durabilit\u00e9 de la cha\u00eene d\u2019approvisionnement, Lightsource bp - Lire le cas de succ\u00e8s\" href=\"https:\/\/www.achilles.com\/es\/informacion-sectorial\/lightsource-bp-sostenibilidad-cadena-de-suministro\/\">Lire le cas de succ\u00e8s<\/a>\r\n                                    <\/div>\r\n                            <\/div>\r\n                                <\/div>\r\n    <\/div>\r\n\n\n    <div class=\"content_section\">\r\n        <div class=\"container\">\r\n                        <div class=\"description_section\">\r\n                                <p class=\"title_category\">Quels sont les b\u00e9n\u00e9fices pour vous?<\/p>\r\n                                <h2 class=\"title_section\">L\u2019accompagnement dont vous avez besoin pour am\u00e9liorer vos standards ESG<\/h2>\r\n                            <\/div>\r\n                        <div class=\"features_wrap features_four\">\r\n                                <div class=\"feature_item\">\r\n                                        <div class=\"feature_item_icon\">\r\n                        <img decoding=\"async\" src=\"https:\/\/www.achilles.com\/app\/uploads\/2025\/02\/Search-Systems-online-information-icon.png\" alt=\"Information icon\">\r\n                    <\/div>\r\n                                        <h3 class=\"feature_item_name\">Identifiez vos axes d\u2019am\u00e9lioration<\/h3>\r\n                                        <div class=\"typical_text\">\r\n                        <p>\u00c9valuez vos pratiques ESG gr\u00e2ce au questionnaire d\u2019Achilles et identifiez rapidement les aspects \u00e0 renforcer.<\/p>\n                    <\/div>\r\n                                    <\/div>\r\n                                <div class=\"feature_item\">\r\n                                        <div class=\"feature_item_icon\">\r\n                        <img decoding=\"async\" src=\"https:\/\/www.achilles.com\/app\/uploads\/2025\/02\/Relationships-icon.png\" alt=\"Relationships icon\">\r\n                    <\/div>\r\n                                        <h3 class=\"feature_item_name\">Connaissez votre position sur le march\u00e9<\/h3>\r\n                                        <div class=\"typical_text\">\r\n                        <p>Comparez votre score ESG avec celui d&#8217;autres fournisseurs de votre secteur et comprenez comment vos clients vous per\u00e7oivent.<\/p>\n                    <\/div>\r\n                                    <\/div>\r\n                                <div class=\"feature_item\">\r\n                                        <div class=\"feature_item_icon\">\r\n                        <img decoding=\"async\" src=\"https:\/\/www.achilles.com\/app\/uploads\/2025\/02\/Bespoke_SolutionsAus_Icon.png\" alt=\"\">\r\n                    <\/div>\r\n                                        <h3 class=\"feature_item_name\">\u00c9laborez un plan d\u2019action clair<\/h3>\r\n                                        <div class=\"typical_text\">\r\n                        <p>Collaborez avec un auditeur pour concevoir un plan d&#8217;am\u00e9lioration ax\u00e9 sur les domaines o\u00f9 vous ne pouvez pas encore d\u00e9montrer votre conformit\u00e9 aux crit\u00e8res ESG.<\/p>\n                    <\/div>\r\n                                    <\/div>\r\n                                <div class=\"feature_item\">\r\n                                        <div class=\"feature_item_icon\">\r\n                        <img decoding=\"async\" src=\"https:\/\/www.achilles.com\/app\/uploads\/2025\/02\/excellence-icon.png\" alt=\"rosette icon\">\r\n                    <\/div>\r\n                                        <h3 class=\"feature_item_name\">Apportez des preuves et gagnez en cr\u00e9dibilit\u00e9<\/h3>\r\n                                        <div class=\"typical_text\">\r\n                        <p>T\u00e9l\u00e9chargez vos progr\u00e8s sur la plateforme et validez-les avec un auditeur. Renforcez votre r\u00e9putation avec des donn\u00e9es v\u00e9rifiables.<\/p>\n                    <\/div>\r\n                                    <\/div>\r\n                            <\/div>\r\n                    <\/div>\r\n    <\/div>\r\n\n\n    <div class=\"request_section\" id=\"solicitallamada\">\r\n        <div class=\"contact_bg\">\r\n                        <img decoding=\"async\" src=\"https:\/\/www.achilles.com\/app\/uploads\/2025\/02\/ESG.png\" alt=\"Wooden blocks with environment social and governance with icons for each sat on green grass\">\r\n                    <\/div>\r\n        <div class=\"container\">\r\n            <div class=\"request_inner\">\r\n                                <div class=\"request_wrapper\">\r\n                <h2 class=\"title_section\">Demander un appel<\/h2>\r\n                <\/div>\r\n                                <div class=\"request_box\">\r\n                                        <div class=\"typical_text\">\r\n                        <p>Am\u00e9liorez vos performances ESG gr\u00e2ce \u00e0 une approche personnalis\u00e9e, transparente et efficace.<\/p>\r\n                    <\/div>\r\n                    <script charset=\"utf-8\" type=\"text\/javascript\" src=\"\/\/js.hsforms.net\/forms\/embed\/v2.js\"><\/script>\r\n<script>\r\n  hbspt.forms.create({\r\n    region: \"na1\",\r\n    portalId: \"5387762\",\r\n    formId: \"1e0839c4-29f8-48a7-a35a-0c09c54a2433\"\r\n  });\r\n<\/script>                <\/div>\r\n            <\/div>\r\n        <\/div>\r\n    <\/div>\r\n\r\n","protected":false},"excerpt":{"rendered":"","protected":false},"author":24,"featured_media":0,"parent":0,"menu_order":0,"comment_status":"closed","ping_status":"closed","template":"","meta":{"_acf_changed":true,"content-type":"","footnotes":""},"class_list":["post-67627","page","type-page","status-publish","hentry"],"acf":[],"_links":{"self":[{"href":"https:\/\/www.achilles.com\/fr\/wp-json\/wp\/v2\/pages\/67627","targetHints":{"allow":["GET"]}}],"collection":[{"href":"https:\/\/www.achilles.com\/fr\/wp-json\/wp\/v2\/pages"}],"about":[{"href":"https:\/\/www.achilles.com\/fr\/wp-json\/wp\/v2\/types\/page"}],"author":[{"embeddable":true,"href":"https:\/\/www.achilles.com\/fr\/wp-json\/wp\/v2\/users\/24"}],"replies":[{"embeddable":true,"href":"https:\/\/www.achilles.com\/fr\/wp-json\/wp\/v2\/comments?post=67627"}],"version-history":[{"count":0,"href":"https:\/\/www.achilles.com\/fr\/wp-json\/wp\/v2\/pages\/67627\/revisions"}],"wp:attachment":[{"href":"https:\/\/www.achilles.com\/fr\/wp-json\/wp\/v2\/media?parent=67627"}],"curies":[{"name":"wp","href":"https:\/\/api.w.org\/{rel}","templated":true}]}}