{"id":67456,"date":"2024-10-03T11:28:20","date_gmt":"2024-10-03T10:28:20","guid":{"rendered":"https:\/\/www.achilles.com\/?page_id=67456"},"modified":"2025-04-29T15:03:56","modified_gmt":"2025-04-29T14:03:56","slug":"mesurer-et-declarer-les-emissions-de-carbone","status":"publish","type":"page","link":"https:\/\/www.achilles.com\/fr\/mesurer-et-declarer-les-emissions-de-carbone\/","title":{"rendered":"Mesure et d\u00e9claration des \u00e9missions de carbone"},"content":{"rendered":"    <div class=\"top_section\">\n        <div class=\"container\">\n            <div class=\"top_info\">\n                                    <h1 class=\"top_title\">R\u00e9duit au minimum l&#8217;impact des \u00e9missions de carbone gr\u00e2ce \u00e0 des calculs et des mesures pr\u00e9cis.<\/h1>\n                                    <div class=\"top_text\">\n                        <p class=\"\" data-start=\"113\" data-end=\"450\">La mesure et la r\u00e9duction du carbone n\u2019ont pas besoin d\u2019\u00eatre complexes. Achilles accompagne les entreprises de toutes tailles pour mesurer, r\u00e9duire et d\u00e9clarer leurs \u00e9missions carbone en toute simplicit\u00e9. Fixez des objectifs carbone fond\u00e9s sur la science, faites de r\u00e9els progr\u00e8s et contribuez concr\u00e8tement \u00e0 vos objectifs de durabilit\u00e9.<\/p>\n                    <\/div>\n                                    <div class=\"top_buttons\">\n                                                    <a target=\"_blank\" class=\"btn btn_big\" href=\"https:\/\/www.achilles.com\/fr\/nous-joindre\/\">R\u00e9servez une consultation carbone<\/a>\n                                            <\/div>\n                            <\/div>\n        <\/div>\n        <div class=\"top_media\">\n\t\t\t            <img decoding=\"async\" src=\"https:\/\/www.achilles.com\/app\/uploads\/2024\/10\/carbon-banner.png\" alt=\"a pair of footprints in the middle of a green field\">\n                    <\/div>\n    <\/div>\n\n\n            <div class=\"content_section\">\r\n            <div class=\"container\">\r\n                <div class=\"content_wrap\">\r\n                    <div class=\"content_info ogo2\">\r\n                                                <p class=\"title_category\">Commencez votre parcours: \u00c9tablissez une base et r\u00e9duisez vos \u00e9missions carbone<\/p>\r\n                                                <h2 class=\"title_page\">Le Achilles Carbon Management Module<\/h2>\r\n                                                <div class=\"typical_text\">\r\n                            <p>Le Achilles Carbon Management Module est con\u00e7u pour aider les entreprises \u00e0 prendre le contr\u00f4le de leur trajectoire carbone, en leur fournissant un moyen de mesurer leur point de d\u00e9part et de r\u00e9duire leurs \u00e9missions. Que vous d\u00e9butiez votre parcours de durabilit\u00e9 ou que vous cherchiez \u00e0 renforcer vos efforts actuels, nous proposons un outil simple et efficace pour mesurer, g\u00e9rer et r\u00e9duire votre empreinte carbone. En accompagnant la fixation d\u2019objectifs carbone fond\u00e9s sur la science, les fournisseurs peuvent r\u00e9duire leurs \u00e9missions en toute confiance et d\u00e9montrer leur engagement en mati\u00e8re de durabilit\u00e9.<\/p>\n                        <\/div>\r\n                                            <\/div>\r\n\t\t\t\t\t                    <div class=\"content_media_video\">\r\n                        <video  autoplay muted playsinline loop>\r\n                                        <source src=\"https:\/\/www.achilles.com\/app\/uploads\/2025\/01\/carbon-module-1.mp4\" type=\"video\/mp4\">\r\n                                        \r\n                                    <\/video>\r\n                    <\/div>\r\n                    \t\t\t\t\t\r\n                                    <\/div>\r\n            <\/div>\r\n        <\/div>\r\n    \n\n    <div class=\"content_section bg_grey\">\r\n        <div class=\"container\">\r\n                        <div class=\"description_section\">\r\n                                <h2 class=\"title_section\">Fonctionnement du Achilles Carbon Management Module<\/h2>\r\n                            <\/div>\r\n                        <div class=\"features_wrap\">\r\n                                <div class=\"feature_item\">\r\n                                        <h3 class=\"feature_item_name\">Accompagnement \u00e9tape par \u00e9tape<\/h3>\r\n                                        <div class=\"typical_text\">\r\n                        <p><img loading=\"lazy\" decoding=\"async\" class=\"alignnone size-full wp-image-50626 aligncenter\" src=\"https:\/\/www.achilles.com\/wp\/wp-content\/uploads\/2024\/10\/carbon-3.png\" alt=\"Imprimer avec des chiffres\" width=\"200\" height=\"200\" srcset=\"https:\/\/www.achilles.com\/app\/uploads\/2024\/10\/carbon-3.png 200w, https:\/\/www.achilles.com\/app\/uploads\/2024\/10\/carbon-3-150x150.png 150w\" sizes=\"auto, (max-width: 200px) 100vw, 200px\" \/><\/p>\n<p>Achilles fournit une liste compl\u00e8te de questions pour aider les entreprises \u00e0 collecter les donn\u00e9es brutes n\u00e9cessaires \u00e0 la mesure de leur empreinte carbone. Ces donn\u00e9es incluent notamment la consommation de carburant, d\u2019\u00e9lectricit\u00e9 et d\u2019autres sources d\u2019\u00e9missions.<\/p>\n                    <\/div>\r\n                                    <\/div>\r\n                                <div class=\"feature_item\">\r\n                                        <h3 class=\"feature_item_name\">Calculateur d\u2019empreinte carbone<\/h3>\r\n                                        <div class=\"typical_text\">\r\n                        <p><img loading=\"lazy\" decoding=\"async\" class=\"alignnone size-full wp-image-50606 aligncenter\" src=\"https:\/\/www.achilles.com\/wp\/wp-content\/uploads\/2024\/10\/carbon-5.png\" alt=\"capteur de carbone\" width=\"200\" height=\"200\" srcset=\"https:\/\/www.achilles.com\/app\/uploads\/2024\/10\/carbon-5.png 200w, https:\/\/www.achilles.com\/app\/uploads\/2024\/10\/carbon-5-150x150.png 150w\" sizes=\"auto, (max-width: 200px) 100vw, 200px\" \/><\/p>\n<p>Notre calculateur \u00e9conomique utilise des algorithmes reconnus \u00e0 l\u2019\u00e9chelle mondiale, garantissant un suivi pr\u00e9cis des \u00e9missions et la conformit\u00e9 aux normes internationales telles que le Greenhouse Gas Protocol.<\/p>\n                    <\/div>\r\n                                    <\/div>\r\n                                <div class=\"feature_item\">\r\n                                        <h3 class=\"feature_item_name\">Analyses carbone d\u00e9taill\u00e9es<\/h3>\r\n                                        <div class=\"typical_text\">\r\n                        <p><img loading=\"lazy\" decoding=\"async\" class=\"alignnone size-full wp-image-50656 aligncenter\" src=\"https:\/\/www.achilles.com\/wp\/wp-content\/uploads\/2024\/10\/carbon-6.png\" alt=\"icona del grafico a barre\" width=\"200\" height=\"200\" srcset=\"https:\/\/www.achilles.com\/app\/uploads\/2024\/10\/carbon-6.png 200w, https:\/\/www.achilles.com\/app\/uploads\/2024\/10\/carbon-6-150x150.png 150w\" sizes=\"auto, (max-width: 200px) 100vw, 200px\" \/><\/p>\n<p>Exploitez des informations claires et exploitables pour \u00e9valuer vos progr\u00e8s, suivre votre performance dans le temps et prioriser les strat\u00e9gies de r\u00e9duction.<\/p>\n                    <\/div>\r\n                                    <\/div>\r\n                            <\/div>\r\n                    <\/div>\r\n    <\/div>\r\n\n\n            <div class=\"content_section\">\r\n            <div class=\"container\">\r\n                <div class=\"content_wrap\">\r\n                    <div class=\"content_info ogo2\">\r\n                                                <p class=\"title_category\">Passez \u00e0 l\u2019action<\/p>\r\n                                                <div class=\"typical_text\">\r\n                            <h3>Mesurez et calculez le carbone gr\u00e2ce \u00e0 des analyses pertinentes<br \/>\n<\/h3>\n<p>Achilles permet aux entreprises de prendre des d\u00e9cisions concr\u00e8tes gr\u00e2ce \u00e0 des analyses carbone d\u00e9taill\u00e9es. Ces donn\u00e9es vous permettent de :<\/p>\n<ul>\n<li>Comparer vos progr\u00e8s en mati\u00e8re de r\u00e9duction carbone.<\/li>\n<li>Suivre vos performances dans le temps.<\/li>\n<li>Identifier les actions \u00e0 mettre en \u0153uvre pour r\u00e9duire vos \u00e9missions.\n<\/li>\n<\/ul>\n                        <\/div>\r\n                                            <\/div>\r\n\t\t\t\t\t\t\t\t\t\t\r\n                                        <div class=\"content_media\">\r\n                        <img decoding=\"async\" src=\"https:\/\/www.achilles.com\/app\/uploads\/2024\/09\/Analytics-Carbon-dashboard.jpg\" alt=\"colourful dashboard with graphs and tables as a demonstration\">\r\n                    <\/div>\r\n                                    <\/div>\r\n            <\/div>\r\n        <\/div>\r\n    \n\n    <div class=\"content_section\">\r\n        <div class=\"container\">\r\n                        <div class=\"description_section full\">\r\n                                <p class=\"title_category\">D\u00e9claration carbone : allez plus loin<\/p>\r\n                                <h2 class=\"title_section\">R\u00e9duction carbone avanc\u00e9e :<\/h2>\r\n                                <div class=\"typical_text\">\r\n                    <p>Achilles vous aide \u00e0 d\u00e9passer le simple suivi des \u00e9missions. Obtenez une v\u00e9rification carbone conforme aux normes ISO, suivez vos progr\u00e8s en continu et utilisez les rapports carbone pour acc\u00e9der \u00e0 de nouvelles opportunit\u00e9s commerciales. Avec Achilles, vos efforts carbone se traduisent par une croissance r\u00e9elle et mesurable.<\/p>\n                <\/div>\r\n                            <\/div>\r\n                        <div class=\"features_wrap\">\r\n                                <div class=\"feature_item\">\r\n                                        <div class=\"feature_item_icon\">\r\n                        <img decoding=\"async\" src=\"https:\/\/www.achilles.com\/app\/uploads\/2024\/10\/2.png\" alt=\"circle with a tick and shield\">\r\n                    <\/div>\r\n                                        <h3 class=\"feature_item_name\">D\u00e9claration carbone v\u00e9rifi\u00e9e de mani\u00e8re ind\u00e9pendante<\/h3>\r\n                                        <div class=\"typical_text\">\r\n                        <p class=\"\" data-start=\"2845\" data-end=\"3159\">Allez au-del\u00e0 du suivi des \u00e9missions avec Achilles Carbon Reduce. Obtenez une v\u00e9rification des \u00e9missions conforme aux normes ISO, d\u00e9veloppez des strat\u00e9gies efficaces de compensation carbone, et d\u00e9montrez les engagements de votre entreprise avec assurance.<\/p>\n                    <\/div>\r\n                                        <a class=\"btn\" aria-label=\"D\u00e9claration carbone v\u00e9rifi\u00e9e de mani\u00e8re ind\u00e9pendante - En savoir plus sur Carbon Reduce\" href=\"https:\/\/www.achilles.com\/fr\/programme-de-reduction-de-lempreinte-carbone\/\">En savoir plus sur Carbon Reduce<\/a>\r\n                                    <\/div>\r\n                                <div class=\"feature_item\">\r\n                                        <div class=\"feature_item_icon\">\r\n                        <img decoding=\"async\" src=\"https:\/\/www.achilles.com\/app\/uploads\/2024\/10\/3.png\" alt=\"green, gold and red icon with bar chart, pie chart and magnifying glass\">\r\n                    <\/div>\r\n                                        <h3 class=\"feature_item_name\">Suivi continu de la d\u00e9carbonation<\/h3>\r\n                                        <div class=\"typical_text\">\r\n                        <p class=\"\" data-start=\"3199\" data-end=\"3515\">Le cycle de surveillance annuel d\u2019Achilles permet de suivre en continu vos progr\u00e8s vers des objectifs de r\u00e9duction carbone fond\u00e9s sur la science. Ce suivi r\u00e9gulier fournit les donn\u00e9es n\u00e9cessaires pour rester align\u00e9 avec vos objectifs de durabilit\u00e9 et montrer votre engagement.<\/p>\n                    <\/div>\r\n                                        <a class=\"btn\" aria-label=\"Suivi continu de la d\u00e9carbonation - R\u00e9servez une consultation\" href=\"https:\/\/www.achilles.com\/fr\/nous-joindre\/\">R\u00e9servez une consultation<\/a>\r\n                                    <\/div>\r\n                                <div class=\"feature_item\">\r\n                                        <div class=\"feature_item_icon\">\r\n                        <img decoding=\"async\" src=\"https:\/\/www.achilles.com\/app\/uploads\/2024\/10\/carbon-8.png\" alt=\"red circle icon with a green leaf and gold bar chart in the centre\">\r\n                    <\/div>\r\n                                        <h3 class=\"feature_item_name\">D\u00e9claration carbone au service de la croissance<\/h3>\r\n                                        <div class=\"typical_text\">\r\n                        <p class=\"\" data-start=\"3607\" data-end=\"3895\">G\u00e9rer votre empreinte carbone peut am\u00e9liorer vos performances en mati\u00e8re de durabilit\u00e9 et ouvrir de nouvelles opportunit\u00e9s. Partager vos donn\u00e9es d\u2019\u00e9missions carbone via la plateforme Achilles vous permet de renforcer vos relations avec des acheteurs sensibles aux enjeux environnementaux.<\/p>\n                    <\/div>\r\n                                        <a class=\"btn\" aria-label=\"D\u00e9claration carbone au service de la croissance - Commencez d\u00e8s maintenant\" href=\"#carbon_form\">Commencez d\u00e8s maintenant<\/a>\r\n                                    <\/div>\r\n                            <\/div>\r\n                    <\/div>\r\n    <\/div>\r\n\n\n            <div class=\"content_section bg_grey\">\r\n            <div class=\"container\">\r\n                <div class=\"content_wrap\">\r\n                    <div class=\"content_info ogo2\">\r\n                                                <p class=\"title_category\">Vous avez votre propre cha\u00eene d\u2019approvisionnement?<\/p>\r\n                                                <div class=\"typical_text\">\r\n                            <h2>R\u00e9duire et diminuer les \u00e9missions de carbone dans votre cha\u00eene de production<\/h2>\n<p>Lorsque les grandes organisations s&#8217;orientent vers des objectifs ambitieux de durabilit\u00e9, la d\u00e9carbonisation de la cha\u00eene de production devient fondamentale. D\u00e9couvrez comment Achilles facilite la collaboration avec les fournisseurs pour r\u00e9duire les \u00e9missions de carbone sur toute la cha\u00eene.<\/p>\n                        <\/div>\r\n                                                <a class=\"btn btn_big\" href=\"https:\/\/www.achilles.com\/fr\/\">Lire la suite<\/a>\r\n                                            <\/div>\r\n\t\t\t\t\t\t\t\t\t\t\r\n                                        <div class=\"content_media\">\r\n                        <img decoding=\"async\" src=\"https:\/\/www.achilles.com\/app\/uploads\/2024\/10\/DALL\u00b7E-2024-10-02-15.39.44-A-stylized-landscape-in-soft-greens-and-grays-similar-in-style-to-the-provided-image-representing-the-decarbonization-of-a-supply-chain.-The-scene-i-e1727880274207.webp\" alt=\"\"A stylized, minimalist landscape in soft green and gray tones. The image depicts the decarbonization of a supply chain with elements such as a logistics truck driving along a road lined with trees, a clean industrial facility equipped with solar panels and wind turbines in the background, and footprints transitioning from dark to light green, symbolizing a reduced carbon footprint. The scene blends nature and industrial elements harmoniously, with a smooth and serene design.\">\r\n                    <\/div>\r\n                                    <\/div>\r\n            <\/div>\r\n        <\/div>\r\n    \n\n    <div class=\"request_section\" id=\"carbon_form\">\r\n        <div class=\"contact_bg\">\r\n                        <img decoding=\"async\" src=\"https:\/\/www.achilles.com\/app\/uploads\/2024\/10\/carbon-banner.png\" alt=\"a pair of footprints in the middle of a green field\">\r\n                    <\/div>\r\n        <div class=\"container\">\r\n            <div class=\"request_inner\">\r\n                                <div class=\"request_wrapper\">\r\n                <h2 class=\"title_section\">Contactez-nous pour entamer un parcours personnalis\u00e9 de mesure et de r\u00e9duction carbone<\/h2>\r\n                <\/div>\r\n                                <div class=\"request_box\">\r\n                    <script charset=\"utf-8\" type=\"text\/javascript\" src=\"\/\/js.hsforms.net\/forms\/embed\/v2.js\"><\/script>\r\n<script>\r\n  hbspt.forms.create({\r\n    region: \"na1\",\r\n    portalId: \"5387762\",\r\n    formId: \"1e0839c4-29f8-48a7-a35a-0c09c54a2433\"\r\n  });\r\n<\/script>                <\/div>\r\n            <\/div>\r\n        <\/div>\r\n    <\/div>\r\n\r\n","protected":false},"excerpt":{"rendered":"","protected":false},"author":9,"featured_media":50583,"parent":0,"menu_order":0,"comment_status":"closed","ping_status":"closed","template":"","meta":{"_acf_changed":false,"content-type":"","footnotes":""},"class_list":["post-67456","page","type-page","status-publish","has-post-thumbnail","hentry"],"acf":[],"_links":{"self":[{"href":"https:\/\/www.achilles.com\/fr\/wp-json\/wp\/v2\/pages\/67456","targetHints":{"allow":["GET"]}}],"collection":[{"href":"https:\/\/www.achilles.com\/fr\/wp-json\/wp\/v2\/pages"}],"about":[{"href":"https:\/\/www.achilles.com\/fr\/wp-json\/wp\/v2\/types\/page"}],"author":[{"embeddable":true,"href":"https:\/\/www.achilles.com\/fr\/wp-json\/wp\/v2\/users\/9"}],"replies":[{"embeddable":true,"href":"https:\/\/www.achilles.com\/fr\/wp-json\/wp\/v2\/comments?post=67456"}],"version-history":[{"count":0,"href":"https:\/\/www.achilles.com\/fr\/wp-json\/wp\/v2\/pages\/67456\/revisions"}],"wp:featuredmedia":[{"embeddable":true,"href":"https:\/\/www.achilles.com\/fr\/wp-json\/wp\/v2\/media\/50583"}],"wp:attachment":[{"href":"https:\/\/www.achilles.com\/fr\/wp-json\/wp\/v2\/media?parent=67456"}],"curies":[{"name":"wp","href":"https:\/\/api.w.org\/{rel}","templated":true}]}}