{"id":54383,"date":"2024-08-24T12:24:05","date_gmt":"2024-08-24T11:24:05","guid":{"rendered":"https:\/\/www.achilles.com\/score-de-durabilite-achilles\/"},"modified":"2025-09-01T22:59:56","modified_gmt":"2025-09-01T21:59:56","slug":"score-de-durabilite-achilles","status":"publish","type":"page","link":"https:\/\/www.achilles.com\/fr\/score-de-durabilite-achilles\/","title":{"rendered":"Score de durabilit\u00e9 Achilles"},"content":{"rendered":"    <div class=\"top_section\">\n        <div class=\"container\">\n            <div class=\"top_info half\">\n                                    <h1 class=\"top_title\">Un outil d\u2019aide \u00e0 la d\u00e9cision, pas seulement pour le reporting<\/h1>\n                                    <div class=\"top_text\">\n                        <p>\u00c9valuez le risque de durabilit\u00e9 des fournisseurs sur l\u2019ensemble de votre cha\u00eene d\u2019approvisionnement \u00e0 grande \u00e9chelle \u2013 du screening pr\u00e9dictif automatis\u00e9 et sans contact aux \u00e9valuations v\u00e9rifi\u00e9es en profondeur.<\/p>\n                    <\/div>\n                                    <div class=\"top_buttons\">\n                                                    <a class=\"btn btn_big\" href=\"#form\">R\u00e9servez une d\u00e9mo <\/a>\n                                                    <a class=\"btn btn_white btn_big\" href=\"#form\">En savoir plus<\/a>\n                                            <\/div>\n                            <\/div>\n        <\/div>\n        <div class=\"top_media\">\n\t\t\t            <img decoding=\"async\" src=\"https:\/\/www.achilles.com\/app\/uploads\/2024\/08\/AC1453-Achilles-Score-graphs-woman-with-laptop-V2-scaled.jpg\" alt=\"\">\n                    <\/div>\n    <\/div>\n\n\n            <div class=\"content_section\">\r\n            <div class=\"container\">\r\n                <div class=\"content_wrap\">\r\n                    <div class=\"content_info ogo2\">\r\n                                                <h2 class=\"title_section\">Une approche \u00e9volutive pour \u00e9valuer les risques ESG<\/h2>\r\n                                                <div class=\"typical_text\">\r\n                            <p>\u00c9valuez et g\u00e9rez les risques de durabilit\u00e9 avec des outils flexibles con\u00e7us pour la complexit\u00e9 r\u00e9elle. Des scores ESG d\u00e9taill\u00e9s et \u00e9tay\u00e9s par des preuves aux screenings pr\u00e9dictifs rapides des fournisseurs long tail, Achilles vous aide \u00e0 agir t\u00f4t, \u00e0 prouver votre due diligence et \u00e0 prendre de meilleures d\u00e9cisions \u00e0 l\u2019\u00e9chelle de votre base fournisseurs.<\/p>\n                        <\/div>\r\n                                            <\/div>\r\n\t\t\t\t\t\t\t\t\t\t\r\n                                        <div class=\"content_media\">\r\n                        <img decoding=\"async\" src=\"https:\/\/www.achilles.com\/app\/uploads\/2024\/08\/Untitled-design-1.jpg\" alt=\"\">\r\n                    <\/div>\r\n                                    <\/div>\r\n            <\/div>\r\n        <\/div>\r\n    \n\n            <div class=\"content_section\">\r\n            <div class=\"container\">\r\n                <div class=\"content_wrap\">\r\n                    <div class=\"content_info ogo2\">\r\n                                                <h2 class=\"title_section\">AchillesAI Predictive Scoring<\/h2>\r\n                                                <h5 class=\"title_small\">Un screening ESG rapide et sans contact pour l\u2019ensemble de votre base fournisseurs<\/h5>\r\n                                                <div class=\"typical_text\">\r\n                            <p>Gr\u00e2ce \u00e0 AchillesAI, Achilles Predictive Scoring permet de comprendre rapidement les risques ESG et pays dans toute la cha\u00eene d\u2019approvisionnement \u2013 sans implication des fournisseurs. Que ce soit pour l\u2019onboarding de nouveaux partenaires, la cartographie des risques long tail ou la pr\u00e9paration d\u2019une transaction, ce service fournit des insights rapides afin que vous puissiez concentrer vos ressources l\u00e0 o\u00f9 elles comptent le plus.<\/p>\n                        <\/div>\r\n                                                <a class=\"btn btn_big\" href=\"https:\/\/www.achilles.com\/fr\/informations-sectorielles\/achilles-lance-achillesai-predictive-scoring-fournisseurs\/\">Apprendre encore plus<\/a>\r\n                                            <\/div>\r\n\t\t\t\t\t\t\t\t\t\t\r\n                                        <div class=\"content_media\">\r\n                        <img decoding=\"async\" src=\"https:\/\/www.achilles.com\/app\/uploads\/2025\/08\/MyA-Predictive-3.png\" alt=\"\">\r\n                    <\/div>\r\n                                    <\/div>\r\n            <\/div>\r\n        <\/div>\r\n    \n\n    <div class=\"content_section bg_grey\">\r\n        <div class=\"container\">\r\n                        <div class=\"description_section\">\r\n                                <p class=\"title_category\">COMMENCEZ MAINTENANT<\/p>\r\n                                <h2 class=\"title_section\">Acc\u00e9l\u00e9rez la visibilit\u00e9 des risques ESG sur l&#8217;ensemble de votre cha\u00eene d&#8217;approvisionnement<\/h2>\r\n                                <div class=\"typical_text\">\r\n                    <div class=\"mt-1 flex gap-3 empty:hidden -ml-2\">\n<div class=\"items-center justify-start rounded-xl p-1 flex\">\n<div class=\"flex items-center\">\n<div class=\"flex\"><\/div>\n<div class=\"flex items-center pb-0\">\n<div class=\"[&amp;_svg]:h-full [&amp;_svg]:w-full icon-md h-4 w-4\"><\/div>\n<\/div>\n<\/div>\n<\/div>\n<\/div>\n                <\/div>\r\n                            <\/div>\r\n                        <div class=\"features_wrap\">\r\n                                <div class=\"feature_item\">\r\n                                        <div class=\"feature_item_icon\">\r\n                        <img decoding=\"async\" src=\"https:\/\/www.achilles.com\/app\/uploads\/2025\/02\/9.png\" alt=\"a clock and calendar icon on a white background\">\r\n                    <\/div>\r\n                                        <h3 class=\"feature_item_name\">Screening en 7 jours <\/h3>\r\n                                        <div class=\"typical_text\">\r\n                        <p>Analysez des milliers de fournisseurs en moins d\u2019une semaine. Aucun onboarding, aucun questionnaire.<\/p>\n                    <\/div>\r\n                                    <\/div>\r\n                                <div class=\"feature_item\">\r\n                                        <div class=\"feature_item_icon\">\r\n                        <img decoding=\"async\" src=\"https:\/\/www.achilles.com\/app\/uploads\/2025\/06\/Email-Icons-5.png\" alt=\"Risk management icon\">\r\n                    <\/div>\r\n                                        <h3 class=\"feature_item_name\">Risques ESG et Pays <\/h3>\r\n                                        <div class=\"typical_text\">\r\n                        <p>Identifiez les risques ESG et g\u00e9opolitiques avant d\u2019impliquer les fournisseurs. Agissez t\u00f4t pour \u00e9viter des perturbations en aval.<\/p>\n                    <\/div>\r\n                                    <\/div>\r\n                                <div class=\"feature_item\">\r\n                                        <div class=\"feature_item_icon\">\r\n                        <img decoding=\"async\" src=\"https:\/\/www.achilles.com\/app\/uploads\/2025\/01\/95.png\" alt=\"green circles connected with lines and silhouette of people in the circles\">\r\n                    <\/div>\r\n                                        <h3 class=\"feature_item_name\">Fournisseurs long tail<\/h3>\r\n                                        <div class=\"typical_text\">\r\n                        <p>Analysez rapidement les fournisseurs non strat\u00e9giques pour d\u00e9tecter les risques cach\u00e9s et d\u00e9cider qui n\u00e9cessite des contr\u00f4les plus approfondis.<\/p>\n                    <\/div>\r\n                                    <\/div>\r\n                            <\/div>\r\n                    <\/div>\r\n    <\/div>\r\n\n\n            <div class=\"content_section\">\r\n            <div class=\"container\">\r\n                <div class=\"content_wrap right\">\r\n                    <div class=\"content_info ogo2\">\r\n                                                <h2 class=\"title_section\">Scoring V\u00e9rifi\u00e9<\/h2>\r\n                                                <h5 class=\"title_small\">Une vision robuste et valid\u00e9e de la performance en durabilit\u00e9 des fournisseurs<\/h5>\r\n                                                <div class=\"typical_text\">\r\n                            <p>Une approche approfondie mais efficace qui aide \u00e0 identifier les risques, accro\u00eetre la transparence et r\u00e9compenser les actions positives, le tout \u00e9tay\u00e9 par des preuves v\u00e9rifi\u00e9es. Contrairement aux scorecards g\u00e9n\u00e9riques, notre Scoring V\u00e9rifi\u00e9 s\u2019adapte aux secteurs de vos fournisseurs et refl\u00e8te \u00e0 la fois leurs actions et les preuves qui les soutiennent.<\/p>\n                        <\/div>\r\n                                                <a class=\"btn btn_big\" href=\"https:\/\/www.achilles.com\/fr\/informations-sectorielles\/achilles-lance-achillesai-predictive-scoring-fournisseurs\/\">Apprendre encore plus<\/a>\r\n                                            <\/div>\r\n\t\t\t\t\t\t\t\t\t\t\r\n                                        <div class=\"content_media\">\r\n                        <img decoding=\"async\" src=\"https:\/\/www.achilles.com\/app\/uploads\/2025\/08\/Verified-score-1.png\" alt=\"\">\r\n                    <\/div>\r\n                                    <\/div>\r\n            <\/div>\r\n        <\/div>\r\n    \n\n    <div class=\"content_section bg_grey\">\r\n        <div class=\"container\">\r\n                        <div class=\"description_section\">\r\n                                <p class=\"title_category\">ALLER AU-DEL\u00c0<\/p>\r\n                                <h2 class=\"title_section\">Transformez vos connaissances en assurance<\/h2>\r\n                            <\/div>\r\n                        <div class=\"features_wrap\">\r\n                                <div class=\"feature_item\">\r\n                                        <div class=\"feature_item_icon\">\r\n                        <img decoding=\"async\" src=\"https:\/\/www.achilles.com\/app\/uploads\/2025\/02\/Credentials-icon.png\" alt=\"Credentials Prequalify icon\">\r\n                    <\/div>\r\n                                        <h3 class=\"feature_item_name\">Prouver la Due Diligence <\/h3>\r\n                                        <div class=\"typical_text\">\r\n                        <p>Donn\u00e9es v\u00e9rifi\u00e9es et auditables d\u00e9montrant que votre cha\u00eene d\u2019approvisionnement r\u00e9pond aux exigences ESG et de conformit\u00e9, y compris CSRD, lois sur l\u2019esclavage moderne et demandes d\u2019audit.<\/p>\n                    <\/div>\r\n                                    <\/div>\r\n                                <div class=\"feature_item\">\r\n                                        <div class=\"feature_item_icon\">\r\n                        <img decoding=\"async\" src=\"https:\/\/www.achilles.com\/app\/uploads\/2025\/06\/Email-Icons-8.png\" alt=\"Compliance icon\">\r\n                    <\/div>\r\n                                        <h3 class=\"feature_item_name\">Au-del\u00e0 de l\u2019ESG <\/h3>\r\n                                        <div class=\"typical_text\">\r\n                        <p>Obtenez une vue compl\u00e8te du risque fournisseur \u2013 incluant sant\u00e9 &amp; s\u00e9curit\u00e9, finances, assurances et cybers\u00e9curit\u00e9, pas seulement les indicateurs carbone et climat.<\/p>\n                    <\/div>\r\n                                    <\/div>\r\n                                <div class=\"feature_item\">\r\n                                        <div class=\"feature_item_icon\">\r\n                        <img decoding=\"async\" src=\"https:\/\/www.achilles.com\/app\/uploads\/2025\/02\/Relationships-icon.png\" alt=\"Relationships icon\">\r\n                    <\/div>\r\n                                        <h3 class=\"feature_item_name\">Fournisseurs strat\u00e9giques <\/h3>\r\n                                        <div class=\"typical_text\">\r\n                        <p>Scoring v\u00e9rifi\u00e9, sp\u00e9cifique \u00e0 l\u2019industrie, pour des insights plus approfondis, la confiance des parties prenantes et la protection de la r\u00e9putation.<\/p>\n                    <\/div>\r\n                                    <\/div>\r\n                            <\/div>\r\n                    <\/div>\r\n    <\/div>\r\n\n\n    <div class=\"content_section\">\r\n        <div class=\"container\">\r\n            <div class=\"services_wrap\">\r\n                                <div class=\"services_left\">\r\n                                        <h2 class=\"title_section\">Pourquoi Achilles<\/h2>\r\n                                        <div class=\"typical_text\">\r\n                        <p>La plupart des outils ESG proposent des scores statiques et uniformes qui ne refl\u00e8tent pas les risques r\u00e9els. D\u00e9couvrez comment Achilles se distingue :<\/p>\n                    <\/div>\r\n                                    <\/div>\r\n                                <div class=\"services_right\">\r\n                    <div class=\"services_list\">\r\n                                                <div class=\"service_box\">\r\n                                                        <p class=\"service_box_name\">\r\n                                <span class=\"service_box_check icon-Success\"><\/span>\r\n                                Scoring adaptatif, adapt\u00e9 \u00e0 chaque fournisseur                            <\/p>\r\n                                                    <\/div>\r\n                                                <div class=\"service_box\">\r\n                                                        <p class=\"service_box_name\">\r\n                                <span class=\"service_box_check icon-Success\"><\/span>\r\n                                Mod\u00e8les de risque sp\u00e9cifiques au secteur et au pays                            <\/p>\r\n                                                    <\/div>\r\n                                                <div class=\"service_box\">\r\n                                                        <p class=\"service_box_name\">\r\n                                <span class=\"service_box_check icon-Success\"><\/span>\r\n                                Suivi en temps r\u00e9el des documents cl\u00e9s (ex. assurances, H&#038;S)                            <\/p>\r\n                                                    <\/div>\r\n                                                <div class=\"service_box\">\r\n                                                        <p class=\"service_box_name\">\r\n                                <span class=\"service_box_check icon-Success\"><\/span>\r\n                                Transparence compl\u00e8te sur les facteurs qui influencent le score                            <\/p>\r\n                                                    <\/div>\r\n                                                <div class=\"service_box\">\r\n                                                        <p class=\"service_box_name\">\r\n                                <span class=\"service_box_check icon-Success\"><\/span>\r\n                                Donn\u00e9es ESG, financi\u00e8res et de conformit\u00e9 r\u00e9unies au m\u00eame endroit                            <\/p>\r\n                                                    <\/div>\r\n                                                <div class=\"service_box\">\r\n                                                        <p class=\"service_box_name\">\r\n                                <span class=\"service_box_check icon-Success\"><\/span>\r\n                                Aucune charge suppl\u00e9mentaire pour les fournisseurs qui mettent \u00e0 jour ou am\u00e9liorent                            <\/p>\r\n                                                    <\/div>\r\n                                                <div class=\"service_box\">\r\n                                                        <p class=\"service_box_name\">\r\n                                <span class=\"service_box_check icon-Success\"><\/span>\r\n                                Mise \u00e0 jour continue, pas seulement une fois par an                            <\/p>\r\n                                                    <\/div>\r\n                                            <\/div>\r\n                <\/div>\r\n                            <\/div>\r\n        <\/div>\r\n    <\/div>\r\n\n\n    <div class=\"request_section\" id=\"form\">\r\n        <div class=\"contact_bg\">\r\n                        <img decoding=\"async\" src=\"https:\/\/www.achilles.com\/app\/uploads\/2024\/08\/1-1.jpg\" alt=\"\">\r\n                    <\/div>\r\n        <div class=\"container\">\r\n            <div class=\"request_inner\">\r\n                                <div class=\"request_wrapper\">\r\n                <h2 class=\"title_section\">Un scoring ESG intelligent qui s\u2019adapte \u00e0 vos risques<\/h2>\r\n                <\/div>\r\n                                <div class=\"request_box\">\r\n                                        <h5 class=\"contact_content_subtitle\">R\u00e9servez une d\u00e9mo<\/h5>\r\n                    <script charset=\"utf-8\" type=\"text\/javascript\" src=\"\/\/js.hsforms.net\/forms\/embed\/v2.js\"><\/script>\r\n<script>\r\n  hbspt.forms.create({\r\n    region: \"na1\",\r\n    portalId: \"5387762\",\r\n    formId: \"1e0839c4-29f8-48a7-a35a-0c09c54a2433\"\r\n  });\r\n<\/script>                <\/div>\r\n            <\/div>\r\n        <\/div>\r\n    <\/div>\r\n\r\n\n\n\n<p><\/p>\n","protected":false},"excerpt":{"rendered":"","protected":false},"author":24,"featured_media":0,"parent":0,"menu_order":0,"comment_status":"closed","ping_status":"closed","template":"","meta":{"_acf_changed":true,"content-type":"","footnotes":""},"class_list":["post-54383","page","type-page","status-publish","hentry"],"acf":[],"_links":{"self":[{"href":"https:\/\/www.achilles.com\/fr\/wp-json\/wp\/v2\/pages\/54383","targetHints":{"allow":["GET"]}}],"collection":[{"href":"https:\/\/www.achilles.com\/fr\/wp-json\/wp\/v2\/pages"}],"about":[{"href":"https:\/\/www.achilles.com\/fr\/wp-json\/wp\/v2\/types\/page"}],"author":[{"embeddable":true,"href":"https:\/\/www.achilles.com\/fr\/wp-json\/wp\/v2\/users\/24"}],"replies":[{"embeddable":true,"href":"https:\/\/www.achilles.com\/fr\/wp-json\/wp\/v2\/comments?post=54383"}],"version-history":[{"count":0,"href":"https:\/\/www.achilles.com\/fr\/wp-json\/wp\/v2\/pages\/54383\/revisions"}],"wp:attachment":[{"href":"https:\/\/www.achilles.com\/fr\/wp-json\/wp\/v2\/media?parent=54383"}],"curies":[{"name":"wp","href":"https:\/\/api.w.org\/{rel}","templated":true}]}}