{"id":54378,"date":"2024-04-11T12:41:30","date_gmt":"2024-04-11T11:41:30","guid":{"rendered":"https:\/\/www.achilles.com\/audits-achilles\/"},"modified":"2026-01-15T11:33:26","modified_gmt":"2026-01-15T11:33:26","slug":"audits-achilles","status":"publish","type":"page","link":"https:\/\/www.achilles.com\/fr\/audits-achilles\/","title":{"rendered":"Audits d&#8217;Achilles"},"content":{"rendered":"    <div class=\"top_section\">\n        <div class=\"container\">\n            <div class=\"top_info half\">\n                                    <h1 class=\"top_title\">Favoriser les Meilleures Pratiques de Due Diligence<\/h1>\n                                    <div class=\"top_text\">\n                        <p>Les audits et \u00e9valuations d&#8217;Achilles permettent aux entreprises de garantir leur conformit\u00e9 aux normes commerciales r\u00e9gionales et mondiales en mati\u00e8re de Sant\u00e9 et S\u00e9curit\u00e9 (H&amp;S), d&#8217;Environnement, de Qualit\u00e9 et de Responsabilit\u00e9 Sociale.<\/p>\n                    <\/div>\n                                    <div class=\"top_buttons\">\n                                                    <a class=\"btn btn_white btn_big\" href=\"https:\/\/www.achilles.com\/fr\/nous-joindre\/\">Faites auditer votre entreprise<\/a>\n                                                    <a class=\"btn btn_big\" href=\"https:\/\/www.achilles.com\/fr\/nous-joindre\/\">Faites auditer votre cha\u00eene d&#8217;approvisionnement<\/a>\n                                            <\/div>\n                            <\/div>\n        <\/div>\n        <div class=\"top_media\">\n\t\t\t            <img decoding=\"async\" src=\"https:\/\/www.achilles.com\/app\/uploads\/2024\/02\/Supply-Chain-Risk-Images-4.png\" alt=\"\">\n                    <\/div>\n    <\/div>\n\n\n    <div class=\"content_section\">\r\n        <div class=\"container\">\r\n                        <div class=\"description_section\">\r\n                                <h2 class=\"title_section\">Pl\u00e9biscit\u00e9 par des organisations reconnues internationalement<\/h2>\r\n                            <\/div>\r\n                        <div class=\"logos_wrap\">\r\n                                <div class=\"logo_item\">\r\n                    <img decoding=\"async\" src=\"https:\/\/www.achilles.com\/app\/uploads\/2023\/06\/bwo-logo-610.jpg\" alt=\"\">\r\n                <\/div>\r\n                                <div class=\"logo_item\">\r\n                    <img decoding=\"async\" src=\"https:\/\/www.achilles.com\/app\/uploads\/2023\/06\/Customer-logo_statkraft-logo-400-trans-300x94-1.png\" alt=\"Statkraft logo\">\r\n                <\/div>\r\n                                <div class=\"logo_item\">\r\n                    <img decoding=\"async\" src=\"https:\/\/www.achilles.com\/app\/uploads\/2023\/06\/Customer-logo_Sainsburys-logo.png\" alt=\"Sainsbury's logo is the word Sainsbury's in orange type with a thin, wavy orange line underneath the word.\">\r\n                <\/div>\r\n                                <div class=\"logo_item\">\r\n                    <img decoding=\"async\" src=\"https:\/\/www.achilles.com\/app\/uploads\/2023\/06\/Acciona.png\" alt=\"\">\r\n                <\/div>\r\n                                <div class=\"logo_item\">\r\n                    <img decoding=\"async\" src=\"https:\/\/www.achilles.com\/app\/uploads\/2024\/04\/Weatherford-Achilles-Group_Client_LATAM.png\" alt=\"\">\r\n                <\/div>\r\n                                <div class=\"logo_item\">\r\n                    <img decoding=\"async\" src=\"https:\/\/www.achilles.com\/app\/uploads\/2023\/06\/iss_logo_whitebackground-RGB-e1525274679774.jpg\" alt=\"\">\r\n                <\/div>\r\n                                <div class=\"logo_item\">\r\n                    <img decoding=\"async\" src=\"https:\/\/www.achilles.com\/app\/uploads\/2023\/05\/Thameswater-e1725962162604.jpg\" alt=\"\">\r\n                <\/div>\r\n                                <div class=\"logo_item\">\r\n                    <img decoding=\"async\" src=\"https:\/\/www.achilles.com\/app\/uploads\/2024\/11\/NCC_Unternehmen_logo.svg_.png\" alt=\"\">\r\n                <\/div>\r\n                            <\/div>\r\n                    <\/div>\r\n    <\/div>\r\n\n\n    <div class=\"content_section\">\r\n        <div class=\"container\">\r\n                        <div class=\"description_section\">\r\n                                <p class=\"title_category\">Pourquoi Choisir les Audits Achilles<\/p>\r\n                                <h2 class=\"title_section\">Allez au-del\u00e0 de la Due Diligence<\/h2>\r\n                                <div class=\"typical_text\">\r\n                    <p>Les audits d&#8217;Achilles guident les organisations acheteuses vers les meilleures pratiques de conformit\u00e9, renforcent la confiance et favorisent la transparence dans toute la cha\u00eene d&#8217;approvisionnement.<br \/>\nEn retour, les fournisseurs acqui\u00e8rent un avantage concurrentiel en d\u00e9montrant leur engagement \u00e0 d\u00e9passer les meilleures pratiques en mati\u00e8re de durabilit\u00e9.<\/p>\n<p>&nbsp;<\/p>\n                <\/div>\r\n                            <\/div>\r\n                        <div class=\"features_wrap features_four\">\r\n                                <div class=\"feature_item\">\r\n                                        <div class=\"feature_item_icon\">\r\n                        <img decoding=\"async\" src=\"https:\/\/www.achilles.com\/app\/uploads\/2025\/02\/Certified-icon.png\" alt=\"Certified icon\">\r\n                    <\/div>\r\n                                        <h3 class=\"feature_item_name\">D\u00e9montrer la Cr\u00e9dibilit\u00e9 <\/h3>\r\n                                        <div class=\"typical_text\">\r\n                        <p>Les fournisseurs mettent en avant leur engagement envers la qualit\u00e9, la s\u00e9curit\u00e9 et les pratiques commerciales responsables, renfor\u00e7ant ainsi leur r\u00e9putation aupr\u00e8s des clients potentiels.<\/p>\n                    <\/div>\r\n                                    <\/div>\r\n                                <div class=\"feature_item\">\r\n                                        <div class=\"feature_item_icon\">\r\n                        <img decoding=\"async\" src=\"https:\/\/www.achilles.com\/app\/uploads\/2025\/09\/grow-icon-2.png\" alt=\"\">\r\n                    <\/div>\r\n                                        <h3 class=\"feature_item_name\">Gagner en Comp\u00e9titivit\u00e9 <\/h3>\r\n                                        <div class=\"typical_text\">\r\n                        <p>Les audits aident les fournisseurs \u00e0 se d\u00e9marquer de la concurrence et \u00e0 saisir de nouvelles opportunit\u00e9s commerciales.<\/p>\n                    <\/div>\r\n                                    <\/div>\r\n                                <div class=\"feature_item\">\r\n                                        <div class=\"feature_item_icon\">\r\n                        <img decoding=\"async\" src=\"https:\/\/www.achilles.com\/app\/uploads\/2025\/06\/Email-Icons-11-1.png\" alt=\"\">\r\n                    <\/div>\r\n                                        <h3 class=\"feature_item_name\">Simplifier la Conformit\u00e9 <\/h3>\r\n                                        <div class=\"typical_text\">\r\n                        <p>Ils permettent aux fournisseurs de respecter les normes et r\u00e9glementations du secteur, r\u00e9duisant ainsi la charge li\u00e9e \u00e0 la gestion de la documentation de conformit\u00e9.<\/p>\n                    <\/div>\r\n                                    <\/div>\r\n                                <div class=\"feature_item\">\r\n                                        <div class=\"feature_item_icon\">\r\n                        <img decoding=\"async\" src=\"https:\/\/www.achilles.com\/app\/uploads\/2025\/02\/Document-Validation-icon.png\" alt=\"magnifying glass over 2 pieces of paper\">\r\n                    <\/div>\r\n                                        <h3 class=\"feature_item_name\">Identifier les Points Forts <\/h3>\r\n                                        <div class=\"typical_text\">\r\n                        <div class=\"flex max-w-full flex-col flex-grow\">\n<div class=\"min-h-8 text-message flex w-full flex-col items-end gap-2 whitespace-normal break-words [.text-message+&amp;]:mt-5\" dir=\"auto\" data-message-author-role=\"assistant\" data-message-id=\"411ba39f-f346-438b-8932-7d40ddbb191c\" data-message-model-slug=\"gpt-4o\">\n<div class=\"flex w-full flex-col gap-1 empty:hidden first:pt-[3px]\">\n<div class=\"markdown prose w-full break-words dark:prose-invert light\">\n<p>Le rapport d&#8217;audit offre des informations pr\u00e9cieuses sur les domaines dans lesquels les fournisseurs excellent, ainsi que sur les \u00e9ventuelles zones \u00e0 am\u00e9liorer.<\/p>\n<\/div>\n<\/div>\n<\/div>\n<\/div>\n                    <\/div>\r\n                                    <\/div>\r\n                            <\/div>\r\n                    <\/div>\r\n    <\/div>\r\n\n\n     <div class=\"stats_section\">\r\n        <div class=\"stats_bg\">\r\n                    <\/div>\r\n        <div class=\"container\">\r\n            <div class=\"stats_inner\">\r\n                <div class=\"corner corner_top_left\"><\/div>\r\n                <div class=\"corner corner_top_right\"><\/div>\r\n                <div class=\"corner corner_bottom_left\"><\/div>\r\n                <div class=\"corner corner_bottom_right\"><\/div>\r\n                <div class=\"stats_wrap stats_anim\">\r\n                                        <div class=\"stats_item stats_anim_item\" data-total=\"6500\">\r\n                        <div class=\"stats_item_inner\">\r\n                            <p class=\"stats_item_count\"><span class=\"stats_anim_total\">0<\/span><\/p>\r\n                                                        <p class=\"stats_item_name\">Audits \u00e0 travers le monde.<\/p>\r\n                                                    <\/div>\r\n                    <\/div>\r\n                                        <div class=\"stats_item stats_anim_item\" data-total=\"30\">\r\n                        <div class=\"stats_item_inner\">\r\n                            <p class=\"stats_item_count\"><span class=\"stats_anim_total\">0<\/span><\/p>\r\n                                                        <p class=\"stats_item_name\">Des ann\u00e9es d&#8217;exp\u00e9rience.<\/p>\r\n                                                    <\/div>\r\n                    <\/div>\r\n                                        <div class=\"stats_item stats_anim_item\" data-total=\"200\">\r\n                        <div class=\"stats_item_inner\">\r\n                            <p class=\"stats_item_count\"><span class=\"stats_anim_total\">0<\/span><span class=\"stats_item_symbol\"> <\/span><\/p>\r\n                                                        <p class=\"stats_item_name\">Des auditeurs situ\u00e9s \u00e0 l&#8217;international.<\/p>\r\n                                                    <\/div>\r\n                    <\/div>\r\n                                    <\/div>\r\n            <\/div>\r\n        <\/div>\r\n    <\/div>\r\n\n\n    <div class=\"content_section bg_grey\">\r\n        <div class=\"container\">\r\n                        <div class=\"description_section\">\r\n                                <p class=\"title_category\">TYPES D&#8217;AUDITS<\/p>\r\n                                <div class=\"typical_text\">\r\n                    <p>Prot\u00e9gez la r\u00e9putation de votre entreprise en rapportant avec confiance la transparence de votre cha\u00eene d&#8217;approvisionnement, tout en respectant les normes \u00e9thiques, durables et environnementales les plus \u00e9lev\u00e9es.<\/p>\n                <\/div>\r\n                            <\/div>\r\n                        <div class=\"features_wrap\">\r\n                                <div class=\"feature_item\">\r\n                                        <h3 class=\"feature_item_name\">Audits de Bureau (Desktop Audits)<\/h3>\r\n                                        <div class=\"typical_text\">\r\n                        <p>Les audits de bureau sont r\u00e9alis\u00e9s \u00e0 distance et \u00e9valuent les documents du syst\u00e8me de gestion d&#8217;une entreprise pour v\u00e9rifier la conformit\u00e9 avec la l\u00e9gislation et les normes internationales, notamment l&#8217;ISO 45001, l&#8217;ISO 14001 et la SA8000, ainsi que les cadres et normes de reporting.<\/p>\n                    <\/div>\r\n                                    <\/div>\r\n                                <div class=\"feature_item\">\r\n                                        <h3 class=\"feature_item_name\">Audits sur Site <\/h3>\r\n                                        <div class=\"typical_text\">\r\n                        <div class=\"flex max-w-full flex-col flex-grow\">\n<div class=\"min-h-8 text-message flex w-full flex-col items-end gap-2 whitespace-normal break-words [.text-message+&amp;]:mt-5\" dir=\"auto\" data-message-author-role=\"assistant\" data-message-id=\"9ec85907-1f4d-4459-a1a1-b738fc721bbd\" data-message-model-slug=\"gpt-4o\">\n<div class=\"flex w-full flex-col gap-1 empty:hidden first:pt-[3px]\">\n<div class=\"markdown prose w-full break-words dark:prose-invert light\">\n<div class=\"flex max-w-full flex-col flex-grow\">\n<div class=\"min-h-8 text-message flex w-full flex-col items-end gap-2 whitespace-normal break-words [.text-message+&amp;]:mt-5\" dir=\"auto\" data-message-author-role=\"assistant\" data-message-id=\"b0a46072-87f5-478b-9f00-fe9c07ae75d0\" data-message-model-slug=\"gpt-4o\">\n<div class=\"flex w-full flex-col gap-1 empty:hidden first:pt-[3px]\">\n<div class=\"markdown prose w-full break-words dark:prose-invert light\">\n<p>Ces \u00e9valuations compl\u00e8tes vont au-del\u00e0 de la documentation, en analysant les syst\u00e8mes de gestion et en menant des entretiens anonymes avec les parties prenantes. R\u00e9alis\u00e9s par des auditeurs certifi\u00e9s dans le monde entier, ces audits offrent une compr\u00e9hension approfondie des pratiques de l&#8217;entreprise.<\/p>\n<\/div>\n<\/div>\n<\/div>\n<\/div>\n<\/div>\n<\/div>\n<\/div>\n<\/div>\n                    <\/div>\r\n                                    <\/div>\r\n                            <\/div>\r\n                    <\/div>\r\n    <\/div>\r\n\n\n    <div class=\"content_section\">\r\n        <div class=\"container\">\r\n                        <div class=\"posts_panel\">\r\n                <div class=\"description_section\">\r\n                                        <p class=\"title_category\">Actualit\u00e9s et Insights<\/p>\r\n                     \r\n                    <h2 class=\"title_section\">S\u00e9lectionn\u00e9 pour vous<\/h2>\r\n                                    <\/div>\r\n                            <\/div>\r\n                                    <div class=\"posts_wrap\">\r\n                                <div class=\"post_item\">\r\n                    <div class=\"post_item_top\">\r\n                                                <a class=\"post_item_img\" href=\"https:\/\/www.achilles.com\/fr\/lenquete-mondiale-dachilles-revele-dimportantes-lacunes-de-visibilite-dans-les-chaines-dapprovisionnement\/\">\r\n                            <img decoding=\"async\" src=\"https:\/\/www.achilles.com\/app\/uploads\/2026\/03\/Web-page-top-banner-thumbnail-of-Achilles-Global-Supplier-Risk-and-Sustainability-Survey-2026.jpg\" alt=\"L&#8217;enqu\u00eate mondiale d&#8217;Achilles r\u00e9v\u00e8le d&#8217;importantes lacunes de visibilit\u00e9 dans les cha\u00eenes d&#8217;approvisionnement\">\r\n                        <\/a>\r\n                                                <ul class=\"post_item_categories\">\r\n                                                        <li>Communiqu\u00e9s de presse<\/li>\r\n                                                        <li>Informations sectorielles<\/li>\r\n                                                    <\/ul>\r\n                    <\/div>\r\n                    <a class=\"post_item_name\" href=\"https:\/\/www.achilles.com\/fr\/lenquete-mondiale-dachilles-revele-dimportantes-lacunes-de-visibilite-dans-les-chaines-dapprovisionnement\/\">L&#8217;enqu\u00eate mondiale d&#8217;Achilles r\u00e9v\u00e8le d&#8217;importantes lacunes de visibilit\u00e9 dans les cha\u00eenes d&#8217;approvisionnement<\/a>\r\n                <\/div>\r\n                                <div class=\"post_item\">\r\n                    <div class=\"post_item_top\">\r\n                                                <a class=\"post_item_img\" href=\"https:\/\/www.achilles.com\/fr\/le-rapport-annuel-sur-le-risque-et-la-durabilite-dachilles-2026\/\">\r\n                            <img decoding=\"async\" src=\"https:\/\/www.achilles.com\/app\/uploads\/2026\/03\/Web-page-top-banner-thumbnail-of-Achilles-Global-Supplier-Risk-and-Sustainability-Survey-2026.jpg\" alt=\"Le Rapport Annuel sur le Risque et la Durabilit\u00e9 d&#8217;Achilles 2026\">\r\n                        <\/a>\r\n                                                <ul class=\"post_item_categories\">\r\n                                                        <li>Guides<\/li>\r\n                                                        <li>Informations sectorielles<\/li>\r\n                                                    <\/ul>\r\n                    <\/div>\r\n                    <a class=\"post_item_name\" href=\"https:\/\/www.achilles.com\/fr\/le-rapport-annuel-sur-le-risque-et-la-durabilite-dachilles-2026\/\">Le Rapport Annuel sur le Risque et la Durabilit\u00e9 d&#8217;Achilles 2026<\/a>\r\n                <\/div>\r\n                                <div class=\"post_item\">\r\n                    <div class=\"post_item_top\">\r\n                                                <a class=\"post_item_img\" href=\"https:\/\/www.achilles.com\/fr\/informations-sectorielles\/finance-durable-chaine-approvisionnement\/\">\r\n                            <img decoding=\"async\" src=\"https:\/\/www.achilles.com\/app\/uploads\/2026\/03\/ESG-finance-1.jpg\" alt=\"La finance durable \u00e0 la loupe : pourquoi la cha\u00eene d\u2019approvisionnement gagne en importance dans l&#8217;ESG\">\r\n                        <\/a>\r\n                                                <ul class=\"post_item_categories\">\r\n                                                        <li>Articles<\/li>\r\n                                                        <li>Informations sectorielles<\/li>\r\n                                                    <\/ul>\r\n                    <\/div>\r\n                    <a class=\"post_item_name\" href=\"https:\/\/www.achilles.com\/fr\/informations-sectorielles\/finance-durable-chaine-approvisionnement\/\">La finance durable \u00e0 la loupe : pourquoi la cha\u00eene d\u2019approvisionnement gagne en importance dans l&#8217;ESG<\/a>\r\n                <\/div>\r\n                            <\/div>\r\n                    <\/div>\r\n    <\/div>\r\n\n\n    <div class=\"request_section\">\r\n        <div class=\"contact_bg\">\r\n                        <img decoding=\"async\" src=\"https:\/\/www.achilles.com\/app\/uploads\/2023\/07\/SMEs-bid-for-tenders.jpg\" alt=\"\">\r\n                    <\/div>\r\n        <div class=\"container\">\r\n            <div class=\"request_inner\">\r\n                                <div class=\"request_wrapper\">\r\n                <h2 class=\"title_section\">Contactez-nous<\/h2>\r\n                <\/div>\r\n                                <div class=\"request_box\">\r\n                                        <h5 class=\"contact_content_subtitle\">D\u00e9couvrez comment mettre en \u0153uvre les meilleures pratiques de due diligence pour votre entreprise.<\/h5>\r\n                    <script charset=\"utf-8\" type=\"text\/javascript\" src=\"\/\/js.hsforms.net\/forms\/embed\/v2.js\"><\/script>\r\n<script>\r\n  hbspt.forms.create({\r\n    region: \"na1\",\r\n    portalId: \"5387762\",\r\n    formId: \"1e0839c4-29f8-48a7-a35a-0c09c54a2433\"\r\n  });\r\n<\/script>                <\/div>\r\n            <\/div>\r\n        <\/div>\r\n    <\/div>\r\n\r\n","protected":false},"excerpt":{"rendered":"","protected":false},"author":24,"featured_media":0,"parent":0,"menu_order":0,"comment_status":"closed","ping_status":"closed","template":"","meta":{"_acf_changed":false,"content-type":"","footnotes":""},"class_list":["post-54378","page","type-page","status-publish","hentry"],"acf":[],"_links":{"self":[{"href":"https:\/\/www.achilles.com\/fr\/wp-json\/wp\/v2\/pages\/54378","targetHints":{"allow":["GET"]}}],"collection":[{"href":"https:\/\/www.achilles.com\/fr\/wp-json\/wp\/v2\/pages"}],"about":[{"href":"https:\/\/www.achilles.com\/fr\/wp-json\/wp\/v2\/types\/page"}],"author":[{"embeddable":true,"href":"https:\/\/www.achilles.com\/fr\/wp-json\/wp\/v2\/users\/24"}],"replies":[{"embeddable":true,"href":"https:\/\/www.achilles.com\/fr\/wp-json\/wp\/v2\/comments?post=54378"}],"version-history":[{"count":0,"href":"https:\/\/www.achilles.com\/fr\/wp-json\/wp\/v2\/pages\/54378\/revisions"}],"wp:attachment":[{"href":"https:\/\/www.achilles.com\/fr\/wp-json\/wp\/v2\/media?parent=54378"}],"curies":[{"name":"wp","href":"https:\/\/api.w.org\/{rel}","templated":true}]}}