{"id":43730,"date":"2023-05-16T19:12:42","date_gmt":"2023-05-16T16:12:42","guid":{"rendered":"https:\/\/uat.achilles.com\/communaute\/"},"modified":"2024-06-21T17:56:07","modified_gmt":"2024-06-21T14:56:07","slug":"communaute","status":"publish","type":"page","link":"https:\/\/www.achilles.com\/fr\/communaute\/","title":{"rendered":"R\u00e9seaux"},"content":{"rendered":"        <div class=\"content_section\" >\r\n            <div class=\"container\">\r\n                                <div class=\"description_page\">\r\n                    <h1 class=\"title_page\">All Networks<\/h1>\r\n                <\/div>\r\n                                <div class=\"network_wrap\">\r\n                                        <div class=\"network_box\">\r\n                        <div class=\"network_box_description\">\r\n                            <p class=\"network_box_title\">Global Energy<\/p>\r\n                            <div class=\"typical_text\">\r\n                                                                <p>Industrie: Energi<\/p>\r\n                                                                <p>R\u00e9gion: All Regions<\/p>\r\n                                                                <p>Acheteurs: 76<\/p>\r\n                                 \r\n                                <p>Fournisseurs: 19,065<\/p>\r\n                                 \r\n                            <\/div>\r\n                        <\/div>\r\n                        <div class=\"network_box_buttons\">\r\n                            <a class=\"btn\" href=\"https:\/\/www.achilles.com\/fr\/global-energy\/\">Explore networks<\/a>\r\n                        <\/div>\r\n                    <\/div>\r\n                                        <div class=\"network_box\">\r\n                        <div class=\"network_box_description\">\r\n                            <p class=\"network_box_title\">\u00c9nergie mondiale<\/p>\r\n                            <div class=\"typical_text\">\r\n                                                                <p>Industrie: Energi, Utilities<\/p>\r\n                                                                <p>R\u00e9gion: All Regions<\/p>\r\n                                                                <p>Acheteurs: 76<\/p>\r\n                                 \r\n                                <p>Fournisseurs: 19,065<\/p>\r\n                                 \r\n                            <\/div>\r\n                        <\/div>\r\n                        <div class=\"network_box_buttons\">\r\n                            <a class=\"btn\" href=\"https:\/\/www.achilles.com\/fr\/global-energy\/\">Explore networks<\/a>\r\n                        <\/div>\r\n                    <\/div>\r\n                                        <div class=\"network_box\">\r\n                        <div class=\"network_box_description\">\r\n                            <p class=\"network_box_title\">Achilles Network<\/p>\r\n                            <div class=\"typical_text\">\r\n                                                                <p>Industrie: Tous<\/p>\r\n                                                                <p>R\u00e9gion: All Regions<\/p>\r\n                                                                <p>Acheteurs: 229<\/p>\r\n                                 \r\n                                <p>Fournisseurs: 61,319<\/p>\r\n                                 \r\n                            <\/div>\r\n                        <\/div>\r\n                        <div class=\"network_box_buttons\">\r\n                            <a class=\"btn\" href=\"https:\/\/www.achilles.com\/fr\/achilles-network\/\">Explore networks<\/a>\r\n                        <\/div>\r\n                    <\/div>\r\n                                        <div class=\"network_box\">\r\n                        <div class=\"network_box_description\">\r\n                            <p class=\"network_box_title\">BuildingConfidence<\/p>\r\n                            <div class=\"typical_text\">\r\n                                                                <p>Industrie: Construction<\/p>\r\n                                                                <p>R\u00e9gion: Northern Europe, UK<\/p>\r\n                                                                <p>Acheteurs: 40<\/p>\r\n                                 \r\n                                <p>Fournisseurs: 10,225<\/p>\r\n                                 \r\n                            <\/div>\r\n                        <\/div>\r\n                        <div class=\"network_box_buttons\">\r\n                            <a class=\"btn\" href=\"https:\/\/www.achilles.com\/fr\/buildingconfidence\/\">Explore networks<\/a>\r\n                        <\/div>\r\n                    <\/div>\r\n                                        <div class=\"network_box\">\r\n                        <div class=\"network_box_description\">\r\n                            <p class=\"network_box_title\">Middle East and Africa<\/p>\r\n                            <div class=\"typical_text\">\r\n                                                                <p>Industrie: Tous<\/p>\r\n                                                                <p>R\u00e9gion: Middle East and Africa<\/p>\r\n                                                                <p>Acheteurs: 5<\/p>\r\n                                 \r\n                                <p>Fournisseurs: 3680<\/p>\r\n                                 \r\n                            <\/div>\r\n                        <\/div>\r\n                        <div class=\"network_box_buttons\">\r\n                            <a class=\"btn\" href=\"https:\/\/www.achilles.com\/fr\/chemicals-allied-industries\/\">Explore networks<\/a>\r\n                        <\/div>\r\n                    <\/div>\r\n                                        <div class=\"network_box\">\r\n                        <div class=\"network_box_description\">\r\n                            <p class=\"network_box_title\">Link-Up<\/p>\r\n                            <div class=\"typical_text\">\r\n                                                                <p>Industrie: Transporte<\/p>\r\n                                                                <p>R\u00e9gion: Northern Europe, UK<\/p>\r\n                                 \r\n                            <\/div>\r\n                        <\/div>\r\n                        <div class=\"network_box_buttons\">\r\n                            <a class=\"btn\" href=\"https:\/\/www.achilles.com\/fr\/link-up\/\">Explore networks<\/a>\r\n                        <\/div>\r\n                    <\/div>\r\n                                        <div class=\"network_box\">\r\n                        <div class=\"network_box_description\">\r\n                            <p class=\"network_box_title\">Regic &#8211; Mining and Cement<\/p>\r\n                            <div class=\"typical_text\">\r\n                                                                <p>Industrie: Mini\u00e8re et Ciment<\/p>\r\n                                                                <p>R\u00e9gion: All Regions<\/p>\r\n                                                                <p>Acheteurs: 16<\/p>\r\n                                 \r\n                                <p>Fournisseurs: 11954<\/p>\r\n                                 \r\n                            <\/div>\r\n                        <\/div>\r\n                        <div class=\"network_box_buttons\">\r\n                            <a class=\"btn\" href=\"https:\/\/www.achilles.com\/fr\/regic\/\">Explore networks<\/a>\r\n                        <\/div>\r\n                    <\/div>\r\n                                        <div class=\"network_box\">\r\n                        <div class=\"network_box_description\">\r\n                            <p class=\"network_box_title\">Repro<\/p>\r\n                            <div class=\"typical_text\">\r\n                                                                <p>Industrie: Energi, Utilities<\/p>\r\n                                                                <p>R\u00e9gion: South America, Southern Europe<\/p>\r\n                                                                <p>Acheteurs: 47<\/p>\r\n                                 \r\n                                <p>Fournisseurs: 23,000<\/p>\r\n                                 \r\n                            <\/div>\r\n                        <\/div>\r\n                        <div class=\"network_box_buttons\">\r\n                            <a class=\"btn\" href=\"https:\/\/www.achilles.com\/fr\/repro\/\">Explore networks<\/a>\r\n                        <\/div>\r\n                    <\/div>\r\n                                        <div class=\"network_box\">\r\n                        <div class=\"network_box_description\">\r\n                            <p class=\"network_box_title\">Hospitality<\/p>\r\n                            <div class=\"typical_text\">\r\n                                                                <p>Industrie: Producci\u00f3n industrial, Services, T\u00e9l\u00e9communications<\/p>\r\n                                                                <p>R\u00e9gion: South America, Southern Europe<\/p>\r\n                                                                <p>Acheteurs: 6<\/p>\r\n                                 \r\n                                <p>Fournisseurs: +500<\/p>\r\n                                 \r\n                            <\/div>\r\n                        <\/div>\r\n                        <div class=\"network_box_buttons\">\r\n                            <a class=\"btn\" href=\"https:\/\/www.achilles.com\/fr\/hospitality\/\">Explore networks<\/a>\r\n                        <\/div>\r\n                    <\/div>\r\n                                        <div class=\"network_box\">\r\n                        <div class=\"network_box_description\">\r\n                            <p class=\"network_box_title\">PetroPeru<\/p>\r\n                            <div class=\"typical_text\">\r\n                                                                <p>Industrie: Energi<\/p>\r\n                                                                <p>R\u00e9gion: South America<\/p>\r\n                                 \r\n                            <\/div>\r\n                        <\/div>\r\n                        <div class=\"network_box_buttons\">\r\n                            <a class=\"btn\" href=\"https:\/\/www.achilles.com\/fr\/siclar\/\">Explore networks<\/a>\r\n                        <\/div>\r\n                    <\/div>\r\n                                        <div class=\"network_box\">\r\n                        <div class=\"network_box_description\">\r\n                            <p class=\"network_box_title\">StartBANK<\/p>\r\n                            <div class=\"typical_text\">\r\n                                                                <p>Industrie: Construction<\/p>\r\n                                                                <p>R\u00e9gion: Northern Europe<\/p>\r\n                                                                <p>Acheteurs: 180<\/p>\r\n                                 \r\n                                <p>Fournisseurs: 10.000<\/p>\r\n                                 \r\n                            <\/div>\r\n                        <\/div>\r\n                        <div class=\"network_box_buttons\">\r\n                            <a class=\"btn\" href=\"https:\/\/www.achilles.com\/fr\/startbank\/\">Explore networks<\/a>\r\n                        <\/div>\r\n                    <\/div>\r\n                                        <div class=\"network_box\">\r\n                        <div class=\"network_box_description\">\r\n                            <p class=\"network_box_title\">Supply-Line<\/p>\r\n                            <div class=\"typical_text\">\r\n                                                                <p>Industrie: Energi, Services, Transporte, Utilities<\/p>\r\n                                                                <p>Acheteurs: 12<\/p>\r\n                                 \r\n                                <p>Fournisseurs: 3,200<\/p>\r\n                                 \r\n                            <\/div>\r\n                        <\/div>\r\n                        <div class=\"network_box_buttons\">\r\n                            <a class=\"btn\" href=\"https:\/\/www.achilles.com\/fr\/supply-line\/\">Explore networks<\/a>\r\n                        <\/div>\r\n                    <\/div>\r\n                                        <div class=\"network_box\">\r\n                        <div class=\"network_box_description\">\r\n                            <p class=\"network_box_title\">TransQ Nordics<\/p>\r\n                            <div class=\"typical_text\">\r\n                                                                <p>Industrie: Transporte<\/p>\r\n                                                                <p>R\u00e9gion: Northern Europe<\/p>\r\n                                                                <p>Acheteurs: 14<\/p>\r\n                                 \r\n                                <p>Fournisseurs: 2,400<\/p>\r\n                                 \r\n                            <\/div>\r\n                        <\/div>\r\n                        <div class=\"network_box_buttons\">\r\n                            <a class=\"btn\" href=\"https:\/\/www.achilles.com\/fr\/transq-nordics\/\">Explore networks<\/a>\r\n                        <\/div>\r\n                    <\/div>\r\n                                        <div class=\"network_box\">\r\n                        <div class=\"network_box_description\">\r\n                            <p class=\"network_box_title\">Services publics NCE<\/p>\r\n                            <div class=\"typical_text\">\r\n                                                                <p>Industrie: Utilities<\/p>\r\n                                                                <p>R\u00e9gion: Europe centrale, Northern Europe<\/p>\r\n                                                                <p>Acheteurs: 59<\/p>\r\n                                 \r\n                                <p>Fournisseurs: 5,000<\/p>\r\n                                 \r\n                            <\/div>\r\n                        <\/div>\r\n                        <div class=\"network_box_buttons\">\r\n                            <a class=\"btn\" href=\"https:\/\/www.achilles.com\/fr\/utilitaires-nce\/\">Explore networks<\/a>\r\n                        <\/div>\r\n                    <\/div>\r\n                                        <div class=\"network_box\">\r\n                        <div class=\"network_box_description\">\r\n                            <p class=\"network_box_title\">UVDB<\/p>\r\n                            <div class=\"typical_text\">\r\n                                                                <p>Industrie: Utilities<\/p>\r\n                                                                <p>R\u00e9gion: UK<\/p>\r\n                                                                <p>Acheteurs: 61<\/p>\r\n                                 \r\n                                <p>Fournisseurs: 6,000<\/p>\r\n                                 \r\n                            <\/div>\r\n                        <\/div>\r\n                        <div class=\"network_box_buttons\">\r\n                            <a class=\"btn\" href=\"https:\/\/www.achilles.com\/fr\/uvdb\/\">Explore networks<\/a>\r\n                        <\/div>\r\n                    <\/div>\r\n                                    <\/div>\r\n            <\/div>\r\n        <\/div>\r\n\n<embed src=\"https:\/\/my.achilles.com\/join-community?communitycode=ANT&#038;lang=en-GB\">\n<\/embed>\n\n","protected":false},"excerpt":{"rendered":"","protected":false},"author":1,"featured_media":0,"parent":0,"menu_order":0,"comment_status":"closed","ping_status":"closed","template":"","meta":{"_acf_changed":false,"content-type":"","footnotes":""},"class_list":["post-43730","page","type-page","status-publish","hentry"],"acf":[],"_links":{"self":[{"href":"https:\/\/www.achilles.com\/fr\/wp-json\/wp\/v2\/pages\/43730","targetHints":{"allow":["GET"]}}],"collection":[{"href":"https:\/\/www.achilles.com\/fr\/wp-json\/wp\/v2\/pages"}],"about":[{"href":"https:\/\/www.achilles.com\/fr\/wp-json\/wp\/v2\/types\/page"}],"author":[{"embeddable":true,"href":"https:\/\/www.achilles.com\/fr\/wp-json\/wp\/v2\/users\/1"}],"replies":[{"embeddable":true,"href":"https:\/\/www.achilles.com\/fr\/wp-json\/wp\/v2\/comments?post=43730"}],"version-history":[{"count":0,"href":"https:\/\/www.achilles.com\/fr\/wp-json\/wp\/v2\/pages\/43730\/revisions"}],"wp:attachment":[{"href":"https:\/\/www.achilles.com\/fr\/wp-json\/wp\/v2\/media?parent=43730"}],"curies":[{"name":"wp","href":"https:\/\/api.w.org\/{rel}","templated":true}]}}