{"id":25694,"date":"2023-10-12T04:32:48","date_gmt":"2023-10-12T03:32:48","guid":{"rendered":"https:\/\/www.achilles.com\/controle\/"},"modified":"2026-02-11T12:46:17","modified_gmt":"2026-02-11T12:46:17","slug":"controle","status":"publish","type":"page","link":"https:\/\/www.achilles.com\/fr\/plataforme-controlar\/","title":{"rendered":"Votre plateforme Controlar pour la gestion des sous-traitants"},"content":{"rendered":"\n<!-- Google tag (gtag.js) -->\n<script async=\"\" src=\"https:\/\/www.googletagmanager.com\/gtag\/js?id=AW-11403391351\"><\/script>\n<script>\n  window.dataLayer = window.dataLayer || [];\n  function gtag(){dataLayer.push(arguments);}\n  gtag('js', new Date());\n \n  gtag('config', 'AW-11403391351');\n<\/script>\n\n\n    <div class=\"top_section\">\n        <div class=\"container\">\n            <div class=\"top_info half\">\n                                    <h1 class=\"top_title\">Plateforme pour le contr\u00f4le de vos sous-traitants<\/h1>\n                                    <div class=\"top_text large_text\">\n                        <p>Achilles Controlar est la solution la plus simple, la plus s\u00fbre et la plus efficace pour g\u00e9rer la documentation de vos sous-traitants, garantir la conformit\u00e9 avec les r\u00e9glementations en mati\u00e8re de sant\u00e9, de s\u00e9curit\u00e9 et de travail, et pr\u00e9venir les accidents, les amendes et les p\u00e9nalit\u00e9s.<\/p>\n                    <\/div>\n                                    <div class=\"top_buttons\">\n                                                    <a class=\"btn btn_big\" href=\"\/fr\/nous-joindre\">Parlez \u00e0 un expert<\/a>\n                                            <\/div>\n                            <\/div>\n        <\/div>\n        <div class=\"top_media\">\n\t\t\t            <img decoding=\"async\" src=\"https:\/\/www.achilles.com\/app\/uploads\/2024\/10\/iStock-1414566486-scaled-1-scaled.jpg\" alt=\"\">\n                    <\/div>\n    <\/div>\n\n\n            <div class=\"content_section\">\r\n            <div class=\"container\">\r\n                <div class=\"content_wrap\">\r\n                    <div class=\"content_info ogo2\">\r\n                                                <p class=\"title_category\">LE D\u00c9FI<\/p>\r\n                                                <h2 class=\"title_section\">G\u00e9rez efficacement vos contractants et sous-traitants<\/h2>\r\n                                                <div class=\"typical_text\">\r\n                            <p>Collecter l\u2019ensemble de la documentation requise, la maintenir \u00e0 jour et en garantir la validit\u00e9 lorsque vous travaillez avec diff\u00e9rents contractants peut rapidement devenir une t\u00e2che complexe et chronophage. Achilles Controlar transforme la coordination des activit\u00e9s des entreprises en un processus simple, structur\u00e9 et efficace.<\/p>\n                        <\/div>\r\n                                            <\/div>\r\n\t\t\t\t\t\t\t\t\t\t\r\n                                        <div class=\"content_media\">\r\n                        <img decoding=\"async\" src=\"https:\/\/www.achilles.com\/app\/uploads\/2024\/12\/Untitled-design-14.png\" width=\"500\" alt=\"Control acceso\">\r\n                    <\/div>\r\n                                    <\/div>\r\n            <\/div>\r\n        <\/div>\r\n    \n\n    <div class=\"content_section bg_grey\">\r\n        <div class=\"container\">\r\n                        <div class=\"description_section\">\r\n                                <p class=\"title_category\">CE QUE NOUS FAISONS<\/p>\r\n                                <h2 class=\"title_section\">Contr\u00f4le documentaire s\u00e9curis\u00e9<\/h2>\r\n                                <div class=\"typical_text\">\r\n                    <p>Achilles accompagne des entreprises de tous les secteurs dans la r\u00e9duction des risques li\u00e9s \u00e0 la sous-traitance, en connectant les entreprises et leurs contractants sur une plateforme unique, intuitive, agile et facile \u00e0 utiliser.<br data-start=\"312\" data-end=\"315\" \/>De plus, notre \u00e9quipe de techniciens en pr\u00e9vention des risques professionnels (PRL) accompagne vos contractants tout au long du processus afin de garantir le d\u00e9p\u00f4t correct de leur documentation et d\u2019assurer la continuit\u00e9 de vos projets, sans retards ni interruptions.<\/p>\n                <\/div>\r\n                            <\/div>\r\n                        <div class=\"features_wrap\">\r\n                                <div class=\"feature_item\">\r\n                                        <div class=\"feature_item_icon\">\r\n                        <img decoding=\"async\" src=\"https:\/\/www.achilles.com\/app\/uploads\/2024\/12\/Icons-Controlar-5.png\" alt=\"\">\r\n                    <\/div>\r\n                                        <h3 class=\"feature_item_name\">D\u00e9lais<\/h3>\r\n                                        <div class=\"typical_text\">\r\n                        <p>Nous savons que le temps est pr\u00e9cieux. Nous validons la documentation de vos contractants en moins de 24 heures.<\/p>\n                    <\/div>\r\n                                    <\/div>\r\n                                <div class=\"feature_item\">\r\n                                        <div class=\"feature_item_icon\">\r\n                        <img decoding=\"async\" src=\"https:\/\/www.achilles.com\/app\/uploads\/2024\/12\/Icons-Controlar-4.png\" alt=\"\">\r\n                    <\/div>\r\n                                        <h3 class=\"feature_item_name\">Urgences<\/h3>\r\n                                        <div class=\"typical_text\">\r\n                        <p>Nous sommes conscients que certaines situations peuvent \u00e9chapper \u00e0 tout contr\u00f4le. Si n\u00e9cessaire, nous validons la documentation en temps r\u00e9el \u00e0 la demande du client.<\/p>\n                    <\/div>\r\n                                    <\/div>\r\n                                <div class=\"feature_item\">\r\n                                        <div class=\"feature_item_icon\">\r\n                        <img decoding=\"async\" src=\"https:\/\/www.achilles.com\/app\/uploads\/2024\/12\/Icons-Controlar-7.png\" alt=\"\">\r\n                    <\/div>\r\n                                        <h3 class=\"feature_item_name\">Conseils<\/h3>\r\n                                        <div class=\"typical_text\">\r\n                        <p>Nos techniciens en pr\u00e9vention des risques professionnels (PRL) accompagnent vos entreprises tout au long du processus afin de garantir un acc\u00e8s rapide et s\u00e9curis\u00e9 \u00e0 vos installations.<\/p>\n                    <\/div>\r\n                                    <\/div>\r\n                            <\/div>\r\n                    <\/div>\r\n    <\/div>\r\n\n\n     <div class=\"stats_section\">\r\n        <div class=\"stats_bg\">\r\n                        <img decoding=\"async\" src=\"https:\/\/www.achilles.com\/app\/uploads\/2024\/11\/xxxx.jpg\" alt=\"worker in a high visibility jacket and hard hat\">\r\n                    <\/div>\r\n        <div class=\"container\">\r\n            <div class=\"stats_inner\">\r\n                <div class=\"corner corner_top_left\"><\/div>\r\n                <div class=\"corner corner_top_right\"><\/div>\r\n                <div class=\"corner corner_bottom_left\"><\/div>\r\n                <div class=\"corner corner_bottom_right\"><\/div>\r\n                <div class=\"stats_wrap stats_anim\">\r\n                                        <div class=\"stats_item stats_anim_item\" data-total=\"200000\">\r\n                        <div class=\"stats_item_inner\">\r\n                            <p class=\"stats_item_count\"><span class=\"stats_anim_total\">0<\/span><span class=\"stats_item_symbol\">+<\/span><\/p>\r\n                                                        <p class=\"stats_item_name\">travailleurs enregistr\u00e9s, avec l\u2019ensemble de la documentation t\u00e9l\u00e9charg\u00e9e et tenue \u00e0 jour<\/p>\r\n                                                    <\/div>\r\n                    <\/div>\r\n                                        <div class=\"stats_item stats_anim_item\" data-total=\"30000\">\r\n                        <div class=\"stats_item_inner\">\r\n                            <p class=\"stats_item_count\"><span class=\"stats_anim_total\">0<\/span><span class=\"stats_item_symbol\">+<\/span><\/p>\r\n                                                        <p class=\"stats_item_name\">contrats exclusivement en Europe du Sud<\/p>\r\n                                                    <\/div>\r\n                    <\/div>\r\n                                        <div class=\"stats_item stats_anim_item\" data-total=\"3000\">\r\n                        <div class=\"stats_item_inner\">\r\n                            <p class=\"stats_item_count\"><span class=\"stats_anim_total\">0<\/span><span class=\"stats_item_symbol\">+<\/span><\/p>\r\n                                                        <p class=\"stats_item_name\">contrats en Am\u00e9rique latine<\/p>\r\n                                                    <\/div>\r\n                    <\/div>\r\n                                    <\/div>\r\n            <\/div>\r\n        <\/div>\r\n    <\/div>\r\n\n\n    <div class=\"content_section\">\r\n        <div class=\"container\">\r\n                        <div class=\"description_section\">\r\n                                <p class=\"title_category\">Quelques-uns de nos clients<\/p>\r\n                                <h2 class=\"title_section\">Les grandes entreprises choisissent de Controlar<\/h2>\r\n                            <\/div>\r\n                        <div class=\"logos_wrap\">\r\n                                <div class=\"logo_item\">\r\n                    <img decoding=\"async\" src=\"https:\/\/www.achilles.com\/app\/uploads\/2023\/10\/atlantic_cooper.png\" alt=\"\" width=\"185\">\r\n                <\/div>\r\n                                <div class=\"logo_item\">\r\n                    <img decoding=\"async\" src=\"https:\/\/www.achilles.com\/app\/uploads\/2023\/10\/acerinox-logo.jpeg\" alt=\"\" width=\"120\">\r\n                <\/div>\r\n                                <div class=\"logo_item\">\r\n                    <img decoding=\"async\" src=\"https:\/\/www.achilles.com\/app\/uploads\/2023\/10\/cemex-logo.jpeg\" alt=\"\" width=\"184\">\r\n                <\/div>\r\n                                <div class=\"logo_item\">\r\n                    <img decoding=\"async\" src=\"https:\/\/www.achilles.com\/app\/uploads\/2023\/10\/Naturgy-transparent.png\" alt=\"\" width=\"185\">\r\n                <\/div>\r\n                                <div class=\"logo_item\">\r\n                    <img decoding=\"async\" src=\"https:\/\/www.achilles.com\/app\/uploads\/2023\/11\/2560px-Indra-Sistemas-Logo.svg_.png\" alt=\"\" width=\"182\">\r\n                <\/div>\r\n                                <div class=\"logo_item\">\r\n                    <img decoding=\"async\" src=\"https:\/\/www.achilles.com\/app\/uploads\/2024\/12\/Schneider-Electric-Logo.jpg\" alt=\"\" width=\"184\">\r\n                <\/div>\r\n                                <div class=\"logo_item\">\r\n                    <img decoding=\"async\" src=\"https:\/\/www.achilles.com\/app\/uploads\/2024\/11\/Moeve_fondo_transparente.png\" alt=\"Moeve logo representing how Achilles supports the world's biggest companies to manage supply chain risk\" width=\"185\">\r\n                <\/div>\r\n                                <div class=\"logo_item\">\r\n                    <img decoding=\"async\" src=\"https:\/\/www.achilles.com\/app\/uploads\/2024\/12\/weatherford.png\" alt=\"\" width=\"180\">\r\n                <\/div>\r\n                                <div class=\"logo_item\">\r\n                    <img decoding=\"async\" src=\"https:\/\/www.achilles.com\/app\/uploads\/2026\/02\/Airbus-logo.jpg\" alt=\"Airbus logo\" width=\"140\">\r\n                <\/div>\r\n                                <div class=\"logo_item\">\r\n                    <img decoding=\"async\" src=\"https:\/\/www.achilles.com\/app\/uploads\/2023\/10\/Berge-logo.jpeg\" alt=\"\" width=\"185\">\r\n                <\/div>\r\n                            <\/div>\r\n                    <\/div>\r\n    <\/div>\r\n\n\n    <div class=\"content_section bg_grey\">\r\n        <div class=\"container\">\r\n                        <div class=\"description_section full\">\r\n                                <p class=\"title_category\">Histoire d&#8217;une r\u00e9ussite<\/p>\r\n                                <h2 class=\"title_section\">L&#8217;exp\u00e9rience d&#8217;Atlantic Copper avec Controlar<\/h2>\r\n                                <div class=\"typical_text\">\r\n                    <p>&nbsp;<\/p>\n<div style=\"float: left; margin: 0px 50px 0px 10px;\"><iframe loading=\"lazy\" title=\"YouTube video player\" src=\"https:\/\/www.youtube.com\/embed\/BZVKwBOqsYc?si=YVRttUscSAXDncVF&amp;controls=0\" width=\"560\" height=\"315\" frameborder=\"0\" allowfullscreen=\"allowfullscreen\"><\/iframe><\/div>\n<p>&nbsp;<\/p>\n<p style=\"font-size: 20px;\"><strong>Pourquoi Controlar<\/strong><\/p>\n<p>Chez <span class=\"hover:entity-accent entity-underline inline cursor-pointer align-baseline\"><span class=\"whitespace-normal\">Achilles<\/span><\/span>, nous accompagnons depuis plus de 15 ans nos clients dans la gestion de la Coordination des Activit\u00e9s des Entreprises, en garantissant la s\u00e9curit\u00e9 et la sant\u00e9 des contractants et des sous-traitants.<br data-start=\"269\" data-end=\"272\" \/><span class=\"hover:entity-accent entity-underline inline cursor-pointer align-baseline\"><span class=\"whitespace-normal\">Atlantic Copper<\/span><\/span> souligne comment la plateforme Controlar simplifie la gestion documentaire de 3 555 travailleurs, v\u00e9hicules et machines, tout en offrant un contr\u00f4le en temps r\u00e9el pour pr\u00e9venir les risques li\u00e9s \u00e0 la pr\u00e9vention des risques professionnels (PRL).<\/p>\n<p>&nbsp;<\/p>\n<p>&nbsp;<\/p>\n<p>&nbsp;<\/p>\n<p>&nbsp;<\/p>\n                <\/div>\r\n                            <\/div>\r\n                    <\/div>\r\n    <\/div>\r\n\n\n    <div class=\"content_section\">\r\n        <div class=\"container\">\r\n            <div class=\"services_wrap\">\r\n                                <div class=\"services_left\">\r\n                                        <p class=\"title_category\">COMMENT \u00c7A MARCHE<\/p>\r\n                                        <h2 class=\"title_section\">La solution de contr\u00f4le des entrepreneurs que vous recherchiez<\/h2>\r\n                                        <div class=\"typical_text\">\r\n                        <p>Chez <strong data-start=\"5\" data-end=\"46\"><span class=\"hover:entity-accent entity-underline inline cursor-pointer align-baseline\"><span class=\"whitespace-normal\">Achilles<\/span><\/span><\/strong>, nous g\u00e9rons plus de <strong data-start=\"68\" data-end=\"104\">30 000 contrats en Europe du Sud<\/strong> et plus de <strong data-start=\"116\" data-end=\"144\">3 000 en Am\u00e9rique latine<\/strong>, en aidant nos clients \u00e0 r\u00e9duire les risques sur leurs sites et \u00e0 \u00e9viter les sanctions li\u00e9es au non-respect des exigences r\u00e9glementaires.<\/p>\n                    <\/div>\r\n                                    <\/div>\r\n                                <div class=\"services_right\">\r\n                    <div class=\"services_list\">\r\n                                                <div class=\"service_box\">\r\n                                                        <p class=\"service_box_name\">\r\n                                <span class=\"service_box_check icon-Success\"><\/span>\r\n                                Nous d\u00e9finissons votre solution                            <\/p>\r\n                                                        <div class=\"typical_text\">\r\n                                <p>Nous travaillons avec vous pour concevoir une plateforme sur mesure, adapt\u00e9e aux besoins sp\u00e9cifiques de votre entreprise et de vos \u00e9quipes. Nous analysons vos processus et d\u00e9finissons les solutions les plus adapt\u00e9es pour optimiser la gestion des contractants.<\/p>\r\n                            <\/div>\r\n                                                    <\/div>\r\n                                                <div class=\"service_box\">\r\n                                                        <p class=\"service_box_name\">\r\n                                <span class=\"service_box_check icon-Success\"><\/span>\r\n                                Nous cr\u00e9ons votre plateforme                            <\/p>\r\n                                                        <div class=\"typical_text\">\r\n                                <p>Nous d\u00e9veloppons une plateforme personnalis\u00e9e, con\u00e7ue en collaboration avec vous et ax\u00e9e sur la facilitation d\u2019un contr\u00f4le efficace de vos fournisseurs et de vos contractants.<\/p>\r\n                            <\/div>\r\n                                                    <\/div>\r\n                                                <div class=\"service_box\">\r\n                                                        <p class=\"service_box_name\">\r\n                                <span class=\"service_box_check icon-Success\"><\/span>\r\n                                Nous formons votre \u00e9quipe                            <\/p>\r\n                                                        <div class=\"typical_text\">\r\n                                <p>Nous formons vos contractants afin que leur acc\u00e8s \u00e0 vos installations soit rapide, simple et s\u00e9curis\u00e9, en garantissant qu\u2019ils comprennent et respectent l\u2019ensemble des exigences requises.<\/p>\r\n                            <\/div>\r\n                                                    <\/div>\r\n                                            <\/div>\r\n                <\/div>\r\n                            <\/div>\r\n        <\/div>\r\n    <\/div>\r\n\n\n    <div class=\"content_section\">\r\n        <div class=\"container\">\r\n                        <div class=\"posts_panel\">\r\n                <div class=\"description_section\">\r\n                                        <p class=\"title_category\">Ce que disent nos clients<\/p>\r\n                     \r\n                    <h2 class=\"title_section\">Recommand\u00e9 pour toi<\/h2>\r\n                                    <\/div>\r\n                            <\/div>\r\n                                    <div class=\"posts_wrap\">\r\n                                <div class=\"post_item\">\r\n                    <div class=\"post_item_top\">\r\n                                                <a class=\"post_item_img\" href=\"https:\/\/www.achilles.com\/fr\/informations-sectorielles\/google-centres-donnees-fournisseurs\/\">\r\n                            <img decoding=\"async\" src=\"https:\/\/www.achilles.com\/app\/uploads\/2026\/03\/Achilles-Google-Supply-Chain-Risk-banner.png\" alt=\"D\u00e9velopper un r\u00e9seau \u00e9volutif, durable et r\u00e9silient pour les projets de centres de donn\u00e9es\">\r\n                        <\/a>\r\n                                                <ul class=\"post_item_categories\">\r\n                                                        <li>\u00c9tudes de cas<\/li>\r\n                                                        <li>Informations sectorielles<\/li>\r\n                                                    <\/ul>\r\n                    <\/div>\r\n                    <a class=\"post_item_name\" href=\"https:\/\/www.achilles.com\/fr\/informations-sectorielles\/google-centres-donnees-fournisseurs\/\">D\u00e9velopper un r\u00e9seau \u00e9volutif, durable et r\u00e9silient pour les projets de centres de donn\u00e9es<\/a>\r\n                <\/div>\r\n                                <div class=\"post_item\">\r\n                    <div class=\"post_item_top\">\r\n                                                <a class=\"post_item_img\" href=\"https:\/\/www.achilles.com\/fr\/informations-sectorielles\/fcc-construccion-une-entreprise-mondiale-avec-une-chaine-dapprovisionnement-a-lepreuve-du-temps\/\">\r\n                            <img decoding=\"async\" src=\"https:\/\/www.achilles.com\/app\/uploads\/2025\/12\/Gestion-de-Contratistas.jpg\" alt=\"FCC Construcci\u00f3n : Une entreprise mondiale avec une cha\u00eene d&#8217;approvisionnement \u00e0 l&#8217;\u00e9preuve du temps\">\r\n                        <\/a>\r\n                                                <ul class=\"post_item_categories\">\r\n                                                        <li>\u00c9tudes de cas<\/li>\r\n                                                        <li>Informations sectorielles<\/li>\r\n                                                    <\/ul>\r\n                    <\/div>\r\n                    <a class=\"post_item_name\" href=\"https:\/\/www.achilles.com\/fr\/informations-sectorielles\/fcc-construccion-une-entreprise-mondiale-avec-une-chaine-dapprovisionnement-a-lepreuve-du-temps\/\">FCC Construcci\u00f3n : Une entreprise mondiale avec une cha\u00eene d&#8217;approvisionnement \u00e0 l&#8217;\u00e9preuve du temps<\/a>\r\n                <\/div>\r\n                                <div class=\"post_item\">\r\n                    <div class=\"post_item_top\">\r\n                                                <a class=\"post_item_img\" href=\"https:\/\/www.achilles.com\/fr\/informations-sectorielles\/gridspertise-et-achilles-chaine-approvisionnement-durable\/\">\r\n                            <img decoding=\"async\" src=\"https:\/\/www.achilles.com\/app\/uploads\/2024\/06\/AdobeStock_425105540-scaled.jpeg\" alt=\"Gridspertise et Achilles, un partenariat strat\u00e9gique pour une supply chain toujours plus durable et intelligente dans le secteur de l\u2019\u00e9nergie\">\r\n                        <\/a>\r\n                                                <ul class=\"post_item_categories\">\r\n                                                        <li>\u00c9tudes de cas<\/li>\r\n                                                        <li>Informations sectorielles<\/li>\r\n                                                    <\/ul>\r\n                    <\/div>\r\n                    <a class=\"post_item_name\" href=\"https:\/\/www.achilles.com\/fr\/informations-sectorielles\/gridspertise-et-achilles-chaine-approvisionnement-durable\/\">Gridspertise et Achilles, un partenariat strat\u00e9gique pour une supply chain toujours plus durable et intelligente dans le secteur de l\u2019\u00e9nergie<\/a>\r\n                <\/div>\r\n                            <\/div>\r\n                    <\/div>\r\n    <\/div>\r\n\n\n    <div class=\"request_section\">\r\n        <div class=\"contact_bg\">\r\n                    <\/div>\r\n        <div class=\"container\">\r\n            <div class=\"request_inner\">\r\n                                <div class=\"request_wrapper\">\r\n                <h2 class=\"title_section\">Contactez-nous pour discuter de la gestion de vos contractants<\/h2>\r\n                <\/div>\r\n                                <div class=\"request_box\">\r\n                    <script charset=\"utf-8\" type=\"text\/javascript\" src=\"\/\/js.hsforms.net\/forms\/embed\/v2.js\"><\/script>\r\n<script>\r\n  hbspt.forms.create({\r\n    portalId: \"5387762\",\r\n    formId: \"1e0839c4-29f8-48a7-a35a-0c09c54a2433\",\r\n    region: \"na1\"\r\n  });\r\n<\/script>                <\/div>\r\n            <\/div>\r\n        <\/div>\r\n    <\/div>\r\n\r\n","protected":false},"excerpt":{"rendered":"","protected":false},"author":2,"featured_media":0,"parent":0,"menu_order":0,"comment_status":"closed","ping_status":"closed","template":"","meta":{"_acf_changed":true,"content-type":"","footnotes":""},"class_list":["post-25694","page","type-page","status-publish","hentry"],"acf":[],"_links":{"self":[{"href":"https:\/\/www.achilles.com\/fr\/wp-json\/wp\/v2\/pages\/25694","targetHints":{"allow":["GET"]}}],"collection":[{"href":"https:\/\/www.achilles.com\/fr\/wp-json\/wp\/v2\/pages"}],"about":[{"href":"https:\/\/www.achilles.com\/fr\/wp-json\/wp\/v2\/types\/page"}],"author":[{"embeddable":true,"href":"https:\/\/www.achilles.com\/fr\/wp-json\/wp\/v2\/users\/2"}],"replies":[{"embeddable":true,"href":"https:\/\/www.achilles.com\/fr\/wp-json\/wp\/v2\/comments?post=25694"}],"version-history":[{"count":0,"href":"https:\/\/www.achilles.com\/fr\/wp-json\/wp\/v2\/pages\/25694\/revisions"}],"wp:attachment":[{"href":"https:\/\/www.achilles.com\/fr\/wp-json\/wp\/v2\/media?parent=25694"}],"curies":[{"name":"wp","href":"https:\/\/api.w.org\/{rel}","templated":true}]}}