{"id":25563,"date":"2023-09-30T16:56:43","date_gmt":"2023-09-30T15:56:43","guid":{"rendered":"https:\/\/www.achilles.com\/fruits-de-mer-isabelle\/"},"modified":"2023-11-12T03:07:21","modified_gmt":"2023-11-12T00:07:21","slug":"produits-de-la-mer","status":"publish","type":"page","link":"https:\/\/www.achilles.com\/fr\/produits-de-la-mer\/","title":{"rendered":"Produits de la mer"},"content":{"rendered":"    <div class=\"top_section\">\n        <div class=\"container\">\n            <div class=\"top_info\">\n                                    <h1 class=\"top_title\">Fruits de mer<\/h1>\n                                    <div class=\"top_text\">\n                        <p><span class=\"jCAhz ChMk0b\"><span class=\"ryNqvb\">Un r\u00e9seau d\u00e9di\u00e9 aux acheteurs et aux fournisseurs de l&#8217;industrie des fruits de mer, d\u00e9velopp\u00e9 pour et par les plus grands acteurs de l&#8217;industrie en collaboration avec Achilles.<\/span><\/span> <span class=\"jCAhz ChMk0b\"><span class=\"ryNqvb\">Nous soutenons l&#8217;industrie avec des solutions de conformit\u00e9 et de respect de la loi sur la transparence ainsi que de l&#8217;\u00e9thique environnementale, sociale et commerciale tout au long de la cha\u00eene d&#8217;approvisionnement.<\/span><\/span><\/p>\n                    <\/div>\n                                    <div class=\"top_buttons\">\n                                                    <a class=\"btn btn_white btn_big\" href=\"\/fr\/nous-joindre\">Parlez-nous<\/a>\n                                            <\/div>\n                            <\/div>\n        <\/div>\n        <div class=\"top_media\">\n\t\t\t        <\/div>\n    <\/div>\n\n\n    <div class=\"content_section\">\r\n        <div class=\"container\">\r\n                        <div class=\"description_section\">\r\n                                <p class=\"title_category\">CLIENTS D&#8217;ACHILLE<\/p>\r\n                                <h2 class=\"title_section\">Les plus grandes entreprises \u00e9nerg\u00e9tiques du monde choisissent Achilles<\/h2>\r\n                                <div class=\"typical_text middle_text\">\r\n                    <p>Achilles travaille avec les plus grandes entreprises de produits de la mer au monde en apportant son soutien sur tous les continents pour r\u00e9duire l&#8217;impact environnemental, \u00e9radiquer l&#8217;esclavage moderne, soutenir les am\u00e9liorations continues de la cha\u00eene d&#8217;approvisionnement et assurer la confiance des rapports de diligence raisonnable de la cha\u00eene d&#8217;approvisionnement.<\/p>\n                <\/div>\r\n                            <\/div>\r\n                        <div class=\"logos_wrap\">\r\n                                <div class=\"logo_item\">\r\n                    <img decoding=\"async\" src=\"https:\/\/www.achilles.com\/app\/uploads\/2023\/10\/1200px-Leroy_logo.svg.png\" alt=\"\" width=\"250\">\r\n                <\/div>\r\n                                <div class=\"logo_item\">\r\n                    <img decoding=\"async\" src=\"https:\/\/www.achilles.com\/app\/uploads\/2023\/10\/Grieg_Seafood_logo.svg\" alt=\"\" width=\"250\">\r\n                <\/div>\r\n                                <div class=\"logo_item\">\r\n                    <img decoding=\"async\" src=\"https:\/\/www.achilles.com\/app\/uploads\/2023\/10\/NovaSea_Hovedlogo_GraaRoed_CMYK.png\" alt=\"\" width=\"250\">\r\n                <\/div>\r\n                                <div class=\"logo_item\">\r\n                    <img decoding=\"async\" src=\"https:\/\/www.achilles.com\/app\/uploads\/2023\/10\/Cermaq.png\" alt=\"\" width=\"246\">\r\n                <\/div>\r\n                                <div class=\"logo_item\">\r\n                    <img decoding=\"async\" src=\"https:\/\/www.achilles.com\/app\/uploads\/2023\/10\/MOWI_LOGOS-01.png\" alt=\"\" width=\"248\">\r\n                <\/div>\r\n                            <\/div>\r\n                    <\/div>\r\n    <\/div>\r\n\n\n    <div class=\"content_section\">\r\n        <div class=\"container\">\r\n                        <div class=\"posts_panel\">\r\n                <div class=\"description_section\">\r\n                                        <p class=\"title_category\">T\u00e9moignages de clients<\/p>\r\n                     \r\n                    <h2 class=\"title_section\">Les clients d&#8217;Achilles sont des leaders du march\u00e9 \u00e0 la pointe de la gouvernance environnementale et sociale.<\/h2>\r\n                                    <\/div>\r\n                            <\/div>\r\n                                    <div class=\"posts_wrap\">\r\n                                <div class=\"post_item\">\r\n                    <div class=\"post_item_top\">\r\n                                                <a class=\"post_item_img\" href=\"https:\/\/www.achilles.com\/fr\/informations-sectorielles\/google-centres-donnees-fournisseurs\/\">\r\n                            <img decoding=\"async\" src=\"https:\/\/www.achilles.com\/app\/uploads\/2026\/03\/Achilles-Google-Supply-Chain-Risk-banner.png\" alt=\"D\u00e9velopper un r\u00e9seau \u00e9volutif, durable et r\u00e9silient pour les projets de centres de donn\u00e9es\">\r\n                        <\/a>\r\n                                                <ul class=\"post_item_categories\">\r\n                                                        <li>\u00c9tudes de cas<\/li>\r\n                                                        <li>Informations sectorielles<\/li>\r\n                                                    <\/ul>\r\n                    <\/div>\r\n                    <a class=\"post_item_name\" href=\"https:\/\/www.achilles.com\/fr\/informations-sectorielles\/google-centres-donnees-fournisseurs\/\">D\u00e9velopper un r\u00e9seau \u00e9volutif, durable et r\u00e9silient pour les projets de centres de donn\u00e9es<\/a>\r\n                <\/div>\r\n                                <div class=\"post_item\">\r\n                    <div class=\"post_item_top\">\r\n                                                <a class=\"post_item_img\" href=\"https:\/\/www.achilles.com\/fr\/informations-sectorielles\/fcc-construccion-une-entreprise-mondiale-avec-une-chaine-dapprovisionnement-a-lepreuve-du-temps\/\">\r\n                            <img decoding=\"async\" src=\"https:\/\/www.achilles.com\/app\/uploads\/2025\/12\/Gestion-de-Contratistas.jpg\" alt=\"FCC Construcci\u00f3n : Une entreprise mondiale avec une cha\u00eene d&#8217;approvisionnement \u00e0 l&#8217;\u00e9preuve du temps\">\r\n                        <\/a>\r\n                                                <ul class=\"post_item_categories\">\r\n                                                        <li>\u00c9tudes de cas<\/li>\r\n                                                        <li>Informations sectorielles<\/li>\r\n                                                    <\/ul>\r\n                    <\/div>\r\n                    <a class=\"post_item_name\" href=\"https:\/\/www.achilles.com\/fr\/informations-sectorielles\/fcc-construccion-une-entreprise-mondiale-avec-une-chaine-dapprovisionnement-a-lepreuve-du-temps\/\">FCC Construcci\u00f3n : Une entreprise mondiale avec une cha\u00eene d&#8217;approvisionnement \u00e0 l&#8217;\u00e9preuve du temps<\/a>\r\n                <\/div>\r\n                                <div class=\"post_item\">\r\n                    <div class=\"post_item_top\">\r\n                                                <a class=\"post_item_img\" href=\"https:\/\/www.achilles.com\/fr\/informations-sectorielles\/gridspertise-et-achilles-chaine-approvisionnement-durable\/\">\r\n                            <img decoding=\"async\" src=\"https:\/\/www.achilles.com\/app\/uploads\/2024\/06\/AdobeStock_425105540-scaled.jpeg\" alt=\"Gridspertise et Achilles, un partenariat strat\u00e9gique pour une supply chain toujours plus durable et intelligente dans le secteur de l\u2019\u00e9nergie\">\r\n                        <\/a>\r\n                                                <ul class=\"post_item_categories\">\r\n                                                        <li>\u00c9tudes de cas<\/li>\r\n                                                        <li>Informations sectorielles<\/li>\r\n                                                    <\/ul>\r\n                    <\/div>\r\n                    <a class=\"post_item_name\" href=\"https:\/\/www.achilles.com\/fr\/informations-sectorielles\/gridspertise-et-achilles-chaine-approvisionnement-durable\/\">Gridspertise et Achilles, un partenariat strat\u00e9gique pour une supply chain toujours plus durable et intelligente dans le secteur de l\u2019\u00e9nergie<\/a>\r\n                <\/div>\r\n                            <\/div>\r\n                    <\/div>\r\n    <\/div>\r\n\n\n    <div class=\"content_section\">\r\n        <div class=\"container\">\r\n                        <div class=\"description_section\">\r\n                                <p class=\"title_category\">SOLUTIONS POUR LA CHA\u00ceNE D&#8217;APPROVISIONNEMENT<\/p>\r\n                                <h2 class=\"title_section\">Des solutions pour une industrie des fruits de mer plus s\u00fbre, plus \u00e9quitable et moins carbon\u00e9e.<\/h2>\r\n                                <div class=\"typical_text middle_text\">\r\n                    <p>Achilles a plusieurs d\u00e9cennies d&#8217;exp\u00e9rience dans la collaboration avec les plus grandes entreprises \u00e9nerg\u00e9tiques du monde pour faire face aux risques li\u00e9s \u00e0 la cha\u00eene d&#8217;approvisionnement, r\u00e9duire les \u00e9missions de carbone et assurer une transparence exceptionnelle de la cha\u00eene d&#8217;approvisionnement.<\/p>\n                <\/div>\r\n                            <\/div>\r\n                        <div class=\"features_wrap features_four\">\r\n                                <div class=\"feature_item\">\r\n                                        <div class=\"feature_item_icon\">\r\n                        <img decoding=\"async\" src=\"https:\/\/www.achilles.com\/app\/uploads\/2023\/09\/icon_common-file-text-check.png\" alt=\"\">\r\n                    <\/div>\r\n                                        <h3 class=\"feature_item_name\">R\u00e9seau de fournisseurs pr\u00e9qualifi\u00e9s<\/h3>\r\n                                        <div class=\"typical_text\">\r\n                        <p>Acc\u00e9dez \u00e0 une base de donn\u00e9es rigoureusement valid\u00e9e de fournisseurs pr\u00e9qualifi\u00e9s du secteur de la construction qui respectent les r\u00e9glementations locales et internationales en mati\u00e8re d&#8217;ESG et d&#8217;approvisionnement.<\/p>\n                    <\/div>\r\n                                        <a class=\"btn\" aria-label=\"R\u00e9seau de fournisseurs pr\u00e9qualifi\u00e9s - En savoir plus\" href=\"\/fr\/fournisseurs-prequalifies\">En savoir plus<\/a>\r\n                                    <\/div>\r\n                                <div class=\"feature_item\">\r\n                                        <div class=\"feature_item_icon\">\r\n                        <img decoding=\"async\" src=\"https:\/\/www.achilles.com\/app\/uploads\/2023\/09\/icon_user-network-1.png\" alt=\"on site audits\">\r\n                    <\/div>\r\n                                        <h3 class=\"feature_item_name\">Diligence raisonnable \u00e0 l&#8217;\u00e9gard des fournisseurs<\/h3>\r\n                                        <div class=\"typical_text\">\r\n                        <p>\u00c9valuation et validation rigoureuses de votre cha\u00eene d&#8217;approvisionnement afin de garantir que vos fournisseurs respectent vos normes et que vous \u00eates en conformit\u00e9 avec les r\u00e9glementations applicables \u00e0 vos activit\u00e9s.<\/p>\n                    <\/div>\r\n                                        <a class=\"btn\" aria-label=\"Diligence raisonnable \u00e0 l'\u00e9gard des fournisseurs - En savoir plus\" href=\"\/fr\/chaines-dapprovisionnement-durables\">En savoir plus<\/a>\r\n                                    <\/div>\r\n                                <div class=\"feature_item\">\r\n                                        <div class=\"feature_item_icon\">\r\n                        <img decoding=\"async\" src=\"https:\/\/www.achilles.com\/app\/uploads\/2023\/09\/Icon_air-pollution-co2-down-2.png\" alt=\"\">\r\n                    <\/div>\r\n                                        <h3 class=\"feature_item_name\">R\u00e9duction du carbone<\/h3>\r\n                                        <div class=\"typical_text\">\r\n                        <p>Mesurez, g\u00e9rez et r\u00e9duisez efficacement votre empreinte carbone gr\u00e2ce au seul syst\u00e8me de gestion du carbone ISO14064-1 au monde.<\/p>\n                    <\/div>\r\n                                        <a class=\"btn\" aria-label=\"R\u00e9duction du carbone - En savoir plus\" href=\"\/fr\/reduction-de-carbone\">En savoir plus<\/a>\r\n                                    <\/div>\r\n                                <div class=\"feature_item\">\r\n                                        <div class=\"feature_item_icon\">\r\n                        <img decoding=\"async\" src=\"https:\/\/www.achilles.com\/app\/uploads\/2023\/09\/saving-bank-1.png\" alt=\"\">\r\n                    <\/div>\r\n                                        <h3 class=\"feature_item_name\">D\u00e9claration d&#8217;assurance<\/h3>\r\n                                        <div class=\"typical_text\">\r\n                        <p>D\u00e9montrer clairement aux pr\u00eateurs et aux autres parties prenantes votre performance par rapport aux indicateurs cl\u00e9s de performance ESG et aux objectifs de performance en mati\u00e8re de d\u00e9veloppement durable (SPT).<\/p>\n                    <\/div>\r\n                                        <a class=\"btn\" aria-label=\"D\u00e9claration d'assurance - En savoir plus\" href=\"\/fr\/finance-durable\">En savoir plus<\/a>\r\n                                    <\/div>\r\n                            <\/div>\r\n                    <\/div>\r\n    <\/div>\r\n\n\n    <div class=\"content_section\">\r\n        <div class=\"container\">\r\n                        <div class=\"posts_panel\">\r\n                <div class=\"description_section\">\r\n                                        <p class=\"title_category\">Aper\u00e7u de l&#8217;industrie Achilles<\/p>\r\n                     \r\n                    <h2 class=\"title_section\">Recommand\u00e9 pour toi (mise \u00e0 jour pour l&#8217;\u00e9nergie sp\u00e9cifique)<\/h2>\r\n                                    <\/div>\r\n                            <\/div>\r\n                                    <div class=\"posts_wrap\">\r\n                                <div class=\"post_item\">\r\n                    <div class=\"post_item_top\">\r\n                                                <a class=\"post_item_img\" href=\"https:\/\/www.achilles.com\/fr\/lenquete-mondiale-dachilles-revele-dimportantes-lacunes-de-visibilite-dans-les-chaines-dapprovisionnement\/\">\r\n                            <img decoding=\"async\" src=\"https:\/\/www.achilles.com\/app\/uploads\/2026\/03\/Web-page-top-banner-thumbnail-of-Achilles-Global-Supplier-Risk-and-Sustainability-Survey-2026.jpg\" alt=\"L&#8217;enqu\u00eate mondiale d&#8217;Achilles r\u00e9v\u00e8le d&#8217;importantes lacunes de visibilit\u00e9 dans les cha\u00eenes d&#8217;approvisionnement\">\r\n                        <\/a>\r\n                                                <ul class=\"post_item_categories\">\r\n                                                        <li>Communiqu\u00e9s de presse<\/li>\r\n                                                        <li>Informations sectorielles<\/li>\r\n                                                    <\/ul>\r\n                    <\/div>\r\n                    <a class=\"post_item_name\" href=\"https:\/\/www.achilles.com\/fr\/lenquete-mondiale-dachilles-revele-dimportantes-lacunes-de-visibilite-dans-les-chaines-dapprovisionnement\/\">L&#8217;enqu\u00eate mondiale d&#8217;Achilles r\u00e9v\u00e8le d&#8217;importantes lacunes de visibilit\u00e9 dans les cha\u00eenes d&#8217;approvisionnement<\/a>\r\n                <\/div>\r\n                                <div class=\"post_item\">\r\n                    <div class=\"post_item_top\">\r\n                                                <a class=\"post_item_img\" href=\"https:\/\/www.achilles.com\/fr\/le-rapport-annuel-sur-le-risque-et-la-durabilite-dachilles-2026\/\">\r\n                            <img decoding=\"async\" src=\"https:\/\/www.achilles.com\/app\/uploads\/2026\/03\/Web-page-top-banner-thumbnail-of-Achilles-Global-Supplier-Risk-and-Sustainability-Survey-2026.jpg\" alt=\"Le Rapport Annuel sur le Risque et la Durabilit\u00e9 d&#8217;Achilles 2026\">\r\n                        <\/a>\r\n                                                <ul class=\"post_item_categories\">\r\n                                                        <li>Guides<\/li>\r\n                                                        <li>Informations sectorielles<\/li>\r\n                                                    <\/ul>\r\n                    <\/div>\r\n                    <a class=\"post_item_name\" href=\"https:\/\/www.achilles.com\/fr\/le-rapport-annuel-sur-le-risque-et-la-durabilite-dachilles-2026\/\">Le Rapport Annuel sur le Risque et la Durabilit\u00e9 d&#8217;Achilles 2026<\/a>\r\n                <\/div>\r\n                                <div class=\"post_item\">\r\n                    <div class=\"post_item_top\">\r\n                                                <a class=\"post_item_img\" href=\"https:\/\/www.achilles.com\/fr\/informations-sectorielles\/finance-durable-chaine-approvisionnement\/\">\r\n                            <img decoding=\"async\" src=\"https:\/\/www.achilles.com\/app\/uploads\/2026\/03\/ESG-finance-1.jpg\" alt=\"La finance durable \u00e0 la loupe : pourquoi la cha\u00eene d\u2019approvisionnement gagne en importance dans l&#8217;ESG\">\r\n                        <\/a>\r\n                                                <ul class=\"post_item_categories\">\r\n                                                        <li>Articles<\/li>\r\n                                                        <li>Informations sectorielles<\/li>\r\n                                                    <\/ul>\r\n                    <\/div>\r\n                    <a class=\"post_item_name\" href=\"https:\/\/www.achilles.com\/fr\/informations-sectorielles\/finance-durable-chaine-approvisionnement\/\">La finance durable \u00e0 la loupe : pourquoi la cha\u00eene d\u2019approvisionnement gagne en importance dans l&#8217;ESG<\/a>\r\n                <\/div>\r\n                            <\/div>\r\n                    <\/div>\r\n    <\/div>\r\n\n\n    <div class=\"contact_main\">\r\n        <div class=\"contact_bg\">\r\n                    <\/div>\r\n        <div class=\"container\">\r\n            <div class=\"contact_content\">\r\n                <div class=\"contact_wrapper\">\r\n                <div class=\"contact_content_description\">\r\n                                        <h1 class=\"title_page\">Parlez-nous<\/h1>\r\n                                        <h5 class=\"contact_content_subtitle\">Parlez \u00e0 l&#8217;un de nos experts en gestion ESG et carbone<\/h5>\r\n                                    <\/div>\r\n                <\/div>\r\n                <div class=\"contact_reqiest\">\r\n                    <script charset=\"utf-8\" type=\"text\/javascript\" src=\"\/\/js.hsforms.net\/forms\/embed\/v2.js\"><\/script><script>hbspt.forms.create({\r\n    region: \"na1\",\r\n    portalId: \"5387762\",\r\n    formId: \"a23cf73a-36bd-433c-a1d8-4acd8b05b928\"\r\n  });\r\n<\/script>                <\/div>\r\n            <\/div>\r\n        <\/div>\r\n    <\/div>\r\n\r\n","protected":false},"excerpt":{"rendered":"","protected":false},"author":2,"featured_media":51596,"parent":0,"menu_order":0,"comment_status":"closed","ping_status":"closed","template":"","meta":{"_acf_changed":false,"content-type":"","footnotes":""},"class_list":["post-25563","page","type-page","status-publish","has-post-thumbnail","hentry"],"acf":[],"_links":{"self":[{"href":"https:\/\/www.achilles.com\/fr\/wp-json\/wp\/v2\/pages\/25563","targetHints":{"allow":["GET"]}}],"collection":[{"href":"https:\/\/www.achilles.com\/fr\/wp-json\/wp\/v2\/pages"}],"about":[{"href":"https:\/\/www.achilles.com\/fr\/wp-json\/wp\/v2\/types\/page"}],"author":[{"embeddable":true,"href":"https:\/\/www.achilles.com\/fr\/wp-json\/wp\/v2\/users\/2"}],"replies":[{"embeddable":true,"href":"https:\/\/www.achilles.com\/fr\/wp-json\/wp\/v2\/comments?post=25563"}],"version-history":[{"count":0,"href":"https:\/\/www.achilles.com\/fr\/wp-json\/wp\/v2\/pages\/25563\/revisions"}],"wp:featuredmedia":[{"embeddable":true,"href":"https:\/\/www.achilles.com\/fr\/wp-json\/wp\/v2\/media\/51596"}],"wp:attachment":[{"href":"https:\/\/www.achilles.com\/fr\/wp-json\/wp\/v2\/media?parent=25563"}],"curies":[{"name":"wp","href":"https:\/\/api.w.org\/{rel}","templated":true}]}}