{"id":25535,"date":"2023-05-12T18:10:44","date_gmt":"2023-05-12T17:10:44","guid":{"rendered":"https:\/\/www.achilles.com\/__trashed-2\/ambassadeurs\/"},"modified":"2024-02-13T11:52:06","modified_gmt":"2024-02-13T08:52:06","slug":"ambassadeurs","status":"publish","type":"page","link":"https:\/\/www.achilles.com\/fr\/a-propos\/ambassadeurs\/","title":{"rendered":"Ambassadeurs"},"content":{"rendered":"        <div class=\"content_section\">\r\n            <div class=\"container\">\r\n                                <div class=\"description_page full\">\r\n                                        <h1 class=\"title_page\">Ambassadeurs<\/h1>\r\n                                        <div class=\"typical_text large_text\">\r\n                        <p>Rencontrez notre r\u00e9seau d&#8217;experts externes<\/p>\r\n                    <\/div>\r\n                                        <div class=\"typical_text\">\r\n                        <p>Notre travail consiste \u00e0 am\u00e9liorer les normes tout au long des cha\u00eenes d&#8217;approvisionnement. Pour cela, vous devez bien les conna\u00eetre. Et comme nous travaillons avec des organisations de toutes tailles, dans tous les secteurs d&#8217;activit\u00e9 et aux quatre coins du monde, nous connaissons la valeur d&#8217;un point de vue ext\u00e9rieur.<\/p>\n<p>C&#8217;est pourquoi nous travaillons avec un large r\u00e9seau d&#8217;experts externes. Et comme nos ambitions continuent de s&#8217;\u00e9tendre, notre r\u00e9seau fait de m\u00eame.<\/p>\n<p><strong>Devenez ambassadeur ou ambassadrice<\/strong><\/p>\n<p>Si vous avez du talent et de l&#8217;expertise en mati\u00e8re de gestion des cat\u00e9gories, de conformit\u00e9 environnementale, de sant\u00e9 et de s\u00e9curit\u00e9, d&#8217;att\u00e9nuation des risques, de RSE ou de l&#8217;un des secteurs dans lesquels nous travaillons, nous aimerions en savoir plus.<\/p>\n                    <\/div>\r\n                                    <\/div>\r\n                                <div class=\"ambassadors_wrap\">\r\n                                        <div class=\"ambassador_item\">\r\n                                                <div class=\"ambassador_item_img\">\r\n                            <img decoding=\"async\" src=\"https:\/\/www.achilles.com\/app\/uploads\/2023\/09\/Peter-Schellenberger.jpeg\" alt=\"\">\r\n                        <\/div>\r\n                                                <div class=\"ambassador_item_info\">\r\n                                                        <p class=\"ambassador_item_name\">Peter Schellenberger<\/p>\r\n                                                        <p class=\"ambassador_item_text\">Consultant<\/p>\r\n                                                    <\/div>\r\n                                                <div class=\"ambassador_item_details\">\r\n                                                        <div class=\"ambassador_item_point\">\r\n                                <p class=\"ambassador_item_title\">Entreprise<\/p>\r\n                                <p class=\"ambassador_item_text\">Novamaxis<\/p>\r\n                            <\/div>\r\n                                                        <div class=\"ambassador_item_point\">\r\n                                <p class=\"ambassador_item_title\">Secteur<\/p>\r\n                                <p class=\"ambassador_item_text\">Exp\u00e9dition de merchandises<\/p>\r\n                            <\/div>\r\n                                                        <div class=\"ambassador_item_point\">\r\n                                <p class=\"ambassador_item_title\">Expertise dans le domaine<\/p>\r\n                                <p class=\"ambassador_item_text\">Cha\u00eene d&#8217;approvisionnement mondiale, Achats<\/p>\r\n                            <\/div>\r\n                                                    <\/div>\r\n                                            <\/div>\r\n                                        <div class=\"ambassador_item\">\r\n                                                <div class=\"ambassador_item_info\">\r\n                                                        <p class=\"ambassador_item_name\">Dr Darren Mann<\/p>\r\n                                                        <p class=\"ambassador_item_text\">Medical Director<\/p>\r\n                                                    <\/div>\r\n                                                <div class=\"ambassador_item_details\">\r\n                                                        <div class=\"ambassador_item_point\">\r\n                                <p class=\"ambassador_item_title\">Entreprise<\/p>\r\n                                <p class=\"ambassador_item_text\">Department of Health and Social Care<\/p>\r\n                            <\/div>\r\n                                                        <div class=\"ambassador_item_point\">\r\n                                <p class=\"ambassador_item_title\">Secteur<\/p>\r\n                                <p class=\"ambassador_item_text\">Tous<\/p>\r\n                            <\/div>\r\n                                                        <div class=\"ambassador_item_point\">\r\n                                <p class=\"ambassador_item_title\">Expertise dans le domaine<\/p>\r\n                                <p class=\"ambassador_item_text\">Cha\u00eene d&#8217;approvisionnement mondiale, Sant\u00e9<\/p>\r\n                            <\/div>\r\n                                                    <\/div>\r\n                                            <\/div>\r\n                                        <div class=\"ambassador_item\">\r\n                                                <div class=\"ambassador_item_info\">\r\n                                                        <p class=\"ambassador_item_name\">Tony Underwood<\/p>\r\n                                                        <p class=\"ambassador_item_text\">High Performance Coach and Mentor<\/p>\r\n                                                    <\/div>\r\n                                                <div class=\"ambassador_item_details\">\r\n                                                        <div class=\"ambassador_item_point\">\r\n                                <p class=\"ambassador_item_title\">Entreprise<\/p>\r\n                                <p class=\"ambassador_item_text\">York St. John University<\/p>\r\n                            <\/div>\r\n                                                        <div class=\"ambassador_item_point\">\r\n                                <p class=\"ambassador_item_title\">Secteur<\/p>\r\n                                <p class=\"ambassador_item_text\">Tous<\/p>\r\n                            <\/div>\r\n                                                        <div class=\"ambassador_item_point\">\r\n                                <p class=\"ambassador_item_title\">Expertise dans le secteur<\/p>\r\n                                <p class=\"ambassador_item_text\">Environnement, Bien-\u00eatre des employ\u00e9s, Droits de l&#8217;homme<\/p>\r\n                            <\/div>\r\n                                                    <\/div>\r\n                                            <\/div>\r\n                                        <div class=\"ambassador_item\">\r\n                                                <div class=\"ambassador_item_img\">\r\n                            <img decoding=\"async\" src=\"https:\/\/www.achilles.com\/app\/uploads\/2023\/05\/ambassador_3.jpg\" alt=\"\">\r\n                        <\/div>\r\n                                                <div class=\"ambassador_item_info\">\r\n                                                        <p class=\"ambassador_item_name\">Karin Tynelius<\/p>\r\n                                                        <p class=\"ambassador_item_text\">Non Executive Board Director<\/p>\r\n                                                    <\/div>\r\n                                                <div class=\"ambassador_item_details\">\r\n                                                        <div class=\"ambassador_item_point\">\r\n                                <p class=\"ambassador_item_title\">Entreprise<\/p>\r\n                                <p class=\"ambassador_item_text\">Drexel University Materials Science and Engineering, Keliber Oy, Mineral Markets and TiO2 World Summit<\/p>\r\n                            <\/div>\r\n                                                        <div class=\"ambassador_item_point\">\r\n                                <p class=\"ambassador_item_title\">Secteur<\/p>\r\n                                <p class=\"ambassador_item_text\">Exploitation mini\u00e8re, Produits chimiques, Min\u00e9raux pour batteries<\/p>\r\n                            <\/div>\r\n                                                        <div class=\"ambassador_item_point\">\r\n                                <p class=\"ambassador_item_title\">Expertise dans le secteur<\/p>\r\n                                <p class=\"ambassador_item_text\">ESG, approvisionnement durable<\/p>\r\n                            <\/div>\r\n                                                    <\/div>\r\n                                            <\/div>\r\n                                        <div class=\"ambassador_item\">\r\n                                                <div class=\"ambassador_item_img\">\r\n                            <img decoding=\"async\" src=\"https:\/\/www.achilles.com\/app\/uploads\/2023\/06\/Pallavi-Sidhra-1-300x300-1.jpg\" alt=\"\">\r\n                        <\/div>\r\n                                                <div class=\"ambassador_item_info\">\r\n                                                        <p class=\"ambassador_item_name\">Pallavi Sidhra<\/p>\r\n                                                        <p class=\"ambassador_item_text\">Professionnelle de la vente<\/p>\r\n                                                    <\/div>\r\n                                                <div class=\"ambassador_item_details\">\r\n                                                        <div class=\"ambassador_item_point\">\r\n                                <p class=\"ambassador_item_title\">Entreprise<\/p>\r\n                                <p class=\"ambassador_item_text\">Independent<\/p>\r\n                            <\/div>\r\n                                                        <div class=\"ambassador_item_point\">\r\n                                <p class=\"ambassador_item_title\">Secteur<\/p>\r\n                                <p class=\"ambassador_item_text\">Exp\u00e9dition de marchandises<\/p>\r\n                            <\/div>\r\n                                                        <div class=\"ambassador_item_point\">\r\n                                <p class=\"ambassador_item_title\">Expertise dans le secteur<\/p>\r\n                                <p class=\"ambassador_item_text\">Exp\u00e9dition, r\u00e9duction des \u00e9missions de carbone, cha\u00eene d&#8217;approvisionnement<\/p>\r\n                            <\/div>\r\n                                                    <\/div>\r\n                                            <\/div>\r\n                                        <div class=\"ambassador_item\">\r\n                                                <div class=\"ambassador_item_img\">\r\n                            <img decoding=\"async\" src=\"https:\/\/www.achilles.com\/app\/uploads\/2023\/05\/ambassador_4.jpg\" alt=\"\">\r\n                        <\/div>\r\n                                                <div class=\"ambassador_item_info\">\r\n                                                        <p class=\"ambassador_item_name\">Javier Caravantes<\/p>\r\n                                                        <p class=\"ambassador_item_text\">Global Procurement Director<\/p>\r\n                                                    <\/div>\r\n                                                <div class=\"ambassador_item_details\">\r\n                                                        <div class=\"ambassador_item_point\">\r\n                                <p class=\"ambassador_item_title\">Entreprise<\/p>\r\n                                <p class=\"ambassador_item_text\">Parques Reunidos<\/p>\r\n                            <\/div>\r\n                                                        <div class=\"ambassador_item_point\">\r\n                                <p class=\"ambassador_item_title\">Secteur<\/p>\r\n                                <p class=\"ambassador_item_text\">Services<\/p>\r\n                            <\/div>\r\n                                                        <div class=\"ambassador_item_point\">\r\n                                <p class=\"ambassador_item_title\">Expertise dans le secteur<\/p>\r\n                                <p class=\"ambassador_item_text\">Sourcing et Procurement<\/p>\r\n                            <\/div>\r\n                                                    <\/div>\r\n                                            <\/div>\r\n                                        <div class=\"ambassador_item\">\r\n                                                <div class=\"ambassador_item_img\">\r\n                            <img decoding=\"async\" src=\"https:\/\/www.achilles.com\/app\/uploads\/2023\/05\/ambassador_5.png\" alt=\"\">\r\n                        <\/div>\r\n                                                <div class=\"ambassador_item_info\">\r\n                                                        <p class=\"ambassador_item_name\">Oz Alashe MBE<\/p>\r\n                                                        <p class=\"ambassador_item_text\">CEO &#038; Founder<\/p>\r\n                                                    <\/div>\r\n                                                <div class=\"ambassador_item_details\">\r\n                                                        <div class=\"ambassador_item_point\">\r\n                                <p class=\"ambassador_item_title\">Entreprise<\/p>\r\n                                <p class=\"ambassador_item_text\">Cybsafe<\/p>\r\n                            <\/div>\r\n                                                        <div class=\"ambassador_item_point\">\r\n                                <p class=\"ambassador_item_title\">Secteur<\/p>\r\n                                <p class=\"ambassador_item_text\">Tous<\/p>\r\n                            <\/div>\r\n                                                        <div class=\"ambassador_item_point\">\r\n                                <p class=\"ambassador_item_title\">Expertise dans le secteur<\/p>\r\n                                <p class=\"ambassador_item_text\">S\u00e9curit\u00e9 informatique<\/p>\r\n                            <\/div>\r\n                                                    <\/div>\r\n                                            <\/div>\r\n                                        <div class=\"ambassador_item\">\r\n                                                <div class=\"ambassador_item_img\">\r\n                            <img decoding=\"async\" src=\"https:\/\/www.achilles.com\/app\/uploads\/2023\/05\/ambassador_6.jpg\" alt=\"\">\r\n                        <\/div>\r\n                                                <div class=\"ambassador_item_info\">\r\n                                                        <p class=\"ambassador_item_name\">Shaun McCarthy OBE<\/p>\r\n                                                        <p class=\"ambassador_item_text\">Chairman<\/p>\r\n                                                    <\/div>\r\n                                                <div class=\"ambassador_item_details\">\r\n                                                        <div class=\"ambassador_item_point\">\r\n                                <p class=\"ambassador_item_title\">Entreprise<\/p>\r\n                                <p class=\"ambassador_item_text\">Supply Chain Sustainability School<\/p>\r\n                            <\/div>\r\n                                                        <div class=\"ambassador_item_point\">\r\n                                <p class=\"ambassador_item_title\">Secteur<\/p>\r\n                                <p class=\"ambassador_item_text\">Tous (Infrastructure)<\/p>\r\n                            <\/div>\r\n                                                        <div class=\"ambassador_item_point\">\r\n                                <p class=\"ambassador_item_title\">Expertise dans le secteur<\/p>\r\n                                <p class=\"ambassador_item_text\">Sustainability \/ CSR<\/p>\r\n                            <\/div>\r\n                                                    <\/div>\r\n                                            <\/div>\r\n                                        <div class=\"ambassador_item\">\r\n                                                <div class=\"ambassador_item_img\">\r\n                            <img decoding=\"async\" src=\"https:\/\/www.achilles.com\/app\/uploads\/2023\/05\/ambassador_7.jpg\" alt=\"\">\r\n                        <\/div>\r\n                                                <div class=\"ambassador_item_info\">\r\n                                                        <p class=\"ambassador_item_name\">Hugo Pagliotti<\/p>\r\n                                                        <p class=\"ambassador_item_text\"> Consultant en HSEQ<\/p>\r\n                                                    <\/div>\r\n                                                <div class=\"ambassador_item_details\">\r\n                                                        <div class=\"ambassador_item_point\">\r\n                                <p class=\"ambassador_item_title\">Entreprise<\/p>\r\n                                <p class=\"ambassador_item_text\">Professionnel ind\u00e9pendant<\/p>\r\n                            <\/div>\r\n                                                        <div class=\"ambassador_item_point\">\r\n                                <p class=\"ambassador_item_title\">Secteur<\/p>\r\n                                <p class=\"ambassador_item_text\">Tous<\/p>\r\n                            <\/div>\r\n                                                        <div class=\"ambassador_item_point\">\r\n                                <p class=\"ambassador_item_title\">Expertise dans le secteur<\/p>\r\n                                <p class=\"ambassador_item_text\">Achats, Sant\u00e9 et s\u00e9curit\u00e9, Gestion environnementale et de la qualit\u00e9<\/p>\r\n                            <\/div>\r\n                                                    <\/div>\r\n                                            <\/div>\r\n                                    <\/div>\r\n                            <\/div>\r\n        <\/div>\r\n\n\n    <div class=\"content_section bg_grey\">\r\n        <div class=\"container\">\r\n                                    <div class=\"cta_wrap\">\r\n                                <a href=\"\/fr\/nous-joindre\" class=\"cta_box\" >\r\n                    <div class=\"cta_box_bg\">\r\n                                                <img decoding=\"async\" src=\"https:\/\/www.achilles.com\/app\/uploads\/2023\/05\/cta_6.jpg\" alt=\"\">\r\n                                            <\/div>\r\n                    <div class=\"cta_box_info\">\r\n                                                <h3 class=\"cta_box_name\">Rejoignez le programme des ambassadeurs<\/h3>\r\n                                                <span class=\"btn\">En savoir plus<\/span>\r\n                                            <\/div>\r\n                <\/a>\r\n                                <a href=\"\/fr\/informations-sectorielles\" class=\"cta_box\" >\r\n                    <div class=\"cta_box_bg\">\r\n                                                <img decoding=\"async\" src=\"https:\/\/www.achilles.com\/app\/uploads\/2023\/05\/cta_5.jpg\" alt=\"\">\r\n                                            <\/div>\r\n                    <div class=\"cta_box_info\">\r\n                                                <h3 class=\"cta_box_name\">Visitez notre centre de ressources<\/h3>\r\n                                                <span class=\"btn\">En savoir plus<\/span>\r\n                                            <\/div>\r\n                <\/a>\r\n                            <\/div>\r\n                                <\/div>\r\n    <\/div>\r\n","protected":false},"excerpt":{"rendered":"","protected":false},"author":1,"featured_media":0,"parent":23822,"menu_order":0,"comment_status":"closed","ping_status":"closed","template":"","meta":{"_acf_changed":false,"content-type":"","footnotes":""},"class_list":["post-25535","page","type-page","status-publish","hentry"],"acf":[],"_links":{"self":[{"href":"https:\/\/www.achilles.com\/fr\/wp-json\/wp\/v2\/pages\/25535","targetHints":{"allow":["GET"]}}],"collection":[{"href":"https:\/\/www.achilles.com\/fr\/wp-json\/wp\/v2\/pages"}],"about":[{"href":"https:\/\/www.achilles.com\/fr\/wp-json\/wp\/v2\/types\/page"}],"author":[{"embeddable":true,"href":"https:\/\/www.achilles.com\/fr\/wp-json\/wp\/v2\/users\/1"}],"replies":[{"embeddable":true,"href":"https:\/\/www.achilles.com\/fr\/wp-json\/wp\/v2\/comments?post=25535"}],"version-history":[{"count":0,"href":"https:\/\/www.achilles.com\/fr\/wp-json\/wp\/v2\/pages\/25535\/revisions"}],"up":[{"embeddable":true,"href":"https:\/\/www.achilles.com\/fr\/wp-json\/wp\/v2\/pages\/23822"}],"wp:attachment":[{"href":"https:\/\/www.achilles.com\/fr\/wp-json\/wp\/v2\/media?parent=25535"}],"curies":[{"name":"wp","href":"https:\/\/api.w.org\/{rel}","templated":true}]}}