{"id":25251,"date":"2023-10-20T17:00:49","date_gmt":"2023-10-20T16:00:49","guid":{"rendered":"https:\/\/uat.achilles.com\/modern-slavery-statement\/"},"modified":"2024-10-16T11:49:41","modified_gmt":"2024-10-16T10:49:41","slug":"declaration-sur-lesclavage-moderne","status":"publish","type":"page","link":"https:\/\/www.achilles.com\/fr\/declaration-sur-lesclavage-moderne\/","title":{"rendered":"D\u00e9claration sur l&#8217;esclavage moderne"},"content":{"rendered":"    <div class=\"top_section\">\n        <div class=\"container\">\n            <div class=\"top_info half\">\n                                    <h1 class=\"top_title\">D\u00e9claration sur l&#8217;esclavage moderne<\/h1>\n                            <\/div>\n        <\/div>\n        <div class=\"top_media\">\n\t\t\t            <img decoding=\"async\" src=\"https:\/\/www.achilles.com\/app\/uploads\/2023\/07\/AdobeStock_523433352-scaled-1.jpeg\" alt=\"Modern slavery\">\n                    <\/div>\n    <\/div>\n    <div class=\"content_section bg_grey\">\r\n        <div class=\"container\">\r\n                        <div class=\"description_section full\">\r\n                                <div class=\"typical_text\">\r\n                    <h2>D\u00e9claration d&#8217;Achille sur l&#8217;esclavage moderne 2024<\/h2>\n<p>Chez Achilles, nous luttons activement contre l&#8217;esclavage moderne et la traite des \u00eatres humains dans l&#8217;ensemble de nos activit\u00e9s et de nos cha\u00eenes d&#8217;approvisionnement. Notre engagement comprend l&#8217;identification des secteurs \u00e0 haut risque, la r\u00e9alisation d&#8217;\u00e9valuations r\u00e9guli\u00e8res des risques et une collaboration \u00e9troite avec nos fournisseurs pour garantir le respect des normes \u00e9thiques. Parmi les actions cl\u00e9s, citons les processus de diligence raisonnable des fournisseurs et la formation des employ\u00e9s ax\u00e9e sur la d\u00e9tection et la pr\u00e9vention des abus. En outre, nous collaborons avec des organisations comme Unseen pour amplifier notre impact. Gr\u00e2ce \u00e0 un suivi rigoureux et \u00e0 une approche de tol\u00e9rance z\u00e9ro, Achilles s&#8217;engage \u00e0 promouvoir la transparence, les pratiques \u00e9thiques et la sauvegarde des droits de l&#8217;homme.    <\/p>\n<h3>Notre strat\u00e9gie<\/h3>\n<p>Notre strat\u00e9gie comporte les \u00e9l\u00e9ments suivants :<br \/>\n&#8211; <strong>\u00c9valuations fond\u00e9es sur les risques :<\/strong> Nous \u00e9valuons les risques au sein de nos cha\u00eenes d&#8217;approvisionnement, en nous concentrant sur les industries et les r\u00e9gions les plus vuln\u00e9rables \u00e0 l&#8217;exploitation. &#8211; <strong>Audits des fournisseurs et conformit\u00e9 :<\/strong> <span data-olk-copy-source=\"MessageBody\">Nous examinons les auto-\u00e9valuations des fournisseurs pour nous assurer qu&#8217;ils respectent nos normes \u00e9thiques et nous <\/span>avons la capacit\u00e9 de mener des audits sur site si n\u00e9cessaire. &#8211; <strong>Formation des employ\u00e9s :<\/strong> Nous avons mis en place des programmes de formation sp\u00e9cialis\u00e9s pour former notre personnel \u00e0 l&#8217;identification et \u00e0 la lutte contre l&#8217;esclavage moderne. &#8211; <strong>Partenariats :<\/strong> Nous collaborons avec des organisations de lutte contre l&#8217;esclavage, telles que Unseen, afin d&#8217;am\u00e9liorer notre capacit\u00e9 \u00e0 d\u00e9tecter les violations potentielles des droits de l&#8217;homme et \u00e0 y r\u00e9pondre. &#8211; <strong>Transparence et responsabilit\u00e9 :<\/strong> Nos m\u00e9canismes de signalement ouverts permettent aux parties prenantes de faire part de leurs pr\u00e9occupations, et nous avons \u00e9tabli des proc\u00e9dures claires pour r\u00e9pondre aux abus pr\u00e9sum\u00e9s. Pour l&#8217;avenir, Achilles s&#8217;engage \u00e0 faire \u00e9voluer ses strat\u00e9gies pour relever les d\u00e9fis de l&#8217;\u00e9radication de l&#8217;esclavage moderne, en s&#8217;effor\u00e7ant de cr\u00e9er des cha\u00eenes d&#8217;approvisionnement plus \u00e9thiques et plus durables.<\/p>\n<h3 class=\"wp-block-heading\">Action pour lutter contre l&#8217;esclavage moderne<\/h3>\n<p><!-- \/wp:heading --> <!-- wp:paragraph --><\/p>\n<p>Nous nous effor\u00e7ons d&#8217;avoir une connaissance d\u00e9taill\u00e9e de nos fournisseurs, de leurs activit\u00e9s et de leurs pratiques. Nous avons mis en place des syst\u00e8mes pour :<\/p>\n<ul>\n<li>Identifier et \u00e9valuer les zones de risque potentiel dans notre cha\u00eene d&#8217;approvisionnement.<!-- \/wp:list-item --> <!-- wp:list-item --><\/li>\n<li>Att\u00e9nuer le risque d&#8217;esclavage et de trafic d&#8217;\u00eatres humains dans notre cha\u00eene d&#8217;approvisionnement.<!-- \/wp:list-item --> <!-- wp:list-item --><\/li>\n<li>Effectue un suivi aupr\u00e8s des fournisseurs qui pr\u00e9sentent un profil de risque plus \u00e9lev\u00e9.<!-- \/wp:list-item --> <!-- wp:list-item --><\/li>\n<li>Prot\u00e8ge les d\u00e9nonciateurs.<\/li>\n<\/ul>\n<p><!-- \/wp:list-item --><\/p>\n<p><!-- \/wp:list --> <!-- wp:paragraph --><\/p>\n<p>Au cours de l&#8217;exercice \u00e9coul\u00e9, Achilles a poursuivi le projet d&#8217;int\u00e9gration de ses fournisseurs mondiaux \u00e0 la plateforme de gestion des fournisseurs Achilles<br \/>\n, am\u00e9liorant ainsi la transparence de notre cha\u00eene d&#8217;approvisionnement et nos d\u00e9cisions en mati\u00e8re d&#8217;achats. Dans le cadre de ce processus (<br \/>\n), les fournisseurs d&#8217;Achilles sont invit\u00e9s \u00e0 se conformer au code de conduite des fournisseurs d&#8217;Achilles, qui couvre des domaines tels que l&#8217;esclavage moderne, la sant\u00e9 et la s\u00e9curit\u00e9 et la lutte contre la corruption. <\/p>\n<p><!-- \/wp:paragraph --> <!-- wp:paragraph --><\/p>\n<p>Achilles est un fervent d\u00e9fenseur du salaire de subsistance et soutient fermement la r\u00e9mun\u00e9ration \u00e9quitable au travail. Tous les employ\u00e9s directs (<br \/>\n) et le personnel r\u00e9gulier sous contrat avec des tiers per\u00e7oivent un salaire \u00e9gal ou sup\u00e9rieur au salaire de subsistance.<\/p>\n<p>&nbsp;<\/p>\n<p><!-- \/wp:paragraph --> <!-- wp:paragraph --><\/p>\n<p>Vous pouvez t\u00e9l\u00e9charger l&#8217;int\u00e9gralit\u00e9 de la d\u00e9claration sur l&#8217;esclavage moderne au format PDF <a href=\"https:\/\/www.achilles.com\/wp\/wp-content\/uploads\/2024\/10\/Modern-Slavery-Statement-2024.pdf\">ici.<\/a><\/p>\n                <\/div>\r\n                            <\/div>\r\n                    <\/div>\r\n    <\/div>\r\n","protected":false},"excerpt":{"rendered":"","protected":false},"author":2,"featured_media":0,"parent":0,"menu_order":0,"comment_status":"closed","ping_status":"closed","template":"","meta":{"_acf_changed":false,"content-type":"","footnotes":""},"class_list":["post-25251","page","type-page","status-publish","hentry"],"acf":[],"_links":{"self":[{"href":"https:\/\/www.achilles.com\/fr\/wp-json\/wp\/v2\/pages\/25251","targetHints":{"allow":["GET"]}}],"collection":[{"href":"https:\/\/www.achilles.com\/fr\/wp-json\/wp\/v2\/pages"}],"about":[{"href":"https:\/\/www.achilles.com\/fr\/wp-json\/wp\/v2\/types\/page"}],"author":[{"embeddable":true,"href":"https:\/\/www.achilles.com\/fr\/wp-json\/wp\/v2\/users\/2"}],"replies":[{"embeddable":true,"href":"https:\/\/www.achilles.com\/fr\/wp-json\/wp\/v2\/comments?post=25251"}],"version-history":[{"count":0,"href":"https:\/\/www.achilles.com\/fr\/wp-json\/wp\/v2\/pages\/25251\/revisions"}],"wp:attachment":[{"href":"https:\/\/www.achilles.com\/fr\/wp-json\/wp\/v2\/media?parent=25251"}],"curies":[{"name":"wp","href":"https:\/\/api.w.org\/{rel}","templated":true}]}}