{"id":24832,"date":"2023-09-30T16:58:35","date_gmt":"2023-09-30T15:58:35","guid":{"rendered":"https:\/\/uat.achilles.com\/lexploitation-miniere\/"},"modified":"2024-07-24T13:02:43","modified_gmt":"2024-07-24T12:02:43","slug":"lexploitation-miniere","status":"publish","type":"page","link":"https:\/\/www.achilles.com\/fr\/lexploitation-miniere\/","title":{"rendered":"Exploitation mini\u00e8re"},"content":{"rendered":"    <div class=\"top_section\">\n        <div class=\"container\">\n            <div class=\"top_info\">\n                                    <h1 class=\"top_title\">Exploitation mini\u00e8re responsable et durable<\/h1>\n                                    <div class=\"top_text\">\n                        <p>Achilles travaille sur l&#8217;ensemble de la cha\u00eene de valeur mondiale de bout en bout, des m\u00e9taux et min\u00e9raux \u00e0 la production et \u00e0 la distribution, afin de fournir des solutions efficaces, pragmatiques et \u00e9prouv\u00e9es qui permettent aux entreprises de d\u00e9montrer clairement leur engagement en faveur d&#8217;une exploitation mini\u00e8re responsable et durable et de se conformer aux normes industrielles et aux exigences l\u00e9gislatives nationales les plus complexes.<\/p>\n                    <\/div>\n                                    <div class=\"top_buttons\">\n                                                    <a class=\"btn btn_white btn_big\" href=\"\/contact-us\">Talk to us<\/a>\n                                            <\/div>\n                            <\/div>\n        <\/div>\n        <div class=\"top_media\">\n\t\t\t            <img decoding=\"async\" src=\"https:\/\/www.achilles.com\/app\/uploads\/2023\/11\/iStock-970105800-scaled.jpg\" alt=\"\">\n                    <\/div>\n    <\/div>\n    <div class=\"content_section\">\r\n        <div class=\"container\">\r\n                        <div class=\"description_section\">\r\n                                <p class=\"title_category\">ACHILLES CUSTOMERS<\/p>\r\n                                <h2 class=\"title_section\">The world&#8217;s leading mining companies choose Achilles<\/h2>\r\n                                <div class=\"typical_text middle_text\">\r\n                    <p>Achilles travaille avec des entreprises mini\u00e8res de premier plan sur tous les continents pour traiter les impacts de la cha\u00eene d&#8217;approvisionnement minier, soutenir l&#8217;am\u00e9lioration continue des fournisseurs, fournir des rapports de diligence raisonnable en toute confiance et assurer la conformit\u00e9 avec la l\u00e9gislation ESG en Australie, au Canada, dans l&#8217;UE et dans d&#8217;autres territoires cl\u00e9s.<\/p>\n                <\/div>\r\n                            <\/div>\r\n                        <div class=\"logos_wrap\">\r\n                                <div class=\"logo_item\">\r\n                    <img decoding=\"async\" src=\"https:\/\/www.achilles.com\/app\/uploads\/2023\/09\/anglogold-ashanti-logo.jpg\" alt=\"The Anglogold Ashanti logo has the words Anglogold on one line and Ashanti below it in black text. Above the text there is a thin black swoosh and a gold lion.\" width=\"250\">\r\n                <\/div>\r\n                                <div class=\"logo_item\">\r\n                    <img decoding=\"async\" src=\"\" alt=\"\" width=\"250\">\r\n                <\/div>\r\n                                <div class=\"logo_item\">\r\n                    <img decoding=\"async\" src=\"https:\/\/www.achilles.com\/app\/uploads\/2023\/09\/Southern-Peaks.jpeg\" alt=\"\" width=\"250\">\r\n                <\/div>\r\n                                <div class=\"logo_item\">\r\n                    <img decoding=\"async\" src=\"https:\/\/www.achilles.com\/app\/uploads\/2023\/09\/Glencore.jpeg\" alt=\"\">\r\n                <\/div>\r\n                                <div class=\"logo_item\">\r\n                    <img decoding=\"async\" src=\"https:\/\/www.achilles.com\/app\/uploads\/2023\/09\/pan_american_silver_logo.png\" alt=\"\">\r\n                <\/div>\r\n                                <div class=\"logo_item\">\r\n                    <img decoding=\"async\" src=\"https:\/\/www.achilles.com\/app\/uploads\/2023\/06\/Marcobre.jpg\" alt=\"\">\r\n                <\/div>\r\n                                <div class=\"logo_item\">\r\n                    <img decoding=\"async\" src=\"https:\/\/www.achilles.com\/app\/uploads\/2023\/06\/Cerro-Verde.jpg\" alt=\"\">\r\n                <\/div>\r\n                                <div class=\"logo_item\">\r\n                    <img decoding=\"async\" src=\"https:\/\/www.achilles.com\/app\/uploads\/2023\/06\/Rutas-de-Lima.jpg\" alt=\"\">\r\n                <\/div>\r\n                                <div class=\"logo_item\">\r\n                    <img decoding=\"async\" src=\"https:\/\/www.achilles.com\/app\/uploads\/2023\/06\/Minsur.jpg\" alt=\"\">\r\n                <\/div>\r\n                                <div class=\"logo_item\">\r\n                    <img decoding=\"async\" src=\"https:\/\/www.achilles.com\/app\/uploads\/2023\/10\/atlantic_cooper.png\" alt=\"\">\r\n                <\/div>\r\n                            <\/div>\r\n                    <\/div>\r\n    <\/div>\r\n    <div class=\"content_section\">\r\n        <div class=\"container\">\r\n                        <div class=\"posts_panel\">\r\n                <div class=\"description_section\">\r\n                                        <p class=\"title_category\">Client stories<\/p>\r\n                     \r\n                    <h2 class=\"title_section\">Achilles clients are market-leaders at the forefront of environmental and social governance. <\/h2>\r\n                                    <\/div>\r\n                            <\/div>\r\n                                    <div class=\"posts_wrap\">\r\n                                <div class=\"post_item\">\r\n                    <div class=\"post_item_top\">\r\n                                                <a class=\"post_item_img\" href=\"https:\/\/www.achilles.com\/fr\/informations-sectorielles\/google-centres-donnees-fournisseurs\/\">\r\n                            <img decoding=\"async\" src=\"https:\/\/www.achilles.com\/app\/uploads\/2026\/03\/Achilles-Google-Supply-Chain-Risk-banner.png\" alt=\"D\u00e9velopper un r\u00e9seau \u00e9volutif, durable et r\u00e9silient pour les projets de centres de donn\u00e9es\">\r\n                        <\/a>\r\n                                                <ul class=\"post_item_categories\">\r\n                                                        <li>\u00c9tudes de cas<\/li>\r\n                                                        <li>Informations sectorielles<\/li>\r\n                                                    <\/ul>\r\n                    <\/div>\r\n                    <a class=\"post_item_name\" href=\"https:\/\/www.achilles.com\/fr\/informations-sectorielles\/google-centres-donnees-fournisseurs\/\">D\u00e9velopper un r\u00e9seau \u00e9volutif, durable et r\u00e9silient pour les projets de centres de donn\u00e9es<\/a>\r\n                <\/div>\r\n                                <div class=\"post_item\">\r\n                    <div class=\"post_item_top\">\r\n                                                <a class=\"post_item_img\" href=\"https:\/\/www.achilles.com\/fr\/informations-sectorielles\/fcc-construccion-une-entreprise-mondiale-avec-une-chaine-dapprovisionnement-a-lepreuve-du-temps\/\">\r\n                            <img decoding=\"async\" src=\"https:\/\/www.achilles.com\/app\/uploads\/2025\/12\/Gestion-de-Contratistas.jpg\" alt=\"FCC Construcci\u00f3n : Une entreprise mondiale avec une cha\u00eene d&#8217;approvisionnement \u00e0 l&#8217;\u00e9preuve du temps\">\r\n                        <\/a>\r\n                                                <ul class=\"post_item_categories\">\r\n                                                        <li>\u00c9tudes de cas<\/li>\r\n                                                        <li>Informations sectorielles<\/li>\r\n                                                    <\/ul>\r\n                    <\/div>\r\n                    <a class=\"post_item_name\" href=\"https:\/\/www.achilles.com\/fr\/informations-sectorielles\/fcc-construccion-une-entreprise-mondiale-avec-une-chaine-dapprovisionnement-a-lepreuve-du-temps\/\">FCC Construcci\u00f3n : Une entreprise mondiale avec une cha\u00eene d&#8217;approvisionnement \u00e0 l&#8217;\u00e9preuve du temps<\/a>\r\n                <\/div>\r\n                                <div class=\"post_item\">\r\n                    <div class=\"post_item_top\">\r\n                                                <a class=\"post_item_img\" href=\"https:\/\/www.achilles.com\/fr\/informations-sectorielles\/gridspertise-et-achilles-chaine-approvisionnement-durable\/\">\r\n                            <img decoding=\"async\" src=\"https:\/\/www.achilles.com\/app\/uploads\/2024\/06\/AdobeStock_425105540-scaled.jpeg\" alt=\"Gridspertise et Achilles, un partenariat strat\u00e9gique pour une supply chain toujours plus durable et intelligente dans le secteur de l\u2019\u00e9nergie\">\r\n                        <\/a>\r\n                                                <ul class=\"post_item_categories\">\r\n                                                        <li>\u00c9tudes de cas<\/li>\r\n                                                        <li>Informations sectorielles<\/li>\r\n                                                    <\/ul>\r\n                    <\/div>\r\n                    <a class=\"post_item_name\" href=\"https:\/\/www.achilles.com\/fr\/informations-sectorielles\/gridspertise-et-achilles-chaine-approvisionnement-durable\/\">Gridspertise et Achilles, un partenariat strat\u00e9gique pour une supply chain toujours plus durable et intelligente dans le secteur de l\u2019\u00e9nergie<\/a>\r\n                <\/div>\r\n                            <\/div>\r\n                    <\/div>\r\n    <\/div>\r\n    <div class=\"content_section\">\r\n        <div class=\"container\">\r\n                        <div class=\"description_section\">\r\n                                <p class=\"title_category\">MINING SUPPLY CHAIN SOLUTIONS<\/p>\r\n                                <h2 class=\"title_section\">Solutions for a safer, fairer, lower carbon mining supply chain<\/h2>\r\n                                <div class=\"typical_text middle_text\">\r\n                    <p>Achilles a plusieurs d\u00e9cennies d&#8217;exp\u00e9rience de travail avec les plus grandes entreprises du monde pour faire face aux risques de bout en bout de la cha\u00eene d&#8217;approvisionnement mini\u00e8re et \u00e9nerg\u00e9tique, r\u00e9duire les \u00e9missions de carbone et offrir une transparence exceptionnelle de la cha\u00eene d&#8217;approvisionnement.<\/p>\n                <\/div>\r\n                            <\/div>\r\n                        <div class=\"features_wrap features_four\">\r\n                                <div class=\"feature_item\">\r\n                                        <div class=\"feature_item_icon\">\r\n                        <img decoding=\"async\" src=\"https:\/\/www.achilles.com\/app\/uploads\/2023\/09\/icon_common-file-text-check.png\" alt=\"\">\r\n                    <\/div>\r\n                                        <h3 class=\"feature_item_name\">Prequalified Supplier Network<\/h3>\r\n                                        <div class=\"typical_text\">\r\n                        <p>Acc\u00e9dez \u00e0 une base de donn\u00e9es rigoureusement valid\u00e9e de fournisseurs pr\u00e9qualifi\u00e9s du secteur de la construction qui respectent les r\u00e9glementations locales et internationales en mati\u00e8re d&#8217;ESG et d&#8217;approvisionnement.<\/p>\n                    <\/div>\r\n                                        <a class=\"btn\" aria-label=\"Prequalified Supplier Network - En savoir plus\" href=\"\/prequalified-supplier-network\">En savoir plus<\/a>\r\n                                    <\/div>\r\n                                <div class=\"feature_item\">\r\n                                        <div class=\"feature_item_icon\">\r\n                        <img decoding=\"async\" src=\"https:\/\/www.achilles.com\/app\/uploads\/2024\/03\/user-network.png\" alt=\"on site audits\">\r\n                    <\/div>\r\n                                        <h3 class=\"feature_item_name\">Supplier Due Diligence<\/h3>\r\n                                        <div class=\"typical_text\">\r\n                        <p>\u00c9valuation et validation rigoureuses de votre cha\u00eene d&#8217;approvisionnement afin de garantir que vos fournisseurs respectent vos normes et que vous \u00eates en conformit\u00e9 avec les r\u00e9glementations applicables \u00e0 vos activit\u00e9s.<\/p>\n                    <\/div>\r\n                                        <a class=\"btn\" aria-label=\"Supplier Due Diligence - En savoir plus\" href=\"\/supply-chain-due-diligence\">En savoir plus<\/a>\r\n                                    <\/div>\r\n                                <div class=\"feature_item\">\r\n                                        <div class=\"feature_item_icon\">\r\n                        <img decoding=\"async\" src=\"https:\/\/www.achilles.com\/app\/uploads\/2023\/09\/Icon_air-pollution-co2-down-2.png\" alt=\"\">\r\n                    <\/div>\r\n                                        <h3 class=\"feature_item_name\">Carbon Reduce<\/h3>\r\n                                        <div class=\"typical_text\">\r\n                        <p>Mesurez, g\u00e9rez et r\u00e9duisez efficacement votre empreinte carbone gr\u00e2ce au seul syst\u00e8me de gestion du carbone ISO14064-1 au monde.<\/p>\n                    <\/div>\r\n                                        <a class=\"btn\" aria-label=\"Carbon Reduce - En savoir plus\" href=\"\/carbon-reduce\">En savoir plus<\/a>\r\n                                    <\/div>\r\n                                <div class=\"feature_item\">\r\n                                        <div class=\"feature_item_icon\">\r\n                        <img decoding=\"async\" src=\"https:\/\/www.achilles.com\/app\/uploads\/2023\/09\/saving-bank-1.png\" alt=\"\">\r\n                    <\/div>\r\n                                        <h3 class=\"feature_item_name\">Statement of Assurance<\/h3>\r\n                                        <div class=\"typical_text\">\r\n                        <p>D\u00e9montrer clairement aux pr\u00eateurs et aux autres parties prenantes votre performance par rapport aux indicateurs cl\u00e9s de performance ESG et aux objectifs de performance en mati\u00e8re de d\u00e9veloppement durable (SPT).<\/p>\n                    <\/div>\r\n                                        <a class=\"btn\" aria-label=\"Statement of Assurance - En savoir plus\" href=\"\/statement-of-limited-assurance\/\">En savoir plus<\/a>\r\n                                    <\/div>\r\n                            <\/div>\r\n                    <\/div>\r\n    <\/div>\r\n            <div class=\"hero_section\">\r\n           <div class=\"hero_media\">\r\n                                <img decoding=\"async\" src=\"https:\/\/www.achilles.com\/app\/uploads\/2023\/10\/AdobeStock_521178610-Dark.jpg\" alt=\"\">\r\n                            <\/div>\r\n            <div class=\"container\">\r\n                <div class=\"hero_wrapper\">\r\n                    <div class=\"hero_info\">\r\n                                                <h2 class=\"title_section\">Mines et ciment<\/h2>\r\n                                                <div class=\"typical_text middle_text\">\r\n                            <p>&#8220;Pendant longtemps, nous avons cherch\u00e9 une solution, mais nous n&#8217;avons jamais trouv\u00e9 la bonne. La proposition d&#8217;Achilles r\u00e9pondait aux besoins et aux d\u00e9fis auxquels nous \u00e9tions confront\u00e9s.&#8221;  <p>Acheteur minier<\/p>\r\n                        <\/div>\r\n                                                <div class=\"content_buttons\">\r\n                                                        <a class=\"btn btn_big\" aria-label=\" - En savoir plus\" href=\"\/regic\/\">En savoir plus<\/a>\r\n                                                    <\/div>\r\n                                            <\/div>\r\n                <\/div>\r\n            <\/div>\r\n        <\/div>\r\n        <div class=\"content_section\">\r\n        <div class=\"container\">\r\n                        <div class=\"posts_panel\">\r\n                <div class=\"description_section\">\r\n                                        <p class=\"title_category\">Achilles industry insight<\/p>\r\n                     \r\n                    <h2 class=\"title_section\">Recommand\u00e9 pour vous<\/h2>\r\n                                    <\/div>\r\n                            <\/div>\r\n                                    <div class=\"posts_wrap\">\r\n                                <div class=\"post_item\">\r\n                    <div class=\"post_item_top\">\r\n                                                <a class=\"post_item_img\" href=\"https:\/\/www.achilles.com\/fr\/lenquete-mondiale-dachilles-revele-dimportantes-lacunes-de-visibilite-dans-les-chaines-dapprovisionnement\/\">\r\n                            <img decoding=\"async\" src=\"https:\/\/www.achilles.com\/app\/uploads\/2026\/03\/Web-page-top-banner-thumbnail-of-Achilles-Global-Supplier-Risk-and-Sustainability-Survey-2026.jpg\" alt=\"L&#8217;enqu\u00eate mondiale d&#8217;Achilles r\u00e9v\u00e8le d&#8217;importantes lacunes de visibilit\u00e9 dans les cha\u00eenes d&#8217;approvisionnement\">\r\n                        <\/a>\r\n                                                <ul class=\"post_item_categories\">\r\n                                                        <li>Communiqu\u00e9s de presse<\/li>\r\n                                                        <li>Informations sectorielles<\/li>\r\n                                                    <\/ul>\r\n                    <\/div>\r\n                    <a class=\"post_item_name\" href=\"https:\/\/www.achilles.com\/fr\/lenquete-mondiale-dachilles-revele-dimportantes-lacunes-de-visibilite-dans-les-chaines-dapprovisionnement\/\">L&#8217;enqu\u00eate mondiale d&#8217;Achilles r\u00e9v\u00e8le d&#8217;importantes lacunes de visibilit\u00e9 dans les cha\u00eenes d&#8217;approvisionnement<\/a>\r\n                <\/div>\r\n                                <div class=\"post_item\">\r\n                    <div class=\"post_item_top\">\r\n                                                <a class=\"post_item_img\" href=\"https:\/\/www.achilles.com\/fr\/le-rapport-annuel-sur-le-risque-et-la-durabilite-dachilles-2026\/\">\r\n                            <img decoding=\"async\" src=\"https:\/\/www.achilles.com\/app\/uploads\/2026\/03\/Web-page-top-banner-thumbnail-of-Achilles-Global-Supplier-Risk-and-Sustainability-Survey-2026.jpg\" alt=\"Le Rapport Annuel sur le Risque et la Durabilit\u00e9 d&#8217;Achilles 2026\">\r\n                        <\/a>\r\n                                                <ul class=\"post_item_categories\">\r\n                                                        <li>Guides<\/li>\r\n                                                        <li>Informations sectorielles<\/li>\r\n                                                    <\/ul>\r\n                    <\/div>\r\n                    <a class=\"post_item_name\" href=\"https:\/\/www.achilles.com\/fr\/le-rapport-annuel-sur-le-risque-et-la-durabilite-dachilles-2026\/\">Le Rapport Annuel sur le Risque et la Durabilit\u00e9 d&#8217;Achilles 2026<\/a>\r\n                <\/div>\r\n                                <div class=\"post_item\">\r\n                    <div class=\"post_item_top\">\r\n                                                <a class=\"post_item_img\" href=\"https:\/\/www.achilles.com\/fr\/informations-sectorielles\/finance-durable-chaine-approvisionnement\/\">\r\n                            <img decoding=\"async\" src=\"https:\/\/www.achilles.com\/app\/uploads\/2026\/03\/ESG-finance-1.jpg\" alt=\"La finance durable \u00e0 la loupe : pourquoi la cha\u00eene d\u2019approvisionnement gagne en importance dans l&#8217;ESG\">\r\n                        <\/a>\r\n                                                <ul class=\"post_item_categories\">\r\n                                                        <li>Articles<\/li>\r\n                                                        <li>Informations sectorielles<\/li>\r\n                                                    <\/ul>\r\n                    <\/div>\r\n                    <a class=\"post_item_name\" href=\"https:\/\/www.achilles.com\/fr\/informations-sectorielles\/finance-durable-chaine-approvisionnement\/\">La finance durable \u00e0 la loupe : pourquoi la cha\u00eene d\u2019approvisionnement gagne en importance dans l&#8217;ESG<\/a>\r\n                <\/div>\r\n                            <\/div>\r\n                    <\/div>\r\n    <\/div>\r\n    <div class=\"contact_main\">\r\n        <div class=\"contact_bg\">\r\n                        <img decoding=\"async\" src=\"https:\/\/www.achilles.com\/app\/uploads\/2023\/10\/iStock-531546832-Dark-1.jpg\" alt=\"\">\r\n                    <\/div>\r\n        <div class=\"container\">\r\n            <div class=\"contact_content\">\r\n                <div class=\"contact_wrapper\">\r\n                <div class=\"contact_content_description\">\r\n                                        <h1 class=\"title_page\">Parlez-nous<\/h1>\r\n                                        <h5 class=\"contact_content_subtitle\">Speak to one of our ESG and carbon management experts<\/h5>\r\n                                    <\/div>\r\n                <\/div>\r\n                <div class=\"contact_reqiest\">\r\n                    <script charset=\"utf-8\" type=\"text\/javascript\" src=\"\/\/js.hsforms.net\/forms\/embed\/v2.js\"><\/script><script>hbspt.forms.create({\n    region: \"na1\",\n    portalId: \"5387762\",\n    formId: \"a23cf73a-36bd-433c-a1d8-4acd8b05b928\"\n  });\n<\/script>                <\/div>\r\n            <\/div>\r\n        <\/div>\r\n    <\/div>\r\n\r\n","protected":false},"excerpt":{"rendered":"","protected":false},"author":2,"featured_media":0,"parent":0,"menu_order":0,"comment_status":"closed","ping_status":"closed","template":"","meta":{"_acf_changed":false,"content-type":"","footnotes":""},"class_list":["post-24832","page","type-page","status-publish","hentry"],"acf":[],"_links":{"self":[{"href":"https:\/\/www.achilles.com\/fr\/wp-json\/wp\/v2\/pages\/24832","targetHints":{"allow":["GET"]}}],"collection":[{"href":"https:\/\/www.achilles.com\/fr\/wp-json\/wp\/v2\/pages"}],"about":[{"href":"https:\/\/www.achilles.com\/fr\/wp-json\/wp\/v2\/types\/page"}],"author":[{"embeddable":true,"href":"https:\/\/www.achilles.com\/fr\/wp-json\/wp\/v2\/users\/2"}],"replies":[{"embeddable":true,"href":"https:\/\/www.achilles.com\/fr\/wp-json\/wp\/v2\/comments?post=24832"}],"version-history":[{"count":0,"href":"https:\/\/www.achilles.com\/fr\/wp-json\/wp\/v2\/pages\/24832\/revisions"}],"wp:attachment":[{"href":"https:\/\/www.achilles.com\/fr\/wp-json\/wp\/v2\/media?parent=24832"}],"curies":[{"name":"wp","href":"https:\/\/api.w.org\/{rel}","templated":true}]}}