{"id":24828,"date":"2023-06-12T17:16:16","date_gmt":"2023-06-12T16:16:16","guid":{"rendered":"https:\/\/uat.achilles.com\/declaration-dassurance-limitee\/"},"modified":"2023-11-14T00:56:55","modified_gmt":"2023-11-13T21:56:55","slug":"declaration-dassurance-limitee","status":"publish","type":"page","link":"https:\/\/www.achilles.com\/fr\/declaration-dassurance-limitee\/","title":{"rendered":"D\u00e9claration d&#8217;assurance"},"content":{"rendered":"    <div class=\"top_section\">\n        <div class=\"container\">\n            <div class=\"top_info half\">\n                                    <h1 class=\"top_title\">D\u00e9claration d&#8217;assurance<\/h1>\n                                    <div class=\"top_text\">\n                        <p>La d\u00e9claration d&#8217;assurance limit\u00e9e d&#8217;Achilles fournit une v\u00e9rification et une validation compl\u00e8tes des affirmations relatives \u00e0 la durabilit\u00e9 dans le cadre des pr\u00eats li\u00e9s \u00e0 la durabilit\u00e9.<\/p>\n                    <\/div>\n                                    <div class=\"top_buttons\">\n                                                    <a class=\"btn btn_big\" href=\"\/fr\/nous-joindre\">Parle \u00e0 un expert Achilles<\/a>\n                                            <\/div>\n                            <\/div>\n        <\/div>\n        <div class=\"top_media\">\n\t\t\t            <img decoding=\"async\" src=\"https:\/\/www.achilles.com\/app\/uploads\/2023\/10\/iStock-1181720111-scaled.jpg\" alt=\"\">\n                    <\/div>\n    <\/div>\n\n\n    <div class=\"content_section page_default_text\">\r\n        <div class=\"container\">\r\n            <article class=\"article_wrap\">\r\n                <div class=\"article_main\">\r\n                    <div class=\"typical_text\">\r\n                        <p class=\"p1\">La d\u00e9claration d&#8217;assurance Achilles englobe tous les aspects cruciaux de l&#8217;assurance financi\u00e8re, permettant aux pr\u00eateurs de prendre des d\u00e9cisions \u00e9clair\u00e9es et de s&#8217;engager dans un financement responsable en toute confiance, et aux emprunteurs de d\u00e9montrer clairement des performances ambitieuses, mat\u00e9rielles et quantifiables par rapport aux KPI environnementaux, sociaux et de gouvernance et aux objectifs de performance en mati\u00e8re de d\u00e9veloppement durable (SPT).<\/p>\n \r\n                    <\/div>\r\n                <\/div>\r\n            <\/article>\r\n        <\/div>\r\n    <\/div>\r\n\n\n            <div class=\"content_section bg_grey\">\r\n            <div class=\"container\">\r\n                <div class=\"content_wrap\">\r\n                    <div class=\"content_info ogo2\">\r\n                                                <h2 class=\"title_page\">V\u00e9rification ind\u00e9pendante et rigoureuse<\/h2>\r\n                                                <div class=\"typical_text\">\r\n                            <p class=\"p1\">La d\u00e9claration d&#8217;assurance Achilles fournit une \u00e9valuation ind\u00e9pendante et m\u00e9ticuleuse des performances des emprunteurs en mati\u00e8re de d\u00e9veloppement durable. Notre \u00e9quipe d&#8217;experts exp\u00e9riment\u00e9s en d\u00e9veloppement durable proc\u00e8de \u00e0 une \u00e9valuation approfondie des pratiques en mati\u00e8re de d\u00e9veloppement durable, de l&#8217;exactitude des donn\u00e9es, des indicateurs cl\u00e9s de performance et des processus de reporting. Cette v\u00e9rification impartiale permet d&#8217;\u00e9liminer les risques d&#8217;\u00e9coblanchiment et de s&#8217;assurer que les affirmations de l&#8217;emprunteur en mati\u00e8re de durabilit\u00e9 sont fiables.<\/p>\n                        <\/div>\r\n                                            <\/div>\r\n\t\t\t\t\t\t\t\t\t\t\r\n                                    <\/div>\r\n            <\/div>\r\n        <\/div>\r\n    \n\n            <div class=\"content_section\">\r\n            <div class=\"container\">\r\n                <div class=\"content_wrap right\">\r\n                    <div class=\"content_info ogo2\">\r\n                                                <h2 class=\"title_page\">Gestion holistique des risques<\/h2>\r\n                                                <div class=\"typical_text\">\r\n                            <p class=\"p1\">La d\u00e9claration d&#8217;assurance limit\u00e9e Achilles permet aux pr\u00eateurs de g\u00e9rer de mani\u00e8re proactive les risques associ\u00e9s aux pr\u00eats li\u00e9s au d\u00e9veloppement durable. Notre processus d&#8217;assurance \u00e9value les syst\u00e8mes de gestion de la durabilit\u00e9 de l&#8217;emprunteur, en identifiant les lacunes et les vuln\u00e9rabilit\u00e9s potentielles.En prenant en compte l&#8217;ensemble des facteurs ESG, nous fournissons aux pr\u00eateurs une analyse de risque compl\u00e8te, ce qui leur permet de prendre des d\u00e9cisions \u00e9clair\u00e9es et de pr\u00e9server la performance de leurs portefeuilles de pr\u00eats.<\/p>\n                        <\/div>\r\n                                            <\/div>\r\n\t\t\t\t\t\t\t\t\t\t\r\n                                    <\/div>\r\n            <\/div>\r\n        <\/div>\r\n    \n\n            <div class=\"content_section bg_grey\">\r\n            <div class=\"container\">\r\n                <div class=\"content_wrap\">\r\n                    <div class=\"content_info ogo2\">\r\n                                                <h2 class=\"title_page\">Conformit\u00e9 et confiance dans les rapports<\/h2>\r\n                                                <div class=\"typical_text\">\r\n                            <p class=\"p1\">La d\u00e9claration d&#8217;assurance Achilles garantit le respect des accords de pr\u00eat et des cadres de durabilit\u00e9. Il v\u00e9rifie le respect par l&#8217;emprunteur des objectifs de durabilit\u00e9 convenus et des exigences en mati\u00e8re de rapports, et permet aux pr\u00eateurs de suivre les progr\u00e8s de l&#8217;emprunteur avec pr\u00e9cision. Les pr\u00eateurs ont l&#8217;esprit tranquille en sachant que les rapports sur le d\u00e9veloppement durable de l&#8217;emprunteur sont exacts, transparents et align\u00e9s sur les normes du secteur, ce qui permet d&#8217;\u00e9viter les \u00e9ventuels probl\u00e8mes de conformit\u00e9 et les risques pour la r\u00e9putation.<\/p>\n                        <\/div>\r\n                                            <\/div>\r\n\t\t\t\t\t\t\t\t\t\t\r\n                                    <\/div>\r\n            <\/div>\r\n        <\/div>\r\n    \n\n            <div class=\"content_section\">\r\n            <div class=\"container\">\r\n                <div class=\"content_wrap right\">\r\n                    <div class=\"content_info ogo2\">\r\n                                                <h2 class=\"title_page\">Confiance et cr\u00e9dibilit\u00e9<\/h2>\r\n                                                <div class=\"typical_text\">\r\n                            <p class=\"p1\">La d\u00e9claration d&#8217;assurance Achilles permet aux pr\u00eateurs de communiquer en toute confiance les performances des emprunteurs en mati\u00e8re de d\u00e9veloppement durable aux parties prenantes. La d\u00e9claration d&#8217;assurance robuste d&#8217;Achille agit comme un sceau de cr\u00e9dibilit\u00e9 appuy\u00e9 par des preuves, am\u00e9liorant la r\u00e9putation et favorisant la confiance des investisseurs, des clients et du public.<\/p>\n                        <\/div>\r\n                                            <\/div>\r\n\t\t\t\t\t\t\t\t\t\t\r\n                                    <\/div>\r\n            <\/div>\r\n        <\/div>\r\n    \n\n            <div class=\"content_section\">\r\n            <div class=\"container\">\r\n                <div class=\"content_wrap\">\r\n                    <div class=\"content_info ogo2\">\r\n                                                <h2 class=\"title_page\">Diff\u00e9renciation et engagement<\/h2>\r\n                                                <div class=\"typical_text\">\r\n                            <p class=\"p1\">En utilisant la d\u00e9claration d&#8217;assurance Achilles, les pr\u00eateurs et les emprunteurs d\u00e9montrent leur engagement en mati\u00e8re de durabilit\u00e9 et se diff\u00e9rencient sur le march\u00e9, ce qui permet d&#8217;attirer plus facilement des partenaires ax\u00e9s sur la durabilit\u00e9, de renforcer les relations et de d\u00e9bloquer de nouvelles pistes de collaboration.<\/p>\n                        <\/div>\r\n                                            <\/div>\r\n\t\t\t\t\t\t\t\t\t\t\r\n                                    <\/div>\r\n            <\/div>\r\n        <\/div>\r\n    ","protected":false},"excerpt":{"rendered":"","protected":false},"author":2,"featured_media":0,"parent":0,"menu_order":0,"comment_status":"closed","ping_status":"closed","template":"","meta":{"_acf_changed":false,"content-type":"","footnotes":""},"class_list":["post-24828","page","type-page","status-publish","hentry"],"acf":[],"_links":{"self":[{"href":"https:\/\/www.achilles.com\/fr\/wp-json\/wp\/v2\/pages\/24828","targetHints":{"allow":["GET"]}}],"collection":[{"href":"https:\/\/www.achilles.com\/fr\/wp-json\/wp\/v2\/pages"}],"about":[{"href":"https:\/\/www.achilles.com\/fr\/wp-json\/wp\/v2\/types\/page"}],"author":[{"embeddable":true,"href":"https:\/\/www.achilles.com\/fr\/wp-json\/wp\/v2\/users\/2"}],"replies":[{"embeddable":true,"href":"https:\/\/www.achilles.com\/fr\/wp-json\/wp\/v2\/comments?post=24828"}],"version-history":[{"count":0,"href":"https:\/\/www.achilles.com\/fr\/wp-json\/wp\/v2\/pages\/24828\/revisions"}],"wp:attachment":[{"href":"https:\/\/www.achilles.com\/fr\/wp-json\/wp\/v2\/media?parent=24828"}],"curies":[{"name":"wp","href":"https:\/\/api.w.org\/{rel}","templated":true}]}}