{"id":24807,"date":"2023-10-02T13:03:00","date_gmt":"2023-10-02T12:03:00","guid":{"rendered":"https:\/\/uat.achilles.com\/services-publics\/"},"modified":"2024-01-24T17:26:52","modified_gmt":"2024-01-24T14:26:52","slug":"services-publics","status":"publish","type":"page","link":"https:\/\/www.achilles.com\/fr\/services-publics\/","title":{"rendered":"Services publics"},"content":{"rendered":"    <div class=\"top_section\">\n        <div class=\"container\">\n            <div class=\"top_info half\">\n                            <\/div>\n        <\/div>\n        <div class=\"top_media\">\n\t\t\t        <\/div>\n    <\/div>\n\n\n    <div class=\"content_section\">\r\n        <div class=\"container\">\r\n                        <div class=\"description_section\">\r\n                                <h2 class=\"title_section\">Choisissez le bon r\u00e9seau d&#8217;utilitaires pour votre entreprise<\/h2>\r\n                                <div class=\"typical_text middle_text\">\r\n                    <p>Achilles op\u00e8re \u00e0 travers 17 sites dans le monde pour assurer une pr\u00e9sence locale qui garantit \u00e0 la fois une compr\u00e9hension approfondie des r\u00e9glementations, de la langue et de la culture r\u00e9gionales mais aussi \u00e0 l&#8217;\u00e9chelle mondiale qui permet une gestion sup\u00e9rieure des risques de la cha\u00eene d&#8217;approvisionnement n\u00e9cessaire pour r\u00e9pondre aux besoins en \u00e9nergie et en eau dans le monde.<\/p>\n                <\/div>\r\n                            <\/div>\r\n                    <\/div>\r\n    <\/div>\r\n\n\n    <div class=\"content_section\">\r\n        <div class=\"container\">\r\n                        <div class=\"posts_panel\">\r\n                <div class=\"description_section\">\r\n                     \r\n                    <h2 class=\"title_section\">Choisissez le bon r\u00e9seau d&#8217;utilitaires pour votre entreprise<\/h2>\r\n                                    <\/div>\r\n                            <\/div>\r\n                                    <div class=\"posts_wrap\">\r\n                                <div class=\"post_item\">\r\n                    <div class=\"post_item_top\">\r\n                                                <a class=\"post_item_img\" href=\"https:\/\/www.achilles.com\/fr\/lenquete-mondiale-dachilles-revele-dimportantes-lacunes-de-visibilite-dans-les-chaines-dapprovisionnement\/\">\r\n                            <img decoding=\"async\" src=\"https:\/\/www.achilles.com\/app\/uploads\/2026\/03\/Web-page-top-banner-thumbnail-of-Achilles-Global-Supplier-Risk-and-Sustainability-Survey-2026.jpg\" alt=\"L&#8217;enqu\u00eate mondiale d&#8217;Achilles r\u00e9v\u00e8le d&#8217;importantes lacunes de visibilit\u00e9 dans les cha\u00eenes d&#8217;approvisionnement\">\r\n                        <\/a>\r\n                                                <ul class=\"post_item_categories\">\r\n                                                        <li>Communiqu\u00e9s de presse<\/li>\r\n                                                        <li>Informations sectorielles<\/li>\r\n                                                    <\/ul>\r\n                    <\/div>\r\n                    <a class=\"post_item_name\" href=\"https:\/\/www.achilles.com\/fr\/lenquete-mondiale-dachilles-revele-dimportantes-lacunes-de-visibilite-dans-les-chaines-dapprovisionnement\/\">L&#8217;enqu\u00eate mondiale d&#8217;Achilles r\u00e9v\u00e8le d&#8217;importantes lacunes de visibilit\u00e9 dans les cha\u00eenes d&#8217;approvisionnement<\/a>\r\n                <\/div>\r\n                                <div class=\"post_item\">\r\n                    <div class=\"post_item_top\">\r\n                                                <a class=\"post_item_img\" href=\"https:\/\/www.achilles.com\/fr\/le-rapport-annuel-sur-le-risque-et-la-durabilite-dachilles-2026\/\">\r\n                            <img decoding=\"async\" src=\"https:\/\/www.achilles.com\/app\/uploads\/2026\/03\/Web-page-top-banner-thumbnail-of-Achilles-Global-Supplier-Risk-and-Sustainability-Survey-2026.jpg\" alt=\"Le Rapport Annuel sur le Risque et la Durabilit\u00e9 d&#8217;Achilles 2026\">\r\n                        <\/a>\r\n                                                <ul class=\"post_item_categories\">\r\n                                                        <li>Guides<\/li>\r\n                                                        <li>Informations sectorielles<\/li>\r\n                                                    <\/ul>\r\n                    <\/div>\r\n                    <a class=\"post_item_name\" href=\"https:\/\/www.achilles.com\/fr\/le-rapport-annuel-sur-le-risque-et-la-durabilite-dachilles-2026\/\">Le Rapport Annuel sur le Risque et la Durabilit\u00e9 d&#8217;Achilles 2026<\/a>\r\n                <\/div>\r\n                                <div class=\"post_item\">\r\n                    <div class=\"post_item_top\">\r\n                                                <a class=\"post_item_img\" href=\"https:\/\/www.achilles.com\/fr\/informations-sectorielles\/finance-durable-chaine-approvisionnement\/\">\r\n                            <img decoding=\"async\" src=\"https:\/\/www.achilles.com\/app\/uploads\/2026\/03\/ESG-finance-1.jpg\" alt=\"La finance durable \u00e0 la loupe : pourquoi la cha\u00eene d\u2019approvisionnement gagne en importance dans l&#8217;ESG\">\r\n                        <\/a>\r\n                                                <ul class=\"post_item_categories\">\r\n                                                        <li>Articles<\/li>\r\n                                                        <li>Informations sectorielles<\/li>\r\n                                                    <\/ul>\r\n                    <\/div>\r\n                    <a class=\"post_item_name\" href=\"https:\/\/www.achilles.com\/fr\/informations-sectorielles\/finance-durable-chaine-approvisionnement\/\">La finance durable \u00e0 la loupe : pourquoi la cha\u00eene d\u2019approvisionnement gagne en importance dans l&#8217;ESG<\/a>\r\n                <\/div>\r\n                            <\/div>\r\n                    <\/div>\r\n    <\/div>\r\n\n\n    <div class=\"content_section bg_grey\">\r\n        <div class=\"container\">\r\n                        <div class=\"description_section\">\r\n                                <h2 class=\"title_section\">Choisissez le bon r\u00e9seau d&#8217;utilitaires pour votre entreprise<\/h2>\r\n                                <div class=\"typical_text\">\r\n                    <p>Achilles op\u00e8re \u00e0 travers 17 sites dans le monde pour assurer une pr\u00e9sence locale qui garantit \u00e0 la fois une compr\u00e9hension approfondie des r\u00e9glementations, de la langue et de la culture r\u00e9gionales mais aussi \u00e0 l&#8217;\u00e9chelle mondiale qui permet une gestion sup\u00e9rieure des risques de la cha\u00eene d&#8217;approvisionnement n\u00e9cessaire pour r\u00e9pondre aux besoins en \u00e9nergie et en eau dans le monde.<\/p>\n                <\/div>\r\n                            <\/div>\r\n                    <\/div>\r\n    <\/div>\r\n\n\n    <div class=\"content_section bg_grey\">\r\n        <div class=\"container\">\r\n                        <div class=\"description_section big\">\r\n                                <h2 class=\"title_section\">Choisissez le bon r\u00e9seau d&#8217;utilitaires pour votre entreprise<\/h2>\r\n                                <div class=\"typical_text middle_text\">\r\n                    <p>Achilles op\u00e8re \u00e0 travers 17 sites dans le monde pour assurer une pr\u00e9sence locale qui garantit \u00e0 la fois une compr\u00e9hension approfondie des r\u00e9glementations, de la langue et de la culture r\u00e9gionales mais aussi \u00e0 l&#8217;\u00e9chelle mondiale qui permet une gestion sup\u00e9rieure des risques de la cha\u00eene d&#8217;approvisionnement n\u00e9cessaire pour r\u00e9pondre aux besoins en \u00e9nergie et en eau dans le monde.<\/p>\n                <\/div>\r\n                            <\/div>\r\n                                    <div class=\"triggers_block\">\r\n                <div class=\"triggers_slider swiper-container\">\r\n                    <div class=\"swiper-wrapper\">\r\n                         \r\n                        <div class=\"trigger_slide swiper-slide\">\r\n                                                        <h3 class=\"feature_item_name\">Achilles Network<\/h3>\r\n                                                        <div class=\"typical_text middle_text\">\r\n                                <p>Le r\u00e9seau Achilles Network permet d&#8217;acc\u00e9der \u00e0 un march\u00e9 mondial d&#8217;acheteurs et de fournisseurs valid\u00e9s par Achilles gold standard dans le domaine des services publics et d&#8217;autres secteurs d&#8217;activit\u00e9.<\/p>\r\n                            <\/div>\r\n                                                        <a class=\"btn btn_big\" aria-label=\"Achilles Network - En savoir plus\" href=\"\/fr\/achilles-network\/\">En savoir plus<\/a>\r\n                                                    <\/div>\r\n                         \r\n                        <div class=\"trigger_slide swiper-slide\">\r\n                                                        <h3 class=\"feature_item_name\">Repro<\/h3>\r\n                                                        <div class=\"typical_text middle_text\">\r\n                                <p>Notre communaut\u00e9 de 50 acheteurs de services publics d&#8217;Am\u00e9rique du Sud et d&#8217;Europe du Sud et de plus de 20 000 fournisseurs.  <\/p>\r\n                            <\/div>\r\n                                                        <a class=\"btn btn_big\" aria-label=\"Repro - En savoir plus\" href=\"\/community\/repro\/\">En savoir plus<\/a>\r\n                                                    <\/div>\r\n                         \r\n                        <div class=\"trigger_slide swiper-slide\">\r\n                                                        <h3 class=\"feature_item_name\">Supply-Line<\/h3>\r\n                                                        <div class=\"typical_text middle_text\">\r\n                                <p>La communaut\u00e9 Supply-Line cr\u00e9e des opportunit\u00e9s pour les fournisseurs tout en aidant plus de 30 acheteurs irlandais \u00e0 construire et \u00e0 g\u00e9rer des cha\u00eenes d&#8217;approvisionnement enti\u00e8rement conformes.<\/p>\r\n                            <\/div>\r\n                                                        <a class=\"btn btn_big\" aria-label=\"Supply-Line - En savoir plus\" href=\"\/fr\/supply-line\/\">En savoir plus<\/a>\r\n                                                    <\/div>\r\n                         \r\n                        <div class=\"trigger_slide swiper-slide\">\r\n                                                        <h3 class=\"feature_item_name\">Utilities NCE<\/h3>\r\n                                                        <div class=\"typical_text middle_text\">\r\n                                <p>S&#8217;\u00e9tendant sur l&#8217;Europe du Nord et l&#8217;Europe centrale, notre communaut\u00e9 Utilities NCE rassemble plus de 80 acheteurs et fournisseurs concern\u00e9s.  <\/p>\r\n                            <\/div>\r\n                                                        <a class=\"btn btn_big\" aria-label=\"Utilities NCE - En savoir plus\" href=\"\/fr\/utilities-nce\/\">En savoir plus<\/a>\r\n                                                    <\/div>\r\n                         \r\n                        <div class=\"trigger_slide swiper-slide\">\r\n                                                        <h3 class=\"feature_item_name\">UVDB<\/h3>\r\n                                                        <div class=\"typical_text middle_text\">\r\n                                <p>Achilles est fier d&#8217;exploiter le r\u00e9seau UVDB au nom des membres de l&#8217;UVDB, le syst\u00e8me de pr\u00e9qualification de l&#8217;industrie des services publics du Royaume-Uni et l&#8217;une des plus grandes communaut\u00e9s d&#8217;acheteurs et de fournisseurs li\u00e9s aux services publics au monde.<\/p>\r\n                            <\/div>\r\n                                                        <a class=\"btn btn_big\" aria-label=\"UVDB - En savoir plus\" href=\"\/fr\/uvdb\/\">En savoir plus<\/a>\r\n                                                    <\/div>\r\n                                            <\/div>\r\n                <\/div>\r\n                <div class=\"triggers_arrow triggers_arrow_prev\">\r\n                    <svg class=\"svg_slider_prev\">\r\n                        <use xlink:href=\"https:\/\/www.achilles.com\/app\/themes\/achilles\/images\/sprite\/sprite.svg#slider_prev\"><\/use>\r\n                    <\/svg>\r\n                <\/div>\r\n                <div class=\"triggers_arrow triggers_arrow_next\">\r\n                    <svg class=\"svg_slider_next\">\r\n                        <use xlink:href=\"https:\/\/www.achilles.com\/app\/themes\/achilles\/images\/sprite\/sprite.svg#slider_next\"><\/use>\r\n                    <\/svg>\r\n                <\/div>\r\n            <\/div>\r\n                                <\/div>\r\n    <\/div>\r\n\n\n            <div class=\"cta_section\">\r\n            <div class=\"cta_box_bg\">\r\n                            <\/div>\r\n                <div class=\"container\">\r\n                    <div class=\"cta_wrapper\">\r\n                        <div class=\"cta_info\">\r\n                                                        <h3 class=\"cta_box_name\">Choisissez le bon r\u00e9seau d&#8217;utilitaires pour votre entreprise<\/h3>\r\n                                                    <\/div>\r\n                <\/div>\r\n            <\/div>\r\n        <\/div>\r\n    \n\n    <div class=\"content_section\">\r\n        <div class=\"container\">\r\n                        <div class=\"posts_panel\">\r\n                <div class=\"description_section\">\r\n                     \r\n                    <h2 class=\"title_section\">Choisissez le bon r\u00e9seau d&#8217;utilitaires pour votre entreprise<\/h2>\r\n                                    <\/div>\r\n                            <\/div>\r\n                                    <div class=\"posts_wrap\">\r\n                                <div class=\"post_item\">\r\n                    <div class=\"post_item_top\">\r\n                                                <a class=\"post_item_img\" href=\"https:\/\/www.achilles.com\/fr\/lenquete-mondiale-dachilles-revele-dimportantes-lacunes-de-visibilite-dans-les-chaines-dapprovisionnement\/\">\r\n                            <img decoding=\"async\" src=\"https:\/\/www.achilles.com\/app\/uploads\/2026\/03\/Web-page-top-banner-thumbnail-of-Achilles-Global-Supplier-Risk-and-Sustainability-Survey-2026.jpg\" alt=\"L&#8217;enqu\u00eate mondiale d&#8217;Achilles r\u00e9v\u00e8le d&#8217;importantes lacunes de visibilit\u00e9 dans les cha\u00eenes d&#8217;approvisionnement\">\r\n                        <\/a>\r\n                                                <ul class=\"post_item_categories\">\r\n                                                        <li>Communiqu\u00e9s de presse<\/li>\r\n                                                        <li>Informations sectorielles<\/li>\r\n                                                    <\/ul>\r\n                    <\/div>\r\n                    <a class=\"post_item_name\" href=\"https:\/\/www.achilles.com\/fr\/lenquete-mondiale-dachilles-revele-dimportantes-lacunes-de-visibilite-dans-les-chaines-dapprovisionnement\/\">L&#8217;enqu\u00eate mondiale d&#8217;Achilles r\u00e9v\u00e8le d&#8217;importantes lacunes de visibilit\u00e9 dans les cha\u00eenes d&#8217;approvisionnement<\/a>\r\n                <\/div>\r\n                                <div class=\"post_item\">\r\n                    <div class=\"post_item_top\">\r\n                                                <a class=\"post_item_img\" href=\"https:\/\/www.achilles.com\/fr\/le-rapport-annuel-sur-le-risque-et-la-durabilite-dachilles-2026\/\">\r\n                            <img decoding=\"async\" src=\"https:\/\/www.achilles.com\/app\/uploads\/2026\/03\/Web-page-top-banner-thumbnail-of-Achilles-Global-Supplier-Risk-and-Sustainability-Survey-2026.jpg\" alt=\"Le Rapport Annuel sur le Risque et la Durabilit\u00e9 d&#8217;Achilles 2026\">\r\n                        <\/a>\r\n                                                <ul class=\"post_item_categories\">\r\n                                                        <li>Guides<\/li>\r\n                                                        <li>Informations sectorielles<\/li>\r\n                                                    <\/ul>\r\n                    <\/div>\r\n                    <a class=\"post_item_name\" href=\"https:\/\/www.achilles.com\/fr\/le-rapport-annuel-sur-le-risque-et-la-durabilite-dachilles-2026\/\">Le Rapport Annuel sur le Risque et la Durabilit\u00e9 d&#8217;Achilles 2026<\/a>\r\n                <\/div>\r\n                                <div class=\"post_item\">\r\n                    <div class=\"post_item_top\">\r\n                                                <a class=\"post_item_img\" href=\"https:\/\/www.achilles.com\/fr\/informations-sectorielles\/finance-durable-chaine-approvisionnement\/\">\r\n                            <img decoding=\"async\" src=\"https:\/\/www.achilles.com\/app\/uploads\/2026\/03\/ESG-finance-1.jpg\" alt=\"La finance durable \u00e0 la loupe : pourquoi la cha\u00eene d\u2019approvisionnement gagne en importance dans l&#8217;ESG\">\r\n                        <\/a>\r\n                                                <ul class=\"post_item_categories\">\r\n                                                        <li>Articles<\/li>\r\n                                                        <li>Informations sectorielles<\/li>\r\n                                                    <\/ul>\r\n                    <\/div>\r\n                    <a class=\"post_item_name\" href=\"https:\/\/www.achilles.com\/fr\/informations-sectorielles\/finance-durable-chaine-approvisionnement\/\">La finance durable \u00e0 la loupe : pourquoi la cha\u00eene d\u2019approvisionnement gagne en importance dans l&#8217;ESG<\/a>\r\n                <\/div>\r\n                            <\/div>\r\n                    <\/div>\r\n    <\/div>\r\n\n\n    <div class=\"request_section\">\r\n        <div class=\"contact_bg\">\r\n                    <\/div>\r\n        <div class=\"container\">\r\n            <div class=\"request_inner\">\r\n                                <div class=\"request_wrapper\">\r\n                <h2 class=\"title_section\">Choisissez le bon r\u00e9seau d&#8217;utilitaires pour votre entreprise<\/h2>\r\n                <\/div>\r\n                                <div class=\"request_box\">\r\n                                    <\/div>\r\n            <\/div>\r\n        <\/div>\r\n    <\/div>\r\n\r\n","protected":false},"excerpt":{"rendered":"","protected":false},"author":2,"featured_media":0,"parent":0,"menu_order":0,"comment_status":"closed","ping_status":"closed","template":"","meta":{"_acf_changed":false,"content-type":"","footnotes":""},"class_list":["post-24807","page","type-page","status-publish","hentry"],"acf":[],"_links":{"self":[{"href":"https:\/\/www.achilles.com\/fr\/wp-json\/wp\/v2\/pages\/24807","targetHints":{"allow":["GET"]}}],"collection":[{"href":"https:\/\/www.achilles.com\/fr\/wp-json\/wp\/v2\/pages"}],"about":[{"href":"https:\/\/www.achilles.com\/fr\/wp-json\/wp\/v2\/types\/page"}],"author":[{"embeddable":true,"href":"https:\/\/www.achilles.com\/fr\/wp-json\/wp\/v2\/users\/2"}],"replies":[{"embeddable":true,"href":"https:\/\/www.achilles.com\/fr\/wp-json\/wp\/v2\/comments?post=24807"}],"version-history":[{"count":0,"href":"https:\/\/www.achilles.com\/fr\/wp-json\/wp\/v2\/pages\/24807\/revisions"}],"wp:attachment":[{"href":"https:\/\/www.achilles.com\/fr\/wp-json\/wp\/v2\/media?parent=24807"}],"curies":[{"name":"wp","href":"https:\/\/api.w.org\/{rel}","templated":true}]}}