{"id":24801,"date":"2023-05-17T12:32:49","date_gmt":"2023-05-17T11:32:49","guid":{"rendered":"https:\/\/uat.achilles.com\/login-membre\/"},"modified":"2024-08-02T23:12:29","modified_gmt":"2024-08-02T22:12:29","slug":"login-membre","status":"publish","type":"page","link":"https:\/\/www.achilles.com\/fr\/login-membre\/","title":{"rendered":"Connexion des membres"},"content":{"rendered":"\n<div class=\"wp-block-columns is-layout-flex wp-container-core-columns-is-layout-9d6595d7 wp-block-columns-is-layout-flex\">\n<div class=\"wp-block-column is-layout-flow wp-block-column-is-layout-flow\"><\/div>\n\n\n\n<div class=\"wp-block-column is-layout-flow wp-block-column-is-layout-flow\"><\/div>\n<\/div>\n\n\n    <div class=\"top_section\">\n        <div class=\"container\">\n            <div class=\"top_info half\">\n                                    <h1 class=\"top_title\">Membres du communaut\u00e9s<\/h1>\n                                    <div class=\"top_text\">\n                        <p>Bienvenue sur le site des membres du communite Achilles.<\/p>\n<p>Ce sont nos membres qui font d&#8217;Achilles un communite v\u00e9ritablement mondial.<\/p>\n<p>S\u00e9lectionnez les liens ci-dessous pour vous connecter \u00e0 votre compte Achilles.<\/p>\n                    <\/div>\n                                    <div class=\"top_buttons\">\n                                                    <a class=\"btn btn_big\" href=\"#log-in\">Se connecter<\/a>\n                                                    <a class=\"btn btn_white\" href=\"#joinnow\">Pas un membre? Rejoignez une communaut\u00e9<\/a>\n                                            <\/div>\n                            <\/div>\n        <\/div>\n        <div class=\"top_media\">\n\t\t\t            <img decoding=\"async\" src=\"https:\/\/www.achilles.com\/app\/uploads\/2023\/10\/Member-Log-In-scaled.jpg\" alt=\"\">\n                    <\/div>\n    <\/div>\n\n\n    <div class=\"content_section\" id=\"log-in\">\r\n        <div class=\"container\">\r\n                                    <div class=\"features_wrap\">\r\n                                <div class=\"feature_item center\">\r\n                                        <div class=\"feature_item_icon\">\r\n                        <img decoding=\"async\" src=\"https:\/\/www.achilles.com\/app\/uploads\/2023\/09\/achilles-icon.jpg\" alt=\"\">\r\n                    <\/div>\r\n                                        <h3 class=\"feature_item_name\">MyAchilles<\/h3>\r\n                                        <div class=\"typical_text middle_text\">\r\n                        <p>Connectez-vous \u00e0 toutes les communaut\u00e9s Achilles mondiales ici.<\/p>\r\n                    <\/div>\r\n                                        <a target=\"_blank\" class=\"btn btn_big\" aria-label=\"MyAchilles - Se connecter\" href=\"https:\/\/my.achilles.com\/\">Se connecter<\/a>\r\n                                    <\/div>\r\n                                <div class=\"feature_item center\">\r\n                                        <div class=\"feature_item_icon\">\r\n                        <img decoding=\"async\" src=\"https:\/\/www.achilles.com\/app\/uploads\/2023\/09\/achilles-icon.jpg\" alt=\"\">\r\n                    <\/div>\r\n                                        <h3 class=\"feature_item_name\">Repro LATAM<\/h3>\r\n                                        <div class=\"typical_text middle_text\">\r\n                        <p>Pour les anciens utilisateurs de Repro<\/p>\r\n                    <\/div>\r\n                                        <a target=\"_blank\" class=\"btn btn_big\" aria-label=\"Repro LATAM - Se connecter\" href=\"https:\/\/sso-sela.achilles.com\/SSO\">Se connecter<\/a>\r\n                                    <\/div>\r\n                            <\/div>\r\n                                <\/div>\r\n    <\/div>\r\n\n\n    <div class=\"content_section bg_grey\" id=\"log-in\">\r\n        <div class=\"container\">\r\n                        <div class=\"description_section big\">\r\n                                <h2 class=\"title_section\">Servicio CAE<\/h2>\r\n                            <\/div>\r\n                                    <div class=\"features_wrap\">\r\n                                <div class=\"feature_item center\">\r\n                                        <div class=\"feature_item_icon\">\r\n                        <img decoding=\"async\" src=\"https:\/\/www.achilles.com\/app\/uploads\/2023\/09\/achilles-icon.jpg\" alt=\"\">\r\n                    <\/div>\r\n                                        <h3 class=\"feature_item_name\">Plataforma Controlar<\/h3>\r\n                                        <div class=\"typical_text middle_text\">\r\n                        <p>Pour tous les utilisateurs de Controlar.<\/p>\r\n                    <\/div>\r\n                                        <a target=\"_blank\" class=\"btn btn_big\" aria-label=\"Plataforma Controlar - Se connecter\" href=\"https:\/\/sso-sela.achilles.com\/SSO\/Home\/Login\">Se connecter<\/a>\r\n                                    <\/div>\r\n                            <\/div>\r\n                                <\/div>\r\n    <\/div>\r\n\n\n    <div class=\"content_section\" id=\"joinnow\">\r\n        <div class=\"container\">\r\n                        <div class=\"description_section big\">\r\n                                <h2 class=\"title_section\">Pas un membre?<\/h2>\r\n                                <div class=\"typical_text middle_text\">\r\n                    <p id=\"tw-target-text\" class=\"tw-data-text tw-text-large tw-ta\" dir=\"ltr\" data-placeholder=\"Translation\" data-ved=\"2ahUKEwiSj9aY8ruCAxWuwQIHHZ4TAJ0Q3ewLegQICRAQ\"><span class=\"Y2IQFc\" lang=\"fr\">Si vous n&#8217;\u00eates pas membre d&#8217;une communaut\u00e9 Achilles, commencez d\u00e8s maintenant : rejoindre Achilles avec un compte de base est enti\u00e8rement gratuit.<\/span><\/p>\n                <\/div>\r\n                            <\/div>\r\n                                    <div class=\"features_wrap\">\r\n                                <div class=\"feature_item center\">\r\n                                        <div class=\"feature_item_icon\">\r\n                        <img decoding=\"async\" src=\"https:\/\/www.achilles.com\/app\/uploads\/2023\/10\/cropped-A-Icon-512-\u00d7-512px.png\" alt=\"\">\r\n                    <\/div>\r\n                                        <h3 class=\"feature_item_name\">Communaut\u00e9 mondiale Achilles<\/h3>\r\n                                        <div class=\"typical_text middle_text\">\r\n                        <p>Rejoignez la communaut\u00e9 mondiale croissante d&#8217;Achilles pour trouver de nouveaux fournisseurs pr\u00e9-qualifi\u00e9s et d\u00e9montrer que vos r\u00e9f\u00e9rences de fournisseur atteignent davantage d&#8217;acheteurs.<\/p>\r\n                    <\/div>\r\n                                        <a class=\"btn btn_big\" aria-label=\"Communaut\u00e9 mondiale Achilles - Rejoindre\" href=\"https:\/\/my.achilles.com\/join-community?communitycode=ANT\">Rejoindre<\/a>\r\n                                    <\/div>\r\n                                <div class=\"feature_item center\">\r\n                                        <div class=\"feature_item_icon\">\r\n                        <img decoding=\"async\" src=\"https:\/\/www.achilles.com\/app\/uploads\/2023\/10\/Startbank-icon-200x200-1.jpg\" alt=\"\">\r\n                    <\/div>\r\n                                        <h3 class=\"feature_item_name\">Rejoignez StartBANK<\/h3>\r\n                                        <div class=\"typical_text middle_text\">\r\n                        <p>StartBANK r\u00e9pond aux besoins exigeants en mati\u00e8re de l\u00e9gislation et de gestion des risques des clients de la construction et de la gestion d&#8217;installations dans toute la Norv\u00e8ge.<\/p>\r\n                    <\/div>\r\n                                        <a class=\"btn btn_big\" aria-label=\"Rejoignez StartBANK - Rejoindre\" href=\"https:\/\/my.achilles.com\/join-community?communitycode=STA&#038;lang=en-GB\">Rejoindre<\/a>\r\n                                    <\/div>\r\n                                <div class=\"feature_item center\">\r\n                                        <div class=\"feature_item_icon\">\r\n                        <img decoding=\"async\" src=\"https:\/\/www.achilles.com\/app\/uploads\/2023\/10\/achilles_icon_network.png\" alt=\"\">\r\n                    <\/div>\r\n                                        <h3 class=\"feature_item_name\">Trouver une communaut\u00e9<\/h3>\r\n                                        <div class=\"typical_text middle_text\">\r\n                        <p>Vous ne savez pas quelle communaut\u00e9 rejoindre ? Commencez ici pour d\u00e9couvrir quelle partie de notre r\u00e9seau mondial est faite pour vous.<\/p>\r\n                    <\/div>\r\n                                        <a class=\"btn btn_big\" aria-label=\"Trouver une communaut\u00e9 -  Commencez maintenant\" href=\"\/fr\/trouvez-votre-communaute\"> Commencez maintenant<\/a>\r\n                                    <\/div>\r\n                            <\/div>\r\n                                <\/div>\r\n    <\/div>\r\n\n\n    <div class=\"content_section\">\r\n        <div class=\"container\">\r\n            <div class=\"find_network\">\r\n                                <div class=\"find_network_left\">\r\n                                        <div class=\"description_section full\">\r\n                                                <p class=\"title_category\">Trouver une communaut\u00e9<\/p>\r\n                                                <h2 class=\"title_block\">Recherche par entreprise ou communaut\u00e9<\/h2>\r\n                                            <\/div>\r\n                                        <form class=\"network_search\" action=\"#\" method=\"get\">\r\n                        <div class=\"autocomplete_box\">\r\n                            <input class=\"search_field autocomplete_field\" data-path=\"https:\/\/www.achilles.com\/app\/themes\/achilles\/json.php?networks\" type=\"text\" placeholder=\"Entrez ici le nom de l'entreprise ou de la communaut\u00e9\">\r\n                            <ul class=\"autocomplete_list\"><\/ul>\r\n                        <\/div>\r\n                    <\/form>\r\n                <\/div>\r\n                            <\/div>\r\n                        <div class=\"find_network_view\">\r\n                <a class=\"link\" href=\"https:\/\/www.achilles.com\/community\/\">Afficher toutes les communaut\u00e9s<\/a>\r\n            <\/div>\r\n                    <\/div>\r\n    <\/div>\r\n","protected":false},"excerpt":{"rendered":"","protected":false},"author":1,"featured_media":23700,"parent":0,"menu_order":0,"comment_status":"closed","ping_status":"closed","template":"","meta":{"_acf_changed":true,"content-type":"","footnotes":""},"class_list":["post-24801","page","type-page","status-publish","has-post-thumbnail","hentry"],"acf":[],"_links":{"self":[{"href":"https:\/\/www.achilles.com\/fr\/wp-json\/wp\/v2\/pages\/24801","targetHints":{"allow":["GET"]}}],"collection":[{"href":"https:\/\/www.achilles.com\/fr\/wp-json\/wp\/v2\/pages"}],"about":[{"href":"https:\/\/www.achilles.com\/fr\/wp-json\/wp\/v2\/types\/page"}],"author":[{"embeddable":true,"href":"https:\/\/www.achilles.com\/fr\/wp-json\/wp\/v2\/users\/1"}],"replies":[{"embeddable":true,"href":"https:\/\/www.achilles.com\/fr\/wp-json\/wp\/v2\/comments?post=24801"}],"version-history":[{"count":0,"href":"https:\/\/www.achilles.com\/fr\/wp-json\/wp\/v2\/pages\/24801\/revisions"}],"wp:featuredmedia":[{"embeddable":true,"href":"https:\/\/www.achilles.com\/fr\/wp-json\/wp\/v2\/media\/23700"}],"wp:attachment":[{"href":"https:\/\/www.achilles.com\/fr\/wp-json\/wp\/v2\/media?parent=24801"}],"curies":[{"name":"wp","href":"https:\/\/api.w.org\/{rel}","templated":true}]}}