{"id":24039,"date":"2023-05-16T12:04:54","date_gmt":"2023-05-16T09:04:54","guid":{"rendered":"https:\/\/uat.achilles.com\/buyer-packages\/"},"modified":"2023-11-14T02:01:04","modified_gmt":"2023-11-13T23:01:04","slug":"buyer-packages","status":"publish","type":"page","link":"https:\/\/www.achilles.com\/fr\/buyer-packages\/","title":{"rendered":"Packages de l&#8217;acheteur"},"content":{"rendered":"    <div class=\"top_section\">\n        <div class=\"container\">\n            <div class=\"top_info half\">\n                                    <h1 class=\"top_title\">Packages de l&#8217;acheteur<\/h1>\n                                    <div class=\"top_text large_text\">\n                        <p>Nous proposons un choix d&#8217;options forfaitaires qui s&#8217;adaptent \u00e0 la fa\u00e7on dont vous souhaitez travailler. Vous pouvez \u00e9galement prendre rendez-vous avec l&#8217;un de nos experts en cha\u00eene d&#8217;approvisionnement durable pour discuter plus en d\u00e9tail de vos besoins et \u00e9laborer une solution sur mesure.<\/p>\n                    <\/div>\n                                    <div class=\"top_buttons\">\n                                                    <a class=\"btn btn_big\" href=\"\/fr\/trouvez-votre-communaute\">Fournisseur ? Commencez ici.<\/a>\n                                                    <a class=\"btn btn_big\" href=\"\/fr\/nous-joindre\">Parlez-nous<\/a>\n                                            <\/div>\n                            <\/div>\n        <\/div>\n        <div class=\"top_media\">\n\t\t\t            <img decoding=\"async\" src=\"https:\/\/www.achilles.com\/app\/uploads\/2023\/05\/top_pricing.jpg\" alt=\"\">\n                    <\/div>\n    <\/div>\n\n\n    <div class=\"content_section bg_grey\">\r\n        <div class=\"container\">\r\n                        <div class=\"description_section\">\r\n                                <h2 class=\"title_section\">Choisissez le forfait qui vous convient le mieux<\/h2>\r\n                                <div class=\"typical_text\">\r\n                    <p>Gr\u00e2ce \u00e0 notre plateforme technologique mondiale et \u00e0 nos protocoles fond\u00e9s sur nos connaissances et notre exp\u00e9rience in\u00e9gal\u00e9es en mati\u00e8re d&#8217;ESG, nos validateurs et auditeurs hautement qualifi\u00e9s effectuent un contr\u00f4le pr\u00e9alable et fournissent des informations approfondies qui permettent aux organisations de g\u00e9rer en toute confiance les risques li\u00e9s \u00e0 la cha\u00eene d&#8217;approvisionnement et de respecter pleinement les obligations en mati\u00e8re d&#8217;ESG, de d\u00e9veloppement durable, de droits de l&#8217;homme, de sant\u00e9 et de s\u00e9curit\u00e9.<\/p>\n                <\/div>\r\n                            <\/div>\r\n                    <\/div>\r\n    <\/div>\r\n\n\n    <div class=\"content_section\">\r\n        <div class=\"container\">\r\n            <div class=\"pricing_wrap\">\r\n                                <div class=\"pricing_column\">\r\n                    <div class=\"pricing_column_body\">\r\n                                                <p class=\"pricing_column_title\">Essentiel<\/p>\r\n                                                <div class=\"pricing_column_inner\">\r\n                                                        <div class=\"pricing_column_description\">\r\n                                <p>Acc\u00e9dez aux fournisseurs pr\u00e9qualifi\u00e9s Achilles sp\u00e9cifiques \u00e0 votre secteur d&#8217;activit\u00e9. Ce plan est adapt\u00e9 \u00e0 la recherche et \u00e0 la s\u00e9lection de fournisseurs de base.<\/p>\r\n                            <\/div>\r\n                                                        <ul class=\"pricing_column_list\">\r\n                                                                <li>Acc\u00e8s \u00e0 1 r\u00e9seau<\/li>\r\n                                                                <li>&#8211;<\/li>\r\n                                                                <li>Modules de questions standard<\/li>\r\n                                                                <li>Modules de questions sur le d\u00e9veloppement durable<\/li>\r\n                                                                <li>Flux de donn\u00e9es de tiers<\/li>\r\n                                                                <li>&#8211;<\/li>\r\n                                                                <li>Contr\u00f4le manuel des donn\u00e9es<\/li>\r\n                                                                <li>Audits des syst\u00e8mes de gestion<\/li>\r\n                                                                <li>Audits de l&#8217;approvisionnement \u00e9thique<\/li>\r\n                                                                <li>&#8211;<\/li>\r\n                                                                <li>Suivi de l&#8217;expiration des documents<\/li>\r\n                                                                <li>Notation et \u00e9valuation des fournisseurs<\/li>\r\n                                                                <li>Partager le retour d&#8217;information sur les performances de chaque fournisseur<\/li>\r\n                                                                <li>&#8211;<\/li>\r\n                                                                <li>Analyse des fournisseurs et tableau de bord des donn\u00e9es<\/li>\r\n                                                            <\/ul>\r\n                                                    <\/div>\r\n                    <\/div>\r\n                                        <a class=\"pricing_column_btn\" href=\"\/fr\/nous-joindre\">Demande de prix<\/a>\r\n                                    <\/div>\r\n                                <div class=\"pricing_column\">\r\n                    <div class=\"pricing_column_body\">\r\n                                                <p class=\"pricing_column_title\">Professionnel<\/p>\r\n                                                <div class=\"pricing_column_inner\">\r\n                                                        <div class=\"pricing_column_description\">\r\n                                <p>Ce plan permet d&#8217;am\u00e9liorer la souplesse, l&#8217;efficacit\u00e9 et la conformit\u00e9 de la cha\u00eene d&#8217;approvisionnement. Adaptez votre gestion de la cha\u00eene d&#8217;approvisionnement \u00e0 vos besoins en posant des questions sp\u00e9cifiques \u00e0 l&#8217;acheteur. Travailler dans plusieurs secteurs industriels et dans plusieurs zones g\u00e9ographiques.<\/p>\r\n                            <\/div>\r\n                                                        <ul class=\"pricing_column_list\">\r\n                                                                <li>Acc\u00e8s \u00e0 3 r\u00e9seaux<\/li>\r\n                                                                <li>&#8211;<\/li>\r\n                                                                <li>Modules de questions standard<\/li>\r\n                                                                <li>Modules de questions sur le d\u00e9veloppement durable<\/li>\r\n                                                                <li>Questions sp\u00e9cifiques \u00e0 l&#8217;acheteur<\/li>\r\n                                                                <li>Flux de donn\u00e9es de tiers<\/li>\r\n                                                                <li>&#8211;<\/li>\r\n                                                                <li>Contr\u00f4le manuel des donn\u00e9es<\/li>\r\n                                                                <li>Audits des syst\u00e8mes de gestion<\/li>\r\n                                                                <li>Audits de l&#8217;approvisionnement \u00e9thique<\/li>\r\n                                                                <li>&#8211;<\/li>\r\n                                                                <li>Suivi de l&#8217;expiration des documents<\/li>\r\n                                                                <li>Notation et \u00e9valuation des fournisseurs<\/li>\r\n                                                                <li>Outil d&#8217;approbation des fournisseurs (IQ)<\/li>\r\n                                                                <li>Partager le retour d&#8217;information sur les performances de chaque fournisseur<\/li>\r\n                                                                <li>Demander directement des informations suppl\u00e9mentaires sur l&#8217;appel d&#8217;offres<\/li>\r\n                                                                <li>&#8211;<\/li>\r\n                                                                <li>Analyse des fournisseurs et tableau de bord des donn\u00e9es<\/li>\r\n                                                            <\/ul>\r\n                                                    <\/div>\r\n                    <\/div>\r\n                                        <a class=\"pricing_column_btn\" href=\"\/fr\/nous-joindre\">Demande de prix<\/a>\r\n                                    <\/div>\r\n                                <div class=\"pricing_column\">\r\n                    <div class=\"pricing_column_body\">\r\n                                                <p class=\"pricing_column_title\">Entreprise<\/p>\r\n                                                <div class=\"pricing_column_inner\">\r\n                                                        <div class=\"pricing_column_description\">\r\n                                <p>Ce plan est adapt\u00e9 aux entreprises internationales et \u00e0 l&#8217;am\u00e9lioration de la transparence et de la r\u00e9silience de la cha\u00eene d&#8217;approvisionnement. <\/p>\r\n                            <\/div>\r\n                                                        <ul class=\"pricing_column_list\">\r\n                                                                <li>Acc\u00e8s \u00e0 tous les r\u00e9seaux<\/li>\r\n                                                                <li>&#8211;<\/li>\r\n                                                                <li>Modules de questions standard<\/li>\r\n                                                                <li>Modules de questions sur le d\u00e9veloppement durable<\/li>\r\n                                                                <li>Questions sp\u00e9cifiques \u00e0 l&#8217;acheteur<\/li>\r\n                                                                <li>Flux de donn\u00e9es de tiers<\/li>\r\n                                                                <li>&#8211;<\/li>\r\n                                                                <li>Contr\u00f4le manuel des donn\u00e9es<\/li>\r\n                                                                <li>Audits des syst\u00e8mes de gestion<\/li>\r\n                                                                <li>Audits de l&#8217;approvisionnement \u00e9thique<\/li>\r\n                                                                <li>&#8211;<\/li>\r\n                                                                <li>Suivi de l&#8217;expiration des documents<\/li>\r\n                                                                <li>Notation et \u00e9valuation des fournisseurs<\/li>\r\n                                                                <li>Notation personnalis\u00e9e<\/li>\r\n                                                                <li>Outil d&#8217;approbation des fournisseurs (IQ)<\/li>\r\n                                                                <li>Partager le retour d&#8217;information sur les performances de chaque fournisseur<\/li>\r\n                                                                <li>Demander directement des informations suppl\u00e9mentaires sur l&#8217;appel d&#8217;offres<\/li>\r\n                                                                <li>&#8211;<\/li>\r\n                                                                <li>Analyse des fournisseurs et tableau de bord des donn\u00e9es<\/li>\r\n                                                                <li>Analyse personnalis\u00e9e<\/li>\r\n                                                            <\/ul>\r\n                                                    <\/div>\r\n                    <\/div>\r\n                                        <a class=\"pricing_column_btn\" href=\"\/fr\/nous-joindre\">Demande de prix<\/a>\r\n                                    <\/div>\r\n                            <\/div>\r\n        <\/div>\r\n    <\/div>\r\n\n\n    <div class=\"content_section bg_grey\">\r\n        <div class=\"container\">\r\n                                    <div class=\"cta_wrap\">\r\n                                <a href=\"\/fr\/nous-joindre\" class=\"cta_box\" >\r\n                    <div class=\"cta_box_bg\">\r\n                                                <img decoding=\"async\" src=\"https:\/\/www.achilles.com\/app\/uploads\/2023\/05\/cta_8.jpg\" alt=\"\">\r\n                                            <\/div>\r\n                    <div class=\"cta_box_info\">\r\n                                                <h3 class=\"cta_box_name\">Commencer<\/h3>\r\n                                                <span class=\"btn btn_big\">Contactez nous<\/span>\r\n                                            <\/div>\r\n                <\/a>\r\n                                <a href=\"\/fr\/trouvez-votre-communaute\" class=\"cta_box\" >\r\n                    <div class=\"cta_box_bg\">\r\n                                                <img decoding=\"async\" src=\"https:\/\/www.achilles.com\/app\/uploads\/2023\/05\/cta_9.jpg\" alt=\"\">\r\n                                            <\/div>\r\n                    <div class=\"cta_box_info\">\r\n                                                <h3 class=\"cta_box_name\">Vous voulez trouver les bons r\u00e9seaux ?<\/h3>\r\n                                                <span class=\"btn btn_big\">Trouver un r\u00e9seau<\/span>\r\n                                            <\/div>\r\n                <\/a>\r\n                            <\/div>\r\n                                <\/div>\r\n    <\/div>\r\n","protected":false},"excerpt":{"rendered":"","protected":false},"author":1,"featured_media":0,"parent":0,"menu_order":0,"comment_status":"closed","ping_status":"closed","template":"","meta":{"_acf_changed":false,"content-type":"","footnotes":""},"class_list":["post-24039","page","type-page","status-publish","hentry"],"acf":[],"_links":{"self":[{"href":"https:\/\/www.achilles.com\/fr\/wp-json\/wp\/v2\/pages\/24039","targetHints":{"allow":["GET"]}}],"collection":[{"href":"https:\/\/www.achilles.com\/fr\/wp-json\/wp\/v2\/pages"}],"about":[{"href":"https:\/\/www.achilles.com\/fr\/wp-json\/wp\/v2\/types\/page"}],"author":[{"embeddable":true,"href":"https:\/\/www.achilles.com\/fr\/wp-json\/wp\/v2\/users\/1"}],"replies":[{"embeddable":true,"href":"https:\/\/www.achilles.com\/fr\/wp-json\/wp\/v2\/comments?post=24039"}],"version-history":[{"count":0,"href":"https:\/\/www.achilles.com\/fr\/wp-json\/wp\/v2\/pages\/24039\/revisions"}],"wp:attachment":[{"href":"https:\/\/www.achilles.com\/fr\/wp-json\/wp\/v2\/media?parent=24039"}],"curies":[{"name":"wp","href":"https:\/\/api.w.org\/{rel}","templated":true}]}}