{"id":23916,"date":"2023-09-28T22:41:04","date_gmt":"2023-09-28T21:41:04","guid":{"rendered":"https:\/\/uat.achilles.com\/lenergie\/"},"modified":"2023-12-30T16:47:32","modified_gmt":"2023-12-30T13:47:32","slug":"lenergie","status":"publish","type":"page","link":"https:\/\/www.achilles.com\/fr\/energie\/","title":{"rendered":"\u00c9nergie"},"content":{"rendered":"    <div class=\"top_section\">\n        <div class=\"container\">\n            <div class=\"top_info\">\n                                    <h1 class=\"top_title\">Effectuer une transition \u00e9thique vers une \u00e9nergie \u00e0 faible teneur en carbone<\/h1>\n                                    <div class=\"top_text\">\n                        <p>L&#8217;\u00e9valuation et la validation rigoureuses d&#8217;Achilles, les audits virtuels et sur site, ainsi que les entretiens avec les travailleurs permettent aux grandes entreprises \u00e9nerg\u00e9tiques d&#8217;atteindre une transparence in\u00e9gal\u00e9e dans leur cha\u00eene d&#8217;approvisionnement et une confiance totale dans leurs rapports, tout en contribuant \u00e0 la construction d&#8217;un monde plus s\u00fbr, plus juste et plus durable.<\/p>\n                    <\/div>\n                                    <div class=\"top_buttons\">\n                                                    <a class=\"btn btn_white btn_big\" href=\"\/fr\/nous-joindre\">Parlez-nous<\/a>\n                                            <\/div>\n                            <\/div>\n        <\/div>\n        <div class=\"top_media\">\n\t\t\t        <\/div>\n    <\/div>\n\n\n    <div class=\"content_section\">\r\n        <div class=\"container\">\r\n                        <div class=\"description_section\">\r\n                                <p class=\"title_category\">CLIENTS D&#8217;ACHILLES<\/p>\r\n                                <h2 class=\"title_section\">Les plus grandes entreprises \u00e9nerg\u00e9tiques du monde choisissent Achilles<\/h2>\r\n                                <div class=\"typical_text middle_text\">\r\n                    <p>Achilles travaille avec les plus grandes entreprises \u00e9nerg\u00e9tiques du monde et les aide, sur tous les continents, \u00e0 r\u00e9duire leur impact environnemental, \u00e0 \u00e9radiquer l&#8217;esclavage moderne et le travail des enfants, \u00e0 soutenir l&#8217;am\u00e9lioration continue de la cha\u00eene d&#8217;approvisionnement et \u00e0 garantir la confiance dans les rapports sur la diligence raisonnable de la cha\u00eene d&#8217;approvisionnement.<\/p>\n                <\/div>\r\n                            <\/div>\r\n                        <div class=\"logos_wrap\">\r\n                                <div class=\"logo_item\">\r\n                    <img decoding=\"async\" src=\"https:\/\/www.achilles.com\/app\/uploads\/2023\/06\/Customer-logo_EDF_logo_Electricite_de_France.png\" alt=\"The Electicite De France logo has five orange blobs positioned in a circle to look like a sunburst. The letters e D and F appear to the right of the burst. \" width=\"250\">\r\n                <\/div>\r\n                                <div class=\"logo_item\">\r\n                    <img decoding=\"async\" src=\"https:\/\/www.achilles.com\/app\/uploads\/2023\/09\/vattenfall_logo.png\" alt=\"This is the Vattenfall logo. It is made up of the Vattenfall name in upper case black text and mark that comprises a yellow semicircle above a blue semicircle.\" width=\"250\">\r\n                <\/div>\r\n                                <div class=\"logo_item\">\r\n                    <img decoding=\"async\" src=\"https:\/\/www.achilles.com\/app\/uploads\/2023\/09\/Total.jpeg\" alt=\"\" width=\"250\">\r\n                <\/div>\r\n                                <div class=\"logo_item\">\r\n                    <img decoding=\"async\" src=\"https:\/\/www.achilles.com\/app\/uploads\/2023\/09\/National-Grid.jpeg\" alt=\"National Grid logo\" width=\"246\">\r\n                <\/div>\r\n                                <div class=\"logo_item\">\r\n                    <img decoding=\"async\" src=\"https:\/\/www.achilles.com\/app\/uploads\/2023\/09\/Acciona.jpeg\" alt=\"\" width=\"248\">\r\n                <\/div>\r\n                                <div class=\"logo_item\">\r\n                    <img decoding=\"async\" src=\"\" alt=\"\" width=\"249\">\r\n                <\/div>\r\n                                <div class=\"logo_item\">\r\n                    <img decoding=\"async\" src=\"https:\/\/www.achilles.com\/app\/uploads\/2023\/09\/Naturgy_Pantone_Principal_Positiva.png\" alt=\"\" width=\"250\">\r\n                <\/div>\r\n                                <div class=\"logo_item\">\r\n                    <img decoding=\"async\" src=\"https:\/\/www.achilles.com\/app\/uploads\/2023\/09\/XLinks.jpeg\" alt=\"\" width=\"250\">\r\n                <\/div>\r\n                                <div class=\"logo_item\">\r\n                    <img decoding=\"async\" src=\"https:\/\/www.achilles.com\/app\/uploads\/2023\/09\/Ineos.jpeg\" alt=\"INEOS logo\" width=\"248\">\r\n                <\/div>\r\n                                <div class=\"logo_item\">\r\n                    <img decoding=\"async\" src=\"\" alt=\"\">\r\n                <\/div>\r\n                            <\/div>\r\n                    <\/div>\r\n    <\/div>\r\n\n\n    <div class=\"content_section\">\r\n        <div class=\"container\">\r\n                        <div class=\"posts_panel\">\r\n                <div class=\"description_section\">\r\n                                        <p class=\"title_category\">T\u00e9moignages de clients<\/p>\r\n                     \r\n                    <h2 class=\"title_section\">Les clients d&#8217;Achilles sont des leaders du march\u00e9 \u00e0 la pointe de la gouvernance environnementale et sociale.<\/h2>\r\n                                    <\/div>\r\n                            <\/div>\r\n                                    <div class=\"posts_wrap\">\r\n                                <div class=\"post_item\">\r\n                    <div class=\"post_item_top\">\r\n                                                <a class=\"post_item_img\" href=\"https:\/\/www.achilles.com\/fr\/informations-sectorielles\/google-centres-donnees-fournisseurs\/\">\r\n                            <img decoding=\"async\" src=\"https:\/\/www.achilles.com\/app\/uploads\/2026\/03\/Achilles-Google-Supply-Chain-Risk-banner.png\" alt=\"D\u00e9velopper un r\u00e9seau \u00e9volutif, durable et r\u00e9silient pour les projets de centres de donn\u00e9es\">\r\n                        <\/a>\r\n                                                <ul class=\"post_item_categories\">\r\n                                                        <li>\u00c9tudes de cas<\/li>\r\n                                                        <li>Informations sectorielles<\/li>\r\n                                                    <\/ul>\r\n                    <\/div>\r\n                    <a class=\"post_item_name\" href=\"https:\/\/www.achilles.com\/fr\/informations-sectorielles\/google-centres-donnees-fournisseurs\/\">D\u00e9velopper un r\u00e9seau \u00e9volutif, durable et r\u00e9silient pour les projets de centres de donn\u00e9es<\/a>\r\n                <\/div>\r\n                                <div class=\"post_item\">\r\n                    <div class=\"post_item_top\">\r\n                                                <a class=\"post_item_img\" href=\"https:\/\/www.achilles.com\/fr\/informations-sectorielles\/fcc-construccion-une-entreprise-mondiale-avec-une-chaine-dapprovisionnement-a-lepreuve-du-temps\/\">\r\n                            <img decoding=\"async\" src=\"https:\/\/www.achilles.com\/app\/uploads\/2025\/12\/Gestion-de-Contratistas.jpg\" alt=\"FCC Construcci\u00f3n : Une entreprise mondiale avec une cha\u00eene d&#8217;approvisionnement \u00e0 l&#8217;\u00e9preuve du temps\">\r\n                        <\/a>\r\n                                                <ul class=\"post_item_categories\">\r\n                                                        <li>\u00c9tudes de cas<\/li>\r\n                                                        <li>Informations sectorielles<\/li>\r\n                                                    <\/ul>\r\n                    <\/div>\r\n                    <a class=\"post_item_name\" href=\"https:\/\/www.achilles.com\/fr\/informations-sectorielles\/fcc-construccion-une-entreprise-mondiale-avec-une-chaine-dapprovisionnement-a-lepreuve-du-temps\/\">FCC Construcci\u00f3n : Une entreprise mondiale avec une cha\u00eene d&#8217;approvisionnement \u00e0 l&#8217;\u00e9preuve du temps<\/a>\r\n                <\/div>\r\n                                <div class=\"post_item\">\r\n                    <div class=\"post_item_top\">\r\n                                                <a class=\"post_item_img\" href=\"https:\/\/www.achilles.com\/fr\/informations-sectorielles\/gridspertise-et-achilles-chaine-approvisionnement-durable\/\">\r\n                            <img decoding=\"async\" src=\"https:\/\/www.achilles.com\/app\/uploads\/2024\/06\/AdobeStock_425105540-scaled.jpeg\" alt=\"Gridspertise et Achilles, un partenariat strat\u00e9gique pour une supply chain toujours plus durable et intelligente dans le secteur de l\u2019\u00e9nergie\">\r\n                        <\/a>\r\n                                                <ul class=\"post_item_categories\">\r\n                                                        <li>\u00c9tudes de cas<\/li>\r\n                                                        <li>Informations sectorielles<\/li>\r\n                                                    <\/ul>\r\n                    <\/div>\r\n                    <a class=\"post_item_name\" href=\"https:\/\/www.achilles.com\/fr\/informations-sectorielles\/gridspertise-et-achilles-chaine-approvisionnement-durable\/\">Gridspertise et Achilles, un partenariat strat\u00e9gique pour une supply chain toujours plus durable et intelligente dans le secteur de l\u2019\u00e9nergie<\/a>\r\n                <\/div>\r\n                            <\/div>\r\n                    <\/div>\r\n    <\/div>\r\n\n\n    <div class=\"content_section\">\r\n        <div class=\"container\">\r\n                        <div class=\"description_section\">\r\n                                <p class=\"title_category\">SOLUTIONS POUR LA CHA\u00ceNE D&#8217;APPROVISIONNEMENT EN \u00c9NERGIE<\/p>\r\n                                <h2 class=\"title_section\">Des solutions pour une industrie de l&#8217;\u00e9nergie plus s\u00fbre, plus \u00e9quitable et \u00e0 faible \u00e9mission de carbone<\/h2>\r\n                                <div class=\"typical_text\">\r\n                    <p>Achilles a plusieurs d\u00e9cennies d&#8217;exp\u00e9rience dans la collaboration avec les plus grandes entreprises \u00e9nerg\u00e9tiques du monde pour faire face aux risques li\u00e9s \u00e0 la cha\u00eene d&#8217;approvisionnement, r\u00e9duire les \u00e9missions de carbone et assurer une transparence exceptionnelle de la cha\u00eene d&#8217;approvisionnement.<\/p>\n                <\/div>\r\n                            <\/div>\r\n                        <div class=\"features_wrap features_four\">\r\n                                <div class=\"feature_item\">\r\n                                        <div class=\"feature_item_icon\">\r\n                        <img decoding=\"async\" src=\"https:\/\/www.achilles.com\/app\/uploads\/2023\/09\/icon_common-file-text-check.png\" alt=\"\">\r\n                    <\/div>\r\n                                        <h3 class=\"feature_item_name\">R\u00e9seau de fournisseurs pr\u00e9qualifi\u00e9s<\/h3>\r\n                                        <div class=\"typical_text\">\r\n                        <p>Acc\u00e9dez \u00e0 une base de donn\u00e9es rigoureusement valid\u00e9e de fournisseurs mondiaux pr\u00e9qualifi\u00e9s du secteur de l&#8217;\u00e9nergie qui respectent les r\u00e9glementations locales et internationales en mati\u00e8re d&#8217;ESG et d&#8217;approvisionnement.<\/p>\n                    <\/div>\r\n                                        <a target=\"_blank\" class=\"btn\" aria-label=\"R\u00e9seau de fournisseurs pr\u00e9qualifi\u00e9s - En savoir plus\" href=\"\/fr\/fournisseurs-prequalifies\">En savoir plus<\/a>\r\n                                    <\/div>\r\n                                <div class=\"feature_item\">\r\n                                        <div class=\"feature_item_icon\">\r\n                        <img decoding=\"async\" src=\"https:\/\/www.achilles.com\/app\/uploads\/2023\/09\/icon_user-network-1.png\" alt=\"on site audits\">\r\n                    <\/div>\r\n                                        <h3 class=\"feature_item_name\">Diligence raisonnable \u00e0 l&#8217;\u00e9gard des fournisseurs<\/h3>\r\n                                        <div class=\"typical_text\">\r\n                        <p>\u00c9valuation et validation rigoureuses de votre cha\u00eene d&#8217;approvisionnement afin de garantir que vos fournisseurs respectent vos normes et que vous \u00eates en conformit\u00e9 avec les r\u00e9glementations applicables \u00e0 vos activit\u00e9s.<\/p>\n                    <\/div>\r\n                                        <a class=\"btn\" aria-label=\"Diligence raisonnable \u00e0 l'\u00e9gard des fournisseurs - En savoir plus\" href=\"\/fr\/chaines-dapprovisionnement-durables\">En savoir plus<\/a>\r\n                                    <\/div>\r\n                                <div class=\"feature_item\">\r\n                                        <div class=\"feature_item_icon\">\r\n                        <img decoding=\"async\" src=\"https:\/\/www.achilles.com\/app\/uploads\/2023\/09\/Icon_air-pollution-co2-down-2.png\" alt=\"\">\r\n                    <\/div>\r\n                                        <h3 class=\"feature_item_name\">R\u00e9duction du carbone<\/h3>\r\n                                        <div class=\"typical_text\">\r\n                        <p>Mesurez, g\u00e9rez et r\u00e9duisez efficacement votre empreinte carbone gr\u00e2ce au seul syst\u00e8me de gestion du carbone ISO14064-1 au monde.<\/p>\n                    <\/div>\r\n                                        <a class=\"btn\" aria-label=\"R\u00e9duction du carbone - En savoir plus\" href=\"\/fr\/reduction-de-carbone\">En savoir plus<\/a>\r\n                                    <\/div>\r\n                                <div class=\"feature_item\">\r\n                                        <div class=\"feature_item_icon\">\r\n                        <img decoding=\"async\" src=\"https:\/\/www.achilles.com\/app\/uploads\/2023\/09\/saving-bank-1.png\" alt=\"\">\r\n                    <\/div>\r\n                                        <h3 class=\"feature_item_name\">D\u00e9claration d&#8217;assurance<\/h3>\r\n                                        <div class=\"typical_text\">\r\n                        <p>D\u00e9montrer clairement aux pr\u00eateurs et aux autres parties prenantes votre performance par rapport aux indicateurs cl\u00e9s de performance ESG et aux objectifs de performance en mati\u00e8re de d\u00e9veloppement durable (SPT).<\/p>\n                    <\/div>\r\n                                        <a class=\"btn\" aria-label=\"D\u00e9claration d'assurance - En savoir plus\" href=\"\/fr\/finance-durable\">En savoir plus<\/a>\r\n                                    <\/div>\r\n                            <\/div>\r\n                    <\/div>\r\n    <\/div>\r\n\n\n            <div class=\"hero_section\">\r\n           <div class=\"hero_media\">\r\n                                <img decoding=\"async\" src=\"https:\/\/www.achilles.com\/app\/uploads\/2023\/09\/energy_offshorewind.jpg\" alt=\"\">\r\n                            <\/div>\r\n            <div class=\"container\">\r\n                <div class=\"hero_wrapper\">\r\n                    <div class=\"hero_info\">\r\n                                                <h2 class=\"title_section\">\u00c9nergie mondiale<\/h2>\r\n                                                <div class=\"typical_text middle_text\">\r\n                            <p>Respectez les normes internationales Global Energy, mettez-vous en conformit\u00e9 avec la l\u00e9gislation mondiale relative \u00e0 la cha\u00eene d&#8217;approvisionnement et jouez votre r\u00f4le dans la transition \u00e9thique vers un avenir \u00e9nerg\u00e9tique propre et vert.<\/p>\r\n                        <\/div>\r\n                                                <div class=\"content_buttons\">\r\n                                                        <a class=\"btn btn_big\" aria-label=\" - En savoir plus\" href=\"\/fr\/global-energy\">En savoir plus<\/a>\r\n                                                    <\/div>\r\n                                            <\/div>\r\n                <\/div>\r\n            <\/div>\r\n        <\/div>\r\n    \n\n    <div class=\"content_section\">\r\n        <div class=\"container\">\r\n                        <div class=\"posts_panel\">\r\n                <div class=\"description_section\">\r\n                                        <p class=\"title_category\">Aper\u00e7u de l&#8217;industrie Achilles<\/p>\r\n                     \r\n                    <h2 class=\"title_section\">Recommand\u00e9 pour vous<\/h2>\r\n                                    <\/div>\r\n                            <\/div>\r\n                                    <div class=\"posts_wrap\">\r\n                                <div class=\"post_item\">\r\n                    <div class=\"post_item_top\">\r\n                                                <a class=\"post_item_img\" href=\"https:\/\/www.achilles.com\/fr\/lenquete-mondiale-dachilles-revele-dimportantes-lacunes-de-visibilite-dans-les-chaines-dapprovisionnement\/\">\r\n                            <img decoding=\"async\" src=\"https:\/\/www.achilles.com\/app\/uploads\/2026\/03\/Web-page-top-banner-thumbnail-of-Achilles-Global-Supplier-Risk-and-Sustainability-Survey-2026.jpg\" alt=\"L&#8217;enqu\u00eate mondiale d&#8217;Achilles r\u00e9v\u00e8le d&#8217;importantes lacunes de visibilit\u00e9 dans les cha\u00eenes d&#8217;approvisionnement\">\r\n                        <\/a>\r\n                                                <ul class=\"post_item_categories\">\r\n                                                        <li>Communiqu\u00e9s de presse<\/li>\r\n                                                        <li>Informations sectorielles<\/li>\r\n                                                    <\/ul>\r\n                    <\/div>\r\n                    <a class=\"post_item_name\" href=\"https:\/\/www.achilles.com\/fr\/lenquete-mondiale-dachilles-revele-dimportantes-lacunes-de-visibilite-dans-les-chaines-dapprovisionnement\/\">L&#8217;enqu\u00eate mondiale d&#8217;Achilles r\u00e9v\u00e8le d&#8217;importantes lacunes de visibilit\u00e9 dans les cha\u00eenes d&#8217;approvisionnement<\/a>\r\n                <\/div>\r\n                                <div class=\"post_item\">\r\n                    <div class=\"post_item_top\">\r\n                                                <a class=\"post_item_img\" href=\"https:\/\/www.achilles.com\/fr\/le-rapport-annuel-sur-le-risque-et-la-durabilite-dachilles-2026\/\">\r\n                            <img decoding=\"async\" src=\"https:\/\/www.achilles.com\/app\/uploads\/2026\/03\/Web-page-top-banner-thumbnail-of-Achilles-Global-Supplier-Risk-and-Sustainability-Survey-2026.jpg\" alt=\"Le Rapport Annuel sur le Risque et la Durabilit\u00e9 d&#8217;Achilles 2026\">\r\n                        <\/a>\r\n                                                <ul class=\"post_item_categories\">\r\n                                                        <li>Guides<\/li>\r\n                                                        <li>Informations sectorielles<\/li>\r\n                                                    <\/ul>\r\n                    <\/div>\r\n                    <a class=\"post_item_name\" href=\"https:\/\/www.achilles.com\/fr\/le-rapport-annuel-sur-le-risque-et-la-durabilite-dachilles-2026\/\">Le Rapport Annuel sur le Risque et la Durabilit\u00e9 d&#8217;Achilles 2026<\/a>\r\n                <\/div>\r\n                                <div class=\"post_item\">\r\n                    <div class=\"post_item_top\">\r\n                                                <a class=\"post_item_img\" href=\"https:\/\/www.achilles.com\/fr\/informations-sectorielles\/finance-durable-chaine-approvisionnement\/\">\r\n                            <img decoding=\"async\" src=\"https:\/\/www.achilles.com\/app\/uploads\/2026\/03\/ESG-finance-1.jpg\" alt=\"La finance durable \u00e0 la loupe : pourquoi la cha\u00eene d\u2019approvisionnement gagne en importance dans l&#8217;ESG\">\r\n                        <\/a>\r\n                                                <ul class=\"post_item_categories\">\r\n                                                        <li>Articles<\/li>\r\n                                                        <li>Informations sectorielles<\/li>\r\n                                                    <\/ul>\r\n                    <\/div>\r\n                    <a class=\"post_item_name\" href=\"https:\/\/www.achilles.com\/fr\/informations-sectorielles\/finance-durable-chaine-approvisionnement\/\">La finance durable \u00e0 la loupe : pourquoi la cha\u00eene d\u2019approvisionnement gagne en importance dans l&#8217;ESG<\/a>\r\n                <\/div>\r\n                            <\/div>\r\n                    <\/div>\r\n    <\/div>\r\n\n\n    <div class=\"contact_main\">\r\n        <div class=\"contact_bg\">\r\n                        <img decoding=\"async\" src=\"https:\/\/www.achilles.com\/app\/uploads\/2023\/07\/Construction-site-black-overlay-scaled-1.jpg\" alt=\"\">\r\n                    <\/div>\r\n        <div class=\"container\">\r\n            <div class=\"contact_content\">\r\n                <div class=\"contact_wrapper\">\r\n                <div class=\"contact_content_description\">\r\n                                        <h1 class=\"title_page\">Parlez-nous<\/h1>\r\n                                        <h5 class=\"contact_content_subtitle\">Parlez \u00e0 l&#8217;un de nos experts en gestion ESG et carbone<\/h5>\r\n                                    <\/div>\r\n                <\/div>\r\n                <div class=\"contact_reqiest\">\r\n                    <script charset=\"utf-8\" type=\"text\/javascript\" src=\"\/\/js.hsforms.net\/forms\/embed\/v2.js\"><\/script><script>hbspt.forms.create({\r\n    region: \"na1\",\r\n    portalId: \"5387762\",\r\n    formId: \"acd5c099-4607-4366-9e21-00abd43e1e78\"\r\n  });\r\n<\/script>                <\/div>\r\n            <\/div>\r\n        <\/div>\r\n    <\/div>\r\n\r\n","protected":false},"excerpt":{"rendered":"","protected":false},"author":2,"featured_media":0,"parent":0,"menu_order":0,"comment_status":"closed","ping_status":"closed","template":"","meta":{"_acf_changed":false,"content-type":"","footnotes":""},"class_list":["post-23916","page","type-page","status-publish","hentry"],"acf":[],"_links":{"self":[{"href":"https:\/\/www.achilles.com\/fr\/wp-json\/wp\/v2\/pages\/23916","targetHints":{"allow":["GET"]}}],"collection":[{"href":"https:\/\/www.achilles.com\/fr\/wp-json\/wp\/v2\/pages"}],"about":[{"href":"https:\/\/www.achilles.com\/fr\/wp-json\/wp\/v2\/types\/page"}],"author":[{"embeddable":true,"href":"https:\/\/www.achilles.com\/fr\/wp-json\/wp\/v2\/users\/2"}],"replies":[{"embeddable":true,"href":"https:\/\/www.achilles.com\/fr\/wp-json\/wp\/v2\/comments?post=23916"}],"version-history":[{"count":0,"href":"https:\/\/www.achilles.com\/fr\/wp-json\/wp\/v2\/pages\/23916\/revisions"}],"wp:attachment":[{"href":"https:\/\/www.achilles.com\/fr\/wp-json\/wp\/v2\/media?parent=23916"}],"curies":[{"name":"wp","href":"https:\/\/api.w.org\/{rel}","templated":true}]}}