{"id":23909,"date":"2023-06-01T20:53:47","date_gmt":"2023-06-01T19:53:47","guid":{"rendered":"https:\/\/uat.achilles.com\/projet-de-loi-s211\/"},"modified":"2024-01-16T17:41:46","modified_gmt":"2024-01-16T14:41:46","slug":"projet-de-loi-s211","status":"publish","type":"page","link":"https:\/\/www.achilles.com\/fr\/projet-de-loi-s211\/","title":{"rendered":"Projet de loi S211"},"content":{"rendered":"    <div class=\"top_section\">\n        <div class=\"container\">\n            <div class=\"top_info half\">\n                                    <h1 class=\"top_title\">Loi relative \u00e0 la lutte contre le travail forc\u00e9 dans les cha\u00eenes d&#8217;approvisionnement<\/h1>\n                                    <div class=\"top_text large_text\">\n                        <div class=\"page\" title=\"Page 4\">\n<div class=\"layoutArea\">\n<div class=\"column\">\n<p>La loi sur la lutte contre le travail forc\u00e9 et le travail des enfants dans les cha\u00eenes d&#8217;approvisionnement, \u00e9galement connue sous le nom de projet de loi S211, est une loi qui a re\u00e7u la sanction royale au Canada en mai 2023 et qui exige des entreprises qu&#8217;elles prennent la responsabilit\u00e9 de lutter contre l&#8217;esclavage moderne dans leurs cha\u00eenes d&#8217;approvisionnement et qu&#8217;elles rendent compte de leurs actions.<\/p>\n<\/div>\n<\/div>\n<\/div>\n                    <\/div>\n                                    <div class=\"top_buttons\">\n                                                    <a class=\"btn btn_big\" href=\"\/fr\/nous-joindre\">R\u00e9servez une consultation gratuite pour le S211<\/a>\n                                            <\/div>\n                            <\/div>\n        <\/div>\n        <div class=\"top_media\">\n\t\t\t        <\/div>\n    <\/div>\n\n\n            <div class=\"content_section bg_grey\">\r\n            <div class=\"container\">\r\n                <div class=\"content_wrap right\">\r\n                    <div class=\"content_info ogo2\">\r\n                                                <p class=\"title_category\">Livre blanc<\/p>\r\n                                                <h2 class=\"title_page\">Introduction \u00e0 la loi relative \u00e0 la lutte contre le travail forc\u00e9 dans les cha\u00eenes d&#8217;approvisionnement<\/h2>\r\n                                                <div class=\"typical_text\">\r\n                            <p>M\u00eame les professionnels les plus exp\u00e9riment\u00e9s en mati\u00e8re de d\u00e9veloppement durable et de cha\u00eene d&#8217;approvisionnement admettent se sentir d\u00e9pass\u00e9s par cette nouvelle \u00e8re de r\u00e9glementation de la cha\u00eene d&#8217;approvisionnement ESG et par les informations n\u00e9cessaires pour d\u00e9montrer l&#8217;impact de leur organisation sur les personnes et la plan\u00e8te. <span data-ccp-props=\"{\">Le guide ultime d&#8217;Achille <\/span><a href=\"\/wp\/wp-content\/uploads\/2023\/09\/The-Ultimate-Guide-to-Bill-S211-Final-EN.pdf\">Ultimate Gide to Fighting Against Forced Labour and Child Labour in Supply Chains Act (Guide ultime de lutte contre le travail forc\u00e9 et le travail des enfants dans les cha\u00eenes d&#8217;approvisionnement)<\/a> <span data-ccp-props=\"{\">est une ressource compl\u00e8te qui vous aidera \u00e0 vous mettre en conformit\u00e9.<\/span><\/p>\n                        <\/div>\r\n                                                <a class=\"btn btn_big\" href=\"\/fr\/the-ultimate-guide-to-fighting-against-forced-labour-and-child-labour-in-supply-chains-act-bill-s-211-2\/\">Lire<\/a>\r\n                                            <\/div>\r\n\t\t\t\t\t\t\t\t\t\t\r\n                                    <\/div>\r\n            <\/div>\r\n        <\/div>\r\n    \n\n            <div class=\"content_section\">\r\n            <div class=\"container\">\r\n                <div class=\"content_wrap\">\r\n                    <div class=\"content_info ogo2\">\r\n                                                <p class=\"title_category\">Blog<\/p>\r\n                                                <h2 class=\"title_page\">Qu&#8217;est-ce qui est consid\u00e9r\u00e9 comme suffisant ?<\/h2>\r\n                                                <div class=\"typical_text\">\r\n                            <p><span lang=\"EN-GB\" xml:lang=\"EN-GB\" data-contrast=\"none\"><span data-ccp-parastyle=\"article-preview_articlepreviewsubheader__ffri1\">La loi canadienne sur la lutte contre le travail forc\u00e9 dans les cha\u00eenes d&#8217;approvisionnement exige que les organisations adoptent une approche fond\u00e9e sur le risque en mati\u00e8re de diligence raisonnable dans la cha\u00eene d&#8217;approvisionnement.<\/span> <span data-ccp-parastyle=\"article-preview_articlepreviewsubheader__ffri1\">Mais jusqu&#8217;o\u00f9 faut-il aller et <\/span><span data-ccp-parastyle=\"article-preview_articlepreviewsubheader__ffri1\">et quand est-ce que cela est consid\u00e9r\u00e9 comme \u00e9tant suffisant?<\/span><\/span><\/p>\n                        <\/div>\r\n                                                <a class=\"btn btn_big\" href=\"\/fr\/informations-sectorielles\/quand-est-ce-que-ca-suffit\">Lire<\/a>\r\n                                            <\/div>\r\n\t\t\t\t\t\t\t\t\t\t\r\n                                        <div class=\"content_media\">\r\n                        <img decoding=\"async\" src=\"https:\/\/www.achilles.com\/app\/uploads\/2023\/09\/iStock-963011730.jpg\" width=\"401\" alt=\"A close up of the statue of lady justice standing in front of an out of focus row of law books.\">\r\n                    <\/div>\r\n                                    <\/div>\r\n            <\/div>\r\n        <\/div>\r\n    \n\n            <div class=\"content_section\">\r\n            <div class=\"container\">\r\n                <div class=\"content_wrap\">\r\n                    <div class=\"content_info ogo2\">\r\n                                                <p class=\"title_category\">Vid\u00e9o<\/p>\r\n                                                <h2 class=\"title_page\">\u00c9tapes de la conformit\u00e9 \u00e0 la loi sur la lutte contre le travail forc\u00e9 dans les cha\u00eenes d&#8217;approvisionnement<\/h2>\r\n                                                <div class=\"typical_text\">\r\n                            <p><span lang=\"EN-GB\" data-contrast=\"none\" xml:lang=\"EN-GB\"><span data-ccp-parastyle=\"article-preview_articlepreviewsubheader__ffri1\">La loi sur la lutte contre le travail forc\u00e9 dans les cha\u00eenes d&#8217;approvisionnement exige une approche m\u00e9thodique fond\u00e9e sur les risques qui am\u00e9liorera \u00e9galement la durabilit\u00e9 globale de votre organisation. Nous nous excusons, mais ce contenu n&#8217;est pas encore disponible en fran\u00e7ais.<\/span><\/span><span data-ccp-props=\"{\"134233117\":false,\"134233118\":false,\"335559738\":300,\"335559739\":810}\"> <\/span><\/p>\n                        <\/div>\r\n                                                <a class=\"btn btn_big\" href=\"\/wp\/wp-content\/uploads\/2023\/09\/5-steps-to-Bill-S211-compliance.mp4\">Regarder<\/a>\r\n                                            <\/div>\r\n\t\t\t\t\t                    <div class=\"content_media_video\">\r\n                        <video  autoplay muted playsinline loop>\r\n                                        <source src=\"https:\/\/www.achilles.com\/app\/uploads\/2023\/09\/5-steps-to-Bill-S211-compliance.mp4\" type=\"video\/mp4\">\r\n\r\n                                    <\/video>\r\n                    <\/div>\r\n                    \t\t\t\t\t\r\n                                    <\/div>\r\n            <\/div>\r\n        <\/div>\r\n    \n\n    <div class=\"content_section bg_grey\">\r\n        <div class=\"container\">\r\n                        <div class=\"description_section\">\r\n                                <p class=\"title_category\">ACHILLES ESG SOLUTIONS<\/p>\r\n                                <h2 class=\"title_section\">Solutions ESG pour les risques li\u00e9s \u00e0 la cha\u00eene d&#8217;approvisionnement<\/h2>\r\n                                <div class=\"typical_text\">\r\n                    <p>Achilles est l&#8217;expert mondial de la gestion des risques li\u00e9s \u00e0 la cha\u00eene d&#8217;approvisionnement. Nous travaillons avec des organisations financi\u00e8res, industrielles, commerciales et gouvernementales de premier plan qui ont besoin d&#8217;une analyse s\u00e9rieuse et d\u00e9taill\u00e9e et d&#8217;une vision d&#8217;expert pour obtenir des niveaux exceptionnels de confiance dans les rapports.<\/p>\n                <\/div>\r\n                            <\/div>\r\n                        <div class=\"features_wrap features_four\">\r\n                                <div class=\"feature_item\">\r\n                                        <div class=\"feature_item_icon\">\r\n                        <img decoding=\"async\" src=\"https:\/\/www.achilles.com\/app\/uploads\/2023\/09\/icon_common-file-text-check.png\" alt=\"\">\r\n                    <\/div>\r\n                                        <h3 class=\"feature_item_name\">R\u00e9seau de fournisseurs pr\u00e9qualifi\u00e9s<\/h3>\r\n                                        <div class=\"typical_text\">\r\n                        <p>Acc\u00e9dez \u00e0 une vaste base de donn\u00e9es de fournisseurs pr\u00e9qualifi\u00e9s qui respectent les r\u00e8gles ESG et les r\u00e8gles d&#8217;approvisionnement qui vous concernent.<\/p>\n                    <\/div>\r\n                                    <\/div>\r\n                                <div class=\"feature_item\">\r\n                                        <div class=\"feature_item_icon\">\r\n                        <img decoding=\"async\" src=\"https:\/\/www.achilles.com\/app\/uploads\/2023\/09\/icon_user-network-1.png\" alt=\"on site audits\">\r\n                    <\/div>\r\n                                        <h3 class=\"feature_item_name\">Diligence raisonnable de la cha\u00eene d&#8217;approvisionnement ESG<\/h3>\r\n                                        <div class=\"typical_text\">\r\n                        <p>La validation rigoureuse d&#8217;Achilles est le meilleur moyen de se conformer \u00e0 la loi sur la lutte contre le travail forc\u00e9 et le travail des enfants dans les cha\u00eenes d&#8217;approvisionnement.<\/p>\n                    <\/div>\r\n                                    <\/div>\r\n                                <div class=\"feature_item\">\r\n                                        <div class=\"feature_item_icon\">\r\n                        <img decoding=\"async\" src=\"https:\/\/www.achilles.com\/app\/uploads\/2023\/09\/Icon_air-pollution-co2-down-2.png\" alt=\"\">\r\n                    <\/div>\r\n                                        <h3 class=\"feature_item_name\">R\u00e9duction des \u00e9missions de carbone<\/h3>\r\n                                        <div class=\"typical_text\">\r\n                        <p><span class=\"contentpasted1\">Programme de certification accr\u00e9dit\u00e9 ISO14064-1 <\/span><span class=\"contentpasted2\">con\u00e7u pour vous aider \u00e0 mesurer, g\u00e9rer et r\u00e9duire votre empreinte carbone.<\/span><\/p>\n                    <\/div>\r\n                                        <a class=\"btn\" aria-label=\"R\u00e9duction des \u00e9missions de carbone - En savoir plus\" href=\"\/fr\/reduction-de-carbone\">En savoir plus<\/a>\r\n                                    <\/div>\r\n                                <div class=\"feature_item\">\r\n                                        <div class=\"feature_item_icon\">\r\n                        <img decoding=\"async\" src=\"https:\/\/www.achilles.com\/app\/uploads\/2023\/09\/saving-bank-1.png\" alt=\"\">\r\n                    <\/div>\r\n                                        <h3 class=\"feature_item_name\">D\u00e9claration d&#8217;assurance<\/h3>\r\n                                        <div class=\"typical_text\">\r\n                        <p>V\u00e9rification et validation compl\u00e8tes des d\u00e9clarations de durabilit\u00e9 dans le contexte des pr\u00eats li\u00e9s \u00e0 la durabilit\u00e9.<\/p>\n                    <\/div>\r\n                                        <a class=\"btn\" aria-label=\"D\u00e9claration d'assurance - En savoir plus\" href=\"\/fr\/finance-durable\">En savoir plus<\/a>\r\n                                    <\/div>\r\n                            <\/div>\r\n                    <\/div>\r\n    <\/div>\r\n\n\n    <div class=\"content_section\">\r\n        <div class=\"container\">\r\n                        <div class=\"posts_panel\">\r\n                <div class=\"description_section\">\r\n                                        <p class=\"title_category\">VISION D&#8217;ACHILLES<\/p>\r\n                     \r\n                    <h2 class=\"title_section\">Recommand\u00e9 pour vous<\/h2>\r\n                                    <\/div>\r\n                            <\/div>\r\n                                    <div class=\"posts_wrap\">\r\n                                <div class=\"post_item\">\r\n                    <div class=\"post_item_top\">\r\n                                                <a class=\"post_item_img\" href=\"https:\/\/www.achilles.com\/fr\/informations-sectorielles\/norme-mondiale-achilles-pour-la-gestion-des-risques-lies-aux-fournisseurs\/\">\r\n                            <img decoding=\"async\" src=\"https:\/\/www.achilles.com\/app\/uploads\/2018\/02\/g-cloud-banner-1.png\" alt=\"Norme mondiale Achilles pour la gestion des risques li\u00e9s aux fournisseurs\">\r\n                        <\/a>\r\n                                                <ul class=\"post_item_categories\">\r\n                                                        <li>Articles<\/li>\r\n                                                        <li>Informations sectorielles<\/li>\r\n                                                    <\/ul>\r\n                    <\/div>\r\n                    <a class=\"post_item_name\" href=\"https:\/\/www.achilles.com\/fr\/informations-sectorielles\/norme-mondiale-achilles-pour-la-gestion-des-risques-lies-aux-fournisseurs\/\">Norme mondiale Achilles pour la gestion des risques li\u00e9s aux fournisseurs<\/a>\r\n                <\/div>\r\n                                <div class=\"post_item\">\r\n                    <div class=\"post_item_top\">\r\n                                                <a class=\"post_item_img\" href=\"https:\/\/www.achilles.com\/fr\/informations-sectorielles\/vsme-rapport-de-durabilite-pme\/\">\r\n                            <img decoding=\"async\" src=\"https:\/\/www.achilles.com\/app\/uploads\/2023\/06\/AdobeStock_597633716-scaled-1.jpeg\" alt=\"Qu&#8217;est-ce que la VSME ? Rapport de durabilit\u00e9 de l&#8217;UE pour les PME et les cha\u00eenes d&#8217;approvisionnement\">\r\n                        <\/a>\r\n                                                <ul class=\"post_item_categories\">\r\n                                                        <li>Articles<\/li>\r\n                                                        <li>Informations sectorielles<\/li>\r\n                                                    <\/ul>\r\n                    <\/div>\r\n                    <a class=\"post_item_name\" href=\"https:\/\/www.achilles.com\/fr\/informations-sectorielles\/vsme-rapport-de-durabilite-pme\/\">Qu&#8217;est-ce que la VSME ? Rapport de durabilit\u00e9 de l&#8217;UE pour les PME et les cha\u00eenes d&#8217;approvisionnement<\/a>\r\n                <\/div>\r\n                                <div class=\"post_item\">\r\n                    <div class=\"post_item_top\">\r\n                                                <a class=\"post_item_img\" href=\"https:\/\/www.achilles.com\/fr\/informations-sectorielles\/le-paquet-omnibus-mise-a-jour\/\">\r\n                            <img decoding=\"async\" src=\"https:\/\/www.achilles.com\/app\/uploads\/2024\/08\/AdobeStock_334037445_Editorial_Use_Only-scaled.jpeg\" alt=\"Le paquet Omnibus : davantage d\u2019euroincertitude\">\r\n                        <\/a>\r\n                                                <ul class=\"post_item_categories\">\r\n                                                        <li>Articles<\/li>\r\n                                                        <li>Informations sectorielles<\/li>\r\n                                                    <\/ul>\r\n                    <\/div>\r\n                    <a class=\"post_item_name\" href=\"https:\/\/www.achilles.com\/fr\/informations-sectorielles\/le-paquet-omnibus-mise-a-jour\/\">Le paquet Omnibus : davantage d\u2019euroincertitude<\/a>\r\n                <\/div>\r\n                            <\/div>\r\n                    <\/div>\r\n    <\/div>\r\n\n\n            <div class=\"content_section bg_grey\">\r\n            <div class=\"container\">\r\n                <div class=\"content_wrap\">\r\n                    <div class=\"content_info ogo2\">\r\n                                                <h2 class=\"title_page\">5 raisons d&#8217;utiliser Achilles pour le contr\u00f4le pr\u00e9alable de la cha\u00eene d&#8217;approvisionnement<\/h2>\r\n                                                <h5 class=\"title_small\">Gestion de la cha\u00eene d&#8217;approvisionnement et conformit\u00e9 ESG \u00e0 l&#8217;\u00e9chelle mondiale<\/h5>\r\n                                                <div class=\"typical_text\">\r\n                            <p><span lang=\"EN-GB\" data-contrast=\"none\" xml:lang=\"EN-GB\">Pour en savoir plus sur la collaboration avec Achilles, voyez votre charge de gestion des risques de la cha\u00eene d&#8217;approvisionnement s&#8217;all\u00e9ger et votre confiance en mati\u00e8re de reporting monter en fl\u00e8che.<\/span><\/p>\n                        <\/div>\r\n                                                <a class=\"btn btn_big\" href=\"\/fr\/informations-sectorielles\/directive-sur-les-rapports-de-durabilite-des-entreprises-tout-ce-quil-faut-savoir\">Lire<\/a>\r\n                                            <\/div>\r\n\t\t\t\t\t\t\t\t\t\t\r\n                                        <div class=\"content_media\">\r\n                        <img decoding=\"async\" src=\"https:\/\/www.achilles.com\/app\/uploads\/2023\/09\/AdobeStock_555958628.png\" width=\"398\" alt=\"Carbon emissions\">\r\n                    <\/div>\r\n                                    <\/div>\r\n            <\/div>\r\n        <\/div>\r\n    \n\n    <div class=\"request_section\">\r\n        <div class=\"contact_bg\">\r\n                    <\/div>\r\n        <div class=\"container\">\r\n            <div class=\"request_inner\">\r\n                                <div class=\"request_wrapper\">\r\n                <h2 class=\"title_section\">Prendre contact<\/h2>\r\n                <\/div>\r\n                                <div class=\"request_box\">\r\n                                        <h5 class=\"contact_content_subtitle\">Contactez-nous pour discuter de vos besoins en mati\u00e8re de loi sur la lutte contre le travail forc\u00e9 et le travail des enfants dans les cha\u00eenes d&#8217;approvisionnement.<\/h5>\r\n                    <script charset=\"utf-8\" type=\"text\/javascript\" src=\"\/\/js.hsforms.net\/forms\/embed\/v2.js\"><\/script><script>hbspt.forms.create({\n    region: \"na1\",\n    portalId: \"5387762\",\n    formId: \"a23cf73a-36bd-433c-a1d8-4acd8b05b928\"\n  });\n<\/script>                <\/div>\r\n            <\/div>\r\n        <\/div>\r\n    <\/div>\r\n\r\n","protected":false},"excerpt":{"rendered":"","protected":false},"author":2,"featured_media":20224,"parent":0,"menu_order":0,"comment_status":"closed","ping_status":"closed","template":"","meta":{"_acf_changed":false,"content-type":"","footnotes":""},"class_list":["post-23909","page","type-page","status-publish","has-post-thumbnail","hentry"],"acf":[],"_links":{"self":[{"href":"https:\/\/www.achilles.com\/fr\/wp-json\/wp\/v2\/pages\/23909","targetHints":{"allow":["GET"]}}],"collection":[{"href":"https:\/\/www.achilles.com\/fr\/wp-json\/wp\/v2\/pages"}],"about":[{"href":"https:\/\/www.achilles.com\/fr\/wp-json\/wp\/v2\/types\/page"}],"author":[{"embeddable":true,"href":"https:\/\/www.achilles.com\/fr\/wp-json\/wp\/v2\/users\/2"}],"replies":[{"embeddable":true,"href":"https:\/\/www.achilles.com\/fr\/wp-json\/wp\/v2\/comments?post=23909"}],"version-history":[{"count":0,"href":"https:\/\/www.achilles.com\/fr\/wp-json\/wp\/v2\/pages\/23909\/revisions"}],"wp:featuredmedia":[{"embeddable":true,"href":"https:\/\/www.achilles.com\/fr\/wp-json\/wp\/v2\/media\/20224"}],"wp:attachment":[{"href":"https:\/\/www.achilles.com\/fr\/wp-json\/wp\/v2\/media?parent=23909"}],"curies":[{"name":"wp","href":"https:\/\/api.w.org\/{rel}","templated":true}]}}