{"id":23904,"date":"2023-05-12T12:47:08","date_gmt":"2023-05-12T11:47:08","guid":{"rendered":"https:\/\/uat.achilles.com\/accessibility\/"},"modified":"2024-06-25T12:35:10","modified_gmt":"2024-06-25T09:35:10","slug":"accessibility","status":"publish","type":"page","link":"https:\/\/www.achilles.com\/fr\/accessibility\/","title":{"rendered":"Accessibilit\u00e9"},"content":{"rendered":"    <div class=\"content_section page_default_text\">\r\n        <div class=\"container\">\r\n            <article class=\"article_wrap\">\r\n                <div class=\"article_main\">\r\n                    <div class=\"typical_text\">\r\n                        <h1>Accessibilit\u00e9<\/h1>\n<p>De nombreux internautes handicap\u00e9s trouvent les sites web difficiles, voire impossibles \u00e0 utiliser, simplement en raison de la mani\u00e8re dont ils sont con\u00e7us. Chez Achilles, nous travaillons dur pour fournir des services et des produits web utiles \u00e0 tous nos clients.<\/p>\n<p>Nous sommes conscients des types de technologies d&#8217;adaptation utilis\u00e9es par les personnes handicap\u00e9es et nous travaillons actuellement \u00e0 la refonte des pages pour assurer la compatibilit\u00e9 avec le plus grand nombre possible de ces syst\u00e8mes. Parmi les changements \u00e0 apporter, citons la clart\u00e9 du texte (les polices en italique peuvent \u00eatre difficiles \u00e0 lire) et la description ad\u00e9quate des liens (&#8220;cliquez ici&#8221; ne signifie pas grand-chose en soi).<\/p>\n<p>Tous les navigateurs ne vous permettent pas de modifier la fa\u00e7on dont vous visualisez la page, mais voici quelques conseils pour des changements simples que vous pouvez effectuer.<\/p>\n<h2>Type et taille de la police<\/h2>\n<p>Pour am\u00e9liorer la visibilit\u00e9, vous pouvez augmenter (ou r\u00e9duire) la taille du texte et modifier le choix de la police.<\/p>\n<h2>Utilisateurs d&#8217;Internet Explorer<\/h2>\n<p>Pour modifier la taille de la police :<br \/>\nAllez dans &#8220;Affichage&#8221;, choisissez &#8220;Taille du texte&#8221; et s\u00e9lectionnez la taille de police appropri\u00e9e, par exemple plus grande.<\/p>\n<p>Pour modifier le choix de la police :<br \/>\nOuvrez votre fen\u00eatre &#8220;Options Internet&#8221; en allant dans &#8220;Affichage&#8221; (ou &#8220;Outils&#8221; si vous l&#8217;avez) et en faisant d\u00e9filer vers le bas.<\/p>\n<p>Sous Historique, choisissez &#8220;Polices&#8221; et s\u00e9lectionnez votre style pr\u00e9f\u00e9r\u00e9, puis cliquez sur &#8220;OK<\/p>\n<p>Allez dans &#8220;Accessibilit\u00e9&#8221; dans &#8220;Options Internet&#8221; et cliquez sur &#8220;Ignorer les styles et tailles de police sp\u00e9cifi\u00e9s sur les pages Web&#8221;.<\/p>\n<p>Lorsque vous cliquez sur &#8220;OK&#8221;, la page que vous visualisez devrait s&#8217;afficher avec vos sp\u00e9cifications.<\/p>\n<h2>Couleur du texte et de l&#8217;arri\u00e8re-plan<\/h2>\n<p>Il se peut que vous ayez besoin de couleurs sp\u00e9cifiques pour pouvoir visualiser facilement le site.<\/p>\n<h2>Utilisateurs d&#8217;Internet Explorer<\/h2>\n<p>Allez dans &#8220;Options Internet&#8221; (comme ci-dessus) et choisissez &#8220;Couleurs&#8221;.<\/p>\n<p>Vous pouvez modifier la couleur du texte et de l&#8217;arri\u00e8re-plan de la page ainsi que la couleur dans laquelle les liens apparaissent, puis cliquez sur &#8220;OK&#8221;.<\/p>\n<p>Choisissez &#8220;Accessibilit\u00e9&#8221; dans &#8220;Options Internet&#8221; et cliquez sur &#8220;Ignorer les couleurs sp\u00e9cifi\u00e9es sur les pages Web&#8221;.<\/p>\n<p>Lorsque vous cliquez sur &#8220;OK&#8221;, la page que vous visualisez devrait s&#8217;afficher avec vos sp\u00e9cifications.<\/p>\n<h2>Adobe Acrobat Reader<\/h2>\n<p>De nombreux documents sur ce site web n\u00e9cessitent Adobe Acrobat Reader pour \u00eatre visualis\u00e9s. Ce logiciel tiers peut \u00eatre t\u00e9l\u00e9charg\u00e9 \u00e0 partir du <a href=\"https:\/\/www.adobe.com\/\" target=\"_blank\" rel=\"noopener noreferrer\">site adobe.com<\/a>.<\/p>\n \r\n                    <\/div>\r\n                <\/div>\r\n            <\/article>\r\n        <\/div>\r\n    <\/div>\r\n","protected":false},"excerpt":{"rendered":"","protected":false},"author":1,"featured_media":0,"parent":0,"menu_order":0,"comment_status":"closed","ping_status":"closed","template":"","meta":{"_acf_changed":false,"content-type":"","footnotes":""},"class_list":["post-23904","page","type-page","status-publish","hentry"],"acf":[],"_links":{"self":[{"href":"https:\/\/www.achilles.com\/fr\/wp-json\/wp\/v2\/pages\/23904","targetHints":{"allow":["GET"]}}],"collection":[{"href":"https:\/\/www.achilles.com\/fr\/wp-json\/wp\/v2\/pages"}],"about":[{"href":"https:\/\/www.achilles.com\/fr\/wp-json\/wp\/v2\/types\/page"}],"author":[{"embeddable":true,"href":"https:\/\/www.achilles.com\/fr\/wp-json\/wp\/v2\/users\/1"}],"replies":[{"embeddable":true,"href":"https:\/\/www.achilles.com\/fr\/wp-json\/wp\/v2\/comments?post=23904"}],"version-history":[{"count":0,"href":"https:\/\/www.achilles.com\/fr\/wp-json\/wp\/v2\/pages\/23904\/revisions"}],"wp:attachment":[{"href":"https:\/\/www.achilles.com\/fr\/wp-json\/wp\/v2\/media?parent=23904"}],"curies":[{"name":"wp","href":"https:\/\/api.w.org\/{rel}","templated":true}]}}