{"id":23902,"date":"2023-05-12T14:26:13","date_gmt":"2023-05-12T13:26:13","guid":{"rendered":"https:\/\/uat.achilles.com\/__trashed-2\/careers\/"},"modified":"2025-12-29T12:43:55","modified_gmt":"2025-12-29T12:43:55","slug":"carrieres","status":"publish","type":"page","link":"https:\/\/www.achilles.com\/fr\/a-propos\/carrieres\/","title":{"rendered":"Rejoignez l\u2019\u00e9quipe Achilles"},"content":{"rendered":"    <div class=\"top_section\">\n        <div class=\"container\">\n            <div class=\"top_info half\">\n                                    <h1 class=\"top_title\">Rejoignez l\u2019\u00e9quipe Achilles<\/h1>\n                            <\/div>\n        <\/div>\n        <div class=\"top_media\">\n\t\t\t            <img decoding=\"async\" src=\"https:\/\/www.achilles.com\/app\/uploads\/2024\/05\/Achilles-Careers-People-Team-scaled.jpg\" alt=\"Team of people working in an office\">\n                    <\/div>\n    <\/div>\n\n\n    <div class=\"content_section\">\r\n        <div class=\"container\">\r\n                        <div class=\"description_section full\">\r\n                                <h2 class=\"title_section\">Nous transformons la fa\u00e7on dont le monde fait des affaires<\/h2>\r\n                                <div class=\"typical_text\">\r\n                    <p>En tant qu\u2019experts de la performance des cha\u00eenes d\u2019approvisionnement, nous comprenons mieux que quiconque \u00e0 quel point le monde est interconnect\u00e9 et l\u2019impact que peuvent avoir des pratiques commerciales responsables. En pla\u00e7ant nos clients au c\u0153ur de nos priorit\u00e9s \u2014 en les aidant \u00e0 am\u00e9liorer leurs op\u00e9rations, \u00e0 renforcer les normes de sant\u00e9 et de s\u00e9curit\u00e9 et \u00e0 \u00e9liminer les pratiques non durables de leurs cha\u00eenes d\u2019approvisionnement \u2014 les b\u00e9n\u00e9fices de nos services s\u2019\u00e9tendent bien au-del\u00e0 des organisations avec lesquelles nous collaborons.<\/p>\n                <\/div>\r\n                            <\/div>\r\n                        <div class=\"features_wrap\">\r\n                                <div class=\"feature_item\">\r\n                                        <div class=\"feature_item_icon\">\r\n                        <img decoding=\"async\" src=\"https:\/\/www.achilles.com\/app\/uploads\/2025\/06\/Email-Icons-10.png\" alt=\"Supply-Line Achilles Icon\">\r\n                    <\/div>\r\n                                        <h3 class=\"feature_item_name\">\u00catre mondial<\/h3>\r\n                                        <div class=\"typical_text\">\r\n                        <p>Nous aidons nos clients \u00e0 saisir des opportunit\u00e9s partout dans le monde \u2014 et nous sommes tout aussi fiers d\u2019offrir ces opportunit\u00e9s \u00e0 nos collaborateurs. Nous fonctionnons comme une seule \u00e9quipe \u00e0 l\u2019\u00e9chelle mondiale, vous permettant ainsi d\u2019\u00e9largir vos horizons et de d\u00e9velopper vos comp\u00e9tences professionnelles au sein d\u2019un environnement international.<\/p>\n                    <\/div>\r\n                                    <\/div>\r\n                                <div class=\"feature_item\">\r\n                                        <div class=\"feature_item_icon\">\r\n                        <img decoding=\"async\" src=\"https:\/\/www.achilles.com\/app\/uploads\/2025\/05\/EXPERT-icon-1.png\" alt=\"Icon representing Achilles validates to suppliers to provide reporting confidence\">\r\n                    <\/div>\r\n                                        <h3 class=\"feature_item_name\">Fa\u00e7onnez votre avenir<\/h3>\r\n                                        <div class=\"typical_text\">\r\n                        <p>Nous ne sommes rien sans nos collaborateurs. Ils sont souvent les mieux plac\u00e9s pour nous dire comment les choses devraient \u00eatre &#8211; et nous sommes toujours pr\u00eats \u00e0 \u00e9couter ce qu&#8217;ils ont \u00e0 dire. Nous sommes fiers qu&#8217;un si grand nombre de nos collaborateurs soient rest\u00e9s avec nous sur la dur\u00e9e, mais nous sommes toujours \u00e0 la recherche de nouveaux talents d\u00e9sireux d&#8217;obtenir des r\u00e9sultats.<\/p>\n                    <\/div>\r\n                                    <\/div>\r\n                                <div class=\"feature_item\">\r\n                                        <div class=\"feature_item_icon\">\r\n                        <img decoding=\"async\" src=\"https:\/\/www.achilles.com\/app\/uploads\/2025\/09\/globe-icon-2.png\" alt=\"\">\r\n                    <\/div>\r\n                                        <h3 class=\"feature_item_name\">Aller de l&#8217;avant<\/h3>\r\n                                        <div class=\"typical_text\">\r\n                        <p>En tant qu&#8217;entreprise ax\u00e9e sur les personnes, nous savons que le succ\u00e8s d\u00e9pend du d\u00e9veloppement et de la fid\u00e9lisation de personnes talentueuses. De votre premier \u00e0 votre dernier jour chez nous, nous vous fournirons les outils dont vous avez besoin pour r\u00e9ussir &#8211; et nous vous r\u00e9compenserons lorsque vous y parviendrez.<\/p>\n                    <\/div>\r\n                                    <\/div>\r\n                            <\/div>\r\n                    <\/div>\r\n    <\/div>\r\n\n\n    <div class=\"content_section\">\r\n        <div class=\"container\">\r\n                        <div class=\"content_block\">\r\n                                <h2 class=\"title_section\">Postes vacants<\/h2>\r\n                <iframe scrolling=\"yes\" src=\"https:\/\/achilleshr.secure.force.com\/Recruit\/fRecruit__ApplyJobList?portal=single%20portal\" style=\"width: 100%; height: 850px; border: 0px; overflow-x: scroll;\" id=\"FairsailApplicantPortalIframe\"><\/iframe>            <\/div>\r\n            <div class=\"content_block\">                                    <div class=\"cta_wrap\">\r\n                                <a href=\"\/fr\/partenaires-strategiques\" class=\"cta_box\" >\r\n                    <div class=\"cta_box_bg\">\r\n                                            <\/div>\r\n                    <div class=\"cta_box_info\">\r\n                                                <h3 class=\"cta_box_name\">Nos collaborateurs<\/h3>\r\n                                                <span class=\"btn btn_big\">En savoir plus<\/span>\r\n                                            <\/div>\r\n                <\/a>\r\n                                <a href=\"\/fr\/nous-joindre\" class=\"cta_box\" >\r\n                    <div class=\"cta_box_bg\">\r\n                                            <\/div>\r\n                    <div class=\"cta_box_info\">\r\n                                                <h3 class=\"cta_box_name\">Vous avez des questions ?<\/h3>\r\n                                                <span class=\"btn btn_big\">Prendre contact<\/span>\r\n                                            <\/div>\r\n                <\/a>\r\n                            <\/div>\r\n                        <\/div>        <\/div>\r\n    <\/div>\r\n\n\n\n<p><\/p>\n","protected":false},"excerpt":{"rendered":"","protected":false},"author":1,"featured_media":30131,"parent":23822,"menu_order":0,"comment_status":"closed","ping_status":"closed","template":"","meta":{"_acf_changed":true,"content-type":"","footnotes":""},"class_list":["post-23902","page","type-page","status-publish","has-post-thumbnail","hentry"],"acf":[],"_links":{"self":[{"href":"https:\/\/www.achilles.com\/fr\/wp-json\/wp\/v2\/pages\/23902","targetHints":{"allow":["GET"]}}],"collection":[{"href":"https:\/\/www.achilles.com\/fr\/wp-json\/wp\/v2\/pages"}],"about":[{"href":"https:\/\/www.achilles.com\/fr\/wp-json\/wp\/v2\/types\/page"}],"author":[{"embeddable":true,"href":"https:\/\/www.achilles.com\/fr\/wp-json\/wp\/v2\/users\/1"}],"replies":[{"embeddable":true,"href":"https:\/\/www.achilles.com\/fr\/wp-json\/wp\/v2\/comments?post=23902"}],"version-history":[{"count":0,"href":"https:\/\/www.achilles.com\/fr\/wp-json\/wp\/v2\/pages\/23902\/revisions"}],"up":[{"embeddable":true,"href":"https:\/\/www.achilles.com\/fr\/wp-json\/wp\/v2\/pages\/23822"}],"wp:featuredmedia":[{"embeddable":true,"href":"https:\/\/www.achilles.com\/fr\/wp-json\/wp\/v2\/media\/30131"}],"wp:attachment":[{"href":"https:\/\/www.achilles.com\/fr\/wp-json\/wp\/v2\/media?parent=23902"}],"curies":[{"name":"wp","href":"https:\/\/api.w.org\/{rel}","templated":true}]}}