{"id":77991,"date":"2025-08-06T22:57:53","date_gmt":"2025-08-06T21:57:53","guid":{"rendered":"https:\/\/uat.achilles.com\/rejoignez-traccs\/"},"modified":"2025-08-26T19:34:05","modified_gmt":"2025-08-26T18:34:05","slug":"rejoignez-traccs","status":"publish","type":"page","link":"https:\/\/www.achilles.com\/fr-ca\/rejoignez-traccs\/","title":{"rendered":"Rejoignez TRACCS propuls\u00e9 par Achilles"},"content":{"rendered":"    <div class=\"top_section\">\r\n        <div class=\"container\">\r\n            <div class=\"top_info half\">\r\n                                    <h1 class=\"top_title\">TRACCS propuls\u00e9 par Achilles<\/h1>\r\n                                    <div class=\"top_text\">\r\n                        <p>TRACCS powered by Achilles est un syst\u00e8me normalis\u00e9 de certification des fournisseurs et de gestion des risques pour l\u2019industrie canadienne du transport ferroviaire de voyageurs. Il am\u00e9liore la s\u00e9curit\u00e9, assure la conformit\u00e9 r\u00e9glementaire et favorise la transparence de la cha\u00eene d\u2019approvisionnement, gr\u00e2ce \u00e0 une plateforme fiable. <\/p>\n                    <\/div>\r\n                                    <div class=\"top_buttons\">\r\n                                                    <a class=\"btn btn_big\" href=\"#form\">Prendre rendez-vous<\/a>\r\n                                            <\/div>\r\n                            <\/div>\r\n        <\/div>\r\n        <div class=\"top_media\">\r\n\t\t\t            <img decoding=\"async\" src=\"https:\/\/www.achilles.com\/app\/uploads\/2025\/07\/AdobeStock_177032737_optimized_2000.jpeg\" alt=\"Passenger rail train in Canada, highlighting the role of sustainable transportation\">\r\n                    <\/div>\r\n    <\/div>\r\n\r\n            <div class=\"content_section\">\r\n            <div class=\"container\">\r\n                <div class=\"content_wrap right\">\r\n                    <div class=\"content_info ogo2\">\r\n                                                <h2 class=\"title_page\">Qu\u2019est-ce que TRACCS powered by Achilles?<\/h2>\r\n                                                <div class=\"typical_text\">\r\n                            <p>Le r\u00e9seau TRACCS r\u00e9unit des acheteurs et des fournisseurs ferroviaires canadiens afin d\u2019am\u00e9liorer l\u2019excellence et la s\u00e9curit\u00e9 de la cha\u00eene d\u2019approvisionnement dans l\u2019industrie canadienne du transport ferroviaire de voyageurs. D\u00e9velopp\u00e9 par <a href=\"https:\/\/www.traccs.ca\">TRACCS<\/a> et propuls\u00e9 par Achilles, le r\u00e9seau tire parti d\u2019une vaste exp\u00e9rience et d\u2019une connaissance approfondie de l\u2019industrie ferroviaire pour fournir une plateforme fiable et efficace aux fournisseurs et aux acheteurs. <\/p>\n                        <\/div>\r\n                                                <a class=\"btn btn_big\" href=\"#form\">Commencez<\/a>\r\n                                            <\/div>\r\n\t\t\t\t\t\t\t\t\t\t\r\n                                        <div class=\"content_media\">\r\n                        <img decoding=\"async\" src=\"https:\/\/www.achilles.com\/app\/uploads\/2025\/07\/TRACCS-ID_Logotype.avif\" width=\"400\" alt=\"TRACCS logo representing Canada's passenger rail compliance initiative\">\r\n                    <\/div>\r\n                                    <\/div>\r\n            <\/div>\r\n        <\/div>\r\n    \r\n            <div class=\"content_section bg_grey\">\r\n            <div class=\"container\">\r\n                <div class=\"content_wrap\">\r\n                    <div class=\"content_info ogo2\">\r\n                                                <h2 class=\"title_page\">Pourquoi est-ce important?<\/h2>\r\n                                                <div class=\"typical_text\">\r\n                            <p>L\u2019industrie ferroviaire subit de plus en plus de pressions pour am\u00e9liorer la s\u00e9curit\u00e9, la qualit\u00e9 de la cha\u00eene d\u2019approvisionnement et la diligence raisonnable, en particulier \u00e0 la lumi\u00e8re de d\u00e9cisions judiciaires comme <a href=\"https:\/\/decisions.scc-csc.ca\/scc-csc\/scc-csc\/en\/item\/20150\/index.do\">l\u2019affaire du Grand Sudbury<\/a>, qui met en \u00e9vidence la responsabilit\u00e9 municipale pour les incidents impliquant des tiers. Les <a href=\"https:\/\/www.achilles.com\/bill-s211\/\">nouvelles lois sur le travail des enfants<\/a> n\u00e9cessitent \u00e9galement une plus grande transparence dans les cha\u00eenes d\u2019approvisionnement. Le r\u00e9seau TRACCS, propuls\u00e9 par Achilles, offre une solution efficace pour r\u00e9pondre \u00e0 ces demandes croissantes. <\/p>\n                        <\/div>\r\n                                                <a class=\"btn btn_big\" href=\"#form\">En savoir plus<\/a>\r\n                                            <\/div>\r\n\t\t\t\t\t\t\t\t\t\t\r\n                                        <div class=\"content_media\">\r\n                        <img decoding=\"async\" src=\"https:\/\/www.achilles.com\/app\/uploads\/2024\/12\/Icons-Controlar-7.png\" alt=\"\">\r\n                    <\/div>\r\n                                    <\/div>\r\n            <\/div>\r\n        <\/div>\r\n    \r\n            <div class=\"content_section\">\r\n            <div class=\"container\">\r\n                <div class=\"content_wrap right\">\r\n                    <div class=\"content_info ogo2\">\r\n                                                <h2 class=\"title_page\">Comment cela fonctionne-t-il?<\/h2>\r\n                                                <div class=\"typical_text\">\r\n                            <p>Gr\u00e2ce \u00e0 une saisie de donn\u00e9es simplifi\u00e9e, \u00e0 une am\u00e9lioration continue et \u00e0 des rapports clairs, TRACCS powered by Achilles aide les organisations \u00e0 am\u00e9liorer la conformit\u00e9, \u00e0 g\u00e9rer les risques et \u00e0 renforcer la r\u00e9silience de la cha\u00eene d\u2019approvisionnement conform\u00e9ment aux normes l\u00e9gales et industrielles. Les fournisseurs passent par un seul processus d\u2019int\u00e9gration en ligne, partageant les d\u00e9tails cl\u00e9s de l\u2019entreprise. Ceux qui r\u00e9pondent aux normes minimales re\u00e7oivent l\u2019accr\u00e9ditation du TRACCS.  <\/p>\n                        <\/div>\r\n                                                <a class=\"btn btn_big\" href=\"#form\">En savoir plus<\/a>\r\n                                            <\/div>\r\n\t\t\t\t\t\t\t\t\t\t\r\n                                        <div class=\"content_media\">\r\n                        <img decoding=\"async\" src=\"https:\/\/www.achilles.com\/app\/uploads\/2025\/01\/Sustainability-Score-Badge-Website-Text-Picture-450-x-300px.png\" alt=\"Achilles Accreditation Sustainability Score Badge\">\r\n                    <\/div>\r\n                                    <\/div>\r\n            <\/div>\r\n        <\/div>\r\n        <div class=\"request_section\" id=\"form\">\r\n        <div class=\"contact_bg\">\r\n                    <\/div>\r\n        <div class=\"container\">\r\n            <div class=\"request_inner\">\r\n                                <div class=\"request_wrapper\">\r\n                <h2 class=\"title_section\">Joignez-vous \u00e0 Traccs d\u00e8s aujourd\u2019hui<\/h2>\r\n                <\/div>\r\n                                <div class=\"request_box\">\r\n                    <script src=\"https:\/\/js.hsforms.net\/forms\/embed\/5387762.js\" defer><\/script>\r\n<div class=\"hs-form-frame\" data-region=\"na1\" data-form-id=\"3d983ab6-bd96-4c64-aeb7-448c98b4b395\" data-portal-id=\"5387762\"><\/div>                <\/div>\r\n            <\/div>\r\n        <\/div>\r\n    <\/div>\r\n\r\n","protected":false},"excerpt":{"rendered":"","protected":false},"author":2,"featured_media":0,"parent":0,"menu_order":0,"comment_status":"closed","ping_status":"closed","template":"","meta":{"_acf_changed":false,"content-type":"","footnotes":""},"class_list":["post-77991","page","type-page","status-publish","hentry"],"acf":[],"_links":{"self":[{"href":"https:\/\/www.achilles.com\/fr-ca\/wp-json\/wp\/v2\/pages\/77991","targetHints":{"allow":["GET"]}}],"collection":[{"href":"https:\/\/www.achilles.com\/fr-ca\/wp-json\/wp\/v2\/pages"}],"about":[{"href":"https:\/\/www.achilles.com\/fr-ca\/wp-json\/wp\/v2\/types\/page"}],"author":[{"embeddable":true,"href":"https:\/\/www.achilles.com\/fr-ca\/wp-json\/wp\/v2\/users\/2"}],"replies":[{"embeddable":true,"href":"https:\/\/www.achilles.com\/fr-ca\/wp-json\/wp\/v2\/comments?post=77991"}],"version-history":[{"count":0,"href":"https:\/\/www.achilles.com\/fr-ca\/wp-json\/wp\/v2\/pages\/77991\/revisions"}],"wp:attachment":[{"href":"https:\/\/www.achilles.com\/fr-ca\/wp-json\/wp\/v2\/media?parent=77991"}],"curies":[{"name":"wp","href":"https:\/\/api.w.org\/{rel}","templated":true}]}}