{"id":2569,"date":"2023-05-14T15:56:19","date_gmt":"2023-05-14T12:56:19","guid":{"rendered":"https:\/\/uat.achilles.com\/product\/financial-risk\/"},"modified":"2023-08-06T22:57:46","modified_gmt":"2023-08-06T19:57:46","slug":"products-financial-risk","status":"publish","type":"product","link":"https:\/\/www.achilles.com\/es\/product\/riesgos-financieros\/","title":{"rendered":"Gesti\u00f3n de los riesgos financieros en las cadenas de suministro"},"content":{"rendered":"    <div class=\"top_section\">\n        <div class=\"container\">\n            <div class=\"top_info half\">\n                                    <h1 class=\"top_title\">Gesti\u00f3n de los riesgos financieros en las cadenas de suministro<\/h1>\n                                    <div class=\"top_text\">\n                        <p>El \u00e9xito de tu negocio depende de la viabilidad financiera y la estabilidad de tus proveedores. Es imprescindible tener una visi\u00f3n clara y completa de los riesgos financieros de los proveedores de tu cadena de suministro.<\/p>\n                    <\/div>\n                            <\/div>\n        <\/div>\n        <div class=\"top_media\">\n\t\t\t            <img decoding=\"async\" src=\"https:\/\/www.achilles.com\/app\/uploads\/2023\/05\/top_financial.jpg\" alt=\"\">\n                    <\/div>\n    <\/div>\n\n\n    <div class=\"content_section\">\r\n        <div class=\"container\">\r\n            <div class=\"services_wrap\">\r\n                                <div class=\"services_left\">\r\n                                        <p class=\"title_category\">EL CONOCIMIENTO COMO MOTOR<\/p>\r\n                                        <h2 class=\"title_section\">Elimina las conjeturas a la hora de analizar los riesgos financieros<\/h2>\r\n                                        <a class=\"link\" href=\"https:\/\/uat.achilles.com\/#Back\">Back to all products<\/a>\r\n                                    <\/div>\r\n                                <div class=\"services_right\">\r\n                    <div class=\"typical_text\">\r\n                        <p>Proporcionamos a los compradores la visi\u00f3n global que necesitan para detectar posibles problemas, implantar planes de contingencia y que no se produzcan interrupciones de alto costo.<\/p>\n<p>La gesti\u00f3n eficaz de los riesgos financieros solo es posible con una buena visibilidad de la cadena de suministro. Los datos que recopilamos y verificamos te proporcionan una visi\u00f3n de conjunto.<\/p>\n<p>Recopilamos datos financieros de tus proveedores y te facilitamos su control desde una sola ubicaci\u00f3n. Nuestro equipo de expertos los verifica para simplificar la gesti\u00f3n de tus riesgos financieros y ayudarte a crear unas cadenas de suministro m\u00e1s robustas y eficaces.<\/p>\n                    <\/div>\r\n                <\/div>\r\n                            <\/div>\r\n        <\/div>\r\n    <\/div>\r\n\n\n     <div class=\"stats_full\">\r\n        <div class=\"stats_bg\">\r\n                    <\/div>\r\n        <div class=\"container\">\r\n            <div class=\"stats_center\">\r\n                <div class=\"corner corner_top_left\"><\/div>\r\n                <div class=\"corner corner_top_right\"><\/div>\r\n                <div class=\"corner corner_bottom_left\"><\/div>\r\n                <div class=\"corner corner_bottom_right\"><\/div>\r\n                <div class=\"stats_center_item\">\r\n                                        <div class=\"stats_anim\">\r\n                        <div class=\"stats_center_number stats_anim_item\" data-total=\"62\">\r\n                            <span class=\"stats_anim_total\">0<\/span>%                        <\/div>\r\n                    <\/div>\r\n                                        <p class=\"stats_center_text large_text\">empresas brit\u00e1nicas han sido v\u00edctimas de fraude con facturas falsas<\/p>\r\n                                        <p class=\"stats_center_cop large_text\">Action Fraud, 2018<\/p>\r\n                                    <\/div>\r\n            <\/div>\r\n        <\/div>\r\n    <\/div>\r\n\n\n    <div class=\"content_section\">\r\n        <div class=\"container\">\r\n            <div class=\"services_wrap\">\r\n                                <div class=\"services_left\">\r\n                                        <p class=\"title_category\">BENEFICIOS<\/p>\r\n                                        <h2 class=\"title_section\">Elevar los est\u00e1ndares en el riesgo financiero<\/h2>\r\n                                        <div class=\"typical_text\">\r\n                        <p>Te ofrecemos una visi\u00f3n m\u00e1s completa de los riesgos financieros y de la continuidad del negocio en tu cadena de suministro<\/p>\n                    <\/div>\r\n                                    <\/div>\r\n                            <\/div>\r\n        <\/div>\r\n    <\/div>\r\n\n\n            <div class=\"cta_section\">\r\n            <div class=\"cta_box_bg\">\r\n                                <img decoding=\"async\" src=\"https:\/\/www.achilles.com\/app\/uploads\/2023\/05\/cta_1.jpg\" alt=\"\">\r\n                            <\/div>\r\n                <div class=\"container\">\r\n                    <div class=\"cta_wrapper\">\r\n                        <div class=\"cta_info\">\r\n                                                        <h3 class=\"cta_box_name\">Desc\u00fabrelo en acci\u00f3n<\/h3>\r\n                                                        <a class=\"btn btn_big\" href=\"https:\/\/uat.achilles.com\/#3\">Solicita una demostraci\u00f3n<\/a>\r\n                                                    <\/div>\r\n                <\/div>\r\n            <\/div>\r\n        <\/div>\r\n    \n\n    <div class=\"content_section\">\r\n        <div class=\"container\">\r\n                        <div class=\"tools_description\">\r\n                                <p class=\"title_category\">FUNCIONES<\/p>\r\n                                <h2 class=\"title_section\">C\u00f3mo funciona<\/h2>\r\n                                <div class=\"typical_text\">\r\n                    <p>Desde la selecci\u00f3n y las compras hasta las relaciones establecidas, nuestros servicios est\u00e1n pensados para reducir el riesgo externo y mejorar el cumplimiento normativo en cada paso del proceso.<\/p>\n                <\/div>\r\n                            <\/div>\r\n                    <\/div>\r\n    <\/div>\r\n\n\n    <div class=\"quote_section\">\r\n        <div class=\"quote_bg\">\r\n                        <img decoding=\"async\" src=\"https:\/\/www.achilles.com\/app\/uploads\/2023\/05\/quote_financial.jpg\" alt=\"\">\r\n                    <\/div>\r\n        <div class=\"container\">\r\n            <div class=\"quote_wrapper\">\r\n                <div class=\"quote_item\">\r\n                                        <div class=\"quote_item_text\">\r\n                        <p>\u00bfEst\u00e1n tus proveedores todo lo preparados que deber\u00edan? Nuestras auditor\u00edas son una herramienta fundamental para ayudaros a ti y a tus proveedores a comprender en qu\u00e9 casos podr\u00edais estar expuestos a riesgos.<\/p>\n                    <\/div>\r\n                                        <a href=\"https:\/\/uat.achilles.com\/#Read-more\" class=\"btn btn_big\">M\u00e1s informaci\u00f3n<\/a>\r\n                                    <\/div>\r\n            <\/div>\r\n        <\/div>\r\n    <\/div>\r\n\n\n    <div class=\"content_section bg_grey\">\n        <div class=\"container\">\n                        <div class=\"description_section full\">\n                                <p class=\"title_category\">PAQUETES<\/p>\n                                                <h2 class=\"title_section\">Elige el paquete que mejor se adapte a tus requisitos<\/h2>\n                                            <\/div>\n            \n            \n                    <\/div>\n    <\/div>\n\n\n    <div class=\"request_section\">\r\n        <div class=\"contact_bg\">\r\n                        <img decoding=\"async\" src=\"https:\/\/www.achilles.com\/app\/uploads\/2023\/05\/contact_bg.jpg\" alt=\"\">\r\n                    <\/div>\r\n        <div class=\"container\">\r\n            <div class=\"request_inner\">\r\n                                <div class=\"request_wrapper\">\r\n                <h2 class=\"title_section\">Want to understand how we can help your business? <br>Request a call back from our team of experts<\/h2>\r\n                <\/div>\r\n                                <div class=\"request_box\">\r\n                                        <div class=\"typical_text\">\r\n                        <p>Fields marked with * are mandatory.<\/p>\r\n                    <\/div>\r\n                    <!--[if lte IE 8]>\r\n    <script charset=\"utf-8\" type=\"text\/javascript\" src=\"\/\/js.hsforms.net\/forms\/v2-legacy.js\"><\/script>\r\n    <![endif]-->\r\n    <script charset=\"utf-8\" type=\"text\/javascript\" src=\"\/\/js.hsforms.net\/forms\/v2.js\"><\/script>\r\n    <script>\r\n      hbspt.forms.create({\r\n        portalId: \"5387762\",\r\n        formId: \"a23cf73a-36bd-433c-a1d8-4acd8b05b928\"\r\n      })\r\n    <\/script>                <\/div>\r\n            <\/div>\r\n        <\/div>\r\n    <\/div>\r\n\r\n\n\n\r\n\r\n  <div class=\"resources_other content_section\">\r\n        <div class=\"container\">\r\n                        <h3 class=\"title_block\">Puesto que te interesan los riesgos financieros y la continuidad de los negocios:<\/h3>\r\n                        <div class=\"resources_wrap\">\r\n                                <a class=\"resource_item\" href=\"https:\/\/www.achilles.com\/es\/informacion-sectorial\/el-camino-hacia-la-transformacion-energetica\/\">\r\n                                        <div class=\"resource_item_img\">\r\n                        <img decoding=\"async\" src=\"https:\/\/www.achilles.com\/app\/uploads\/2023\/07\/Transformacion-energetica.jpg\" alt=\"El camino hacia la transformaci\u00f3n energ\u00e9tica\">\r\n                    <\/div>\r\n                                        <div class=\"resource_item_info\">\r\n                        <div class=\"resource_item_description\">\r\n                            <p class=\"resource_item_name\">El camino hacia la transformaci\u00f3n energ\u00e9tica<\/p>\r\n                            <div class=\"typical_text\">\r\n                                <p>C\u00f3mo pueden aprender mutuamente el sector de las energ\u00edas renovables\u2026<\/p>\r\n                            <\/div>\r\n                        <\/div>\r\n                                                <div class=\"resource_item_categories\">\r\n                                                        <div class=\"resource_category\">\r\n                                                                <span class=\"resource_category_name\"><\/span>\r\n                            <\/div>\r\n                                                        <div class=\"resource_category\">\r\n                                                                <span class=\"resource_category_name\"><\/span>\r\n                            <\/div>\r\n                                                    <\/div>\r\n                                            <\/div>\r\n                <\/a>\r\n                                <a class=\"resource_item\" href=\"https:\/\/www.achilles.com\/es\/informacion-sectorial\/3-factores-que-afectan-la-planificacion-de-la-compra\/\">\r\n                                        <div class=\"resource_item_img\">\r\n                        <img decoding=\"async\" src=\"https:\/\/www.achilles.com\/app\/uploads\/2023\/07\/products.jpg\" alt=\"3 factores que afectan la planificaci\u00f3n de la compra\">\r\n                    <\/div>\r\n                                        <div class=\"resource_item_info\">\r\n                        <div class=\"resource_item_description\">\r\n                            <p class=\"resource_item_name\">3 factores que afectan la planificaci\u00f3n de la compra<\/p>\r\n                            <div class=\"typical_text\">\r\n                                <p>El Plan de Compras es producto de los procesos del\u2026<\/p>\r\n                            <\/div>\r\n                        <\/div>\r\n                                                <div class=\"resource_item_categories\">\r\n                                                        <div class=\"resource_category\">\r\n                                                                <span class=\"resource_category_name\"><\/span>\r\n                            <\/div>\r\n                                                        <div class=\"resource_category\">\r\n                                                                <span class=\"resource_category_name\"><\/span>\r\n                            <\/div>\r\n                                                    <\/div>\r\n                                            <\/div>\r\n                <\/a>\r\n                            <\/div>\r\n        <\/div>\r\n    <\/div> \r\n","protected":false},"excerpt":{"rendered":"<p>We give you the oversight needed to spot potential issues, come up with contingency plans and ensure you never suffer any costly disruption.<\/p>\n","protected":false},"featured_media":0,"template":"","class_list":["post-2569","product","type-product","status-publish","hentry"],"acf":[],"_links":{"self":[{"href":"https:\/\/www.achilles.com\/es\/wp-json\/wp\/v2\/product\/2569","targetHints":{"allow":["GET"]}}],"collection":[{"href":"https:\/\/www.achilles.com\/es\/wp-json\/wp\/v2\/product"}],"about":[{"href":"https:\/\/www.achilles.com\/es\/wp-json\/wp\/v2\/types\/product"}],"wp:attachment":[{"href":"https:\/\/www.achilles.com\/es\/wp-json\/wp\/v2\/media?parent=2569"}],"curies":[{"name":"wp","href":"https:\/\/api.w.org\/{rel}","templated":true}]}}