{"id":19414,"date":"2023-06-09T12:45:56","date_gmt":"2023-06-09T09:45:56","guid":{"rendered":"https:\/\/uat.achilles.com\/product\/risk-management\/"},"modified":"2023-08-07T01:26:15","modified_gmt":"2023-08-06T22:26:15","slug":"risk-management","status":"publish","type":"product","link":"https:\/\/www.achilles.com\/es\/product\/gestion-de-riesgos\/","title":{"rendered":"Gesti\u00f3n de riesgos"},"content":{"rendered":"    <div class=\"top_section\">\n        <div class=\"container\">\n            <div class=\"top_info half\">\n                                    <h1 class=\"top_title\">Gesti\u00f3n de riesgos<\/h1>\n                                    <div class=\"top_text\">\n                        <p>Los riesgos siempre est\u00e1n presentes en la cadena de suministro, y gestionarlos de manera proactiva supone una ventaja competitiva<\/p>\n                    <\/div>\n                            <\/div>\n        <\/div>\n        <div class=\"top_media\">\n\t\t\t        <\/div>\n    <\/div>\n\n\n    <div class=\"content_section\">\r\n        <div class=\"container\">\r\n            <div class=\"services_wrap\">\r\n                                <div class=\"services_left\">\r\n                                        <p class=\"title_category\">EL CONOCIMIENTO COMO MOTOR<\/p>\r\n                                        <h2 class=\"title_section\">El enfoque inteligente de la identificaci\u00f3n y la gesti\u00f3n de riesgos<\/h2>\r\n                                        <a class=\"link\" href=\"https:\/\/uat.achilles.com\/#Back\">Back to all products<\/a>\r\n                                    <\/div>\r\n                                <div class=\"services_right\">\r\n                    <div class=\"typical_text\">\r\n                        <p>Si no dispones de los datos adecuados, resulta mucho m\u00e1s dif\u00edcil reaccionar eficazmente ante los riesgos a los que se enfrenta tu negocio. Recopilando y verificando el tipo de informaci\u00f3n que necesitan los compradores no solo se agilizan sus tiempos de respuesta, sino que adem\u00e1s les ayudamos a adoptar un enfoque m\u00e1s proactivo de la gesti\u00f3n de los riesgos de terceros.<\/p>\n<p>Todo negocio se enfrenta a riesgos que van de lo cotidiano a lo extraordinario. Pero sea cual sea la escala del riesgo, la mejor manera de reducir las interrupciones al m\u00ednimo es mediante una mayor vigilancia, supervisi\u00f3n activa y planificaci\u00f3n estrat\u00e9gica. Los datos precisos y de alta calidad que proporcionamos permiten a los equipos de compras y de la cadena de suministro dedicar menos tiempo a la recogida y la verificaci\u00f3n de datos, y m\u00e1s tiempo a aumentar la capacidad de respuesta y la adaptabilidad de su negocio.<\/p>\n                    <\/div>\r\n                <\/div>\r\n                            <\/div>\r\n        <\/div>\r\n    <\/div>\r\n\n\n     <div class=\"stats_full\">\r\n        <div class=\"stats_bg\">\r\n                    <\/div>\r\n        <div class=\"container\">\r\n            <div class=\"stats_center\">\r\n                <div class=\"corner corner_top_left\"><\/div>\r\n                <div class=\"corner corner_top_right\"><\/div>\r\n                <div class=\"corner corner_bottom_left\"><\/div>\r\n                <div class=\"corner corner_bottom_right\"><\/div>\r\n                <div class=\"stats_center_item\">\r\n                                        <div class=\"stats_anim\">\r\n                        <div class=\"stats_center_number stats_anim_item\" data-total=\"30\">\r\n                            <span class=\"stats_anim_total\">0<\/span>%                        <\/div>\r\n                    <\/div>\r\n                                        <p class=\"stats_center_text large_text\">En las cadenas de suministro, el\r\nde empresas ha experimentado interrupciones a causa del fallo de un solo proveedor.<\/p>\r\n                                        <p class=\"stats_center_cop large_text\">Estudio de Vuealta, 2019<\/p>\r\n                                    <\/div>\r\n            <\/div>\r\n        <\/div>\r\n    <\/div>\r\n\n\n    <div class=\"content_section\">\r\n        <div class=\"container\">\r\n            <div class=\"services_wrap\">\r\n                                <div class=\"services_left\">\r\n                                        <p class=\"title_category\">BENEFICIOS<\/p>\r\n                                        <h2 class=\"title_section\">Elevar los est\u00e1ndares en la gesti\u00f3n de riesgos<\/h2>\r\n                                    <\/div>\r\n                            <\/div>\r\n        <\/div>\r\n    <\/div>\r\n\n\n            <div class=\"cta_section\">\r\n            <div class=\"cta_box_bg\">\r\n                                <img decoding=\"async\" src=\"https:\/\/www.achilles.com\/app\/uploads\/2023\/05\/cta_1.jpg\" alt=\"\">\r\n                            <\/div>\r\n                <div class=\"container\">\r\n                    <div class=\"cta_wrapper\">\r\n                        <div class=\"cta_info\">\r\n                                                        <h3 class=\"cta_box_name\">Desc\u00fabrelo en acci\u00f3n<\/h3>\r\n                                                        <a class=\"btn btn_big\" href=\"https:\/\/uat.achilles.com\/#3\">Solicita una demostraci\u00f3n<\/a>\r\n                                                    <\/div>\r\n                <\/div>\r\n            <\/div>\r\n        <\/div>\r\n    \n\n    <div class=\"content_section\">\r\n        <div class=\"container\">\r\n                        <div class=\"tools_description\">\r\n                                <p class=\"title_category\">FUNCIONES<\/p>\r\n                                <h2 class=\"title_section\">C\u00f3mo funciona<\/h2>\r\n                                <div class=\"typical_text\">\r\n                    <p>Desde la selecci\u00f3n y las compras hasta las relaciones establecidas, nuestros servicios est\u00e1n pensados para reducir el riesgo externo y mejorar el cumplimiento normativo en cada paso del proceso.<\/p>\n                <\/div>\r\n                            <\/div>\r\n                    <\/div>\r\n    <\/div>\r\n\n\n    <div class=\"quote_section\">\r\n        <div class=\"quote_bg\">\r\n                        <img decoding=\"async\" src=\"https:\/\/www.achilles.com\/app\/uploads\/2023\/05\/quote_financial.jpg\" alt=\"\">\r\n                    <\/div>\r\n        <div class=\"container\">\r\n            <div class=\"quote_wrapper\">\r\n                <div class=\"quote_item full center\">\r\n                                        <div class=\"quote_item_text\">\r\n                        <p>\u00abPara nosotros ha supuesto un nuevo punto de vista de nuestra propia organizaci\u00f3n, ayud\u00e1ndonos a convertirnos en una empresa m\u00e1s \u201cseria\u201d y mejor organizada, m\u00e1s capaz de afrontar y gestionar los riesgos. Adem\u00e1s, nos impone la disciplina necesaria para mantener nuestra documentaci\u00f3n actualizada en todo momento, cosa mucho m\u00e1s sencilla con el nuevo sistema\u00bb.<\/p>\n                    <\/div>\r\n                                        <p class=\"quote_item_author\">Andreas Lie, director general de R\u00f8yr\u00e5s Treindustri<\/p>\r\n                                        <a href=\"https:\/\/uat.achilles.com\/#Read-more\" class=\"btn btn_big\">M\u00e1s informaci\u00f3n<\/a>\r\n                                    <\/div>\r\n            <\/div>\r\n        <\/div>\r\n    <\/div>\r\n\n\n    <div class=\"content_section bg_grey\">\n        <div class=\"container\">\n                        <div class=\"description_section full\">\n                                <p class=\"title_category\">PAQUETES<\/p>\n                                                <h2 class=\"title_section\">Elige el paquete que mejor se adapte a tus requisitos<\/h2>\n                                            <\/div>\n            \n            \n                    <\/div>\n    <\/div>\n\n\n    <div class=\"request_section\">\r\n        <div class=\"contact_bg\">\r\n                        <img decoding=\"async\" src=\"https:\/\/www.achilles.com\/app\/uploads\/2023\/05\/contact_bg.jpg\" alt=\"\">\r\n                    <\/div>\r\n        <div class=\"container\">\r\n            <div class=\"request_inner\">\r\n                                <div class=\"request_wrapper\">\r\n                <h2 class=\"title_section\">Request a call back from our team of experts<\/h2>\r\n                <\/div>\r\n                                <div class=\"request_box\">\r\n                                        <div class=\"typical_text\">\r\n                        <p>Fields marked with * are mandatory.<\/p>\r\n                    <\/div>\r\n                    <!--[if lte IE 8]>\r\n    <script charset=\"utf-8\" type=\"text\/javascript\" src=\"\/\/js.hsforms.net\/forms\/v2-legacy.js\"><\/script>\r\n    <![endif]-->\r\n    <script charset=\"utf-8\" type=\"text\/javascript\" src=\"\/\/js.hsforms.net\/forms\/v2.js\"><\/script>\r\n    <script>\r\n      hbspt.forms.create({\r\n        portalId: \"5387762\",\r\n        formId: \"a23cf73a-36bd-433c-a1d8-4acd8b05b928\"\r\n      })\r\n    <\/script>                <\/div>\r\n            <\/div>\r\n        <\/div>\r\n    <\/div>\r\n\r\n\n\n\r\n\r\n  <div class=\"resources_other content_section\">\r\n        <div class=\"container\">\r\n                        <h3 class=\"title_block\">Puesto que te interesa la gesti\u00f3n de riesgos<\/h3>\r\n                        <div class=\"resources_wrap\">\r\n                                <a class=\"resource_item\" href=\"https:\/\/www.achilles.com\/es\/informacion-sectorial\/la-encuesta-global-de-achilles-revela-que-las-empresas-en-mexico-enfrentan-crecientes-desafios-en-la-gestion-del-riesgo-de-proveedores\/\">\r\n                                        <div class=\"resource_item_img\">\r\n                        <img decoding=\"async\" src=\"https:\/\/www.achilles.com\/app\/uploads\/2026\/03\/banner-1757895_960_720.jpg\" alt=\"La encuesta global de Achilles revela que las empresas en M\u00e9xico enfrentan crecientes desaf\u00edos en la gesti\u00f3n del riesgo de proveedores\">\r\n                    <\/div>\r\n                                        <div class=\"resource_item_info\">\r\n                        <div class=\"resource_item_description\">\r\n                            <p class=\"resource_item_name\">La encuesta global de Achilles revela que las empresas en M\u00e9xico enfrentan crecientes desaf\u00edos en la gesti\u00f3n del riesgo de proveedores<\/p>\r\n                            <div class=\"typical_text\">\r\n                                <p>La encuesta anual Global Supplier Risk and Sustainability Survey de\u2026<\/p>\r\n                            <\/div>\r\n                        <\/div>\r\n                                                <div class=\"resource_item_categories\">\r\n                                                        <div class=\"resource_category\">\r\n                                                                <span class=\"resource_category_name\"><\/span>\r\n                            <\/div>\r\n                                                        <div class=\"resource_category\">\r\n                                                                <span class=\"resource_category_name\"><\/span>\r\n                            <\/div>\r\n                                                    <\/div>\r\n                                            <\/div>\r\n                <\/a>\r\n                                <a class=\"resource_item\" href=\"https:\/\/www.achilles.com\/es\/informacion-sectorial\/la-encuesta-global-de-achilles-cadenas-de-suministro\/\">\r\n                                        <div class=\"resource_item_img\">\r\n                        <img decoding=\"async\" src=\"https:\/\/www.achilles.com\/app\/uploads\/2026\/03\/Web-page-top-banner-thumbnail-of-Achilles-Global-Supplier-Risk-and-Sustainability-Survey-2026.jpg\" alt=\"La encuesta global de Achilles revela importantes brechas de visibilidad en las cadenas de suministro\">\r\n                    <\/div>\r\n                                        <div class=\"resource_item_info\">\r\n                        <div class=\"resource_item_description\">\r\n                            <p class=\"resource_item_name\">La encuesta global de Achilles revela importantes brechas de visibilidad en las cadenas de suministro<\/p>\r\n                            <div class=\"typical_text\">\r\n                                <p>Resulta evidente que la presi\u00f3n normativa est\u00e1 impulsando las prioridades\u2026<\/p>\r\n                            <\/div>\r\n                        <\/div>\r\n                                                <div class=\"resource_item_categories\">\r\n                                                        <div class=\"resource_category\">\r\n                                                                <span class=\"resource_category_name\"><\/span>\r\n                            <\/div>\r\n                                                        <div class=\"resource_category\">\r\n                                                                <span class=\"resource_category_name\"><\/span>\r\n                            <\/div>\r\n                                                    <\/div>\r\n                                            <\/div>\r\n                <\/a>\r\n                            <\/div>\r\n        <\/div>\r\n    <\/div> \r\n","protected":false},"excerpt":{"rendered":"<p>Without the right supplier data at your fingertips, it becomes a lot harder to react effectively and build supply chain resilience.<\/p>\n","protected":false},"featured_media":0,"template":"","class_list":["post-19414","product","type-product","status-publish","hentry"],"acf":[],"_links":{"self":[{"href":"https:\/\/www.achilles.com\/es\/wp-json\/wp\/v2\/product\/19414","targetHints":{"allow":["GET"]}}],"collection":[{"href":"https:\/\/www.achilles.com\/es\/wp-json\/wp\/v2\/product"}],"about":[{"href":"https:\/\/www.achilles.com\/es\/wp-json\/wp\/v2\/types\/product"}],"wp:attachment":[{"href":"https:\/\/www.achilles.com\/es\/wp-json\/wp\/v2\/media?parent=19414"}],"curies":[{"name":"wp","href":"https:\/\/api.w.org\/{rel}","templated":true}]}}