{"id":19408,"date":"2023-06-09T13:20:51","date_gmt":"2023-06-09T10:20:51","guid":{"rendered":"https:\/\/uat.achilles.com\/product\/responsible-sourcing\/"},"modified":"2023-08-07T00:40:29","modified_gmt":"2023-08-06T21:40:29","slug":"responsible-sourcing","status":"publish","type":"product","link":"https:\/\/www.achilles.com\/es\/product\/compras-responsables\/","title":{"rendered":"Compras responsables"},"content":{"rendered":"    <div class=\"top_section\">\n        <div class=\"container\">\n            <div class=\"top_info half\">\n                                    <h1 class=\"top_title\">Compras responsables<\/h1>\n                                    <div class=\"top_text\">\n                        <p>La consideraci\u00f3n de factores sociales, \u00e9ticos y medioambientales durante la selecci\u00f3n y gesti\u00f3n de proveedores aprovecha el poder de las relaciones de la cadena de suministro para generar cambios a gran escala.<\/p>\n                    <\/div>\n                            <\/div>\n        <\/div>\n        <div class=\"top_media\">\n\t\t\t        <\/div>\n    <\/div>\n\n\n    <div class=\"content_section\">\r\n        <div class=\"container\">\r\n            <div class=\"services_wrap\">\r\n                                <div class=\"services_left\">\r\n                                        <p class=\"title_category\">EL CONOCIMIENTO COMO MOTOR<\/p>\r\n                                        <h2 class=\"title_section\">Es tres veces m\u00e1s probable que los proveedores certificados hagan cumplir la legislaci\u00f3n laboral.<\/h2>\r\n                                        <a class=\"link\" href=\"https:\/\/uat.achilles.com\/#Back\">Back to all products<\/a>\r\n                                    <\/div>\r\n                                <div class=\"services_right\">\r\n                    <div class=\"typical_text\">\r\n                        <p>Las compras responsables no son solo una palabra de moda. Resultan fundamentales para elevar los est\u00e1ndares de la cadena de suministro y aportar valor a la empresa. <\/p>\n<p>La legislaci\u00f3n gubernamental est\u00e1 cada vez m\u00e1s centrada en garantizar la penetraci\u00f3n de pr\u00e1cticas empresariales \u00e9ticas en la industria. Ya sea imponiendo el trato justo a los trabajadores, evitando la extracci\u00f3n de minerales de manera poco \u00e9tica o frenando las emisiones de carbono, la tendencia es clara: no trabajar en pos de las compras responsables en la cadena de suministro podr\u00eda constituir un delito. El entorno legislativo internacional establece un complejo marco de requisitos de responsabilidad \u00faltima por las infracciones en la presentaci\u00f3n de informes peri\u00f3dicos en la cadena de suministro, en \u00e1reas que van desde la esclavitud moderna hasta los minerales de zonas de conflicto. <\/p>\n<p>Aparte de la carga normativa, las compras responsables son una oportunidad de impulsar el valor a\u00f1adido de la empresa. Los mercados financieros asignan un valor considerable a los principios que se reflejan en las compras responsables. Los fondos sostenibles se han multiplicado por cuatro desde 2017, y en la actualidad representan un 20% del total. M\u00e1s de 40 bolsas exigen la presentaci\u00f3n de informes de gobernanza ambiental y social .  <\/p>\n<p>Somos expertos en ayudar a generar beneficios financieros, operativos y de reputaci\u00f3n gracias al trabajo con cadenas de suministro responsables. No solo nos centramos en ayudar a las empresas a que cumplan sus obligaciones en materia de presentaci\u00f3n de informes, sino que tambi\u00e9n aumentamos la eficiencia, reducimos los riesgos y disminuimos los costos. Cada vez m\u00e1s, las empresas tratan de crear una ventaja competitiva a partir del impacto social, medioambiental y econ\u00f3mico de sus operaciones. Trabajamos con cadenas de suministro internacionales para subir la lista en m\u00e1s de 30 \u00e1reas de compras responsables. Desde la seguridad hasta la ciberdefensa, sabemos c\u00f3mo aportar transparencia a la cadena de suministro. Eliminamos la complejidad de la sostenibilidad y proporcionamos informes completos y conocimientos que ayudan a tomar decisiones empresariales pr\u00e1cticas.<\/p>\n                    <\/div>\r\n                <\/div>\r\n                            <\/div>\r\n        <\/div>\r\n    <\/div>\r\n\n\n     <div class=\"stats_full\">\r\n        <div class=\"stats_bg\">\r\n                    <\/div>\r\n        <div class=\"container\">\r\n            <div class=\"stats_center\">\r\n                <div class=\"corner corner_top_left\"><\/div>\r\n                <div class=\"corner corner_top_right\"><\/div>\r\n                <div class=\"corner corner_bottom_left\"><\/div>\r\n                <div class=\"corner corner_bottom_right\"><\/div>\r\n                <div class=\"stats_center_item\">\r\n                                        <div class=\"stats_anim\">\r\n                        <div class=\"stats_center_number stats_anim_item\" data-total=\"11\">\r\n                            <span class=\"stats_anim_total\">0<\/span>%                        <\/div>\r\n                    <\/div>\r\n                                        <p class=\"stats_center_text large_text\">Un estudio realizado por el Chartered Institute of Purchasing and Supply descubri\u00f3 que el\r\nde los dirigentes empresariales piensan que es probable que en una de sus cadenas de suministro figure la esclavitud moderna.<\/p>\r\n                                    <\/div>\r\n            <\/div>\r\n        <\/div>\r\n    <\/div>\r\n\n\n    <div class=\"content_section\">\r\n        <div class=\"container\">\r\n            <div class=\"services_wrap\">\r\n                                <div class=\"services_left\">\r\n                                        <p class=\"title_category\">BENEFICIOS<\/p>\r\n                                        <h2 class=\"title_section\">Elevar los est\u00e1ndares de las compras responsables<\/h2>\r\n                                    <\/div>\r\n                                <div class=\"services_right\">\r\n                    <div class=\"services_list\">\r\n                                                <div class=\"service_box\">\r\n                                                        <p class=\"service_box_name\">\r\n                                <span class=\"service_box_check icon-Success\"><\/span>\r\n                                Gesti\u00f3n de la ciberseguridad                            <\/p>\r\n                                                        <div class=\"typical_text\">\r\n                                <p>La naturaleza del riesgo est\u00e1 cambiando, y la gesti\u00f3n de la ciberseguridad en las cadenas de suministro es una funci\u00f3n muy compleja y en constante evoluci\u00f3n.<\/p>\r\n                            <\/div>\r\n                                                    <\/div>\r\n                                                <div class=\"service_box\">\r\n                                                        <p class=\"service_box_name\">\r\n                                <span class=\"service_box_check icon-Success\"><\/span>\r\n                                Sostenibilidad medioambiental                            <\/p>\r\n                                                        <div class=\"typical_text\">\r\n                                <p>La pr\u00e1ctica de una gesti\u00f3n sostenible de la cadena de suministro ayuda a garantizar un futuro mucho mejor no solo para el planeta, sino tambi\u00e9n para las personas y las empresas.<\/p>\r\n                            <\/div>\r\n                                                    <\/div>\r\n                                                <div class=\"service_box\">\r\n                                                        <p class=\"service_box_name\">\r\n                                <span class=\"service_box_check icon-Success\"><\/span>\r\n                                Gesti\u00f3n \u00e9tica de la cadena de suministro                            <\/p>\r\n                                                        <div class=\"typical_text\">\r\n                                <p>Los da\u00f1os a la reputaci\u00f3n, las demandas y los juicios, y el riesgo para la vida de sus empleados hacen que el comportamiento \u00e9tico en los negocios se de por sentado.<\/p>\r\n                            <\/div>\r\n                                                    <\/div>\r\n                                                <div class=\"service_box\">\r\n                                                        <p class=\"service_box_name\">\r\n                                <span class=\"service_box_check icon-Success\"><\/span>\r\n                                Salud y seguridad                            <\/p>\r\n                                                        <div class=\"typical_text\">\r\n                                <p>La seguridad de tu entorno laboral no afecta solo a la calidad de la producci\u00f3n, sino que es adem\u00e1s reflejo directo de la cultura y los valores de tu empresa.<\/p>\r\n                            <\/div>\r\n                                                    <\/div>\r\n                                            <\/div>\r\n                <\/div>\r\n                            <\/div>\r\n        <\/div>\r\n    <\/div>\r\n\n\n            <div class=\"cta_section\">\r\n            <div class=\"cta_box_bg\">\r\n                                <img decoding=\"async\" src=\"https:\/\/www.achilles.com\/app\/uploads\/2023\/05\/cta_1.jpg\" alt=\"\">\r\n                            <\/div>\r\n                <div class=\"container\">\r\n                    <div class=\"cta_wrapper\">\r\n                        <div class=\"cta_info\">\r\n                                                        <h3 class=\"cta_box_name\">Solicita una llamada de nuestro equipo de expertos<\/h3>\r\n                                                        <a class=\"btn btn_big\" href=\"\/buyer-call-back\/\">Ponte en contacto<\/a>\r\n                                                    <\/div>\r\n                <\/div>\r\n            <\/div>\r\n        <\/div>\r\n    \n\n    <div class=\"content_section\">\r\n        <div class=\"container\">\r\n                        <div class=\"tools_description\">\r\n                                <p class=\"title_category\">FUNCIONES<\/p>\r\n                                <h2 class=\"title_section\">C\u00f3mo funciona<\/h2>\r\n                                <div class=\"typical_text\">\r\n                    <p>Desde la selecci\u00f3n y las compras hasta las relaciones establecidas, nuestros servicios est\u00e1n pensados para reducir el riesgo externo y mejorar el cumplimiento normativo en cada paso del proceso.<\/p>\n                <\/div>\r\n                            <\/div>\r\n                        <div class=\"tools_wrap tabs_section\">\r\n                <div class=\"tools_tabs tabs_buttons\">\r\n                                        <div class=\"tools_btn tab_btn current\" data-tab=\"1\">\r\n                        <span>Cuestionario de preselecci\u00f3n<\/span>\r\n                        <span class=\"tools_btn_arrow icon-Chevron-Right\"><\/span>\r\n                    <\/div>\r\n                                        <div class=\"tools_btn tab_btn\" data-tab=\"2\">\r\n                        <span>Programa CarbonReduce<\/span>\r\n                        <span class=\"tools_btn_arrow icon-Chevron-Right\"><\/span>\r\n                    <\/div>\r\n                                        <div class=\"tools_btn tab_btn\" data-tab=\"3\">\r\n                        <span>Auditor\u00eda de pr\u00e1cticas laborales<\/span>\r\n                        <span class=\"tools_btn_arrow icon-Chevron-Right\"><\/span>\r\n                    <\/div>\r\n                                        <div class=\"tools_btn tab_btn\" data-tab=\"4\">\r\n                        <span>Minerales de zonas de conflicto<\/span>\r\n                        <span class=\"tools_btn_arrow icon-Chevron-Right\"><\/span>\r\n                    <\/div>\r\n                                    <\/div>\r\n                <div class=\"tools_content\">\r\n                                        <div class=\"tool_container tab_container tab_container_1 active\">\r\n                        <div class=\"typical_text\">\r\n                            <h6>Cuestionario de preselecci\u00f3n<\/h6>\n<p>Parte de nuestro proceso de preselecci\u00f3n de proveedores consiste en recopilar y verificar datos relativos al medioambiente. Esto proporciona a los compradores una visi\u00f3n m\u00e1s completa y precisa del perfil de riesgo de sus proveedores actuales y potenciales. Eliminamos la incertidumbre de trabajar con nuevas empresas y ayudamos a fortalecer las relaciones establecidas. <\/p>\n                        <\/div>\r\n                                            <\/div>\r\n                                        <div class=\"tool_container tab_container tab_container_2\">\r\n                        <div class=\"typical_text\">\r\n                            <h6>Programa CarbonReduce<\/h6>\n<p>En colaboraci\u00f3n con Toit\u016b, nuestro programa de reducci\u00f3n del carbono lleva a la destacada certificaci\u00f3n ISO 14064, de reconocimiento internacional.<\/p>\n<p>Damos a las empresas la capacidad de medir con precisi\u00f3n su huella de carbono y de desarrollar estrategias eficaces para reducir sus emisiones. La plataforma en l\u00ednea registra y calcula las emisiones de carbono, mientras que nuestro equipo de expertos lleva a cabo auditor\u00edas in situ con ayuda de una completa gama de herramientas que te ayudan a demostrar una mejora continua todos los a\u00f1os.<\/p>\n                        <\/div>\r\n                                            <\/div>\r\n                                        <div class=\"tool_container tab_container tab_container_3\">\r\n                        <div class=\"typical_text\">\r\n                            <h6>Auditor\u00eda de pr\u00e1cticas laborales<\/h6>\n<p>Ayudamos a las empresas a asegurarse de que se respeten sus principios en todas las \u00e1reas de sus operaciones. Mediante entrevistas de los trabajadores in situ y el an\u00e1lisis de los sistemas de gesti\u00f3n, te proporcionamos una visi\u00f3n completa de conjunto de tu cadena de suministro. Nuestra auditor\u00eda de pr\u00e1cticas laborales verifica que no existan pr\u00e1cticas no seguras, trata de personas ni esclavitud moderna en las empresas de tus proveedores. Adaptando nuestros servicios a distintos sectores, protegemos a las empresas contra los perjuicios causados por los minerales procedentes de zonas de conflicto, los sobornos, la corrupci\u00f3n y las pr\u00e1cticas poco \u00e9ticas.<\/p>\n                        <\/div>\r\n                                            <\/div>\r\n                                        <div class=\"tool_container tab_container tab_container_4\">\r\n                        <div class=\"typical_text\">\r\n                            <p>Grupos armados de todo el mundo ejercen control desde hace mucho tiempo sobre minas y minerales para financiar conflictos sangrientos. Actualmente, se ejerce una presi\u00f3n cada vez mayor sobre las empresas para garantizar que sus materiales no procedan de fuentes comprometidas. Cuanto m\u00e1s controvertido sea el tema, mayor ser\u00e1 el da\u00f1o para tu marca si se ve involucrada. Aunque la relaci\u00f3n pueda ser m\u00ednima, si se demuestra que tu empresa promueve los conflictos violentos, los efectos colaterales ser\u00e1n de todo menos leves.<\/p>\n<p>Nuestro servicio ofrece resultados claros, r\u00e1pidos y sometidos a una carga administrativa bastante menor.<\/p>\n                        <\/div>\r\n                                            <\/div>\r\n                                    <\/div>\r\n            <\/div>\r\n                    <\/div>\r\n    <\/div>\r\n\n\n    <div class=\"quote_section\">\r\n        <div class=\"quote_bg\">\r\n                        <img decoding=\"async\" src=\"https:\/\/www.achilles.com\/app\/uploads\/2023\/05\/quote_financial.jpg\" alt=\"\">\r\n                    <\/div>\r\n        <div class=\"container\">\r\n            <div class=\"quote_wrapper\">\r\n                <div class=\"quote_item\">\r\n                                        <div class=\"quote_item_text\">\r\n                        <p>Es imprescindible involucrar a la cadena de suministro. Como empresa independiente, solo se puede llegar hasta un cierto punto, pero cuando la cadena de suministro tambi\u00e9n se involucra, se consiguen reducciones mucho m\u00e1s significativas. No solo eso, sino que queremos trabajar con proveedores l\u00edderes que est\u00e9n pendientes de sus propias emisiones.<\/p>\n                    <\/div>\r\n                                        <p class=\"quote_item_author\">David Riley, responsable de reducci\u00f3n del carbono, Anglian Water<\/p>\r\n                                        <a href=\"https:\/\/uat.achilles.com\/#Read-more\" class=\"btn btn_big\">Lee nuestro estudio de caso<\/a>\r\n                                    <\/div>\r\n            <\/div>\r\n        <\/div>\r\n    <\/div>\r\n\n\n    <div class=\"content_section bg_grey\">\n        <div class=\"container\">\n                        <div class=\"description_section full\">\n                                <p class=\"title_category\">PAQUETES<\/p>\n                                                <h2 class=\"title_section\">Elige el paquete que mejor se adapte a tus requisitos<\/h2>\n                                            <\/div>\n            \n                        <div class=\"packages_wrap\">\n                                <a class=\"package_box\" href=\"\/buyer-packages\/\">\n                                        <p class=\"package_box_name\">Garant\u00eda<\/p>\n                                                            <div class=\"typical_text\">\n                        <p>m\u00e1s informaci\u00f3n sobre este paquete<\/p>\n                    <\/div>\n                                    <\/a>\n                                <a class=\"package_box\" href=\"\/buyer-packages\/\">\n                                        <p class=\"package_box_name\">Profesionales<\/p>\n                                                            <div class=\"typical_text\">\n                        <p>m\u00e1s informaci\u00f3n sobre este paquete<\/p>\n                    <\/div>\n                                    <\/a>\n                                <a class=\"package_box\" href=\"\/buyer-packages\/\">\n                                        <p class=\"package_box_name\">Empresas<\/p>\n                                                            <div class=\"typical_text\">\n                        <p>m\u00e1s informaci\u00f3n sobre este paquete<\/p>\n                    <\/div>\n                                    <\/a>\n                            <\/div>\n            \n                    <\/div>\n    <\/div>\n\n\n\r\n\r\n  <div class=\"resources_other content_section\">\r\n        <div class=\"container\">\r\n                        <h3 class=\"title_block\">Puesto que te interesan las compras responsables, quiz\u00e1s te interese leer estas publicaciones del blog.<\/h3>\r\n                        <div class=\"resources_wrap\">\r\n                                <a class=\"resource_item\" href=\"https:\/\/www.achilles.com\/es\/informacion-sectorial\/de-it-a-compras-nis2-riesgo-ciberseguridad\/\">\r\n                                        <div class=\"resource_item_img\">\r\n                        <img decoding=\"async\" src=\"https:\/\/www.achilles.com\/app\/uploads\/2023\/07\/Cybersecurity.jpg\" alt=\"De IT a compras: c\u00f3mo NIS2 redefine la gesti\u00f3n del riesgo en la cadena de suministro\">\r\n                    <\/div>\r\n                                        <div class=\"resource_item_info\">\r\n                        <div class=\"resource_item_description\">\r\n                            <p class=\"resource_item_name\">De IT a compras: c\u00f3mo NIS2 redefine la gesti\u00f3n del riesgo en la cadena de suministro<\/p>\r\n                            <div class=\"typical_text\">\r\n                                <p>La ciberseguridad ya no es un tema t\u00e9cnico ni una\u2026<\/p>\r\n                            <\/div>\r\n                        <\/div>\r\n                                                <div class=\"resource_item_categories\">\r\n                                                        <div class=\"resource_category\">\r\n                                                                <span class=\"resource_category_name\"><\/span>\r\n                            <\/div>\r\n                                                        <div class=\"resource_category\">\r\n                                                                <span class=\"resource_category_name\"><\/span>\r\n                            <\/div>\r\n                                                    <\/div>\r\n                                            <\/div>\r\n                <\/a>\r\n                                <a class=\"resource_item\" href=\"https:\/\/www.achilles.com\/es\/informacion-sectorial\/accenture-espana\/\">\r\n                                        <div class=\"resource_item_img\">\r\n                        <img decoding=\"async\" src=\"https:\/\/www.achilles.com\/app\/uploads\/2026\/04\/Copia-de-Email-banners-9-1.png\" alt=\"Accenture Espa\u00f1a: c\u00f3mo transformar la complejidad del cumplimiento en una ventaja competitiva\">\r\n                    <\/div>\r\n                                        <div class=\"resource_item_info\">\r\n                        <div class=\"resource_item_description\">\r\n                            <p class=\"resource_item_name\">Accenture Espa\u00f1a: c\u00f3mo transformar la complejidad del cumplimiento en una ventaja competitiva<\/p>\r\n                            <div class=\"typical_text\">\r\n                                <p>De la complejidad operativa a una gesti\u00f3n estructurada que mejora\u2026<\/p>\r\n                            <\/div>\r\n                        <\/div>\r\n                                                <div class=\"resource_item_categories\">\r\n                                                        <div class=\"resource_category\">\r\n                                                                <span class=\"resource_category_name\"><\/span>\r\n                            <\/div>\r\n                                                        <div class=\"resource_category\">\r\n                                                                <span class=\"resource_category_name\"><\/span>\r\n                            <\/div>\r\n                                                    <\/div>\r\n                                            <\/div>\r\n                <\/a>\r\n                            <\/div>\r\n        <\/div>\r\n    <\/div> \r\n","protected":false},"excerpt":{"rendered":"<p>As more organisations adopt responsible sourcing practices, key to their success is applying those principles across the supply chain. We bring together buyers and suppliers who want to measure, assess, prove and improve their sourcing credentials.<\/p>\n","protected":false},"featured_media":0,"template":"","class_list":["post-19408","product","type-product","status-publish","hentry"],"acf":[],"_links":{"self":[{"href":"https:\/\/www.achilles.com\/es\/wp-json\/wp\/v2\/product\/19408","targetHints":{"allow":["GET"]}}],"collection":[{"href":"https:\/\/www.achilles.com\/es\/wp-json\/wp\/v2\/product"}],"about":[{"href":"https:\/\/www.achilles.com\/es\/wp-json\/wp\/v2\/types\/product"}],"wp:attachment":[{"href":"https:\/\/www.achilles.com\/es\/wp-json\/wp\/v2\/media?parent=19408"}],"curies":[{"name":"wp","href":"https:\/\/api.w.org\/{rel}","templated":true}]}}