{"id":19390,"date":"2023-06-06T17:23:55","date_gmt":"2023-06-06T16:23:55","guid":{"rendered":"https:\/\/uat.achilles.com\/product\/environmental-sustainability\/"},"modified":"2023-08-06T19:30:25","modified_gmt":"2023-08-06T16:30:25","slug":"environmental-sustainability","status":"publish","type":"product","link":"https:\/\/www.achilles.com\/es\/product\/sostenibilidad-medioambiental\/","title":{"rendered":"Environmental Sustainability"},"content":{"rendered":"    <div class=\"top_section\">\n        <div class=\"container\">\n            <div class=\"top_info half\">\n                                    <h1 class=\"top_title\">Sostenibilidad medioambiental en cadenas de suministro<\/h1>\n                                    <div class=\"top_text\">\n                        <p>La pr\u00e1ctica de una gesti\u00f3n sostenible de la cadena de suministro ayuda a garantizar un futuro mucho mejor no solo para el planeta, sino tambi\u00e9n para las personas y las empresas.<\/p>\n                    <\/div>\n                            <\/div>\n        <\/div>\n        <div class=\"top_media\">\n\t\t\t            <img decoding=\"async\" src=\"https:\/\/www.achilles.com\/app\/uploads\/2023\/06\/Homepage-Hero-scaled-1.jpg\" alt=\"\">\n                    <\/div>\n    <\/div>\n\n\n    <div class=\"content_section\">\r\n        <div class=\"container\">\r\n            <div class=\"services_wrap\">\r\n                                <div class=\"services_left\">\r\n                                        <p class=\"title_category\">EL CONOCIMIENTO COMO MOTOR<\/p>\r\n                                        <h2 class=\"title_section\">La importancia de la proactividad en materia de compras sostenibles<\/h2>\r\n                                        <a class=\"link\" href=\"https:\/\/uat.achilles.com\/#Back\">Back to all products<\/a>\r\n                                    <\/div>\r\n                                <div class=\"services_right\">\r\n                    <div class=\"typical_text\">\r\n                        <p>La sostenibilidad operativa no es solo una obligaci\u00f3n moral, sino tambi\u00e9n una medida del \u00e9xito que cada vez cobra mayor importancia. Los riesgos de no cumplir con la legislaci\u00f3n nacional e internacional pueden perjudicar a una empresa, pero la sostenibilidad medioambiental supone tambi\u00e9n una gran oportunidad. Somos expertos en ayudar a generar beneficios financieros, operativos y de reputaci\u00f3n gracias al trabajo con cadenas de suministro sostenibles.<\/p>\n<p>No solo nos centramos en ayudar a las empresas a que cumplan sus obligaciones en materia de presentaci\u00f3n de informes medioambientales, sino que tambi\u00e9n aumentamos la eficiencia, reducimos los riesgos y disminuimos los costes. Lo m\u00e1s importante de la sostenibilidad medioambiental son las personas y el planeta, pero los beneficios tambi\u00e9n importan. Cada vez m\u00e1s, las empresas tratan de crear una ventaja competitiva a partir del impacto social, medioambiental y econ\u00f3mico de sus operaciones. Nos aseguramos de que puedas cumplir todas y cada una de las expectativas de tus clientes y de tus empleados, a la vez que se reducen los costes y se protegen los ecosistemas globales.<\/p>\n<p>Nuestro equipo de expertos ofrece un nivel de vigilancia adicional, ya que recopilan y validan el tipo id\u00f3neo de datos sociales y medioambientales tanto de tu organizaci\u00f3n como de tus proveedores. Eliminamos la complejidad de la sostenibilidad, y proporcionamos informes completos y conocimientos que ayudan a tomar decisiones empresariales pr\u00e1cticas.<\/p>\n                    <\/div>\r\n                <\/div>\r\n                            <\/div>\r\n        <\/div>\r\n    <\/div>\r\n\n\n     <div class=\"stats_full\">\r\n        <div class=\"stats_bg\">\r\n                        <img decoding=\"async\" src=\"https:\/\/www.achilles.com\/app\/uploads\/2023\/06\/Sustainability-Webinar-scaled-1.jpg\" alt=\"\">\r\n                    <\/div>\r\n        <div class=\"container\">\r\n            <div class=\"stats_center\">\r\n                <div class=\"corner corner_top_left\"><\/div>\r\n                <div class=\"corner corner_top_right\"><\/div>\r\n                <div class=\"corner corner_bottom_left\"><\/div>\r\n                <div class=\"corner corner_bottom_right\"><\/div>\r\n                <div class=\"stats_center_item\">\r\n                                        <div class=\"stats_anim\">\r\n                        <div class=\"stats_center_number stats_anim_item\" data-total=\"53\">\r\n                            <span class=\"stats_anim_total\">0<\/span>%                        <\/div>\r\n                    <\/div>\r\n                                        <p class=\"stats_center_text large_text\">Entre los compradores, tan solo un\r\ncolabora con sus proveedores para reducir las emisiones de sus productos.<\/p>\r\n                                        <p class=\"stats_center_cop large_text\">17.\u00aa encuesta global a consejeros delegados de PwC, 2014<\/p>\r\n                                    <\/div>\r\n            <\/div>\r\n        <\/div>\r\n    <\/div>\r\n\n\n    <div class=\"content_section\">\r\n        <div class=\"container\">\r\n            <div class=\"services_wrap\">\r\n                                <div class=\"services_left\">\r\n                                        <p class=\"title_category\">Benefits<\/p>\r\n                                        <h2 class=\"title_section\">Elevar los est\u00e1ndares de la sostenibilidad medioambiental<\/h2>\r\n                                        <a class=\"btn\" href=\"https:\/\/uat.achilles.com\/#2\">Read more &#8211; 5 steps to following the UN\u2019s Sustainable Development Goals<\/a>\r\n                                    <\/div>\r\n                                <div class=\"services_right\">\r\n                    <div class=\"services_list\">\r\n                                                <div class=\"service_box\">\r\n                                                        <p class=\"service_box_name\">\r\n                                <span class=\"service_box_check icon-Success\"><\/span>\r\n                                Sistemas de gesti\u00f3n medioambiental                            <\/p>\r\n                                                        <div class=\"typical_text\">\r\n                                <p>Mejorar la sostenibilidad medioambiental en una empresa es solo el principio: impulsa el cambio en toda la cadena de suministro y acelera el impacto de esos cambios.<\/p>\r\n                            <\/div>\r\n                                                    <\/div>\r\n                                                <div class=\"service_box\">\r\n                                                        <p class=\"service_box_name\">\r\n                                <span class=\"service_box_check icon-Success\"><\/span>\r\n                                Reducci\u00f3n del consumo energ\u00e9tico                            <\/p>\r\n                                                        <div class=\"typical_text\">\r\n                                <p>Gestiona tu consumo energ\u00e9tico y demuestra una gesti\u00f3n que promueve un bajo consumo en tu empresa y en toda la cadena de suministro.<\/p>\r\n                            <\/div>\r\n                                                    <\/div>\r\n                                                <div class=\"service_box\">\r\n                                                        <p class=\"service_box_name\">\r\n                                <span class=\"service_box_check icon-Success\"><\/span>\r\n                                Reducci\u00f3n de las emisiones de carbono                            <\/p>\r\n                                                        <div class=\"typical_text\">\r\n                                <p>El programa CarbonReduce (de Toit\u016b) goza de reconocimiento internacional y ayuda a las organizaciones a medir y auditar las emisiones de carbono, y a comprometerse a su reducci\u00f3n.<\/p>\r\n                            <\/div>\r\n                                                    <\/div>\r\n                                                <div class=\"service_box\">\r\n                                                        <p class=\"service_box_name\">\r\n                                <span class=\"service_box_check icon-Success\"><\/span>\r\n                                Residuos y reciclaje                            <\/p>\r\n                                                        <div class=\"typical_text\">\r\n                                <p>Reduce la ineficiencia en toda la cadena de suministro garantizando que tus proveedores cumplan todas las normas relativas a los residuos.<\/p>\r\n                            <\/div>\r\n                                                    <\/div>\r\n                                                <div class=\"service_box\">\r\n                                                        <p class=\"service_box_name\">\r\n                                <span class=\"service_box_check icon-Success\"><\/span>\r\n                                Gesti\u00f3n del agua                            <\/p>\r\n                                                        <div class=\"typical_text\">\r\n                                <p>Aseg\u00farate de que el consumo, el almacenamiento y la eliminaci\u00f3n de aguas cumplan la normativa aplicable y no tengan costes innecesarios.<\/p>\r\n                            <\/div>\r\n                                                    <\/div>\r\n                                                <div class=\"service_box\">\r\n                                                        <p class=\"service_box_name\">\r\n                                <span class=\"service_box_check icon-Success\"><\/span>\r\n                                Sustancias peligrosas                            <\/p>\r\n                                                        <div class=\"typical_text\">\r\n                                <p>Garantiza que tus operaciones sean siempre seguras, eficientes y cumplan la normativa vigente.<\/p>\r\n                            <\/div>\r\n                                                    <\/div>\r\n                                            <\/div>\r\n                <\/div>\r\n                            <\/div>\r\n        <\/div>\r\n    <\/div>\r\n\n\n            <div class=\"cta_section\">\r\n            <div class=\"cta_box_bg\">\r\n                                <img decoding=\"async\" src=\"https:\/\/www.achilles.com\/app\/uploads\/2023\/05\/cta_1.jpg\" alt=\"\">\r\n                            <\/div>\r\n                <div class=\"container\">\r\n                    <div class=\"cta_wrapper\">\r\n                        <div class=\"cta_info\">\r\n                                                        <h3 class=\"cta_box_name\">Desc\u00fabrelo en acci\u00f3n<\/h3>\r\n                                                        <a class=\"btn btn_big\" href=\"https:\/\/uat.achilles.com\/#3\">Solicita una demostraci\u00f3n<\/a>\r\n                                                    <\/div>\r\n                <\/div>\r\n            <\/div>\r\n        <\/div>\r\n    \n\n    <div class=\"content_section\">\r\n        <div class=\"container\">\r\n                        <div class=\"tools_description\">\r\n                                <p class=\"title_category\">Features<\/p>\r\n                                <h2 class=\"title_section\">C\u00f3mo funciona<\/h2>\r\n                                <div class=\"typical_text\">\r\n                    <p>Desde la selecci\u00f3n y las compras hasta las relaciones establecidas, nuestros servicios est\u00e1n pensados para reducir el riesgo externo y mejorar el cumplimiento normativo en cada paso del proceso.<\/p>\n                <\/div>\r\n                            <\/div>\r\n                    <\/div>\r\n    <\/div>\r\n\n\n    <div class=\"quote_section\">\r\n        <div class=\"quote_bg\">\r\n                        <img decoding=\"async\" src=\"https:\/\/www.achilles.com\/app\/uploads\/2023\/05\/quote_financial.jpg\" alt=\"\">\r\n                    <\/div>\r\n        <div class=\"container\">\r\n            <div class=\"quote_wrapper\">\r\n                <div class=\"quote_item\">\r\n                                        <div class=\"quote_item_text\">\r\n                        <p>Es imprescindible implicar a la cadena de suministro. Como empresa independiente, solo se puede llegar hasta un cierto punto, pero cuando la cadena de suministro tambi\u00e9n se involucra, se consiguen reducciones mucho m\u00e1s significativas. No solo eso, sino que queremos trabajar con proveedores l\u00edderes que est\u00e9n pendientes de sus propias emisiones.<\/p>\n                    <\/div>\r\n                                        <p class=\"quote_item_author\">David Riley, responsable de reducci\u00f3n del carbono, Anglian Water<\/p>\r\n                                        <a href=\"https:\/\/uat.achilles.com\/#Read-more\" class=\"btn btn_big\">Lee el estudio de caso<\/a>\r\n                                    <\/div>\r\n            <\/div>\r\n        <\/div>\r\n    <\/div>\r\n\n\n    <div class=\"content_section bg_grey\">\n        <div class=\"container\">\n                        <div class=\"description_section full\">\n                                <p class=\"title_category\">Packages<\/p>\n                                                <h2 class=\"title_section\">Elige el paquete que mejor se adapte a tus requisitos<\/h2>\n                                            <\/div>\n            \n                        <div class=\"packages_wrap\">\n                                <a class=\"package_box\" href=\"https:\/\/uat.achilles.com\/#1\">\n                                        <p class=\"package_box_name\">Essential<\/p>\n                                                            <div class=\"typical_text\">\n                        <p>Run your entire supplier sourcing and selection needs<\/p>\n                    <\/div>\n                                    <\/a>\n                                <a class=\"package_box\" href=\"https:\/\/uat.achilles.com\/#2\">\n                                        <p class=\"package_box_name\">Professional<\/p>\n                                                            <div class=\"typical_text\">\n                        <p>Source and select suppliers and get real time supplier assurance<\/p>\n                    <\/div>\n                                    <\/a>\n                                <a class=\"package_box\" href=\"https:\/\/uat.achilles.com\/#3\">\n                                        <p class=\"package_box_name\">Enterprise<\/p>\n                                                            <div class=\"typical_text\">\n                        <p>Source and select suppliers and get whole chain supplier assurance<\/p>\n                    <\/div>\n                                    <\/a>\n                            <\/div>\n            \n                    <\/div>\n    <\/div>\n\n\n    <div class=\"request_section\">\r\n        <div class=\"contact_bg\">\r\n                        <img decoding=\"async\" src=\"https:\/\/www.achilles.com\/app\/uploads\/2023\/05\/contact_bg.jpg\" alt=\"\">\r\n                    <\/div>\r\n        <div class=\"container\">\r\n            <div class=\"request_inner\">\r\n                                <div class=\"request_wrapper\">\r\n                <h2 class=\"title_section\">Want to understand how we can help your business? <br>Request a call back from our team of experts<\/h2>\r\n                <\/div>\r\n                                <div class=\"request_box\">\r\n                                        <div class=\"typical_text\">\r\n                        <p>Fields marked with * are mandatory.<\/p>\r\n                    <\/div>\r\n                    <!--[if lte IE 8]>\r\n    <script charset=\"utf-8\" type=\"text\/javascript\" src=\"\/\/js.hsforms.net\/forms\/v2-legacy.js\"><\/script>\r\n    <![endif]-->\r\n    <script charset=\"utf-8\" type=\"text\/javascript\" src=\"\/\/js.hsforms.net\/forms\/v2.js\"><\/script>\r\n    <script>\r\n      hbspt.forms.create({\r\n        portalId: \"5387762\",\r\n        formId: \"a23cf73a-36bd-433c-a1d8-4acd8b05b928\"\r\n      })\r\n    <\/script>                <\/div>\r\n            <\/div>\r\n        <\/div>\r\n    <\/div>\r\n\r\n\n\n\r\n\r\n  <div class=\"resources_other content_section\">\r\n        <div class=\"container\">\r\n                        <h3 class=\"title_block\">Puesto que te interesa la sostenibilidad medioambiental, quiz\u00e1s te interese leer estas publicaciones del blog.<\/h3>\r\n                        <div class=\"resources_wrap\">\r\n                                <a class=\"resource_item\" href=\"https:\/\/www.achilles.com\/es\/informacion-sectorial\/definir-e-impulsar-un-programa-de-gestion-de-riesgos\/\">\r\n                                        <div class=\"resource_item_img\">\r\n                        <img decoding=\"async\" src=\"https:\/\/www.achilles.com\/app\/uploads\/2025\/03\/post-grande.jpg\" alt=\"Definiendo e Implementando un Programa de Gesti\u00f3n de Riesgos de Proveedores de Clase Mundial\">\r\n                    <\/div>\r\n                                        <div class=\"resource_item_info\">\r\n                        <div class=\"resource_item_description\">\r\n                            <p class=\"resource_item_name\">Definiendo e Implementando un Programa de Gesti\u00f3n de Riesgos de Proveedores de Clase Mundial<\/p>\r\n                            <div class=\"typical_text\">\r\n                                <p>Ninguna empresa puede permitirse ignorar sus responsabilidades en la gesti\u00f3n\u2026<\/p>\r\n                            <\/div>\r\n                        <\/div>\r\n                                                <div class=\"resource_item_categories\">\r\n                                                        <div class=\"resource_category\">\r\n                                                                <span class=\"resource_category_name\"><\/span>\r\n                            <\/div>\r\n                                                        <div class=\"resource_category\">\r\n                                                                <span class=\"resource_category_name\"><\/span>\r\n                            <\/div>\r\n                                                    <\/div>\r\n                                            <\/div>\r\n                <\/a>\r\n                                <a class=\"resource_item\" href=\"https:\/\/www.achilles.com\/es\/informacion-sectorial\/alemania-da-los-primeros-pasos-en-la-implementacion-de-csrd-lo-que-necesitas-saber\/\">\r\n                                        <div class=\"resource_item_img\">\r\n                        <img decoding=\"async\" src=\"https:\/\/www.achilles.com\/app\/uploads\/2024\/04\/AdobeStock_374531333-scaled.jpeg\" alt=\"Alemania da los primeros pasos en la implementaci\u00f3n de CSRD: Lo que necesitas saber\">\r\n                    <\/div>\r\n                                        <div class=\"resource_item_info\">\r\n                        <div class=\"resource_item_description\">\r\n                            <p class=\"resource_item_name\">Alemania da los primeros pasos en la implementaci\u00f3n de CSRD: Lo que necesitas saber<\/p>\r\n                            <div class=\"typical_text\">\r\n                                <p>Como uno de los primeros adoptantes de la legislaci\u00f3n europea\u2026<\/p>\r\n                            <\/div>\r\n                        <\/div>\r\n                                                <div class=\"resource_item_categories\">\r\n                                                        <div class=\"resource_category\">\r\n                                                                <span class=\"resource_category_name\"><\/span>\r\n                            <\/div>\r\n                                                        <div class=\"resource_category\">\r\n                                                                <span class=\"resource_category_name\"><\/span>\r\n                            <\/div>\r\n                                                    <\/div>\r\n                                            <\/div>\r\n                <\/a>\r\n                            <\/div>\r\n        <\/div>\r\n    <\/div> \r\n","protected":false},"excerpt":{"rendered":"<p>Environmental sustainability management is not just the right thing to do, it is an increasingly important benchmark of success. Helping to capture and validate the right kind of social and environmental data from both your own organisation and your suppliers.<\/p>\n","protected":false},"featured_media":0,"template":"","class_list":["post-19390","product","type-product","status-publish","hentry"],"acf":[],"_links":{"self":[{"href":"https:\/\/www.achilles.com\/es\/wp-json\/wp\/v2\/product\/19390","targetHints":{"allow":["GET"]}}],"collection":[{"href":"https:\/\/www.achilles.com\/es\/wp-json\/wp\/v2\/product"}],"about":[{"href":"https:\/\/www.achilles.com\/es\/wp-json\/wp\/v2\/types\/product"}],"wp:attachment":[{"href":"https:\/\/www.achilles.com\/es\/wp-json\/wp\/v2\/media?parent=19390"}],"curies":[{"name":"wp","href":"https:\/\/api.w.org\/{rel}","templated":true}]}}