{"id":19385,"date":"2023-06-06T17:03:27","date_gmt":"2023-06-06T14:03:27","guid":{"rendered":"https:\/\/uat.achilles.com\/product\/cyber-security\/"},"modified":"2023-08-06T18:38:55","modified_gmt":"2023-08-06T15:38:55","slug":"cyber-security","status":"publish","type":"product","link":"https:\/\/www.achilles.com\/es\/product\/ciberdefensa-y-ti\/","title":{"rendered":"Cyber Security"},"content":{"rendered":"    <div class=\"top_section top_find_network\">\n        <div class=\"container\">\n            <div class=\"top_info\">\n                                    <h1 class=\"top_title\">Gesti\u00f3n de la ciberseguridad<\/h1>\n                                    <div class=\"top_text large_text\">\n                        <p>La naturaleza del riesgo est\u00e1 cambiando, y la gesti\u00f3n de la ciberseguridad en las cadenas de suministro es una funci\u00f3n muy compleja y en constante evoluci\u00f3n.<\/p>\n                    <\/div>\n                            <\/div>\n        <\/div>\n        <div class=\"top_media\">\n\t\t\t        <\/div>\n    <\/div>\n\n\n    <div class=\"content_section\">\r\n        <div class=\"container\">\r\n            <div class=\"services_wrap\">\r\n                                <div class=\"services_left\">\r\n                                        <p class=\"title_category\">EL CONOCIMIENTO COMO MOTOR<\/p>\r\n                                        <h2 class=\"title_section\">Te ayudamos a gestionar el riesgo de filtraciones de datos y ciberataques<\/h2>\r\n                                        <a class=\"link\" href=\"https:\/\/uat.achilles.com\/#Back\">Back to all products<\/a>\r\n                                    <\/div>\r\n                                <div class=\"services_right\">\r\n                    <div class=\"typical_text\">\r\n                        <p>Tener acceso a datos adecuados, precisos y de calidad es la piedra angular del \u00e9xito de toda empresa. Pero sin las debidas precauciones, los datos tambi\u00e9n pueden suponer una importante vulnerabilidad. Protegemos a los compradores de las p\u00e9rdidas financieras y los riesgos para la reputaci\u00f3n y el cumplimiento normativo que pueden suponer los ciberataques y las filtraciones de datos de terceros. Los datos de proveedores que recogemos y verificamos te proporcionan una visi\u00f3n de conjunto, mientras que nuestras auditor\u00edas te ayudan a que todas las fases de tus operaciones sean lo m\u00e1s seguras posible.<\/p>\n<p>Contamos con la acreditaci\u00f3n de BSI y somos expertos en garantizar que los datos de los que dependen tu empresa y tus proveedores se almacenen, compartan y utilicen de acuerdo con las mejores pr\u00e1cticas y normas de la industria. Nuestros conocimientos internacionales y multisectoriales ofrecen un nivel de vigilancia adicional que te alertar\u00e1 de posibles problemas antes de que tengan la oportunidad de convertirse en una crisis.<\/p>\n                    <\/div>\r\n                <\/div>\r\n                            <\/div>\r\n        <\/div>\r\n    <\/div>\r\n\n\n     <div class=\"stats_full\">\r\n        <div class=\"stats_bg\">\r\n                    <\/div>\r\n        <div class=\"container\">\r\n            <div class=\"stats_center\">\r\n                <div class=\"corner corner_top_left\"><\/div>\r\n                <div class=\"corner corner_top_right\"><\/div>\r\n                <div class=\"corner corner_bottom_left\"><\/div>\r\n                <div class=\"corner corner_bottom_right\"><\/div>\r\n                <div class=\"stats_center_item\">\r\n                                        <div class=\"stats_anim\">\r\n                        <div class=\"stats_center_number stats_anim_item\" data-total=\"32\">\r\n                            <span class=\"stats_anim_total\">0<\/span>%                        <\/div>\r\n                    <\/div>\r\n                                        <p class=\"stats_center_text large_text\">Alrededor de un tercio de todas las empresas brit\u00e1nicas\r\ndicen haber experimentado infracciones de ciberseguridad o ciberataques en los \u00faltimos 12 meses.<\/p>\r\n                                        <p class=\"stats_center_cop large_text\">Ministerio de Asuntos Digitales, Cultura, Medios de Comunicaci\u00f3n y Deportes, 2019<\/p>\r\n                                    <\/div>\r\n            <\/div>\r\n        <\/div>\r\n    <\/div>\r\n\n\n    <div class=\"content_section\">\r\n        <div class=\"container\">\r\n            <div class=\"services_wrap\">\r\n                                <div class=\"services_left\">\r\n                                        <p class=\"title_category\">BENEFITS<\/p>\r\n                                        <h2 class=\"title_section\">Elevar los est\u00e1ndares de la ciberdefensa y la seguridad de sistemas inform\u00e1ticos<\/h2>\r\n                                        <div class=\"typical_text\">\r\n                        <p>Te ayudamos a superar el desaf\u00edo de la ciberdefensa y la seguridad de sistemas inform\u00e1ticos<\/p>\n                    <\/div>\r\n                                        <a class=\"btn\" href=\"\/industry-insights\/identify-and-manage-cybersecurity-risks-in-your-supply-chain\/\">Read more on managing cyber security issues<\/a>\r\n                                    <\/div>\r\n                                <div class=\"services_right\">\r\n                    <div class=\"services_list\">\r\n                                                <div class=\"service_box\">\r\n                                                        <p class=\"service_box_name\">\r\n                                <span class=\"service_box_check icon-Success\"><\/span>\r\n                                Integridad de sistemas inform\u00e1ticos                            <\/p>\r\n                                                        <div class=\"typical_text\">\r\n                                <p>Aseg\u00farate de que la infraestructura inform\u00e1tica de tus proveedores sea eficiente y segura, y que solo resulte accesible a las personas adecuadas.<\/p>\r\n                            <\/div>\r\n                                                    <\/div>\r\n                                                <div class=\"service_box\">\r\n                                                        <p class=\"service_box_name\">\r\n                                <span class=\"service_box_check icon-Success\"><\/span>\r\n                                Sistemas de gesti\u00f3n de datos                            <\/p>\r\n                                                        <div class=\"typical_text\">\r\n                                <p>Ten la seguridad de que han implantado procesos \u00f3ptimos para captar, validar, almacenar, proteger y compartir datos.<\/p>\r\n                            <\/div>\r\n                                                    <\/div>\r\n                                                <div class=\"service_box\">\r\n                                                        <p class=\"service_box_name\">\r\n                                <span class=\"service_box_check icon-Success\"><\/span>\r\n                                Marco de gobernanza de datos                            <\/p>\r\n                                                        <div class=\"typical_text\">\r\n                                <p>Aseg\u00farate de que sus pol\u00edticas y procesos de datos sean coherentes y fiables, y que cumplan la normativa vigente.<\/p>\r\n                            <\/div>\r\n                                                    <\/div>\r\n                                                <div class=\"service_box\">\r\n                                                        <p class=\"service_box_name\">\r\n                                <span class=\"service_box_check icon-Success\"><\/span>\r\n                                Ciberseguridad y ciberataques                            <\/p>\r\n                                                        <div class=\"typical_text\">\r\n                                <p>Protege a tu empresa eficazmente contra los efectos negativos de las filtraciones o la p\u00e9rdida de datos de terceros, y limita activamente sus repercusiones si se producen.<\/p>\r\n                            <\/div>\r\n                                                    <\/div>\r\n                                                <div class=\"service_box\">\r\n                                                        <p class=\"service_box_name\">\r\n                                <span class=\"service_box_check icon-Success\"><\/span>\r\n                                Cumplimiento del RGPD                            <\/p>\r\n                                                        <div class=\"typical_text\">\r\n                                <p>Cuando proceda, mant\u00e9n el cumplimiento del Reglamento General de Protecci\u00f3n de Datos (RGPD) en todas las \u00e1reas de tu cadena de suministro.<\/p>\r\n                            <\/div>\r\n                                                    <\/div>\r\n                                            <\/div>\r\n                <\/div>\r\n                            <\/div>\r\n        <\/div>\r\n    <\/div>\r\n\n\n            <div class=\"cta_section\">\r\n            <div class=\"cta_box_bg\">\r\n                                <img decoding=\"async\" src=\"https:\/\/www.achilles.com\/app\/uploads\/2023\/06\/RFI-responses-blog-post.jpg\" alt=\"\">\r\n                            <\/div>\r\n                <div class=\"container\">\r\n                    <div class=\"cta_wrapper\">\r\n                        <div class=\"cta_info\">\r\n                                                        <h3 class=\"cta_box_name\">Desc\u00fabrelo en acci\u00f3n<\/h3>\r\n                                                        <a class=\"btn btn_big\" href=\"https:\/\/uat.achilles.com\/#3\">Solicita una demostraci\u00f3n<\/a>\r\n                                                    <\/div>\r\n                <\/div>\r\n            <\/div>\r\n        <\/div>\r\n    \n\n    <div class=\"content_section\">\r\n        <div class=\"container\">\r\n                        <div class=\"tools_description\">\r\n                                <p class=\"title_category\">Features<\/p>\r\n                                <h2 class=\"title_section\">C\u00f3mo funciona<\/h2>\r\n                                <div class=\"typical_text\">\r\n                    <p>Desde la selecci\u00f3n y las compras hasta las relaciones establecidas, nuestros servicios est\u00e1n pensados para reducir el riesgo externo y mejorar el cumplimiento normativo en cada paso del proceso.<\/p>\n                <\/div>\r\n                            <\/div>\r\n                    <\/div>\r\n    <\/div>\r\n\n\n    <div class=\"quote_section\">\r\n        <div class=\"quote_bg\">\r\n                        <img decoding=\"async\" src=\"https:\/\/www.achilles.com\/app\/uploads\/2023\/05\/quote_financial.jpg\" alt=\"\">\r\n                    <\/div>\r\n        <div class=\"container\">\r\n            <div class=\"quote_wrapper\">\r\n                <div class=\"quote_item\">\r\n                                        <div class=\"quote_item_text\">\r\n                        <p>Descubre c\u00f3mo conseguir que tus proveedores se impliquen en la ciberseguridad de forma proactiva. Ve nuestro seminario web a demanda.<\/p>\n                    <\/div>\r\n                                        <a href=\"https:\/\/uat.achilles.com\/#Read-more\" class=\"btn btn_big\">Reg\u00edstrate ya<\/a>\r\n                                    <\/div>\r\n            <\/div>\r\n        <\/div>\r\n    <\/div>\r\n\n\n    <div class=\"content_section bg_grey\">\n        <div class=\"container\">\n                        <div class=\"description_section full\">\n                                <p class=\"title_category\">PACKAGES<\/p>\n                                                <h2 class=\"title_section\">Elige el paquete que mejor se adapte a tus requisitos<\/h2>\n                                            <\/div>\n            \n                        <div class=\"packages_wrap\">\n                                <a class=\"package_box\" href=\"https:\/\/uat.achilles.com\/#1\">\n                                        <p class=\"package_box_name\">Assure<\/p>\n                                                            <div class=\"typical_text\">\n                        <p>Run your entire supplier sourcing and selection needs<\/p>\n                    <\/div>\n                                    <\/a>\n                                <a class=\"package_box\" href=\"https:\/\/uat.achilles.com\/#2\">\n                                        <p class=\"package_box_name\">Professional<\/p>\n                                                            <div class=\"typical_text\">\n                        <p>Source and select suppliers and get real time supplier assurance<\/p>\n                    <\/div>\n                                    <\/a>\n                                <a class=\"package_box\" href=\"https:\/\/uat.achilles.com\/#3\">\n                                        <p class=\"package_box_name\">Enterprise<\/p>\n                                                            <div class=\"typical_text\">\n                        <p>Source and select suppliers and get whole chain supplier assurance<\/p>\n                    <\/div>\n                                    <\/a>\n                            <\/div>\n            \n                    <\/div>\n    <\/div>\n\n\n    <div class=\"request_section\">\r\n        <div class=\"contact_bg\">\r\n                        <img decoding=\"async\" src=\"https:\/\/www.achilles.com\/app\/uploads\/2023\/05\/contact_bg.jpg\" alt=\"\">\r\n                    <\/div>\r\n        <div class=\"container\">\r\n            <div class=\"request_inner\">\r\n                                <div class=\"request_wrapper\">\r\n                <h2 class=\"title_section\">Want to understand how we can help your business? <br>Request a call back from our team of experts<\/h2>\r\n                <\/div>\r\n                                <div class=\"request_box\">\r\n                                        <div class=\"typical_text\">\r\n                        <p>Fields marked with * are mandatory.<\/p>\r\n                    <\/div>\r\n                    <!--[if lte IE 8]>\r\n    <script charset=\"utf-8\" type=\"text\/javascript\" src=\"\/\/js.hsforms.net\/forms\/v2-legacy.js\"><\/script>\r\n    <![endif]-->\r\n    <script charset=\"utf-8\" type=\"text\/javascript\" src=\"\/\/js.hsforms.net\/forms\/v2.js\"><\/script>\r\n    <script>\r\n      hbspt.forms.create({\r\n        portalId: \"5387762\",\r\n        formId: \"a23cf73a-36bd-433c-a1d8-4acd8b05b928\"\r\n      })\r\n    <\/script>                <\/div>\r\n            <\/div>\r\n        <\/div>\r\n    <\/div>\r\n\r\n\n\n\r\n\r\n  <div class=\"resources_other content_section\">\r\n        <div class=\"container\">\r\n                        <h3 class=\"title_block\">Because you are interested in Cyber and IT<\/h3>\r\n                        <div class=\"resources_wrap\">\r\n                            <\/div>\r\n        <\/div>\r\n    <\/div> \r\n","protected":false},"excerpt":{"rendered":"<p>The nature of the risk is changing, and cyber attacks are becoming more common. Your business may integrate data and systems with your suppliers, what if one of those suppliers is breached?<\/p>\n","protected":false},"featured_media":0,"template":"","class_list":["post-19385","product","type-product","status-publish","hentry"],"acf":[],"_links":{"self":[{"href":"https:\/\/www.achilles.com\/es\/wp-json\/wp\/v2\/product\/19385","targetHints":{"allow":["GET"]}}],"collection":[{"href":"https:\/\/www.achilles.com\/es\/wp-json\/wp\/v2\/product"}],"about":[{"href":"https:\/\/www.achilles.com\/es\/wp-json\/wp\/v2\/types\/product"}],"wp:attachment":[{"href":"https:\/\/www.achilles.com\/es\/wp-json\/wp\/v2\/media?parent=19385"}],"curies":[{"name":"wp","href":"https:\/\/api.w.org\/{rel}","templated":true}]}}