{"id":849,"date":"2023-05-12T18:10:44","date_gmt":"2023-05-12T17:10:44","guid":{"rendered":"https:\/\/uat.achilles.com\/ambassadors\/"},"modified":"2024-02-13T11:18:24","modified_gmt":"2024-02-13T08:18:24","slug":"ambassadors","status":"publish","type":"page","link":"https:\/\/www.achilles.com\/es\/embajadores\/","title":{"rendered":"Embajadores"},"content":{"rendered":"        <div class=\"content_section\">\r\n            <div class=\"container\">\r\n                                <div class=\"description_page full\">\r\n                                        <h1 class=\"title_page\">Embajadores<\/h1>\r\n                                        <div class=\"typical_text large_text\">\r\n                        <p>Conoce nuestra red de expertos externos<\/p>\r\n                    <\/div>\r\n                                        <div class=\"typical_text\">\r\n                        <p>Nuestro trabajo consiste en elevar los est\u00e1ndares en todas las cadenas de suministro. Para lograrlo, es necesario conocerlas bien. Y dado que trabajamos con organizaciones de todos los tama\u00f1os, en todas las industrias y de todos los rincones del mundo, conocemos el valor de una perspectiva externa.<\/p>\n<p>Es por eso que colaboramos con una amplia red de expertos externos. Y a medida que nuestras ambiciones contin\u00faan expandi\u00e9ndose, tambi\u00e9n lo hace nuestra red.<\/p>\n<p><strong>Convi\u00e9rtete en embajador<\/strong><\/p>\n<p>Si tienes talento y experiencia en gesti\u00f3n de categor\u00edas, cumplimiento ambiental, salud y seguridad, mitigaci\u00f3n de riesgos, responsabilidad social corporativa o cualquiera de los sectores en los que trabajamos, nos gustar\u00eda saber de ti.<\/p>\n                    <\/div>\r\n                                    <\/div>\r\n                                <div class=\"ambassadors_wrap\">\r\n                                        <div class=\"ambassador_item\">\r\n                                                <div class=\"ambassador_item_img\">\r\n                            <img decoding=\"async\" src=\"https:\/\/www.achilles.com\/app\/uploads\/2023\/09\/Peter-Schellenberger.jpeg\" alt=\"\">\r\n                        <\/div>\r\n                                                <div class=\"ambassador_item_info\">\r\n                                                        <p class=\"ambassador_item_name\">Peter Schellenberger<\/p>\r\n                                                        <p class=\"ambassador_item_text\">Consultor<\/p>\r\n                                                    <\/div>\r\n                                                <div class=\"ambassador_item_details\">\r\n                                                        <div class=\"ambassador_item_point\">\r\n                                <p class=\"ambassador_item_title\">Empresa<\/p>\r\n                                <p class=\"ambassador_item_text\">Novamaxis<\/p>\r\n                            <\/div>\r\n                                                        <div class=\"ambassador_item_point\">\r\n                                <p class=\"ambassador_item_title\">Sector<\/p>\r\n                                <p class=\"ambassador_item_text\">Shipping<\/p>\r\n                            <\/div>\r\n                                                        <div class=\"ambassador_item_point\">\r\n                                <p class=\"ambassador_item_title\">Experto en<\/p>\r\n                                <p class=\"ambassador_item_text\">Global supply chain, procurement<\/p>\r\n                            <\/div>\r\n                                                    <\/div>\r\n                                            <\/div>\r\n                                        <div class=\"ambassador_item\">\r\n                                                <div class=\"ambassador_item_info\">\r\n                                                        <p class=\"ambassador_item_name\">Dr Darren Mann<\/p>\r\n                                                        <p class=\"ambassador_item_text\">Medical Director<\/p>\r\n                                                    <\/div>\r\n                                                <div class=\"ambassador_item_details\">\r\n                                                        <div class=\"ambassador_item_point\">\r\n                                <p class=\"ambassador_item_title\">Empresa<\/p>\r\n                                <p class=\"ambassador_item_text\">Department of Health and Social Care<\/p>\r\n                            <\/div>\r\n                                                        <div class=\"ambassador_item_point\">\r\n                                <p class=\"ambassador_item_title\">Sector<\/p>\r\n                                <p class=\"ambassador_item_text\">All<\/p>\r\n                            <\/div>\r\n                                                        <div class=\"ambassador_item_point\">\r\n                                <p class=\"ambassador_item_title\">Experto en<\/p>\r\n                                <p class=\"ambassador_item_text\">Global supply chain, Healthcare<\/p>\r\n                            <\/div>\r\n                                                    <\/div>\r\n                                            <\/div>\r\n                                        <div class=\"ambassador_item\">\r\n                                                <div class=\"ambassador_item_info\">\r\n                                                        <p class=\"ambassador_item_name\">Tony Underwood<\/p>\r\n                                                        <p class=\"ambassador_item_text\">High Performance Coach and Mentor<\/p>\r\n                                                    <\/div>\r\n                                                <div class=\"ambassador_item_details\">\r\n                                                        <div class=\"ambassador_item_point\">\r\n                                <p class=\"ambassador_item_title\">Empresa<\/p>\r\n                                <p class=\"ambassador_item_text\">York St. John University<\/p>\r\n                            <\/div>\r\n                                                        <div class=\"ambassador_item_point\">\r\n                                <p class=\"ambassador_item_title\">Sector<\/p>\r\n                                <p class=\"ambassador_item_text\">All<\/p>\r\n                            <\/div>\r\n                                                        <div class=\"ambassador_item_point\">\r\n                                <p class=\"ambassador_item_title\">Experto en<\/p>\r\n                                <p class=\"ambassador_item_text\">Environment, Employee Wellbeing, Human Rights<\/p>\r\n                            <\/div>\r\n                                                    <\/div>\r\n                                            <\/div>\r\n                                        <div class=\"ambassador_item\">\r\n                                                <div class=\"ambassador_item_img\">\r\n                            <img decoding=\"async\" src=\"https:\/\/www.achilles.com\/app\/uploads\/2023\/05\/ambassador_3.jpg\" alt=\"\">\r\n                        <\/div>\r\n                                                <div class=\"ambassador_item_info\">\r\n                                                        <p class=\"ambassador_item_name\">Karin Tynelius<\/p>\r\n                                                        <p class=\"ambassador_item_text\">Non Executive Board Director<\/p>\r\n                                                    <\/div>\r\n                                                <div class=\"ambassador_item_details\">\r\n                                                        <div class=\"ambassador_item_point\">\r\n                                <p class=\"ambassador_item_title\">Empresa<\/p>\r\n                                <p class=\"ambassador_item_text\">Drexel University Materials Science and Engineering, Keliber Oy, Mineral Markets and TiO2 World Summit<\/p>\r\n                            <\/div>\r\n                                                        <div class=\"ambassador_item_point\">\r\n                                <p class=\"ambassador_item_title\">Sector<\/p>\r\n                                <p class=\"ambassador_item_text\">Mining, Chemicals, Battery Minerals<\/p>\r\n                            <\/div>\r\n                                                        <div class=\"ambassador_item_point\">\r\n                                <p class=\"ambassador_item_title\">Experto en<\/p>\r\n                                <p class=\"ambassador_item_text\">ESG, sustainable sourcing<\/p>\r\n                            <\/div>\r\n                                                    <\/div>\r\n                                            <\/div>\r\n                                        <div class=\"ambassador_item\">\r\n                                                <div class=\"ambassador_item_img\">\r\n                            <img decoding=\"async\" src=\"https:\/\/www.achilles.com\/app\/uploads\/2023\/06\/Pallavi-Sidhra-1-300x300-1.jpg\" alt=\"\">\r\n                        <\/div>\r\n                                                <div class=\"ambassador_item_info\">\r\n                                                        <p class=\"ambassador_item_name\">Pallavi Sidhra<\/p>\r\n                                                        <p class=\"ambassador_item_text\">Sales professional<\/p>\r\n                                                    <\/div>\r\n                                                <div class=\"ambassador_item_details\">\r\n                                                        <div class=\"ambassador_item_point\">\r\n                                <p class=\"ambassador_item_title\">Empresa<\/p>\r\n                                <p class=\"ambassador_item_text\">Profesional independiente<\/p>\r\n                            <\/div>\r\n                                                        <div class=\"ambassador_item_point\">\r\n                                <p class=\"ambassador_item_title\">Sector<\/p>\r\n                                <p class=\"ambassador_item_text\">Shipping<\/p>\r\n                            <\/div>\r\n                                                        <div class=\"ambassador_item_point\">\r\n                                <p class=\"ambassador_item_title\">Experto en<\/p>\r\n                                <p class=\"ambassador_item_text\">Shipping, carbon reduction, supply chain<\/p>\r\n                            <\/div>\r\n                                                    <\/div>\r\n                                            <\/div>\r\n                                        <div class=\"ambassador_item\">\r\n                                                <div class=\"ambassador_item_img\">\r\n                            <img decoding=\"async\" src=\"https:\/\/www.achilles.com\/app\/uploads\/2023\/05\/ambassador_4.jpg\" alt=\"\">\r\n                        <\/div>\r\n                                                <div class=\"ambassador_item_info\">\r\n                                                        <p class=\"ambassador_item_name\">Javier Caravantes<\/p>\r\n                                                        <p class=\"ambassador_item_text\">Director Global de Compras<\/p>\r\n                                                    <\/div>\r\n                                                <div class=\"ambassador_item_details\">\r\n                                                        <div class=\"ambassador_item_point\">\r\n                                <p class=\"ambassador_item_title\">Empresa<\/p>\r\n                                <p class=\"ambassador_item_text\">Parques Reunidos<\/p>\r\n                            <\/div>\r\n                                                        <div class=\"ambassador_item_point\">\r\n                                <p class=\"ambassador_item_title\">Sector<\/p>\r\n                                <p class=\"ambassador_item_text\">Services<\/p>\r\n                            <\/div>\r\n                                                        <div class=\"ambassador_item_point\">\r\n                                <p class=\"ambassador_item_title\">Experto en<\/p>\r\n                                <p class=\"ambassador_item_text\">Sourcing and Procurement<\/p>\r\n                            <\/div>\r\n                                                    <\/div>\r\n                                            <\/div>\r\n                                        <div class=\"ambassador_item\">\r\n                                                <div class=\"ambassador_item_img\">\r\n                            <img decoding=\"async\" src=\"https:\/\/www.achilles.com\/app\/uploads\/2023\/05\/ambassador_5.png\" alt=\"\">\r\n                        <\/div>\r\n                                                <div class=\"ambassador_item_info\">\r\n                                                        <p class=\"ambassador_item_name\">Oz Alashe MBE<\/p>\r\n                                                        <p class=\"ambassador_item_text\">CEO &#038; Founder<\/p>\r\n                                                    <\/div>\r\n                                                <div class=\"ambassador_item_details\">\r\n                                                        <div class=\"ambassador_item_point\">\r\n                                <p class=\"ambassador_item_title\">Empresa<\/p>\r\n                                <p class=\"ambassador_item_text\">Cybsafe<\/p>\r\n                            <\/div>\r\n                                                        <div class=\"ambassador_item_point\">\r\n                                <p class=\"ambassador_item_title\">Sector<\/p>\r\n                                <p class=\"ambassador_item_text\">All<\/p>\r\n                            <\/div>\r\n                                                        <div class=\"ambassador_item_point\">\r\n                                <p class=\"ambassador_item_title\">Experto en<\/p>\r\n                                <p class=\"ambassador_item_text\">Cyber Security<\/p>\r\n                            <\/div>\r\n                                                    <\/div>\r\n                                            <\/div>\r\n                                        <div class=\"ambassador_item\">\r\n                                                <div class=\"ambassador_item_img\">\r\n                            <img decoding=\"async\" src=\"https:\/\/www.achilles.com\/app\/uploads\/2023\/05\/ambassador_6.jpg\" alt=\"\">\r\n                        <\/div>\r\n                                                <div class=\"ambassador_item_info\">\r\n                                                        <p class=\"ambassador_item_name\">Shaun McCarthy OBE<\/p>\r\n                                                        <p class=\"ambassador_item_text\">Chairman<\/p>\r\n                                                    <\/div>\r\n                                                <div class=\"ambassador_item_details\">\r\n                                                        <div class=\"ambassador_item_point\">\r\n                                <p class=\"ambassador_item_title\">Empresa<\/p>\r\n                                <p class=\"ambassador_item_text\">Supply Chain Sustainability School<\/p>\r\n                            <\/div>\r\n                                                        <div class=\"ambassador_item_point\">\r\n                                <p class=\"ambassador_item_title\">Sector<\/p>\r\n                                <p class=\"ambassador_item_text\">All (Infrastructure)<\/p>\r\n                            <\/div>\r\n                                                        <div class=\"ambassador_item_point\">\r\n                                <p class=\"ambassador_item_title\">Experto en<\/p>\r\n                                <p class=\"ambassador_item_text\">Sustainability \/ CSR<\/p>\r\n                            <\/div>\r\n                                                    <\/div>\r\n                                            <\/div>\r\n                                        <div class=\"ambassador_item\">\r\n                                                <div class=\"ambassador_item_img\">\r\n                            <img decoding=\"async\" src=\"https:\/\/www.achilles.com\/app\/uploads\/2023\/05\/ambassador_7.jpg\" alt=\"\">\r\n                        <\/div>\r\n                                                <div class=\"ambassador_item_info\">\r\n                                                        <p class=\"ambassador_item_name\">Hugo Pagliotti<\/p>\r\n                                                        <p class=\"ambassador_item_text\">Consultor en HSEQ<\/p>\r\n                                                    <\/div>\r\n                                                <div class=\"ambassador_item_details\">\r\n                                                        <div class=\"ambassador_item_point\">\r\n                                <p class=\"ambassador_item_title\">Empresa<\/p>\r\n                                <p class=\"ambassador_item_text\">Profesional independiente<\/p>\r\n                            <\/div>\r\n                                                        <div class=\"ambassador_item_point\">\r\n                                <p class=\"ambassador_item_title\">Sector<\/p>\r\n                                <p class=\"ambassador_item_text\">Todos<\/p>\r\n                            <\/div>\r\n                                                        <div class=\"ambassador_item_point\">\r\n                                <p class=\"ambassador_item_title\">Experto en<\/p>\r\n                                <p class=\"ambassador_item_text\">Procurement, Health and Safety, Environmental and Quality Management<\/p>\r\n                            <\/div>\r\n                                                    <\/div>\r\n                                            <\/div>\r\n                                    <\/div>\r\n                            <\/div>\r\n        <\/div>\r\n\n\n    <div class=\"content_section bg_grey\">\r\n        <div class=\"container\">\r\n                                    <div class=\"cta_wrap\">\r\n                                <a href=\"https:\/\/www.achilles.com\/es\/contactenos\/\" class=\"cta_box\" >\r\n                    <div class=\"cta_box_bg\">\r\n                                                <img decoding=\"async\" src=\"https:\/\/www.achilles.com\/app\/uploads\/2023\/05\/cta_6.jpg\" alt=\"\">\r\n                                            <\/div>\r\n                    <div class=\"cta_box_info\">\r\n                                                <h3 class=\"cta_box_name\">\u00danete al programa de embajadores<\/h3>\r\n                                                <span class=\"btn\">Descubre m\u00e1s<\/span>\r\n                                            <\/div>\r\n                <\/a>\r\n                                <a href=\"https:\/\/www.achilles.com\/es\/informacion-sectorial\/\" class=\"cta_box\" >\r\n                    <div class=\"cta_box_bg\">\r\n                                                <img decoding=\"async\" src=\"https:\/\/www.achilles.com\/app\/uploads\/2023\/05\/cta_5.jpg\" alt=\"\">\r\n                                            <\/div>\r\n                    <div class=\"cta_box_info\">\r\n                                                <h3 class=\"cta_box_name\">Visita nuestro centro de recursos<\/h3>\r\n                                                <span class=\"btn\">Descubre m\u00e1s<\/span>\r\n                                            <\/div>\r\n                <\/a>\r\n                            <\/div>\r\n                                <\/div>\r\n    <\/div>\r\n","protected":false},"excerpt":{"rendered":"","protected":false},"author":1,"featured_media":0,"parent":410,"menu_order":0,"comment_status":"closed","ping_status":"closed","template":"","meta":{"_acf_changed":false,"content-type":"","footnotes":""},"class_list":["post-849","page","type-page","status-publish","hentry"],"acf":[],"_links":{"self":[{"href":"https:\/\/www.achilles.com\/es\/wp-json\/wp\/v2\/pages\/849","targetHints":{"allow":["GET"]}}],"collection":[{"href":"https:\/\/www.achilles.com\/es\/wp-json\/wp\/v2\/pages"}],"about":[{"href":"https:\/\/www.achilles.com\/es\/wp-json\/wp\/v2\/types\/page"}],"author":[{"embeddable":true,"href":"https:\/\/www.achilles.com\/es\/wp-json\/wp\/v2\/users\/1"}],"replies":[{"embeddable":true,"href":"https:\/\/www.achilles.com\/es\/wp-json\/wp\/v2\/comments?post=849"}],"version-history":[{"count":0,"href":"https:\/\/www.achilles.com\/es\/wp-json\/wp\/v2\/pages\/849\/revisions"}],"up":[{"embeddable":true,"href":"https:\/\/www.achilles.com\/es\/wp-json\/wp\/v2\/pages\/410"}],"wp:attachment":[{"href":"https:\/\/www.achilles.com\/es\/wp-json\/wp\/v2\/media?parent=849"}],"curies":[{"name":"wp","href":"https:\/\/api.w.org\/{rel}","templated":true}]}}