{"id":76835,"date":"2025-06-26T20:26:06","date_gmt":"2025-06-26T19:26:06","guid":{"rendered":"https:\/\/www.achilles.com\/?page_id=76835"},"modified":"2025-12-19T13:44:03","modified_gmt":"2025-12-19T13:44:03","slug":"la-diferencia-achilles-network","status":"publish","type":"page","link":"https:\/\/www.achilles.com\/es\/la-diferencia-achilles-network\/","title":{"rendered":"La diferencia Achilles Network"},"content":{"rendered":"    <div class=\"top_section\">\n        <div class=\"container\">\n            <div class=\"top_info half\">\n                                    <h1 class=\"top_title\">La diferencia de Achilles Network<\/h1>\n                                    <div class=\"top_text\">\n                        <p><b>Todos los proveedores. Todos los riesgos. Todos los pa\u00edses. <\/b><\/p>\n<p>Achilles es un l\u00edder reconocido en programas globales de gesti\u00f3n del riesgo de proveedores, que permiten a las organizaciones evaluar, supervisar y mitigar riesgos asociados a proveedores, contratistas y prestadores de servicios en m\u00e1s de 140 pa\u00edses.<\/p>\n                    <\/div>\n                                    <div class=\"top_buttons\">\n                                                    <a class=\"btn btn_big\" href=\"#NetworkDifferenceform\">Habla con nosotros<\/a>\n                                                    <a class=\"btn btn_big\" href=\"\/achilles-solutions\">Conoce nuestras soluciones<\/a>\n                                            <\/div>\n                            <\/div>\n        <\/div>\n        <div class=\"top_media\">\n\t\t\t            <img decoding=\"async\" src=\"https:\/\/www.achilles.com\/app\/uploads\/2025\/06\/UmbrellasGREENhand-small.png\" alt=\"Green umbrellas with a single darker green umbrella held up above the others\">\n                    <\/div>\n    <\/div>\n\n\n    <div class=\"content_section page_default_text\">\r\n        <div class=\"container\">\r\n            <article class=\"article_wrap\">\r\n                <div class=\"article_main\">\r\n                    <div class=\"typical_text\">\r\n                        <h2 style=\"text-align: center;\">Achilles Network<\/h2>\n<p style=\"text-align: center;\" data-start=\"52\" data-end=\"251\">Achilles Network permite a las organizaciones supervisar y reportar en tiempo real el nivel de riesgo global de todos sus proveedores, desde una plataforma \u00fanica, segura y centralizada.<\/p>\n<p style=\"text-align: center;\" data-start=\"387\" data-end=\"800\">Los clientes de Achilles Network se benefician de la monitorizaci\u00f3n continua de m\u00faltiples factores de riesgo, lo que proporciona una visi\u00f3n detallada, din\u00e1mica y actualizada del riesgo de proveedores.<br data-start=\"595\" data-end=\"598\" \/>Por su parte, los proveedores cuentan con un portal dedicado que facilita la actualizaci\u00f3n de informaci\u00f3n, la presentaci\u00f3n de documentaci\u00f3n y el mantenimiento del cumplimiento normativo.<\/p>\n<p style=\"text-align: center;\" data-start=\"802\" data-end=\"1079\">Adem\u00e1s, gracias a las APIs JSON, los datos de riesgo de la cadena de suministro \u2014validados y trazables\u2014 pueden integrarse f\u00e1cilmente con la mayor\u00eda de los sistemas de gesti\u00f3n de proveedores, reforzando una toma de decisiones basada en riesgo m\u00e1s s\u00f3lida y eficiente.<\/p>\n \r\n                    <\/div>\r\n                <\/div>\r\n            <\/article>\r\n        <\/div>\r\n    <\/div>\r\n\n\n    <div class=\"content_section\">\r\n        <div class=\"container\">\r\n                                    <div class=\"features_wrap\">\r\n                                <div class=\"feature_item center\">\r\n                                        <div class=\"feature_item_icon\">\r\n                        <img decoding=\"async\" src=\"https:\/\/www.achilles.com\/app\/uploads\/2025\/02\/Search-Data-Insights-icon.png\" alt=\"Data collection validation icon\">\r\n                    <\/div>\r\n                                        <h3 class=\"feature_item_name\">Verificaci\u00f3n y validaci\u00f3n<\/h3>\r\n                                        <div class=\"typical_text middle_text\">\r\n                        <p>El servicio de Achilles incluye la verificaci\u00f3n de datos, la revisi\u00f3n f\u00edsica y documental, y la auditor\u00eda de proveedores en tiempo real.<\/p>\r\n                    <\/div>\r\n                                        <a class=\"btn btn_big\" aria-label=\"Verificaci\u00f3n y validaci\u00f3n - Conoce m\u00e1s\" href=\"\/supply-chain-due-diligence\">Conoce m\u00e1s<\/a>\r\n                                    <\/div>\r\n                                <div class=\"feature_item center\">\r\n                                        <div class=\"feature_item_icon\">\r\n                        <img decoding=\"async\" src=\"https:\/\/www.achilles.com\/app\/uploads\/2025\/02\/Validation-Questionnaire-icon.png\" alt=\"get in touch question icon\">\r\n                    <\/div>\r\n                                        <h3 class=\"feature_item_name\">Sistema de apoyo al proveedor<\/h3>\r\n                                        <div class=\"typical_text middle_text\">\r\n                        <p>Achilles apoya a los proveedores para cumplir con los requisitos de evaluaci\u00f3n de riesgos definidos por cada cliente.<\/p>\r\n                    <\/div>\r\n                                        <a class=\"btn btn_big\" aria-label=\"Sistema de apoyo al proveedor - Conoce m\u00e1s\" href=\"\/supply-chain-due-diligence\">Conoce m\u00e1s<\/a>\r\n                                    <\/div>\r\n                                <div class=\"feature_item center\">\r\n                                        <div class=\"feature_item_icon\">\r\n                        <img decoding=\"async\" src=\"https:\/\/www.achilles.com\/app\/uploads\/2025\/02\/Business-process-efficiencies-icon.png\" alt=\"Icon system cog and circular arrows\">\r\n                    <\/div>\r\n                                        <h3 class=\"feature_item_name\">Seguimiento continuo<\/h3>\r\n                                        <div class=\"typical_text middle_text\">\r\n                        <p>Achilles monitoriza de forma continua m\u00faltiples componentes individuales de riesgo y alerta a los clientes ante cualquier cambio que pueda afectar a su negocio.<\/p>\r\n                    <\/div>\r\n                                        <a class=\"btn btn_big\" aria-label=\"Seguimiento continuo - Conoce m\u00e1s\" href=\"\/supply-chain-due-diligence\">Conoce m\u00e1s<\/a>\r\n                                    <\/div>\r\n                            <\/div>\r\n                                <\/div>\r\n    <\/div>\r\n\n\n    <div class=\"content_section page_default_text\">\r\n        <div class=\"container\">\r\n            <article class=\"article_wrap\">\r\n                <div class=\"article_main\">\r\n                    <div class=\"typical_text\">\r\n                        <h2 style=\"text-align: center;\"><img loading=\"lazy\" decoding=\"async\" class=\"alignnone size-full wp-image-59341\" src=\"https:\/\/www.achilles.com\/app\/uploads\/2025\/02\/Network-structure-icon.png\" alt=\"Network structure icon\" width=\"100\" height=\"100\" \/><\/h2>\n<h2 style=\"text-align: center;\">El Efecto de Achilles Network<\/h2>\n<p style=\"text-align: center;\" data-start=\"33\" data-end=\"319\">Achilles Network conecta a compradores y proveedores en una plataforma compartida para gestionar el riesgo de forma m\u00e1s eficaz, eficiente y a escala.<br data-start=\"354\" data-end=\"357\" \/>A medida que m\u00e1s organizaciones se incorporan, el conocimiento colectivo crece, mejorando la visibilidad del riesgo, elevando los est\u00e1ndares de los proveedores y permitiendo respuestas m\u00e1s r\u00e1pidas ante posibles interrupciones.<\/p>\n<p style=\"text-align: center;\" data-start=\"597\" data-end=\"970\">Los proveedores completan una \u00fanica evaluaci\u00f3n v\u00e1lida para m\u00faltiples clientes, lo que reduce duplicidades y ahorra tiempo. Se trata de un modelo many-to-many que impulsa una validaci\u00f3n m\u00e1s profunda, una mayor resiliencia de la cadena de suministro y menores costes de aseguramiento, gracias al esfuerzo compartido entre las organizaciones participantes.<\/p>\n \r\n                    <\/div>\r\n                <\/div>\r\n            <\/article>\r\n        <\/div>\r\n    <\/div>\r\n\n\n    <div class=\"content_section page_default_text\">\r\n        <div class=\"container\">\r\n            <article class=\"article_wrap\">\r\n                <div class=\"article_main\">\r\n                    <div class=\"typical_text\">\r\n                        <h2 style=\"text-align: center;\"><img loading=\"lazy\" decoding=\"async\" class=\"alignnone size-full wp-image-60230\" src=\"https:\/\/www.achilles.com\/app\/uploads\/2025\/02\/Certificate-icon.png\" alt=\"Certificate icon\" width=\"100\" height=\"100\" \/><\/h2>\n<h2 style=\"text-align: center;\">M\u00e1s all\u00e1 de los datos: impacto real en la gesti\u00f3n del riesgo<\/h2>\n<p style=\"text-align: center;\" data-start=\"52\" data-end=\"251\">Achilles Network es un servicio impulsado por tecnolog\u00eda que va mucho m\u00e1s all\u00e1 de los datos en bruto y no verificados.<br data-start=\"358\" data-end=\"361\" \/>Validamos la informaci\u00f3n de los proveedores mediante revisiones documentales, verificaci\u00f3n de datos y un acompa\u00f1amiento activo, ayud\u00e1ndoles a cumplir con los requisitos definidos por cada cliente.<\/p>\n<p style=\"text-align: center;\" data-start=\"563\" data-end=\"758\">Se trata de una soluci\u00f3n din\u00e1mica y gestionada que permite a las organizaciones actuar, elevar los est\u00e1ndares y reducir el riesgo de forma efectiva en toda su base de proveedores.<\/p>\n \r\n                    <\/div>\r\n                <\/div>\r\n            <\/article>\r\n        <\/div>\r\n    <\/div>\r\n\n\n    <div class=\"content_section page_default_text\">\r\n        <div class=\"container\">\r\n            <article class=\"article_wrap\">\r\n                <div class=\"article_main\">\r\n                    <div class=\"typical_text\">\r\n                        <h2><img loading=\"lazy\" decoding=\"async\" class=\"alignnone size-full wp-image-59289 aligncenter\" src=\"https:\/\/www.achilles.com\/app\/uploads\/2025\/02\/Green-Energy-Power-icon.png\" alt=\"\" width=\"100\" height=\"100\" \/><\/h2>\n<h2 style=\"text-align: center;\">Evaluaci\u00f3n de riesgos adaptada a la criticidad del proveedor<\/h2>\n<p style=\"text-align: center;\" data-start=\"62\" data-end=\"236\">No todos los proveedores presentan el mismo nivel de riesgo ni requieren el mismo grado de evaluaci\u00f3n. Achilles aplica un enfoque escalonado, ajustando la profundidad del an\u00e1lisis de riesgos a la criticidad de cada proveedor.<\/p>\n<p style=\"text-align: center;\" data-start=\"471\" data-end=\"893\">Para la mayor\u00eda de los proveedores de la cola larga, el cribado digital eficiente proporciona la informaci\u00f3n esencial. Los proveedores cr\u00edticos o de mayor riesgo reciben evaluaciones reforzadas con validaci\u00f3n completa por parte de nuestro equipo de aseguramiento. En los casos de riesgo m\u00e1s elevado, realizamos revisiones documentales exhaustivas y auditor\u00edas in situ para ofrecer el m\u00e1ximo nivel de confianza.<\/p>\n<p style=\"text-align: center;\" data-start=\"895\" data-end=\"1096\">T\u00fa defines los umbrales de riesgo y los criterios de aceptaci\u00f3n. Achilles facilita la gesti\u00f3n de un programa de riesgos personalizado y escalable, adaptado a las necesidades de tu organizaci\u00f3n.<\/p>\n \r\n                    <\/div>\r\n                <\/div>\r\n            <\/article>\r\n        <\/div>\r\n    <\/div>\r\n\n\n    <div class=\"content_section page_default_text\">\r\n        <div class=\"container\">\r\n            <article class=\"article_wrap\">\r\n                <div class=\"article_main\">\r\n                    <div class=\"typical_text\">\r\n                        <h2><img loading=\"lazy\" decoding=\"async\" class=\"alignnone size-full wp-image-59354 aligncenter\" src=\"https:\/\/www.achilles.com\/app\/uploads\/2025\/02\/Puzzle-icon.png\" alt=\"Puzzle icon showing how different aspects of sustainability fit together\" width=\"100\" height=\"100\" \/><\/h2>\n<h2 class=\"wp-block-heading has-text-align-center\" style=\"text-align: center;\">8 componentes de un programa de gesti\u00f3n de riesgos de clase mundial<\/h2>\n<p style=\"text-align: center;\">A diferencia de otros proveedores que se centran en un \u00fanico \u00e1mbito, Achilles adopta una visi\u00f3n integral del riesgo de proveedores. Nuestros ocho m\u00f3dulos de riesgo cubren todos los dominios clave, desde ESG y riesgos financieros hasta cumplimiento normativo y otros factores cr\u00edticos.<\/p>\n<p style=\"text-align: center;\" data-start=\"545\" data-end=\"781\">Cada programa es configurable, lo que permite a los clientes priorizar lo m\u00e1s relevante en funci\u00f3n de la geograf\u00eda, el perfil de riesgo y el volumen de gasto, manteniendo una gesti\u00f3n del riesgo coherente y escalable.<\/p>\n<p><img loading=\"lazy\" decoding=\"async\" class=\"alignnone size-full wp-image-74003\" src=\"https:\/\/www.achilles.com\/app\/uploads\/2025\/06\/Risk-block-Network-and-Enterprise.png\" alt=\"\" width=\"1224\" height=\"540\" \/><\/p>\n<p>&nbsp;<\/p>\n \r\n                    <\/div>\r\n                <\/div>\r\n            <\/article>\r\n        <\/div>\r\n    <\/div>\r\n\n\n    <div class=\"content_section page_default_text\">\r\n        <div class=\"container\">\r\n            <article class=\"article_wrap\">\r\n                <div class=\"article_main\">\r\n                    <div class=\"typical_text\">\r\n                        <h2><img loading=\"lazy\" decoding=\"async\" class=\"alignnone size-full wp-image-60269 aligncenter\" src=\"https:\/\/www.achilles.com\/app\/uploads\/2025\/02\/Human-Rights-icon.png\" alt=\"Human Rights icon\" width=\"100\" height=\"100\" \/><\/h2>\n<h2 class=\"wp-block-heading has-text-align-center\" style=\"text-align: center;\">ESG preparado para resistir el escrutinio<\/h2>\n<p style=\"text-align: center;\">Lo que diferencia a Achilles es la profundidad y flexibilidad de su enfoque ESG. No se trata de un cuestionario gen\u00e9rico: es un m\u00f3dulo configurable, construido sobre datos reales y validados, que abarca desde los riesgos de esclavitud moderna y trata de personas hasta el impacto ambiental y la verificaci\u00f3n de diversidad.<\/p>\n<p style=\"text-align: center;\" data-start=\"565\" data-end=\"794\">Dise\u00f1ado para alinearse con los est\u00e1ndares de la OCDE y las expectativas regulatorias globales, proporciona la solidez, trazabilidad y visibilidad necesarias para una informaci\u00f3n no financiera cre\u00edble y auditable.<\/p>\n \r\n                    <\/div>\r\n                <\/div>\r\n            <\/article>\r\n        <\/div>\r\n    <\/div>\r\n\n\n    <div class=\"content_section page_default_text\">\r\n        <div class=\"container\">\r\n            <article class=\"article_wrap\">\r\n                <div class=\"article_main\">\r\n                    <div class=\"typical_text\">\r\n                        <h2><img loading=\"lazy\" decoding=\"async\" class=\"size-full wp-image-59250 aligncenter\" src=\"https:\/\/www.achilles.com\/app\/uploads\/2025\/02\/Credentials-icon.png\" alt=\"Credentials Prequalify icon\" width=\"100\" height=\"100\" \/><\/h2>\n<h2 class=\"wp-block-heading has-text-align-center\" style=\"text-align: center;\">Salud y seguridad sin fronteras<\/h2>\n<p class=\"wp-block-heading has-text-align-center\" style=\"text-align: center;\">Con m\u00e1s de 30 a\u00f1os de experiencia en salud, seguridad y medio ambiente, Achilles ofrece un programa de salud y seguridad verdaderamente global, dise\u00f1ado para responder a las exigencias de cadenas de suministro internacionales, no solo a contextos locales.<\/p>\n<p style=\"text-align: center;\" data-start=\"482\" data-end=\"674\">Este programa constituye un pilar fundamental de nuestro enfoque integral de gesti\u00f3n de riesgos, junto con ESG, ciberseguridad, estabilidad financiera y otros \u00e1mbitos cr\u00edticos.<\/p>\n \r\n                    <\/div>\r\n                <\/div>\r\n            <\/article>\r\n        <\/div>\r\n    <\/div>\r\n\n\n    <div class=\"content_section page_default_text\">\r\n        <div class=\"container\">\r\n            <article class=\"article_wrap\">\r\n                <div class=\"article_main\">\r\n                    <div class=\"typical_text\">\r\n                        <h2 style=\"text-align: center;\"><img loading=\"lazy\" decoding=\"async\" class=\"alignnone size-full wp-image-60613\" src=\"https:\/\/www.achilles.com\/app\/uploads\/2025\/02\/excellence-icon.png\" alt=\"rosette icon showing excellence\" width=\"100\" height=\"100\" \/><\/h2>\n<h2 style=\"text-align: center;\">Impulsado por IA, liderado por expertos<\/h2>\n<p style=\"text-align: center;\">Achilles es una compa\u00f1\u00eda de gesti\u00f3n de riesgos impulsada por tecnolog\u00eda, pero no dependemos \u00fanicamente de la automatizaci\u00f3n. Nuestras capacidades de inteligencia artificial propias est\u00e1n integradas en toda la plataforma; sin embargo, lo que realmente nos diferencia es la combinaci\u00f3n de esta tecnolog\u00eda con m\u00e1s de 30 a\u00f1os de experiencia sectorial y un equipo global presente en m\u00e1s de 20 pa\u00edses.<\/p>\n<p style=\"text-align: center;\" data-start=\"624\" data-end=\"830\">Este equilibrio entre tecnolog\u00eda avanzada y criterio humano es lo que hace que Achilles Network sea una soluci\u00f3n potente, pr\u00e1ctica y fiable para la gesti\u00f3n del riesgo en la cadena de suministro.<\/p>\n \r\n                    <\/div>\r\n                <\/div>\r\n            <\/article>\r\n        <\/div>\r\n    <\/div>\r\n\n\n    <div class=\"content_section page_default_text\">\r\n        <div class=\"container\">\r\n            <article class=\"article_wrap\">\r\n                <div class=\"article_main\">\r\n                    <div class=\"typical_text\">\r\n                        <h2><img loading=\"lazy\" decoding=\"async\" class=\"alignnone size-full wp-image-59567 aligncenter\" src=\"https:\/\/www.achilles.com\/app\/uploads\/2025\/02\/Credibility-Trust-icon-on-white-block.png\" alt=\"Credibility Trust icon on white block\" width=\"100\" height=\"100\" \/><\/h2>\n<h2 class=\"wp-block-heading has-text-align-center\" style=\"text-align: center;\">Opciones de precios<\/h2>\n<p style=\"text-align: center;\">Los programas de gesti\u00f3n del riesgo de proveedores de Achilles pueden financiarse principalmente por los proveedores, por el cliente, o mediante un modelo mixto.<br data-start=\"372\" data-end=\"375\" \/>La elecci\u00f3n del modelo de financiaci\u00f3n queda en manos del cliente, en funci\u00f3n de sus objetivos, estructura y estrategia de gesti\u00f3n del riesgo.<\/p>\n \r\n                    <\/div>\r\n                <\/div>\r\n            <\/article>\r\n        <\/div>\r\n    <\/div>\r\n\n\n    <div class=\"content_section page_default_text\">\r\n        <div class=\"container\">\r\n            <article class=\"article_wrap\">\r\n                <div class=\"article_main\">\r\n                    <div class=\"typical_text\">\r\n                        <h2><img loading=\"lazy\" decoding=\"async\" class=\"alignnone size-full wp-image-69271 aligncenter\" src=\"https:\/\/www.achilles.com\/app\/uploads\/2025\/05\/globe-icon-2.png\" alt=\"an icon of two people shaking hands with a check mark in the middle\" width=\"100\" height=\"100\" \/><\/h2>\n<h2 class=\"wp-block-heading has-text-align-center\" style=\"text-align: center;\">Nuestro Equipo<\/h2>\n<p style=\"text-align: center;\">El equipo de profesionales de Achilles est\u00e1 presente en m\u00e1s de 20 pa\u00edses, habla 37 idiomas y est\u00e1 plenamente comprometido con garantizar que cada programa de nuestros clientes cuente con el soporte necesario para operar con la m\u00e1xima eficiencia.<\/p>\n<p style=\"text-align: center;\" data-start=\"449\" data-end=\"796\">Nuestro equipo de implementaci\u00f3n trabaja junto a cada cliente para asegurar un onboarding fluido, minimizando el tiempo y los recursos internos requeridos. Adem\u00e1s, nuestros equipos de validaci\u00f3n, auditor\u00eda, gesti\u00f3n de cuentas y mesa de ayuda est\u00e1n disponibles para ofrecer soporte continuo, tanto a clientes como a sus proveedores.<\/p>\n \r\n                    <\/div>\r\n                <\/div>\r\n            <\/article>\r\n        <\/div>\r\n    <\/div>\r\n\n\n    <div class=\"content_section page_default_text\">\r\n        <div class=\"container\">\r\n            <article class=\"article_wrap\">\r\n                <div class=\"article_main\">\r\n                    <div class=\"typical_text\">\r\n                        <h2 class=\"wp-block-heading has-text-align-center\" style=\"text-align: center;\"><img loading=\"lazy\" decoding=\"async\" class=\"alignnone size-full wp-image-70639\" src=\"https:\/\/www.achilles.com\/app\/uploads\/2025\/05\/EXPERT-icon-1.png\" alt=\"\" width=\"100\" height=\"100\" \/><\/h2>\n<h2 class=\"wp-block-heading has-text-align-center\" style=\"text-align: center;\">Resumen<\/h2>\n<p style=\"text-align: center;\">La soluci\u00f3n Achilles Network\u00a0ha transformado la forma en que las organizaciones gestionan el riesgo de proveedores. Nuestros programas, impulsados por tecnolog\u00eda, permiten gestionar de manera proactiva los riesgos operativos mediante la monitorizaci\u00f3n en tiempo real de proveedores, basada en datos validados.<\/p>\n<p style=\"text-align: center;\" data-start=\"529\" data-end=\"808\">Adem\u00e1s, el modelo Network permite compartir recursos y costes entre m\u00faltiples organizaciones, optimizando el esfuerzo de aseguramiento. Achilles ofrece as\u00ed una soluci\u00f3n externalizada esencial que reduce tiempos y costes de cumplimiento para empresas de todo el mundo.<\/p>\n \r\n                    <\/div>\r\n                <\/div>\r\n            <\/article>\r\n        <\/div>\r\n    <\/div>\r\n\n\n    <div class=\"request_section\" id=\"NetworkDifferenceform\">\r\n        <div class=\"contact_bg\">\r\n                        <img decoding=\"async\" src=\"https:\/\/www.achilles.com\/app\/uploads\/2025\/05\/UmbrellasGREENjpg.jpg\" alt=\"A cluster of green umbrellas\">\r\n                    <\/div>\r\n        <div class=\"container\">\r\n            <div class=\"request_inner\">\r\n                                <div class=\"request_wrapper\">\r\n                <h2 class=\"title_section\">Toma el control del riesgo de proveedores con visibilidad en tiempo real, cumplimiento simplificado y decisiones m\u00e1s inteligentes.<\/h2>\r\n                <\/div>\r\n                                <div class=\"request_box\">\r\n                                        <h5 class=\"contact_content_subtitle\">Habla con nosotros<\/h5>\r\n                    <script charset=\"utf-8\" type=\"text\/javascript\" src=\"\/\/js.hsforms.net\/forms\/embed\/v2.js\"><\/script>\r\n<script>\r\n  hbspt.forms.create({\r\n    portalId: \"5387762\",\r\n    formId: \"3354ee4e-a554-4ea7-9a18-3d2d39739a6e\",\r\n    region: \"na1\"\r\n  });\r\n<\/script>                <\/div>\r\n            <\/div>\r\n        <\/div>\r\n    <\/div>\r\n\r\n","protected":false},"excerpt":{"rendered":"","protected":false},"author":2,"featured_media":0,"parent":0,"menu_order":0,"comment_status":"closed","ping_status":"closed","template":"","meta":{"_acf_changed":true,"content-type":"","footnotes":""},"class_list":["post-76835","page","type-page","status-publish","hentry"],"acf":[],"_links":{"self":[{"href":"https:\/\/www.achilles.com\/es\/wp-json\/wp\/v2\/pages\/76835","targetHints":{"allow":["GET"]}}],"collection":[{"href":"https:\/\/www.achilles.com\/es\/wp-json\/wp\/v2\/pages"}],"about":[{"href":"https:\/\/www.achilles.com\/es\/wp-json\/wp\/v2\/types\/page"}],"author":[{"embeddable":true,"href":"https:\/\/www.achilles.com\/es\/wp-json\/wp\/v2\/users\/2"}],"replies":[{"embeddable":true,"href":"https:\/\/www.achilles.com\/es\/wp-json\/wp\/v2\/comments?post=76835"}],"version-history":[{"count":0,"href":"https:\/\/www.achilles.com\/es\/wp-json\/wp\/v2\/pages\/76835\/revisions"}],"wp:attachment":[{"href":"https:\/\/www.achilles.com\/es\/wp-json\/wp\/v2\/media?parent=76835"}],"curies":[{"name":"wp","href":"https:\/\/api.w.org\/{rel}","templated":true}]}}