{"id":69931,"date":"2025-05-20T12:28:37","date_gmt":"2025-05-20T11:28:37","guid":{"rendered":"https:\/\/www.achilles.com\/csrd\/"},"modified":"2026-01-13T16:22:34","modified_gmt":"2026-01-13T16:22:34","slug":"csrd","status":"publish","type":"page","link":"https:\/\/www.achilles.com\/es\/csrd\/","title":{"rendered":"CSRD"},"content":{"rendered":"    <div class=\"top_section\">\n        <div class=\"container\">\n            <div class=\"top_info\">\n                                    <h1 class=\"top_title\">CSRD (Directiva sobre informes de sostenibilidad corporativa)<\/h1>\n                                    <div class=\"top_text\">\n                        <p><span class=\"NormalTextRun SCXW111111797 BCX0\">La CSRD redefine c\u00f3mo las empresas deben reportar su desempe\u00f1o en sostenibilidad.\u00a0<\/span><span class=\"NormalTextRun SpellingErrorV2Themed SCXW111111797 BCX0\">Achilles<\/span><span class=\"NormalTextRun SCXW111111797 BCX0\">\u00a0te ayuda a recopilar, validar y estructurar la informaci\u00f3n ESG de tu cadena de suministro con datos fiables y trazables.<\/span><\/p>\n                    <\/div>\n                                    <div class=\"top_buttons\">\n                                                    <a class=\"btn btn_big\" href=\"#CSRDForm\">Habla con un experto<\/a>\n                                            <\/div>\n                            <\/div>\n        <\/div>\n        <div class=\"top_media\">\n\t\t\t            <img decoding=\"async\" src=\"https:\/\/www.achilles.com\/app\/uploads\/2023\/07\/AdobeStock_597633716-scaled-1.jpeg\" alt=\"\">\n                    <\/div>\n    <\/div>\n\n\n            <div class=\"content_section bg_grey\">\r\n            <div class=\"container\">\r\n                <div class=\"content_wrap right\">\r\n                    <div class=\"content_info ogo2\">\r\n                                                <h2 class=\"title_page\">\u00bfQu\u00e9 es la CSRD?<\/h2>\r\n                                                <div class=\"typical_text\">\r\n                            <p><span data-contrast=\"auto\">La Directiva sobre informes de sostenibilidad corporativa\u00a0(CSRD) establece la obligaci\u00f3n para determinadas empresas de reportar informaci\u00f3n de sostenibilidad de forma fiable, verificable y trazable, siguiendo los\u00a0<\/span><a href=\"https:\/\/www.efrag.org\/en\/sustainability-reporting\/esrs-workstreams\"><span data-contrast=\"none\">European Sustainability Reporting Standards (ESRS).<\/span><\/a><span data-ccp-props=\"{}\">\u00a0<\/span><\/p>\n<p><span data-contrast=\"auto\">La CSRD ampl\u00eda el alcance y el nivel de exigencia del\u00a0reporting\u00a0ESG, incorporando informaci\u00f3n detallada sobre impactos, riesgos y oportunidades, incluidos aquellos relacionados con la cadena de valor y los proveedores.<\/span><span data-ccp-props=\"{}\">\u00a0<\/span><\/p>\n                        <\/div>\r\n                                                <a class=\"btn btn_big\" href=\"https:\/\/www.achilles.com\/es\/informacion-sectorial\/la-directiva-de-la-ue-sobre-memorias-de-sostenibilidad-de-las-empresas-como-afecta-a-las-empresas-de-todo-el-mundo\/\">Inf\u00f3rmate de c\u00f3mo afecta la CSRD a tu empresa<\/a>\r\n                                            <\/div>\r\n\t\t\t\t\t\t\t\t\t\t\r\n                                        <div class=\"content_media\">\r\n                        <img decoding=\"async\" src=\"https:\/\/www.achilles.com\/app\/uploads\/2025\/05\/CSRD-3.png\" width=\"400\" alt=\"European flag with CSRD legislation written at centre\">\r\n                    <\/div>\r\n                                    <\/div>\r\n            <\/div>\r\n        <\/div>\r\n    \n\n            <div class=\"content_section\">\r\n            <div class=\"container\">\r\n                                <div class=\"content_wrap align_vertical\">\r\n                    <div class=\"content_info ogo\">\r\n                                                <h2 class=\"title_section\">\u00bfA qui\u00e9n aplica la CSRD tras el paquete \u00d3mnibus?<\/h2>\r\n                                                <div class=\"typical_text\">\r\n                            <p><span data-contrast=\"auto\">Tras la aprobaci\u00f3n por parte del Parlamento Europeo del texto definitivo del paquete \u00d3mnibus, la CSRD aplicar\u00e1 \u00fanicamente a un grupo m\u00e1s reducido de empresas. La obligaci\u00f3n de reportar informaci\u00f3n de sostenibilidad se limita ahora a aquellas organizaciones que cumplan simult\u00e1neamente los siguientes criterios:<\/span><span data-ccp-props=\"{}\">\u00a0<\/span><\/p>\n<ul>\n<li aria-setsize=\"-1\" data-leveltext=\"\uf0b7\" data-font=\"Symbol\" data-listid=\"8\" data-list-defn-props=\"{&quot;335552541&quot;:1,&quot;335559685&quot;:720,&quot;335559991&quot;:360,&quot;469769226&quot;:&quot;Symbol&quot;,&quot;469769242&quot;:[8226],&quot;469777803&quot;:&quot;left&quot;,&quot;469777804&quot;:&quot;\uf0b7&quot;,&quot;469777815&quot;:&quot;multilevel&quot;}\" data-aria-posinset=\"1\" data-aria-level=\"1\"><span data-contrast=\"auto\">M\u00e1s de 1.000\u00a0empleados, y<\/span><span data-ccp-props=\"{}\">\u00a0<\/span><\/li>\n<\/ul>\n<ul>\n<li aria-setsize=\"-1\" data-leveltext=\"\uf0b7\" data-font=\"Symbol\" data-listid=\"8\" data-list-defn-props=\"{&quot;335552541&quot;:1,&quot;335559685&quot;:720,&quot;335559991&quot;:360,&quot;469769226&quot;:&quot;Symbol&quot;,&quot;469769242&quot;:[8226],&quot;469777803&quot;:&quot;left&quot;,&quot;469777804&quot;:&quot;\uf0b7&quot;,&quot;469777815&quot;:&quot;multilevel&quot;}\" data-aria-posinset=\"2\" data-aria-level=\"1\"><span data-contrast=\"auto\">M\u00e1s de 450 millones de euros de facturaci\u00f3n anual<\/span><span data-ccp-props=\"{}\">\u00a0<\/span><\/li>\n<\/ul>\n<p><span data-contrast=\"auto\">Quedan fuera del \u00e1mbito obligatorio las pymes cotizadas, as\u00ed como la mayor\u00eda de las peque\u00f1as y medianas empresas. Para la aplicaci\u00f3n de la directiva CSRD las empresas deber\u00e1n reportar en el a\u00f1o 2028 sobre el ejercicio 2027, seg\u00fan los est\u00e1ndares europeos ESRS.<\/span><span data-ccp-props=\"{}\">\u00a0<\/span><\/p>\n                        <\/div>\r\n                                            <\/div>\r\n                                        <div class=\"content_media\">\r\n                        <img decoding=\"async\" src=\"https:\/\/www.achilles.com\/app\/uploads\/2026\/01\/Diseno-sin-titulo-53.png\" alt=\"\">\r\n                    <\/div>\r\n                                    <\/div>\r\n                            <\/div>\r\n        <\/div>\r\n    \n\n    <div class=\"content_section bg_grey\">\r\n        <div class=\"container\">\r\n                        <div class=\"description_section big\">\r\n                                <h2 class=\"title_section\">\u00bfC\u00f3mo ayuda Achilles a cumplir con la CSRD?<\/h2>\r\n                                <div class=\"typical_text middle_text\">\r\n                    <p style=\"text-align: left;\"><span data-contrast=\"auto\">La CSRD exige a las empresas reportar informaci\u00f3n ESG fiable, verificable y trazable. Para cumplir con estos requisitos, no basta con elaborar un informe: es necesario contar con datos s\u00f3lidos, procesos de validaci\u00f3n y una plataforma que permita estructurar y gestionar el\u00a0reporting\u00a0conforme a los ESRS.<\/span><span data-ccp-props=\"{}\">\u00a0<\/span><\/p>\n<p style=\"text-align: left;\"><span data-contrast=\"auto\">Achilles\u00a0apoya a las organizaciones en todo este proceso, desde la recopilaci\u00f3n del dato hasta la preparaci\u00f3n del\u00a0reporting\u00a0CSRD.<\/span><\/p>\n                <\/div>\r\n                            <\/div>\r\n                                    <div class=\"features_wrap\">\r\n                                <div class=\"feature_item center\">\r\n                                        <div class=\"feature_item_icon\">\r\n                        <img decoding=\"async\" src=\"https:\/\/www.achilles.com\/app\/uploads\/2025\/03\/geopolitical-icon-2.png\" alt=\"construction document icon\">\r\n                    <\/div>\r\n                                        <h3 class=\"feature_item_name\">Recopilaci\u00f3n y validaci\u00f3n de datos ESG de la cadena de suministro <\/h3>\r\n                                        <div class=\"typical_text middle_text\">\r\n                        <p>Achilles ayuda a las empresas a obtener informaci\u00f3n ESG de sus proveedores de forma estructurada y escalable mediante cuestionarios, programas de desarrollo de proveedores y auditor\u00edas, tanto remotas como presenciales, que aportan un nivel adicional de verificaci\u00f3n y evidencia objetiva. <\/p>\r\n                    <\/div>\r\n                                        <a class=\"btn btn_big\" aria-label=\"Recopilaci\u00f3n y validaci\u00f3n de datos ESG de la cadena de suministro  - Auditor\u00edas in situ\" href=\"#CSRDForm\">Auditor\u00edas in situ<\/a>\r\n                                    <\/div>\r\n                                <div class=\"feature_item center\">\r\n                                        <div class=\"feature_item_icon\">\r\n                        <img decoding=\"async\" src=\"https:\/\/www.achilles.com\/app\/uploads\/2025\/08\/real-world-sSupplier-documentation-icon.png\" alt=\"Icon showing third party data feeds into the Achilles system\">\r\n                    <\/div>\r\n                                        <h3 class=\"feature_item_name\">Visibilidad, trazabilidad y an\u00e1lisis con Achilles Analytics <\/h3>\r\n                                        <div class=\"typical_text middle_text\">\r\n                        <p>Toda la informaci\u00f3n recopilada se consolida y visualiza en Achilles Analytics, ofreciendo a los equipos de sostenibilidad y compras una visi\u00f3n estructurada y reutilizable para reporting y toma de decisiones.  <\/p>\r\n                    <\/div>\r\n                                        <a class=\"btn btn_big\" aria-label=\"Visibilidad, trazabilidad y an\u00e1lisis con Achilles Analytics  - Achilles Analytics\" href=\"https:\/\/www.achilles.com\/es\/analisis-e-informes\/\">Achilles Analytics<\/a>\r\n                                    <\/div>\r\n                                <div class=\"feature_item center\">\r\n                                        <div class=\"feature_item_icon\">\r\n                        <img decoding=\"async\" src=\"https:\/\/www.achilles.com\/app\/uploads\/2025\/02\/Network-structure-icon.png\" alt=\"Network structure icon\">\r\n                    <\/div>\r\n                                        <h3 class=\"feature_item_name\">Comply360: una plataforma dise\u00f1ada para cumplir con la CSRD <\/h3>\r\n                                        <div class=\"typical_text middle_text\">\r\n                        <p>Para dar un paso m\u00e1s en la gesti\u00f3n del cumplimiento normativo, Achilles ofrece Comply360, una plataforma espec\u00edficamente dise\u00f1ada para ayudar a las empresas a preparar, gestionar y mantener su reporting conforme a legislaciones como la CSRD. <\/p>\r\n                    <\/div>\r\n                                        <a class=\"btn btn_big\" aria-label=\"Comply360: una plataforma dise\u00f1ada para cumplir con la CSRD  - Comply360\" href=\"https:\/\/www.achilles.com\/es\/achilles-comply360\/\">Comply360<\/a>\r\n                                    <\/div>\r\n                            <\/div>\r\n                                <\/div>\r\n    <\/div>\r\n\n\n            <div class=\"content_section\">\r\n            <div class=\"container\">\r\n                <div class=\"content_wrap align_vertical\">\r\n                    <div class=\"content_info ogo2\">\r\n                                                <p class=\"title_category\">Grupo de LinkedIn<\/p>\r\n                                                <h2 class=\"title_page\">Comunidad sobre CSDDD y CSRD<\/h2>\r\n                                                <div class=\"typical_text\">\r\n                            <p data-start=\"932\" data-end=\"1075\">Mantente al d\u00eda de la CSDDD y la CSRD, comparte experiencias y aprende de otros profesionales de compras, compliance y sostenibilidad.<\/p>\n<p data-start=\"1082\" data-end=\"1251\">En este grupo analizamos novedades regulatorias, buenas pr\u00e1cticas y casos reales para ayudarte a tomar mejores decisiones en tu cadena de suministro.<\/p>\n                        <\/div>\r\n                                                <a class=\"btn btn_big\" href=\"https:\/\/www.linkedin.com\/groups\/9558545\/\">\u00danete a la comunidad<\/a>\r\n                                            <\/div>\r\n\t\t\t\t\t\t\t\t\t\t\r\n                                        <div class=\"content_media\">\r\n                        <img decoding=\"async\" src=\"https:\/\/www.achilles.com\/app\/uploads\/2026\/01\/ChatGPT-Image-7-ene-2026-12_48_12.png\" alt=\"\">\r\n                    <\/div>\r\n                                    <\/div>\r\n            <\/div>\r\n        <\/div>\r\n    \n\n            <div class=\"hero_section\">\r\n           <div class=\"hero_media\">\r\n                                <img decoding=\"async\" src=\"https:\/\/www.achilles.com\/app\/uploads\/2026\/01\/Diseno-sin-titulo-51.png\" alt=\"\">\r\n                            <\/div>\r\n            <div class=\"container\">\r\n                <div class=\"hero_wrapper\">\r\n                    <div class=\"hero_info\">\r\n                                                <h2 class=\"title_section\">Gu\u00eda gratuita<\/h2>\r\n                                                <h5 class=\"title_small\">Tu gu\u00eda completa sobre la CSRD<\/h5>\r\n                                                <div class=\"typical_text middle_text\">\r\n                            <p>Descarga tu gu\u00eda completa sobre la CSRD. La gu\u00eda se est\u00e1 actualizando actualmente para reflejar los \u00faltimos avances.\r\n<\/p>\r\n                        <\/div>\r\n                                                <div class=\"content_buttons\">\r\n                                                        <a class=\"btn btn_big btn_white\" aria-label=\" - Descargar gu\u00eda\" href=\"https:\/\/share.hsforms.com\/1L59wS5wvTRa05FZkdf-aWQ37h82\">Descargar gu\u00eda<\/a>\r\n                                                    <\/div>\r\n                                            <\/div>\r\n                <\/div>\r\n            <\/div>\r\n        <\/div>\r\n    \n\n            <div class=\"content_section\">\r\n            <div class=\"container\">\r\n                <div class=\"content_wrap\">\r\n                    <div class=\"content_info ogo2\">\r\n                                                <h2 class=\"title_page\">Introducci\u00f3n a la Doble Materialidad en la CSRD<\/h2>\r\n                                                <div class=\"typical_text\">\r\n                            <p>La sostenibilidad est\u00e1 ganando protagonismo en la agenda corporativa \u2014 y con regulaciones como la CSRD, las empresas deben demostrar que entienden no solo c\u00f3mo el mundo las afecta, sino tambi\u00e9n c\u00f3mo ellas afectan al mundo. Una evaluaci\u00f3n de materialidad ayuda a identificar los asuntos que m\u00e1s importan. Este blog explora c\u00f3mo la doble materialidad va m\u00e1s all\u00e1, equilibrando el riesgo financiero con el impacto social y ambiental m\u00e1s amplio.<\/p>\n                        <\/div>\r\n                                                <a class=\"btn btn_big\" href=\"\/es\/informacion-sectorial\/doble-materialidad-sostenibilidad-corporativa\/\">M\u00e1s informaci\u00f3n<\/a>\r\n                                            <\/div>\r\n\t\t\t\t\t\t\t\t\t\t\r\n                                        <div class=\"content_media\">\r\n                        <img decoding=\"async\" src=\"https:\/\/www.achilles.com\/app\/uploads\/2025\/05\/Double-materiality-ESG.png\" width=\"400\" alt=\"Infographic representing sustainable business\">\r\n                    <\/div>\r\n                                    <\/div>\r\n            <\/div>\r\n        <\/div>\r\n    \n\n            <div class=\"content_section bg_grey\">\r\n            <div class=\"container\">\r\n                <div class=\"content_wrap right\">\r\n                    <div class=\"content_info ogo2\">\r\n                                                <p class=\"title_category\">GU\u00cdA<\/p>\r\n                                                <h2 class=\"title_page\">Tu gu\u00eda de los est\u00e1ndares tem\u00e1ticos de la CSRD<\/h2>\r\n                                                <div class=\"typical_text\">\r\n                            <p>La CSRD consta de 12 est\u00e1ndares: dos est\u00e1ndares transversales (ESRS 1 y ESRS 2) y diez est\u00e1ndares espec\u00edficos por temas que abarcan \u00e1reas de medio ambiente, social y gobernanza. Dentro de los diez est\u00e1ndares espec\u00edficos por tema, hay tres que se enfocan de manera m\u00e1s intensa en el <a href=\"https:\/\/www.achilles.com\/es\/cumplimiento-cadena-de-suministro\/\">reporte de la cadena de valor.<\/a> Aqu\u00ed ofrecemos un resumen \u00fatil de cada uno de ellos.<\/p>\n                        <\/div>\r\n                                                <a class=\"btn btn_big\" href=\"\/es\/informacion-sectorial\/introduccion-a-las-nuevas-normas-de-la-ue-utilizadas-en-la-directiva-de-informes-de-sostenibilidad-empresarial-csrd\/\">Leer<\/a>\r\n                                            <\/div>\r\n\t\t\t\t\t\t\t\t\t\t\r\n                                        <div class=\"content_media\">\r\n                        <img decoding=\"async\" src=\"https:\/\/www.achilles.com\/app\/uploads\/2025\/05\/ESG-image-no-background.png\" width=\"400\" alt=\"ESG letters\">\r\n                    <\/div>\r\n                                    <\/div>\r\n            <\/div>\r\n        <\/div>\r\n    \n\n    <div class=\"content_section\">\r\n        <div class=\"container\">\r\n                        <div class=\"posts_panel\">\r\n                <div class=\"description_section\">\r\n                                        <p class=\"title_category\">SELECCIONADO PARA TI<\/p>\r\n                     \r\n                    <h2 class=\"title_section\">Las \u00faltimas noticias<\/h2>\r\n                                    <\/div>\r\n                            <\/div>\r\n                                    <div class=\"posts_wrap\">\r\n                                <div class=\"post_item\">\r\n                    <div class=\"post_item_top\">\r\n                                                <a class=\"post_item_img\" href=\"https:\/\/www.achilles.com\/es\/informacion-sectorial\/de-it-a-compras-nis2-riesgo-ciberseguridad\/\">\r\n                            <img decoding=\"async\" src=\"https:\/\/www.achilles.com\/app\/uploads\/2023\/07\/Cybersecurity.jpg\" alt=\"De IT a compras: c\u00f3mo NIS2 redefine la gesti\u00f3n del riesgo en la cadena de suministro\">\r\n                        <\/a>\r\n                                                <ul class=\"post_item_categories\">\r\n                                                        <li>Art\u00edculos<\/li>\r\n                                                        <li>Informaci\u00f3n sectorial<\/li>\r\n                                                    <\/ul>\r\n                    <\/div>\r\n                    <a class=\"post_item_name\" href=\"https:\/\/www.achilles.com\/es\/informacion-sectorial\/de-it-a-compras-nis2-riesgo-ciberseguridad\/\">De IT a compras: c\u00f3mo NIS2 redefine la gesti\u00f3n del riesgo en la cadena de suministro<\/a>\r\n                <\/div>\r\n                                <div class=\"post_item\">\r\n                    <div class=\"post_item_top\">\r\n                                                <a class=\"post_item_img\" href=\"https:\/\/www.achilles.com\/es\/informacion-sectorial\/accenture-espana\/\">\r\n                            <img decoding=\"async\" src=\"https:\/\/www.achilles.com\/app\/uploads\/2026\/04\/Copia-de-Email-banners-9-1.png\" alt=\"Accenture Espa\u00f1a: c\u00f3mo transformar la complejidad del cumplimiento en una ventaja competitiva\">\r\n                        <\/a>\r\n                                                <ul class=\"post_item_categories\">\r\n                                                        <li>Art\u00edculos<\/li>\r\n                                                        <li>Casos de \u00e9xito<\/li>\r\n                                                        <li>Informaci\u00f3n sectorial<\/li>\r\n                                                    <\/ul>\r\n                    <\/div>\r\n                    <a class=\"post_item_name\" href=\"https:\/\/www.achilles.com\/es\/informacion-sectorial\/accenture-espana\/\">Accenture Espa\u00f1a: c\u00f3mo transformar la complejidad del cumplimiento en una ventaja competitiva<\/a>\r\n                <\/div>\r\n                                <div class=\"post_item\">\r\n                    <div class=\"post_item_top\">\r\n                                                <a class=\"post_item_img\" href=\"https:\/\/www.achilles.com\/es\/informacion-sectorial\/lanzamiento-comunidad-banking-insurance\/\">\r\n                            <img decoding=\"async\" src=\"https:\/\/www.achilles.com\/app\/uploads\/2026\/04\/Banner-Achilles-Day-1-1.png\" alt=\"Achilles lanza una comunidad especializada en Banking &amp; Insurance para reforzar la gesti\u00f3n de proveedores en el sector financiero\">\r\n                        <\/a>\r\n                                                <ul class=\"post_item_categories\">\r\n                                                        <li>Informaci\u00f3n sectorial<\/li>\r\n                                                        <li>Notas de prensa<\/li>\r\n                                                    <\/ul>\r\n                    <\/div>\r\n                    <a class=\"post_item_name\" href=\"https:\/\/www.achilles.com\/es\/informacion-sectorial\/lanzamiento-comunidad-banking-insurance\/\">Achilles lanza una comunidad especializada en Banking &amp; Insurance para reforzar la gesti\u00f3n de proveedores en el sector financiero<\/a>\r\n                <\/div>\r\n                            <\/div>\r\n                    <\/div>\r\n    <\/div>\r\n\n\n    <div class=\"content_section page_default_text\">\r\n        <div class=\"container\">\r\n            <article class=\"article_wrap\">\r\n                <div class=\"article_main\">\r\n                    <div class=\"typical_text\">\r\n                        <p><strong>FAQs<\/strong><\/p>\n<p><strong>1. \u00bfC\u00f3mo s\u00e9 si mi empresa est\u00e1 obligada a cumplir con la directiva CSRD?<\/strong><\/p>\n<p>Tras la aprobaci\u00f3n del paquete \u00d3mnibus por el Parlamento Europeo, la directiva CSRD ser\u00e1 obligatoria \u00fanicamente para empresas con m\u00e1s de 1.000 empleados y 450 millones de euros de facturaci\u00f3n anual. La aplicaci\u00f3n comienza en enero de 2027. Las pymes cotizadas quedan fuera del \u00e1mbito obligatorio.<\/p>\n<p><strong>2. Si mi empresa queda fuera del alcance legal, \u00bftengo que hacer algo igualmente?<\/strong><\/p>\n<p>Aunque no est\u00e9s obligada por la directiva CSRD, muchas empresas seguir\u00e1n recibiendo solicitudes de informaci\u00f3n ESG por parte de clientes, entidades financieras e inversores que s\u00ed est\u00e1n sujetos a la directiva. En la pr\u00e1ctica, la directiva CSRD seguir\u00e1 impactando a gran parte de la cadena de suministro.<\/p>\n<p><strong>3. \u00bfQu\u00e9 tipo de informaci\u00f3n exige la directiva CSRD?<\/strong><\/p>\n<p>La directiva CSRD exige reportar informaci\u00f3n ESG fiable, verificable y trazable, conforme a los European Sustainability Reporting Standards (ESRS). Esto incluye datos sobre impactos, riesgos y oportunidades, as\u00ed como informaci\u00f3n relevante sobre la cadena de valor y los proveedores.<\/p>\n<p><strong>4. \u00bfQu\u00e9 papel juega la cadena de suministro en la directiva CSRD?<\/strong><\/p>\n<p>La cadena de suministro es clave para el reporting CSRD. Diversas m\u00e9tricas exigidas por los ESRS dependen de informaci\u00f3n procedente de proveedores, especialmente en \u00e1mbitos ambientales y sociales. Sin datos fiables de la cadena de valor, el cumplimiento de la directiva CSRD resulta complejo.<\/p>\n<p><strong>5. \u00bfLa informaci\u00f3n de proveedores debe estar verificada?<\/strong><\/p>\n<p>La directiva CSRD pone un fuerte \u00e9nfasis en la calidad y fiabilidad del dato. La validaci\u00f3n de la informaci\u00f3n mediante controles documentales, procesos internos o auditor\u00edas ESG aporta credibilidad al reporting y facilita los procesos de verificaci\u00f3n externa.<\/p>\n<p><strong>6. \u00bfC\u00f3mo puede ayudar Achilles a cumplir con la directiva CSRD?<\/strong><\/p>\n<p>Achilles ayuda a las empresas a cumplir con la directiva CSRD mediante la recopilaci\u00f3n y validaci\u00f3n de datos ESG de proveedores, auditor\u00edas y programas de desarrollo, visibilidad y an\u00e1lisis de la informaci\u00f3n a trav\u00e9s de Achilles Analytics, y la gesti\u00f3n estructurada del reporting conforme a los ESRS mediante la plataforma Comply360.<\/p>\n \r\n                    <\/div>\r\n                <\/div>\r\n            <\/article>\r\n        <\/div>\r\n    <\/div>\r\n\n\n    <div class=\"request_section\" id=\"CSRDForm\">\r\n        <div class=\"contact_bg\">\r\n                        <img decoding=\"async\" src=\"https:\/\/www.achilles.com\/app\/uploads\/2023\/12\/AdobeStock_75936736-scaled.jpeg\" alt=\"6 European flags flying at full mast in front of  headquarters of European commission in Brussels on a summer day.\">\r\n                    <\/div>\r\n        <div class=\"container\">\r\n            <div class=\"request_inner\">\r\n                                <div class=\"request_wrapper\">\r\n                <h2 class=\"title_section\">M\u00e1s informaci\u00f3n<\/h2>\r\n                <\/div>\r\n                                <div class=\"request_box\">\r\n                                        <h5 class=\"contact_content_subtitle\">Habla con un experto <\/h5>\r\n                    <script charset=\"utf-8\" type=\"text\/javascript\" src=\"\/\/js.hsforms.net\/forms\/embed\/v2.js\"><\/script>\r\n<script>\r\n  hbspt.forms.create({\r\n    portalId: \"5387762\",\r\n    formId: \"3354ee4e-a554-4ea7-9a18-3d2d39739a6e\",\r\n    region: \"na1\"\r\n  });\r\n<\/script>                <\/div>\r\n            <\/div>\r\n        <\/div>\r\n    <\/div>\r\n\r\n","protected":false},"excerpt":{"rendered":"","protected":false},"author":2,"featured_media":0,"parent":0,"menu_order":0,"comment_status":"closed","ping_status":"closed","template":"","meta":{"_acf_changed":true,"content-type":"","footnotes":""},"class_list":["post-69931","page","type-page","status-publish","hentry"],"acf":[],"_links":{"self":[{"href":"https:\/\/www.achilles.com\/es\/wp-json\/wp\/v2\/pages\/69931","targetHints":{"allow":["GET"]}}],"collection":[{"href":"https:\/\/www.achilles.com\/es\/wp-json\/wp\/v2\/pages"}],"about":[{"href":"https:\/\/www.achilles.com\/es\/wp-json\/wp\/v2\/types\/page"}],"author":[{"embeddable":true,"href":"https:\/\/www.achilles.com\/es\/wp-json\/wp\/v2\/users\/2"}],"replies":[{"embeddable":true,"href":"https:\/\/www.achilles.com\/es\/wp-json\/wp\/v2\/comments?post=69931"}],"version-history":[{"count":0,"href":"https:\/\/www.achilles.com\/es\/wp-json\/wp\/v2\/pages\/69931\/revisions"}],"wp:attachment":[{"href":"https:\/\/www.achilles.com\/es\/wp-json\/wp\/v2\/media?parent=69931"}],"curies":[{"name":"wp","href":"https:\/\/api.w.org\/{rel}","templated":true}]}}