{"id":69668,"date":"2025-05-13T13:03:15","date_gmt":"2025-05-13T12:03:15","guid":{"rendered":"https:\/\/www.achilles.com\/?page_id=69668"},"modified":"2025-07-23T12:06:29","modified_gmt":"2025-07-23T11:06:29","slug":"contabilidad-de-carbono-de-achilles","status":"publish","type":"page","link":"https:\/\/www.achilles.com\/es\/achilles-carbon-accounting\/","title":{"rendered":"Achilles Carbon Accounting"},"content":{"rendered":"            <div class=\"content_section\">\r\n            <div class=\"container\">\r\n                                <div class=\"content_wrap\">\r\n                    <div class=\"content_info ogo\">\r\n                                                <h2 class=\"title_page\">Toma el control de tus emisiones de carbono con Achilles<\/h2>\r\n                                                <div class=\"typical_text\">\r\n                            <p>Achilles Carbon Accounting est\u00e1 dise\u00f1ado para empresas en crecimiento. Automatiza la medici\u00f3n de tu huella de carbono y simplifica la generaci\u00f3n de informes, permiti\u00e9ndote cumplir con la normativa, avanzar en tus objetivos de sostenibilidad y centrarte en hacer crecer tu negocio.<\/p>\n                        <\/div>\r\n                                                <a class=\"btn btn_white\" aria-label=\"Toma el control de tus emisiones de carbono con Achilles - Comienza hoy\" href=\"#form\">Comienza hoy<\/a>\r\n                                            <\/div>\r\n                                        <div class=\"content_media\">\r\n                        <img decoding=\"async\" src=\"https:\/\/www.achilles.com\/app\/uploads\/2025\/05\/Achilles-Carbon-Accounting-Software-Dashboard.png\" width=\"700\" alt=\"Achilles Carbon Account Software Dashboard Screenshot\">\r\n                    <\/div>\r\n                                    <\/div>\r\n                            <\/div>\r\n        <\/div>\r\n    \n\n    <div class=\"content_section bg_grey\">\r\n        <div class=\"container\">\r\n                        <div class=\"description_section big\">\r\n                                <h2 class=\"title_section\">Informes simplificados sobre emisiones de carbono<\/h2>\r\n                                <div class=\"typical_text middle_text\">\r\n                    <p class=\"\" data-start=\"95\" data-end=\"185\"><strong data-start=\"95\" data-end=\"185\">Achilles Carbon Accounting: mide, gestiona y reporta tu huella de forma sencilla<\/strong><\/p>\n<p class=\"\" data-start=\"187\" data-end=\"584\">Nuestro software ayuda a las empresas a recopilar, analizar y reportar datos sobre emisiones de gases de efecto invernadero (GEI) de manera m\u00e1s eficiente. Facilitamos la alineaci\u00f3n con marcos como la CSRD, SBTi y CDP, y agilizamos procesos clave para que el cumplimiento deje de ser una carga.<\/p>\n                <\/div>\r\n                            <\/div>\r\n                                    <div class=\"features_wrap\">\r\n                                <div class=\"feature_item center\">\r\n                                        <div class=\"feature_item_icon\">\r\n                        <img decoding=\"async\" src=\"https:\/\/www.achilles.com\/app\/uploads\/2025\/02\/Search-Data-Insights-icon.png\" alt=\"Data collection validation icon\">\r\n                    <\/div>\r\n                                        <h3 class=\"feature_item_name\">Integraci\u00f3n de datos autom\u00e1tica<\/h3>\r\n                                        <div class=\"typical_text middle_text\">\r\n                        <p>Conectamos con tus sistemas existentes \u2014como facturaci\u00f3n de energ\u00eda, ERP o software financiero\u2014 para automatizar la recopilaci\u00f3n de datos y mejorar la precisi\u00f3n en el c\u00e1lculo de tus emisiones.<\/p>\r\n                    <\/div>\r\n                                        <a class=\"btn btn_big\" aria-label=\"Integraci\u00f3n de datos autom\u00e1tica - Solicita una demo\" href=\"#form\">Solicita una demo<\/a>\r\n                                    <\/div>\r\n                                <div class=\"feature_item center\">\r\n                                        <div class=\"feature_item_icon\">\r\n                        <img decoding=\"async\" src=\"https:\/\/www.achilles.com\/app\/uploads\/2025\/02\/Insights-Data-icon.png\" alt=\"Insights Data icon\">\r\n                    <\/div>\r\n                                        <h3 class=\"feature_item_name\">Informes listos para auditor\u00eda<\/h3>\r\n                                        <div class=\"typical_text middle_text\">\r\n                        <p>Genera informes claros, visuales y auditables en cuesti\u00f3n de minutos. Nuestras herramientas te ayudan a cumplir con tus obligaciones de reporte y a demostrar tus avances ante auditores, clientes e inversores.<\/p>\r\n                    <\/div>\r\n                                        <a class=\"btn btn_big\" aria-label=\"Informes listos para auditor\u00eda - M\u00e1s informaci\u00f3n sobre los informes\" href=\"\/es\/informacion-sectorial\/introduccion-a-las-nuevas-normas-de-la-ue-utilizadas-en-la-directiva-de-informes-de-sostenibilidad-empresarial-csrd\/\">M\u00e1s informaci\u00f3n sobre los informes<\/a>\r\n                                    <\/div>\r\n                                <div class=\"feature_item center\">\r\n                                        <div class=\"feature_item_icon\">\r\n                        <img decoding=\"async\" src=\"https:\/\/www.achilles.com\/app\/uploads\/2025\/02\/Carbon-Green-scales-weigh-icon.png\" alt=\"icon green. scales balancing CO2 and a lead\">\r\n                    <\/div>\r\n                                        <h3 class=\"feature_item_name\">Cobertura total de Alcance 3<\/h3>\r\n                                        <div class=\"typical_text middle_text\">\r\n                        <p>Gestiona el reto del Alcance 3 con nuestra experiencia en datos de cadena de suministro. Gracias a nuestra red de proveedores y metodolog\u00edas verificadas, te ofrecemos resultados confiables, granulares y listos para reportar.<\/p>\r\n                    <\/div>\r\n                                        <a class=\"btn btn_big\" aria-label=\"Cobertura total de Alcance 3 - Explora c\u00f3mo gestionamos el Alcance 3\" href=\"\/es\/informacion-sectorial\/que-son-las-emisiones-de-alcance-3\/\">Explora c\u00f3mo gestionamos el Alcance 3<\/a>\r\n                                    <\/div>\r\n                            <\/div>\r\n                                <\/div>\r\n    <\/div>\r\n\n\n            <div class=\"content_section\">\r\n            <div class=\"container\">\r\n                <div class=\"content_wrap right\">\r\n                    <div class=\"content_info ogo2\">\r\n                                                <h2 class=\"title_section\">De la medici\u00f3n a la acci\u00f3n: descarboniza con confianza<\/h2>\r\n                                                <h5 class=\"title_small\">Lideramos la reducci\u00f3n de emisiones en los Alcances 1, 2 y 3<\/h5>\r\n                                                <div class=\"typical_text\">\r\n                            <div class=\"zMgcWd dSKvsb\" data-il=\"\">\n<div data-crb-p=\"\">\n<div class=\"xFTqob\">\n<p class=\"vM0jzc\">Convierte tus objetivos de sostenibilidad en estrategias reales<br data-start=\"183\" data-end=\"186\" \/>Con nuestras herramientas especializadas, facilita la transici\u00f3n hacia las energ\u00edas renovables, mejora la eficiencia operativa y fomenta la adopci\u00f3n de tecnolog\u00edas bajas en carbono. Desde la energ\u00eda solar y e\u00f3lica hasta el transporte sostenible y los edificios verdes, reduce tus emisiones en los Alcances 1, 2 y 3, abarcando tanto tus operaciones directas como el impacto de tu cadena de suministro.<\/p>\n<\/div>\n<\/div>\n<\/div>\n                        <\/div>\r\n                                                <a class=\"btn btn_big\" href=\"#form\">Agenda una sesi\u00f3n con un experto<\/a>\r\n                                            <\/div>\r\n\t\t\t\t\t\t\t\t\t\t\r\n                                        <div class=\"content_media\">\r\n                        <img decoding=\"async\" src=\"https:\/\/www.achilles.com\/app\/uploads\/2025\/05\/Achilles-Carbon-Accounting-Survey.png\" width=\"400\" alt=\"Achilles Carbon Accounting Survey Screenshot\">\r\n                    <\/div>\r\n                                    <\/div>\r\n            <\/div>\r\n        <\/div>\r\n    \n\n            <div class=\"content_section bg_grey\">\r\n            <div class=\"container\">\r\n                <div class=\"content_wrap\">\r\n                    <div class=\"content_info ogo2\">\r\n                                                <h2 class=\"title_section\">Tecnolog\u00eda accesible, sin complicaciones<\/h2>\r\n                                                <h5 class=\"title_small\">Herramientas potentes y experiencia especializada, sin el coste de una gran empresa<\/h5>\r\n                                                <div class=\"typical_text\">\r\n                            <div class=\"zMgcWd dSKvsb\" data-il=\"\">\n<div data-crb-p=\"\">\n<div class=\"xFTqob\">\n<p class=\"vM0jzc\">Achilles Carbon Accounting es intuitivo, asequible y respaldado por especialistas.<br \/>\nNuestra soluci\u00f3n est\u00e1 pensada para organizaciones de todos los tama\u00f1os. No necesitas un equipo interno de expertos en sostenibilidad: te acompa\u00f1amos paso a paso con asesoramiento personalizado para que gestionar tus emisiones no sea un obst\u00e1culo.<\/p>\n<\/div>\n<\/div>\n<\/div>\n                        <\/div>\r\n                                                <a class=\"btn btn_big\" href=\"#form\">Habla con un experto<\/a>\r\n                                            <\/div>\r\n\t\t\t\t\t\t\t\t\t\t\r\n                                        <div class=\"content_media\">\r\n                        <img decoding=\"async\" src=\"https:\/\/www.achilles.com\/app\/uploads\/2025\/05\/Achilles-Carbon-Accounting-Reports.png\" width=\"400\" alt=\"Achilles Carbon Accounting Reporting Screenshot\">\r\n                    <\/div>\r\n                                    <\/div>\r\n            <\/div>\r\n        <\/div>\r\n    \n\n        <div class=\"content_section\">\r\n            <div class=\"container\">\r\n                                <div class=\"description_section\">\r\n                                        <p class=\"title_category\">POR QU\u00c9 ACHILLES<\/p>\r\n                                        <h2 class=\"title_page\">Soluci\u00f3n integral que va m\u00e1s all\u00e1 impulsando tu transici\u00f3n clim\u00e1tica<\/h2>\r\n                                    <\/div>\r\n                                <div class=\"features_wrap features_four\">\r\n                                        <div class=\"feature_item\">\r\n                                                <div class=\"feature_item_icon\">\r\n                            <img decoding=\"async\" src=\"https:\/\/www.achilles.com\/app\/uploads\/2025\/02\/excellence-icon.png\" alt=\"rosette icon\">\r\n                        <\/div>\r\n                                                <h3 class=\"feature_item_name\">Experiencia global en sostenibilidad<\/h3>\r\n                                                <div class=\"typical_text\">\r\n                            <p>Con m\u00e1s de 30 a\u00f1os liderando en gesti\u00f3n de riesgos y cumplimiento, Achilles aporta un conocimiento inigualable en sostenibilidad y gesti\u00f3n del riesgo en cadenas de suministro globales, elementos clave para una medici\u00f3n precisa de las emisiones de carbono.<\/p>\n                        <\/div>\r\n                                            <\/div>\r\n                                        <div class=\"feature_item\">\r\n                                                <div class=\"feature_item_icon\">\r\n                            <img decoding=\"async\" src=\"https:\/\/www.achilles.com\/app\/uploads\/2025\/02\/World-hands-icon.png\" alt=\"World hands icon\">\r\n                        <\/div>\r\n                                                <h3 class=\"feature_item_name\">Soluciones efectivas para reducir tu huella de carbono<\/h3>\r\n                                                <div class=\"typical_text\">\r\n                            <p>Mucho m\u00e1s que un sistema de seguimiento, Achilles Carbon Accounting convierte los datos en acciones concretas, apoyando tus estrategias de descarbonizaci\u00f3n en las operaciones, el consumo energ\u00e9tico y tu base de suministro.<\/p>\n                        <\/div>\r\n                                            <\/div>\r\n                                        <div class=\"feature_item\">\r\n                                                <div class=\"feature_item_icon\">\r\n                            <img decoding=\"async\" src=\"https:\/\/www.achilles.com\/app\/uploads\/2025\/02\/Puzzle-icon.png\" alt=\"Puzzle icon showing how different aspects of sustainability fit together\">\r\n                        <\/div>\r\n                                                <h3 class=\"feature_item_name\">Gesti\u00f3n integral de ESG y riesgos<\/h3>\r\n                                                <div class=\"typical_text\">\r\n                            <p>Desde la debida diligencia de proveedores hasta la contabilidad de carbono y los informes no financieros, Achilles ofrece un conjunto integrado de herramientas para fortalecer la resiliencia empresarial, cumplir con la normativa ESG y alcanzar tus objetivos de sostenibilidad, todo en un solo lugar.<\/p>\n                        <\/div>\r\n                                            <\/div>\r\n                                        <div class=\"feature_item\">\r\n                                                <div class=\"feature_item_icon\">\r\n                            <img decoding=\"async\" src=\"https:\/\/www.achilles.com\/app\/uploads\/2025\/02\/Certified-icon.png\" alt=\"Certified icon\">\r\n                        <\/div>\r\n                                                <h3 class=\"feature_item_name\">Auditor\u00eda y verificaci\u00f3n independiente<\/h3>\r\n                                                <div class=\"typical_text\">\r\n                            <p>A diferencia de otras soluciones de contabilidad de carbono, Achilles ofrece la opci\u00f3n de auditor\u00eda y verificaci\u00f3n independiente de emisiones, reconocida a nivel internacional, para reforzar tu credibilidad en sostenibilidad y ayudarte a alcanzar tus objetivos de descarbonizaci\u00f3n.<\/p>\n                        <\/div>\r\n                                            <\/div>\r\n                                    <\/div>\r\n                            <\/div>\r\n        <\/div>\r\n\n\n    <div class=\"content_section\">\r\n        <div class=\"container\">\r\n                        <div class=\"posts_panel\">\r\n                <div class=\"description_section\">\r\n                                        <p class=\"title_category\">NOTICIAS SELECCIONADAS PARA TI<\/p>\r\n                                    <\/div>\r\n                            <\/div>\r\n                                    <div class=\"posts_wrap\">\r\n                                <div class=\"post_item\">\r\n                    <div class=\"post_item_top\">\r\n                                                <a class=\"post_item_img\" href=\"https:\/\/www.achilles.com\/es\/informacion-sectorial\/falsa-sensacion-de-control-en-la-gestion-de-proveedores\/\">\r\n                            <img decoding=\"async\" src=\"https:\/\/www.achilles.com\/app\/uploads\/2026\/02\/global-business-logistics-import-export-and-container-cargo-freight-ship-during-loading-at-industrial-port-by-crane-container-handlers-cargo-plane-truck-on-highway.jpg\" alt=\"La falsa sensaci\u00f3n de control en la gesti\u00f3n de proveedores\">\r\n                        <\/a>\r\n                                                <ul class=\"post_item_categories\">\r\n                                                        <li>Art\u00edculos<\/li>\r\n                                                        <li>Informaci\u00f3n sectorial<\/li>\r\n                                                    <\/ul>\r\n                    <\/div>\r\n                    <a class=\"post_item_name\" href=\"https:\/\/www.achilles.com\/es\/informacion-sectorial\/falsa-sensacion-de-control-en-la-gestion-de-proveedores\/\">La falsa sensaci\u00f3n de control en la gesti\u00f3n de proveedores<\/a>\r\n                <\/div>\r\n                                <div class=\"post_item\">\r\n                    <div class=\"post_item_top\">\r\n                                                <a class=\"post_item_img\" href=\"https:\/\/www.achilles.com\/es\/informacion-sectorial\/siemens-caso-de-exito\/\">\r\n                            <img decoding=\"async\" src=\"https:\/\/www.achilles.com\/app\/uploads\/2026\/05\/Achilles-Day-1.png\" alt=\"Siemens: Sostenibilidad basada en evidencias con resultados verificables\">\r\n                        <\/a>\r\n                                                <ul class=\"post_item_categories\">\r\n                                                        <li>Casos de \u00e9xito<\/li>\r\n                                                        <li>Informaci\u00f3n sectorial<\/li>\r\n                                                    <\/ul>\r\n                    <\/div>\r\n                    <a class=\"post_item_name\" href=\"https:\/\/www.achilles.com\/es\/informacion-sectorial\/siemens-caso-de-exito\/\">Siemens: Sostenibilidad basada en evidencias con resultados verificables<\/a>\r\n                <\/div>\r\n                                <div class=\"post_item\">\r\n                    <div class=\"post_item_top\">\r\n                                                <a class=\"post_item_img\" href=\"https:\/\/www.achilles.com\/es\/achilles-y-soluciones-analiticas-dhg-aliados-poderosos-para-impulsar-la-sostenibilidad-y-resiliencia-en-la-cadena-de-suministro\/\">\r\n                            <img decoding=\"async\" src=\"https:\/\/www.achilles.com\/app\/uploads\/2026\/04\/WhatsApp-Image-2026-04-10-at-3.06.45-PM.jpeg\" alt=\"Achilles y Soluciones Anal\u00edticas DHG: Aliados poderosos para impulsar la sostenibilidad y resiliencia en la cadena de suministro.\">\r\n                        <\/a>\r\n                                                <ul class=\"post_item_categories\">\r\n                                                        <li>Informaci\u00f3n sectorial<\/li>\r\n                                                        <li>Notas de prensa<\/li>\r\n                                                    <\/ul>\r\n                    <\/div>\r\n                    <a class=\"post_item_name\" href=\"https:\/\/www.achilles.com\/es\/achilles-y-soluciones-analiticas-dhg-aliados-poderosos-para-impulsar-la-sostenibilidad-y-resiliencia-en-la-cadena-de-suministro\/\">Achilles y Soluciones Anal\u00edticas DHG: Aliados poderosos para impulsar la sostenibilidad y resiliencia en la cadena de suministro.<\/a>\r\n                <\/div>\r\n                            <\/div>\r\n                    <\/div>\r\n    <\/div>\r\n\n\n    <div class=\"request_section\" id=\"form\">\r\n        <div class=\"contact_bg\">\r\n                        <img decoding=\"async\" src=\"https:\/\/www.achilles.com\/app\/uploads\/2025\/05\/Carbon-accounting.png\" alt=\"\">\r\n                    <\/div>\r\n        <div class=\"container\">\r\n            <div class=\"request_inner\">\r\n                                <div class=\"request_wrapper\">\r\n                <h2 class=\"title_section\">Empieza ahora<\/h2>\r\n                <\/div>\r\n                                <div class=\"request_box\">\r\n                                        <h5 class=\"contact_content_subtitle\">Solicita tu demo sin compromiso<\/h5>\r\n                    <script charset=\"utf-8\" type=\"text\/javascript\" src=\"\/\/js.hsforms.net\/forms\/embed\/v2.js\"><\/script>\r\n<script>\r\n  hbspt.forms.create({\r\n    portalId: \"5387762\",\r\n    formId: \"1eec3b8d-ecbe-4b76-9f4f-7e5497438cb6\",\r\n    region: \"na1\"\r\n  });\r\n<\/script>                <\/div>\r\n            <\/div>\r\n        <\/div>\r\n    <\/div>\r\n\r\n","protected":false},"excerpt":{"rendered":"","protected":false},"author":2,"featured_media":0,"parent":0,"menu_order":0,"comment_status":"closed","ping_status":"closed","template":"","meta":{"_acf_changed":true,"content-type":"","footnotes":""},"class_list":["post-69668","page","type-page","status-publish","hentry"],"acf":[],"_links":{"self":[{"href":"https:\/\/www.achilles.com\/es\/wp-json\/wp\/v2\/pages\/69668","targetHints":{"allow":["GET"]}}],"collection":[{"href":"https:\/\/www.achilles.com\/es\/wp-json\/wp\/v2\/pages"}],"about":[{"href":"https:\/\/www.achilles.com\/es\/wp-json\/wp\/v2\/types\/page"}],"author":[{"embeddable":true,"href":"https:\/\/www.achilles.com\/es\/wp-json\/wp\/v2\/users\/2"}],"replies":[{"embeddable":true,"href":"https:\/\/www.achilles.com\/es\/wp-json\/wp\/v2\/comments?post=69668"}],"version-history":[{"count":0,"href":"https:\/\/www.achilles.com\/es\/wp-json\/wp\/v2\/pages\/69668\/revisions"}],"wp:attachment":[{"href":"https:\/\/www.achilles.com\/es\/wp-json\/wp\/v2\/media?parent=69668"}],"curies":[{"name":"wp","href":"https:\/\/api.w.org\/{rel}","templated":true}]}}