{"id":629,"date":"2023-05-12T14:26:13","date_gmt":"2023-05-12T13:26:13","guid":{"rendered":"https:\/\/uat.achilles.com\/about-us\/join-the-team\/"},"modified":"2026-01-21T15:54:46","modified_gmt":"2026-01-21T15:54:46","slug":"careers","status":"publish","type":"page","link":"https:\/\/www.achilles.com\/es\/oportunidades-laborales\/","title":{"rendered":"\u00danete al Equipo"},"content":{"rendered":"    <div class=\"top_section\">\n        <div class=\"container\">\n            <div class=\"top_info\">\n                                    <h1 class=\"top_title\">\u00danete a nuestro equipo<\/h1>\n                                    <div class=\"top_text\">\n                        <p>Buscamos continuamente personas con talento que quieran contribuir a elevar los est\u00e1ndares en las cadenas de suministro y apoyar a las organizaciones en la gesti\u00f3n del riesgo, el cumplimiento y el desempe\u00f1o sostenible.<\/p>\n<p>Consulta nuestras vacantes disponibles y descubre c\u00f3mo puedes desarrollar tu carrera en Achilles.<\/p>\n                    <\/div>\n                            <\/div>\n        <\/div>\n        <div class=\"top_media\">\n\t\t\t            <img decoding=\"async\" src=\"https:\/\/www.achilles.com\/app\/uploads\/2024\/05\/Achilles-Careers-People-Team-scaled.jpg\" alt=\"Team of people working in an office\">\n                    <\/div>\n    <\/div>\n\n\n    <div class=\"content_section\">\r\n        <div class=\"container\">\r\n                        <div class=\"description_section full\">\r\n                                <h2 class=\"title_section\">Impulsamos una forma m\u00e1s responsable y transparente de hacer negocios en todo el mundo<\/h2>\r\n                                <div class=\"typical_text\">\r\n                    <p>Somos especialistas en el desempe\u00f1o de la cadena de suministro y comprendemos el alto nivel de interconexi\u00f3n de los mercados globales.<br \/>\nSabemos que las pr\u00e1cticas empresariales responsables tienen un impacto directo en la resiliencia, la seguridad y la sostenibilidad de las organizaciones.<\/p>\n<p>Nuestra prioridad son los clientes. Les ayudamos a mejorar la gesti\u00f3n de su negocio, elevar los est\u00e1ndares de salud y seguridad y reducir pr\u00e1cticas insostenibles a lo largo de su cadena de suministro.<\/p>\n<p>El impacto de nuestro trabajo trasciende a las organizaciones con las que colaboramos, contribuyendo a cadenas de suministro m\u00e1s responsables y fiables a escala global.<\/p>\n                <\/div>\r\n                            <\/div>\r\n                        <div class=\"features_wrap\">\r\n                                <div class=\"feature_item\">\r\n                                        <div class=\"feature_item_icon\">\r\n                        <img decoding=\"async\" src=\"https:\/\/www.achilles.com\/app\/uploads\/2025\/06\/Email-Icons-10.png\" alt=\"Supply-Line Achilles Icon\">\r\n                    <\/div>\r\n                                        <h3 class=\"feature_item_name\">S\u00e9 parte de una organizaci\u00f3n internacional<\/h3>\r\n                                        <div class=\"typical_text\">\r\n                        <p>Ayudamos a nuestros clientes a acceder a oportunidades en todo el mundo y estamos orgullosos de hacer lo mismo para nuestra gente. Consideramos toda nuestra operativa mundial como un \u00fanico equipo, por lo que tendr\u00e1s numerosas oportunidades de ampliar tus horizontes, as\u00ed como tus aptitudes profesionales.<\/p>\n                    <\/div>\r\n                                    <\/div>\r\n                                <div class=\"feature_item\">\r\n                                        <div class=\"feature_item_icon\">\r\n                        <img decoding=\"async\" src=\"https:\/\/www.achilles.com\/app\/uploads\/2025\/05\/EXPERT-icon-1.png\" alt=\"Icon representing Achilles validates to suppliers to provide reporting confidence\">\r\n                    <\/div>\r\n                                        <h3 class=\"feature_item_name\">Construye tu futuro profesional<\/h3>\r\n                                        <div class=\"typical_text\">\r\n                        <p>Nuestra gente es fundamental para lo que somos como organizaci\u00f3n.<br \/>\nEscuchamos activamente a nuestros equipos, porque su experiencia y conocimiento les sit\u00faan en una posici\u00f3n clave para identificar c\u00f3mo mejorar y avanzar.<\/p>\n<p>Nos enorgullece contar con profesionales que han desarrollado su carrera con nosotros durante muchos a\u00f1os, y al mismo tiempo buscamos incorporar nuevo talento con motivaci\u00f3n, criterio y orientaci\u00f3n a resultados, que quiera contribuir al crecimiento y al impacto positivo de Achilles.<\/p>\n                    <\/div>\r\n                                    <\/div>\r\n                                <div class=\"feature_item\">\r\n                                        <div class=\"feature_item_icon\">\r\n                        <img decoding=\"async\" src=\"https:\/\/www.achilles.com\/app\/uploads\/2025\/09\/globe-icon-2.png\" alt=\"\">\r\n                    <\/div>\r\n                                        <h3 class=\"feature_item_name\">Sigue avanzando<\/h3>\r\n                                        <div class=\"typical_text\">\r\n                        <p>Como organizaci\u00f3n centrada en las personas, entendemos que el \u00e9xito depende del desarrollo, el compromiso y la retenci\u00f3n del talento.<\/p>\n<p>Desde el primer d\u00eda, proporcionamos las herramientas, el acompa\u00f1amiento y el entorno necesarios para impulsar tu desempe\u00f1o, reconociendo y valorando los logros alcanzados a lo largo de tu trayectoria profesional en Achilles.<\/p>\n                    <\/div>\r\n                                    <\/div>\r\n                            <\/div>\r\n                    <\/div>\r\n    <\/div>\r\n\n\n    <div class=\"content_section\">\r\n        <div class=\"container\">\r\n                        <div class=\"content_block\">\r\n                                <h2 class=\"title_section\">Vacantes actuales<\/h2>\r\n                <iframe scrolling=\"yes\" src=\"https:\/\/achilleshr.secure.force.com\/Recruit\/fRecruit__ApplyJobList?portal=single portal\" style=\"width: 100%; height: 850px; border: 0px; overflow-x: scroll;\" id=\"FairsailApplicantPortalIframe\"><\/iframe>            <\/div>\r\n            <div class=\"content_block\">                                    <div class=\"cta_wrap\">\r\n                                <a href=\"https:\/\/www.achilles.com\/es\/equipo-ejecutivo\/\" class=\"cta_box\" >\r\n                    <div class=\"cta_box_bg\">\r\n                                                <img decoding=\"async\" src=\"https:\/\/www.achilles.com\/app\/uploads\/2023\/05\/cta_7.jpg\" alt=\"\">\r\n                                            <\/div>\r\n                    <div class=\"cta_box_info\">\r\n                                                <h3 class=\"cta_box_name\">Nuestra historia<\/h3>\r\n                                                <span class=\"btn btn_big\">M\u00e1s informaci\u00f3n<\/span>\r\n                                            <\/div>\r\n                <\/a>\r\n                                <a href=\"https:\/\/www.achilles.com\/es\/contactenos\/\" class=\"cta_box\" >\r\n                    <div class=\"cta_box_bg\">\r\n                                                <img decoding=\"async\" src=\"https:\/\/www.achilles.com\/app\/uploads\/2023\/05\/cta_4.jpg\" alt=\"\">\r\n                                            <\/div>\r\n                    <div class=\"cta_box_info\">\r\n                                                <h3 class=\"cta_box_name\">\u00bfTienes alguna duda?<\/h3>\r\n                                                <span class=\"btn btn_big\">Ponte en contacto<\/span>\r\n                                            <\/div>\r\n                <\/a>\r\n                            <\/div>\r\n                        <\/div>        <\/div>\r\n    <\/div>\r\n","protected":false},"excerpt":{"rendered":"","protected":false},"author":1,"featured_media":30136,"parent":410,"menu_order":0,"comment_status":"closed","ping_status":"closed","template":"","meta":{"_acf_changed":true,"content-type":"","footnotes":""},"class_list":["post-629","page","type-page","status-publish","has-post-thumbnail","hentry"],"acf":[],"_links":{"self":[{"href":"https:\/\/www.achilles.com\/es\/wp-json\/wp\/v2\/pages\/629","targetHints":{"allow":["GET"]}}],"collection":[{"href":"https:\/\/www.achilles.com\/es\/wp-json\/wp\/v2\/pages"}],"about":[{"href":"https:\/\/www.achilles.com\/es\/wp-json\/wp\/v2\/types\/page"}],"author":[{"embeddable":true,"href":"https:\/\/www.achilles.com\/es\/wp-json\/wp\/v2\/users\/1"}],"replies":[{"embeddable":true,"href":"https:\/\/www.achilles.com\/es\/wp-json\/wp\/v2\/comments?post=629"}],"version-history":[{"count":0,"href":"https:\/\/www.achilles.com\/es\/wp-json\/wp\/v2\/pages\/629\/revisions"}],"up":[{"embeddable":true,"href":"https:\/\/www.achilles.com\/es\/wp-json\/wp\/v2\/pages\/410"}],"wp:featuredmedia":[{"embeddable":true,"href":"https:\/\/www.achilles.com\/es\/wp-json\/wp\/v2\/media\/30136"}],"wp:attachment":[{"href":"https:\/\/www.achilles.com\/es\/wp-json\/wp\/v2\/media?parent=629"}],"curies":[{"name":"wp","href":"https:\/\/api.w.org\/{rel}","templated":true}]}}