{"id":54427,"date":"2024-08-24T12:24:05","date_gmt":"2024-08-24T11:24:05","guid":{"rendered":"https:\/\/www.achilles.com\/puntuacion-sostenibilidad-achilles\/"},"modified":"2026-01-21T11:59:30","modified_gmt":"2026-01-21T11:59:30","slug":"puntuacion-sostenibilidad-achilles","status":"publish","type":"page","link":"https:\/\/www.achilles.com\/es\/puntuacion-sostenibilidad-achilles\/","title":{"rendered":"Puntuaci\u00f3n de sostenibilidad de Achilles"},"content":{"rendered":"    <div class=\"top_section\">\n        <div class=\"container\">\n            <div class=\"top_info\">\n                                    <h1 class=\"top_title\">Una herramienta para la toma de decisiones, no solo para informar<\/h1>\n                                    <div class=\"top_text\">\n                        <p>Eval\u00faa el riesgo en materia de sostenibilidad de los proveedores en toda tu cadena de suministro a gran escala: desde el screening predictivo automatizado y sin contacto hasta evaluaciones verificadas y exhaustivas.<\/p>\n                    <\/div>\n                                    <div class=\"top_buttons\">\n                                                    <a class=\"btn btn_big\" href=\"#form\">Reserva una demo<\/a>\n                                                    <a class=\"btn btn_white btn_big\" href=\"#form\">Descubre m\u00e1s<\/a>\n                                            <\/div>\n                            <\/div>\n        <\/div>\n        <div class=\"top_media\">\n\t\t\t            <img decoding=\"async\" src=\"https:\/\/www.achilles.com\/app\/uploads\/2024\/08\/AC1453-Achilles-Score-graphs-woman-with-laptop-V2-scaled.jpg\" alt=\"\">\n                    <\/div>\n    <\/div>\n\n\n            <div class=\"content_section bg_grey\">\r\n            <div class=\"container\">\r\n                <div class=\"content_wrap\">\r\n                    <div class=\"content_info ogo2\">\r\n                                                <h2 class=\"title_section\">Un enfoque escalable para evaluar el riesgo ESG de tus proveedores<\/h2>\r\n                                                <div class=\"typical_text\">\r\n                            <p>Eval\u00faa y gestiona riesgos en materia de sostenibilidad con herramientas flexibles dise\u00f1adas para la complejidad del d\u00eda a d\u00eda. Desde un screening predictivo r\u00e1pido de proveedores secundarios o no estrat\u00e9gicos hasta puntuaciones ESG respaldadas por evidencia, Achilles te ayuda a actuar con antelaci\u00f3n, demostrar debida diligencia y tomar mejores decisiones basadas en datos en toda tu cadena de suministro.<\/p>\n                        <\/div>\r\n                                            <\/div>\r\n\t\t\t\t\t\t\t\t\t\t\r\n                                        <div class=\"content_media\">\r\n                        <img decoding=\"async\" src=\"https:\/\/www.achilles.com\/app\/uploads\/2024\/08\/Untitled-design-1.jpg\" alt=\"\">\r\n                    <\/div>\r\n                                    <\/div>\r\n            <\/div>\r\n        <\/div>\r\n    \n\n            <div class=\"content_section\">\r\n            <div class=\"container\">\r\n                <div class=\"content_wrap\">\r\n                    <div class=\"content_info ogo2\">\r\n                                                <h2 class=\"title_section\">An\u00e1lisis Predictivo de riesgos ESG<\/h2>\r\n                                                <h5 class=\"title_small\">Evaluaci\u00f3n ESG r\u00e1pida y sin contacto para toda tu base de proveedores<\/h5>\r\n                                                <div class=\"typical_text\">\r\n                            <p>Impulsado por AchillesAI, el Scoring Predictivo de Achilles ofrece una forma r\u00e1pida de comprender los riesgos ESG y de pa\u00eds en toda la cadena de suministro, sin necesidad de participaci\u00f3n de los proveedores. Ya sea para incorporar nuevos socios, mapear riesgos de proveedores no estrat\u00e9gicos o prepararse para una transacci\u00f3n, este servicio proporciona insights r\u00e1pidos para que enfoques tus recursos donde m\u00e1s importan.<\/p>\n                        <\/div>\r\n                                                <a class=\"btn btn_big\" href=\"https:\/\/www.achilles.com\/es\/informacion-sectorial\/nuevo-scoring-predictivo-para-reforzar-analisis-de-riesgos-esg-de-proveedores\/\">Descubre m\u00e1s<\/a>\r\n                                            <\/div>\r\n\t\t\t\t\t\t\t\t\t\t\r\n                                        <div class=\"content_media\">\r\n                        <img decoding=\"async\" src=\"https:\/\/www.achilles.com\/app\/uploads\/2025\/08\/MyA-Predictive-3.png\" alt=\"\">\r\n                    <\/div>\r\n                                    <\/div>\r\n            <\/div>\r\n        <\/div>\r\n    \n\n    <div class=\"content_section bg_grey\">\r\n        <div class=\"container\">\r\n                        <div class=\"description_section full\">\r\n                                <p class=\"title_category\">COMIENZA AHORA<\/p>\r\n                                <h2 class=\"title_section\">Muestra tus credenciales de sostenibilidad y fomenta el crecimiento empresarial<\/h2>\r\n                            <\/div>\r\n                        <div class=\"features_wrap\">\r\n                                <div class=\"feature_item\">\r\n                                        <div class=\"feature_item_icon\">\r\n                        <img decoding=\"async\" src=\"https:\/\/www.achilles.com\/app\/uploads\/2025\/02\/9.png\" alt=\"a clock and calendar icon on a white background\">\r\n                    <\/div>\r\n                                        <h3 class=\"feature_item_name\">Screening en 7 d\u00edas<\/h3>\r\n                                        <div class=\"typical_text\">\r\n                        <p>Eval\u00faa miles de proveedores en menos de una semana. Sin onboarding, sin cuestionarios.<\/p>\n                    <\/div>\r\n                                    <\/div>\r\n                                <div class=\"feature_item\">\r\n                                        <div class=\"feature_item_icon\">\r\n                        <img decoding=\"async\" src=\"https:\/\/www.achilles.com\/app\/uploads\/2025\/06\/Email-Icons-5.png\" alt=\"Risk management icon\">\r\n                    <\/div>\r\n                                        <h3 class=\"feature_item_name\">Riesgo ESG y pa\u00eds<\/h3>\r\n                                        <div class=\"typical_text\">\r\n                        <p>Detecta riesgos ESG y geopol\u00edticos antes de involucrar a los proveedores. Act\u00faa pronto para evitar interrupciones posteriores.<\/p>\n<p>&nbsp;<\/p>\n                    <\/div>\r\n                                    <\/div>\r\n                                <div class=\"feature_item\">\r\n                                        <div class=\"feature_item_icon\">\r\n                        <img decoding=\"async\" src=\"https:\/\/www.achilles.com\/app\/uploads\/2025\/01\/95.png\" alt=\"green circles connected with lines and silhouette of people in the circles\">\r\n                    <\/div>\r\n                                        <h3 class=\"feature_item_name\">Proveedores no estrat\u00e9gicos<\/h3>\r\n                                        <div class=\"typical_text\">\r\n                        <p>Haz screening r\u00e1pido de proveedores no estrat\u00e9gicos para detectar riesgos ocultos y decidir qui\u00e9n necesita revisiones m\u00e1s profundas.<\/p>\n<p>&nbsp;<\/p>\n                    <\/div>\r\n                                    <\/div>\r\n                            <\/div>\r\n                    <\/div>\r\n    <\/div>\r\n\n\n            <div class=\"content_section\">\r\n            <div class=\"container\">\r\n                <div class=\"content_wrap right\">\r\n                    <div class=\"content_info ogo2\">\r\n                                                <h2 class=\"title_section\">Scoring Verificado<\/h2>\r\n                                                <h5 class=\"title_small\">Evaluaci\u00f3n rigurosa y validada del rendimiento en sostenibilidad de tus proveedores<\/h5>\r\n                                                <div class=\"typical_text\">\r\n                            <p>Un enfoque integral que permite identificar riesgos, aportar transparencia y reconocer las buenas pr\u00e1cticas, todo respaldado por evidencia verificada. A diferencia de los scorecards gen\u00e9ricos, nuestra evaluaci\u00f3n se ajusta al sector de cada proveedor y refleja tanto sus acciones como las pruebas que las avalan.<\/p>\n                        <\/div>\r\n                                                <a class=\"btn btn_big\" href=\"https:\/\/www.achilles.com\/es\/informacion-sectorial\/nuevo-scoring-predictivo-para-reforzar-analisis-de-riesgos-esg-de-proveedores\/\">Descubre m\u00e1s<\/a>\r\n                                            <\/div>\r\n\t\t\t\t\t\t\t\t\t\t\r\n                                        <div class=\"content_media\">\r\n                        <img decoding=\"async\" src=\"https:\/\/www.achilles.com\/app\/uploads\/2025\/08\/Verified-score-1.png\" alt=\"\">\r\n                    <\/div>\r\n                                    <\/div>\r\n            <\/div>\r\n        <\/div>\r\n    \n\n    <div class=\"content_section bg_grey\">\r\n        <div class=\"container\">\r\n                        <div class=\"description_section\">\r\n                                <p class=\"title_category\">Ve m\u00e1s all\u00e1<\/p>\r\n                                <h2 class=\"title_section\">Obt\u00e9n datos verificados<\/h2>\r\n                            <\/div>\r\n                        <div class=\"features_wrap\">\r\n                                <div class=\"feature_item\">\r\n                                        <div class=\"feature_item_icon\">\r\n                        <img decoding=\"async\" src=\"https:\/\/www.achilles.com\/app\/uploads\/2025\/02\/Credentials-icon.png\" alt=\"Credentials Prequalify icon\">\r\n                    <\/div>\r\n                                        <h3 class=\"feature_item_name\">Demuestra Debida Diligencia<\/h3>\r\n                                        <div class=\"typical_text\">\r\n                        <p>Datos verificados y auditables para demostrar que tu cadena de suministro cumple con requisitos ESG y normativos, incluyendo CSRD, Leyes contra la Esclavitud Moderna y demandas de auditor\u00eda.<\/p>\n                    <\/div>\r\n                                    <\/div>\r\n                                <div class=\"feature_item\">\r\n                                        <div class=\"feature_item_icon\">\r\n                        <img decoding=\"async\" src=\"https:\/\/www.achilles.com\/app\/uploads\/2025\/06\/Email-Icons-8.png\" alt=\"Compliance icon\">\r\n                    <\/div>\r\n                                        <h3 class=\"feature_item_name\">M\u00e1s all\u00e1 del ESG<\/h3>\r\n                                        <div class=\"typical_text\">\r\n                        <p>Obt\u00e9n una visi\u00f3n completa del riesgo de los proveedores \u2013 incluyendo seguridad y salud, finanzas, seguros y ciberseguridad, no solo m\u00e9tricas de carbono.<\/p>\n                    <\/div>\r\n                                    <\/div>\r\n                                <div class=\"feature_item\">\r\n                                        <div class=\"feature_item_icon\">\r\n                        <img decoding=\"async\" src=\"https:\/\/www.achilles.com\/app\/uploads\/2025\/02\/Relationships-icon.png\" alt=\"Relationships icon\">\r\n                    <\/div>\r\n                                        <h3 class=\"feature_item_name\">Proveedores estrat\u00e9gicos<\/h3>\r\n                                        <div class=\"typical_text\">\r\n                        <p>Scoring verificado y espec\u00edfico por industria para obtener datos rigurosos, mayor confianza de los stakeholders y protecci\u00f3n reputacional.<\/p>\n                    <\/div>\r\n                                    <\/div>\r\n                            <\/div>\r\n                    <\/div>\r\n    <\/div>\r\n\n\n    <div class=\"content_section\">\r\n        <div class=\"container\">\r\n            <div class=\"services_wrap\">\r\n                                <div class=\"services_left\">\r\n                                        <h2 class=\"title_section\">\u00bfPor qu\u00e9 Achilles?<\/h2>\r\n                                        <div class=\"typical_text\">\r\n                        <p>La mayor\u00eda de las herramientas ESG ofrecen puntuaciones est\u00e1ticas y \u201c\u00fanicas para todos\u201d que no reflejan los riesgos reales. Descubre c\u00f3mo Achilles lo hace diferente:<\/p>\n                    <\/div>\r\n                                    <\/div>\r\n                                <div class=\"services_right\">\r\n                    <div class=\"services_list\">\r\n                                                <div class=\"service_box\">\r\n                                                        <p class=\"service_box_name\">\r\n                                <span class=\"service_box_check icon-Success\"><\/span>\r\n                                Scoring ajustado a cada proveedor                            <\/p>\r\n                                                    <\/div>\r\n                                                <div class=\"service_box\">\r\n                                                        <p class=\"service_box_name\">\r\n                                <span class=\"service_box_check icon-Success\"><\/span>\r\n                                Modelos de riesgo espec\u00edficos por sector y pa\u00eds                            <\/p>\r\n                                                    <\/div>\r\n                                                <div class=\"service_box\">\r\n                                                        <p class=\"service_box_name\">\r\n                                <span class=\"service_box_check icon-Success\"><\/span>\r\n                                Seguimiento en vivo de documentos clave (ej.: seguros, H&#038;S)                            <\/p>\r\n                                                    <\/div>\r\n                                                <div class=\"service_box\">\r\n                                                        <p class=\"service_box_name\">\r\n                                <span class=\"service_box_check icon-Success\"><\/span>\r\n                                Transparencia total sobre lo que impulsa la puntuaci\u00f3n                            <\/p>\r\n                                                    <\/div>\r\n                                                <div class=\"service_box\">\r\n                                                        <p class=\"service_box_name\">\r\n                                <span class=\"service_box_check icon-Success\"><\/span>\r\n                                Datos ESG, financieros y de compliance en un mismo lugar                            <\/p>\r\n                                                    <\/div>\r\n                                                <div class=\"service_box\">\r\n                                                        <p class=\"service_box_name\">\r\n                                <span class=\"service_box_check icon-Success\"><\/span>\r\n                                Sin costes extra para que los proveedores actualicen o mejoren                            <\/p>\r\n                                                    <\/div>\r\n                                                <div class=\"service_box\">\r\n                                                        <p class=\"service_box_name\">\r\n                                <span class=\"service_box_check icon-Success\"><\/span>\r\n                                Actualizaciones continuas, no solo una vez al a\u00f1o                            <\/p>\r\n                                                    <\/div>\r\n                                            <\/div>\r\n                <\/div>\r\n                            <\/div>\r\n        <\/div>\r\n    <\/div>\r\n\n\n    <div class=\"request_section\" id=\"form\">\r\n        <div class=\"contact_bg\">\r\n                        <img decoding=\"async\" src=\"https:\/\/www.achilles.com\/app\/uploads\/2024\/08\/1-1.jpg\" alt=\"\">\r\n                    <\/div>\r\n        <div class=\"container\">\r\n            <div class=\"request_inner\">\r\n                                <div class=\"request_wrapper\">\r\n                <h2 class=\"title_section\">Una evaluaci\u00f3n ESG inteligente y escalable seg\u00fan tu riesgo<\/h2>\r\n                <\/div>\r\n                                <div class=\"request_box\">\r\n                                        <h5 class=\"contact_content_subtitle\">Solicita una demo<\/h5>\r\n                    <script charset=\"utf-8\" type=\"text\/javascript\" src=\"\/\/js.hsforms.net\/forms\/embed\/v2.js\"><\/script>\r\n<script>\r\n  hbspt.forms.create({\r\n    region: \"na1\",\r\n    portalId: \"5387762\",\r\n    formId: \"3354ee4e-a554-4ea7-9a18-3d2d39739a6e\"\r\n  });\r\n<\/script>                <\/div>\r\n            <\/div>\r\n        <\/div>\r\n    <\/div>\r\n\r\n","protected":false},"excerpt":{"rendered":"","protected":false},"author":24,"featured_media":0,"parent":0,"menu_order":0,"comment_status":"closed","ping_status":"closed","template":"","meta":{"_acf_changed":true,"content-type":"","footnotes":""},"class_list":["post-54427","page","type-page","status-publish","hentry"],"acf":[],"_links":{"self":[{"href":"https:\/\/www.achilles.com\/es\/wp-json\/wp\/v2\/pages\/54427","targetHints":{"allow":["GET"]}}],"collection":[{"href":"https:\/\/www.achilles.com\/es\/wp-json\/wp\/v2\/pages"}],"about":[{"href":"https:\/\/www.achilles.com\/es\/wp-json\/wp\/v2\/types\/page"}],"author":[{"embeddable":true,"href":"https:\/\/www.achilles.com\/es\/wp-json\/wp\/v2\/users\/24"}],"replies":[{"embeddable":true,"href":"https:\/\/www.achilles.com\/es\/wp-json\/wp\/v2\/comments?post=54427"}],"version-history":[{"count":0,"href":"https:\/\/www.achilles.com\/es\/wp-json\/wp\/v2\/pages\/54427\/revisions"}],"wp:attachment":[{"href":"https:\/\/www.achilles.com\/es\/wp-json\/wp\/v2\/media?parent=54427"}],"curies":[{"name":"wp","href":"https:\/\/api.w.org\/{rel}","templated":true}]}}