{"id":54080,"date":"2024-04-11T12:41:30","date_gmt":"2024-04-11T11:41:30","guid":{"rendered":"https:\/\/www.achilles.com\/auditorias-de-achilles\/"},"modified":"2026-01-21T14:51:47","modified_gmt":"2026-01-21T14:51:47","slug":"auditorias-de-achilles","status":"publish","type":"page","link":"https:\/\/www.achilles.com\/es\/auditorias-de-achilles\/","title":{"rendered":"Auditor\u00edas Achilles"},"content":{"rendered":"    <div class=\"top_section\">\n        <div class=\"container\">\n            <div class=\"top_info\">\n                                    <h1 class=\"top_title\">Habilitaci\u00f3n de las mejores pr\u00e1cticas de debida diligencia<\/h1>\n                                    <div class=\"top_text\">\n                        <p>Las auditor\u00edas y evaluaciones de Achilles ayudan a las empresas a garantizar el cumplimiento de los est\u00e1ndares, tanto regionales como globales, en Seguridad y Salud, Medio Ambiente, Calidad y Responsabilidad Social.<\/p>\n                    <\/div>\n                                    <div class=\"top_buttons\">\n                                                    <a class=\"btn btn_white btn_big\" href=\"https:\/\/www.achilles.com\/es\/contactenos\/\">Eval\u00faa tu empresa<\/a>\n                                                    <a class=\"btn btn_big\" href=\"https:\/\/www.achilles.com\/es\/contactenos\/\">Eval\u00faa tu cadena de suministro<\/a>\n                                            <\/div>\n                            <\/div>\n        <\/div>\n        <div class=\"top_media\">\n\t\t\t            <img decoding=\"async\" src=\"https:\/\/www.achilles.com\/app\/uploads\/2024\/02\/Supply-Chain-Risk-Images-4.png\" alt=\"\">\n                    <\/div>\n    <\/div>\n\n\n    <div class=\"content_section\">\r\n        <div class=\"container\">\r\n                        <div class=\"description_section\">\r\n                                <h2 class=\"title_section\">Programa de auditor\u00edas reconocido por empresas multinacionales<\/h2>\r\n                            <\/div>\r\n                        <div class=\"logos_wrap\">\r\n                                <div class=\"logo_item\">\r\n                    <img decoding=\"async\" src=\"https:\/\/www.achilles.com\/app\/uploads\/2023\/06\/bwo-logo-610.jpg\" alt=\"\">\r\n                <\/div>\r\n                                <div class=\"logo_item\">\r\n                    <img decoding=\"async\" src=\"https:\/\/www.achilles.com\/app\/uploads\/2025\/03\/logo-caixabank.png\" alt=\"CaixaBank\">\r\n                <\/div>\r\n                                <div class=\"logo_item\">\r\n                    <img decoding=\"async\" src=\"https:\/\/www.achilles.com\/app\/uploads\/2023\/06\/Customer-logo_statkraft-logo-400-trans-300x94-1.png\" alt=\"Statkraft logo\">\r\n                <\/div>\r\n                                <div class=\"logo_item\">\r\n                    <img decoding=\"async\" src=\"https:\/\/www.achilles.com\/app\/uploads\/2023\/06\/Customer-logo_Sainsburys-logo.png\" alt=\"Sainsbury's chooses Achilles for ESG supply chain management\">\r\n                <\/div>\r\n                                <div class=\"logo_item\">\r\n                    <img decoding=\"async\" src=\"https:\/\/www.achilles.com\/app\/uploads\/2023\/06\/Acciona.png\" alt=\"\">\r\n                <\/div>\r\n                                <div class=\"logo_item\">\r\n                    <img decoding=\"async\" src=\"https:\/\/www.achilles.com\/app\/uploads\/2024\/12\/weatherford.png\" alt=\"\">\r\n                <\/div>\r\n                                <div class=\"logo_item\">\r\n                    <img decoding=\"async\" src=\"https:\/\/www.achilles.com\/app\/uploads\/2023\/06\/iss_logo_whitebackground-RGB-e1525274679774.jpg\" alt=\"\">\r\n                <\/div>\r\n                                <div class=\"logo_item\">\r\n                    <img decoding=\"async\" src=\"https:\/\/www.achilles.com\/app\/uploads\/2023\/05\/Thameswater-e1725962162604.jpg\" alt=\"\">\r\n                <\/div>\r\n                                <div class=\"logo_item\">\r\n                    <img decoding=\"async\" src=\"https:\/\/www.achilles.com\/app\/uploads\/2025\/03\/Lightsource-bp-ok.png\" alt=\"Lightsource bp logo\">\r\n                <\/div>\r\n                                <div class=\"logo_item\">\r\n                    <img decoding=\"async\" src=\"https:\/\/www.achilles.com\/app\/uploads\/2024\/11\/NCC_Unternehmen_logo.svg_.png\" alt=\"\">\r\n                <\/div>\r\n                            <\/div>\r\n                    <\/div>\r\n    <\/div>\r\n\n\n    <div class=\"content_section bg_grey\">\r\n        <div class=\"container\">\r\n                        <div class=\"description_section\">\r\n                                <p class=\"title_category\">Por qu\u00e9 las auditor\u00edas de Achilles<\/p>\r\n                                <h2 class=\"title_section\">Yendo un paso por delante de la debida diligencia<\/h2>\r\n                                <div class=\"typical_text\">\r\n                    <p>Las auditor\u00edas Achilles impulsan a las organizaciones compradoras hacia las mejores pr\u00e1cticas de cumplimiento, aumentan la confianza de los stakeholders y fomentan la transparencia en toda la cadena de suministro.<br \/>\nA su vez, los proveedores obtienen una ventaja competitiva al demostrar su compromiso de superar las mejores pr\u00e1cticas de sostenibilidad.<\/p>\n                <\/div>\r\n                            <\/div>\r\n                        <div class=\"features_wrap features_four\">\r\n                                <div class=\"feature_item\">\r\n                                        <div class=\"feature_item_icon\">\r\n                        <img decoding=\"async\" src=\"https:\/\/www.achilles.com\/app\/uploads\/2025\/02\/excellence-icon.png\" alt=\"rosette icon\">\r\n                    <\/div>\r\n                                        <h3 class=\"feature_item_name\">Demuestra credibilidad<\/h3>\r\n                                        <div class=\"typical_text\">\r\n                        <p>Los proveedores muestran su compromiso con la calidad, la seguridad y las pr\u00e1cticas empresariales responsables, aumentando su reputaci\u00f3n entre clientes potenciales.<\/p>\n                    <\/div>\r\n                                    <\/div>\r\n                                <div class=\"feature_item\">\r\n                                        <div class=\"feature_item_icon\">\r\n                        <img decoding=\"async\" src=\"https:\/\/www.achilles.com\/app\/uploads\/2025\/02\/win-business-icon-1.png\" alt=\"win business green icon\nperson outline standing on a podium with a star on.\">\r\n                    <\/div>\r\n                                        <h3 class=\"feature_item_name\">Gana en competitividad<\/h3>\r\n                                        <div class=\"typical_text\">\r\n                        <p>Ayuda a los proveedores a destacar entre la multitud y a conseguir nuevas oportunidades de negocio.<\/p>\n                    <\/div>\r\n                                    <\/div>\r\n                                <div class=\"feature_item\">\r\n                                        <div class=\"feature_item_icon\">\r\n                        <img decoding=\"async\" src=\"https:\/\/www.achilles.com\/app\/uploads\/2025\/03\/geopolitical-icon-2.png\" alt=\"construction document icon\">\r\n                    <\/div>\r\n                                        <h3 class=\"feature_item_name\">Simplifica el cumplimiento<\/h3>\r\n                                        <div class=\"typical_text\">\r\n                        <p>Permite a los proveedores cumplir las normas y reglamentos del sector, reduciendo la carga de gestionar la documentaci\u00f3n de cumplimiento.<\/p>\n                    <\/div>\r\n                                    <\/div>\r\n                                <div class=\"feature_item\">\r\n                                        <div class=\"feature_item_icon\">\r\n                        <img decoding=\"async\" src=\"https:\/\/www.achilles.com\/app\/uploads\/2025\/02\/8.png\" alt=\"a computer monitor with a magnifying glass on it\">\r\n                    <\/div>\r\n                                        <h3 class=\"feature_item_name\">Identifica fortalezas<\/h3>\r\n                                        <div class=\"typical_text\">\r\n                        <p>El informe de auditor\u00eda proporciona informaci\u00f3n muy valiosa sobre las \u00e1reas en las que los proveedores destacan, as\u00ed como sobre las posibles \u00e1reas de mejora.<\/p>\n                    <\/div>\r\n                                    <\/div>\r\n                            <\/div>\r\n                    <\/div>\r\n    <\/div>\r\n\n\n     <div class=\"stats_section\">\r\n        <div class=\"stats_bg\">\r\n                    <\/div>\r\n        <div class=\"container\">\r\n            <div class=\"stats_inner\">\r\n                <div class=\"corner corner_top_left\"><\/div>\r\n                <div class=\"corner corner_top_right\"><\/div>\r\n                <div class=\"corner corner_bottom_left\"><\/div>\r\n                <div class=\"corner corner_bottom_right\"><\/div>\r\n                <div class=\"stats_wrap stats_anim\">\r\n                                        <div class=\"stats_item stats_anim_item\" data-total=\"6500\">\r\n                        <div class=\"stats_item_inner\">\r\n                            <p class=\"stats_item_count\"><span class=\"stats_anim_total\">0<\/span><\/p>\r\n                                                        <p class=\"stats_item_name\">Auditor\u00edas en todo el mundo.<\/p>\r\n                                                    <\/div>\r\n                    <\/div>\r\n                                        <div class=\"stats_item stats_anim_item\" data-total=\"30\">\r\n                        <div class=\"stats_item_inner\">\r\n                            <p class=\"stats_item_count\"><span class=\"stats_anim_total\">0<\/span><\/p>\r\n                                                        <p class=\"stats_item_name\">A\u00f1os de experiencia.<\/p>\r\n                                                    <\/div>\r\n                    <\/div>\r\n                                        <div class=\"stats_item stats_anim_item\" data-total=\"200\">\r\n                        <div class=\"stats_item_inner\">\r\n                            <p class=\"stats_item_count\"><span class=\"stats_anim_total\">0<\/span><span class=\"stats_item_symbol\"> <\/span><\/p>\r\n                                                        <p class=\"stats_item_name\">Auditores ubicados internacionalmente.<\/p>\r\n                                                    <\/div>\r\n                    <\/div>\r\n                                    <\/div>\r\n            <\/div>\r\n        <\/div>\r\n    <\/div>\r\n\n\n    <div class=\"content_section bg_grey\">\r\n        <div class=\"container\">\r\n                        <div class=\"description_section full\">\r\n                                <h2 class=\"title_section\">TIPOS DE AUDITOR\u00cdAS<\/h2>\r\n                                <div class=\"typical_text\">\r\n                    <p>Protege la reputaci\u00f3n de tu empresa al informar con confianza sobre la transparencia de tu cadena de suministro y garantizar el cumplimiento de las estrictas normas \u00e9ticas, sostenibles y medioambientales actuales.<\/p>\n<p>&nbsp;<\/p>\n<p>&nbsp;<\/p>\n                <\/div>\r\n                            <\/div>\r\n                        <div class=\"features_wrap\">\r\n                                <div class=\"feature_item\">\r\n                                        <div class=\"feature_item_icon\">\r\n                        <img decoding=\"async\" src=\"https:\/\/www.achilles.com\/app\/uploads\/2025\/02\/Insights-Data-icon.png\" alt=\"Insights Data icon\">\r\n                    <\/div>\r\n                                        <h3 class=\"feature_item_name\">Auditor\u00edas desktop<\/h3>\r\n                                        <div class=\"typical_text\">\r\n                        <p>Las auditor\u00edas desktop se realizan en remoto y eval\u00faan los documentos del sistema de gesti\u00f3n de una empresa para verificar el cumplimiento de la legislaci\u00f3n y las normas internacionales, incluidas ISO 45001, ISO 14001 y SA8000, as\u00ed como los marcos y normas de informaci\u00f3n.<\/p>\n                    <\/div>\r\n                                    <\/div>\r\n                                <div class=\"feature_item\">\r\n                                        <div class=\"feature_item_icon\">\r\n                        <img decoding=\"async\" src=\"https:\/\/www.achilles.com\/app\/uploads\/2025\/02\/Supplier-search-icon.png\" alt=\"Stand out in a crowd supplier icon\">\r\n                    <\/div>\r\n                                        <h3 class=\"feature_item_name\">Auditor\u00edas in situ<\/h3>\r\n                                        <div class=\"typical_text\">\r\n                        <p>Estas evaluaciones exhaustivas van m\u00e1s all\u00e1 de la documentaci\u00f3n, evaluando los sistemas de gesti\u00f3n, e incluyen entrevistas an\u00f3nimas con las partes interesadas. Realizadas por auditores certificados de todo el mundo, estas auditor\u00edas proporcionan un an\u00e1lisis m\u00e1s profundo de las pr\u00e1cticas de una empresa.<\/p>\n                    <\/div>\r\n                                    <\/div>\r\n                            <\/div>\r\n                    <\/div>\r\n    <\/div>\r\n\n\n    <div class=\"content_section\">\r\n        <div class=\"container\">\r\n                        <div class=\"posts_panel\">\r\n                <div class=\"description_section\">\r\n                                        <p class=\"title_category\">Noticias y actualizaciones<\/p>\r\n                     \r\n                    <h2 class=\"title_section\">Seleccionado para ti<\/h2>\r\n                                    <\/div>\r\n                            <\/div>\r\n                                    <div class=\"posts_wrap\">\r\n                                <div class=\"post_item\">\r\n                    <div class=\"post_item_top\">\r\n                                                <a class=\"post_item_img\" href=\"https:\/\/www.achilles.com\/es\/informacion-sectorial\/checklist-falta-visibilidad-proveedores\/\">\r\n                            <img decoding=\"async\" src=\"https:\/\/www.achilles.com\/app\/uploads\/2026\/04\/laptop-data-analysis.jpg\" alt=\"Checklist: 5 se\u00f1ales de que te falta visibilidad sobre tus proveedores\">\r\n                        <\/a>\r\n                                                <ul class=\"post_item_categories\">\r\n                                                        <li>Art\u00edculos<\/li>\r\n                                                        <li>Informaci\u00f3n sectorial<\/li>\r\n                                                    <\/ul>\r\n                    <\/div>\r\n                    <a class=\"post_item_name\" href=\"https:\/\/www.achilles.com\/es\/informacion-sectorial\/checklist-falta-visibilidad-proveedores\/\">Checklist: 5 se\u00f1ales de que te falta visibilidad sobre tus proveedores<\/a>\r\n                <\/div>\r\n                                <div class=\"post_item\">\r\n                    <div class=\"post_item_top\">\r\n                                                <a class=\"post_item_img\" href=\"https:\/\/www.achilles.com\/es\/informacion-sectorial\/gestion-de-contratistas-el-eslabon-critico-que-redefine-la-eficiencia-y-el-riesgo-empresarial\/\">\r\n                            <img decoding=\"async\" src=\"https:\/\/www.achilles.com\/app\/uploads\/2026\/04\/Gestion-de-contratistas.jpg\" alt=\"Gesti\u00f3n de contratistas: el eslab\u00f3n cr\u00edtico que redefine la eficiencia y el riesgo empresarial.\">\r\n                        <\/a>\r\n                                                <ul class=\"post_item_categories\">\r\n                                                        <li>Art\u00edculos<\/li>\r\n                                                    <\/ul>\r\n                    <\/div>\r\n                    <a class=\"post_item_name\" href=\"https:\/\/www.achilles.com\/es\/informacion-sectorial\/gestion-de-contratistas-el-eslabon-critico-que-redefine-la-eficiencia-y-el-riesgo-empresarial\/\">Gesti\u00f3n de contratistas: el eslab\u00f3n cr\u00edtico que redefine la eficiencia y el riesgo empresarial.<\/a>\r\n                <\/div>\r\n                                <div class=\"post_item\">\r\n                    <div class=\"post_item_top\">\r\n                                                <a class=\"post_item_img\" href=\"https:\/\/www.achilles.com\/es\/informacion-sectorial\/siemens-caso-de-exito\/\">\r\n                            <img decoding=\"async\" src=\"https:\/\/www.achilles.com\/app\/uploads\/2026\/05\/Achilles-Day-1.png\" alt=\"Siemens: Sostenibilidad basada en evidencias con resultados verificables\">\r\n                        <\/a>\r\n                                                <ul class=\"post_item_categories\">\r\n                                                        <li>Casos de \u00e9xito<\/li>\r\n                                                        <li>Informaci\u00f3n sectorial<\/li>\r\n                                                    <\/ul>\r\n                    <\/div>\r\n                    <a class=\"post_item_name\" href=\"https:\/\/www.achilles.com\/es\/informacion-sectorial\/siemens-caso-de-exito\/\">Siemens: Sostenibilidad basada en evidencias con resultados verificables<\/a>\r\n                <\/div>\r\n                            <\/div>\r\n                    <\/div>\r\n    <\/div>\r\n\n\n    <div class=\"request_section\">\r\n        <div class=\"contact_bg\">\r\n                        <img decoding=\"async\" src=\"https:\/\/www.achilles.com\/app\/uploads\/2023\/07\/SMEs-bid-for-tenders.jpg\" alt=\"\">\r\n                    <\/div>\r\n        <div class=\"container\">\r\n            <div class=\"request_inner\">\r\n                                <div class=\"request_wrapper\">\r\n                <h2 class=\"title_section\">Cont\u00e1ctanos<\/h2>\r\n                <\/div>\r\n                                <div class=\"request_box\">\r\n                                        <h5 class=\"contact_content_subtitle\">Aprende c\u00f3mo implementar las mejores pr\u00e1cticas de debida diligencia para tu empresa<\/h5>\r\n                    <script charset=\"utf-8\" type=\"text\/javascript\" src=\"\/\/js.hsforms.net\/forms\/embed\/v2.js\"><\/script>\r\n<script>\r\n  hbspt.forms.create({\r\n    region: \"na1\",\r\n    portalId: \"5387762\",\r\n    formId: \"3354ee4e-a554-4ea7-9a18-3d2d39739a6e\"\r\n  });\r\n<\/script>                <\/div>\r\n            <\/div>\r\n        <\/div>\r\n    <\/div>\r\n\r\n","protected":false},"excerpt":{"rendered":"","protected":false},"author":24,"featured_media":65252,"parent":0,"menu_order":0,"comment_status":"closed","ping_status":"closed","template":"","meta":{"_acf_changed":true,"content-type":"","footnotes":""},"class_list":["post-54080","page","type-page","status-publish","has-post-thumbnail","hentry"],"acf":[],"_links":{"self":[{"href":"https:\/\/www.achilles.com\/es\/wp-json\/wp\/v2\/pages\/54080","targetHints":{"allow":["GET"]}}],"collection":[{"href":"https:\/\/www.achilles.com\/es\/wp-json\/wp\/v2\/pages"}],"about":[{"href":"https:\/\/www.achilles.com\/es\/wp-json\/wp\/v2\/types\/page"}],"author":[{"embeddable":true,"href":"https:\/\/www.achilles.com\/es\/wp-json\/wp\/v2\/users\/24"}],"replies":[{"embeddable":true,"href":"https:\/\/www.achilles.com\/es\/wp-json\/wp\/v2\/comments?post=54080"}],"version-history":[{"count":0,"href":"https:\/\/www.achilles.com\/es\/wp-json\/wp\/v2\/pages\/54080\/revisions"}],"wp:featuredmedia":[{"embeddable":true,"href":"https:\/\/www.achilles.com\/es\/wp-json\/wp\/v2\/media\/65252"}],"wp:attachment":[{"href":"https:\/\/www.achilles.com\/es\/wp-json\/wp\/v2\/media?parent=54080"}],"curies":[{"name":"wp","href":"https:\/\/api.w.org\/{rel}","templated":true}]}}