{"id":3492,"date":"2023-06-07T11:20:10","date_gmt":"2023-06-07T10:20:10","guid":{"rendered":"https:\/\/uat.achilles.com\/?page_id=3492"},"modified":"2026-01-19T16:20:25","modified_gmt":"2026-01-19T16:20:25","slug":"construccion","status":"publish","type":"page","link":"https:\/\/www.achilles.com\/es\/construccion\/","title":{"rendered":"Construcci\u00f3n"},"content":{"rendered":"    <div class=\"top_section\">\n        <div class=\"container\">\n            <div class=\"top_info\">\n                                    <h1 class=\"top_title\">Soluciones de riesgo en la cadena de suministro para el sector de la construcci\u00f3n<\/h1>\n                                    <div class=\"top_text\">\n                        <p>La rigurosa validaci\u00f3n de Achilles, las auditor\u00edas virtuales y presenciales y las entrevistas a los trabajadores permiten a las principales empresas de la construcci\u00f3n lograr una transparencia de la cadena de suministro y una confianza en los informes, y contribuyen a construir una industria m\u00e1s segura, justa y sostenible.<\/p>\n                    <\/div>\n                                    <div class=\"top_buttons\">\n                                                    <a class=\"btn btn_white btn_big\" href=\"https:\/\/www.achilles.com\/es\/contactenos\/\">Cont\u00e1ctanos<\/a>\n                                            <\/div>\n                            <\/div>\n        <\/div>\n        <div class=\"top_media\">\n\t\t\t            <img decoding=\"async\" src=\"https:\/\/www.achilles.com\/app\/uploads\/2024\/10\/trabajadores-de-la-industria-de-la-construccion-frente-a-una-obra-1.jpg\" alt=\"\">\n                    <\/div>\n    <\/div>\n\n\n    <div class=\"content_section\">\r\n        <div class=\"container\">\r\n                        <div class=\"description_section\">\r\n                                <p class=\"title_category\">CLIENTES DE ACHILLES<\/p>\r\n                                <h2 class=\"title_section\">Las principales empresas de construcci\u00f3n del mundo eligen Achilles<\/h2>\r\n                                <div class=\"typical_text middle_text\">\r\n                    <p>Achilles trabaja con las principales empresas de construcci\u00f3n del mundo proporcionando apoyo en todos los continentes para reducir las emisiones y el impacto medioambiental en general, erradicar la esclavitud moderna, erradicar el trabajo infantil, apoyar las mejoras continuas de la cadena de suministro y garantizar la confianza en los informes de diligencia debida de la cadena de suministro.<\/p>\n                <\/div>\r\n                            <\/div>\r\n                        <div class=\"logos_wrap\">\r\n                                <div class=\"logo_item\">\r\n                    <img decoding=\"async\" src=\"https:\/\/www.achilles.com\/app\/uploads\/2023\/06\/mace-e1524647954682-1.jpg\" alt=\"\" width=\"250\">\r\n                <\/div>\r\n                                <div class=\"logo_item\">\r\n                    <img decoding=\"async\" src=\"https:\/\/www.achilles.com\/app\/uploads\/2023\/09\/multiplex.jpeg\" alt=\"\" width=\"250\">\r\n                <\/div>\r\n                                <div class=\"logo_item\">\r\n                    <img decoding=\"async\" src=\"https:\/\/www.achilles.com\/app\/uploads\/2023\/09\/sisk-logo-transparent-1.png\" alt=\"The Sisk logo is a red lozenge with a thin white line inside with the SISK name in white outlined text and the words Builders and Contractors above and below it.\" width=\"250\">\r\n                <\/div>\r\n                                <div class=\"logo_item\">\r\n                    <img decoding=\"async\" src=\"https:\/\/www.achilles.com\/app\/uploads\/2023\/09\/Laing-ORourke.jpeg\" alt=\"\" width=\"246\">\r\n                <\/div>\r\n                                <div class=\"logo_item\">\r\n                    <img decoding=\"async\" src=\"https:\/\/www.achilles.com\/app\/uploads\/2023\/06\/Lendlease-logo.png\" alt=\"\" width=\"248\">\r\n                <\/div>\r\n                                <div class=\"logo_item\">\r\n                    <img decoding=\"async\" src=\"https:\/\/www.achilles.com\/app\/uploads\/2023\/06\/tarmac-logo.png\" alt=\"\" width=\"250\">\r\n                <\/div>\r\n                                <div class=\"logo_item\">\r\n                    <img decoding=\"async\" src=\"https:\/\/www.achilles.com\/app\/uploads\/2023\/06\/Costain-e1524648164759.jpg\" alt=\"\" width=\"249\">\r\n                <\/div>\r\n                                <div class=\"logo_item\">\r\n                    <img decoding=\"async\" src=\"https:\/\/www.achilles.com\/app\/uploads\/2023\/10\/Kier-logo.jpeg\" alt=\"\" width=\"249\">\r\n                <\/div>\r\n                                <div class=\"logo_item\">\r\n                    <img decoding=\"async\" src=\"https:\/\/www.achilles.com\/app\/uploads\/2023\/10\/RSK-logo.jpeg\" alt=\"\" width=\"250\">\r\n                <\/div>\r\n                            <\/div>\r\n                    <\/div>\r\n    <\/div>\r\n\n\n    <div class=\"content_section\">\r\n        <div class=\"container\">\r\n                        <div class=\"posts_panel\">\r\n                <div class=\"description_section\">\r\n                                        <p class=\"title_category\">Casos de \u00e9xito<\/p>\r\n                     \r\n                    <h2 class=\"title_section\">Los clientes de Achilles son l\u00edderes del mercado a la vanguardia en t\u00e9rminos ESG<\/h2>\r\n                                    <\/div>\r\n                            <\/div>\r\n                                    <div class=\"posts_wrap\">\r\n                                <div class=\"post_item\">\r\n                    <div class=\"post_item_top\">\r\n                                                <a class=\"post_item_img\" href=\"https:\/\/www.achilles.com\/es\/informacion-sectorial\/google-centros-datos-proveedores\/\">\r\n                            <img decoding=\"async\" src=\"https:\/\/www.achilles.com\/app\/uploads\/2026\/03\/Achilles-Google-Supply-Chain-Risk-banner.png\" alt=\"Desarrollo de una red escalable, sostenible y resiliente para proyectos de centros de datos\">\r\n                        <\/a>\r\n                                                <ul class=\"post_item_categories\">\r\n                                                        <li>Casos de \u00e9xito<\/li>\r\n                                                        <li>Informaci\u00f3n sectorial<\/li>\r\n                                                    <\/ul>\r\n                    <\/div>\r\n                    <a class=\"post_item_name\" href=\"https:\/\/www.achilles.com\/es\/informacion-sectorial\/google-centros-datos-proveedores\/\">Desarrollo de una red escalable, sostenible y resiliente para proyectos de centros de datos<\/a>\r\n                <\/div>\r\n                                <div class=\"post_item\">\r\n                    <div class=\"post_item_top\">\r\n                                                <a class=\"post_item_img\" href=\"https:\/\/www.achilles.com\/es\/informacion-sectorial\/ametel-un-proveedor-estrategico-preparado-para-los-nuevos-estandares-esg\/\">\r\n                            <img decoding=\"async\" src=\"https:\/\/www.achilles.com\/app\/uploads\/2026\/02\/home-content-4-2.png\" alt=\"AMETEL: un proveedor estrat\u00e9gico preparado para los nuevos est\u00e1ndares ESG\">\r\n                        <\/a>\r\n                                                <ul class=\"post_item_categories\">\r\n                                                        <li>Casos de \u00e9xito<\/li>\r\n                                                        <li>Informaci\u00f3n sectorial<\/li>\r\n                                                    <\/ul>\r\n                    <\/div>\r\n                    <a class=\"post_item_name\" href=\"https:\/\/www.achilles.com\/es\/informacion-sectorial\/ametel-un-proveedor-estrategico-preparado-para-los-nuevos-estandares-esg\/\">AMETEL: un proveedor estrat\u00e9gico preparado para los nuevos est\u00e1ndares ESG<\/a>\r\n                <\/div>\r\n                                <div class=\"post_item\">\r\n                    <div class=\"post_item_top\">\r\n                                                <a class=\"post_item_img\" href=\"https:\/\/www.achilles.com\/es\/informations-sectorielles\/poly-rafia-la-estrategia-de-sustentabilidad-como-ventaja-competitiva-estructural\/\">\r\n                            <img decoding=\"async\" src=\"https:\/\/www.achilles.com\/app\/uploads\/2026\/02\/polyrafia.jpg\" alt=\"Poly Rafia: La estrategia de sustentabilidad como ventaja competitiva estructural.\">\r\n                        <\/a>\r\n                                                <ul class=\"post_item_categories\">\r\n                                                        <li>Casos de \u00e9xito<\/li>\r\n                                                        <li>Informaci\u00f3n sectorial<\/li>\r\n                                                    <\/ul>\r\n                    <\/div>\r\n                    <a class=\"post_item_name\" href=\"https:\/\/www.achilles.com\/es\/informations-sectorielles\/poly-rafia-la-estrategia-de-sustentabilidad-como-ventaja-competitiva-estructural\/\">Poly Rafia: La estrategia de sustentabilidad como ventaja competitiva estructural.<\/a>\r\n                <\/div>\r\n                            <\/div>\r\n                    <\/div>\r\n    <\/div>\r\n\n\n    <div class=\"content_section\">\r\n        <div class=\"container\">\r\n                        <div class=\"description_section\">\r\n                                <p class=\"title_category\">SOLUCIONES PARA LA CADENA DE SUMINISTRO<\/p>\r\n                                <h2 class=\"title_section\">Soluciones para una industria de la construcci\u00f3n m\u00e1s segura, m\u00e1s justa y con menos emisiones de carbono<\/h2>\r\n                                <div class=\"typical_text middle_text\">\r\n                    <p>Achilles tiene muchas d\u00e9cadas de experiencia trabajando con las principales marcas de construcci\u00f3n del mundo para abordar los riesgos de la cadena de suministro, reducir las emisiones de carbono y ofrecer una transparencia excepcional de la cadena de suministro.<\/p>\n                <\/div>\r\n                            <\/div>\r\n                        <div class=\"features_wrap features_four\">\r\n                                <div class=\"feature_item\">\r\n                                        <div class=\"feature_item_icon\">\r\n                        <img decoding=\"async\" src=\"https:\/\/www.achilles.com\/app\/uploads\/2025\/02\/Supplier-search-icon.png\" alt=\"Stand out in a crowd supplier icon\">\r\n                    <\/div>\r\n                                        <h3 class=\"feature_item_name\">Red de proveedores evaluados<\/h3>\r\n                                        <div class=\"typical_text\">\r\n                        <p>Accede a una base de datos rigurosamente evaluada y validada de proveedores globales del sector de la construcci\u00f3n que cumplen con las regulaciones locales e internacionales de ESG y compras.<\/p>\n                    <\/div>\r\n                                        <a class=\"btn\" aria-label=\"Red de proveedores evaluados - M\u00e1s informaci\u00f3n\" href=\"https:\/\/www.achilles.com\/es\/prequalified-supplier-network\/\">M\u00e1s informaci\u00f3n<\/a>\r\n                                    <\/div>\r\n                                <div class=\"feature_item\">\r\n                                        <div class=\"feature_item_icon\">\r\n                        <img decoding=\"async\" src=\"https:\/\/www.achilles.com\/app\/uploads\/2025\/02\/Document-Validation-icon.png\" alt=\"magnifying glass over 2 pieces of paper\">\r\n                    <\/div>\r\n                                        <h3 class=\"feature_item_name\">Diligencia debida del proveedor<\/h3>\r\n                                        <div class=\"typical_text\">\r\n                        <p>Una evaluaci\u00f3n y validaci\u00f3n rigurosas de tu cadena de suministro para asegurarnos de que tus proveedores cumplen con tus est\u00e1ndares y con las regulaciones relevantes para tus operaciones.<\/p>\n                    <\/div>\r\n                                        <a class=\"btn\" aria-label=\"Diligencia debida del proveedor - M\u00e1s informaci\u00f3n\" href=\"https:\/\/www.achilles.com\/es\/supply-chain-due-diligence\/\">M\u00e1s informaci\u00f3n<\/a>\r\n                                    <\/div>\r\n                                <div class=\"feature_item\">\r\n                                        <div class=\"feature_item_icon\">\r\n                        <img decoding=\"async\" src=\"https:\/\/www.achilles.com\/app\/uploads\/2025\/02\/Carbon-Green-scales-weigh-icon.png\" alt=\"icon green. scales balancing CO2 and a lead\">\r\n                    <\/div>\r\n                                        <h3 class=\"feature_item_name\">Reducci\u00f3n de carbono<\/h3>\r\n                                        <div class=\"typical_text\">\r\n                        <p>Mide, gestiona y reduce de manera efectiva tu huella de carbono con el \u00fanico Esquema de Gesti\u00f3n de Carbono ISO14064-1 en el mundo.<\/p>\n                    <\/div>\r\n                                    <\/div>\r\n                                <div class=\"feature_item\">\r\n                                        <div class=\"feature_item_icon\">\r\n                        <img decoding=\"async\" src=\"https:\/\/www.achilles.com\/app\/uploads\/2025\/02\/Certificate-icon.png\" alt=\"Certificate icon\">\r\n                    <\/div>\r\n                                        <h3 class=\"feature_item_name\">Gesti\u00f3n de la CAE<\/h3>\r\n                                        <div class=\"typical_text\">\r\n                        <p>Achilles Controlar es la forma m\u00e1s simple, segura y eficaz de gestionar la documentaci\u00f3n de tus contratistas, garantizar el cumplimiento de las normas de salud, seguridad y otras normas laborales y evitar posibles accidentes, multas y sanciones.<\/p>\n                    <\/div>\r\n                                        <a class=\"btn\" aria-label=\"Gesti\u00f3n de la CAE - M\u00e1s informaci\u00f3n\" href=\"https:\/\/www.achilles.com\/es\/plataforma-cae-controlar\/\">M\u00e1s informaci\u00f3n<\/a>\r\n                                    <\/div>\r\n                            <\/div>\r\n                    <\/div>\r\n    <\/div>\r\n\n\n    <div class=\"content_section\">\r\n        <div class=\"container\">\r\n                        <div class=\"description_section big\">\r\n                                <h2 class=\"title_section\">Globales. Y locales.<\/h2>\r\n                                <div class=\"typical_text middle_text\">\r\n                    <p>Achilles opera en 17 ubicaciones de todo el mundo para proporcionar la presencia local que garantiza tanto un profundo conocimiento de la normativa, el idioma y la cultura locales, como la escala global que permite una gesti\u00f3n superior de los riesgos de la cadena de suministro.<\/p>\n                <\/div>\r\n                            <\/div>\r\n                                    <div class=\"features_wrap\">\r\n                                <div class=\"feature_item center\">\r\n                                        <div class=\"feature_item_icon\">\r\n                        <img decoding=\"async\" src=\"https:\/\/www.achilles.com\/app\/uploads\/2023\/10\/Achilles-Community-Logo-Achilles-Network-1.png\" alt=\"\">\r\n                    <\/div>\r\n                                        <h3 class=\"feature_item_name\">Achilles Network, Global<\/h3>\r\n                                        <div class=\"typical_text middle_text\">\r\n                        <p>La comunidad Achilles Network proporciona acceso a un mercado global de compradores y proveedores validados por la norma de oro Achilles, tanto en el sector de la Construcci\u00f3n como en otros sectores.<\/p>\r\n                    <\/div>\r\n                                        <a class=\"btn btn_big\" aria-label=\"Achilles Network, Global - M\u00e1s informaci\u00f3n\" href=\"https:\/\/www.achilles.com\/es\/comunidad\/achilles-network\/\">M\u00e1s informaci\u00f3n<\/a>\r\n                                    <\/div>\r\n                                <div class=\"feature_item center\">\r\n                                        <div class=\"feature_item_icon\">\r\n                        <img decoding=\"async\" src=\"https:\/\/www.achilles.com\/app\/uploads\/2023\/06\/BuidlingConfidence_RGB-scaled.jpg\" alt=\"\">\r\n                    <\/div>\r\n                                        <h3 class=\"feature_item_name\">BuildingConfidence, Reino Unido<\/h3>\r\n                                        <div class=\"typical_text middle_text\">\r\n                        <p>El est\u00e1ndar de oro de la construcci\u00f3n en el Reino Unido que proporciona la certificaci\u00f3n de Safety Schemes in Procurement (SSIP) y el Common Assessment Standard (CAS).<\/p>\r\n                    <\/div>\r\n                                        <a class=\"btn btn_big\" aria-label=\"BuildingConfidence, Reino Unido - M\u00e1s informaci\u00f3n\" href=\"https:\/\/www.achilles.com\/es\/comunidad\/buildingconfidence\/\">M\u00e1s informaci\u00f3n<\/a>\r\n                                    <\/div>\r\n                                <div class=\"feature_item center\">\r\n                                        <div class=\"feature_item_icon\">\r\n                        <img decoding=\"async\" src=\"https:\/\/www.achilles.com\/app\/uploads\/2023\/10\/StartBank-e1698055350284.png\" alt=\"\">\r\n                    <\/div>\r\n                                        <h3 class=\"feature_item_name\">StartBank, Europa del Norte<\/h3>\r\n                                        <div class=\"typical_text middle_text\">\r\n                        <p>Lanzada en 2005 en colaboraci\u00f3n con la Asociaci\u00f3n Noruega de la Industria de la Construcci\u00f3n para satisfacer las necesidades legislativas y de gesti\u00f3n de riesgos cada vez m\u00e1s exigentes de los clientes de la construcci\u00f3n y la gesti\u00f3n de instalaciones.<\/p>\r\n                    <\/div>\r\n                                        <a class=\"btn btn_big\" aria-label=\"StartBank, Europa del Norte - M\u00e1s informaci\u00f3n\" href=\"https:\/\/www.achilles.com\/es\/community\/startbank\/\">M\u00e1s informaci\u00f3n<\/a>\r\n                                    <\/div>\r\n                            <\/div>\r\n                                <\/div>\r\n    <\/div>\r\n\n\n    <div class=\"content_section\">\r\n        <div class=\"container\">\r\n                        <div class=\"posts_panel\">\r\n                <div class=\"description_section\">\r\n                                        <p class=\"title_category\">Recursos del sector de la construcci\u00f3n<\/p>\r\n                     \r\n                    <h2 class=\"title_section\">Recomendado para ti<\/h2>\r\n                                    <\/div>\r\n                            <\/div>\r\n                                    <div class=\"posts_wrap\">\r\n                                <div class=\"post_item\">\r\n                    <div class=\"post_item_top\">\r\n                                                <a class=\"post_item_img\" href=\"https:\/\/www.achilles.com\/es\/informacion-sectorial\/google-centros-datos-proveedores\/\">\r\n                            <img decoding=\"async\" src=\"https:\/\/www.achilles.com\/app\/uploads\/2026\/03\/Achilles-Google-Supply-Chain-Risk-banner.png\" alt=\"Desarrollo de una red escalable, sostenible y resiliente para proyectos de centros de datos\">\r\n                        <\/a>\r\n                                                <ul class=\"post_item_categories\">\r\n                                                        <li>Casos de \u00e9xito<\/li>\r\n                                                        <li>Informaci\u00f3n sectorial<\/li>\r\n                                                    <\/ul>\r\n                    <\/div>\r\n                    <a class=\"post_item_name\" href=\"https:\/\/www.achilles.com\/es\/informacion-sectorial\/google-centros-datos-proveedores\/\">Desarrollo de una red escalable, sostenible y resiliente para proyectos de centros de datos<\/a>\r\n                <\/div>\r\n                                <div class=\"post_item\">\r\n                    <div class=\"post_item_top\">\r\n                                                <a class=\"post_item_img\" href=\"https:\/\/www.achilles.com\/es\/informacion-sectorial\/ametel-un-proveedor-estrategico-preparado-para-los-nuevos-estandares-esg\/\">\r\n                            <img decoding=\"async\" src=\"https:\/\/www.achilles.com\/app\/uploads\/2026\/02\/home-content-4-2.png\" alt=\"AMETEL: un proveedor estrat\u00e9gico preparado para los nuevos est\u00e1ndares ESG\">\r\n                        <\/a>\r\n                                                <ul class=\"post_item_categories\">\r\n                                                        <li>Casos de \u00e9xito<\/li>\r\n                                                        <li>Informaci\u00f3n sectorial<\/li>\r\n                                                    <\/ul>\r\n                    <\/div>\r\n                    <a class=\"post_item_name\" href=\"https:\/\/www.achilles.com\/es\/informacion-sectorial\/ametel-un-proveedor-estrategico-preparado-para-los-nuevos-estandares-esg\/\">AMETEL: un proveedor estrat\u00e9gico preparado para los nuevos est\u00e1ndares ESG<\/a>\r\n                <\/div>\r\n                                <div class=\"post_item\">\r\n                    <div class=\"post_item_top\">\r\n                                                <a class=\"post_item_img\" href=\"https:\/\/www.achilles.com\/es\/informations-sectorielles\/poly-rafia-la-estrategia-de-sustentabilidad-como-ventaja-competitiva-estructural\/\">\r\n                            <img decoding=\"async\" src=\"https:\/\/www.achilles.com\/app\/uploads\/2026\/02\/polyrafia.jpg\" alt=\"Poly Rafia: La estrategia de sustentabilidad como ventaja competitiva estructural.\">\r\n                        <\/a>\r\n                                                <ul class=\"post_item_categories\">\r\n                                                        <li>Casos de \u00e9xito<\/li>\r\n                                                        <li>Informaci\u00f3n sectorial<\/li>\r\n                                                    <\/ul>\r\n                    <\/div>\r\n                    <a class=\"post_item_name\" href=\"https:\/\/www.achilles.com\/es\/informations-sectorielles\/poly-rafia-la-estrategia-de-sustentabilidad-como-ventaja-competitiva-estructural\/\">Poly Rafia: La estrategia de sustentabilidad como ventaja competitiva estructural.<\/a>\r\n                <\/div>\r\n                            <\/div>\r\n                    <\/div>\r\n    <\/div>\r\n\n\n    <div class=\"contact_main\">\r\n        <div class=\"contact_bg\">\r\n                        <img decoding=\"async\" src=\"https:\/\/www.achilles.com\/app\/uploads\/2023\/07\/Construction-site-black-overlay-scaled-1.jpg\" alt=\"\">\r\n                    <\/div>\r\n        <div class=\"container\">\r\n            <div class=\"contact_content\">\r\n                <div class=\"contact_wrapper\">\r\n                <div class=\"contact_content_description\">\r\n                                        <h1 class=\"title_page\">Cont\u00e1ctanos<\/h1>\r\n                                        <h5 class=\"contact_content_subtitle\">Habla con uno de nuestros expertos en ESG y gesti\u00f3n del carbono<\/h5>\r\n                                    <\/div>\r\n                <\/div>\r\n                <div class=\"contact_reqiest\">\r\n                    <script charset=\"utf-8\" type=\"text\/javascript\" src=\"\/\/js.hsforms.net\/forms\/embed\/v2.js\"><\/script>\r\n<script>\r\n  hbspt.forms.create({\r\n    region: \"na1\",\r\n    portalId: \"5387762\",\r\n    formId: \"3354ee4e-a554-4ea7-9a18-3d2d39739a6e\"\r\n  });\r\n<\/script>                <\/div>\r\n            <\/div>\r\n        <\/div>\r\n    <\/div>\r\n\r\n","protected":false},"excerpt":{"rendered":"","protected":false},"author":2,"featured_media":0,"parent":0,"menu_order":0,"comment_status":"closed","ping_status":"closed","template":"","meta":{"_acf_changed":true,"content-type":"","footnotes":""},"class_list":["post-3492","page","type-page","status-publish","hentry"],"acf":[],"_links":{"self":[{"href":"https:\/\/www.achilles.com\/es\/wp-json\/wp\/v2\/pages\/3492","targetHints":{"allow":["GET"]}}],"collection":[{"href":"https:\/\/www.achilles.com\/es\/wp-json\/wp\/v2\/pages"}],"about":[{"href":"https:\/\/www.achilles.com\/es\/wp-json\/wp\/v2\/types\/page"}],"author":[{"embeddable":true,"href":"https:\/\/www.achilles.com\/es\/wp-json\/wp\/v2\/users\/2"}],"replies":[{"embeddable":true,"href":"https:\/\/www.achilles.com\/es\/wp-json\/wp\/v2\/comments?post=3492"}],"version-history":[{"count":0,"href":"https:\/\/www.achilles.com\/es\/wp-json\/wp\/v2\/pages\/3492\/revisions"}],"wp:attachment":[{"href":"https:\/\/www.achilles.com\/es\/wp-json\/wp\/v2\/media?parent=3492"}],"curies":[{"name":"wp","href":"https:\/\/api.w.org\/{rel}","templated":true}]}}