{"id":2517,"date":"2023-05-17T12:32:49","date_gmt":"2023-05-17T11:32:49","guid":{"rendered":"https:\/\/uat.achilles.com\/member-login\/"},"modified":"2025-09-17T09:54:33","modified_gmt":"2025-09-17T08:54:33","slug":"miembro-login","status":"publish","type":"page","link":"https:\/\/www.achilles.com\/es\/inicio-sesion-miembros\/","title":{"rendered":"Inicio de sesi\u00f3n"},"content":{"rendered":"\n<div class=\"wp-block-columns is-layout-flex wp-container-core-columns-is-layout-9d6595d7 wp-block-columns-is-layout-flex\">\n<div class=\"wp-block-column is-layout-flow wp-block-column-is-layout-flow\"><\/div>\n\n\n\n<div class=\"wp-block-column is-layout-flow wp-block-column-is-layout-flow\"><\/div>\n<\/div>\n\n\n    <div class=\"top_section\">\n        <div class=\"container\">\n            <div class=\"top_info half\">\n                                    <h1 class=\"top_title\">Miembros de la comunidad<\/h1>\n                                    <div class=\"top_text\">\n                        <p>Bienvenido al centro de Miembros de la comunidad Achilles Network<\/p>\n<p>Nuestros miembros son los que hacen de Achilles una red verdaderamente global.<\/p>\n<p>Selecciona los enlaces siguientes para acceder a tu cuenta de Achilles.<\/p>\n                    <\/div>\n                                    <div class=\"top_buttons\">\n                                                    <a class=\"btn btn_big\" href=\"#log-in\">Iniciar sesi\u00f3n<\/a>\n                                                    <a class=\"btn btn_white\" href=\"#joinnow\">\u00bfNo eres miembro? \u00danete a una red<\/a>\n                                            <\/div>\n                            <\/div>\n        <\/div>\n        <div class=\"top_media\">\n\t\t\t            <img decoding=\"async\" src=\"https:\/\/www.achilles.com\/app\/uploads\/2025\/06\/Copy-of-Website-Main-Header-Full-Width-LIMIT-to-1000KB-4-1.png\" alt=\"Three men in hi-vis uniforms, one wearing a blue hat, one wearing a white hat and the other wearing yellow all looking at a laptop at a construction site\">\n                    <\/div>\n    <\/div>\n\n\n    <div class=\"content_section\" id=\"log-in\">\r\n        <div class=\"container\">\r\n                                    <div class=\"features_wrap\">\r\n                                <div class=\"feature_item center\">\r\n                                        <div class=\"feature_item_icon\">\r\n                        <img decoding=\"async\" src=\"https:\/\/www.achilles.com\/app\/uploads\/2025\/05\/Achilles-Icon-Map-Plain.png\" alt=\"\">\r\n                    <\/div>\r\n                                        <h3 class=\"feature_item_name\">MyAchilles<\/h3>\r\n                                        <div class=\"typical_text middle_text\">\r\n                        <p>Accede aqu\u00ed a todas las redes globales de Achilles<\/p>\r\n                    <\/div>\r\n                                        <a target=\"_blank\" class=\"btn btn_big\" aria-label=\"MyAchilles - Iniciar sesi\u00f3n\" href=\"https:\/\/achillesauth.b2clogin.com\/AchillesAuth.onmicrosoft.com\/oauth2\/v2.0\/authorize?p=B2C_1A_RPSIGNUPORSIGNINV3&#038;client_id=9e433f9b-03a8-42f4-8ce6-145330a7b5e1&#038;nonce=defaultNonce&#038;redirect_uri=https%3A%2f%2fmy.achilles.com%2fauthentication%2flogin&#038;scope=openid&#038;response_type=id_token&#038;ui_locales=es-ES&#038;snapEngageId=e3dfc40e-1f2c-4fdc-a90f-e8cf66a21417&#038;userlaneId=5nrrd\">Iniciar sesi\u00f3n<\/a>\r\n                                    <\/div>\r\n                                <div class=\"feature_item center\">\r\n                                        <div class=\"feature_item_icon\">\r\n                        <img decoding=\"async\" src=\"https:\/\/www.achilles.com\/app\/uploads\/2025\/05\/Achilles-Icon-Teal-250px.png\" alt=\"\">\r\n                    <\/div>\r\n                                        <h3 class=\"feature_item_name\">Plataforma CAE<\/h3>\r\n                                        <div class=\"typical_text middle_text\">\r\n                        <p>Para todos los usuarios de Controlar.<\/p>\r\n                    <\/div>\r\n                                        <a class=\"btn btn_big\" aria-label=\"Plataforma CAE - Iniciar sesi\u00f3n\" href=\"https:\/\/controlar.achilles.com\">Iniciar sesi\u00f3n<\/a>\r\n                                    <\/div>\r\n                            <\/div>\r\n                                <\/div>\r\n    <\/div>\r\n\n\n    <div class=\"content_section\" id=\"joinnow\">\r\n        <div class=\"container\">\r\n                        <div class=\"description_section big\">\r\n                                <h2 class=\"title_section\">\u00bfNo eres miembro?<\/h2>\r\n                                <div class=\"typical_text middle_text\">\r\n                    <p>Si no eres miembro de una red Achilles, empieza ahora: unirse a Achilles con una cuenta b\u00e1sica es totalmente gratuito.<\/p>\n                <\/div>\r\n                            <\/div>\r\n                                    <div class=\"features_wrap\">\r\n                                <div class=\"feature_item center\">\r\n                                        <div class=\"feature_item_icon\">\r\n                        <img decoding=\"async\" src=\"https:\/\/www.achilles.com\/app\/uploads\/2025\/05\/Achilles-Icon-Teal-250px.png\" alt=\"\">\r\n                    <\/div>\r\n                                        <h3 class=\"feature_item_name\">Red Global Achilles<\/h3>\r\n                                        <div class=\"typical_text middle_text\">\r\n                        <p>\u00danete a la creciente red mundial Achilles para encontrar nuevos proveedores precalificados y demostrar que tus credenciales de proveedor llegan a m\u00e1s compradores.<\/p>\r\n                    <\/div>\r\n                                        <a class=\"btn btn_big\" aria-label=\"Red Global Achilles - \u00danete a\" href=\"https:\/\/my.achilles.com\/join-community?communitycode=ANT\">\u00danete a<\/a>\r\n                                    <\/div>\r\n                                <div class=\"feature_item center\">\r\n                                        <div class=\"feature_item_icon\">\r\n                        <img decoding=\"async\" src=\"https:\/\/www.achilles.com\/app\/uploads\/2023\/10\/Startbank-icon-200x200-1.jpg\" alt=\"\">\r\n                    <\/div>\r\n                                        <h3 class=\"feature_item_name\">\u00danete a StartBANK<\/h3>\r\n                                        <div class=\"typical_text middle_text\">\r\n                        <p>StartBANK satisface las exigentes necesidades legislativas y de gesti\u00f3n de riesgos de los clientes de la construcci\u00f3n y la gesti\u00f3n de instalaciones en toda Noruega.<\/p>\r\n                    <\/div>\r\n                                        <a class=\"btn btn_big\" aria-label=\"\u00danete a StartBANK - \u00danete a StartBank\" href=\"https:\/\/my.achilles.com\/join-community?communitycode=STA&#038;lang=en-GB\">\u00danete a StartBank<\/a>\r\n                                    <\/div>\r\n                                <div class=\"feature_item center\">\r\n                                        <div class=\"feature_item_icon\">\r\n                        <img decoding=\"async\" src=\"https:\/\/www.achilles.com\/app\/uploads\/2025\/08\/global-coverage-icon.png\" alt=\"Icon depicting global coverage\">\r\n                    <\/div>\r\n                                        <h3 class=\"feature_item_name\">Encuentra una Red<\/h3>\r\n                                        <div class=\"typical_text middle_text\">\r\n                        <p>\u00bfNo est\u00e1s seguro de a qu\u00e9 red unirte? Empieza aqu\u00ed para averiguar qu\u00e9 parte de nuestra red mundial es para ti.<\/p>\r\n                    <\/div>\r\n                                        <a class=\"btn btn_big\" aria-label=\"Encuentra una Red - Empieza ahora\" href=\"\/find-a-network\">Empieza ahora<\/a>\r\n                                    <\/div>\r\n                            <\/div>\r\n                                <\/div>\r\n    <\/div>\r\n\n\n    <div class=\"content_section\">\r\n        <div class=\"container\">\r\n            <div class=\"find_network\">\r\n                                <div class=\"find_network_left\">\r\n                                        <div class=\"description_section full\">\r\n                                                <p class=\"title_category\">Encontrar una comunidad<\/p>\r\n                                                <h2 class=\"title_block\">Buscar por empresa o red<\/h2>\r\n                                            <\/div>\r\n                                        <form class=\"network_search\" action=\"#\" method=\"get\">\r\n                        <div class=\"autocomplete_box\">\r\n                            <input class=\"search_field autocomplete_field\" data-path=\"https:\/\/www.achilles.com\/app\/themes\/achilles\/json.php?networks\" type=\"text\" placeholder=\"Introduce aqu\u00ed el nombre de la empresa o de la red\">\r\n                            <ul class=\"autocomplete_list\"><\/ul>\r\n                        <\/div>\r\n                    <\/form>\r\n                <\/div>\r\n                            <\/div>\r\n                        <div class=\"find_network_view\">\r\n                <a class=\"link\" href=\"https:\/\/www.achilles.com\/es\/community\/\">Mostrar todas las comunidades<\/a>\r\n            <\/div>\r\n                    <\/div>\r\n    <\/div>\r\n","protected":false},"excerpt":{"rendered":"","protected":false},"author":1,"featured_media":23705,"parent":0,"menu_order":0,"comment_status":"closed","ping_status":"closed","template":"","meta":{"_acf_changed":true,"content-type":"","footnotes":""},"class_list":["post-2517","page","type-page","status-publish","has-post-thumbnail","hentry"],"acf":[],"_links":{"self":[{"href":"https:\/\/www.achilles.com\/es\/wp-json\/wp\/v2\/pages\/2517","targetHints":{"allow":["GET"]}}],"collection":[{"href":"https:\/\/www.achilles.com\/es\/wp-json\/wp\/v2\/pages"}],"about":[{"href":"https:\/\/www.achilles.com\/es\/wp-json\/wp\/v2\/types\/page"}],"author":[{"embeddable":true,"href":"https:\/\/www.achilles.com\/es\/wp-json\/wp\/v2\/users\/1"}],"replies":[{"embeddable":true,"href":"https:\/\/www.achilles.com\/es\/wp-json\/wp\/v2\/comments?post=2517"}],"version-history":[{"count":0,"href":"https:\/\/www.achilles.com\/es\/wp-json\/wp\/v2\/pages\/2517\/revisions"}],"wp:featuredmedia":[{"embeddable":true,"href":"https:\/\/www.achilles.com\/es\/wp-json\/wp\/v2\/media\/23705"}],"wp:attachment":[{"href":"https:\/\/www.achilles.com\/es\/wp-json\/wp\/v2\/media?parent=2517"}],"curies":[{"name":"wp","href":"https:\/\/api.w.org\/{rel}","templated":true}]}}