{"id":24835,"date":"2023-06-12T17:16:16","date_gmt":"2023-06-12T16:16:16","guid":{"rendered":"https:\/\/uat.achilles.com\/products\/declaracion-de-seguro-limitado\/"},"modified":"2023-10-17T01:11:08","modified_gmt":"2023-10-16T22:11:08","slug":"declaracion-de-seguro-limitado","status":"publish","type":"page","link":"https:\/\/www.achilles.com\/es\/products\/declaracion-de-seguro-limitado\/","title":{"rendered":"Declaraci\u00f3n de fiabilidad"},"content":{"rendered":"    <div class=\"top_section\">\n        <div class=\"container\">\n            <div class=\"top_info half\">\n                                    <h1 class=\"top_title\">Declaraci\u00f3n de fiabilidad<\/h1>\n                                    <div class=\"top_text\">\n                        <p>La Declaraci\u00f3n de Garant\u00eda Limitada de Achilles proporciona una verificaci\u00f3n y validaci\u00f3n exhaustivas de las declaraciones de sostenibilidad en el contexto de los pr\u00e9stamos vinculados a la sostenibilidad.<\/p>\n                    <\/div>\n                                    <div class=\"top_buttons\">\n                                                    <a class=\"btn btn_big\" href=\"\/contact-us\">Habla con un experto en Aquiles<\/a>\n                                            <\/div>\n                            <\/div>\n        <\/div>\n        <div class=\"top_media\">\n\t\t\t            <img decoding=\"async\" src=\"https:\/\/www.achilles.com\/app\/uploads\/2023\/10\/iStock-1181720111-scaled.jpg\" alt=\"\">\n                    <\/div>\n    <\/div>\n    <div class=\"content_section page_default_text\">\r\n        <div class=\"container\">\r\n            <article class=\"article_wrap\">\r\n                <div class=\"article_main\">\r\n                    <div class=\"typical_text\">\r\n                        <p class=\"p1\">La Declaraci\u00f3n de Garant\u00eda Achilles abarca todos los aspectos cruciales de la garant\u00eda financiera, permitiendo a los prestamistas tomar decisiones informadas y comprometerse en una financiaci\u00f3n responsable con confianza, y a los prestatarios demostrar claramente un rendimiento ambicioso, material y cuantificable respecto a los KPI medioambientales, sociales y de gobernanza y los Objetivos de Rendimiento de Sostenibilidad (ODS).<\/p>\n \r\n                    <\/div>\r\n                <\/div>\r\n            <\/article>\r\n        <\/div>\r\n    <\/div>\r\n            <div class=\"content_section bg_grey\">\r\n            <div class=\"container\">\r\n                <div class=\"content_wrap\">\r\n                    <div class=\"content_info ogo2\">\r\n                                                <h2 class=\"title_page\">Verificaci\u00f3n independiente y rigurosa<\/h2>\r\n                                                <div class=\"typical_text\">\r\n                            <p class=\"p1\">La Declaraci\u00f3n de Garant\u00eda de Achilles proporciona una evaluaci\u00f3n independiente y meticulosa de los resultados de sostenibilidad de los prestatarios. Nuestro equipo de expertos en sostenibilidad lleva a cabo una evaluaci\u00f3n exhaustiva de las pr\u00e1cticas de sostenibilidad, la precisi\u00f3n de los datos, los indicadores clave de rendimiento y los procesos de elaboraci\u00f3n de informes. Esta verificaci\u00f3n imparcial ayuda a eliminar los riesgos de lavado verde y garantiza que las afirmaciones de sostenibilidad del prestatario son fiables.<\/p>\n                        <\/div>\r\n                                            <\/div>\r\n\t\t\t\t\t\t\t\t\t\t\r\n                                    <\/div>\r\n            <\/div>\r\n        <\/div>\r\n                <div class=\"content_section\">\r\n            <div class=\"container\">\r\n                <div class=\"content_wrap right\">\r\n                    <div class=\"content_info ogo2\">\r\n                                                <h2 class=\"title_page\">Gesti\u00f3n integral del riesgo<\/h2>\r\n                                                <div class=\"typical_text\">\r\n                            <p class=\"p1\">La Declaraci\u00f3n de Garant\u00eda Limitada de Achilles permite a los prestamistas gestionar de forma proactiva los riesgos asociados a los pr\u00e9stamos vinculados a la sostenibilidad. Nuestro proceso de garant\u00eda eval\u00faa los sistemas de gesti\u00f3n de la sostenibilidad del prestatario, identificando posibles lagunas y vulnerabilidades. Al tener en cuenta toda la gama de factores ASG, proporcionamos a los prestamistas un an\u00e1lisis de riesgos exhaustivo, que les permite tomar decisiones informadas y salvaguardar el rendimiento de sus carteras de pr\u00e9stamos.<\/p>\n                        <\/div>\r\n                                            <\/div>\r\n\t\t\t\t\t\t\t\t\t\t\r\n                                    <\/div>\r\n            <\/div>\r\n        <\/div>\r\n                <div class=\"content_section bg_grey\">\r\n            <div class=\"container\">\r\n                <div class=\"content_wrap\">\r\n                    <div class=\"content_info ogo2\">\r\n                                                <h2 class=\"title_page\">Cumplimiento y confianza en los informes<\/h2>\r\n                                                <div class=\"typical_text\">\r\n                            <p class=\"p1\">La Declaraci\u00f3n de Garant\u00eda de Achilles garantiza el cumplimiento de los acuerdos de pr\u00e9stamo y los marcos de sostenibilidad. Verifica la adhesi\u00f3n del prestatario a los objetivos de sostenibilidad acordados y a los requisitos de informaci\u00f3n, y permite a los prestamistas supervisar con precisi\u00f3n los progresos del prestatario. Los prestamistas ganan en tranquilidad al saber que los informes de sostenibilidad del prestatario son precisos, transparentes y se ajustan a las normas del sector, evitando posibles problemas de cumplimiento y riesgos para la reputaci\u00f3n.<\/p>\n                        <\/div>\r\n                                            <\/div>\r\n\t\t\t\t\t\t\t\t\t\t\r\n                                    <\/div>\r\n            <\/div>\r\n        <\/div>\r\n                <div class=\"content_section\">\r\n            <div class=\"container\">\r\n                <div class=\"content_wrap right\">\r\n                    <div class=\"content_info ogo2\">\r\n                                                <h2 class=\"title_page\">Confianza y credibilidad<\/h2>\r\n                                                <div class=\"typical_text\">\r\n                            <p class=\"p1\">La Declaraci\u00f3n de Garant\u00eda de Achilles permite a los prestamistas comunicar con confianza a las partes interesadas los resultados de sostenibilidad de los prestatarios. La s\u00f3lida declaraci\u00f3n de garant\u00eda de Achilles act\u00faa como un sello de credibilidad respaldado por pruebas, mejorando la reputaci\u00f3n y fomentando la confianza entre inversores, clientes y el p\u00fablico.<\/p>\n                        <\/div>\r\n                                            <\/div>\r\n\t\t\t\t\t\t\t\t\t\t\r\n                                    <\/div>\r\n            <\/div>\r\n        <\/div>\r\n                <div class=\"content_section\">\r\n            <div class=\"container\">\r\n                <div class=\"content_wrap\">\r\n                    <div class=\"content_info ogo2\">\r\n                                                <h2 class=\"title_page\">Diferenciaci\u00f3n y compromiso<\/h2>\r\n                                                <div class=\"typical_text\">\r\n                            <p class=\"p1\">Al utilizar la Declaraci\u00f3n de Garant\u00eda de Aquiles, los prestamistas y prestatarios demuestran su compromiso con la sostenibilidad y se diferencian en el mercado, lo que facilita atraer a socios centrados en la sostenibilidad, reforzando las relaciones y desbloqueando nuevas v\u00edas de colaboraci\u00f3n.<\/p>\n                        <\/div>\r\n                                            <\/div>\r\n\t\t\t\t\t\t\t\t\t\t\r\n                                    <\/div>\r\n            <\/div>\r\n        <\/div>\r\n    ","protected":false},"excerpt":{"rendered":"","protected":false},"author":2,"featured_media":0,"parent":2105,"menu_order":0,"comment_status":"closed","ping_status":"closed","template":"","meta":{"_acf_changed":false,"content-type":"","footnotes":""},"class_list":["post-24835","page","type-page","status-publish","hentry"],"acf":[],"_links":{"self":[{"href":"https:\/\/www.achilles.com\/es\/wp-json\/wp\/v2\/pages\/24835","targetHints":{"allow":["GET"]}}],"collection":[{"href":"https:\/\/www.achilles.com\/es\/wp-json\/wp\/v2\/pages"}],"about":[{"href":"https:\/\/www.achilles.com\/es\/wp-json\/wp\/v2\/types\/page"}],"author":[{"embeddable":true,"href":"https:\/\/www.achilles.com\/es\/wp-json\/wp\/v2\/users\/2"}],"replies":[{"embeddable":true,"href":"https:\/\/www.achilles.com\/es\/wp-json\/wp\/v2\/comments?post=24835"}],"version-history":[{"count":0,"href":"https:\/\/www.achilles.com\/es\/wp-json\/wp\/v2\/pages\/24835\/revisions"}],"up":[{"embeddable":true,"href":"https:\/\/www.achilles.com\/es\/wp-json\/wp\/v2\/pages\/2105"}],"wp:attachment":[{"href":"https:\/\/www.achilles.com\/es\/wp-json\/wp\/v2\/media?parent=24835"}],"curies":[{"name":"wp","href":"https:\/\/api.w.org\/{rel}","templated":true}]}}