{"id":2416,"date":"2023-05-16T16:15:41","date_gmt":"2023-05-16T15:15:41","guid":{"rendered":"https:\/\/uat.achilles.com\/training\/"},"modified":"2025-11-13T12:32:47","modified_gmt":"2025-11-13T12:32:47","slug":"training","status":"publish","type":"page","link":"https:\/\/www.achilles.com\/es\/formacion-achilles-academy\/","title":{"rendered":"Achilles Academy"},"content":{"rendered":"            <div class=\"content_section\">\r\n            <div class=\"container\">\r\n                <div class=\"content_wrap\">\r\n                    <div class=\"content_info ogo2\">\r\n                                                <h2 class=\"title_page\">Achilles Academy<\/h2>\r\n                                                <h5 class=\"title_small\">Formaci\u00f3n especializada para fortalecer las capacidades de las organizaciones<\/h5>\r\n                                                <div class=\"typical_text middle_text\">\r\n                            <p data-start=\"421\" data-end=\"683\">En <strong data-start=\"433\" data-end=\"453\">Achilles Academy<\/strong>,ofrecemos programas de formaci\u00f3n dise\u00f1ados para desarrollar las competencias de las organizaciones y sus equipos en \u00e1reas clave como sostenibilidad, gesti\u00f3n ambiental, cumplimiento normativo y mejora del desempe\u00f1o empresarial.<\/p>\n<p data-start=\"685\" data-end=\"907\">Actualmente, nuestro programa est\u00e1 centrado en la medici\u00f3n y gesti\u00f3n de la Huella de Carbono, un paso esencial para avanzar hacia la neutralidad clim\u00e1tica y cumplir con los est\u00e1ndares internacionales m\u00e1s reconocidos. En el futuro, ampliaremos nuestra oferta con nuevas formaciones en temas de inter\u00e9s para las organizaciones.<\/p>\n                        <\/div>\r\n                                                <a class=\"btn btn_big\" href=\"#cursos\">Ver cursos<\/a>\r\n                                            <\/div>\r\n\t\t\t\t\t\t\t\t\t\t\r\n                                        <div class=\"content_media\">\r\n                        <img decoding=\"async\" src=\"https:\/\/www.achilles.com\/app\/uploads\/2024\/08\/AC1453-Achilles-Score-graphs-woman-with-laptop-V2-scaled.jpg\" width=\"800\" alt=\"\">\r\n                    <\/div>\r\n                                    <\/div>\r\n            <\/div>\r\n        <\/div>\r\n    \n\n    <div class=\"content_section\">\r\n        <div class=\"container\">\r\n                        <div class=\"description_section big\">\r\n                                <h2 class=\"title_section\">\u00bfPor qu\u00e9 formarte en Achilles Academy? <\/h2>\r\n                            <\/div>\r\n                                    <div class=\"features_wrap\">\r\n                                <div class=\"feature_item center\">\r\n                                        <div class=\"feature_item_icon\">\r\n                        <img decoding=\"async\" src=\"https:\/\/www.achilles.com\/app\/uploads\/2025\/09\/globe-icon-1.png\" alt=\"lightbulb outline with plant in the centre. green colour\">\r\n                    <\/div>\r\n                                        <div class=\"typical_text middle_text\">\r\n                        <p>M\u00e1s de 30 a\u00f1os de experiencia ayudando a organizaciones a construir cadenas de suministro seguras y sostenibles.<\/p>\r\n                    <\/div>\r\n                                    <\/div>\r\n                                <div class=\"feature_item center\">\r\n                                        <div class=\"feature_item_icon\">\r\n                        <img decoding=\"async\" src=\"https:\/\/www.achilles.com\/app\/uploads\/2025\/09\/1.png\" alt=\"\">\r\n                    <\/div>\r\n                                        <div class=\"typical_text middle_text\">\r\n                        <p>Impartido por profesionales expertos y certificados en cada una de las materias.<\/p>\r\n                    <\/div>\r\n                                    <\/div>\r\n                                <div class=\"feature_item center\">\r\n                                        <div class=\"feature_item_icon\">\r\n                        <img decoding=\"async\" src=\"https:\/\/www.achilles.com\/app\/uploads\/2025\/08\/global-coverage-icon.png\" alt=\"Icon depicting global coverage\">\r\n                    <\/div>\r\n                                        <div class=\"typical_text middle_text\">\r\n                        <p>Formaci\u00f3n alineada con normativas y est\u00e1ndares internacionales.<\/p>\r\n                    <\/div>\r\n                                    <\/div>\r\n                                <div class=\"feature_item center\">\r\n                                        <div class=\"feature_item_icon\">\r\n                        <img decoding=\"async\" src=\"https:\/\/www.achilles.com\/app\/uploads\/2025\/09\/2.png\" alt=\"\">\r\n                    <\/div>\r\n                                        <div class=\"typical_text middle_text\">\r\n                        <p>Enfoque pr\u00e1ctico con ejemplos y ejercicios reales y materiales descargables.<\/p>\r\n                    <\/div>\r\n                                    <\/div>\r\n                                <div class=\"feature_item center\">\r\n                                        <div class=\"feature_item_icon\">\r\n                        <img decoding=\"async\" src=\"https:\/\/www.achilles.com\/app\/uploads\/2025\/06\/Email-Icons-11-1.png\" alt=\"\">\r\n                    <\/div>\r\n                                        <div class=\"typical_text middle_text\">\r\n                        <p>Reconocimiento formal del aprendizaje con certificados de asistencia.<\/p>\r\n                    <\/div>\r\n                                    <\/div>\r\n                                <div class=\"feature_item center\">\r\n                                        <div class=\"feature_item_icon\">\r\n                        <img decoding=\"async\" src=\"https:\/\/www.achilles.com\/app\/uploads\/2025\/06\/Email-Icons-7.png\" alt=\"value for money\">\r\n                    <\/div>\r\n                                        <div class=\"typical_text middle_text\">\r\n                        <p>Cursos bonificables por FUNDAE.<\/p>\r\n                    <\/div>\r\n                                    <\/div>\r\n                            <\/div>\r\n                                <\/div>\r\n    <\/div>\r\n\n\n    <div class=\"quote_section\">\r\n        <div class=\"quote_bg\">\r\n                        <img decoding=\"async\" src=\"https:\/\/www.achilles.com\/app\/uploads\/2023\/05\/quote_training.jpg\" alt=\"people at a table having public procurement traininig\">\r\n                    <\/div>\r\n        <div class=\"container\">\r\n            <div class=\"quote_wrapper\">\r\n                <div class=\"quote_item half right\">\r\n                                        <div class=\"quote_item_text\">\r\n                        <p>\u00abTen\u00eda escasos conocimientos con anterioridad al evento, pero me voy con un objetivo real y una trayectoria que seguir\u00bb<\/p>\n                    <\/div>\r\n                                        <p class=\"quote_item_author\">Tom Morgan, Desarrollo empresarial, National Grid<\/p>\r\n                                    <\/div>\r\n            <\/div>\r\n        <\/div>\r\n    <\/div>\r\n\n\n    <div class=\"content_section\" id=\"cursos\">\r\n        <div class=\"container\">\r\n                        <div class=\"description_section big\">\r\n                                <h2 class=\"title_section\">Pr\u00f3ximos cursos<\/h2>\r\n                                <div class=\"typical_text middle_text\">\r\n                    <p>Descubre nuestras pr\u00f3ximas sesiones y encuentra el curso que mejor se adapte a tus necesidades.<\/p>\n                <\/div>\r\n                            <\/div>\r\n                                    <div class=\"triggers_block\">\r\n                <div class=\"triggers_slider swiper-container\">\r\n                    <div class=\"swiper-wrapper\">\r\n                         \r\n                        <div class=\"trigger_slide swiper-slide\">\r\n                                                        <div class=\"feature_item_img\">\r\n                                <img decoding=\"async\" src=\"https:\/\/www.achilles.com\/app\/uploads\/2025\/02\/Home-Page-Main-Banner-World-Rubbish.png\" alt=\"A globe made from waste items such as plastic bags - on a large plain teal background - representing global sustainable supply chains\">\r\n                            <\/div>\r\n                                                        <h3 class=\"feature_item_name\">C\u00e1lculo y Gesti\u00f3n de la Huella de Carbono Corporativa: Metodolog\u00edas, Herramientas y Planes de Reducci\u00f3n de Emisiones<\/h3>\r\n                                                        <a class=\"btn btn_big\" aria-label=\"C\u00e1lculo y Gesti\u00f3n de la Huella de Carbono Corporativa: Metodolog\u00edas, Herramientas y Planes de Reducci\u00f3n de Emisiones - M\u00e1s informaci\u00f3n\" href=\"https:\/\/www.achilles.com\/es\/eventos\/achilles-academy-calculo-y-gestion-de-la-huella-de-carbono\/\">M\u00e1s informaci\u00f3n<\/a>\r\n                                                    <\/div>\r\n                         \r\n                        <div class=\"trigger_slide swiper-slide\">\r\n                                                        <div class=\"feature_item_img\">\r\n                                <img decoding=\"async\" src=\"https:\/\/www.achilles.com\/app\/uploads\/2025\/11\/footpring-carbon-course.png\" alt=\"footprint carbon course\">\r\n                            <\/div>\r\n                                                        <h3 class=\"feature_item_name\">De la teor\u00eda a la pr\u00e1ctica: C\u00e1lculo de emisiones GEI seg\u00fan ISO 1.064-1:2018 y GHG Protocol<\/h3>\r\n                                                        <a class=\"btn btn_big\" aria-label=\"De la teor\u00eda a la pr\u00e1ctica: C\u00e1lculo de emisiones GEI seg\u00fan ISO 1.064-1:2018 y GHG Protocol - M\u00e1s informaci\u00f3n\" href=\"https:\/\/www.achilles.com\/es\/eventos\/achilles-academy-calculo-emision-iso1064-12018-ghg-protocol\/\">M\u00e1s informaci\u00f3n<\/a>\r\n                                                    <\/div>\r\n                                            <\/div>\r\n                <\/div>\r\n                <div class=\"triggers_arrow triggers_arrow_prev\">\r\n                    <svg class=\"svg_slider_prev\">\r\n                        <use xlink:href=\"https:\/\/www.achilles.com\/app\/themes\/achilles\/images\/sprite\/sprite.svg#slider_prev\"><\/use>\r\n                    <\/svg>\r\n                <\/div>\r\n                <div class=\"triggers_arrow triggers_arrow_next\">\r\n                    <svg class=\"svg_slider_next\">\r\n                        <use xlink:href=\"https:\/\/www.achilles.com\/app\/themes\/achilles\/images\/sprite\/sprite.svg#slider_next\"><\/use>\r\n                    <\/svg>\r\n                <\/div>\r\n            <\/div>\r\n                                <\/div>\r\n    <\/div>\r\n","protected":false},"excerpt":{"rendered":"","protected":false},"author":1,"featured_media":25443,"parent":0,"menu_order":0,"comment_status":"closed","ping_status":"closed","template":"","meta":{"_acf_changed":true,"content-type":"","footnotes":""},"class_list":["post-2416","page","type-page","status-publish","has-post-thumbnail","hentry"],"acf":[],"_links":{"self":[{"href":"https:\/\/www.achilles.com\/es\/wp-json\/wp\/v2\/pages\/2416","targetHints":{"allow":["GET"]}}],"collection":[{"href":"https:\/\/www.achilles.com\/es\/wp-json\/wp\/v2\/pages"}],"about":[{"href":"https:\/\/www.achilles.com\/es\/wp-json\/wp\/v2\/types\/page"}],"author":[{"embeddable":true,"href":"https:\/\/www.achilles.com\/es\/wp-json\/wp\/v2\/users\/1"}],"replies":[{"embeddable":true,"href":"https:\/\/www.achilles.com\/es\/wp-json\/wp\/v2\/comments?post=2416"}],"version-history":[{"count":0,"href":"https:\/\/www.achilles.com\/es\/wp-json\/wp\/v2\/pages\/2416\/revisions"}],"wp:featuredmedia":[{"embeddable":true,"href":"https:\/\/www.achilles.com\/es\/wp-json\/wp\/v2\/media\/25443"}],"wp:attachment":[{"href":"https:\/\/www.achilles.com\/es\/wp-json\/wp\/v2\/media?parent=2416"}],"curies":[{"name":"wp","href":"https:\/\/api.w.org\/{rel}","templated":true}]}}