{"id":23878,"date":"2023-09-28T15:57:10","date_gmt":"2023-09-28T14:57:10","guid":{"rendered":"https:\/\/uat.achilles.com\/carbon-management-and-reduction\/"},"modified":"2023-11-03T00:17:04","modified_gmt":"2023-11-02T21:17:04","slug":"gestion-y-reduccion-del-carbono","status":"publish","type":"page","link":"https:\/\/www.achilles.com\/es\/carbon-management-and-reduction\/","title":{"rendered":"Gesti\u00f3n y reducci\u00f3n del carbono"},"content":{"rendered":"    <div class=\"top_section\">\n        <div class=\"container\">\n            <div class=\"top_info half\">\n                                    <h1 class=\"top_title\">Act\u00faa para reducir tus emisiones de carbono y tener un impacto positivo<\/h1>\n                                    <div class=\"top_text large_text\">\n                        <p>Achilles proporciona un programa completo de gesti\u00f3n del carbono que te permite hacer declaraciones de reducci\u00f3n del carbono con confianza en cualquier mercado y a cualquier grupo de interesados.<\/p>\n                    <\/div>\n                                    <div class=\"top_buttons\">\n                                                    <a class=\"btn btn_big\" href=\"\/es\/contact-us\">Reserva una consulta gratuita sobre el carbono<\/a>\n                                            <\/div>\n                            <\/div>\n        <\/div>\n        <div class=\"top_media\">\n\t\t\t        <\/div>\n    <\/div>\n\n\n            <div class=\"content_section\">\r\n            <div class=\"container\">\r\n                <div class=\"content_wrap right\">\r\n                    <div class=\"content_info ogo2\">\r\n                                                <p class=\"title_category\">EL RETO<\/p>\r\n                                                <h2 class=\"title_page\">Reducci\u00f3n de emisiones de GEI<\/h2>\r\n                                                <div class=\"typical_text\">\r\n                            <p>Con las preocupaciones medioambientales a la orden del d\u00eda, las organizaciones necesitan demostrar cada vez m\u00e1s que trabajan de forma sostenible. La soluci\u00f3n de reducci\u00f3n de carbono Achilles est\u00e1 alineada con ISO 14064-1, TCFD, SBTi y CDP, mide y reduce de forma independiente tu huella de carbono y cumple todas tus obligaciones de divulgaci\u00f3n del carbono, incluidos los requisitos para los pr\u00e9stamos vinculados a la sostenibilidad.<\/p>\n                        <\/div>\r\n                                                <a class=\"btn btn_big\" href=\"\/es\/contact-us\">Empezar<\/a>\r\n                                            <\/div>\r\n\t\t\t\t\t\t\t\t\t\t\r\n                                    <\/div>\r\n            <\/div>\r\n        <\/div>\r\n    \n\n    <div class=\"content_section bg_grey\">\r\n        <div class=\"container\">\r\n                        <div class=\"description_section\">\r\n                                <p class=\"title_category\">QU\u00c9 HACEMOS<\/p>\r\n                                <h2 class=\"title_section\">Soluciones Aquiles de gesti\u00f3n del carbono<\/h2>\r\n                                <div class=\"typical_text\">\r\n                    <p class=\"p1\">Achilles ayuda a las organizaciones a reducir su huella de carbono y a cumplir los requisitos tanto voluntarios como normativos con herramientas, documentaci\u00f3n, acciones, apoyo y pruebas de base cient\u00edfica necesarias para avanzar realmente hacia una transici\u00f3n neta cero.<\/p>\n                <\/div>\r\n                            <\/div>\r\n                        <div class=\"features_wrap\">\r\n                                <div class=\"feature_item\">\r\n                                        <div class=\"feature_item_icon\">\r\n                        <img decoding=\"async\" src=\"https:\/\/www.achilles.com\/app\/uploads\/2023\/09\/air-pollution-co2.png\" alt=\"\">\r\n                    <\/div>\r\n                                        <h3 class=\"feature_item_name\">Gesti\u00f3n del carbono en la cadena de suministro<\/h3>\r\n                                        <div class=\"typical_text\">\r\n                        <p>Empieza recopilando datos directamente de tus proveedores y haz un seguimiento del rendimiento a lo largo del tiempo.<\/p>\n                    <\/div>\r\n                                    <\/div>\r\n                                <div class=\"feature_item\">\r\n                                        <div class=\"feature_item_icon\">\r\n                        <img decoding=\"async\" src=\"https:\/\/www.achilles.com\/app\/uploads\/2023\/09\/cursor-target.png\" alt=\"\">\r\n                    <\/div>\r\n                                        <h3 class=\"feature_item_name\">Programa Reducir Carbono<\/h3>\r\n                                        <div class=\"typical_text\">\r\n                        <p>Ve m\u00e1s lejos. Medir todas las emisiones seg\u00fan la norma ISO 14064- 1 y el protocolo de GEI del WRI, incluidos los veh\u00edculos, los viajes de negocios, el combustible y la electricidad, el papel y los residuos, con la opci\u00f3n de incluir las quince subcategor\u00edas del Alcance 3.<\/p>\n<p>&nbsp;<\/p>\n                    <\/div>\r\n                                    <\/div>\r\n                                <div class=\"feature_item\">\r\n                                        <div class=\"feature_item_icon\">\r\n                        <img decoding=\"async\" src=\"https:\/\/www.achilles.com\/app\/uploads\/2023\/09\/certificate-authentication-document-badge-check-1.png\" alt=\"\">\r\n                    <\/div>\r\n                                        <h3 class=\"feature_item_name\">Declaraci\u00f3n de fiabilidad<\/h3>\r\n                                        <div class=\"typical_text\">\r\n                        <p>Demuestra claramente tu rendimiento con respecto a los KPI ESG y los Objetivos de Rendimiento de Sostenibilidad (SPT) a los prestamistas y otros grupos de partes interesadas para apoyar los pr\u00e9stamos vinculados a la sostenibilidad.<\/p>\n                    <\/div>\r\n                                        <a class=\"btn\" aria-label=\"Declaraci\u00f3n de fiabilidad - M\u00e1s informaci\u00f3n\" href=\"\/es\/financiacion-sostenible\/\">M\u00e1s informaci\u00f3n<\/a>\r\n                                    <\/div>\r\n                            <\/div>\r\n                    <\/div>\r\n    <\/div>\r\n\n\n            <div class=\"hero_section\">\r\n           <div class=\"hero_media\">\r\n                            <\/div>\r\n            <div class=\"container\">\r\n                <div class=\"hero_wrapper\">\r\n                    <div class=\"hero_info\">\r\n                                                <h2 class=\"title_section\">Hasta un 50% de reducci\u00f3n<\/h2>\r\n                                                <div class=\"typical_text middle_text\">\r\n                            <p>Por t\u00e9rmino medio, los clientes que aplican el programa Achilles Carbon Reduce pueden esperar reducir el carbono opcional en un 30% en un periodo de tres a cuatro a\u00f1os y en un 50% en cinco o seis a\u00f1os.<\/p>\r\n                        <\/div>\r\n                                                <div class=\"content_buttons\">\r\n                                                        <a class=\"btn btn_big\" aria-label=\" - M\u00e1s informaci\u00f3n\" href=\"\/es\/industry-insights\/\">M\u00e1s informaci\u00f3n<\/a>\r\n                                                    <\/div>\r\n                                            <\/div>\r\n                <\/div>\r\n            <\/div>\r\n        <\/div>\r\n    \n\n    <div class=\"content_section\">\r\n        <div class=\"container\">\r\n                        <div class=\"posts_panel\">\r\n                <div class=\"description_section\">\r\n                                        <p class=\"title_category\">Historias de clientes<\/p>\r\n                     \r\n                    <h2 class=\"title_section\">Recomendado para usted<\/h2>\r\n                                    <\/div>\r\n                            <\/div>\r\n                                    <div class=\"posts_wrap\">\r\n                                <div class=\"post_item\">\r\n                    <div class=\"post_item_top\">\r\n                                                <a class=\"post_item_img\" href=\"https:\/\/www.achilles.com\/es\/informacion-sectorial\/anglian-water-reduce-la-huella-de-carbono-en-su-cadena-de-suministro\/\">\r\n                            <img decoding=\"async\" src=\"https:\/\/www.achilles.com\/app\/uploads\/2016\/10\/carbon-banner-15.png\" alt=\"Anglian Water reduce la huella de carbono en su cadena de suministro\">\r\n                        <\/a>\r\n                                                <ul class=\"post_item_categories\">\r\n                                                        <li>Casos de \u00e9xito<\/li>\r\n                                                        <li>Informaci\u00f3n sectorial<\/li>\r\n                                                    <\/ul>\r\n                    <\/div>\r\n                    <a class=\"post_item_name\" href=\"https:\/\/www.achilles.com\/es\/informacion-sectorial\/anglian-water-reduce-la-huella-de-carbono-en-su-cadena-de-suministro\/\">Anglian Water reduce la huella de carbono en su cadena de suministro<\/a>\r\n                <\/div>\r\n                                <div class=\"post_item\">\r\n                    <div class=\"post_item_top\">\r\n                                                <a class=\"post_item_img\" href=\"https:\/\/www.achilles.com\/es\/informacion-sectorial\/caso-de-exito-en-divulgacion-reduccion-huella-carbono\/\">\r\n                            <img decoding=\"async\" src=\"https:\/\/www.achilles.com\/app\/uploads\/2024\/06\/cdp-carbon-banner.png\" alt=\"Caso de \u00e9xito sobre la excelencia en la reducci\u00f3n de huella de carbono a trav\u00e9s de un proyecto de divulgaci\u00f3n\">\r\n                        <\/a>\r\n                                                <ul class=\"post_item_categories\">\r\n                                                        <li>Casos de \u00e9xito<\/li>\r\n                                                        <li>Informaci\u00f3n sectorial<\/li>\r\n                                                    <\/ul>\r\n                    <\/div>\r\n                    <a class=\"post_item_name\" href=\"https:\/\/www.achilles.com\/es\/informacion-sectorial\/caso-de-exito-en-divulgacion-reduccion-huella-carbono\/\">Caso de \u00e9xito sobre la excelencia en la reducci\u00f3n de huella de carbono a trav\u00e9s de un proyecto de divulgaci\u00f3n<\/a>\r\n                <\/div>\r\n                                <div class=\"post_item\">\r\n                    <div class=\"post_item_top\">\r\n                                                <a class=\"post_item_img\" href=\"https:\/\/www.achilles.com\/es\/informacion-sectorial\/la-transformacion-esg-en-la-cadena-de-suministro-de-selenta-group\/\">\r\n                            <img decoding=\"async\" src=\"https:\/\/www.achilles.com\/app\/uploads\/2024\/06\/Selenta-hotel-desk.png\" alt=\"La transformaci\u00f3n ESG en la cadena de suministro de Selenta Group\">\r\n                        <\/a>\r\n                                                <ul class=\"post_item_categories\">\r\n                                                        <li>Casos de \u00e9xito<\/li>\r\n                                                        <li>Informaci\u00f3n sectorial<\/li>\r\n                                                    <\/ul>\r\n                    <\/div>\r\n                    <a class=\"post_item_name\" href=\"https:\/\/www.achilles.com\/es\/informacion-sectorial\/la-transformacion-esg-en-la-cadena-de-suministro-de-selenta-group\/\">La transformaci\u00f3n ESG en la cadena de suministro de Selenta Group<\/a>\r\n                <\/div>\r\n                            <\/div>\r\n                    <\/div>\r\n    <\/div>\r\n\n\n    <div class=\"content_section\">\r\n        <div class=\"container\">\r\n                        <div class=\"tools_description\">\r\n                                <p class=\"title_category\">EXHAUSTIVA Y RIGUROSA<\/p>\r\n                                <h2 class=\"title_section\">Un programa completo de gesti\u00f3n del carbono<\/h2>\r\n                                <div class=\"typical_text\">\r\n                    <p class=\"p2\">Trabajaremos contigo para definir el alcance de tu programa bas\u00e1ndonos en la normativa y los objetivos de carbono pertinentes y, lo que es m\u00e1s importante, tendremos en cuenta todas las actividades de medici\u00f3n y gesti\u00f3n del carbono que ya hayas emprendido, para que no tengas que pagar por hacer las cosas dos veces.<\/p>\n                <\/div>\r\n                            <\/div>\r\n                        <div class=\"tools_wrap tabs_section\">\r\n                <div class=\"tools_tabs tabs_buttons\">\r\n                                        <div class=\"tools_btn tab_btn current\" data-tab=\"1\">\r\n                        <span>Mide<\/span>\r\n                        <span class=\"tools_btn_arrow icon-Chevron-Right\"><\/span>\r\n                    <\/div>\r\n                                        <div class=\"tools_btn tab_btn\" data-tab=\"2\">\r\n                        <span>Gestiona<\/span>\r\n                        <span class=\"tools_btn_arrow icon-Chevron-Right\"><\/span>\r\n                    <\/div>\r\n                                        <div class=\"tools_btn tab_btn\" data-tab=\"3\">\r\n                        <span>Verifica<\/span>\r\n                        <span class=\"tools_btn_arrow icon-Chevron-Right\"><\/span>\r\n                    <\/div>\r\n                                        <div class=\"tools_btn tab_btn\" data-tab=\"4\">\r\n                        <span>Mitiga<\/span>\r\n                        <span class=\"tools_btn_arrow icon-Chevron-Right\"><\/span>\r\n                    <\/div>\r\n                                        <div class=\"tools_btn tab_btn\" data-tab=\"5\">\r\n                        <span>Divulga<\/span>\r\n                        <span class=\"tools_btn_arrow icon-Chevron-Right\"><\/span>\r\n                    <\/div>\r\n                                        <div class=\"tools_btn tab_btn\" data-tab=\"6\">\r\n                        <span>Monitor<\/span>\r\n                        <span class=\"tools_btn_arrow icon-Chevron-Right\"><\/span>\r\n                    <\/div>\r\n                                    <\/div>\r\n                <div class=\"tools_content\">\r\n                                        <div class=\"tool_container tab_container tab_container_1 active\">\r\n                        <div class=\"typical_text\">\r\n                            <p class=\"p1\">Achilles proporciona las herramientas para ayudar a medir todas las emisiones seg\u00fan la norma ISO 14064- 1 y el protocolo GHG del WRI, incluidos los veh\u00edculos, los viajes de negocios, el combustible y la electricidad, el papel y los residuos, con la opci\u00f3n de que las empresas realicen la cadena de valor completa de las quince subcategor\u00edas del Alcance 3.<\/p>\n                        <\/div>\r\n                                            <\/div>\r\n                                        <div class=\"tool_container tab_container tab_container_2\">\r\n                        <div class=\"typical_text\">\r\n                            <p class=\"p1\">Achilles despliega sus completas orientaciones, recursos, herramientas y plantillas de base cient\u00edfica para guiarte en la planificaci\u00f3n y ejecuci\u00f3n de la gesti\u00f3n de la reducci\u00f3n de carbono, con el fin de cumplir el objetivo de 1,5 grados C y obtener la certificaci\u00f3n ISO14064-1. Entendemos que una talla no sirve para todos. El programa, de probada eficacia, aplica las mejores pr\u00e1cticas y permite diferentes enfoques para distintos tipos de empresas, de modo que se ponga en marcha la mejor soluci\u00f3n para gestionar las responsabilidades y los retos de cada empresa en materia de carbono, maximizando las oportunidades de reducci\u00f3n.<\/p>\n                        <\/div>\r\n                                            <\/div>\r\n                                        <div class=\"tool_container tab_container tab_container_3\">\r\n                        <div class=\"typical_text\">\r\n                            <p class=\"p1\">Los auditores de GEI ISO14066 independientes y cualificados de Achilles verificar\u00e1n que el inventario se ajusta a las normas internacionales, ISO14064 parte 1 y parte 3, con la opci\u00f3n de obtener la Certificaci\u00f3n ISO14064-1 completa.<\/p>\n                        <\/div>\r\n                                            <\/div>\r\n                                        <div class=\"tool_container tab_container tab_container_4\">\r\n                        <div class=\"typical_text\">\r\n                            <p class=\"p1\">Las empresas tienen la opci\u00f3n de compensar las emisiones inevitables de gases de efecto invernadero para llegar a ser neutras en carbono. Los cr\u00e9ditos de carbono permiten a individuos, organizaciones y comunidades equilibrar la balanza en el camino hacia la reducci\u00f3n, sin embargo, no todas las compensaciones de carbono se consideran iguales. Los expertos de Achilles te gu\u00edan en cada paso de la inversi\u00f3n y compensaci\u00f3n de carbono para garantizar que se evitan los problemas de \u00abmaquillaje verde\u00bb y que las afirmaciones de Net Zero o Carbono neutro de la empresa son s\u00f3lidas y cre\u00edbles.<\/p>\n                        <\/div>\r\n                                            <\/div>\r\n                                        <div class=\"tool_container tab_container tab_container_5\">\r\n                        <div class=\"typical_text\">\r\n                            <p class=\"p1\">El proceso Achilles proporciona los datos verificados de forma independiente necesarios para informar con confianza de las afirmaciones sobre GEI para cumplir la normativa y satisfacer los requisitos de divulgaci\u00f3n de las partes interesadas, incluidos SBTi, CDP y TCFD. El Informe exhaustivo del Inventario y Gesti\u00f3n de Emisiones de Gases de Efecto Invernadero de Aquiles especifica el inventario de emisiones, los planes de gesti\u00f3n y reducci\u00f3n y el inventario detallado de GEI. Tambi\u00e9n animamos a las empresas a que muestren sus logros con la auditor\u00eda de GEI o la certificaci\u00f3n ISO 14064-1.<\/p>\n                        <\/div>\r\n                                            <\/div>\r\n                                        <div class=\"tool_container tab_container tab_container_6\">\r\n                        <div class=\"typical_text\">\r\n                            <p class=\"p1\">El ciclo de vigilancia anual de Achilles apoya un viaje de reducci\u00f3n continua para ayudar a las empresas a alinearse con el objetivo de limitar el calentamiento global a 1,5 \u00baC, la mayor ambici\u00f3n del Acuerdo de Par\u00eds.<\/p>\n                        <\/div>\r\n                                            <\/div>\r\n                                    <\/div>\r\n            <\/div>\r\n                    <\/div>\r\n    <\/div>\r\n\n\n            <div class=\"content_section bg_grey\">\r\n            <div class=\"container\">\r\n                <div class=\"content_wrap\">\r\n                    <div class=\"content_info ogo2\">\r\n                                                <h2 class=\"title_page\">7 Razones para elegir Aquiles<\/h2>\r\n                                                <h5 class=\"title_small\">L\u00edder mundial en gesti\u00f3n y reducci\u00f3n del carbono<\/h5>\r\n                                                <div class=\"typical_text\">\r\n                            <p>M\u00e1s informaci\u00f3n sobre c\u00f3mo trabajar con Aquiles. Cumple los requisitos cada vez m\u00e1s estrictos de medici\u00f3n y reducci\u00f3n del carbono e informa con confianza.<\/p>\n                        <\/div>\r\n                                                <a class=\"btn btn_big\" href=\"\/es\/industry-insights\/7-razones-por-las-que-su-empresa-deberia-utilizar-achilles-para-reducir-las-emisiones-de-carbono\/\">Leer<\/a>\r\n                                            <\/div>\r\n\t\t\t\t\t\t\t\t\t\t\r\n                                        <div class=\"content_media\">\r\n                        <img decoding=\"async\" src=\"https:\/\/www.achilles.com\/app\/uploads\/2023\/09\/AdobeStock_555958628.png\" width=\"400\" alt=\"Carbon emissions\">\r\n                    <\/div>\r\n                                    <\/div>\r\n            <\/div>\r\n        <\/div>\r\n    \n\n    <div class=\"content_section\">\r\n        <div class=\"container\">\r\n                        <div class=\"posts_panel\">\r\n                <div class=\"description_section\">\r\n                                        <p class=\"title_category\">NOTICIAS Y PERSPECTIVAS DE AQUILES<\/p>\r\n                     \r\n                    <h2 class=\"title_section\">Recursos para la reducci\u00f3n del carbono<\/h2>\r\n                                    <\/div>\r\n                            <\/div>\r\n                                    <div class=\"posts_wrap\">\r\n                                <div class=\"post_item\">\r\n                    <div class=\"post_item_top\">\r\n                                                <a class=\"post_item_img\" href=\"https:\/\/www.achilles.com\/es\/informacion-sectorial\/como-compras-puede-liderar-la-presentacion-de-informes-no-financieros\/\">\r\n                            <img decoding=\"async\" src=\"https:\/\/www.achilles.com\/app\/uploads\/2023\/07\/thought-catalog-UK78i6vK3sc-unsplash-scaled-1.jpg\" alt=\"De los datos a la divulgaci\u00f3n: c\u00f3mo Compras puede liderar la presentaci\u00f3n de informes no financieros\">\r\n                        <\/a>\r\n                                                <ul class=\"post_item_categories\">\r\n                                                        <li>Art\u00edculos<\/li>\r\n                                                        <li>Informaci\u00f3n sectorial<\/li>\r\n                                                    <\/ul>\r\n                    <\/div>\r\n                    <a class=\"post_item_name\" href=\"https:\/\/www.achilles.com\/es\/informacion-sectorial\/como-compras-puede-liderar-la-presentacion-de-informes-no-financieros\/\">De los datos a la divulgaci\u00f3n: c\u00f3mo Compras puede liderar la presentaci\u00f3n de informes no financieros<\/a>\r\n                <\/div>\r\n                                <div class=\"post_item\">\r\n                    <div class=\"post_item_top\">\r\n                                                <a class=\"post_item_img\" href=\"https:\/\/www.achilles.com\/es\/informacion-sectorial\/como-achilles-carbon-accounting-te-puede-ayudar-con-tus-objetivos-esg\/\">\r\n                            <img decoding=\"async\" src=\"https:\/\/www.achilles.com\/app\/uploads\/2025\/06\/Meet-your-carbon-goals_v2.png\" alt=\"C\u00f3mo Achilles Carbon Accounting te puede ayudar con tus objetivos ESG\">\r\n                        <\/a>\r\n                                                <ul class=\"post_item_categories\">\r\n                                                        <li>Actualizaciones de producto<\/li>\r\n                                                        <li>Art\u00edculos<\/li>\r\n                                                        <li>Informaci\u00f3n sectorial<\/li>\r\n                                                    <\/ul>\r\n                    <\/div>\r\n                    <a class=\"post_item_name\" href=\"https:\/\/www.achilles.com\/es\/informacion-sectorial\/como-achilles-carbon-accounting-te-puede-ayudar-con-tus-objetivos-esg\/\">C\u00f3mo Achilles Carbon Accounting te puede ayudar con tus objetivos ESG<\/a>\r\n                <\/div>\r\n                                <div class=\"post_item\">\r\n                    <div class=\"post_item_top\">\r\n                                                <a class=\"post_item_img\" href=\"https:\/\/www.achilles.com\/es\/informacion-sectorial\/como-pueden-proveedores-apoyar-objetivos-carbono-alcance-3\/\">\r\n                            <img decoding=\"async\" src=\"https:\/\/www.achilles.com\/app\/uploads\/2024\/10\/DALL\u00b7E-2024-10-02-15.39.44-A-stylized-landscape-in-soft-greens-and-grays-similar-in-style-to-the-provided-image-representing-the-decarbonization-of-a-supply-chain.-The-scene-i-e1727880274207.webp\" alt=\"Qu\u00e9 deben hacer los proveedores para ayudar a sus clientes a alcanzar sus objetivos de carbono de Alcance 3\">\r\n                        <\/a>\r\n                                                <ul class=\"post_item_categories\">\r\n                                                        <li>Informaci\u00f3n sectorial<\/li>\r\n                                                    <\/ul>\r\n                    <\/div>\r\n                    <a class=\"post_item_name\" href=\"https:\/\/www.achilles.com\/es\/informacion-sectorial\/como-pueden-proveedores-apoyar-objetivos-carbono-alcance-3\/\">Qu\u00e9 deben hacer los proveedores para ayudar a sus clientes a alcanzar sus objetivos de carbono de Alcance 3<\/a>\r\n                <\/div>\r\n                            <\/div>\r\n                    <\/div>\r\n    <\/div>\r\n\n\n    <div class=\"request_section\">\r\n        <div class=\"contact_bg\">\r\n                    <\/div>\r\n        <div class=\"container\">\r\n            <div class=\"request_inner\">\r\n                                <div class=\"request_wrapper\">\r\n                <h2 class=\"title_section\">P\u00f3ngase en contacto<\/h2>\r\n                <\/div>\r\n                                <div class=\"request_box\">\r\n                                        <h5 class=\"contact_content_subtitle\">P\u00f3ngase en contacto con nosotros para hablar de sus requisitos de la cadena de suministro ESG<\/h5>\r\n                    <script charset=\"utf-8\" type=\"text\/javascript\" src=\"\/\/js.hsforms.net\/forms\/embed\/v2.js\"><\/script><script>hbspt.forms.create({\r\n    region: \"na1\",\r\n    portalId: \"5387762\",\r\n    formId: \"a23cf73a-36bd-433c-a1d8-4acd8b05b928\"\r\n  });\r\n<\/script>                <\/div>\r\n            <\/div>\r\n        <\/div>\r\n    <\/div>\r\n\r\n","protected":false},"excerpt":{"rendered":"","protected":false},"author":2,"featured_media":0,"parent":0,"menu_order":0,"comment_status":"closed","ping_status":"closed","template":"","meta":{"_acf_changed":false,"content-type":"","footnotes":""},"class_list":["post-23878","page","type-page","status-publish","hentry"],"acf":[],"_links":{"self":[{"href":"https:\/\/www.achilles.com\/es\/wp-json\/wp\/v2\/pages\/23878","targetHints":{"allow":["GET"]}}],"collection":[{"href":"https:\/\/www.achilles.com\/es\/wp-json\/wp\/v2\/pages"}],"about":[{"href":"https:\/\/www.achilles.com\/es\/wp-json\/wp\/v2\/types\/page"}],"author":[{"embeddable":true,"href":"https:\/\/www.achilles.com\/es\/wp-json\/wp\/v2\/users\/2"}],"replies":[{"embeddable":true,"href":"https:\/\/www.achilles.com\/es\/wp-json\/wp\/v2\/comments?post=23878"}],"version-history":[{"count":0,"href":"https:\/\/www.achilles.com\/es\/wp-json\/wp\/v2\/pages\/23878\/revisions"}],"wp:attachment":[{"href":"https:\/\/www.achilles.com\/es\/wp-json\/wp\/v2\/media?parent=23878"}],"curies":[{"name":"wp","href":"https:\/\/api.w.org\/{rel}","templated":true}]}}