{"id":23474,"date":"2023-10-12T04:32:48","date_gmt":"2023-10-12T01:32:48","guid":{"rendered":"https:\/\/uat.achilles.com\/?page_id=23474"},"modified":"2026-02-12T15:25:47","modified_gmt":"2026-02-12T15:25:47","slug":"controlar","status":"publish","type":"page","link":"https:\/\/www.achilles.com\/es\/plataforma-cae-controlar\/","title":{"rendered":"Tu plataforma CAE para la gesti\u00f3n de contratistas"},"content":{"rendered":"\n<!-- Google tag (gtag.js) -->\n<script async src=\"https:\/\/www.googletagmanager.com\/gtag\/js?id=AW-11403391351\"><\/script>\n<script>\n  window.dataLayer = window.dataLayer || [];\n  function gtag(){dataLayer.push(arguments);}\n  gtag('js', new Date());\n \n  gtag('config', 'AW-11403391351');\n<\/script>\n\n\n    <div class=\"top_section\">\n        <div class=\"container\">\n            <div class=\"top_info\">\n                                    <h1 class=\"top_title\">Plataforma CAE para el control de tus contratistas<\/h1>\n                                    <div class=\"top_text\">\n                        <p>Achilles Controlar es la soluci\u00f3n m\u00e1s sencilla, segura y eficaz para gestionar la documentaci\u00f3n de tus contratistas, garantizar el cumplimiento de las normativas de salud, seguridad y laborales, y prevenir accidentes, multas y sanciones.<\/p>\n                    <\/div>\n                                    <div class=\"top_buttons\">\n                                                    <a class=\"btn btn_big\" href=\"\/es\/contact-us\">Habla con un experto<\/a>\n                                            <\/div>\n                            <\/div>\n        <\/div>\n        <div class=\"top_media\">\n\t\t\t            <img decoding=\"async\" src=\"https:\/\/www.achilles.com\/app\/uploads\/2024\/10\/iStock-1414566486-scaled-1-scaled.jpg\" alt=\"\">\n                    <\/div>\n    <\/div>\n\n\n            <div class=\"content_section\">\r\n            <div class=\"container\">\r\n                <div class=\"content_wrap\">\r\n                    <div class=\"content_info ogo2\">\r\n                                                <p class=\"title_category\">EL RETO<\/p>\r\n                                                <h2 class=\"title_section\">Gestiona eficazmente tus contratistas y subcontratistas<\/h2>\r\n                                                <div class=\"typical_text\">\r\n                            <p>Recabar toda la documentaci\u00f3n necesaria, mantenerla actualizada y asegurar su validez cuando trabajas con diferentes contratistas se puede convertir en una labor compleja y demandante. Achilles Controlar transforma la Coordinaci\u00f3n de Actividades Empresariales en una tarea eficiente y sencilla.<\/p>\n                        <\/div>\r\n                                            <\/div>\r\n\t\t\t\t\t\t\t\t\t\t\r\n                                        <div class=\"content_media\">\r\n                        <img decoding=\"async\" src=\"https:\/\/www.achilles.com\/app\/uploads\/2024\/12\/Untitled-design-14.png\" width=\"500\" alt=\"Control acceso\">\r\n                    <\/div>\r\n                                    <\/div>\r\n            <\/div>\r\n        <\/div>\r\n    \n\n    <div class=\"content_section bg_grey\">\r\n        <div class=\"container\">\r\n                        <div class=\"description_section full\">\r\n                                <p class=\"title_category\">LO QUE HACEMOS<\/p>\r\n                                <h2 class=\"title_section\">Control documentario seguro<\/h2>\r\n                                <div class=\"typical_text\">\r\n                    <p>Achilles ayuda a empresas de todos los sectores a reducir los riesgos que supone la subcontrataci\u00f3n, conectando a las empresas con sus contratistas en una \u00fanica plataforma intuitiva, \u00e1gil y amigable. Adem\u00e1s, ponemos a tu disposici\u00f3n un equipo de t\u00e9cnicos de PRL que acompa\u00f1ar\u00e1n a tus contratistas durante todo el proceso para asegurar que su documentaci\u00f3n sea subida correctamente y tus proyectos no se vean afectados.<\/p>\n                <\/div>\r\n                            <\/div>\r\n                        <div class=\"features_wrap\">\r\n                                <div class=\"feature_item\">\r\n                                        <div class=\"feature_item_icon\">\r\n                        <img decoding=\"async\" src=\"https:\/\/www.achilles.com\/app\/uploads\/2024\/12\/Icons-Controlar-5.png\" alt=\"\">\r\n                    <\/div>\r\n                                        <h3 class=\"feature_item_name\">Plazos<\/h3>\r\n                                        <div class=\"typical_text\">\r\n                        <p>Sabemos que el tiempo es oro. Validamos la documentaci\u00f3n de tus contratistas en menos de 24h.<\/p>\n                    <\/div>\r\n                                    <\/div>\r\n                                <div class=\"feature_item\">\r\n                                        <div class=\"feature_item_icon\">\r\n                        <img decoding=\"async\" src=\"https:\/\/www.achilles.com\/app\/uploads\/2024\/12\/Icons-Controlar-4.png\" alt=\"\">\r\n                    <\/div>\r\n                                        <h3 class=\"feature_item_name\">Urgencias<\/h3>\r\n                                        <div class=\"typical_text\">\r\n                        <p>Somos conscientes de que hay situaciones que se escapan de control. Validamos a tiempo real si el cliente lo requiere.<\/p>\n                    <\/div>\r\n                                    <\/div>\r\n                                <div class=\"feature_item\">\r\n                                        <div class=\"feature_item_icon\">\r\n                        <img decoding=\"async\" src=\"https:\/\/www.achilles.com\/app\/uploads\/2024\/12\/Icons-Controlar-7.png\" alt=\"\">\r\n                    <\/div>\r\n                                        <h3 class=\"feature_item_name\">Asesoramiento<\/h3>\r\n                                        <div class=\"typical_text\">\r\n                        <p>Nuestros t\u00e9cnicos de PRL ayudan a tus empresas durante todo el proceso para asegurar su r\u00e1pido acceso a tus instalaciones.<\/p>\n                    <\/div>\r\n                                    <\/div>\r\n                            <\/div>\r\n                    <\/div>\r\n    <\/div>\r\n\n\n     <div class=\"stats_section\">\r\n        <div class=\"stats_bg\">\r\n                        <img decoding=\"async\" src=\"https:\/\/www.achilles.com\/app\/uploads\/2024\/11\/xxxx.jpg\" alt=\"worker in a high visibility jacket and hard hat\">\r\n                    <\/div>\r\n        <div class=\"container\">\r\n            <div class=\"stats_inner\">\r\n                <div class=\"corner corner_top_left\"><\/div>\r\n                <div class=\"corner corner_top_right\"><\/div>\r\n                <div class=\"corner corner_bottom_left\"><\/div>\r\n                <div class=\"corner corner_bottom_right\"><\/div>\r\n                <div class=\"stats_wrap stats_anim\">\r\n                                        <div class=\"stats_item stats_anim_item\" data-total=\"200000\">\r\n                        <div class=\"stats_item_inner\">\r\n                            <p class=\"stats_item_count\"><span class=\"stats_anim_total\">0<\/span><span class=\"stats_item_symbol\">+<\/span><\/p>\r\n                                                        <p class=\"stats_item_name\">trabajadores registrados y con toda la documentaci\u00f3n cargada y actualizada<\/p>\r\n                                                    <\/div>\r\n                    <\/div>\r\n                                        <div class=\"stats_item stats_anim_item\" data-total=\"30000\">\r\n                        <div class=\"stats_item_inner\">\r\n                            <p class=\"stats_item_count\"><span class=\"stats_anim_total\">0<\/span><span class=\"stats_item_symbol\">+<\/span><\/p>\r\n                                                        <p class=\"stats_item_name\">contratos solamente en el sur de Europa <\/p>\r\n                                                    <\/div>\r\n                    <\/div>\r\n                                        <div class=\"stats_item stats_anim_item\" data-total=\"3000\">\r\n                        <div class=\"stats_item_inner\">\r\n                            <p class=\"stats_item_count\"><span class=\"stats_anim_total\">0<\/span><span class=\"stats_item_symbol\">+<\/span><\/p>\r\n                                                        <p class=\"stats_item_name\">contratos en Latinoam\u00e9rica<\/p>\r\n                                                    <\/div>\r\n                    <\/div>\r\n                                    <\/div>\r\n            <\/div>\r\n        <\/div>\r\n    <\/div>\r\n\n\n            <div class=\"content_section bg_grey\">\r\n            <div class=\"container\">\r\n                <div class=\"content_wrap\">\r\n                    <div class=\"content_info ogo2\">\r\n                                                <p class=\"title_category\">TU OPERACI\u00d3N, AHORA EN TU M\u00d3VIL<\/p>\r\n                                                <h2 class=\"title_section\">Ya puedes acceder a Controlar CAE desde el m\u00f3vil<\/h2>\r\n                                                <div class=\"typical_text\">\r\n                            <p data-start=\"407\" data-end=\"525\">La app de Controlar CAE te permite gestionar accesos y contratistas de forma \u00e1gil, segura y desde cualquier lugar.<\/p>\n<p data-start=\"527\" data-end=\"705\">Hemos lanzado la versi\u00f3n m\u00f3vil para ofrecer una mejor cobertura del control de accesos y facilitar la gesti\u00f3n diaria de contratistas, recursos y documentaci\u00f3n, est\u00e9s donde est\u00e9s.<\/p>\n<p data-start=\"707\" data-end=\"763\">Controlar evoluciona para adaptarse a tu operaci\u00f3n real.<\/p>\n<p>Se puede descargar gratuitamente en la <a href=\"https:\/\/apps.apple.com\/us\/app\/myachilles\/id6532617865\">App Store<\/a> de Apple y en <a href=\"https:\/\/play.google.com\/store\/apps\/details?id=com.achilles.myachilles&amp;gl=GB\">Google Play<\/a>.<\/p>\n                        <\/div>\r\n                                            <\/div>\r\n\t\t\t\t\t\t\t\t\t\t\r\n                                        <div class=\"content_media\">\r\n                        <img decoding=\"async\" src=\"https:\/\/www.achilles.com\/app\/uploads\/2026\/02\/Diseno-sin-titulo-67.png\" alt=\"\">\r\n                    <\/div>\r\n                                    <\/div>\r\n            <\/div>\r\n        <\/div>\r\n    \n\n            <div class=\"content_section\">\r\n            <div class=\"container\">\r\n                <div class=\"content_wrap right\">\r\n                    <div class=\"content_info ogo2\">\r\n                                                <p class=\"title_category\">Gestiona entradas y salidas de forma sencilla y segura<\/p>\r\n                                                <h2 class=\"title_section\">Controlar no es solo control. Es trazabilidad real.<\/h2>\r\n                                                <div class=\"typical_text\">\r\n                            <p data-start=\"1290\" data-end=\"1310\">Desde la app puedes:<\/p>\n<ul data-start=\"1312\" data-end=\"1509\">\n<li data-start=\"1312\" data-end=\"1367\">\n<p data-start=\"1314\" data-end=\"1367\">Emitir y validar credenciales digitales mediante QR<\/p>\n<\/li>\n<li data-start=\"1368\" data-end=\"1412\">\n<p data-start=\"1370\" data-end=\"1412\">Registrar entradas y salidas manualmente<\/p>\n<\/li>\n<li data-start=\"1413\" data-end=\"1453\">\n<p data-start=\"1415\" data-end=\"1453\">Registrar accesos mediante c\u00f3digo QR<\/p>\n<\/li>\n<li data-start=\"1454\" data-end=\"1509\">\n<p data-start=\"1456\" data-end=\"1509\">Generar informes completos de accesos y movimientos<\/p>\n<\/li>\n<\/ul>\n<h3 data-start=\"1562\" data-end=\"1612\">Pensada para hoy. Preparada para lo que viene.<\/h3>\n<p data-start=\"1614\" data-end=\"1757\">Nuevas funcionalidades y mejoras seguir\u00e1n incorpor\u00e1ndose en pr\u00f3ximas actualizaciones para acompa\u00f1ar la evoluci\u00f3n de tus necesidades operativas.<\/p>\n<p data-start=\"1759\" data-end=\"1812\">Controlar no se queda quieto.<br data-start=\"1788\" data-end=\"1791\" \/>Tu operaci\u00f3n tampoco.<\/p>\n                        <\/div>\r\n                                            <\/div>\r\n\t\t\t\t\t\t\t\t\t\t\r\n                                        <div class=\"content_media\">\r\n                        <img decoding=\"async\" src=\"https:\/\/www.achilles.com\/app\/uploads\/2026\/02\/Diseno-sin-titulo-68.png\" alt=\"\">\r\n                    <\/div>\r\n                                    <\/div>\r\n            <\/div>\r\n        <\/div>\r\n    \n\n    <div class=\"content_section\">\r\n        <div class=\"container\">\r\n                        <div class=\"description_section\">\r\n                                <p class=\"title_category\">Algunos de nuestros clientes<\/p>\r\n                                <h2 class=\"title_section\">Las empresas l\u00edderes eligen Controlar<\/h2>\r\n                            <\/div>\r\n                        <div class=\"logos_wrap\">\r\n                                <div class=\"logo_item\">\r\n                    <img decoding=\"async\" src=\"https:\/\/www.achilles.com\/app\/uploads\/2023\/10\/atlantic_cooper.png\" alt=\"\" width=\"185\">\r\n                <\/div>\r\n                                <div class=\"logo_item\">\r\n                    <img decoding=\"async\" src=\"https:\/\/www.achilles.com\/app\/uploads\/2023\/10\/acerinox-logo.jpeg\" alt=\"\" width=\"120\">\r\n                <\/div>\r\n                                <div class=\"logo_item\">\r\n                    <img decoding=\"async\" src=\"https:\/\/www.achilles.com\/app\/uploads\/2023\/10\/cemex-logo.jpeg\" alt=\"\" width=\"184\">\r\n                <\/div>\r\n                                <div class=\"logo_item\">\r\n                    <img decoding=\"async\" src=\"https:\/\/www.achilles.com\/app\/uploads\/2023\/10\/Naturgy-transparent.png\" alt=\"\" width=\"185\">\r\n                <\/div>\r\n                                <div class=\"logo_item\">\r\n                    <img decoding=\"async\" src=\"https:\/\/www.achilles.com\/app\/uploads\/2023\/11\/2560px-Indra-Sistemas-Logo.svg_.png\" alt=\"\" width=\"182\">\r\n                <\/div>\r\n                                <div class=\"logo_item\">\r\n                    <img decoding=\"async\" src=\"https:\/\/www.achilles.com\/app\/uploads\/2024\/12\/Schneider-Electric-Logo.jpg\" alt=\"\" width=\"184\">\r\n                <\/div>\r\n                                <div class=\"logo_item\">\r\n                    <img decoding=\"async\" src=\"https:\/\/www.achilles.com\/app\/uploads\/2024\/11\/Moeve_fondo_transparente.png\" alt=\"\" width=\"185\">\r\n                <\/div>\r\n                                <div class=\"logo_item\">\r\n                    <img decoding=\"async\" src=\"https:\/\/www.achilles.com\/app\/uploads\/2024\/12\/weatherford.png\" alt=\"\" width=\"180\">\r\n                <\/div>\r\n                                <div class=\"logo_item\">\r\n                    <img decoding=\"async\" src=\"https:\/\/www.achilles.com\/app\/uploads\/2026\/02\/Airbus-logo-2.jpg\" alt=\"Airbus logo\" width=\"145\">\r\n                <\/div>\r\n                                <div class=\"logo_item\">\r\n                    <img decoding=\"async\" src=\"https:\/\/www.achilles.com\/app\/uploads\/2023\/10\/Berge-logo.jpeg\" alt=\"\" width=\"185\">\r\n                <\/div>\r\n                            <\/div>\r\n                    <\/div>\r\n    <\/div>\r\n\n\n    <div class=\"content_section bg_grey\">\r\n        <div class=\"container\">\r\n                        <div class=\"description_section full\">\r\n                                <p class=\"title_category\">Caso de \u00e9xito<\/p>\r\n                                <h2 class=\"title_section\">La experiencia de Atlantic Copper con Controlar<\/h2>\r\n                                <div class=\"typical_text\">\r\n                    <p>&nbsp;<\/p>\n<div style=\"float: left; margin: 0px 50px 0px 10px;\"><iframe loading=\"lazy\" title=\"YouTube video player\" src=\"https:\/\/www.youtube.com\/embed\/BZVKwBOqsYc?si=YVRttUscSAXDncVF&amp;controls=0\" width=\"560\" height=\"315\" frameborder=\"0\" allowfullscreen=\"allowfullscreen\"><\/iframe><\/div>\n<p>&nbsp;<\/p>\n<p style=\"font-size: 20px;\"><strong>Por qu\u00e9 Controlar<\/strong><\/p>\n<p>En Achilles llevamos m\u00e1s de 15 a\u00f1os ayudando a nuestros clientes a gestionar la Coordinaci\u00f3n de Actividades Empresariales, garantizando la seguridad y salud de contratistas y subcontratistas.<br \/>\nAtlantic Copper destaca c\u00f3mo la plataforma Controlar agiliza la gesti\u00f3n documental de 3,555 trabajadores, veh\u00edculos y maquinaria, proporcionando adem\u00e1s control en tiempo real para prevenir riesgos de PRL.<\/p>\n<p>&nbsp;<\/p>\n<p>&nbsp;<\/p>\n<p>&nbsp;<\/p>\n<p>&nbsp;<\/p>\n                <\/div>\r\n                            <\/div>\r\n                    <\/div>\r\n    <\/div>\r\n\n\n    <div class=\"content_section\">\r\n        <div class=\"container\">\r\n            <div class=\"services_wrap\">\r\n                                <div class=\"services_left\">\r\n                                        <p class=\"title_category\">C\u00d3MO FUNCIONA<\/p>\r\n                                        <h2 class=\"title_section\">La soluci\u00f3n de control de contratistas que estabas buscando<\/h2>\r\n                                        <div class=\"typical_text\">\r\n                        <p>En Achilles, gestionamos m\u00e1s de <strong>30.000 contratos en el sur de Europa<\/strong> y m\u00e1s de <strong>3.000 en Latinoam\u00e9rica<\/strong>, ayudando a nuestros clientes a reducir riesgos en sus instalaciones y a evitar sanciones por incumplimiento normativo.<\/p>\n                    <\/div>\r\n                                    <\/div>\r\n                                <div class=\"services_right\">\r\n                    <div class=\"services_list\">\r\n                                                <div class=\"service_box\">\r\n                                                        <p class=\"service_box_name\">\r\n                                <span class=\"service_box_check icon-Success\"><\/span>\r\n                                Definimos tu soluci\u00f3n                            <\/p>\r\n                                                        <div class=\"typical_text\">\r\n                                <p>Trabajamos contigo para dise\u00f1ar una plataforma a medida, adaptada a las necesidades espec\u00edficas de tu empresa y tu equipo. Analizamos tus procesos y definimos las mejores soluciones para optimizar la gesti\u00f3n de contratistas.<\/p>\r\n                            <\/div>\r\n                                                    <\/div>\r\n                                                <div class=\"service_box\">\r\n                                                        <p class=\"service_box_name\">\r\n                                <span class=\"service_box_check icon-Success\"><\/span>\r\n                                Creamos tu plataforma                            <\/p>\r\n                                                        <div class=\"typical_text\">\r\n                                <p>Desarrollamos una plataforma personalizada, construida en colaboraci\u00f3n contigo y enfocada en facilitar el control eficiente de tus proveedores y contratistas.<\/p>\r\n                            <\/div>\r\n                                                    <\/div>\r\n                                                <div class=\"service_box\">\r\n                                                        <p class=\"service_box_name\">\r\n                                <span class=\"service_box_check icon-Success\"><\/span>\r\n                                Formamos a tu equipo                            <\/p>\r\n                                                        <div class=\"typical_text\">\r\n                                <p>Capacitamos a tus contratistas para que su acceso a tus instalaciones sea r\u00e1pido, sencillo y seguro, garantizando que comprendan y cumplan todos los requisitos necesarios.<\/p>\r\n                            <\/div>\r\n                                                    <\/div>\r\n                                            <\/div>\r\n                <\/div>\r\n                            <\/div>\r\n        <\/div>\r\n    <\/div>\r\n\n\n    <div class=\"content_section\">\r\n        <div class=\"container\">\r\n                        <div class=\"posts_panel\">\r\n                <div class=\"description_section\">\r\n                                        <p class=\"title_category\">La opini\u00f3n de nuestros clientes<\/p>\r\n                     \r\n                    <h2 class=\"title_section\">Recomendado para ti<\/h2>\r\n                                    <\/div>\r\n                            <\/div>\r\n                                    <div class=\"posts_wrap\">\r\n                                <div class=\"post_item\">\r\n                    <div class=\"post_item_top\">\r\n                                                <a class=\"post_item_img\" href=\"https:\/\/www.achilles.com\/es\/informacion-sectorial\/google-centros-datos-proveedores\/\">\r\n                            <img decoding=\"async\" src=\"https:\/\/www.achilles.com\/app\/uploads\/2026\/03\/Achilles-Google-Supply-Chain-Risk-banner.png\" alt=\"Desarrollo de una red escalable, sostenible y resiliente para proyectos de centros de datos\">\r\n                        <\/a>\r\n                                                <ul class=\"post_item_categories\">\r\n                                                        <li>Casos de \u00e9xito<\/li>\r\n                                                        <li>Informaci\u00f3n sectorial<\/li>\r\n                                                    <\/ul>\r\n                    <\/div>\r\n                    <a class=\"post_item_name\" href=\"https:\/\/www.achilles.com\/es\/informacion-sectorial\/google-centros-datos-proveedores\/\">Desarrollo de una red escalable, sostenible y resiliente para proyectos de centros de datos<\/a>\r\n                <\/div>\r\n                                <div class=\"post_item\">\r\n                    <div class=\"post_item_top\">\r\n                                                <a class=\"post_item_img\" href=\"https:\/\/www.achilles.com\/es\/informacion-sectorial\/ametel-un-proveedor-estrategico-preparado-para-los-nuevos-estandares-esg\/\">\r\n                            <img decoding=\"async\" src=\"https:\/\/www.achilles.com\/app\/uploads\/2026\/02\/home-content-4-2.png\" alt=\"AMETEL: un proveedor estrat\u00e9gico preparado para los nuevos est\u00e1ndares ESG\">\r\n                        <\/a>\r\n                                                <ul class=\"post_item_categories\">\r\n                                                        <li>Casos de \u00e9xito<\/li>\r\n                                                        <li>Informaci\u00f3n sectorial<\/li>\r\n                                                    <\/ul>\r\n                    <\/div>\r\n                    <a class=\"post_item_name\" href=\"https:\/\/www.achilles.com\/es\/informacion-sectorial\/ametel-un-proveedor-estrategico-preparado-para-los-nuevos-estandares-esg\/\">AMETEL: un proveedor estrat\u00e9gico preparado para los nuevos est\u00e1ndares ESG<\/a>\r\n                <\/div>\r\n                                <div class=\"post_item\">\r\n                    <div class=\"post_item_top\">\r\n                                                <a class=\"post_item_img\" href=\"https:\/\/www.achilles.com\/es\/informations-sectorielles\/poly-rafia-la-estrategia-de-sustentabilidad-como-ventaja-competitiva-estructural\/\">\r\n                            <img decoding=\"async\" src=\"https:\/\/www.achilles.com\/app\/uploads\/2026\/02\/polyrafia.jpg\" alt=\"Poly Rafia: La estrategia de sustentabilidad como ventaja competitiva estructural.\">\r\n                        <\/a>\r\n                                                <ul class=\"post_item_categories\">\r\n                                                        <li>Casos de \u00e9xito<\/li>\r\n                                                        <li>Informaci\u00f3n sectorial<\/li>\r\n                                                    <\/ul>\r\n                    <\/div>\r\n                    <a class=\"post_item_name\" href=\"https:\/\/www.achilles.com\/es\/informations-sectorielles\/poly-rafia-la-estrategia-de-sustentabilidad-como-ventaja-competitiva-estructural\/\">Poly Rafia: La estrategia de sustentabilidad como ventaja competitiva estructural.<\/a>\r\n                <\/div>\r\n                            <\/div>\r\n                    <\/div>\r\n    <\/div>\r\n\n\n    <div class=\"request_section\">\r\n        <div class=\"contact_bg\">\r\n                        <img decoding=\"async\" src=\"https:\/\/www.achilles.com\/app\/uploads\/2025\/10\/joshua-sortino-LqKhnDzSF-8-unsplash.jpg\" alt=\"\">\r\n                    <\/div>\r\n        <div class=\"container\">\r\n            <div class=\"request_inner\">\r\n                                <div class=\"request_wrapper\">\r\n                <h2 class=\"title_section\">Cont\u00e1ctanos para hablar la gesti\u00f3n de tus contratistas<\/h2>\r\n                <\/div>\r\n                                <div class=\"request_box\">\r\n                    <script charset=\"utf-8\" type=\"text\/javascript\" src=\"\/\/js.hsforms.net\/forms\/embed\/v2.js\"><\/script>\r\n<script>\r\n  hbspt.forms.create({\r\n    region: \"na1\",\r\n    portalId: \"5387762\",\r\n    formId: \"3354ee4e-a554-4ea7-9a18-3d2d39739a6e\"\r\n  });\r\n<\/script>                <\/div>\r\n            <\/div>\r\n        <\/div>\r\n    <\/div>\r\n\r\n","protected":false},"excerpt":{"rendered":"","protected":false},"author":2,"featured_media":0,"parent":0,"menu_order":0,"comment_status":"closed","ping_status":"closed","template":"","meta":{"_acf_changed":true,"content-type":"","footnotes":""},"class_list":["post-23474","page","type-page","status-publish","hentry"],"acf":[],"_links":{"self":[{"href":"https:\/\/www.achilles.com\/es\/wp-json\/wp\/v2\/pages\/23474","targetHints":{"allow":["GET"]}}],"collection":[{"href":"https:\/\/www.achilles.com\/es\/wp-json\/wp\/v2\/pages"}],"about":[{"href":"https:\/\/www.achilles.com\/es\/wp-json\/wp\/v2\/types\/page"}],"author":[{"embeddable":true,"href":"https:\/\/www.achilles.com\/es\/wp-json\/wp\/v2\/users\/2"}],"replies":[{"embeddable":true,"href":"https:\/\/www.achilles.com\/es\/wp-json\/wp\/v2\/comments?post=23474"}],"version-history":[{"count":0,"href":"https:\/\/www.achilles.com\/es\/wp-json\/wp\/v2\/pages\/23474\/revisions"}],"wp:attachment":[{"href":"https:\/\/www.achilles.com\/es\/wp-json\/wp\/v2\/media?parent=23474"}],"curies":[{"name":"wp","href":"https:\/\/api.w.org\/{rel}","templated":true}]}}