{"id":21660,"date":"2023-10-02T13:03:00","date_gmt":"2023-10-02T12:03:00","guid":{"rendered":"https:\/\/uat.achilles.com\/?page_id=21660"},"modified":"2023-11-02T20:24:25","modified_gmt":"2023-11-02T17:24:25","slug":"utilities","status":"publish","type":"page","link":"https:\/\/www.achilles.com\/es\/utilities\/","title":{"rendered":"Utilities"},"content":{"rendered":"    <div class=\"top_section\">\n        <div class=\"container\">\n            <div class=\"top_info\">\n                                    <h1 class=\"top_title\">Gesti\u00f3n Sostenible de la Cadena de Suministro de Utilities<\/h1>\n                                    <div class=\"top_text\">\n                        <p>A medida que el mundo enfoca su atenci\u00f3n en un futuro m\u00e1s limpio y sostenible, la importancia de una gesti\u00f3n eficaz de la cadena de suministro en el sector de servicios p\u00fablicos nunca ha sido tan relevante, tanto para cumplir con la nueva y emergente legislaci\u00f3n como para alcanzar sus ambiciosos objetivos ambientales, sociales y de gobierno corporativo.<\/p>\n                    <\/div>\n                                    <div class=\"top_buttons\">\n                                                    <a class=\"btn btn_white btn_big\" href=\"https:\/\/www.achilles.com\/es\/contactenos\/\">Cont\u00e1ctanos<\/a>\n                                            <\/div>\n                            <\/div>\n        <\/div>\n        <div class=\"top_media\">\n\t\t\t            <img decoding=\"async\" src=\"https:\/\/www.achilles.com\/app\/uploads\/2023\/10\/AdobeStock_363883458.jpeg\" alt=\"Production of a wind generator on the factory floor\">\n                    <\/div>\n    <\/div>\n\n\n    <div class=\"content_section\">\r\n        <div class=\"container\">\r\n                        <div class=\"description_section\">\r\n                                <p class=\"title_category\">CLIENTES DE ACHILLES<\/p>\r\n                                <h2 class=\"title_section\">Las principales empresas de utilities del mundo eligen a Achilles<\/h2>\r\n                                <div class=\"typical_text middle_text\">\r\n                    <p>Achilles trabaja con las principales empresas de servicios p\u00fablicos en todos los continentes para abordar los impactos en la cadena de suministro, respaldar la mejora continua de los proveedores, brindar confianza en los informes de diligencia debida y garantizar el cumplimiento de la legislaci\u00f3n en materia de ESG.<\/p>\n                <\/div>\r\n                            <\/div>\r\n                        <div class=\"logos_wrap\">\r\n                                <div class=\"logo_item\">\r\n                    <img decoding=\"async\" src=\"\" alt=\"\">\r\n                <\/div>\r\n                                <div class=\"logo_item\">\r\n                    <img decoding=\"async\" src=\"https:\/\/www.achilles.com\/app\/uploads\/2023\/06\/Customer-logo_EDF_logo_Electricite_de_France.png\" alt=\"EDF chooses Achilles for ESG supply chain management\">\r\n                <\/div>\r\n                                <div class=\"logo_item\">\r\n                    <img decoding=\"async\" src=\"\" alt=\"\">\r\n                <\/div>\r\n                                <div class=\"logo_item\">\r\n                    <img decoding=\"async\" src=\"https:\/\/www.achilles.com\/app\/uploads\/2023\/09\/National-Grid.jpeg\" alt=\"National Grid logo\">\r\n                <\/div>\r\n                                <div class=\"logo_item\">\r\n                    <img decoding=\"async\" src=\"https:\/\/www.achilles.com\/app\/uploads\/2023\/09\/Eon.jpeg\" alt=\"\">\r\n                <\/div>\r\n                                <div class=\"logo_item\">\r\n                    <img decoding=\"async\" src=\"https:\/\/www.achilles.com\/app\/uploads\/2023\/05\/Statkraft.jpg\" alt=\"\">\r\n                <\/div>\r\n                                <div class=\"logo_item\">\r\n                    <img decoding=\"async\" src=\"https:\/\/www.achilles.com\/app\/uploads\/2023\/06\/canal2.jpg\" alt=\"\">\r\n                <\/div>\r\n                                <div class=\"logo_item\">\r\n                    <img decoding=\"async\" src=\"https:\/\/www.achilles.com\/app\/uploads\/2023\/05\/Orsted.png\" alt=\"\">\r\n                <\/div>\r\n                                <div class=\"logo_item\">\r\n                    <img decoding=\"async\" src=\"https:\/\/www.achilles.com\/app\/uploads\/2023\/05\/argent-energy-logo.png\" alt=\"\">\r\n                <\/div>\r\n                                <div class=\"logo_item\">\r\n                    <img decoding=\"async\" src=\"https:\/\/www.achilles.com\/app\/uploads\/2023\/05\/Bristol-Water-logo-2018.png\" alt=\"\">\r\n                <\/div>\r\n                            <\/div>\r\n                    <\/div>\r\n    <\/div>\r\n\n\n    <div class=\"content_section\">\r\n        <div class=\"container\">\r\n                        <div class=\"posts_panel\">\r\n                <div class=\"description_section\">\r\n                                        <p class=\"title_category\">CASOS DE \u00c9XITO<\/p>\r\n                     \r\n                    <h2 class=\"title_section\">Los clientes de Achilles son l\u00edderes en el mercado y est\u00e1n a la vanguardia en ESG<\/h2>\r\n                                    <\/div>\r\n                            <\/div>\r\n                                    <div class=\"posts_wrap\">\r\n                                <div class=\"post_item\">\r\n                    <div class=\"post_item_top\">\r\n                                                <a class=\"post_item_img\" href=\"https:\/\/www.achilles.com\/es\/informacion-sectorial\/google-centros-datos-proveedores\/\">\r\n                            <img decoding=\"async\" src=\"https:\/\/www.achilles.com\/app\/uploads\/2026\/03\/Achilles-Google-Supply-Chain-Risk-banner.png\" alt=\"Desarrollo de una red escalable, sostenible y resiliente para proyectos de centros de datos\">\r\n                        <\/a>\r\n                                                <ul class=\"post_item_categories\">\r\n                                                        <li>Casos de \u00e9xito<\/li>\r\n                                                        <li>Informaci\u00f3n sectorial<\/li>\r\n                                                    <\/ul>\r\n                    <\/div>\r\n                    <a class=\"post_item_name\" href=\"https:\/\/www.achilles.com\/es\/informacion-sectorial\/google-centros-datos-proveedores\/\">Desarrollo de una red escalable, sostenible y resiliente para proyectos de centros de datos<\/a>\r\n                <\/div>\r\n                                <div class=\"post_item\">\r\n                    <div class=\"post_item_top\">\r\n                                                <a class=\"post_item_img\" href=\"https:\/\/www.achilles.com\/es\/informacion-sectorial\/ametel-un-proveedor-estrategico-preparado-para-los-nuevos-estandares-esg\/\">\r\n                            <img decoding=\"async\" src=\"https:\/\/www.achilles.com\/app\/uploads\/2026\/02\/home-content-4-2.png\" alt=\"AMETEL: un proveedor estrat\u00e9gico preparado para los nuevos est\u00e1ndares ESG\">\r\n                        <\/a>\r\n                                                <ul class=\"post_item_categories\">\r\n                                                        <li>Casos de \u00e9xito<\/li>\r\n                                                        <li>Informaci\u00f3n sectorial<\/li>\r\n                                                    <\/ul>\r\n                    <\/div>\r\n                    <a class=\"post_item_name\" href=\"https:\/\/www.achilles.com\/es\/informacion-sectorial\/ametel-un-proveedor-estrategico-preparado-para-los-nuevos-estandares-esg\/\">AMETEL: un proveedor estrat\u00e9gico preparado para los nuevos est\u00e1ndares ESG<\/a>\r\n                <\/div>\r\n                                <div class=\"post_item\">\r\n                    <div class=\"post_item_top\">\r\n                                                <a class=\"post_item_img\" href=\"https:\/\/www.achilles.com\/es\/informations-sectorielles\/poly-rafia-la-estrategia-de-sustentabilidad-como-ventaja-competitiva-estructural\/\">\r\n                            <img decoding=\"async\" src=\"https:\/\/www.achilles.com\/app\/uploads\/2026\/02\/polyrafia.jpg\" alt=\"Poly Rafia: La estrategia de sustentabilidad como ventaja competitiva estructural.\">\r\n                        <\/a>\r\n                                                <ul class=\"post_item_categories\">\r\n                                                        <li>Casos de \u00e9xito<\/li>\r\n                                                        <li>Informaci\u00f3n sectorial<\/li>\r\n                                                    <\/ul>\r\n                    <\/div>\r\n                    <a class=\"post_item_name\" href=\"https:\/\/www.achilles.com\/es\/informations-sectorielles\/poly-rafia-la-estrategia-de-sustentabilidad-como-ventaja-competitiva-estructural\/\">Poly Rafia: La estrategia de sustentabilidad como ventaja competitiva estructural.<\/a>\r\n                <\/div>\r\n                            <\/div>\r\n                    <\/div>\r\n    <\/div>\r\n\n\n    <div class=\"content_section\">\r\n        <div class=\"container\">\r\n                        <div class=\"description_section\">\r\n                                <p class=\"title_category\">SOLUCIONES PARA LA CADENA DE SUMINISTRO DE UTILITIES<\/p>\r\n                                <h2 class=\"title_section\">Soluciones para una industria utilities m\u00e1s segura, justa y con menos emisiones de carbono<\/h2>\r\n                                <div class=\"typical_text middle_text\">\r\n                    <p>Achilles tiene varias d\u00e9cadas de experiencia trabajando con las principales empresas de utilities del mundo para abordar los riesgos de la cadena de suministro, reducir las emisiones de carbono y proporcionar una transparencia excepcional en la cadena de suministro.<\/p>\n                <\/div>\r\n                            <\/div>\r\n                        <div class=\"features_wrap features_four\">\r\n                                <div class=\"feature_item\">\r\n                                        <div class=\"feature_item_icon\">\r\n                        <img decoding=\"async\" src=\"https:\/\/www.achilles.com\/app\/uploads\/2023\/09\/icon_common-file-text-check.png\" alt=\"\">\r\n                    <\/div>\r\n                                        <h3 class=\"feature_item_name\">Red de proveedores evaluados<\/h3>\r\n                                        <div class=\"typical_text\">\r\n                        <p>Accede a una base de datos rigurosamente evaluada y validada de proveedores de utilities que cumplen con las regulaciones locales e internacionales de ESG y compras.<\/p>\n                    <\/div>\r\n                                        <a class=\"btn\" aria-label=\"Red de proveedores evaluados - M\u00e1s informaci\u00f3n\" href=\"\/es\/red-de-proveedores-preseleccionados\/\">M\u00e1s informaci\u00f3n<\/a>\r\n                                    <\/div>\r\n                                <div class=\"feature_item\">\r\n                                        <div class=\"feature_item_icon\">\r\n                        <img decoding=\"async\" src=\"https:\/\/www.achilles.com\/app\/uploads\/2023\/09\/icon_user-network-1.png\" alt=\"on site audits\">\r\n                    <\/div>\r\n                                        <h3 class=\"feature_item_name\">Diligencia debida de proveedores<\/h3>\r\n                                        <div class=\"typical_text\">\r\n                        <p>Una evaluaci\u00f3n y validaci\u00f3n rigurosas de tu cadena de suministro para asegurarnos de que tus proveedores cumplen con tus est\u00e1ndares y con las regulaciones relevantes para tus operaciones.<\/p>\n                    <\/div>\r\n                                        <a class=\"btn\" aria-label=\"Diligencia debida de proveedores - M\u00e1s informaci\u00f3n\" href=\"\/es\/supply-chain-due-diligence\/\">M\u00e1s informaci\u00f3n<\/a>\r\n                                    <\/div>\r\n                                <div class=\"feature_item\">\r\n                                        <div class=\"feature_item_icon\">\r\n                        <img decoding=\"async\" src=\"https:\/\/www.achilles.com\/app\/uploads\/2023\/09\/Icon_air-pollution-co2-down-2.png\" alt=\"\">\r\n                    <\/div>\r\n                                        <h3 class=\"feature_item_name\">Reducci\u00f3n de carbono<\/h3>\r\n                                        <div class=\"typical_text\">\r\n                        <p>Mide, gestiona y reduce de manera efectiva tu huella de carbono con el \u00fanico Esquema de Gesti\u00f3n de Carbono ISO14064-1 en el mundo.<\/p>\n                    <\/div>\r\n                                        <a class=\"btn\" aria-label=\"Reducci\u00f3n de carbono - M\u00e1s informaci\u00f3n\" href=\"\/es\/carbon-management-and-reduction\/\">M\u00e1s informaci\u00f3n<\/a>\r\n                                    <\/div>\r\n                                <div class=\"feature_item\">\r\n                                        <div class=\"feature_item_icon\">\r\n                        <img decoding=\"async\" src=\"https:\/\/www.achilles.com\/app\/uploads\/2023\/09\/Achilles-icons_Risk-Management-team.png\" alt=\"\">\r\n                    <\/div>\r\n                                        <h3 class=\"feature_item_name\">Gesti\u00f3n de la CAE<\/h3>\r\n                                        <div class=\"typical_text\">\r\n                        <p>Achilles Controlar es la forma m\u00e1s simple, segura y eficaz de gestionar la documentaci\u00f3n de tus contratistas, garantizar el cumplimiento de las normas de salud, seguridad y otras normas laborales y evitar posibles accidentes, multas y sanciones.<\/p>\n                    <\/div>\r\n                                        <a class=\"btn\" aria-label=\"Gesti\u00f3n de la CAE - M\u00e1s informaci\u00f3n\" href=\"\/es\/plataforma-cae-controlar\/\">M\u00e1s informaci\u00f3n<\/a>\r\n                                    <\/div>\r\n                            <\/div>\r\n                    <\/div>\r\n    <\/div>\r\n\n\n    <div class=\"content_section bg_grey\">\r\n        <div class=\"container\">\r\n                        <div class=\"description_section big\">\r\n                                <h2 class=\"title_section\">Selecciona la comunidad de utilities adecuada para tu negocio<\/h2>\r\n                                <div class=\"typical_text middle_text\">\r\n                    <p>Achilles opera en 17 ubicaciones en todo el mundo para proporcionar la presencia local que garantiza tanto un profundo entendimiento de las regulaciones locales, el idioma y la cultura, como la escala global necesaria para permitir una gesti\u00f3n superior de riesgos en la cadena de suministro, necesaria para satisfacer las necesidades mundiales de energ\u00eda y agua.<\/p>\n                <\/div>\r\n                            <\/div>\r\n                                    <div class=\"triggers_block\">\r\n                <div class=\"triggers_slider swiper-container\">\r\n                    <div class=\"swiper-wrapper\">\r\n                         \r\n                        <div class=\"trigger_slide swiper-slide\">\r\n                                                        <h3 class=\"feature_item_name\">Achilles Network<\/h3>\r\n                                                        <div class=\"typical_text middle_text\">\r\n                                <p>Achilles Network proporciona acceso a un mercado global de compradores y proveedores validados con el est\u00e1ndar de oro de Achilles en el sector utilities y en otros sectores.<\/p>\r\n                            <\/div>\r\n                                                        <a class=\"btn btn_big\" aria-label=\"Achilles Network - M\u00e1s informaci\u00f3n\" href=\"https:\/\/www.achilles.com\/es\/community\/achilles-network\/\">M\u00e1s informaci\u00f3n<\/a>\r\n                                                    <\/div>\r\n                         \r\n                        <div class=\"trigger_slide swiper-slide\">\r\n                                                        <h3 class=\"feature_item_name\">Repro<\/h3>\r\n                                                        <div class=\"typical_text middle_text\">\r\n                                <p>Repro consta de m\u00e1s de 40 compradores y miles de proveedores de Am\u00e9rica del Sur y el sur de Europa en el sector de servicios p\u00fablicos.<\/p>\r\n                            <\/div>\r\n                                                        <a class=\"btn btn_big\" aria-label=\"Repro - M\u00e1s informaci\u00f3n\" href=\"https:\/\/www.achilles.com\/es\/community\/repro\/\">M\u00e1s informaci\u00f3n<\/a>\r\n                                                    <\/div>\r\n                         \r\n                        <div class=\"trigger_slide swiper-slide\">\r\n                                                        <h3 class=\"feature_item_name\">Supply-Line<\/h3>\r\n                                                        <div class=\"typical_text middle_text\">\r\n                                <p>La comunidad de Supply-Line crea oportunidades para los proveedores al tiempo que ayuda a los compradores irlandeses a construir y gestionar cadenas de suministro completamente conformes.<\/p>\r\n                            <\/div>\r\n                                                        <a class=\"btn btn_big\" aria-label=\"Supply-Line - M\u00e1s informaci\u00f3n\" href=\"https:\/\/www.achilles.com\/es\/community\/linea-de-suministro\/\">M\u00e1s informaci\u00f3n<\/a>\r\n                                                    <\/div>\r\n                         \r\n                        <div class=\"trigger_slide swiper-slide\">\r\n                                                        <h3 class=\"feature_item_name\">Utilities NCE<\/h3>\r\n                                                        <div class=\"typical_text middle_text\">\r\n                                <p>Extendi\u00e9ndose por el norte y el centro de Europa, nuestra comunidad de Utilities NCE re\u00fane a m\u00e1s de 50 compradores y proveedores relevantes.<\/p>\r\n                            <\/div>\r\n                                                        <a class=\"btn btn_big\" aria-label=\"Utilities NCE - M\u00e1s informaci\u00f3n\" href=\"https:\/\/www.achilles.com\/es\/community\/servicios-publicos-nce\/\">M\u00e1s informaci\u00f3n<\/a>\r\n                                                    <\/div>\r\n                                            <\/div>\r\n                <\/div>\r\n                <div class=\"triggers_arrow triggers_arrow_prev\">\r\n                    <svg class=\"svg_slider_prev\">\r\n                        <use xlink:href=\"https:\/\/www.achilles.com\/app\/themes\/achilles\/images\/sprite\/sprite.svg#slider_prev\"><\/use>\r\n                    <\/svg>\r\n                <\/div>\r\n                <div class=\"triggers_arrow triggers_arrow_next\">\r\n                    <svg class=\"svg_slider_next\">\r\n                        <use xlink:href=\"https:\/\/www.achilles.com\/app\/themes\/achilles\/images\/sprite\/sprite.svg#slider_next\"><\/use>\r\n                    <\/svg>\r\n                <\/div>\r\n            <\/div>\r\n                                <\/div>\r\n    <\/div>\r\n\n\n            <div class=\"hero_section\">\r\n           <div class=\"hero_media\">\r\n                                <img decoding=\"async\" src=\"https:\/\/www.achilles.com\/app\/uploads\/2023\/05\/Light-line.jpg\" alt=\"\">\r\n                            <\/div>\r\n            <div class=\"container\">\r\n                <div class=\"hero_wrapper\">\r\n                    <div class=\"hero_info\">\r\n                                                <div class=\"typical_text middle_text\">\r\n                            <p>\u00abLlevamos utilizando Supply-Line desde 2002 y es una parte esencial de nuestro proceso de compras. Supply-Line nos permite crear nuestras listas de licitaci\u00f3n de manera r\u00e1pida y eficiente, garantizando al mismo tiempo el cumplimiento y la transparencia\u00bb. <p>Conal O\u2019Flanagan, Procurement Manager, Dublin Port Company<\/p>\r\n                        <\/div>\r\n                                            <\/div>\r\n                <\/div>\r\n            <\/div>\r\n        <\/div>\r\n    \n\n    <div class=\"content_section\">\r\n        <div class=\"container\">\r\n                        <div class=\"posts_panel\">\r\n                <div class=\"description_section\">\r\n                                        <p class=\"title_category\">RECURSOS<\/p>\r\n                     \r\n                    <h2 class=\"title_section\">Recomendado para ti<\/h2>\r\n                                    <\/div>\r\n                            <\/div>\r\n                                    <div class=\"posts_wrap\">\r\n                                <div class=\"post_item\">\r\n                    <div class=\"post_item_top\">\r\n                                                <a class=\"post_item_img\" href=\"https:\/\/www.achilles.com\/es\/informacion-sectorial\/riesgo-en-la-cadena-de-suministro-espana\/\">\r\n                            <img decoding=\"async\" src=\"https:\/\/www.achilles.com\/app\/uploads\/2026\/02\/AdobeStock_1174754076.jpeg\" alt=\"El riesgo en la cadena de suministro en Espa\u00f1a ya no es una amenaza: es una realidad operativa\">\r\n                        <\/a>\r\n                                                <ul class=\"post_item_categories\">\r\n                                                        <li>Art\u00edculos<\/li>\r\n                                                        <li>Informaci\u00f3n sectorial<\/li>\r\n                                                    <\/ul>\r\n                    <\/div>\r\n                    <a class=\"post_item_name\" href=\"https:\/\/www.achilles.com\/es\/informacion-sectorial\/riesgo-en-la-cadena-de-suministro-espana\/\">El riesgo en la cadena de suministro en Espa\u00f1a ya no es una amenaza: es una realidad operativa<\/a>\r\n                <\/div>\r\n                                <div class=\"post_item\">\r\n                    <div class=\"post_item_top\">\r\n                                                <a class=\"post_item_img\" href=\"https:\/\/www.achilles.com\/es\/informacion-sectorial\/la-encuesta-global-de-achilles-revela-que-las-empresas-en-mexico-enfrentan-crecientes-desafios-en-la-gestion-del-riesgo-de-proveedores\/\">\r\n                            <img decoding=\"async\" src=\"https:\/\/www.achilles.com\/app\/uploads\/2026\/03\/banner-1757895_960_720.jpg\" alt=\"La encuesta global de Achilles revela que las empresas en M\u00e9xico enfrentan crecientes desaf\u00edos en la gesti\u00f3n del riesgo de proveedores\">\r\n                        <\/a>\r\n                                                <ul class=\"post_item_categories\">\r\n                                                        <li>Art\u00edculos<\/li>\r\n                                                        <li>Informaci\u00f3n sectorial<\/li>\r\n                                                    <\/ul>\r\n                    <\/div>\r\n                    <a class=\"post_item_name\" href=\"https:\/\/www.achilles.com\/es\/informacion-sectorial\/la-encuesta-global-de-achilles-revela-que-las-empresas-en-mexico-enfrentan-crecientes-desafios-en-la-gestion-del-riesgo-de-proveedores\/\">La encuesta global de Achilles revela que las empresas en M\u00e9xico enfrentan crecientes desaf\u00edos en la gesti\u00f3n del riesgo de proveedores<\/a>\r\n                <\/div>\r\n                                <div class=\"post_item\">\r\n                    <div class=\"post_item_top\">\r\n                                                <a class=\"post_item_img\" href=\"https:\/\/www.achilles.com\/es\/informacion-sectorial\/financiacion-sostenible-cadena-de-suministro\/\">\r\n                            <img decoding=\"async\" src=\"https:\/\/www.achilles.com\/app\/uploads\/2026\/03\/ESG-finance-1.jpg\" alt=\"Financiaci\u00f3n sostenible bajo lupa: por qu\u00e9 la cadena de suministro gana protagonismo en el ESG\">\r\n                        <\/a>\r\n                                                <ul class=\"post_item_categories\">\r\n                                                        <li>Art\u00edculos<\/li>\r\n                                                        <li>Informaci\u00f3n sectorial<\/li>\r\n                                                    <\/ul>\r\n                    <\/div>\r\n                    <a class=\"post_item_name\" href=\"https:\/\/www.achilles.com\/es\/informacion-sectorial\/financiacion-sostenible-cadena-de-suministro\/\">Financiaci\u00f3n sostenible bajo lupa: por qu\u00e9 la cadena de suministro gana protagonismo en el ESG<\/a>\r\n                <\/div>\r\n                            <\/div>\r\n                    <\/div>\r\n    <\/div>\r\n\n\n    <div class=\"contact_main\">\r\n        <div class=\"contact_bg\">\r\n                    <\/div>\r\n        <div class=\"container\">\r\n            <div class=\"contact_content\">\r\n                <div class=\"contact_wrapper\">\r\n                <div class=\"contact_content_description\">\r\n                                        <h1 class=\"title_page\">Cont\u00e1ctanos<\/h1>\r\n                                        <h5 class=\"contact_content_subtitle\">Habla con uno de nuestros expertos en ESG y gesti\u00f3n de carbono<\/h5>\r\n                                    <\/div>\r\n                <\/div>\r\n                <div class=\"contact_reqiest\">\r\n                    <script charset=\"utf-8\" type=\"text\/javascript\" src=\"\/\/js.hsforms.net\/forms\/embed\/v2.js\"><\/script>\r\n<script>\r\n  hbspt.forms.create({\r\n    region: \"na1\",\r\n    portalId: \"5387762\",\r\n    formId: \"3354ee4e-a554-4ea7-9a18-3d2d39739a6e\"\r\n  });\r\n<\/script>                <\/div>\r\n            <\/div>\r\n        <\/div>\r\n    <\/div>\r\n\r\n","protected":false},"excerpt":{"rendered":"","protected":false},"author":12,"featured_media":0,"parent":0,"menu_order":0,"comment_status":"closed","ping_status":"closed","template":"","meta":{"_acf_changed":false,"content-type":"","footnotes":""},"class_list":["post-21660","page","type-page","status-publish","hentry"],"acf":[],"_links":{"self":[{"href":"https:\/\/www.achilles.com\/es\/wp-json\/wp\/v2\/pages\/21660","targetHints":{"allow":["GET"]}}],"collection":[{"href":"https:\/\/www.achilles.com\/es\/wp-json\/wp\/v2\/pages"}],"about":[{"href":"https:\/\/www.achilles.com\/es\/wp-json\/wp\/v2\/types\/page"}],"author":[{"embeddable":true,"href":"https:\/\/www.achilles.com\/es\/wp-json\/wp\/v2\/users\/12"}],"replies":[{"embeddable":true,"href":"https:\/\/www.achilles.com\/es\/wp-json\/wp\/v2\/comments?post=21660"}],"version-history":[{"count":0,"href":"https:\/\/www.achilles.com\/es\/wp-json\/wp\/v2\/pages\/21660\/revisions"}],"wp:attachment":[{"href":"https:\/\/www.achilles.com\/es\/wp-json\/wp\/v2\/media?parent=21660"}],"curies":[{"name":"wp","href":"https:\/\/api.w.org\/{rel}","templated":true}]}}