{"id":2150,"date":"2023-05-16T12:04:54","date_gmt":"2023-05-16T09:04:54","guid":{"rendered":"https:\/\/uat.achilles.com\/buyer-packages\/"},"modified":"2023-11-29T14:39:06","modified_gmt":"2023-11-29T11:39:06","slug":"buyer-packages","status":"publish","type":"page","link":"https:\/\/www.achilles.com\/es\/buyer-packages\/","title":{"rendered":"Paquetes para compradores"},"content":{"rendered":"    <div class=\"top_section\">\n        <div class=\"container\">\n            <div class=\"top_info half\">\n                                    <h1 class=\"top_title\">Paquetes para compradores<\/h1>\n                                    <div class=\"top_text large_text\">\n                        <p>Le ofrecemos distintos paquetes que se adaptan a su forma de trabajar. Si lo prefiere, p\u00f3ngase en contacto con uno de nuestros expertos en cadena de suministro sostenible para hablar de sus requisitos con m\u00e1s detalle y dise\u00f1ar una soluci\u00f3n que se adapte a sus necesidades.<\/p>\n                    <\/div>\n                                    <div class=\"top_buttons\">\n                                                    <a class=\"btn btn_big\" href=\"https:\/\/www.achilles.com\/es\/supplier-solutions\/\">\u00bfProveedor? Empieza aqu\u00ed.<\/a>\n                                                    <a class=\"btn btn_big\" href=\"https:\/\/www.achilles.com\/es\/buyer-call-back-2\/\">Hable con nosotros<\/a>\n                                            <\/div>\n                            <\/div>\n        <\/div>\n        <div class=\"top_media\">\n\t\t\t            <img decoding=\"async\" src=\"https:\/\/www.achilles.com\/app\/uploads\/2023\/05\/top_pricing.jpg\" alt=\"\">\n                    <\/div>\n    <\/div>\n\n\n    <div class=\"content_section bg_grey\">\r\n        <div class=\"container\">\r\n                        <div class=\"description_section\">\r\n                                <h2 class=\"title_section\">Elija el paquete que m\u00e1s le convenga<\/h2>\r\n                                <div class=\"typical_text\">\r\n                    <p>Utilizando nuestra plataforma tecnol\u00f3gica global y protocolos basados en nuestro conocimiento y experiencia ESG sin igual, nuestros validadores y auditores altamente cualificados llevan a cabo la diligencia debida y proporcionan conocimientos profundos que garantizan que las organizaciones puedan gestionar con confianza el riesgo de la cadena de suministro y cumplir plenamente las obligaciones ESG, de sostenibilidad, de derechos humanos y de salud y seguridad.<\/p>\n                <\/div>\r\n                            <\/div>\r\n                    <\/div>\r\n    <\/div>\r\n\n\n    <div class=\"content_section\">\r\n        <div class=\"container\">\r\n            <div class=\"pricing_wrap\">\r\n                                <div class=\"pricing_column\">\r\n                    <div class=\"pricing_column_body\">\r\n                                                <p class=\"pricing_column_title\">Esencial<\/p>\r\n                                                <div class=\"pricing_column_inner\">\r\n                                                        <div class=\"pricing_column_description\">\r\n                                <p>Acceda a los proveedores precalificados de Achilles espec\u00edficos de su sector industrial. Este plan es adecuado para la contrataci\u00f3n y selecci\u00f3n b\u00e1sicas de proveedores.<\/p>\r\n                            <\/div>\r\n                                                        <ul class=\"pricing_column_list\">\r\n                                                                <li>Acceso a 1 red<\/li>\r\n                                                                <li>&#8211;<\/li>\r\n                                                                <li>M\u00f3dulos de preguntas est\u00e1ndar<\/li>\r\n                                                                <li>M\u00f3dulos de preguntas sobre sostenibilidad<\/li>\r\n                                                                <li>Datos de terceros<\/li>\r\n                                                                <li>&#8211;<\/li>\r\n                                                                <li>Comprobaci\u00f3n manual de datos<\/li>\r\n                                                                <li>Auditor\u00edas del sistema de gesti\u00f3n<\/li>\r\n                                                                <li>Auditor\u00edas de abastecimiento \u00e9tico<\/li>\r\n                                                                <li>&#8211;<\/li>\r\n                                                                <li>Seguimiento de la caducidad de los documentos<\/li>\r\n                                                                <li>Puntuaci\u00f3n y calificaci\u00f3n de los proveedores<\/li>\r\n                                                                <li>Compartir informaci\u00f3n sobre el rendimiento de cada proveedor<\/li>\r\n                                                                <li>&#8211;<\/li>\r\n                                                                <li>An\u00e1lisis de proveedores y panel de datos<\/li>\r\n                                                            <\/ul>\r\n                                                    <\/div>\r\n                    <\/div>\r\n                                        <a class=\"pricing_column_btn\" href=\"https:\/\/uat.achilles.com\/es\/llamada-a-comprador\/\">Solicitar precio<\/a>\r\n                                    <\/div>\r\n                                <div class=\"pricing_column\">\r\n                    <div class=\"pricing_column_body\">\r\n                                                <p class=\"pricing_column_title\">Profesional<\/p>\r\n                                                <div class=\"pricing_column_inner\">\r\n                                                        <div class=\"pricing_column_description\">\r\n                                <p>Este plan es adecuado para mejorar la agilidad, la eficiencia y el cumplimiento de la cadena de suministro. Adapte la gesti\u00f3n de su cadena de suministro a sus necesidades con preguntas espec\u00edficas para el comprador. Trabajar en m\u00faltiples sectores industriales y zonas geogr\u00e1ficas.<\/p>\r\n                            <\/div>\r\n                                                        <ul class=\"pricing_column_list\">\r\n                                                                <li>Acceso a 3 redes<\/li>\r\n                                                                <li>&#8211;<\/li>\r\n                                                                <li>M\u00f3dulos de preguntas est\u00e1ndar<\/li>\r\n                                                                <li>M\u00f3dulos de preguntas sobre sostenibilidad<\/li>\r\n                                                                <li>Preguntas espec\u00edficas del comprador<\/li>\r\n                                                                <li>Datos de terceros<\/li>\r\n                                                                <li>&#8211;<\/li>\r\n                                                                <li>Comprobaci\u00f3n manual de datos<\/li>\r\n                                                                <li>Auditor\u00edas del sistema de gesti\u00f3n<\/li>\r\n                                                                <li>Auditor\u00edas de abastecimiento \u00e9tico<\/li>\r\n                                                                <li>&#8211;<\/li>\r\n                                                                <li>Seguimiento de la caducidad de los documentos<\/li>\r\n                                                                <li>Puntuaci\u00f3n y calificaci\u00f3n de los proveedores<\/li>\r\n                                                                <li>Herramienta de homologaci\u00f3n de proveedores (IQ)<\/li>\r\n                                                                <li>Compartir informaci\u00f3n sobre el rendimiento de cada proveedor<\/li>\r\n                                                                <li>Solicite directamente informaci\u00f3n adicional sobre licitaciones<\/li>\r\n                                                                <li>&#8211;<\/li>\r\n                                                                <li>An\u00e1lisis de proveedores y panel de datos<\/li>\r\n                                                            <\/ul>\r\n                                                    <\/div>\r\n                    <\/div>\r\n                                        <a class=\"pricing_column_btn\" href=\"https:\/\/uat.achilles.com\/es\/llamada-a-comprador\/\">Solicitar precio<\/a>\r\n                                    <\/div>\r\n                                <div class=\"pricing_column\">\r\n                    <div class=\"pricing_column_body\">\r\n                                                <p class=\"pricing_column_title\">Empresa<\/p>\r\n                                                <div class=\"pricing_column_inner\">\r\n                                                        <div class=\"pricing_column_description\">\r\n                                <p>Este plan es adecuado para empresas globales y para mejorar la transparencia y resistencia de la cadena de suministro.  <\/p>\r\n                            <\/div>\r\n                                                        <ul class=\"pricing_column_list\">\r\n                                                                <li>Acceso a todas las redes<\/li>\r\n                                                                <li>&#8211;<\/li>\r\n                                                                <li>M\u00f3dulos de preguntas est\u00e1ndar<\/li>\r\n                                                                <li>M\u00f3dulos de preguntas sobre sostenibilidad<\/li>\r\n                                                                <li>Preguntas espec\u00edficas del comprador<\/li>\r\n                                                                <li>Datos de terceros<\/li>\r\n                                                                <li>&#8211;<\/li>\r\n                                                                <li>Comprobaci\u00f3n manual de datos<\/li>\r\n                                                                <li>Auditor\u00edas del sistema de gesti\u00f3n<\/li>\r\n                                                                <li>Auditor\u00edas de abastecimiento \u00e9tico<\/li>\r\n                                                                <li>&#8211;<\/li>\r\n                                                                <li>Seguimiento de la caducidad de los documentos<\/li>\r\n                                                                <li>Puntuaci\u00f3n y calificaci\u00f3n de los proveedores<\/li>\r\n                                                                <li>Puntuaci\u00f3n personalizada<\/li>\r\n                                                                <li>Herramienta de homologaci\u00f3n de proveedores (IQ)<\/li>\r\n                                                                <li>Compartir informaci\u00f3n sobre el rendimiento de cada proveedor<\/li>\r\n                                                                <li>Solicite directamente informaci\u00f3n adicional sobre licitaciones<\/li>\r\n                                                                <li>&#8211;<\/li>\r\n                                                                <li>An\u00e1lisis de proveedores y panel de datos<\/li>\r\n                                                                <li>An\u00e1lisis personalizados<\/li>\r\n                                                            <\/ul>\r\n                                                    <\/div>\r\n                    <\/div>\r\n                                        <a class=\"pricing_column_btn\" href=\"https:\/\/uat.achilles.com\/es\/llamada-a-comprador\/\">Solicitar precio<\/a>\r\n                                    <\/div>\r\n                            <\/div>\r\n        <\/div>\r\n    <\/div>\r\n\n\n    <div class=\"content_section bg_grey\">\r\n        <div class=\"container\">\r\n                                    <div class=\"cta_wrap\">\r\n                                <a href=\"https:\/\/www.achilles.com\/es\/buyer-call-back-2\/\" class=\"cta_box\" >\r\n                    <div class=\"cta_box_bg\">\r\n                                                <img decoding=\"async\" src=\"https:\/\/www.achilles.com\/app\/uploads\/2023\/05\/cta_8.jpg\" alt=\"\">\r\n                                            <\/div>\r\n                    <div class=\"cta_box_info\">\r\n                                                <h3 class=\"cta_box_name\">Empezar<\/h3>\r\n                                                <span class=\"btn btn_big\">P\u00f3ngase en contacto con nosotros<\/span>\r\n                                            <\/div>\r\n                <\/a>\r\n                                <a href=\"https:\/\/www.achilles.com\/es\/supplier-solutions\/\" class=\"cta_box\" >\r\n                    <div class=\"cta_box_bg\">\r\n                                                <img decoding=\"async\" src=\"https:\/\/www.achilles.com\/app\/uploads\/2023\/05\/cta_9.jpg\" alt=\"\">\r\n                                            <\/div>\r\n                    <div class=\"cta_box_info\">\r\n                                                <h3 class=\"cta_box_name\">\u00bfQuiere encontrar las redes adecuadas?<\/h3>\r\n                                                <span class=\"btn btn_big\">Encontrar una red<\/span>\r\n                                            <\/div>\r\n                <\/a>\r\n                            <\/div>\r\n                                <\/div>\r\n    <\/div>\r\n","protected":false},"excerpt":{"rendered":"","protected":false},"author":1,"featured_media":0,"parent":0,"menu_order":0,"comment_status":"closed","ping_status":"closed","template":"","meta":{"_acf_changed":false,"content-type":"","footnotes":""},"class_list":["post-2150","page","type-page","status-publish","hentry"],"acf":[],"_links":{"self":[{"href":"https:\/\/www.achilles.com\/es\/wp-json\/wp\/v2\/pages\/2150","targetHints":{"allow":["GET"]}}],"collection":[{"href":"https:\/\/www.achilles.com\/es\/wp-json\/wp\/v2\/pages"}],"about":[{"href":"https:\/\/www.achilles.com\/es\/wp-json\/wp\/v2\/types\/page"}],"author":[{"embeddable":true,"href":"https:\/\/www.achilles.com\/es\/wp-json\/wp\/v2\/users\/1"}],"replies":[{"embeddable":true,"href":"https:\/\/www.achilles.com\/es\/wp-json\/wp\/v2\/comments?post=2150"}],"version-history":[{"count":0,"href":"https:\/\/www.achilles.com\/es\/wp-json\/wp\/v2\/pages\/2150\/revisions"}],"wp:attachment":[{"href":"https:\/\/www.achilles.com\/es\/wp-json\/wp\/v2\/media?parent=2150"}],"curies":[{"name":"wp","href":"https:\/\/api.w.org\/{rel}","templated":true}]}}