{"id":21139,"date":"2023-10-02T14:02:11","date_gmt":"2023-10-02T13:02:11","guid":{"rendered":"https:\/\/uat.achilles.com\/?page_id=21139"},"modified":"2025-03-05T17:10:46","modified_gmt":"2025-03-05T17:10:46","slug":"__trashed-2","status":"publish","type":"page","link":"https:\/\/www.achilles.com\/es\/transporte-y-logistica\/","title":{"rendered":"Transporte y Log\u00edstica"},"content":{"rendered":"    <div class=\"top_section\">\n        <div class=\"container\">\n            <div class=\"top_info\">\n                                    <h1 class=\"top_title\">Gesti\u00f3n Sostenible de la Cadena de Suministro para Transporte y Log\u00edstica<\/h1>\n                                    <div class=\"top_text\">\n                        <p>A medida que el mundo avanza hacia un futuro m\u00e1s limpio y sostenible, una gesti\u00f3n eficiente de la cadena de suministro se vuelve crucial para el sector de transporte y log\u00edstica. No solo para cumplir con las nuevas regulaciones emergentes, sino tambi\u00e9n para alcanzar ambiciosos objetivos en materia ambiental, social y de gobernanza (ESG).<\/p>\n                    <\/div>\n                                    <div class=\"top_buttons\">\n                                                    <a class=\"btn btn_white btn_big\" href=\"https:\/\/www.achilles.com\/es\/contactenos\/\">Cont\u00e1ctanos<\/a>\n                                            <\/div>\n                            <\/div>\n        <\/div>\n        <div class=\"top_media\">\n\t\t\t            <img decoding=\"async\" src=\"https:\/\/www.achilles.com\/app\/uploads\/2023\/06\/transport-3.jpg\" alt=\"\">\n                    <\/div>\n    <\/div>\n\n\n    <div class=\"content_section\">\r\n        <div class=\"container\">\r\n                        <div class=\"description_section\">\r\n                                <p class=\"title_category\">CLIENTES DE ACHILLES<\/p>\r\n                                <h2 class=\"title_section\">Las principales empresas de transporte y log\u00edstica del mundo eligen a Achilles<\/h2>\r\n                                <div class=\"typical_text middle_text\">\r\n                    <p>Achilles colabora con empresas l\u00edderes en ferrocarriles, carreteras y log\u00edstica a nivel global para gestionar los impactos en la cadena de suministro. A trav\u00e9s de nuestras soluciones, facilitamos la mejora continua de los proveedores, aseguramos la confianza en los informes de diligencia debida y garantizamos el cumplimiento de la legislaci\u00f3n en materia de ESG.<\/p>\n                <\/div>\r\n                            <\/div>\r\n                        <div class=\"logos_wrap\">\r\n                                <div class=\"logo_item\">\r\n                    <img decoding=\"async\" src=\"https:\/\/www.achilles.com\/app\/uploads\/2023\/10\/First-Group.jpeg\" alt=\"\">\r\n                <\/div>\r\n                                <div class=\"logo_item\">\r\n                    <img decoding=\"async\" src=\"https:\/\/www.achilles.com\/app\/uploads\/2023\/10\/LNER.jpeg\" alt=\"The LNER logo is the name of the company in  red capital letters. The L and R use a thinner weight and the N and E in the middle are a thicker weight. Underneath the acronym the full name of the company, which is London North Eastern Railway, is spelt out also in red.\">\r\n                <\/div>\r\n                                <div class=\"logo_item\">\r\n                    <img decoding=\"async\" src=\"https:\/\/www.achilles.com\/app\/uploads\/2023\/10\/wincanton-logo.svg\" alt=\"Achilles works with Wincanton to provide supply chain risk management solutions\">\r\n                <\/div>\r\n                                <div class=\"logo_item\">\r\n                    <img decoding=\"async\" src=\"https:\/\/www.achilles.com\/app\/uploads\/2023\/06\/GWR-logo-1.png\" alt=\"\">\r\n                <\/div>\r\n                                <div class=\"logo_item\">\r\n                    <img decoding=\"async\" src=\"https:\/\/www.achilles.com\/app\/uploads\/2025\/03\/Swedavia_Logo.svg_.png\" alt=\"\">\r\n                <\/div>\r\n                                <div class=\"logo_item\">\r\n                    <img decoding=\"async\" src=\"https:\/\/www.achilles.com\/app\/uploads\/2025\/03\/BaneNOR-logo-CMYK-morkbla-EPS.png\" alt=\"\">\r\n                <\/div>\r\n                                <div class=\"logo_item\">\r\n                    <img decoding=\"async\" src=\"https:\/\/www.achilles.com\/app\/uploads\/2023\/06\/TPE-logo.jpg\" alt=\"\">\r\n                <\/div>\r\n                                <div class=\"logo_item\">\r\n                    <img decoding=\"async\" src=\"https:\/\/www.achilles.com\/app\/uploads\/2023\/06\/bwo-logo-610.jpg\" alt=\"\">\r\n                <\/div>\r\n                                <div class=\"logo_item\">\r\n                    <img decoding=\"async\" src=\"https:\/\/www.achilles.com\/app\/uploads\/2023\/06\/canal2.jpg\" alt=\"\">\r\n                <\/div>\r\n                                <div class=\"logo_item\">\r\n                    <img decoding=\"async\" src=\"https:\/\/www.achilles.com\/app\/uploads\/2023\/05\/trv-logo.png\" alt=\"\">\r\n                <\/div>\r\n                            <\/div>\r\n                    <\/div>\r\n    <\/div>\r\n\n\n    <div class=\"content_section\">\r\n        <div class=\"container\">\r\n                        <div class=\"posts_panel\">\r\n                <div class=\"description_section\">\r\n                                        <p class=\"title_category\">CASOS DE \u00c9XITO<\/p>\r\n                     \r\n                    <h2 class=\"title_section\">Los clientes de Achilles en el sector de transporte y log\u00edstica son referentes del mercado y l\u00edderes en la adopci\u00f3n de est\u00e1ndares ESG<\/h2>\r\n                                    <\/div>\r\n                            <\/div>\r\n                                    <div class=\"posts_wrap\">\r\n                                <div class=\"post_item\">\r\n                    <div class=\"post_item_top\">\r\n                                                <a class=\"post_item_img\" href=\"https:\/\/www.achilles.com\/es\/informacion-sectorial\/google-centros-datos-proveedores\/\">\r\n                            <img decoding=\"async\" src=\"https:\/\/www.achilles.com\/app\/uploads\/2026\/03\/Achilles-Google-Supply-Chain-Risk-banner.png\" alt=\"Desarrollo de una red escalable, sostenible y resiliente para proyectos de centros de datos\">\r\n                        <\/a>\r\n                                                <ul class=\"post_item_categories\">\r\n                                                        <li>Casos de \u00e9xito<\/li>\r\n                                                        <li>Informaci\u00f3n sectorial<\/li>\r\n                                                    <\/ul>\r\n                    <\/div>\r\n                    <a class=\"post_item_name\" href=\"https:\/\/www.achilles.com\/es\/informacion-sectorial\/google-centros-datos-proveedores\/\">Desarrollo de una red escalable, sostenible y resiliente para proyectos de centros de datos<\/a>\r\n                <\/div>\r\n                                <div class=\"post_item\">\r\n                    <div class=\"post_item_top\">\r\n                                                <a class=\"post_item_img\" href=\"https:\/\/www.achilles.com\/es\/informacion-sectorial\/ametel-un-proveedor-estrategico-preparado-para-los-nuevos-estandares-esg\/\">\r\n                            <img decoding=\"async\" src=\"https:\/\/www.achilles.com\/app\/uploads\/2026\/02\/home-content-4-2.png\" alt=\"AMETEL: un proveedor estrat\u00e9gico preparado para los nuevos est\u00e1ndares ESG\">\r\n                        <\/a>\r\n                                                <ul class=\"post_item_categories\">\r\n                                                        <li>Casos de \u00e9xito<\/li>\r\n                                                        <li>Informaci\u00f3n sectorial<\/li>\r\n                                                    <\/ul>\r\n                    <\/div>\r\n                    <a class=\"post_item_name\" href=\"https:\/\/www.achilles.com\/es\/informacion-sectorial\/ametel-un-proveedor-estrategico-preparado-para-los-nuevos-estandares-esg\/\">AMETEL: un proveedor estrat\u00e9gico preparado para los nuevos est\u00e1ndares ESG<\/a>\r\n                <\/div>\r\n                                <div class=\"post_item\">\r\n                    <div class=\"post_item_top\">\r\n                                                <a class=\"post_item_img\" href=\"https:\/\/www.achilles.com\/es\/informations-sectorielles\/poly-rafia-la-estrategia-de-sustentabilidad-como-ventaja-competitiva-estructural\/\">\r\n                            <img decoding=\"async\" src=\"https:\/\/www.achilles.com\/app\/uploads\/2026\/02\/polyrafia.jpg\" alt=\"Poly Rafia: La estrategia de sustentabilidad como ventaja competitiva estructural.\">\r\n                        <\/a>\r\n                                                <ul class=\"post_item_categories\">\r\n                                                        <li>Casos de \u00e9xito<\/li>\r\n                                                        <li>Informaci\u00f3n sectorial<\/li>\r\n                                                    <\/ul>\r\n                    <\/div>\r\n                    <a class=\"post_item_name\" href=\"https:\/\/www.achilles.com\/es\/informations-sectorielles\/poly-rafia-la-estrategia-de-sustentabilidad-como-ventaja-competitiva-estructural\/\">Poly Rafia: La estrategia de sustentabilidad como ventaja competitiva estructural.<\/a>\r\n                <\/div>\r\n                            <\/div>\r\n                    <\/div>\r\n    <\/div>\r\n\n\n    <div class=\"content_section\">\r\n        <div class=\"container\">\r\n                        <div class=\"description_section\">\r\n                                <p class=\"title_category\">SOLUCIONES PARA LA CADENA DE SUMINISTRO<\/p>\r\n                                <h2 class=\"title_section\">Soluciones para una industria minera m\u00e1s segura, justa y con menos emisiones de carbono<\/h2>\r\n                                <div class=\"typical_text middle_text\">\r\n                    <p>Achilles tiene d\u00e9cadas de experiencia trabajando con las principales empresas de transporte y log\u00edstica del mundo para abordar riesgos en la cadena de suministro, reducir emisiones de carbono y proporcionar una transparencia excepcional.<\/p>\n                <\/div>\r\n                            <\/div>\r\n                        <div class=\"features_wrap features_four\">\r\n                                <div class=\"feature_item\">\r\n                                        <div class=\"feature_item_icon\">\r\n                        <img decoding=\"async\" src=\"https:\/\/www.achilles.com\/app\/uploads\/2025\/02\/affinity-water-700-x-700-px.png\" alt=\"a document with a magnifying glass and a check mark. Green global map overlay\">\r\n                    <\/div>\r\n                                        <h3 class=\"feature_item_name\">Red de proveedores evaluados<\/h3>\r\n                                        <div class=\"typical_text\">\r\n                        <p>Accede a una base de datos rigurosamente evaluada y validada de proveedores de la industria del transporte y la log\u00edstica que cumplen con las regulaciones locales e internacionales de ESG y compras.<\/p>\n                    <\/div>\r\n                                        <a class=\"btn\" aria-label=\"Red de proveedores evaluados - M\u00e1s informaci\u00f3n\" href=\"https:\/\/uat.achilles.com\/es\/red-de-proveedores-preseleccionados\/\">M\u00e1s informaci\u00f3n<\/a>\r\n                                    <\/div>\r\n                                <div class=\"feature_item\">\r\n                                        <div class=\"feature_item_icon\">\r\n                        <img decoding=\"async\" src=\"https:\/\/www.achilles.com\/app\/uploads\/2025\/01\/95.png\" alt=\"green circles connected with lines and silhouette of people in the circles\">\r\n                    <\/div>\r\n                                        <h3 class=\"feature_item_name\">Diligencia debida de proveedores<\/h3>\r\n                                        <div class=\"typical_text\">\r\n                        <p>Una evaluaci\u00f3n y validaci\u00f3n rigurosas de tu cadena de suministro para asegurarnos de que tus proveedores cumplen con tus est\u00e1ndares y con las regulaciones relevantes para tus operaciones.<\/p>\n                    <\/div>\r\n                                    <\/div>\r\n                                <div class=\"feature_item\">\r\n                                        <div class=\"feature_item_icon\">\r\n                        <img decoding=\"async\" src=\"https:\/\/www.achilles.com\/app\/uploads\/2025\/02\/Carbon-Green-scales-weigh-icon.png\" alt=\"icon green. scales balancing CO2 and a lead\">\r\n                    <\/div>\r\n                                        <h3 class=\"feature_item_name\">Reducci\u00f3n de carbono<\/h3>\r\n                                        <div class=\"typical_text\">\r\n                        <p>Mide, gestiona y reduce de manera efectiva tu huella de carbono con el \u00fanico Esquema de Gesti\u00f3n de Carbono ISO14064-1 en el mundo.<\/p>\n                    <\/div>\r\n                                    <\/div>\r\n                                <div class=\"feature_item\">\r\n                                        <div class=\"feature_item_icon\">\r\n                        <img decoding=\"async\" src=\"https:\/\/www.achilles.com\/app\/uploads\/2025\/02\/Untitled-design-32.png\" alt=\"green tick in a circle\">\r\n                    <\/div>\r\n                                        <h3 class=\"feature_item_name\">Gesti\u00f3n de la CAE<\/h3>\r\n                                        <div class=\"typical_text\">\r\n                        <p>Achilles Controlar es la forma m\u00e1s simple, segura y eficaz de gestionar la documentaci\u00f3n de tus contratistas, garantizar el cumplimiento de las normas de salud, seguridad y otras normas laborales y evitar posibles accidentes, multas y sanciones.<\/p>\n                    <\/div>\r\n                                        <a class=\"btn\" aria-label=\"Gesti\u00f3n de la CAE - M\u00e1s informaci\u00f3n\" href=\"https:\/\/www.achilles.com\/es\/plataforma-cae-controlar\/\">M\u00e1s informaci\u00f3n<\/a>\r\n                                    <\/div>\r\n                            <\/div>\r\n                    <\/div>\r\n    <\/div>\r\n\n\n    <div class=\"content_section bg_grey\">\r\n        <div class=\"container\">\r\n                        <div class=\"description_section big\">\r\n                                <h2 class=\"title_section\">Selecciona la comunidad de transporte adecuada para tu empresa<\/h2>\r\n                                <div class=\"typical_text middle_text\">\r\n                    <p>Achilles opera en 17 ubicaciones en todo el mundo para proporcionar la presencia local que garantiza tanto un profundo conocimiento de las regulaciones locales, el idioma y la cultura, como la escala global necesaria para permitir una gesti\u00f3n superior de riesgos en la cadena de suministro requerida para satisfacer las necesidades de transporte y log\u00edstica a nivel mundial.<\/p>\n                <\/div>\r\n                            <\/div>\r\n                                    <div class=\"features_wrap features_four\">\r\n                                <div class=\"feature_item\">\r\n                                        <h3 class=\"feature_item_name\">Achilles Network<\/h3>\r\n                                        <div class=\"typical_text middle_text\">\r\n                        <p>Achilles Network proporciona acceso a un mercado global de compradores y proveedores validados con el est\u00e1ndar de oro de Achilles en todos los sectores.<\/p>\r\n                    <\/div>\r\n                                        <a class=\"btn btn_big\" aria-label=\"Achilles Network - M\u00e1s informaci\u00f3n\" href=\"https:\/\/www.achilles.com\/es\/comunidad\/achilles-network\/\">M\u00e1s informaci\u00f3n<\/a>\r\n                                    <\/div>\r\n                                <div class=\"feature_item\">\r\n                                        <h3 class=\"feature_item_name\">Link-Up<\/h3>\r\n                                        <div class=\"typical_text middle_text\">\r\n                        <p>Link-Up se enfoca en el sector del transporte del Reino Unido, proporcionando informaci\u00f3n actualizada y validada de proveedores, servicios de auditor\u00eda de proveedores y un proceso de compra eficiente de acuerdo con las regulaciones del Reino Unido.<\/p>\r\n                    <\/div>\r\n                                        <a class=\"btn btn_big\" aria-label=\"Link-Up - M\u00e1s informaci\u00f3n\" href=\"https:\/\/www.achilles.com\/es\/comunidad\/link-up\/\">M\u00e1s informaci\u00f3n<\/a>\r\n                                    <\/div>\r\n                                <div class=\"feature_item\">\r\n                                        <h3 class=\"feature_item_name\">SupplyLine<\/h3>\r\n                                        <div class=\"typical_text middle_text\">\r\n                        <p>La comunidad Supply-Line crea oportunidades para los proveedores mientras ayuda a los compradores irlandeses a construir y gestionar cadenas de suministro completamente conformes.<\/p>\r\n                    <\/div>\r\n                                        <a class=\"btn btn_big\" aria-label=\"SupplyLine - M\u00e1s informaci\u00f3n\" href=\"https:\/\/www.achilles.com\/es\/comunidad\/supply-line\/\">M\u00e1s informaci\u00f3n<\/a>\r\n                                    <\/div>\r\n                                <div class=\"feature_item\">\r\n                                        <h3 class=\"feature_item_name\">TransQ Nordics<\/h3>\r\n                                        <div class=\"typical_text middle_text\">\r\n                        <p>Enfoc\u00e1ndose en los pa\u00edses n\u00f3rdicos, TransQ abarca ferrocarriles, carreteras, aire, servicios postales y log\u00edstica.<\/p>\r\n                    <\/div>\r\n                                        <a class=\"btn btn_big\" aria-label=\"TransQ Nordics - M\u00e1s informaci\u00f3n\" href=\"https:\/\/www.achilles.com\/es\/community\/transq-nordics\/\">M\u00e1s informaci\u00f3n<\/a>\r\n                                    <\/div>\r\n                            <\/div>\r\n                                <\/div>\r\n    <\/div>\r\n\n\n            <div class=\"hero_section\">\r\n           <div class=\"hero_media\">\r\n                                <img decoding=\"async\" src=\"https:\/\/www.achilles.com\/app\/uploads\/2023\/07\/transport-2-e1536317047230.jpg\" alt=\"\">\r\n                            <\/div>\r\n            <div class=\"container\">\r\n                <div class=\"hero_wrapper\">\r\n                    <div class=\"hero_info\">\r\n                                                <div class=\"typical_text middle_text\">\r\n                            <p>\u00abUtilizar TransQ significar tener un proceso de compra m\u00e1s r\u00e1pido y eficiente, ya que los proveedores han sido preaprobados para la Administraci\u00f3n de Transporte de Suecia (Trafikverket).\u00bb<\/p>\r\n                        <\/div>\r\n                                                <div class=\"content_buttons\">\r\n                                                        <a class=\"btn btn_big\" aria-label=\" - M\u00e1s informaci\u00f3n\" href=\"https:\/\/www.achilles.com\/es\/community\/transq-nordics\/\">M\u00e1s informaci\u00f3n<\/a>\r\n                                                    <\/div>\r\n                                            <\/div>\r\n                <\/div>\r\n            <\/div>\r\n        <\/div>\r\n    \n\n    <div class=\"content_section\">\r\n        <div class=\"container\">\r\n                        <div class=\"posts_panel\">\r\n                <div class=\"description_section\">\r\n                                        <p class=\"title_category\">RECURSOS<\/p>\r\n                     \r\n                    <h2 class=\"title_section\">Recomendado para ti<\/h2>\r\n                                    <\/div>\r\n                            <\/div>\r\n                                <\/div>\r\n    <\/div>\r\n\n\n    <div class=\"contact_main\">\r\n        <div class=\"contact_bg\">\r\n                        <img decoding=\"async\" src=\"https:\/\/www.achilles.com\/app\/uploads\/2023\/07\/Trees-road-e1716465304904.jpg\" alt=\"\">\r\n                    <\/div>\r\n        <div class=\"container\">\r\n            <div class=\"contact_content\">\r\n                <div class=\"contact_wrapper\">\r\n                <div class=\"contact_content_description\">\r\n                                        <h1 class=\"title_page\">Cont\u00e1ctanos<\/h1>\r\n                                        <h5 class=\"contact_content_subtitle\">Habla con uno de nuestros expertos en ESG y gesti\u00f3n de carbono<\/h5>\r\n                                    <\/div>\r\n                <\/div>\r\n                <div class=\"contact_reqiest\">\r\n                    <script charset=\"utf-8\" type=\"text\/javascript\" src=\"\/\/js.hsforms.net\/forms\/embed\/v2.js\"><\/script>\r\n<script>\r\n  hbspt.forms.create({\r\n    region: \"na1\",\r\n    portalId: \"5387762\",\r\n    formId: \"3354ee4e-a554-4ea7-9a18-3d2d39739a6e\"\r\n  });\r\n<\/script>                <\/div>\r\n            <\/div>\r\n        <\/div>\r\n    <\/div>\r\n\r\n","protected":false},"excerpt":{"rendered":"","protected":false},"author":2,"featured_media":0,"parent":0,"menu_order":0,"comment_status":"closed","ping_status":"closed","template":"","meta":{"_acf_changed":true,"content-type":"","footnotes":""},"class_list":["post-21139","page","type-page","status-publish","hentry"],"acf":[],"_links":{"self":[{"href":"https:\/\/www.achilles.com\/es\/wp-json\/wp\/v2\/pages\/21139","targetHints":{"allow":["GET"]}}],"collection":[{"href":"https:\/\/www.achilles.com\/es\/wp-json\/wp\/v2\/pages"}],"about":[{"href":"https:\/\/www.achilles.com\/es\/wp-json\/wp\/v2\/types\/page"}],"author":[{"embeddable":true,"href":"https:\/\/www.achilles.com\/es\/wp-json\/wp\/v2\/users\/2"}],"replies":[{"embeddable":true,"href":"https:\/\/www.achilles.com\/es\/wp-json\/wp\/v2\/comments?post=21139"}],"version-history":[{"count":0,"href":"https:\/\/www.achilles.com\/es\/wp-json\/wp\/v2\/pages\/21139\/revisions"}],"wp:attachment":[{"href":"https:\/\/www.achilles.com\/es\/wp-json\/wp\/v2\/media?parent=21139"}],"curies":[{"name":"wp","href":"https:\/\/api.w.org\/{rel}","templated":true}]}}