{"id":2099,"date":"2023-05-15T20:36:59","date_gmt":"2023-05-15T19:36:59","guid":{"rendered":"https:\/\/uat.achilles.com\/features\/"},"modified":"2023-08-07T02:34:05","modified_gmt":"2023-08-06T23:34:05","slug":"features","status":"publish","type":"page","link":"https:\/\/www.achilles.com\/es\/productos\/","title":{"rendered":"Nuestros productos"},"content":{"rendered":"    <div class=\"top_section\">\n        <div class=\"container\">\n            <div class=\"top_info half\">\n                                    <h1 class=\"top_title\">Nuestros productos<\/h1>\n                                    <div class=\"top_text\">\n                        <p>Desde el proceso de contrataci\u00f3n hasta tus relaciones con proveedores habituales, nuestra cartera de productos est\u00e1 dise\u00f1ada para impulsar el desempe\u00f1o y reducir el riesgo en cada paso del proceso.<\/p>\n                    <\/div>\n                            <\/div>\n        <\/div>\n        <div class=\"top_media\">\n\t\t\t            <img decoding=\"async\" src=\"https:\/\/www.achilles.com\/app\/uploads\/2023\/05\/top_features.jpg\" alt=\"\">\n                    <\/div>\n    <\/div>\n\n\n    <div class=\"content_section\">\r\n        <div class=\"container\">\r\n                        <div class=\"filter_panel\" id=\"filter\">\r\n                <span class=\"filter_panel_title\"><\/span>\r\n                <div class=\"filter_dropdown dropdown_wrap\">\r\n                    <a class=\"filter_dropdown_toggle dropdown_toggle\" href=\"#\">\r\n                        Solution                        <span class=\"icon-Chevron-Down\"><\/span>\r\n                    <\/a>\r\n                    <div class=\"filter_dropdown_box dropdown_box\">\r\n                        <ul>\r\n                            <li class=\"active\"><a href=\"https:\/\/www.achilles.com\/es\/productos\/#filter\">Todos<\/a><\/li>\r\n                                                        <li><a href=\"https:\/\/www.achilles.com\/es\/productos\/?filter1=#filter\"><\/a><\/li>\r\n                                                        <li><a href=\"https:\/\/www.achilles.com\/es\/productos\/?filter1=#filter\"><\/a><\/li>\r\n                                                    <\/ul>\r\n                    <\/div>\r\n                <\/div>\r\n            <\/div>\r\n                        <div class=\"features_all\">\r\n                                <a class=\"feature_box\" href=\"https:\/\/www.achilles.com\/es\/feature\/analisis-2\/\">\r\n                    <p class=\"feature_box_name\">Insights<\/p>\r\n                    <div class=\"typical_text\">\r\n                        <p>Our questionnaires ensure buyers can see the most pertinent information about potential suppliers \u2013 all in one place, all in one format.<\/p>\r\n                    <\/div>\r\n                <\/a>\r\n                                <a class=\"feature_box\" href=\"https:\/\/www.achilles.com\/es\/feature\/cuestionarios-precalificacion\/\">\r\n                    <p class=\"feature_box_name\">Cuestionarios de precalificaci\u00f3n<\/p>\r\n                    <div class=\"typical_text\">\r\n                        <p>Our questionnaires ensure buyers can see the most pertinent information about potential suppliers \u2013 all in one place, all in one format.<\/p>\r\n                    <\/div>\r\n                <\/a>\r\n                                <a class=\"feature_box\" href=\"https:\/\/www.achilles.com\/es\/feature\/validacion-datos\/\">\r\n                    <p class=\"feature_box_name\">Validaci\u00f3n de los datos<\/p>\r\n                    <div class=\"typical_text\">\r\n                        <p>Our questionnaires ensure buyers can see the most pertinent information about potential suppliers \u2013 all in one place, all in one format.<\/p>\r\n                    <\/div>\r\n                <\/a>\r\n                                <a class=\"feature_box\" href=\"https:\/\/www.achilles.com\/es\/feature\/mapeo-cadena-suministro\/\">\r\n                    <p class=\"feature_box_name\">Mapeo de la cadena de suministro<\/p>\r\n                    <div class=\"typical_text\">\r\n                        <p>Our questionnaires ensure buyers can see the most pertinent information about potential suppliers \u2013 all in one place, all in one format.<\/p>\r\n                    <\/div>\r\n                <\/a>\r\n                                <a class=\"feature_box\" href=\"https:\/\/www.achilles.com\/es\/feature\/minerales-zonas-conflicto\/\">\r\n                    <p class=\"feature_box_name\">Minerales de zonas en conflicto<\/p>\r\n                    <div class=\"typical_text\">\r\n                        <p>Our questionnaires ensure buyers can see the most pertinent information about potential suppliers \u2013 all in one place, all in one format.<\/p>\r\n                    <\/div>\r\n                <\/a>\r\n                                <a class=\"feature_box\" href=\"https:\/\/www.achilles.com\/es\/feature\/controlar\/\">\r\n                    <p class=\"feature_box_name\">Controlar<\/p>\r\n                    <div class=\"typical_text\">\r\n                        <p>Our questionnaires ensure buyers can see the most pertinent information about potential suppliers \u2013 all in one place, all in one format.<\/p>\r\n                    <\/div>\r\n                <\/a>\r\n                                <a class=\"feature_box\" href=\"https:\/\/www.achilles.com\/es\/feature\/themis\/\">\r\n                    <p class=\"feature_box_name\">THEMiS<\/p>\r\n                    <div class=\"typical_text\">\r\n                        <p>Our questionnaires ensure buyers can see the most pertinent information about potential suppliers \u2013 all in one place, all in one format.<\/p>\r\n                    <\/div>\r\n                <\/a>\r\n                                <a class=\"feature_box\" href=\"https:\/\/www.achilles.com\/es\/feature\/analisis\/\">\r\n                    <p class=\"feature_box_name\">Insights<\/p>\r\n                    <div class=\"typical_text\">\r\n                        <p>Our questionnaires ensure buyers can see the most pertinent information about potential suppliers \u2013 all in one place, all in one format.<\/p>\r\n                    <\/div>\r\n                <\/a>\r\n                                <a class=\"feature_box\" href=\"https:\/\/www.achilles.com\/es\/feature\/lista-vigilancia\/\">\r\n                    <p class=\"feature_box_name\">Lista de vigilancia<\/p>\r\n                    <div class=\"typical_text\">\r\n                        <p>Our questionnaires ensure buyers can see the most pertinent information about potential suppliers \u2013 all in one place, all in one format.<\/p>\r\n                    <\/div>\r\n                <\/a>\r\n                                <a class=\"feature_box\" href=\"https:\/\/www.achilles.com\/es\/feature\/supplier-notice-for-contract-tenders\/\">\r\n                    <p class=\"feature_box_name\">Supplier NOTiCE<\/p>\r\n                    <div class=\"typical_text\">\r\n                        <p>Our questionnaires ensure buyers can see the most pertinent information about potential suppliers \u2013 all in one place, all in one format.<\/p>\r\n                    <\/div>\r\n                <\/a>\r\n                                <a class=\"feature_box\" href=\"https:\/\/www.achilles.com\/es\/feature\/auditorias\/\">\r\n                    <p class=\"feature_box_name\">Auditor\u00edas<\/p>\r\n                    <div class=\"typical_text\">\r\n                        <p>Our questionnaires ensure buyers can see the most pertinent information about potential suppliers \u2013 all in one place, all in one format.<\/p>\r\n                    <\/div>\r\n                <\/a>\r\n                                <a class=\"feature_box\" href=\"https:\/\/www.achilles.com\/es\/features\/carbon-reduce\/\">\r\n                    <p class=\"feature_box_name\">Carbon Reduce<\/p>\r\n                    <div class=\"typical_text\">\r\n                        <p>Our questionnaires ensure buyers can see the most pertinent information about potential suppliers \u2013 all in one place, all in one format.<\/p>\r\n                    <\/div>\r\n                <\/a>\r\n                            <\/div>\r\n        <\/div>\r\n    <\/div>\r\n\n\n            <div class=\"cta_section\">\r\n            <div class=\"cta_box_bg\">\r\n                                <img decoding=\"async\" src=\"https:\/\/www.achilles.com\/app\/uploads\/2023\/05\/cta_4.jpg\" alt=\"\">\r\n                            <\/div>\r\n                <div class=\"container\">\r\n                    <div class=\"cta_wrapper\">\r\n                        <div class=\"cta_info\">\r\n                                                        <h3 class=\"cta_box_name\">Solicita una llamada de nuestro equipo de expertos<\/h3>\r\n                                                        <a class=\"btn btn_big\" href=\"https:\/\/uat.achilles.com\/Get-in-Touch\">Cont\u00e1ctanos<\/a>\r\n                                                    <\/div>\r\n                <\/div>\r\n            <\/div>\r\n        <\/div>\r\n    ","protected":false},"excerpt":{"rendered":"","protected":false},"author":1,"featured_media":0,"parent":0,"menu_order":0,"comment_status":"closed","ping_status":"closed","template":"","meta":{"_acf_changed":false,"content-type":"","footnotes":""},"class_list":["post-2099","page","type-page","status-publish","hentry"],"acf":[],"_links":{"self":[{"href":"https:\/\/www.achilles.com\/es\/wp-json\/wp\/v2\/pages\/2099","targetHints":{"allow":["GET"]}}],"collection":[{"href":"https:\/\/www.achilles.com\/es\/wp-json\/wp\/v2\/pages"}],"about":[{"href":"https:\/\/www.achilles.com\/es\/wp-json\/wp\/v2\/types\/page"}],"author":[{"embeddable":true,"href":"https:\/\/www.achilles.com\/es\/wp-json\/wp\/v2\/users\/1"}],"replies":[{"embeddable":true,"href":"https:\/\/www.achilles.com\/es\/wp-json\/wp\/v2\/comments?post=2099"}],"version-history":[{"count":0,"href":"https:\/\/www.achilles.com\/es\/wp-json\/wp\/v2\/pages\/2099\/revisions"}],"wp:attachment":[{"href":"https:\/\/www.achilles.com\/es\/wp-json\/wp\/v2\/media?parent=2099"}],"curies":[{"name":"wp","href":"https:\/\/api.w.org\/{rel}","templated":true}]}}