{"id":20758,"date":"2023-09-28T22:41:04","date_gmt":"2023-09-28T21:41:04","guid":{"rendered":"https:\/\/uat.achilles.com\/?page_id=20758"},"modified":"2026-01-28T15:58:43","modified_gmt":"2026-01-28T15:58:43","slug":"energia-2","status":"publish","type":"page","link":"https:\/\/www.achilles.com\/es\/energia\/","title":{"rendered":"Energ\u00eda"},"content":{"rendered":"    <div class=\"top_section\">\n        <div class=\"container\">\n            <div class=\"top_info\">\n                                    <h1 class=\"top_title\">Soluciones sostenibles para cadenas de suministro energ\u00e9ticas<\/h1>\n                                    <div class=\"top_text\">\n                        <p>La evaluaci\u00f3n y validaci\u00f3n integral de Achilles, junto con auditor\u00edas virtuales e in situ y entrevistas a trabajadores, brinda a las principales empresas energ\u00e9ticas una transparencia sin precedentes en su cadena de suministro. Esto fortalece la confianza en sus informes y respalda la construcci\u00f3n de un mundo m\u00e1s seguro, justo y sostenible.<\/p>\n                    <\/div>\n                                    <div class=\"top_buttons\">\n                                                    <a class=\"btn btn_big\" href=\"#solutions\">Descubre nuestras soluciones<\/a>\n                                                    <a class=\"btn btn_white btn_big\" href=\"https:\/\/www.achilles.com\/es\/contactenos\">Solicita una demo<\/a>\n                                            <\/div>\n                            <\/div>\n        <\/div>\n        <div class=\"top_media\">\n\t\t\t            <img decoding=\"async\" src=\"https:\/\/www.achilles.com\/app\/uploads\/2024\/10\/carbon-banner-14.png\" alt=\"a person holding up a light bulb with wind turbines in the background\">\n                    <\/div>\n    <\/div>\n\n\n    <div class=\"content_section\">\r\n        <div class=\"container\">\r\n                        <div class=\"description_section\">\r\n                                <p class=\"title_category\">ALGUNOS DE NUESTROS CLIENTES<\/p>\r\n                                <h2 class=\"title_section\">Las principales empresas energ\u00e9ticas del mundo eligen Achilles<\/h2>\r\n                            <\/div>\r\n                        <div class=\"logos_wrap\">\r\n                                <div class=\"logo_item\">\r\n                    <img decoding=\"async\" src=\"https:\/\/www.achilles.com\/app\/uploads\/2023\/10\/Naturgy-transparent.png\" alt=\"\" width=\"200\">\r\n                <\/div>\r\n                                <div class=\"logo_item\">\r\n                    <img decoding=\"async\" src=\"https:\/\/www.achilles.com\/app\/uploads\/2024\/11\/Moeve_fondo_transparente.png\" alt=\"\" width=\"200\">\r\n                <\/div>\r\n                                <div class=\"logo_item\">\r\n                    <img decoding=\"async\" src=\"https:\/\/www.achilles.com\/app\/uploads\/2025\/01\/logo-x-elio.jpg\" alt=\"logo x-elio\" width=\"150\">\r\n                <\/div>\r\n                                <div class=\"logo_item\">\r\n                    <img decoding=\"async\" src=\"https:\/\/www.achilles.com\/app\/uploads\/2025\/03\/REE-Red-Electrica-espana.png\" alt=\"REE Red Electrica espana logo\" width=\"180\">\r\n                <\/div>\r\n                                <div class=\"logo_item\">\r\n                    <img decoding=\"async\" src=\"https:\/\/www.achilles.com\/app\/uploads\/2025\/03\/Lightsource-bp-ok.png\" alt=\"Lightsource bp logo\" width=\"500\">\r\n                <\/div>\r\n                                <div class=\"logo_item\">\r\n                    <img decoding=\"async\" src=\"https:\/\/www.achilles.com\/app\/uploads\/2025\/02\/veolia.png\" alt=\"Veolia logo - a red circle with a location mark in the centre and the word Veolia in red text\" width=\"200\">\r\n                <\/div>\r\n                                <div class=\"logo_item\">\r\n                    <img decoding=\"async\" src=\"https:\/\/www.achilles.com\/app\/uploads\/2023\/10\/Acciona.png\" alt=\"\" width=\"190\">\r\n                <\/div>\r\n                                <div class=\"logo_item\">\r\n                    <img decoding=\"async\" src=\"https:\/\/www.achilles.com\/app\/uploads\/2023\/10\/repsol-logo-2.png\" alt=\"\" width=\"200\">\r\n                <\/div>\r\n                                <div class=\"logo_item\">\r\n                    <img decoding=\"async\" src=\"https:\/\/www.achilles.com\/app\/uploads\/2024\/12\/Schneider-Electric-Logo.jpg\" alt=\"\" width=\"200\">\r\n                <\/div>\r\n                                <div class=\"logo_item\">\r\n                    <img decoding=\"async\" src=\"https:\/\/www.achilles.com\/app\/uploads\/2025\/03\/engie-logo_brandlogos.net_ufcmx.png\" alt=\"Engie logo\" width=\"150\">\r\n                <\/div>\r\n                            <\/div>\r\n                    <\/div>\r\n    <\/div>\r\n\n\n    <div class=\"quote_section\">\r\n        <div class=\"quote_bg\">\r\n                        <img decoding=\"async\" src=\"https:\/\/www.achilles.com\/app\/uploads\/2025\/02\/energia-argentina.jpeg\" alt=\"\">\r\n                    <\/div>\r\n        <div class=\"container\">\r\n            <div class=\"quote_wrapper\">\r\n                <div class=\"quote_item\">\r\n                                        <div class=\"quote_item_text\">\r\n                        <h6>Los resultados que hemos experimentado despu\u00e9s de trabajar con Achilles son:<\/h6>\n<h6>\u25cfMejora del scoring ESG de los proveedores del 58% al 83%.<br \/>\n\u25cfIncremento en los proveedores con procesos activos de debida diligencia en sus cadenas de suministro del 20% al 84%.<br \/>\n\u25cfAumento en los proveedores con planes de reducci\u00f3n de la huella de carbono del 72% al 84%.<\/h6>\n<p><img loading=\"lazy\" decoding=\"async\" class=\"alignnone wp-image-93563 \" src=\"https:\/\/www.achilles.com\/app\/uploads\/2026\/01\/Diseno-sin-titulo-59.png\" alt=\"\" width=\"285\" height=\"95\" \/><\/p>\n                    <\/div>\r\n                                        <p class=\"quote_item_author\">Mar Bernal, Global Sustainability Supply Chain Manager de Lightsource bp<\/p>\r\n                                        <a href=\"https:\/\/www.achilles.com\/es\/informacion-sectorial\/lightsource-bp-sostenibilidad-cadena-de-suministro\/\" class=\"btn btn_big\">Lee el caso de \u00e9xito<\/a>\r\n                                    <\/div>\r\n            <\/div>\r\n        <\/div>\r\n    <\/div>\r\n\n\n            <div class=\"hero_section\">\r\n           <div class=\"hero_media\">\r\n                                <img decoding=\"async\" src=\"https:\/\/www.achilles.com\/app\/uploads\/2023\/06\/white-green-wall-flipped-1.jpg\" alt=\"\">\r\n                            <\/div>\r\n            <div class=\"container\">\r\n                <div class=\"hero_wrapper\">\r\n                    <div class=\"hero_info\">\r\n                                                <h2 class=\"title_section\">Comunidad Achilles Repro<\/h2>\r\n                                                <div class=\"typical_text middle_text\">\r\n                            <p>Achilles Repro es una comunidad colaborativa de proveedores y compradores, mayoritariamente del sector energ\u00e9tico, del sur de Europa y Latinoam\u00e9rica.\r\nLas empresas compradoras de la comunidad utilizan Repro para evaluar a sus proveedores en las \u00e1reas m\u00e1s relevantes de su negocio y asegurarse de que cumplen con la normativa y contribuyen a la consecuci\u00f3n de sus objetivos \u00e9ticos y de sostenibilidad. Los proveedores de Repro tienen la oportunidad\r\nde demostrar sus competencias y buenas pr\u00e1cticas y mejorar su desempe\u00f1o a\u00f1o tras a\u00f1o.<\/p>\r\n                        <\/div>\r\n                                                <div class=\"content_buttons\">\r\n                                                        <a class=\"btn btn_big\" aria-label=\" - M\u00e1s informaci\u00f3n\" href=\"https:\/\/www.achilles.com\/es\/repro\/\">M\u00e1s informaci\u00f3n<\/a>\r\n                                                    <\/div>\r\n                                            <\/div>\r\n                <\/div>\r\n            <\/div>\r\n        <\/div>\r\n    \n\n    <div class=\"content_section\">\r\n        <div class=\"container\">\r\n                        <div class=\"posts_panel\">\r\n                <div class=\"description_section\">\r\n                                        <p class=\"title_category\">NOTICIAS Y CONTENIDO DE INTER\u00c9S<\/p>\r\n                                    <\/div>\r\n                            <\/div>\r\n                                    <div class=\"posts_wrap\">\r\n                                <div class=\"post_item\">\r\n                    <div class=\"post_item_top\">\r\n                                                <a class=\"post_item_img\" href=\"https:\/\/www.achilles.com\/es\/achilles-y-soluciones-analiticas-dhg-aliados-poderosos-para-impulsar-la-sostenibilidad-y-resiliencia-en-la-cadena-de-suministro\/\">\r\n                            <img decoding=\"async\" src=\"https:\/\/www.achilles.com\/app\/uploads\/2026\/04\/WhatsApp-Image-2026-04-10-at-3.06.45-PM.jpeg\" alt=\"Achilles y Soluciones Anal\u00edticas DHG: Aliados poderosos para impulsar la sostenibilidad y resiliencia en la cadena de suministro.\">\r\n                        <\/a>\r\n                                                <ul class=\"post_item_categories\">\r\n                                                        <li>Informaci\u00f3n sectorial<\/li>\r\n                                                        <li>Notas de prensa<\/li>\r\n                                                    <\/ul>\r\n                    <\/div>\r\n                    <a class=\"post_item_name\" href=\"https:\/\/www.achilles.com\/es\/achilles-y-soluciones-analiticas-dhg-aliados-poderosos-para-impulsar-la-sostenibilidad-y-resiliencia-en-la-cadena-de-suministro\/\">Achilles y Soluciones Anal\u00edticas DHG: Aliados poderosos para impulsar la sostenibilidad y resiliencia en la cadena de suministro.<\/a>\r\n                <\/div>\r\n                                <div class=\"post_item\">\r\n                    <div class=\"post_item_top\">\r\n                                                <a class=\"post_item_img\" href=\"https:\/\/www.achilles.com\/es\/informacion-sectorial\/wind-europe-2026-madrid\/\">\r\n                            <img decoding=\"async\" src=\"https:\/\/www.achilles.com\/app\/uploads\/2023\/06\/renewable-energies.jpg\" alt=\"Wind Europe 2026 Madrid: Reforzando la preparaci\u00f3n de los proveedores\">\r\n                        <\/a>\r\n                                                <ul class=\"post_item_categories\">\r\n                                                        <li>Informaci\u00f3n sectorial<\/li>\r\n                                                    <\/ul>\r\n                    <\/div>\r\n                    <a class=\"post_item_name\" href=\"https:\/\/www.achilles.com\/es\/informacion-sectorial\/wind-europe-2026-madrid\/\">Wind Europe 2026 Madrid: Reforzando la preparaci\u00f3n de los proveedores<\/a>\r\n                <\/div>\r\n                                <div class=\"post_item\">\r\n                    <div class=\"post_item_top\">\r\n                                                <a class=\"post_item_img\" href=\"https:\/\/www.achilles.com\/es\/informacion-sectorial\/riesgo-en-la-cadena-de-suministro-espana\/\">\r\n                            <img decoding=\"async\" src=\"https:\/\/www.achilles.com\/app\/uploads\/2026\/02\/AdobeStock_1174754076.jpeg\" alt=\"El riesgo en la cadena de suministro en Espa\u00f1a ya no es una amenaza: es una realidad operativa\">\r\n                        <\/a>\r\n                                                <ul class=\"post_item_categories\">\r\n                                                        <li>Art\u00edculos<\/li>\r\n                                                        <li>Informaci\u00f3n sectorial<\/li>\r\n                                                    <\/ul>\r\n                    <\/div>\r\n                    <a class=\"post_item_name\" href=\"https:\/\/www.achilles.com\/es\/informacion-sectorial\/riesgo-en-la-cadena-de-suministro-espana\/\">El riesgo en la cadena de suministro en Espa\u00f1a ya no es una amenaza: es una realidad operativa<\/a>\r\n                <\/div>\r\n                            <\/div>\r\n                    <\/div>\r\n    <\/div>\r\n\n\n    <div class=\"contact_main\">\r\n        <div class=\"contact_bg\">\r\n                        <img decoding=\"async\" src=\"https:\/\/www.achilles.com\/app\/uploads\/2025\/10\/joshua-sortino-LqKhnDzSF-8-unsplash-1.jpg\" alt=\"\">\r\n                    <\/div>\r\n        <div class=\"container\">\r\n            <div class=\"contact_content\">\r\n                <div class=\"contact_wrapper\">\r\n                <div class=\"contact_content_description\">\r\n                                        <h5 class=\"contact_content_subtitle\">Solicita una demo<\/h5>\r\n                                    <\/div>\r\n                <\/div>\r\n                <div class=\"contact_reqiest\">\r\n                    <script charset=\"utf-8\" type=\"text\/javascript\" src=\"\/\/js.hsforms.net\/forms\/embed\/v2.js\"><\/script>\r\n<script>\r\n  hbspt.forms.create({\r\n    region: \"na1\",\r\n    portalId: \"5387762\",\r\n    formId: \"3354ee4e-a554-4ea7-9a18-3d2d39739a6e\"\r\n  });\r\n<\/script>                <\/div>\r\n            <\/div>\r\n        <\/div>\r\n    <\/div>\r\n\r\n","protected":false},"excerpt":{"rendered":"","protected":false},"author":2,"featured_media":0,"parent":0,"menu_order":0,"comment_status":"closed","ping_status":"closed","template":"","meta":{"_acf_changed":true,"content-type":"","footnotes":""},"class_list":["post-20758","page","type-page","status-publish","hentry"],"acf":[],"_links":{"self":[{"href":"https:\/\/www.achilles.com\/es\/wp-json\/wp\/v2\/pages\/20758","targetHints":{"allow":["GET"]}}],"collection":[{"href":"https:\/\/www.achilles.com\/es\/wp-json\/wp\/v2\/pages"}],"about":[{"href":"https:\/\/www.achilles.com\/es\/wp-json\/wp\/v2\/types\/page"}],"author":[{"embeddable":true,"href":"https:\/\/www.achilles.com\/es\/wp-json\/wp\/v2\/users\/2"}],"replies":[{"embeddable":true,"href":"https:\/\/www.achilles.com\/es\/wp-json\/wp\/v2\/comments?post=20758"}],"version-history":[{"count":0,"href":"https:\/\/www.achilles.com\/es\/wp-json\/wp\/v2\/pages\/20758\/revisions"}],"wp:attachment":[{"href":"https:\/\/www.achilles.com\/es\/wp-json\/wp\/v2\/media?parent=20758"}],"curies":[{"name":"wp","href":"https:\/\/api.w.org\/{rel}","templated":true}]}}