{"id":19545,"date":"2023-06-14T10:32:39","date_gmt":"2023-06-14T07:32:39","guid":{"rendered":"https:\/\/uat.achilles.com\/risk-management-team\/"},"modified":"2023-11-22T12:57:12","modified_gmt":"2023-11-22T09:57:12","slug":"risk-management-team","status":"publish","type":"page","link":"https:\/\/www.achilles.com\/es\/trabajamos-contigo\/equipo-gestion-riesgos\/","title":{"rendered":"Risk Management Team"},"content":{"rendered":"            <div class=\"content_section\">\r\n            <div class=\"container\">\r\n                                <div class=\"description_page full top\">\r\n                                        <h1 class=\"title_page\">Equipos de gesti\u00f3n de riesgos<\/h1>\r\n                                        <div class=\"typical_text large_text\">\r\n                        <p>Entendemos las necesidades de tu negocio. Nuestras soluciones te dan tranquilidad.<\/p>\r\n                    <\/div>\r\n                                    <\/div>\r\n                                <div class=\"content_wrap\">\r\n                    <div class=\"content_info ogo\">\r\n                                                <div class=\"typical_text\">\r\n                            <p>Nuestras\u00a0soluciones te ayudan a entender mejor tu cadena de suministro y dejan al descubierto los posibles puntos d\u00e9biles, para reducir a\u00fan m\u00e1s el riesgo de fallo de los proveedores y de interrupci\u00f3n de la cadena de suministro.<\/p>\n<p>Los equipos de gesti\u00f3n de riesgos\u00a0identifican, eval\u00faan y priorizan los riesgos, y crean marcos y procesos para mitigarlos. Un aspecto destacado al que prestamos atenci\u00f3n es la detecci\u00f3n de puntos d\u00e9biles y de riesgos en la cadena de suministro, adem\u00e1s de la colaboraci\u00f3n con los proveedores para subsanarlos o prestarles asistencia. Nuestras soluciones de gesti\u00f3n de riegos reducen el coste y el esfuerzo, lo que permite a tus equipos cumplir sus objetivos.<\/p>\n                        <\/div>\r\n                                            <\/div>\r\n                                        <div class=\"content_media\">\r\n                        <img decoding=\"async\" src=\"https:\/\/www.achilles.com\/app\/uploads\/2023\/06\/Achilles-icons_Risk-Management-team-1-1.png\" width=\"280\" alt=\"\">\r\n                    <\/div>\r\n                                    <\/div>\r\n                            <\/div>\r\n        <\/div>\r\n    \n\n    <div class=\"content_section bg_grey\">\r\n        <div class=\"container\">\r\n                        <div class=\"description_section\">\r\n                                <p class=\"title_category\">EL \u00c9XITO DE TU EQUIPO<\/p>\r\n                                <h2 class=\"title_section\">Recomendaciones<\/h2>\r\n                            <\/div>\r\n                        <div class=\"features_wrap\">\r\n                                <div class=\"feature_item\">\r\n                                        <div class=\"feature_item_icon\">\r\n                        <img decoding=\"async\" src=\"https:\/\/www.achilles.com\/app\/uploads\/2023\/06\/Achilles-icons_Risk-management-.png\" alt=\"\">\r\n                    <\/div>\r\n                                        <h3 class=\"feature_item_name\">Gesti\u00f3n de riesgos<\/h3>\r\n                                        <div class=\"typical_text\">\r\n                        <p>Si no dispones de los datos adecuados, resulta mucho m\u00e1s dif\u00edcil reaccionar eficazmente ante los riesgos a los que se enfrenta tu negocio.<\/p>\n                    <\/div>\r\n                                        <a class=\"btn\" aria-label=\"Gesti\u00f3n de riesgos - M\u00e1s informaci\u00f3n\" href=\"https:\/\/uat.achilles.com\/es\/products\/risk-management\">M\u00e1s informaci\u00f3n<\/a>\r\n                                    <\/div>\r\n                                <div class=\"feature_item\">\r\n                                        <div class=\"feature_item_icon\">\r\n                        <img decoding=\"async\" src=\"https:\/\/www.achilles.com\/app\/uploads\/2023\/06\/Achilles-icons_Financial-risk-and-business-continuity.png\" alt=\"\">\r\n                    <\/div>\r\n                                        <h3 class=\"feature_item_name\">Riesgo financiero<\/h3>\r\n                                        <div class=\"typical_text\">\r\n                        <p>Proporcionamos a los compradores la visi\u00f3n global que necesitan para detectar posibles problemas, implantar planes de contingencia y que no se produzcan interrupciones de alto coste.<\/p>\n                    <\/div>\r\n                                        <a class=\"btn\" aria-label=\"Riesgo financiero - M\u00e1s informaci\u00f3n\" href=\"https:\/\/uat.achilles.com\/es\/products\/financial-risk\">M\u00e1s informaci\u00f3n<\/a>\r\n                                    <\/div>\r\n                                <div class=\"feature_item\">\r\n                                        <div class=\"feature_item_icon\">\r\n                        <img decoding=\"async\" src=\"https:\/\/www.achilles.com\/app\/uploads\/2023\/06\/Achilles-icons_cyber-and-IT-2.png\" alt=\"\">\r\n                    <\/div>\r\n                                        <h3 class=\"feature_item_name\">Ciberdefensa y TI<\/h3>\r\n                                        <div class=\"typical_text\">\r\n                        <p>La naturaleza del riesgo est\u00e1 cambiando y los ciberataques se est\u00e1n convirtiendo en un problema importante para la cadena de suministro.<\/p>\n                    <\/div>\r\n                                        <a class=\"btn\" aria-label=\"Ciberdefensa y TI - M\u00e1s informaci\u00f3n\" href=\"https:\/\/uat.achilles.com\/es\/products\/cyber-and-it\">M\u00e1s informaci\u00f3n<\/a>\r\n                                    <\/div>\r\n                            <\/div>\r\n                    <\/div>\r\n    <\/div>\r\n\n\n    <div class=\"content_section bg_grey\">\r\n        <div class=\"container\">\r\n                        <div class=\"description_section\">\r\n                                <h2 class=\"title_section\">Tambi\u00e9n te puede interesar<\/h2>\r\n                            <\/div>\r\n                        <div class=\"features_wrap\">\r\n                                <div class=\"feature_item\">\r\n                                        <div class=\"feature_item_icon\">\r\n                        <img decoding=\"async\" src=\"https:\/\/www.achilles.com\/app\/uploads\/2023\/06\/Achilles-icons_Supply-Chain-Mapping.png\" alt=\"\">\r\n                    <\/div>\r\n                                        <h3 class=\"feature_item_name\">Mapeo de la cadena de suministro<\/h3>\r\n                                        <div class=\"typical_text\">\r\n                        <p>No se puede controlar lo que no se puede ver. Y dado que la complejidad de las cadenas de suministro no deja de crecer, hay que cubrir cada vez m\u00e1s \u00e1ngulos.<\/p>\n                    <\/div>\r\n                                        <a class=\"btn\" aria-label=\"Mapeo de la cadena de suministro - M\u00e1s informaci\u00f3n\" href=\"https:\/\/uat.achilles.com\/es\/features\/supply-chain-mapping\">M\u00e1s informaci\u00f3n<\/a>\r\n                                    <\/div>\r\n                                <div class=\"feature_item\">\r\n                                        <div class=\"feature_item_icon\">\r\n                        <img decoding=\"async\" src=\"https:\/\/www.achilles.com\/app\/uploads\/2023\/06\/Achilles-icons_Pre-qualification-questionnaire.png\" alt=\"\">\r\n                    <\/div>\r\n                                        <h3 class=\"feature_item_name\">Cuestionario de preselecci\u00f3n<\/h3>\r\n                                        <div class=\"typical_text\">\r\n                        <p>Estas herramientas esenciales son el primer paso para encontrar proveedores que puedan cumplir tanto tus contratos como todos tus requisitos de cumplimiento normativo.<\/p>\n                    <\/div>\r\n                                        <a class=\"btn\" aria-label=\"Cuestionario de preselecci\u00f3n - M\u00e1s informaci\u00f3n\" href=\"https:\/\/uat.achilles.com\/es\/features\/risk-monitoring\">M\u00e1s informaci\u00f3n<\/a>\r\n                                    <\/div>\r\n                                <div class=\"feature_item\">\r\n                                        <div class=\"feature_item_icon\">\r\n                        <img decoding=\"async\" src=\"https:\/\/www.achilles.com\/app\/uploads\/2023\/06\/Achilles-icons_Risk-management-.png\" alt=\"\">\r\n                    <\/div>\r\n                                        <h3 class=\"feature_item_name\">Supervisi\u00f3n de riesgos<\/h3>\r\n                                        <div class=\"typical_text\">\r\n                        <p>C\u00f3mo identificar\u00a0<span class=\"wrapped token\">los riesgos,\u00a0<\/span>evaluarlos\u00a0<span class=\"wrapped token\">,\u00a0<\/span>y\u00a0tomar medidas para\u00a0reducirlos\u00a0<span class=\"wrapped token\">\u00a0<\/span>a un nivel\u00a0aceptable\u00a0en tu cadena de suministro.<\/p>\n                    <\/div>\r\n                                        <a class=\"btn\" aria-label=\"Supervisi\u00f3n de riesgos - M\u00e1s informaci\u00f3n\" href=\"https:\/\/uat.achilles.com\/es\/features\/risk-monitoring\">M\u00e1s informaci\u00f3n<\/a>\r\n                                    <\/div>\r\n                            <\/div>\r\n                    <\/div>\r\n    <\/div>\r\n","protected":false},"excerpt":{"rendered":"","protected":false},"author":1,"featured_media":0,"parent":0,"menu_order":0,"comment_status":"closed","ping_status":"closed","template":"","meta":{"_acf_changed":false,"content-type":"","footnotes":""},"class_list":["post-19545","page","type-page","status-publish","hentry"],"acf":[],"_links":{"self":[{"href":"https:\/\/www.achilles.com\/es\/wp-json\/wp\/v2\/pages\/19545","targetHints":{"allow":["GET"]}}],"collection":[{"href":"https:\/\/www.achilles.com\/es\/wp-json\/wp\/v2\/pages"}],"about":[{"href":"https:\/\/www.achilles.com\/es\/wp-json\/wp\/v2\/types\/page"}],"author":[{"embeddable":true,"href":"https:\/\/www.achilles.com\/es\/wp-json\/wp\/v2\/users\/1"}],"replies":[{"embeddable":true,"href":"https:\/\/www.achilles.com\/es\/wp-json\/wp\/v2\/comments?post=19545"}],"version-history":[{"count":0,"href":"https:\/\/www.achilles.com\/es\/wp-json\/wp\/v2\/pages\/19545\/revisions"}],"wp:attachment":[{"href":"https:\/\/www.achilles.com\/es\/wp-json\/wp\/v2\/media?parent=19545"}],"curies":[{"name":"wp","href":"https:\/\/api.w.org\/{rel}","templated":true}]}}