{"id":19012,"date":"2023-06-14T11:06:04","date_gmt":"2023-06-14T10:06:04","guid":{"rendered":"https:\/\/uat.achilles.com\/csr\/"},"modified":"2025-10-01T10:52:56","modified_gmt":"2025-10-01T09:52:56","slug":"responsabilidad-social-de-las-empresas","status":"publish","type":"page","link":"https:\/\/www.achilles.com\/es\/rsc\/","title":{"rendered":"Responsabilidad social de las empresas"},"content":{"rendered":"    <div class=\"top_section\">\n        <div class=\"container\">\n            <div class=\"top_info\">\n                                    <h1 class=\"top_title\">Responsabilidad social de las empresas<\/h1>\n                            <\/div>\n        <\/div>\n        <div class=\"top_media\">\n\t\t\t            <img decoding=\"async\" src=\"https:\/\/www.achilles.com\/app\/uploads\/2023\/10\/iStock-152173072.jpg\" alt=\"Children working in a quarry\">\n                    <\/div>\n    <\/div>\n\n\n    <div class=\"content_section\">\r\n        <div class=\"container\">\r\n            <div class=\"article_text\">\r\n                                <div class=\"typical_text\">\r\n                    <p class=\"heading heading--1\"><span style=\"font-size: 16px;\">Hacemos que la RSC sea importante para nuestros clientes, por lo que queremos asegurarnos de que estamos a la cabeza en lo que se refiere a nuestra propia responsabilidad social y corporativa. Siempre que podemos, nos asociamos con partes externas para asegurarnos de que nuestra RSC es todo lo buena que puede ser y superar\u00eda una de nuestras propias auditor\u00edas. <\/span><\/p>\n<div class=\"wysiwyg-content\">\n<h4>Carbono<\/h4>\n<p data-pm-slice=\"1 1 []\">Queremos demostrar nuestro liderazgo en la medici\u00f3n, gesti\u00f3n e informaci\u00f3n de nuestra huella de carbono operativa, y sabemos por nuestra certificaci\u00f3n anual CarbonReduce (conocida formalmente como CEMARS) que hemos logrado una reducci\u00f3n del 57% de las emisiones de carbono desde 2012.<\/p>\n<p><u><a class=\"ProsemirrorEditor-link\" href=\"\/wp-content\/uploads\/2023\/06\/Certificate_2020015J_Achilles_Toitu_carbonreduce_Org.pdf\">Certificado CarbonReduce<\/a><\/u><\/p>\n<p><u><a class=\"ProsemirrorEditor-link\" href=\"\/wp-content\/uploads\/2023\/06\/TOI0009-Certificates_23_Winner_Achilles-Information.pdf\">Certificado del Premio a la Acci\u00f3n por el Clima<\/a><\/u><\/p>\n<h4>Esclavitud moderna<\/h4>\n<p>La esclavitud moderna es realmente uno de los problemas de derechos humanos m\u00e1s importantes de nuestro tiempo, y nos apasiona el trabajo que hacemos con nuestros clientes para simplificar los complejos mercados laborales en los que operan. Nos tomamos igual de en serio nuestro propio papel en la eliminaci\u00f3n de la esclavitud moderna.<\/p>\n<p><a href=\"https:\/\/www.achilles.com\/app\/uploads\/2025\/10\/Modern-Slavery-Statement-year-ending-April-2025-ES.docx.pdf\">Declaraci\u00f3n sobre la esclavitud moderna<\/a><\/p>\n<h4>Pol\u00edticas<\/h4>\n<p>Valoramos y comprendemos la importancia de contar con pol\u00edticas de salud, seguridad, medio ambiente, calidad y seguridad de la informaci\u00f3n. Si quieres verlas o los certificados de nuestro sistema de gesti\u00f3n, <a href=\"https:\/\/www.achilles.com\/es\/contactenos\/\">ponte en contacto con nosotros aqu\u00ed<\/a>.<\/p>\n<p>&nbsp;<\/p>\n<\/div>\n<p><img loading=\"lazy\" decoding=\"async\" class=\"alignleft wp-image-44829 size-full\" src=\"https:\/\/uat.achilles.com\/wp\/wp-content\/uploads\/2024\/06\/mark-of-trust-multi-scheme-9001-27001-logo-En-GB-0320-e1719440534144.png\" alt=\"\" width=\"200\" height=\"66\" \/><\/p>\n<p>&nbsp;<\/p>\n<p>&nbsp;<\/p>\n<p>&nbsp;<\/p>\n<p>&nbsp;<\/p>\n<p>&nbsp;<\/p>\n                <\/div>\r\n                            <\/div>\r\n        <\/div>\r\n    <\/div>\r\n","protected":false},"excerpt":{"rendered":"","protected":false},"author":7,"featured_media":22794,"parent":0,"menu_order":0,"comment_status":"closed","ping_status":"closed","template":"","meta":{"_acf_changed":true,"content-type":"","footnotes":""},"class_list":["post-19012","page","type-page","status-publish","has-post-thumbnail","hentry"],"acf":[],"_links":{"self":[{"href":"https:\/\/www.achilles.com\/es\/wp-json\/wp\/v2\/pages\/19012","targetHints":{"allow":["GET"]}}],"collection":[{"href":"https:\/\/www.achilles.com\/es\/wp-json\/wp\/v2\/pages"}],"about":[{"href":"https:\/\/www.achilles.com\/es\/wp-json\/wp\/v2\/types\/page"}],"author":[{"embeddable":true,"href":"https:\/\/www.achilles.com\/es\/wp-json\/wp\/v2\/users\/7"}],"replies":[{"embeddable":true,"href":"https:\/\/www.achilles.com\/es\/wp-json\/wp\/v2\/comments?post=19012"}],"version-history":[{"count":0,"href":"https:\/\/www.achilles.com\/es\/wp-json\/wp\/v2\/pages\/19012\/revisions"}],"wp:featuredmedia":[{"embeddable":true,"href":"https:\/\/www.achilles.com\/es\/wp-json\/wp\/v2\/media\/22794"}],"wp:attachment":[{"href":"https:\/\/www.achilles.com\/es\/wp-json\/wp\/v2\/media?parent=19012"}],"curies":[{"name":"wp","href":"https:\/\/api.w.org\/{rel}","templated":true}]}}