{"id":19000,"date":"2023-06-14T09:45:09","date_gmt":"2023-06-14T06:45:09","guid":{"rendered":"https:\/\/uat.achilles.com\/contract-management-teams\/"},"modified":"2023-11-29T14:00:01","modified_gmt":"2023-11-29T11:00:01","slug":"contract-management-teams","status":"publish","type":"page","link":"https:\/\/www.achilles.com\/es\/trabajamos-contigo\/equipo-gestion-contratos\/","title":{"rendered":"Equipos de gesti\u00f3n de contratos"},"content":{"rendered":"            <div class=\"content_section\">\r\n            <div class=\"container\">\r\n                                <div class=\"description_page full top\">\r\n                                        <h1 class=\"title_page\">Equipos de gesti\u00f3n de contratos<\/h1>\r\n                                        <div class=\"typical_text large_text\">\r\n                        <p>Entendemos las necesidades de tu negocio. Nuestras soluciones te dan tranquilidad.<\/p>\r\n                    <\/div>\r\n                                    <\/div>\r\n                                <div class=\"content_wrap\">\r\n                    <div class=\"content_info ogo\">\r\n                                                <div class=\"typical_text\">\r\n                            <p>Ofrecemos una soluci\u00f3n de\u00a0<a href=\"https:\/\/www.achilles.com\/features\/performance-feedback\/\">gesti\u00f3n del rendimiento de los proveedores<\/a>\u00a0que ayuda a tus equipos en el an\u00e1lisis y la supervisi\u00f3n del\u00a0<a href=\"https:\/\/www.achilles.com\/features\/performance-feedback\/\">rendimiento de los proveedores<\/a>\u00a0contratados. Puedes compartir el acceso a esta herramienta con compa\u00f1eros seleccionados para adoptar un enfoque colaborativo del proceso de an\u00e1lisis y mejora.<\/p>\n<p>Nuestros\u00a0<a href=\"https:\/\/www.achilles.com\/feature\/prequalification-questionnaires\/\">cuestionarios de preselecci\u00f3n<\/a>\u00a0tambi\u00e9n incluyen una funci\u00f3n de seguimiento y alerta, que te permite realizar un seguimiento de tus proveedores actuales y obtener actualizaciones de cualquier cambio en su estado o sus datos; por ejemplo, estado financiero, puntuaci\u00f3n de auditor\u00edas, cobertura de seguros o respuestas a cuestionarios.<\/p>\n                        <\/div>\r\n                                            <\/div>\r\n                                        <div class=\"content_media\">\r\n                        <img decoding=\"async\" src=\"https:\/\/www.achilles.com\/app\/uploads\/2023\/06\/Achilles-icons_Contract-Management-Team.png\" width=\"280\" alt=\"\">\r\n                    <\/div>\r\n                                    <\/div>\r\n                            <\/div>\r\n        <\/div>\r\n    \n\n    <div class=\"content_section bg_grey\">\r\n        <div class=\"container\">\r\n                        <div class=\"description_section\">\r\n                                <p class=\"title_category\">EL \u00c9XITO DE TU EQUIPO<\/p>\r\n                                <h2 class=\"title_section\">Recomendaciones<\/h2>\r\n                            <\/div>\r\n                        <div class=\"features_wrap\">\r\n                                <div class=\"feature_item\">\r\n                                        <div class=\"feature_item_icon\">\r\n                        <img decoding=\"async\" src=\"https:\/\/www.achilles.com\/app\/uploads\/2023\/06\/Achilles-icons_Financial-risk-and-business-continuity.png\" alt=\"\">\r\n                    <\/div>\r\n                                        <h3 class=\"feature_item_name\">Riesgo financiero<\/h3>\r\n                                        <div class=\"typical_text\">\r\n                        <p>El \u00e9xito de tu negocio depende de la viabilidad financiera y la estabilidad de tus proveedores.<\/p>\n                    <\/div>\r\n                                        <a class=\"btn\" aria-label=\"Riesgo financiero - M\u00e1s informaci\u00f3n\" href=\"https:\/\/www.achilles.com\/es\/product\/riesgos-financieros\/\">M\u00e1s informaci\u00f3n<\/a>\r\n                                    <\/div>\r\n                                <div class=\"feature_item\">\r\n                                        <div class=\"feature_item_icon\">\r\n                        <img decoding=\"async\" src=\"https:\/\/www.achilles.com\/app\/uploads\/2023\/06\/Achilles-icons_Workflow-tools.png\" alt=\"\">\r\n                    <\/div>\r\n                                        <h3 class=\"feature_item_name\">Herramientas de flujo de trabajo<\/h3>\r\n                                        <div class=\"typical_text\">\r\n                        <p>Gestionar la cadena de suministro ya es bastante complejo sin tener que lidiar tambi\u00e9n con varios sistemas aislados y poco intuitivos.<\/p>\n                    <\/div>\r\n                                        <a class=\"btn\" aria-label=\"Herramientas de flujo de trabajo - M\u00e1s informaci\u00f3n\" href=\"##\">M\u00e1s informaci\u00f3n<\/a>\r\n                                    <\/div>\r\n                                <div class=\"feature_item\">\r\n                                        <div class=\"feature_item_icon\">\r\n                        <img decoding=\"async\" src=\"https:\/\/www.achilles.com\/app\/uploads\/2023\/06\/Achilles-icons_Risk-management-.png\" alt=\"\">\r\n                    <\/div>\r\n                                        <h3 class=\"feature_item_name\">Gesti\u00f3n de riesgos<\/h3>\r\n                                        <div class=\"typical_text\">\r\n                        <p>Los riesgos siempre est\u00e1n presentes en la cadena de suministro, y gestionarlos de manera proactiva aporta una ventaja competitiva.<\/p>\n                    <\/div>\r\n                                        <a class=\"btn\" aria-label=\"Gesti\u00f3n de riesgos - M\u00e1s informaci\u00f3n\" href=\"https:\/\/www.achilles.com\/es\/product\/gestion-de-riesgos\/\">M\u00e1s informaci\u00f3n<\/a>\r\n                                    <\/div>\r\n                            <\/div>\r\n                    <\/div>\r\n    <\/div>\r\n\n\n    <div class=\"content_section bg_grey\">\r\n        <div class=\"container\">\r\n                        <div class=\"description_section\">\r\n                                <h2 class=\"title_section\">Tambi\u00e9n te puede interesar<\/h2>\r\n                            <\/div>\r\n                        <div class=\"features_wrap\">\r\n                                <div class=\"feature_item\">\r\n                                        <div class=\"feature_item_icon\">\r\n                        <img decoding=\"async\" src=\"https:\/\/www.achilles.com\/app\/uploads\/2023\/06\/Achilles-icons_Themis.png\" alt=\"\">\r\n                    <\/div>\r\n                                        <h3 class=\"feature_item_name\">Formaci\u00f3n &#8211; EU Academy<\/h3>\r\n                                        <div class=\"typical_text\">\r\n                        <p>Mejora la comprensi\u00f3n de los principios y objetivos de la legislaci\u00f3n en materia de compras de la UE y c\u00f3mo se pueden aplicar en la pr\u00e1ctica.<\/p>\n                    <\/div>\r\n                                        <a class=\"btn\" aria-label=\"Formaci\u00f3n - EU Academy - M\u00e1s informaci\u00f3n\" href=\"https:\/\/uat.achilles.com\/es\/formacion\/\">M\u00e1s informaci\u00f3n<\/a>\r\n                                    <\/div>\r\n                                <div class=\"feature_item\">\r\n                                        <div class=\"feature_item_icon\">\r\n                        <img decoding=\"async\" src=\"https:\/\/www.achilles.com\/app\/uploads\/2023\/06\/Achilles-icons_Performance-Feedback.png\" alt=\"10 hours of content\">\r\n                    <\/div>\r\n                                        <h3 class=\"feature_item_name\">Formaci\u00f3n &#8211; Redacci\u00f3n de especificaciones<\/h3>\r\n                                        <div class=\"typical_text\">\r\n                        <p>Estos cursos analizan la importancia de la interacci\u00f3n previa a las compras y de dedicar tiempo a desarrollar una especificaci\u00f3n s\u00f3lida conforme a las normas de la UE.<\/p>\n                    <\/div>\r\n                                        <a class=\"btn\" aria-label=\"Formaci\u00f3n - Redacci\u00f3n de especificaciones - M\u00e1s informaci\u00f3n\" href=\"https:\/\/uat.achilles.com\/es\/formacion\/\">M\u00e1s informaci\u00f3n<\/a>\r\n                                    <\/div>\r\n                                <div class=\"feature_item\">\r\n                                        <div class=\"feature_item_icon\">\r\n                        <img decoding=\"async\" src=\"https:\/\/www.achilles.com\/app\/uploads\/2023\/06\/Achilles-icons_Data-exchange-.png\" alt=\"\">\r\n                    <\/div>\r\n                                        <h3 class=\"feature_item_name\">Formaci\u00f3n &#8211; Adjudicaci\u00f3n de contratos de concesi\u00f3n<\/h3>\r\n                                        <div class=\"typical_text\">\r\n                        <p>\u00bfNecesitas entender las normas aplicables a la concesi\u00f3n de obras y servicios, c\u00f3mo llevar a cabo su adjudicaci\u00f3n y c\u00f3mo gestionarlos?<\/p>\n                    <\/div>\r\n                                        <a class=\"btn\" aria-label=\"Formaci\u00f3n - Adjudicaci\u00f3n de contratos de concesi\u00f3n - M\u00e1s informaci\u00f3n\" href=\"https:\/\/uat.achilles.com\/es\/formacion\/\">M\u00e1s informaci\u00f3n<\/a>\r\n                                    <\/div>\r\n                            <\/div>\r\n                    <\/div>\r\n    <\/div>\r\n","protected":false},"excerpt":{"rendered":"","protected":false},"author":1,"featured_media":0,"parent":0,"menu_order":0,"comment_status":"closed","ping_status":"closed","template":"","meta":{"_acf_changed":false,"content-type":"","footnotes":""},"class_list":["post-19000","page","type-page","status-publish","hentry"],"acf":[],"_links":{"self":[{"href":"https:\/\/www.achilles.com\/es\/wp-json\/wp\/v2\/pages\/19000","targetHints":{"allow":["GET"]}}],"collection":[{"href":"https:\/\/www.achilles.com\/es\/wp-json\/wp\/v2\/pages"}],"about":[{"href":"https:\/\/www.achilles.com\/es\/wp-json\/wp\/v2\/types\/page"}],"author":[{"embeddable":true,"href":"https:\/\/www.achilles.com\/es\/wp-json\/wp\/v2\/users\/1"}],"replies":[{"embeddable":true,"href":"https:\/\/www.achilles.com\/es\/wp-json\/wp\/v2\/comments?post=19000"}],"version-history":[{"count":0,"href":"https:\/\/www.achilles.com\/es\/wp-json\/wp\/v2\/pages\/19000\/revisions"}],"wp:attachment":[{"href":"https:\/\/www.achilles.com\/es\/wp-json\/wp\/v2\/media?parent=19000"}],"curies":[{"name":"wp","href":"https:\/\/api.w.org\/{rel}","templated":true}]}}