{"id":177,"date":"2023-05-12T12:50:08","date_gmt":"2023-05-12T11:50:08","guid":{"rendered":"https:\/\/uat.achilles.com\/terms-of-use\/"},"modified":"2024-11-12T08:59:02","modified_gmt":"2024-11-12T08:59:02","slug":"condiciones-de-uso","status":"publish","type":"page","link":"https:\/\/www.achilles.com\/es\/terms-of-use\/","title":{"rendered":"Condiciones de uso"},"content":{"rendered":"    <div class=\"content_section page_default_text\">\r\n        <div class=\"container\">\r\n            <article class=\"article_wrap\">\r\n                <div class=\"article_main\">\r\n                    <div class=\"typical_text\">\r\n                        <h1>Condiciones de uso<\/h1>\n<p>Los siguientes son t\u00e9rminos de un acuerdo legal entre t\u00fa y Achilles. Al acceder, navegar y\/o utilizar las p\u00e1ginas accesibles al p\u00fablico de este sitio web, reconoces que has le\u00eddo, comprendido y aceptas quedar vinculado por estos t\u00e9rminos y cumplir todas las leyes y normativas aplicables, incluidas las leyes y normativas de control de exportaciones y reexportaciones (EE.UU.). Si no aceptas estos t\u00e9rminos, no utilices este sitio web. En estas condiciones, la expresi\u00f3n \u00absitio web\u00bb se refiere a las p\u00e1ginas web de acceso p\u00fablico publicadas por Achilles o sus filiales en achilles.com u otros dominios de Internet relacionados con Achilles, y no pretende incluir ning\u00fan servicio espec\u00edfico de suscripci\u00f3n de clientes o contenido relacionado, de pago o no, que sea accesible a los clientes de Achilles mediante una contrase\u00f1a \u00fanica o datos de acceso proporcionados por Achilles o sus filiales. Para evitar dudas, cualquiera de estos servicios de suscripci\u00f3n proporcionados por Achilles o sus filiales estar\u00e1 sujeto a acuerdos espec\u00edficos de cliente para dichos servicios, cuyos t\u00e9rminos prevalecer\u00e1n sobre los t\u00e9rminos de uso de este sitio web p\u00fablico. Este sitio web puede contener otros avisos de propiedad e informaci\u00f3n sobre derechos de autor, cuyos t\u00e9rminos deben ser observados y seguidos. La informaci\u00f3n de este sitio web puede contener imprecisiones t\u00e9cnicas o errores tipogr\u00e1ficos. La informaci\u00f3n puede modificarse o actualizarse sin previo aviso. Achilles tambi\u00e9n puede realizar mejoras y\/o cambios en los productos y\/o los programas descritos en esta informaci\u00f3n en cualquier momento y sin previo aviso. Achilles no asume responsabilidad alguna respecto a la exactitud de la informaci\u00f3n proporcionada por Achilles y el uso de dicha informaci\u00f3n corre por cuenta y riesgo del destinatario. Achilles no ofrece garant\u00edas de que los problemas comunicados puedan resolverse. Al proporcionar informaci\u00f3n, Achilles no concede ninguna licencia sobre derechos de autor, patentes o cualquier otro derecho de propiedad intelectual. Achilles no desea recibir de ti informaci\u00f3n confidencial o sujeta a derechos de propiedad a trav\u00e9s de nuestro sitio Web. Ten en cuenta que cualquier informaci\u00f3n o material enviado a Achilles se considerar\u00e1 NO confidencial. Al enviar a Achilles cualquier informaci\u00f3n o material, concedes a Achilles una licencia ilimitada e irrevocable para utilizar, reproducir, mostrar, ejecutar, modificar, transmitir y distribuir esos materiales o informaci\u00f3n, y tambi\u00e9n aceptas que Achilles es libre de utilizar cualquier idea, concepto, conocimiento o t\u00e9cnica que nos env\u00edes para cualquier fin. Sin embargo, no revelaremos tu nombre ni haremos p\u00fablico de ning\u00fan otro modo el hecho de que nos enviaste materiales u otra informaci\u00f3n a menos que: (a) obtengamos tu permiso para utilizar tu nombre; o (b) te notifiquemos primero que los materiales u otra informaci\u00f3n que env\u00edes a una parte concreta de este sitio se publicar\u00e1n o utilizar\u00e1n de alg\u00fan otro modo con tu nombre en ellos; o (c) estemos obligados a hacerlo por ley.<\/p>\n<h3>Disponibilidad mundial<\/h3>\n<p>La informaci\u00f3n que Achilles publica en la World Wide Web puede contener referencias o referencias cruzadas a productos, programas y servicios de Achilles que no est\u00e1n anunciados o disponibles en tu pa\u00eds. Tales referencias no implican que Achilles pretenda anunciar tales productos, programas o servicios en tu pa\u00eds. Consulta a tu contacto comercial local de Achilles para obtener informaci\u00f3n sobre los productos, programas y servicios que pueden estar disponibles para ti. Las obligaciones de Achilles con respecto a sus productos y servicios se rigen exclusivamente por los acuerdos en virtud de los cuales se proporcionan. Si obtienes un producto o servicio de Achilles fuera de este sitio web que se proporciona sin un acuerdo, ese producto o servicio se proporciona \u00abTAL CUAL\u00bb, sin garant\u00edas de ning\u00fan tipo, expresas o impl\u00edcitas, y el uso que hagas de ese producto o servicio ser\u00e1 por tu cuenta y riesgo.<\/p>\n<h3>Relaciones comerciales<\/h3>\n<p>Achilles no se hace responsable de ning\u00fan otro sitio web al que puedas acceder a trav\u00e9s de \u00e9ste. Cuando acceda a un sitio web que no sea de Achilles, incluso si contiene el logotipo de Achilles, comprenda que es independiente de Achilles y que Achilles no tiene control alguno sobre su contenido. Adem\u00e1s, un enlace a un sitio web que no sea de Achilles no significa que Achilles apruebe o acepte ninguna responsabilidad por el contenido, o el uso, de dicho sitio web. Depende de ti tomar precauciones para asegurarte de que lo que selecciones para tu uso est\u00e9 libre de elementos como virus, troyanos y otros elementos de naturaleza destructiva. En ning\u00fan caso Achilles ser\u00e1 responsable ante ninguna parte de ning\u00fan da\u00f1o directo, indirecto, especial o consecuente por el uso de este sitio web, o de cualquier otro sitio web hipervinculado, incluyendo, sin limitaci\u00f3n, cualquier p\u00e9rdida de beneficios, interrupci\u00f3n de negocio, p\u00e9rdida de programas u otros datos en tu sistema de tratamiento de la informaci\u00f3n o de otro tipo, incluso si se nos advierte expresamente de la posibilidad de tales da\u00f1os. Achilles proporciona toda la informaci\u00f3n \u00fanicamente \u00abTAL CUAL\u00bb. Achilles no ofrece representaciones ni garant\u00edas, expresas o impl\u00edcitas, incluidas las garant\u00edas impl\u00edcitas de idoneidad para un fin determinado, comerciabilidad y no infracci\u00f3n. Achilles puede revisar en cualquier momento estas condiciones actualizando este anuncio. Al utilizar este sitio web, aceptas quedar vinculado por dichas revisiones y, por tanto, debes visitar peri\u00f3dicamente esta p\u00e1gina para determinar los t\u00e9rminos actuales a los que est\u00e1s vinculado.<\/p>\n<h3>Enlaces a otros sitios web<\/h3>\n<p>Las p\u00e1ginas de Achilles pueden contener enlaces a otros sitios web. Achilles no es responsable de las pr\u00e1cticas de privacidad ni del contenido de esos otros sitios que no forman parte de Achilles.<\/p>\n \r\n                    <\/div>\r\n                <\/div>\r\n            <\/article>\r\n        <\/div>\r\n    <\/div>\r\n","protected":false},"excerpt":{"rendered":"","protected":false},"author":1,"featured_media":0,"parent":0,"menu_order":0,"comment_status":"closed","ping_status":"closed","template":"","meta":{"_acf_changed":true,"content-type":"","footnotes":""},"class_list":["post-177","page","type-page","status-publish","hentry"],"acf":[],"_links":{"self":[{"href":"https:\/\/www.achilles.com\/es\/wp-json\/wp\/v2\/pages\/177","targetHints":{"allow":["GET"]}}],"collection":[{"href":"https:\/\/www.achilles.com\/es\/wp-json\/wp\/v2\/pages"}],"about":[{"href":"https:\/\/www.achilles.com\/es\/wp-json\/wp\/v2\/types\/page"}],"author":[{"embeddable":true,"href":"https:\/\/www.achilles.com\/es\/wp-json\/wp\/v2\/users\/1"}],"replies":[{"embeddable":true,"href":"https:\/\/www.achilles.com\/es\/wp-json\/wp\/v2\/comments?post=177"}],"version-history":[{"count":0,"href":"https:\/\/www.achilles.com\/es\/wp-json\/wp\/v2\/pages\/177\/revisions"}],"wp:attachment":[{"href":"https:\/\/www.achilles.com\/es\/wp-json\/wp\/v2\/media?parent=177"}],"curies":[{"name":"wp","href":"https:\/\/api.w.org\/{rel}","templated":true}]}}