{"id":64307,"date":"2023-09-28T22:41:04","date_gmt":"2023-09-28T21:41:04","guid":{"rendered":"https:\/\/www.achilles.com\/energy-2\/"},"modified":"2026-02-04T11:57:08","modified_gmt":"2026-02-04T11:57:08","slug":"energy-2","status":"publish","type":"page","link":"https:\/\/www.achilles.com\/es-mx\/petrolera\/","title":{"rendered":"Oil and Gas"},"content":{"rendered":"    <div class=\"top_section\">\n        <div class=\"container\">\n            <div class=\"top_info\">\n                                    <h1 class=\"top_title\">Gesti\u00f3n integral de los riesgos de la cadena de suministro para el sector del petr\u00f3leo y el gas<\/h1>\n                                    <div class=\"top_text\">\n                        <p>El sector energ\u00e9tico mundial est\u00e1 cambiando, y los procesos de gesti\u00f3n de riesgos de tu cadena de suministro energ\u00e9tico son m\u00e1s importantes que nunca. Achilles est\u00e1 aqu\u00ed para ayudarte. Ofrecemos soluciones pr\u00e1cticas para los retos de la cadena de suministro a los que se enfrenta la industria del petr\u00f3leo, el gas y la petroqu\u00edmica, ayudando a garantizar el cumplimiento de las normas internacionales y locales e impulsando la eficiencia en tus procesos de aprovisionamiento.  <\/p>\n                    <\/div>\n                                    <div class=\"top_buttons\">\n                                                    <a class=\"btn btn_big\" href=\"#energyform\">Talk to us<\/a>\n                                                    <a class=\"btn btn_white btn_big\" href=\"#energyform\">Book a Consultation<\/a>\n                                            <\/div>\n                            <\/div>\n        <\/div>\n        <div class=\"top_media\">\n\t\t\t            <img decoding=\"async\" src=\"https:\/\/www.achilles.com\/app\/uploads\/2024\/07\/AdobeStock_256100574-web.jpeg\" alt=\"petrochemical plant at sunrise\">\n                    <\/div>\n    <\/div>\n\n\n            <div class=\"content_section\">\r\n            <div class=\"container\">\r\n                <div class=\"content_wrap\">\r\n                    <div class=\"content_info ogo2\">\r\n                                                <h2 class=\"title_section\">Lead the Way in Supply Chain Risk Management<\/h2>\r\n                                                <h5 class=\"title_small\">Achilles: Your Partner in Supply Chain Management<\/h5>\r\n                                                <div class=\"typical_text\">\r\n                            <p data-pm-slice=\"1 1 []\">In high-risk, global oil and gas environments, setting the highest standards in supply chain management is essential to meeting health and safety standards and maintaining leadership. With Achilles, your company can drive ethical, sustainable practices that enhance safety and enable you to establish your company as a benchmark for excellence.<\/p>\n                        <\/div>\r\n                                            <\/div>\r\n\t\t\t\t\t\t\t\t\t\t\r\n                                        <div class=\"content_media\">\r\n                        <img decoding=\"async\" src=\"https:\/\/www.achilles.com\/app\/uploads\/2024\/01\/oil-rig-in-sea.jpg\" alt=\"\">\r\n                    <\/div>\r\n                                    <\/div>\r\n            <\/div>\r\n        <\/div>\r\n    \n\n    <div class=\"content_section\">\r\n        <div class=\"container\">\r\n                        <div class=\"description_section big\">\r\n                                <h2 class=\"title_section\">El enfoque Aquiles<\/h2>\r\n                            <\/div>\r\n                                    <div class=\"features_wrap\">\r\n                                <div class=\"feature_item center\">\r\n                                        <div class=\"feature_item_icon\">\r\n                        <img decoding=\"async\" src=\"https:\/\/www.achilles.com\/app\/uploads\/2025\/02\/Supplier-search-icon.png\" alt=\"Stand out in a crowd supplier icon\">\r\n                    <\/div>\r\n                                        <h3 class=\"feature_item_name\">Dirige con confianza<\/h3>\r\n                                        <div class=\"typical_text middle_text\">\r\n                        <p>Use our global insights to guide your strategies, showing a commitment to doing business in the right way and meeting customer, investor and wider societal expectations.<\/p>\r\n                    <\/div>\r\n                                    <\/div>\r\n                                <div class=\"feature_item center\">\r\n                                        <div class=\"feature_item_icon\">\r\n                        <img decoding=\"async\" src=\"https:\/\/www.achilles.com\/app\/uploads\/2025\/02\/Search-Systems-online-information-icon.png\" alt=\"Information icon\">\r\n                    <\/div>\r\n                                        <h3 class=\"feature_item_name\">Informaci\u00f3n pr\u00e1ctica<\/h3>\r\n                                        <div class=\"typical_text middle_text\">\r\n                        <p>A deeper understanding of supply chain risk to helps you navigate challenges in safety, cyber security, finance, and ESG factors &#8211; protecting your interests and enabling comprehensive supply chain risk management.<\/p>\r\n                    <\/div>\r\n                                    <\/div>\r\n                                <div class=\"feature_item center\">\r\n                                        <div class=\"feature_item_icon\">\r\n                        <img decoding=\"async\" src=\"https:\/\/www.achilles.com\/app\/uploads\/2025\/02\/Insights-Data-icon.png\" alt=\"Insights Data icon\">\r\n                    <\/div>\r\n                                        <h3 class=\"feature_item_name\">A la medida de tus complejidades<\/h3>\r\n                                        <div class=\"typical_text middle_text\">\r\n                        <p>Solutions that meet your needs and keep you updated on industry changes and environmental and social trends. Prepare for global legislation, support the UN Global Compact and enhance operational resilience while improving standards.<\/p>\r\n                    <\/div>\r\n                                    <\/div>\r\n                            <\/div>\r\n                                <\/div>\r\n    <\/div>\r\n\n\n            <div class=\"content_section\">\r\n            <div class=\"container\">\r\n                <div class=\"content_wrap right\">\r\n                    <div class=\"content_info ogo2\">\r\n                                                <p class=\"title_category\">SUPPLY CHAIN LEADERSHIP<\/p>\r\n                                                <h2 class=\"title_section\">Enhance Your Competitive Position<\/h2>\r\n                                                <div class=\"typical_text\">\r\n                            <ul>\n<li><strong>Work with quality suppliers<\/strong>: Our network of vetted suppliers saves time and associates your brand with the highest standards.<\/li>\n<li><strong>Drive procurement efficiencies<\/strong>: Shorten procurement cycles, accelerate projects and demonstrate leadership in operational excellence.<\/li>\n<li><strong>Improved HSE management<\/strong>: Showcase your compliance with regulatory requirements and standards such as NORSOK S006 and IOGP.<\/li>\n<li><strong>Demonstrate decarbonisation<\/strong>: Credibly measure Scope 1, 2 and 3 emissions, work with Achilles experts to integrate green practices and show your commitment to a lower carbon future.<\/li>\n<li><strong>Informed decisions<\/strong>: Optimise supplier selection with comprehensive data, reduce risk and build operational resilience.<\/li>\n<li><strong>Build trust<\/strong>: In-depth analytics and reporting tools to help show your dedication to transparency and ethical practices.<\/li>\n<\/ul>\n                        <\/div>\r\n                                                <a class=\"btn btn_big\" href=\"#energyform\">Talk to us<\/a>\r\n                                            <\/div>\r\n\t\t\t\t\t\t\t\t\t\t\r\n                                        <div class=\"content_media\">\r\n                        <img decoding=\"async\" src=\"https:\/\/www.achilles.com\/app\/uploads\/2024\/02\/business-competitive-edge-scaled-e1706811286231.jpg\" alt=\"\">\r\n                    <\/div>\r\n                                    <\/div>\r\n            <\/div>\r\n        <\/div>\r\n    \n\n            <div class=\"content_section\">\r\n            <div class=\"container\">\r\n                <div class=\"content_wrap\">\r\n                    <div class=\"content_info ogo2\">\r\n                                                <p class=\"title_category\">IOGP ALIGNMENT<\/p>\r\n                                                <h2 class=\"title_page\">Comprehensive Contractor Management for High-Risk Compliance<\/h2>\r\n                                                <div class=\"typical_text\">\r\n                            <div class=\"flex-shrink-0 flex flex-col relative items-end\">\n<div>\n<div class=\"pt-0\">\n<div class=\"gizmo-bot-avatar flex h-8 w-8 items-center justify-center overflow-hidden rounded-full\">\n<div class=\"relative p-1 rounded-sm flex items-center justify-center bg-token-main-surface-primary text-token-text-primary h-8 w-8\">The Achilles IOGP Compliance module provides a comprehensive, risk-based solution for managing contractors in oil and gas facilities. Contractor self-assessment tools, \u00a0<a href=\"https:\/\/www.achilles.com\/supply-chain-due-diligence\/\">independent validation<\/a> of contractor data and <a href=\"https:\/\/www.achilles.com\/achilles-audits\/\">auditing<\/a> specifically designed for high-risk product categories, help ensure the highest HSE standards.<\/div>\n<div><\/div>\n<div class=\"relative p-1 rounded-sm flex items-center justify-center bg-token-main-surface-primary text-token-text-primary h-8 w-8\">In addition, IOGP-specific supplier scoring enables Oil and Gas companies to identify risks and improvement opportunities and benchmark suppliers\u2019 and contractors\u2019 against IOGP requirements.<\/div>\n<\/div>\n<\/div>\n<\/div>\n<\/div>\n                        <\/div>\r\n                                                <a class=\"btn btn_big\" href=\"https:\/\/www.achilles.com\/achilles-iogp-423-module-to-achieve-higher-hse-standards\/\">Learn more<\/a>\r\n                                            <\/div>\r\n\t\t\t\t\t\t\t\t\t\t\r\n                                        <div class=\"content_media\">\r\n                        <img decoding=\"async\" src=\"https:\/\/www.achilles.com\/app\/uploads\/2023\/12\/IOGP_RGB-cropped-1024x595-1.jpg\" alt=\"\">\r\n                    <\/div>\r\n                                    <\/div>\r\n            <\/div>\r\n        <\/div>\r\n    \n\n    <div class=\"content_section\">\r\n        <div class=\"container\">\r\n                        <div class=\"description_section\">\r\n                                <p class=\"title_category\">ACHILLES CUSTOMERS<\/p>\r\n                                <h2 class=\"title_section\">The world&#8217;s leading petrochemical companies choose Achilles<\/h2>\r\n                                <div class=\"typical_text middle_text\">\r\n                    <p>Achilles works with the world&#8217;s leading energy companies providing support across continents to reduce environmental impact, root out modern slavery, eradicate child labour, support continuous supply chain improvements and ensure supply chain due diligence reporting confidence.<\/p>\n                <\/div>\r\n                            <\/div>\r\n                        <div class=\"logos_wrap\">\r\n                                <div class=\"logo_item\">\r\n                    <img decoding=\"async\" src=\"https:\/\/www.achilles.com\/app\/uploads\/2023\/09\/Total.jpeg\" alt=\"\" width=\"150\">\r\n                <\/div>\r\n                                <div class=\"logo_item\">\r\n                    <img decoding=\"async\" src=\"https:\/\/www.achilles.com\/app\/uploads\/2023\/09\/Exxon.jpg\" alt=\"\" width=\"150\">\r\n                <\/div>\r\n                                <div class=\"logo_item\">\r\n                    <img decoding=\"async\" src=\"https:\/\/www.achilles.com\/app\/uploads\/2024\/04\/Petroperu-Achilles-Group_Client_LATAM.png\" alt=\"\" width=\"150\">\r\n                <\/div>\r\n                                <div class=\"logo_item\">\r\n                    <img decoding=\"async\" src=\"https:\/\/www.achilles.com\/app\/uploads\/2024\/06\/Logo-saudi-aramco-vector-PNG-1.png\" alt=\"Aramco logo with a green and blue mark. \" width=\"143\">\r\n                <\/div>\r\n                                <div class=\"logo_item\">\r\n                    <img decoding=\"async\" src=\"https:\/\/www.achilles.com\/app\/uploads\/2024\/04\/ENAP-CABECERA-scaled.jpg\" alt=\"This is the ENAP logo. It is a circle made up of dots that start in a pinky purple at the top of the circle and transition to blue on the left. The letters ENAP appear in dark grey to the right of the mark.\" width=\"150\">\r\n                <\/div>\r\n                                <div class=\"logo_item\">\r\n                    <img decoding=\"async\" src=\"https:\/\/www.achilles.com\/app\/uploads\/2023\/06\/Qater-Energy.jpg\" alt=\"\" width=\"150\">\r\n                <\/div>\r\n                                <div class=\"logo_item\">\r\n                    <img decoding=\"async\" src=\"https:\/\/www.achilles.com\/app\/uploads\/2024\/09\/BW-LPG-logo-300x126-2.png\" alt=\"\">\r\n                <\/div>\r\n                                <div class=\"logo_item\">\r\n                    <img decoding=\"async\" src=\"https:\/\/www.achilles.com\/app\/uploads\/2024\/03\/Tasnee-Logo-1170x185-1.jpg\" alt=\"Tanner logo - dark blue text with the second of tasnee in mid blue\">\r\n                <\/div>\r\n                            <\/div>\r\n                    <\/div>\r\n    <\/div>\r\n\n\n    <div class=\"content_section\">\r\n        <div class=\"container\">\r\n                        <div class=\"posts_panel\">\r\n                <div class=\"description_section\">\r\n                                        <p class=\"title_category\">Client stories<\/p>\r\n                     \r\n                    <h2 class=\"title_section\">Achilles clients are market-leaders at the forefront of supply chain risk management.<\/h2>\r\n                                    <\/div>\r\n                            <\/div>\r\n                                <\/div>\r\n    <\/div>\r\n\n\n    <div class=\"content_section\">\r\n        <div class=\"container\">\r\n                        <div class=\"description_section\">\r\n                                <p class=\"title_category\">ENERGY SUPPLY CHAIN SOLUTIONS<\/p>\r\n                                <h2 class=\"title_section\">Solutions for a safer, fairer energy industry<\/h2>\r\n                                <div class=\"typical_text\">\r\n                    <p>Achilles has many decades of experience working with the world\u2019s leading energy companies to address supply chain risks, support decarbonisation and deliver exceptional supply chain transparency.<\/p>\n                <\/div>\r\n                            <\/div>\r\n                        <div class=\"features_wrap features_four\">\r\n                                <div class=\"feature_item\">\r\n                                        <div class=\"feature_item_icon\">\r\n                        <img decoding=\"async\" src=\"https:\/\/www.achilles.com\/app\/uploads\/2025\/02\/Credentials-icon.png\" alt=\"Credentials Prequalify icon\">\r\n                    <\/div>\r\n                                        <h3 class=\"feature_item_name\">Prequalified Supplier Network<\/h3>\r\n                                        <div class=\"typical_text\">\r\n                        <p>Access a rigorously validated database of pre-qualified global energy industry suppliers meeting local and international ESG and procurement regulations.<\/p>\n                    <\/div>\r\n                                        <a target=\"_blank\" class=\"btn\" aria-label=\"Prequalified Supplier Network - M\u00e1s informaci\u00f3n\" href=\"\/prequalified-supplier-network\">M\u00e1s informaci\u00f3n<\/a>\r\n                                    <\/div>\r\n                                <div class=\"feature_item\">\r\n                                        <div class=\"feature_item_icon\">\r\n                        <img decoding=\"async\" src=\"https:\/\/www.achilles.com\/app\/uploads\/2025\/02\/Relationships-icon.png\" alt=\"Relationships icon\">\r\n                    <\/div>\r\n                                        <h3 class=\"feature_item_name\">Supplier Due Diligence<\/h3>\r\n                                        <div class=\"typical_text\">\r\n                        <p>Rigorous assessment and validation of your supply chain to ensure your suppliers meet your standards and ensure you are compliant with the regulations relevant to your operations.<\/p>\n                    <\/div>\r\n                                        <a class=\"btn\" aria-label=\"Supplier Due Diligence - M\u00e1s informaci\u00f3n\" href=\"\/supply-chain-due-diligence\">M\u00e1s informaci\u00f3n<\/a>\r\n                                    <\/div>\r\n                                <div class=\"feature_item\">\r\n                                        <div class=\"feature_item_icon\">\r\n                        <img decoding=\"async\" src=\"https:\/\/www.achilles.com\/app\/uploads\/2025\/02\/Score-Eco-icon.png\" alt=\"Manage scope 3 emissions icon\">\r\n                    <\/div>\r\n                                        <h3 class=\"feature_item_name\">Decarbonisation<\/h3>\r\n                                        <div class=\"typical_text\">\r\n                        <p>Effectively measure, manage and reduce end to end carbon emissions with the world\u2019s only ISO14064-1 Carbon Management Scheme.<\/p>\n                    <\/div>\r\n                                        <a class=\"btn\" aria-label=\"Decarbonisation - M\u00e1s informaci\u00f3n\" href=\"\/supply-chain-decarbonisation\/\">M\u00e1s informaci\u00f3n<\/a>\r\n                                    <\/div>\r\n                                <div class=\"feature_item\">\r\n                                        <div class=\"feature_item_icon\">\r\n                        <img decoding=\"async\" src=\"https:\/\/www.achilles.com\/app\/uploads\/2025\/02\/Certificate-icon.png\" alt=\"Certificate icon\">\r\n                    <\/div>\r\n                                        <h3 class=\"feature_item_name\">Statement of Assurance<\/h3>\r\n                                        <div class=\"typical_text\">\r\n                        <p>Clearly demonstrate your performance against ESG KPIs and Sustainability Performance Targets (SPTs) to lenders and other stakeholder groups.<\/p>\n                    <\/div>\r\n                                        <a class=\"btn\" aria-label=\"Statement of Assurance - M\u00e1s informaci\u00f3n\" href=\"\/statement-of-limited-assurance\/\">M\u00e1s informaci\u00f3n<\/a>\r\n                                    <\/div>\r\n                            <\/div>\r\n                    <\/div>\r\n    <\/div>\r\n\n\n            <div class=\"hero_section\">\r\n           <div class=\"hero_media\">\r\n                                <img decoding=\"async\" src=\"https:\/\/www.achilles.com\/app\/uploads\/2024\/01\/iStock-517340891-1-scaled.jpg\" alt=\"\">\r\n                            <\/div>\r\n            <div class=\"container\">\r\n                <div class=\"hero_wrapper\">\r\n                    <div class=\"hero_info\">\r\n                                                <h2 class=\"title_section\">Global Energy<\/h2>\r\n                                                <div class=\"typical_text middle_text\">\r\n                            <p>Benefit from our global and local knowledge, enhancing your reputation as a company that understands and leads. By joining our Global Energy Network you can achieve compliance, mitigate risk and play your part to making an ethical transition to a green energy future<\/p>\r\n                        <\/div>\r\n                                                <div class=\"content_buttons\">\r\n                                                        <a class=\"btn btn_big\" aria-label=\" - Learn more\" href=\"\/global-energy\">Learn more<\/a>\r\n                                                    <\/div>\r\n                                            <\/div>\r\n                <\/div>\r\n            <\/div>\r\n        <\/div>\r\n    \n\n    <div class=\"content_section\" id=\"energyform\">\r\n        <div class=\"container\">\r\n                        <div class=\"posts_panel\">\r\n                <div class=\"description_section\">\r\n                                        <p class=\"title_category\">Achilles Industry Insight<\/p>\r\n                     \r\n                    <h2 class=\"title_section\">Recommended for you<\/h2>\r\n                                    <\/div>\r\n                            <\/div>\r\n                                    <div class=\"posts_wrap\">\r\n                                <div class=\"post_item\">\r\n                    <div class=\"post_item_top\">\r\n                                                <a class=\"post_item_img\" href=\"https:\/\/www.achilles.com\/es-mx\/descomissionamento-offshore-tudo-que-voce-precisa-saber-sobre-compliance-e-sustentabilidade\/\">\r\n                            <img decoding=\"async\" src=\"https:\/\/www.achilles.com\/app\/uploads\/2025\/11\/Banner-Plataforma-de-Petroleo.jpg\" alt=\"Descomissionamento Offshore: Tudo que voc\u00ea precisa saber sobre compliance e sustentabilidade\">\r\n                        <\/a>\r\n                                                <ul class=\"post_item_categories\">\r\n                                                        <li>Informaci\u00f3n sectorial<\/li>\r\n                                                    <\/ul>\r\n                    <\/div>\r\n                    <a class=\"post_item_name\" href=\"https:\/\/www.achilles.com\/es-mx\/descomissionamento-offshore-tudo-que-voce-precisa-saber-sobre-compliance-e-sustentabilidade\/\">Descomissionamento Offshore: Tudo que voc\u00ea precisa saber sobre compliance e sustentabilidade<\/a>\r\n                <\/div>\r\n                                <div class=\"post_item\">\r\n                    <div class=\"post_item_top\">\r\n                                                <a class=\"post_item_img\" href=\"https:\/\/www.achilles.com\/es-mx\/industry-insights\/achilles-mexico-un-compromiso-con-la-excelencia-en-la-industria-petrolera\/\">\r\n                            <img decoding=\"async\" src=\"https:\/\/www.achilles.com\/app\/uploads\/2025\/03\/Image-23.jpg\" alt=\"Achilles M\u00e9xico: Un Compromiso con la Excelencia en la Industria Petrolera\">\r\n                        <\/a>\r\n                                                <ul class=\"post_item_categories\">\r\n                                                        <li>Article<\/li>\r\n                                                        <li>Informaci\u00f3n sectorial<\/li>\r\n                                                    <\/ul>\r\n                    <\/div>\r\n                    <a class=\"post_item_name\" href=\"https:\/\/www.achilles.com\/es-mx\/industry-insights\/achilles-mexico-un-compromiso-con-la-excelencia-en-la-industria-petrolera\/\">Achilles M\u00e9xico: Un Compromiso con la Excelencia en la Industria Petrolera<\/a>\r\n                <\/div>\r\n                                <div class=\"post_item\">\r\n                    <div class=\"post_item_top\">\r\n                                                <a class=\"post_item_img\" href=\"https:\/\/www.achilles.com\/es-mx\/industry-insights\/why-audits-matter-a-real-story-from-seafood-logistics\/\">\r\n                            <img decoding=\"async\" src=\"https:\/\/www.achilles.com\/app\/uploads\/2025\/03\/vidar-nordli-mathisen-641pLhGEEyg-unsplash.jpg\" alt=\"Por qu\u00e9 son importantes las auditor\u00edas: una historia real de la log\u00edstica de productos del mar\">\r\n                        <\/a>\r\n                                                <ul class=\"post_item_categories\">\r\n                                                        <li>Informaci\u00f3n sectorial<\/li>\r\n                                                    <\/ul>\r\n                    <\/div>\r\n                    <a class=\"post_item_name\" href=\"https:\/\/www.achilles.com\/es-mx\/industry-insights\/why-audits-matter-a-real-story-from-seafood-logistics\/\">Por qu\u00e9 son importantes las auditor\u00edas: una historia real de la log\u00edstica de productos del mar<\/a>\r\n                <\/div>\r\n                            <\/div>\r\n                    <\/div>\r\n    <\/div>\r\n\n\n    <div class=\"contact_main\">\r\n        <div class=\"contact_bg\">\r\n                        <img decoding=\"async\" src=\"https:\/\/www.achilles.com\/app\/uploads\/2023\/07\/Construction-site-black-overlay-scaled-1.jpg\" alt=\"\">\r\n                    <\/div>\r\n        <div class=\"container\">\r\n            <div class=\"contact_content\">\r\n                <div class=\"contact_wrapper\">\r\n                <div class=\"contact_content_description\">\r\n                                        <h1 class=\"title_page\">Talk to us<\/h1>\r\n                                        <h5 class=\"contact_content_subtitle\">Speak to one of our Oil and Gas sector experts<\/h5>\r\n                                    <\/div>\r\n                <\/div>\r\n                <div class=\"contact_reqiest\">\r\n                    <script charset=\"utf-8\" type=\"text\/javascript\" src=\"\/\/js.hsforms.net\/forms\/embed\/v2.js\"><\/script><script>hbspt.forms.create({\n    region: \"na1\",\n    portalId: \"5387762\",\n    formId: \"8d3b24f9-795a-4a94-bf77-4b234b2820de\"\n  });\n<\/script>                <\/div>\r\n            <\/div>\r\n        <\/div>\r\n    <\/div>\r\n\r\n","protected":false},"excerpt":{"rendered":"","protected":false},"author":2,"featured_media":0,"parent":0,"menu_order":0,"comment_status":"closed","ping_status":"closed","template":"","meta":{"_acf_changed":true,"content-type":"","footnotes":""},"class_list":["post-64307","page","type-page","status-publish","hentry"],"acf":[],"_links":{"self":[{"href":"https:\/\/www.achilles.com\/es-mx\/wp-json\/wp\/v2\/pages\/64307","targetHints":{"allow":["GET"]}}],"collection":[{"href":"https:\/\/www.achilles.com\/es-mx\/wp-json\/wp\/v2\/pages"}],"about":[{"href":"https:\/\/www.achilles.com\/es-mx\/wp-json\/wp\/v2\/types\/page"}],"author":[{"embeddable":true,"href":"https:\/\/www.achilles.com\/es-mx\/wp-json\/wp\/v2\/users\/2"}],"replies":[{"embeddable":true,"href":"https:\/\/www.achilles.com\/es-mx\/wp-json\/wp\/v2\/comments?post=64307"}],"version-history":[{"count":0,"href":"https:\/\/www.achilles.com\/es-mx\/wp-json\/wp\/v2\/pages\/64307\/revisions"}],"wp:attachment":[{"href":"https:\/\/www.achilles.com\/es-mx\/wp-json\/wp\/v2\/media?parent=64307"}],"curies":[{"name":"wp","href":"https:\/\/api.w.org\/{rel}","templated":true}]}}