{"id":64082,"date":"2025-01-31T10:14:30","date_gmt":"2025-01-31T10:14:30","guid":{"rendered":"https:\/\/www.achilles.com\/analysis-and-reporting\/"},"modified":"2025-03-04T00:18:35","modified_gmt":"2025-03-04T00:18:35","slug":"analysis-and-reporting","status":"publish","type":"page","link":"https:\/\/www.achilles.com\/en-in\/analysis-and-reporting\/","title":{"rendered":"Analysis and reporting"},"content":{"rendered":"    <div class=\"top_section\">\n        <div class=\"container\">\n            <div class=\"top_info half\">\n                                    <h1 class=\"top_title\">Simplified supply chain analysis and ESG reporting<\/h1>\n                                    <div class=\"top_text\">\n                        <p>Real-time supply chain insights to reduce risk, ensure compliance, and promote supplier sustainability performance.<\/p>\n                    <\/div>\n                                    <div class=\"top_buttons\">\n                                                    <a class=\"btn btn_big\" href=\"https:\/\/www.achilles.com\/contact-us\">Inizia oggi stesso<\/a>\n                                                    <a class=\"btn btn_white btn_big\" href=\"#book-a-demo\">Prenota una demo<\/a>\n                                            <\/div>\n                            <\/div>\n        <\/div>\n        <div class=\"top_media\">\n\t\t\t            <img decoding=\"async\" src=\"https:\/\/www.achilles.com\/app\/uploads\/2024\/12\/AC1519-Achilles-Scoring-charts-LAPTOP-V2.jpg\" alt=\"Analyt\">\n                    <\/div>\n    <\/div>\n            <div class=\"content_section\">\r\n            <div class=\"container\">\r\n                <div class=\"content_wrap\">\r\n                    <div class=\"content_info ogo2\">\r\n                                                <p class=\"title_category\">La piattaforma Achilles Analytics<\/p>\r\n                                                <h2 class=\"title_section\">Semplifica l&#8217;analisi e la reportistica<\/h2>\r\n                                                <div class=\"typical_text\">\r\n                            <p>Achilles Analytics streamlines reporting and analysis for procurement, compliance, and risk management teams. Get real-time insights into suppliers&#8217; performance and verify their compliance with key regulations. Filter suppliers by specific criteria and identify those with the best or worst performance using metrics such as Scope 1, Scope 2 and Scope 3 carbon emissions. Share accurate results with stakeholders to meet transparency requirements.   <\/p>\n                        <\/div>\r\n                                                <a class=\"btn btn_big\" href=\"#book-a-demo\">Book a demo<\/a>\r\n                                            <\/div>\r\n\t\t\t\t\t\t\t\t\t\t\r\n                                        <div class=\"content_media\">\r\n                        <img decoding=\"async\" src=\"https:\/\/www.achilles.com\/app\/uploads\/2024\/12\/Analytics-my-dashboard.jpg\" width=\"700\" alt=\"Analytics das\">\r\n                    <\/div>\r\n                                    <\/div>\r\n            <\/div>\r\n        <\/div>\r\n                <div class=\"hero_section\">\r\n           <div class=\"hero_media\">\r\n                                <img decoding=\"async\" src=\"https:\/\/www.achilles.com\/app\/uploads\/2024\/06\/AdobeStock_63859473-scaled-darker.jpeg\" alt=\"\">\r\n                            <\/div>\r\n            <div class=\"container\">\r\n                <div class=\"hero_wrapper\">\r\n                    <div class=\"hero_info\">\r\n                                                <h2 class=\"title_section\">Tom Jolly, head of governance and procurement capacity at FirstGroup.<\/h2>\r\n                                                <div class=\"typical_text middle_text\">\r\n                            <p>&#8220;By centrally collecting, maintaining and analyzing supplier data in a comprehensive qualification platform, we will gain a more holistic view of our supply chain risks. This will allow us to proactively focus our resources and work with our suppliers, as part of our procurement strategy, to develop a more sustainable supply chain and increase procurement agility across the Group.&#8221;  <\/p>\r\n                        <\/div>\r\n                                                <div class=\"content_buttons\">\r\n                                                        <a class=\"btn btn_big btn_white\" aria-label=\" - Case studies\" href=\"https:\/\/www.achilles.com\/industry-insights\/achilles-experiences-achilles-supports-firstgroup\/\">Case studies<\/a>\r\n                                                    <\/div>\r\n                                            <\/div>\r\n                <\/div>\r\n            <\/div>\r\n        <\/div>\r\n                <div class=\"content_section\">\r\n            <div class=\"container\">\r\n                <div class=\"content_wrap\">\r\n                    <div class=\"content_info ogo2\">\r\n                                                <h2 class=\"title_section\">Mantieni il controllo della tua catena di fornitura ogni giorno<\/h2>\r\n                                                <div class=\"typical_text\">\r\n                            <p>Get a clear and immediate overview of your supply chain performance. Track supplier performance using the Achilles Sustainability Score, find suppliers flagged on watchlists, and review recent audit results, all in one place. Stay informed and take action when it matters most.    <\/p>\n                        <\/div>\r\n                                                <a class=\"btn btn_big\" href=\"#book-a-demo\">Identify risks before they occur<\/a>\r\n                                            <\/div>\r\n\t\t\t\t\t                    <div class=\"content_media_video\">\r\n                        <video  autoplay muted playsinline loop>\r\n                                        <source src=\"https:\/\/www.achilles.com\/app\/uploads\/2025\/02\/Achilles-Analytics-dashboard.webm\" type=\"video\/mp4\">\r\n                                        \r\n                                    <\/video>\r\n                    <\/div>\r\n                    \t\t\t\t\t\r\n                                    <\/div>\r\n            <\/div>\r\n        <\/div>\r\n                <div class=\"content_section\">\r\n            <div class=\"container\">\r\n                <div class=\"content_wrap right\">\r\n                    <div class=\"content_info ogo2\">\r\n                                                <h2 class=\"title_section\">Gestisci i rischi legati alla localizzazione con sicurezza<\/h2>\r\n                                                <div class=\"typical_text\">\r\n                            <p>Anticipate the impact that political unrest, climate events, and regional disruptions could have on your supply chain. Gain insight into country-specific risks so you can address challenges before they escalate and keep your business resilient and secure.   <\/p>\n                        <\/div>\r\n                                                <a class=\"btn btn_big\" href=\"#book-a-demo\">Identify the risks associated with the position<\/a>\r\n                                            <\/div>\r\n\t\t\t\t\t                    <div class=\"content_media_video\">\r\n                        <video  autoplay muted playsinline loop>\r\n                                        <source src=\"https:\/\/www.achilles.com\/app\/uploads\/2025\/02\/Achilles-Analytics-maps.webm\" type=\"video\/mp4\">\r\n                                        \r\n                                    <\/video>\r\n                    <\/div>\r\n                    \t\t\t\t\t\r\n                                    <\/div>\r\n            <\/div>\r\n        <\/div>\r\n                <div class=\"content_section\">\r\n            <div class=\"container\">\r\n                <div class=\"content_wrap\">\r\n                    <div class=\"content_info ogo2\">\r\n                                                <h2 class=\"title_section\">Ottieni una visione pi\u00f9 chiara della tua catena di fornitura<\/h2>\r\n                                                <div class=\"typical_text\">\r\n                            <p>Get an overview of your supply chain&#8217;s sustainability performance. The ESG dashboard provides an overview of suppliers&#8217; overall sustainability performance, as well as detailed information on environmental, social, and governance metrics. Identify areas of strength, such as high social scores, and identify potential weaknesses, such as lower governance scores or specific risks.    <\/p>\n                        <\/div>\r\n                                                <a class=\"btn btn_big\" href=\"#book-a-demo\">Get a comprehensive overview of the sustainability of your supply chain<\/a>\r\n                                            <\/div>\r\n\t\t\t\t\t                    <div class=\"content_media_video\">\r\n                        <video  autoplay muted playsinline loop>\r\n                                        <source src=\"https:\/\/www.achilles.com\/app\/uploads\/2025\/02\/Achilles-Analytics-ESG-dashboard-1.webm\" type=\"video\/mp4\">\r\n                                        \r\n                                    <\/video>\r\n                    <\/div>\r\n                    \t\t\t\t\t\r\n                                    <\/div>\r\n            <\/div>\r\n        <\/div>\r\n                <div class=\"content_section\">\r\n            <div class=\"container\">\r\n                <div class=\"content_wrap right\">\r\n                    <div class=\"content_info ogo2\">\r\n                                                <h2 class=\"title_section\">Monitora le prestazioni dei fornitori<\/h2>\r\n                                                <div class=\"typical_text\">\r\n                            <p>Check the compliance status of your suppliers with customizable monitoring. You can quickly see which suppliers are flagged as green, amber or red for the issues you care about and track changes over time. Access individual supplier profiles to assess specific issues and use the dashboard to see how many suppliers do or do not meet your requirements. With the ability to create custom compliance scores, you&#8217;ll have a clear, personalized overview of your supply chain performance.     <\/p>\n                        <\/div>\r\n                                                <a class=\"btn btn_big\" href=\"#book-a-demo\">Get an overview of supplier compliance  <\/a>\r\n                                            <\/div>\r\n\t\t\t\t\t                    <div class=\"content_media_video\">\r\n                        <video  autoplay muted playsinline loop>\r\n                                        <source src=\"https:\/\/www.achilles.com\/app\/uploads\/2025\/02\/Achilles-Analytics-Compliance-dashboard-1.webm\" type=\"video\/mp4\">\r\n                                        \r\n                                    <\/video>\r\n                    <\/div>\r\n                    \t\t\t\t\t\r\n                                    <\/div>\r\n            <\/div>\r\n        <\/div>\r\n                <div class=\"content_section\">\r\n            <div class=\"container\">\r\n                <div class=\"content_wrap\">\r\n                    <div class=\"content_info ogo2\">\r\n                                                <h2 class=\"title_section\">Monitoraggio continuo in tempo reale<\/h2>\r\n                                                <div class=\"typical_text\">\r\n                            <p>The Achilles scorecard provides real-time updates and dynamically adjusts a provider&#8217;s score as new information is added or removed. Focusing on changes over the past 30 days, it highlights trends such as declines in governance scores due to the expiration of certifications, while other areas, such as social issues, remain strong. Users can explore individual profiles to track the evolution of scores, enabling them to make timely decisions and proactively manage risk.    <\/p>\n                        <\/div>\r\n                                                <a class=\"btn btn_big\" href=\"#book-a-demo\">Keep track of your suppliers&#8217; sustainability performance<\/a>\r\n                                            <\/div>\r\n\t\t\t\t\t                    <div class=\"content_media_video\">\r\n                        <video  autoplay muted playsinline loop>\r\n                                        <source src=\"https:\/\/www.achilles.com\/app\/uploads\/2025\/02\/Achilles-Analytics-Scoring-dashboard-1.webm\" type=\"video\/mp4\">\r\n                                        \r\n                                    <\/video>\r\n                    <\/div>\r\n                    \t\t\t\t\t\r\n                                    <\/div>\r\n            <\/div>\r\n        <\/div>\r\n                <div class=\"content_section\">\r\n            <div class=\"container\">\r\n                <div class=\"content_wrap right\">\r\n                    <div class=\"content_info ogo2\">\r\n                                                <h2 class=\"title_section\">Traccia le emissioni dei fornitori<\/h2>\r\n                                                <div class=\"typical_text\">\r\n                            <p>Easily identifies which suppliers proactively manage their carbon footprint &#8211; Scope 1, 2 and 3 emissions. Identify the leaders, laggards and those who emit the most. For suppliers who have not yet measured their carbon footprint, you can view data from the Achilles Carbon Calculator to support annual reporting and understand the impact of your supply chain.    <\/p>\n                        <\/div>\r\n                                                <a class=\"btn btn_big\" href=\"#book-a-demo\">Monitoring of emissions in Scopes 1, 2, 3<\/a>\r\n                                            <\/div>\r\n\t\t\t\t\t                    <div class=\"content_media_video\">\r\n                        <video  autoplay muted playsinline loop>\r\n                                        <source src=\"https:\/\/www.achilles.com\/app\/uploads\/2025\/02\/Achilles-Analytics-Carbon-dashboard-1.webm\" type=\"video\/mp4\">\r\n                                        \r\n                                    <\/video>\r\n                    <\/div>\r\n                    \t\t\t\t\t\r\n                                    <\/div>\r\n            <\/div>\r\n        <\/div>\r\n                <div class=\"content_section\">\r\n            <div class=\"container\">\r\n                <div class=\"content_wrap\">\r\n                    <div class=\"content_info ogo2\">\r\n                                                <h2 class=\"title_section\">Semplifica la reportistica di conformit\u00e0<\/h2>\r\n                                                <div class=\"typical_text\">\r\n                            <p>Make reporting season easier and more efficient with a dashboard customized to the broader regulatory and disclosure requirements you need, including Monies Act, BRSR Core, CSRD, CSDD, and LKSG. Achilles Analytics allows users to customize data visualizations in dashboards and generate detailed reports in line with global regulatory standards, all from a single source of validated supply chain data.   <\/p>\n                        <\/div>\r\n                                                <a class=\"btn btn_big\" href=\"#book-a-demo\">Meets global standards with ease<\/a>\r\n                                            <\/div>\r\n\t\t\t\t\t                    <div class=\"content_media_video\">\r\n                        <video  autoplay muted playsinline loop>\r\n                                        <source src=\"https:\/\/www.achilles.com\/app\/uploads\/2025\/02\/Achilles-Analytics-CSDDD-dashboard-1.webm\" type=\"video\/mp4\">\r\n                                        \r\n                                    <\/video>\r\n                    <\/div>\r\n                    \t\t\t\t\t\r\n                                    <\/div>\r\n            <\/div>\r\n        <\/div>\r\n        <div class=\"content_section\">\r\n        <div class=\"container\">\r\n                        <div class=\"description_section big\">\r\n                                <h2 class=\"title_section\">As we have seen in the press<\/h2>\r\n                                <div class=\"typical_text middle_text\">\r\n                    <p>Find out what industry leaders and global publications are saying about Achilles Analytics<\/p>\n                <\/div>\r\n                            <\/div>\r\n                                    <div class=\"features_wrap\">\r\n                                <div class=\"feature_item center\">\r\n                                        <div class=\"feature_item_icon\">\r\n                        <img decoding=\"async\" src=\"https:\/\/www.achilles.com\/app\/uploads\/2025\/02\/ESG-today1.jpg\" alt=\"\">\r\n                    <\/div>\r\n                                        <h3 class=\"feature_item_name\">&#8220;Achilles launches new solution for sustainability reporting in the supply chain&#8221;<\/h3>\r\n                                        <div class=\"typical_text middle_text\">\r\n                        <p>Achilles, a provider of supply chain risk and performance management solutions, has announced the launch of Achilles Analytics, a new tool that will enable organizations to meet the growing needs of supply chain sustainability reporting and compliance.<\/p>\r\n                    <\/div>\r\n                                        <a class=\"btn btn_big\" aria-label=\"\"Achilles launches new solution for sustainability reporting in the supply chain\" - Read more\" href=\"https:\/\/www.esgtoday.com\/achilles-launches-new-supply-chain-sustainability-reporting-solution\/\">Read more<\/a>\r\n                                    <\/div>\r\n                                <div class=\"feature_item center\">\r\n                                        <div class=\"feature_item_icon\">\r\n                        <img decoding=\"async\" src=\"https:\/\/www.achilles.com\/app\/uploads\/2025\/02\/ESG-news.png\" alt=\"\">\r\n                    <\/div>\r\n                                        <h3 class=\"feature_item_name\">&#8220;Achilles launches a tool for real-time supply chain sustainability monitoring and reporting&#8221;<\/h3>\r\n                                        <div class=\"typical_text middle_text\">\r\n                        <p>Achilles, a global leader in supply chain risk and performance management, has launched Achilles Analytics, an advanced web-based tool that enables companies to accurately monitor sustainability and compliance metrics.<\/p>\r\n                    <\/div>\r\n                                        <a class=\"btn btn_big\" aria-label=\"\"Achilles launches a tool for real-time supply chain sustainability monitoring and reporting\" - Read more\" href=\"https:\/\/esgnews.com\/achilles-launches-real-time-supply-chain-sustainability-tracking-and-reporting-tool\/\">Read more<\/a>\r\n                                    <\/div>\r\n                                <div class=\"feature_item center\">\r\n                                        <div class=\"feature_item_icon\">\r\n                        <img decoding=\"async\" src=\"https:\/\/www.achilles.com\/app\/uploads\/2025\/02\/Fintech.png\" alt=\"\">\r\n                    <\/div>\r\n                                        <h3 class=\"feature_item_name\">&#8220;Achilles launches analysis tool to improve sustainability reporting in the supply chain&#8221;<\/h3>\r\n                                        <div class=\"typical_text middle_text\">\r\n                        <p>The driving force behind the development of Achilles Analytics is the growing need for rigorous and transparent reporting mechanisms in line with global sustainability standards.<\/p>\r\n                    <\/div>\r\n                                        <a class=\"btn btn_big\" aria-label=\"\"Achilles launches analysis tool to improve sustainability reporting in the supply chain\" - Read more\" href=\"https:\/\/fintech.global\/2025\/02\/10\/achilles-unveils-analytics-tool-for-enhanced-supply-chain-sustainability-reporting\/\">Read more<\/a>\r\n                                    <\/div>\r\n                            <\/div>\r\n                                <\/div>\r\n    <\/div>\r\n    <div class=\"content_section bg_grey\">\n        <div class=\"container\">\n                        <div class=\"description_section full\">\n                                <p class=\"title_category\">Come Achilles Analytics pu\u00f2 supportare la tua azienda<\/p>\n                                                <h2 class=\"title_section\">Monitora in modo efficiente i rischi, le tendenze e la conformit\u00e0 dei fornitori garantendo trasparenza lungo l&#8217;intera catena del valore<\/h2>\n                                            <\/div>\n            \n                        <div class=\"packages_wrap\">\n                                <a class=\"package_box\">\n                                        <p class=\"package_box_name\">Anticipa i rischi dei fornitori per proteggere la tua azienda<\/p>\n                                                            <div class=\"typical_text\">\n                        <p>Evita interruzioni costose e danni reputazionali rilevando i rischi prima che si aggravino. Dall&#8217;instabilit\u00e0 finanziaria alle violazioni normative e alle problematiche di sostenibilit\u00e0, ottieni informazioni tempestive sulle potenziali minacce, cos\u00ec da poter agire in modo proattivo e mantenere resiliente la tua catena di fornitura.<\/p>\n                    <\/div>\n                                    <\/a>\n                                <a class=\"package_box\">\n                                        <p class=\"package_box_name\">Monitora le prestazioni di sostenibilit\u00e0 dei fornitori con sicurezza<\/p>\n                                                            <div class=\"typical_text\">\n                        <p>Assicurati che i tuoi fornitori rispettino gli impegni ESG grazie a una visione in tempo reale delle tendenze di sostenibilit\u00e0. Segui i progressi, confronta i dati con gli standard di settore e identifica le aree di miglioramento, per promuovere cambiamenti concreti e rafforzare la resilienza della tua catena di fornitura.<\/p>\n                    <\/div>\n                                    <\/a>\n                                <a class=\"package_box\">\n                                        <p class=\"package_box_name\">Colma le lacune nei dati dei fornitori per garantire la conformit\u00e0<\/p>\n                                                            <div class=\"typical_text\">\n                        <p>Evita rischi normativi e inefficienze anticipando certificazioni mancanti, registrazioni scadute e dichiarazioni ESG non verificate. Gli avvisi automatici su fallimenti di audit, copertura mediatica negativa o dati obsoleti ti aiutano a intervenire rapidamente e a mantenere la conformit\u00e0 con sicurezza.<\/p>\n                    <\/div>\n                                    <\/a>\n                                <a class=\"package_box\">\n                                        <p class=\"package_box_name\">Rimani conforme man mano che le normative evolvono<\/p>\n                                                            <div class=\"typical_text\">\n                        <p>Adattati facilmente ai requisiti normativi in continua evoluzione. Achilles Analytics ti aiuta a monitorare la conformit\u00e0 dei fornitori, ad adeguarti alle nuove normative e a ridurre i rischi normativi senza difficolt\u00e0.<\/p>\n                    <\/div>\n                                    <\/a>\n                                <a class=\"package_box\">\n                                        <p class=\"package_box_name\">Sfrutta insight basati sui dati per decisioni pi\u00f9 intelligenti<\/p>\n                                                            <div class=\"typical_text\">\n                        <p>Elimina il fastidio della raccolta manuale dei dati con report preconfigurati che coprono aree di rischio chiave come ESG, prestazioni finanziarie e conformit\u00e0. Esporta facilmente i dati in formato CSV\/XLS per un&#8217;analisi fluida e un&#8217;integrazione ottimale con altri set di dati, cos\u00ec da prendere decisioni strategiche informate con sicurezza.<\/p>\n                    <\/div>\n                                    <\/a>\n                                <a class=\"package_box\">\n                                        <p class=\"package_box_name\">Rafforza il coinvolgimento dei fornitori e la conformit\u00e0<\/p>\n                                                            <div class=\"typical_text\">\n                        <p>Migliora la comunicazione per evitare ritardi nelle qualificazioni, ridurre i rischi e garantire la conformit\u00e0. Identifica rapidamente i fornitori con informazioni scadute o incomplete per colmare le lacune e rispettare i requisiti critici.<\/p>\n                    <\/div>\n                                    <\/a>\n                            <\/div>\n            \n                    <\/div>\n    <\/div>\n    <div class=\"request_section\" id=\"request-a-demo\">\r\n        <div class=\"contact_bg\">\r\n                        <img decoding=\"async\" src=\"https:\/\/www.achilles.com\/app\/uploads\/2024\/07\/AI-map-image-resized.jpg\" alt=\"\">\r\n                    <\/div>\r\n        <div class=\"container\">\r\n            <div class=\"request_inner\">\r\n                                <div class=\"request_wrapper\">\r\n                <h2 class=\"title_section\">Request a demo<\/h2>\r\n                <\/div>\r\n                                <div class=\"request_box\">\r\n                                        <div class=\"typical_text\">\r\n                        <p>Scopri come Achilles Analytics semplifica la gestione dei fornitori, riduce i rischi e supporta decisioni pi\u00f9 intelligenti. Richiedi una demo oggi stesso.<\/p>\r\n                    <\/div>\r\n                    hbspt.forms.create({\n    region: &#8220;na1&#8221;,\n    portalId: &#8220;5387762&#8221;,\n    formId: &#8220;bb749c2b-a8a1-4010-b3d9-f44ce8642e3b&#8221;\n  });\n                <\/div>\r\n            <\/div>\r\n        <\/div>\r\n    <\/div>\r\n\r\n","protected":false},"excerpt":{"rendered":"","protected":false},"author":24,"featured_media":0,"parent":0,"menu_order":0,"comment_status":"closed","ping_status":"closed","template":"","meta":{"_acf_changed":false,"content-type":"","footnotes":""},"class_list":["post-64082","page","type-page","status-publish","hentry"],"acf":[],"_links":{"self":[{"href":"https:\/\/www.achilles.com\/en-in\/wp-json\/wp\/v2\/pages\/64082","targetHints":{"allow":["GET"]}}],"collection":[{"href":"https:\/\/www.achilles.com\/en-in\/wp-json\/wp\/v2\/pages"}],"about":[{"href":"https:\/\/www.achilles.com\/en-in\/wp-json\/wp\/v2\/types\/page"}],"author":[{"embeddable":true,"href":"https:\/\/www.achilles.com\/en-in\/wp-json\/wp\/v2\/users\/24"}],"replies":[{"embeddable":true,"href":"https:\/\/www.achilles.com\/en-in\/wp-json\/wp\/v2\/comments?post=64082"}],"version-history":[{"count":0,"href":"https:\/\/www.achilles.com\/en-in\/wp-json\/wp\/v2\/pages\/64082\/revisions"}],"wp:attachment":[{"href":"https:\/\/www.achilles.com\/en-in\/wp-json\/wp\/v2\/media?parent=64082"}],"curies":[{"name":"wp","href":"https:\/\/api.w.org\/{rel}","templated":true}]}}