{"id":2565,"date":"2023-05-14T15:56:19","date_gmt":"2023-05-14T12:56:19","guid":{"rendered":"https:\/\/uat.achilles.com\/product\/financial-risk\/"},"modified":"2023-08-06T23:41:33","modified_gmt":"2023-08-06T20:41:33","slug":"products-financial-risk","status":"publish","type":"product","link":"https:\/\/www.achilles.com\/de\/product\/finanzielle-risiken\/","title":{"rendered":"Finanzrisikomanagement in Lieferketten"},"content":{"rendered":"    <div class=\"top_section\">\n        <div class=\"container\">\n            <div class=\"top_info half\">\n                                    <h1 class=\"top_title\">Finanzrisikomanagement in Lieferketten<\/h1>\n                                    <div class=\"top_text\">\n                        <p>Der Erfolg Ihres Unternehmens h\u00e4ngt von der finanziellen Tragf\u00e4higkeit und Stabilit\u00e4t Ihrer Lieferanten ab. Deshalb ist eine vollst\u00e4ndige \u00dcbersicht \u00fcber das finanzielle Risiko der Lieferanten in Ihrer Lieferkette unerl\u00e4sslich.<\/p>\n                    <\/div>\n                            <\/div>\n        <\/div>\n        <div class=\"top_media\">\n\t\t\t            <img decoding=\"async\" src=\"https:\/\/www.achilles.com\/app\/uploads\/2023\/05\/top_financial.jpg\" alt=\"\">\n                    <\/div>\n    <\/div>\n\n\n    <div class=\"content_section\">\r\n        <div class=\"container\">\r\n            <div class=\"services_wrap\">\r\n                                <div class=\"services_left\">\r\n                                        <p class=\"title_category\">ERKENNTNISBASIERTES HANDELN<\/p>\r\n                                        <h2 class=\"title_section\">Betrachten Sie das finanzielle Risiko ohne Spekulationen<\/h2>\r\n                                        <a class=\"link\" href=\"https:\/\/uat.achilles.com\/#Back\">Back to all products<\/a>\r\n                                    <\/div>\r\n                                <div class=\"services_right\">\r\n                    <div class=\"typical_text\">\r\n                        <p>Wir geben Eink\u00e4ufern den n\u00f6tigen \u00dcberblick, um m\u00f6gliche Probleme zu erkennen, Notfallpl\u00e4ne zu entwickeln und sicherzustellen, dass es zu keinen kostspieligen Unterbrechungen kommt.<\/p>\n<p>Ein effektives Finanzrisikomanagement ist nur mit einer hohen Transparenz in der Lieferkette m\u00f6glich. Die Daten, die wir sammeln und verifizieren, verschaffen Ihnen ein vollst\u00e4ndiges Bild.<\/p>\n<p>Wir erheben die Finanzdaten Ihrer Lieferanten und machen sie f\u00fcr Sie von einer zentralen Stelle aus kontrollierbar. Unser Expertenteam \u00fcbernimmt die \u00dcberpr\u00fcfung f\u00fcr Sie, vereinfacht Ihr Finanzrisikomanagement und unterst\u00fctzt Sie beim Aufbau st\u00e4rkerer und effektiverer Lieferketten.<\/p>\n                    <\/div>\r\n                <\/div>\r\n                            <\/div>\r\n        <\/div>\r\n    <\/div>\r\n\n\n     <div class=\"stats_full\">\r\n        <div class=\"stats_bg\">\r\n                    <\/div>\r\n        <div class=\"container\">\r\n            <div class=\"stats_center\">\r\n                <div class=\"corner corner_top_left\"><\/div>\r\n                <div class=\"corner corner_top_right\"><\/div>\r\n                <div class=\"corner corner_bottom_left\"><\/div>\r\n                <div class=\"corner corner_bottom_right\"><\/div>\r\n                <div class=\"stats_center_item\">\r\n                                        <div class=\"stats_anim\">\r\n                        <div class=\"stats_center_number stats_anim_item\" data-total=\"62\">\r\n                            <span class=\"stats_anim_total\">0<\/span>%                        <\/div>\r\n                    <\/div>\r\n                                        <p class=\"stats_center_text large_text\">Unternehmen in Gro\u00dfbritannien wurden Opfer von gef\u00e4lschten Rechnungen<\/p>\r\n                                        <p class=\"stats_center_cop large_text\">Action Fraud \u2013 2018<\/p>\r\n                                    <\/div>\r\n            <\/div>\r\n        <\/div>\r\n    <\/div>\r\n\n\n    <div class=\"content_section\">\r\n        <div class=\"container\">\r\n            <div class=\"services_wrap\">\r\n                                <div class=\"services_left\">\r\n                                        <p class=\"title_category\">VORTEILE<\/p>\r\n                                        <h2 class=\"title_section\">Anhebung der Standards in Bezug auf das finanzielle Risiko<\/h2>\r\n                                        <div class=\"typical_text\">\r\n                        <p>Wir helfen Ihnen, sich ein besseres Bild von den finanziellen Risiken und der betrieblichen Kontinuit\u00e4t in Ihrer Lieferkette zu machen<\/p>\n                    <\/div>\r\n                                    <\/div>\r\n                            <\/div>\r\n        <\/div>\r\n    <\/div>\r\n\n\n            <div class=\"cta_section\">\r\n            <div class=\"cta_box_bg\">\r\n                                <img decoding=\"async\" src=\"https:\/\/www.achilles.com\/app\/uploads\/2023\/05\/cta_1.jpg\" alt=\"\">\r\n                            <\/div>\r\n                <div class=\"container\">\r\n                    <div class=\"cta_wrapper\">\r\n                        <div class=\"cta_info\">\r\n                                                        <h3 class=\"cta_box_name\">In Aktion sehen<\/h3>\r\n                                                        <a class=\"btn btn_big\" href=\"https:\/\/uat.achilles.com\/#3\">Eine Demo anfordern<\/a>\r\n                                                    <\/div>\r\n                <\/div>\r\n            <\/div>\r\n        <\/div>\r\n    \n\n    <div class=\"content_section\">\r\n        <div class=\"container\">\r\n                        <div class=\"tools_description\">\r\n                                <p class=\"title_category\">MERKMALE<\/p>\r\n                                <h2 class=\"title_section\">So funktioniert es<\/h2>\r\n                                <div class=\"typical_text\">\r\n                    <p>Vom Sourcing- und Auswahlprozess bis hin zu Ihren laufenden Gesch\u00e4ftsbeziehungen sind unsere Dienstleistungen darauf ausgerichtet, das mit Drittanbietern verbundene Risiko zu reduzieren und die Compliance zu verbessern \u2013 und das bei jedem Schritt.<\/p>\n                <\/div>\r\n                            <\/div>\r\n                    <\/div>\r\n    <\/div>\r\n\n\n    <div class=\"quote_section\">\r\n        <div class=\"quote_bg\">\r\n                        <img decoding=\"async\" src=\"https:\/\/www.achilles.com\/app\/uploads\/2023\/05\/quote_financial.jpg\" alt=\"\">\r\n                    <\/div>\r\n        <div class=\"container\">\r\n            <div class=\"quote_wrapper\">\r\n                <div class=\"quote_item\">\r\n                                        <div class=\"quote_item_text\">\r\n                        <p>Sind Ihre Lieferanten so gut vorbereitet, wie Sie es sich w\u00fcnschen? Unsere Audits sind ein wichtiges Instrument, das Ihnen und Ihren Lieferanten hilft zu verstehen, wo Sie m\u00f6glicherweise Risiken ausgesetzt sind.<\/p>\n                    <\/div>\r\n                                        <a href=\"https:\/\/uat.achilles.com\/#Read-more\" class=\"btn btn_big\">Mehr erfahren<\/a>\r\n                                    <\/div>\r\n            <\/div>\r\n        <\/div>\r\n    <\/div>\r\n\n\n    <div class=\"content_section bg_grey\">\n        <div class=\"container\">\n                        <div class=\"description_section full\">\n                                <p class=\"title_category\">PAKETE<\/p>\n                                                <h2 class=\"title_section\">W\u00e4hlen Sie das passende Paket<\/h2>\n                                            <\/div>\n            \n            \n                    <\/div>\n    <\/div>\n\n\n    <div class=\"request_section\">\r\n        <div class=\"contact_bg\">\r\n                        <img decoding=\"async\" src=\"https:\/\/www.achilles.com\/app\/uploads\/2023\/05\/contact_bg.jpg\" alt=\"\">\r\n                    <\/div>\r\n        <div class=\"container\">\r\n            <div class=\"request_inner\">\r\n                                <div class=\"request_wrapper\">\r\n                <h2 class=\"title_section\">Want to understand how we can help your business? <br>Request a call back from our team of experts<\/h2>\r\n                <\/div>\r\n                                <div class=\"request_box\">\r\n                                        <div class=\"typical_text\">\r\n                        <p>Fields marked with * are mandatory.<\/p>\r\n                    <\/div>\r\n                    <!--[if lte IE 8]>\r\n    <script charset=\"utf-8\" type=\"text\/javascript\" src=\"\/\/js.hsforms.net\/forms\/v2-legacy.js\"><\/script>\r\n    <![endif]-->\r\n    <script charset=\"utf-8\" type=\"text\/javascript\" src=\"\/\/js.hsforms.net\/forms\/v2.js\"><\/script>\r\n    <script>\r\n      hbspt.forms.create({\r\n        portalId: \"5387762\",\r\n        formId: \"a23cf73a-36bd-433c-a1d8-4acd8b05b928\"\r\n      })\r\n    <\/script>                <\/div>\r\n            <\/div>\r\n        <\/div>\r\n    <\/div>\r\n\r\n\n\n\r\n\r\n  <div class=\"resources_other content_section\">\r\n        <div class=\"container\">\r\n                        <h3 class=\"title_block\">Weil das finanzielle Risiko und betriebliche Kontinuit\u00e4t wichtige Themen f\u00fcr Sie sind:<\/h3>\r\n                        <div class=\"resources_wrap\">\r\n                                <a class=\"resource_item\" href=\"https:\/\/www.achilles.com\/de\/einblicke-branche\/psychischen-gesundheit-am-arbeitsplatz\/\">\r\n                                        <div class=\"resource_item_img\">\r\n                        <img decoding=\"async\" src=\"https:\/\/www.achilles.com\/app\/uploads\/2023\/07\/josh-olalde-X1P1_EDNnok-unsplash-scaled-1.jpg\" alt=\"Eine neue Perspektive f\u00fcr die Sicherheit: die wachsende Bedeutung der psychischen Gesundheit am Arbeitsplatz\">\r\n                    <\/div>\r\n                                        <div class=\"resource_item_info\">\r\n                        <div class=\"resource_item_description\">\r\n                            <p class=\"resource_item_name\">Eine neue Perspektive f\u00fcr die Sicherheit: die wachsende Bedeutung der psychischen Gesundheit am Arbeitsplatz<\/p>\r\n                            <div class=\"typical_text\">\r\n                                <p>Die Statistik der britischen Arbeitsschutzbeh\u00f6rde Health &amp; Safety Executive (HSE)\u2026<\/p>\r\n                            <\/div>\r\n                        <\/div>\r\n                                                <div class=\"resource_item_categories\">\r\n                                                        <div class=\"resource_category\">\r\n                                                                <span class=\"resource_category_name\"><\/span>\r\n                            <\/div>\r\n                                                        <div class=\"resource_category\">\r\n                                                                <span class=\"resource_category_name\"><\/span>\r\n                            <\/div>\r\n                                                    <\/div>\r\n                                            <\/div>\r\n                <\/a>\r\n                                <a class=\"resource_item\" href=\"https:\/\/www.achilles.com\/de\/einblicke-branche\/wind-europe-2026-madrid-staerkung-der-lieferantenbereitschaft\/\">\r\n                                        <div class=\"resource_item_img\">\r\n                        <img decoding=\"async\" src=\"https:\/\/www.achilles.com\/app\/uploads\/2023\/06\/renewable-energies.jpg\" alt=\"Wind Europe 2026 Madrid: St\u00e4rkung der Lieferantenbereitschaft\">\r\n                    <\/div>\r\n                                        <div class=\"resource_item_info\">\r\n                        <div class=\"resource_item_description\">\r\n                            <p class=\"resource_item_name\">Wind Europe 2026 Madrid: St\u00e4rkung der Lieferantenbereitschaft<\/p>\r\n                            <div class=\"typical_text\">\r\n                                <p>Der europ\u00e4ische Windsektor tritt in eine neue Wachstumsphase ein. Diese\u2026<\/p>\r\n                            <\/div>\r\n                        <\/div>\r\n                                                <div class=\"resource_item_categories\">\r\n                                                        <div class=\"resource_category\">\r\n                                                                <span class=\"resource_category_name\"><\/span>\r\n                            <\/div>\r\n                                                        <div class=\"resource_category\">\r\n                                                                <span class=\"resource_category_name\"><\/span>\r\n                            <\/div>\r\n                                                    <\/div>\r\n                                            <\/div>\r\n                <\/a>\r\n                            <\/div>\r\n        <\/div>\r\n    <\/div> \r\n","protected":false},"excerpt":{"rendered":"<p>We give you the oversight needed to spot potential issues, come up with contingency plans and ensure you never suffer any costly disruption.<\/p>\n","protected":false},"featured_media":0,"template":"","class_list":["post-2565","product","type-product","status-publish","hentry"],"acf":[],"_links":{"self":[{"href":"https:\/\/www.achilles.com\/de\/wp-json\/wp\/v2\/product\/2565","targetHints":{"allow":["GET"]}}],"collection":[{"href":"https:\/\/www.achilles.com\/de\/wp-json\/wp\/v2\/product"}],"about":[{"href":"https:\/\/www.achilles.com\/de\/wp-json\/wp\/v2\/types\/product"}],"wp:attachment":[{"href":"https:\/\/www.achilles.com\/de\/wp-json\/wp\/v2\/media?parent=2565"}],"curies":[{"name":"wp","href":"https:\/\/api.w.org\/{rel}","templated":true}]}}